{"id":15622,"date":"2022-10-19T08:13:33","date_gmt":"2022-10-19T08:13:33","guid":{"rendered":"https:\/\/www.radper.com\/produit\/capteurs-electromecaniques-de-fil-a-plomb-uwt-nivobob-nb-3200\/"},"modified":"2026-05-13T18:45:28","modified_gmt":"2026-05-13T18:45:28","slug":"capteurs-electromecaniques-fil-plomb-nivobob-nb-3200-uwt","status":"publish","type":"product","link":"https:\/\/www.radper.com\/en\/catalogs\/instrumentations-en\/level-measurement\/capteurs-electromecaniques-fil-plomb-nivobob-nb-3200-uwt\/","title":{"rendered":"Capteurs \u00e9lectrom\u00e9caniques de fil \u00e0 plomb UWT NivoBob  NB 3200 UWT"},"content":{"rendered":"<p>Le capteur \u00e9lectrom\u00e9canique de fil \u00e0 plomb NivoBob\u00ae NB 3200 est utilis\u00e9 pour la mesure continue du niveau dans les silos de stockage de diverses mati\u00e8res en vrac. Le principe de mesure \u00e9lectrom\u00e9canique simple fait du fil \u00e0 plomb un classique dans presque toutes les applications avec solides en vrac. En particulier, le NB 3200 fonctionne de mani\u00e8re fiable dans les atmosph\u00e8res poussi\u00e9reuses, avec des mati\u00e8res adh\u00e9rentes et des solides en vrac ayant une faible valeur DK (di\u00e9lectricit\u00e9).<\/p>\n","protected":false},"excerpt":{"rendered":"<p> NB 3200<\/p>\n","protected":false},"featured_media":15561,"template":"","meta":{"_acf_changed":false},"product_brand":[],"product_cat":[13452],"product_tag":[],"class_list":{"0":"post-15622","1":"product","2":"type-product","3":"status-publish","4":"has-post-thumbnail","6":"product_cat-level-measurement","7":"pa_marque-uwt","9":"first","10":"instock","11":"featured","12":"taxable","13":"shipping-taxable","14":"product-type-simple"},"acf":[],"yoast_head":"<!-- This site is optimized with the Yoast SEO plugin v26.2 - https:\/\/yoast.com\/wordpress\/plugins\/seo\/ -->\n<title>Capteurs \u00e9lectrom\u00e9caniques de fil \u00e0 plomb UWT NivoBob NB 3200 UWT - Radper<\/title>\n<meta name=\"robots\" content=\"index, follow, max-snippet:-1, max-image-preview:large, max-video-preview:-1\" \/>\n<link rel=\"canonical\" href=\"https:\/\/www.radper.com\/en\/catalogs\/instrumentations-en\/level-measurement\/capteurs-electromecaniques-fil-plomb-nivobob-nb-3200-uwt\/\" \/>\n<meta property=\"og:locale\" content=\"en_US\" \/>\n<meta property=\"og:type\" content=\"article\" \/>\n<meta property=\"og:title\" content=\"Capteurs \u00e9lectrom\u00e9caniques de fil \u00e0 plomb UWT NivoBob NB 3200 UWT - Radper\" \/>\n<meta property=\"og:description\" content=\"NB 3200\" \/>\n<meta property=\"og:url\" content=\"https:\/\/www.radper.com\/en\/catalogs\/instrumentations-en\/level-measurement\/capteurs-electromecaniques-fil-plomb-nivobob-nb-3200-uwt\/\" \/>\n<meta property=\"og:site_name\" content=\"Radper\" \/>\n<meta property=\"article:modified_time\" content=\"2026-05-13T18:45:28+00:00\" \/>\n<meta property=\"og:image\" content=\"https:\/\/www.radper.com\/wp-content\/uploads\/2022\/10\/nb3200-nivobob-electromechanical-lot-belt-flange-pvc-weight.jpg\" \/>\n\t<meta property=\"og:image:width\" content=\"600\" \/>\n\t<meta property=\"og:image:height\" content=\"600\" \/>\n\t<meta property=\"og:image:type\" content=\"image\/jpeg\" \/>\n<meta name=\"twitter:card\" content=\"summary_large_image\" \/>\n<script type=\"application\/ld+json\" class=\"yoast-schema-graph\">{\"@context\":\"https:\/\/schema.org\",\"@graph\":[{\"@type\":\"WebPage\",\"@id\":\"https:\/\/www.radper.com\/en\/catalogs\/instrumentations-en\/level-measurement\/capteurs-electromecaniques-fil-plomb-nivobob-nb-3200-uwt\/\",\"url\":\"https:\/\/www.radper.com\/en\/catalogs\/instrumentations-en\/level-measurement\/capteurs-electromecaniques-fil-plomb-nivobob-nb-3200-uwt\/\",\"name\":\"Capteurs \u00e9lectrom\u00e9caniques de fil \u00e0 plomb UWT NivoBob NB 3200 UWT - Radper\",\"isPartOf\":{\"@id\":\"https:\/\/www.radper.com\/en\/#website\"},\"primaryImageOfPage\":{\"@id\":\"https:\/\/www.radper.com\/en\/catalogs\/instrumentations-en\/level-measurement\/capteurs-electromecaniques-fil-plomb-nivobob-nb-3200-uwt\/#primaryimage\"},\"image\":{\"@id\":\"https:\/\/www.radper.com\/en\/catalogs\/instrumentations-en\/level-measurement\/capteurs-electromecaniques-fil-plomb-nivobob-nb-3200-uwt\/#primaryimage\"},\"thumbnailUrl\":\"https:\/\/www.radper.com\/wp-content\/uploads\/2022\/10\/nb3200-nivobob-electromechanical-lot-belt-flange-pvc-weight.jpg\",\"datePublished\":\"2022-10-19T08:13:33+00:00\",\"dateModified\":\"2026-05-13T18:45:28+00:00\",\"breadcrumb\":{\"@id\":\"https:\/\/www.radper.com\/en\/catalogs\/instrumentations-en\/level-measurement\/capteurs-electromecaniques-fil-plomb-nivobob-nb-3200-uwt\/#breadcrumb\"},\"inLanguage\":\"en-US\",\"potentialAction\":[{\"@type\":\"ReadAction\",\"target\":[\"https:\/\/www.radper.com\/en\/catalogs\/instrumentations-en\/level-measurement\/capteurs-electromecaniques-fil-plomb-nivobob-nb-3200-uwt\/\"]}]},{\"@type\":\"ImageObject\",\"inLanguage\":\"en-US\",\"@id\":\"https:\/\/www.radper.com\/en\/catalogs\/instrumentations-en\/level-measurement\/capteurs-electromecaniques-fil-plomb-nivobob-nb-3200-uwt\/#primaryimage\",\"url\":\"https:\/\/www.radper.com\/wp-content\/uploads\/2022\/10\/nb3200-nivobob-electromechanical-lot-belt-flange-pvc-weight.jpg\",\"contentUrl\":\"https:\/\/www.radper.com\/wp-content\/uploads\/2022\/10\/nb3200-nivobob-electromechanical-lot-belt-flange-pvc-weight.jpg\",\"width\":600,\"height\":600},{\"@type\":\"BreadcrumbList\",\"@id\":\"https:\/\/www.radper.com\/en\/catalogs\/instrumentations-en\/level-measurement\/capteurs-electromecaniques-fil-plomb-nivobob-nb-3200-uwt\/#breadcrumb\",\"itemListElement\":[{\"@type\":\"ListItem\",\"position\":1,\"name\":\"Accueil\",\"item\":\"https:\/\/www.radper.com\/en\/\"},{\"@type\":\"ListItem\",\"position\":2,\"name\":\"Catalog\",\"item\":\"https:\/\/www.radper.com\/en\/catalog\/\"},{\"@type\":\"ListItem\",\"position\":3,\"name\":\"Capteurs \u00e9lectrom\u00e9caniques de fil \u00e0 plomb UWT NivoBob NB 3200 UWT\"}]},{\"@type\":\"WebSite\",\"@id\":\"https:\/\/www.radper.com\/en\/#website\",\"url\":\"https:\/\/www.radper.com\/en\/\",\"name\":\"Radper\",\"description\":\"\",\"publisher\":{\"@id\":\"https:\/\/www.radper.com\/en\/#organization\"},\"potentialAction\":[{\"@type\":\"SearchAction\",\"target\":{\"@type\":\"EntryPoint\",\"urlTemplate\":\"https:\/\/www.radper.com\/en\/?s={search_term_string}\"},\"query-input\":{\"@type\":\"PropertyValueSpecification\",\"valueRequired\":true,\"valueName\":\"search_term_string\"}}],\"inLanguage\":\"en-US\"},{\"@type\":\"Organization\",\"@id\":\"https:\/\/www.radper.com\/en\/#organization\",\"name\":\"radper\",\"url\":\"https:\/\/www.radper.com\/en\/\",\"logo\":{\"@type\":\"ImageObject\",\"inLanguage\":\"en-US\",\"@id\":\"https:\/\/www.radper.com\/en\/#\/schema\/logo\/image\/\",\"url\":\"https:\/\/radper.com\/wp-content\/uploads\/2021\/04\/logo-wide-11.png\",\"contentUrl\":\"https:\/\/radper.com\/wp-content\/uploads\/2021\/04\/logo-wide-11.png\",\"width\":250,\"height\":110,\"caption\":\"radper\"},\"image\":{\"@id\":\"https:\/\/www.radper.com\/en\/#\/schema\/logo\/image\/\"}}]}<\/script>\n<!-- \/ Yoast SEO plugin. -->","yoast_head_json":{"title":"Capteurs \u00e9lectrom\u00e9caniques de fil \u00e0 plomb UWT NivoBob NB 3200 UWT - Radper","robots":{"index":"index","follow":"follow","max-snippet":"max-snippet:-1","max-image-preview":"max-image-preview:large","max-video-preview":"max-video-preview:-1"},"canonical":"https:\/\/www.radper.com\/en\/catalogs\/instrumentations-en\/level-measurement\/capteurs-electromecaniques-fil-plomb-nivobob-nb-3200-uwt\/","og_locale":"en_US","og_type":"article","og_title":"Capteurs \u00e9lectrom\u00e9caniques de fil \u00e0 plomb UWT NivoBob NB 3200 UWT - Radper","og_description":"NB 3200","og_url":"https:\/\/www.radper.com\/en\/catalogs\/instrumentations-en\/level-measurement\/capteurs-electromecaniques-fil-plomb-nivobob-nb-3200-uwt\/","og_site_name":"Radper","article_modified_time":"2026-05-13T18:45:28+00:00","og_image":[{"width":600,"height":600,"url":"https:\/\/www.radper.com\/wp-content\/uploads\/2022\/10\/nb3200-nivobob-electromechanical-lot-belt-flange-pvc-weight.jpg","type":"image\/jpeg"}],"twitter_card":"summary_large_image","schema":{"@context":"https:\/\/schema.org","@graph":[{"@type":"WebPage","@id":"https:\/\/www.radper.com\/en\/catalogs\/instrumentations-en\/level-measurement\/capteurs-electromecaniques-fil-plomb-nivobob-nb-3200-uwt\/","url":"https:\/\/www.radper.com\/en\/catalogs\/instrumentations-en\/level-measurement\/capteurs-electromecaniques-fil-plomb-nivobob-nb-3200-uwt\/","name":"Capteurs \u00e9lectrom\u00e9caniques de fil \u00e0 plomb UWT NivoBob NB 3200 UWT - Radper","isPartOf":{"@id":"https:\/\/www.radper.com\/en\/#website"},"primaryImageOfPage":{"@id":"https:\/\/www.radper.com\/en\/catalogs\/instrumentations-en\/level-measurement\/capteurs-electromecaniques-fil-plomb-nivobob-nb-3200-uwt\/#primaryimage"},"image":{"@id":"https:\/\/www.radper.com\/en\/catalogs\/instrumentations-en\/level-measurement\/capteurs-electromecaniques-fil-plomb-nivobob-nb-3200-uwt\/#primaryimage"},"thumbnailUrl":"https:\/\/www.radper.com\/wp-content\/uploads\/2022\/10\/nb3200-nivobob-electromechanical-lot-belt-flange-pvc-weight.jpg","datePublished":"2022-10-19T08:13:33+00:00","dateModified":"2026-05-13T18:45:28+00:00","breadcrumb":{"@id":"https:\/\/www.radper.com\/en\/catalogs\/instrumentations-en\/level-measurement\/capteurs-electromecaniques-fil-plomb-nivobob-nb-3200-uwt\/#breadcrumb"},"inLanguage":"en-US","potentialAction":[{"@type":"ReadAction","target":["https:\/\/www.radper.com\/en\/catalogs\/instrumentations-en\/level-measurement\/capteurs-electromecaniques-fil-plomb-nivobob-nb-3200-uwt\/"]}]},{"@type":"ImageObject","inLanguage":"en-US","@id":"https:\/\/www.radper.com\/en\/catalogs\/instrumentations-en\/level-measurement\/capteurs-electromecaniques-fil-plomb-nivobob-nb-3200-uwt\/#primaryimage","url":"https:\/\/www.radper.com\/wp-content\/uploads\/2022\/10\/nb3200-nivobob-electromechanical-lot-belt-flange-pvc-weight.jpg","contentUrl":"https:\/\/www.radper.com\/wp-content\/uploads\/2022\/10\/nb3200-nivobob-electromechanical-lot-belt-flange-pvc-weight.jpg","width":600,"height":600},{"@type":"BreadcrumbList","@id":"https:\/\/www.radper.com\/en\/catalogs\/instrumentations-en\/level-measurement\/capteurs-electromecaniques-fil-plomb-nivobob-nb-3200-uwt\/#breadcrumb","itemListElement":[{"@type":"ListItem","position":1,"name":"Accueil","item":"https:\/\/www.radper.com\/en\/"},{"@type":"ListItem","position":2,"name":"Catalog","item":"https:\/\/www.radper.com\/en\/catalog\/"},{"@type":"ListItem","position":3,"name":"Capteurs \u00e9lectrom\u00e9caniques de fil \u00e0 plomb UWT NivoBob NB 3200 UWT"}]},{"@type":"WebSite","@id":"https:\/\/www.radper.com\/en\/#website","url":"https:\/\/www.radper.com\/en\/","name":"Radper","description":"","publisher":{"@id":"https:\/\/www.radper.com\/en\/#organization"},"potentialAction":[{"@type":"SearchAction","target":{"@type":"EntryPoint","urlTemplate":"https:\/\/www.radper.com\/en\/?s={search_term_string}"},"query-input":{"@type":"PropertyValueSpecification","valueRequired":true,"valueName":"search_term_string"}}],"inLanguage":"en-US"},{"@type":"Organization","@id":"https:\/\/www.radper.com\/en\/#organization","name":"radper","url":"https:\/\/www.radper.com\/en\/","logo":{"@type":"ImageObject","inLanguage":"en-US","@id":"https:\/\/www.radper.com\/en\/#\/schema\/logo\/image\/","url":"https:\/\/radper.com\/wp-content\/uploads\/2021\/04\/logo-wide-11.png","contentUrl":"https:\/\/radper.com\/wp-content\/uploads\/2021\/04\/logo-wide-11.png","width":250,"height":110,"caption":"radper"},"image":{"@id":"https:\/\/www.radper.com\/en\/#\/schema\/logo\/image\/"}}]}},"_links":{"self":[{"href":"https:\/\/www.radper.com\/en\/wp-json\/wp\/v2\/product\/15622","targetHints":{"allow":["GET"]}}],"collection":[{"href":"https:\/\/www.radper.com\/en\/wp-json\/wp\/v2\/product"}],"about":[{"href":"https:\/\/www.radper.com\/en\/wp-json\/wp\/v2\/types\/product"}],"wp:featuredmedia":[{"embeddable":true,"href":"https:\/\/www.radper.com\/en\/wp-json\/wp\/v2\/media\/15561"}],"wp:attachment":[{"href":"https:\/\/www.radper.com\/en\/wp-json\/wp\/v2\/media?parent=15622"}],"wp:term":[{"taxonomy":"product_brand","embeddable":true,"href":"https:\/\/www.radper.com\/en\/wp-json\/wp\/v2\/product_brand?post=15622"},{"taxonomy":"product_cat","embeddable":true,"href":"https:\/\/www.radper.com\/en\/wp-json\/wp\/v2\/product_cat?post=15622"},{"taxonomy":"product_tag","embeddable":true,"href":"https:\/\/www.radper.com\/en\/wp-json\/wp\/v2\/product_tag?post=15622"}],"curies":[{"name":"wp","href":"https:\/\/api.w.org\/{rel}","templated":true}]}}