{"id":15754,"date":"2022-10-31T14:15:24","date_gmt":"2022-10-31T14:15:24","guid":{"rendered":"https:\/\/www.radper.com\/produit\/amplificateur-de-commutateur-conducteur-kfa6-er-ex1-w-lb\/"},"modified":"2026-04-17T14:16:07","modified_gmt":"2026-04-17T14:16:07","slug":"amplificateur-de-commutateur-conducteur-kfa6-er-ex1-w-lb","status":"publish","type":"product","link":"https:\/\/www.radper.com\/en\/catalogs\/materiel-electrique\/isolateurs-galvaniques-de-securite-intrinseque-systeme-k\/amplificateur-de-commutateur-conducteur-kfa6-er-ex1-w-lb\/","title":{"rendered":"Amplificateur de commutateur conducteur KFA6-ER-Ex1.W.LB"},"content":{"rendered":"<p>Barri\u00e8re isol\u00e9e 1 voie, Alimentation 230 V CA, Entr\u00e9e de d\u00e9tection de niveau, Plage r\u00e9glable 1 k\u03a9 &#8230; 150 k\u03a9, Sortie relais, Sortie d\u00e9faut sur relais, Temporisation r\u00e9glable jusqu&#8217;\u00e0 10 s, Commande min.\/max., Surveillance de d\u00e9faut de ligne, Largeur du bo\u00eetier: 20 mm, Nombre de voies: version \u00e0 1 voie, Mesure de conductivit\u00e9, Contr\u00f4le min.\/max., Temporisation, Tension assign\u00e9e: 207 &#8230; 253 V C.A., 45 &#8230; 65 Hz, Signal: R\u00e9sistance, Surveillance de d\u00e9faut de lignepa<\/p>\n","protected":false},"excerpt":{"rendered":"<p>KFA6-ER-Ex1.W.LB<\/p>\n","protected":false},"featured_media":15734,"template":"","meta":{"_acf_changed":false},"product_brand":[],"product_cat":[1524],"product_tag":[],"class_list":{"0":"post-15754","1":"product","2":"type-product","3":"status-publish","4":"has-post-thumbnail","6":"product_cat-isolateurs-galvaniques-de-securite-intrinseque-systeme-k","8":"first","9":"instock","10":"featured","11":"taxable","12":"shipping-taxable","13":"product-type-simple"},"acf":[],"yoast_head":"<!-- This site is optimized with the Yoast SEO plugin v26.2 - https:\/\/yoast.com\/wordpress\/plugins\/seo\/ -->\n<title>Amplificateur de commutateur conducteur KFA6-ER-Ex1.W.LB - Radper<\/title>\n<meta name=\"robots\" content=\"index, follow, max-snippet:-1, max-image-preview:large, max-video-preview:-1\" \/>\n<link rel=\"canonical\" href=\"https:\/\/www.radper.com\/en\/catalogs\/materiel-electrique\/isolateurs-galvaniques-de-securite-intrinseque-systeme-k\/amplificateur-de-commutateur-conducteur-kfa6-er-ex1-w-lb\/\" \/>\n<meta property=\"og:locale\" content=\"en_US\" \/>\n<meta property=\"og:type\" content=\"article\" \/>\n<meta property=\"og:title\" content=\"Amplificateur de commutateur conducteur KFA6-ER-Ex1.W.LB - Radper\" \/>\n<meta property=\"og:description\" content=\"KFA6-ER-Ex1.W.LB\" \/>\n<meta property=\"og:url\" content=\"https:\/\/www.radper.com\/en\/catalogs\/materiel-electrique\/isolateurs-galvaniques-de-securite-intrinseque-systeme-k\/amplificateur-de-commutateur-conducteur-kfa6-er-ex1-w-lb\/\" \/>\n<meta property=\"og:site_name\" content=\"Radper\" \/>\n<meta property=\"article:modified_time\" content=\"2026-04-17T14:16:07+00:00\" \/>\n<meta property=\"og:image\" content=\"https:\/\/www.radper.com\/wp-content\/uploads\/2022\/10\/b230230b.png\" \/>\n\t<meta property=\"og:image:width\" content=\"545\" \/>\n\t<meta property=\"og:image:height\" content=\"600\" \/>\n\t<meta property=\"og:image:type\" content=\"image\/png\" \/>\n<meta name=\"twitter:card\" content=\"summary_large_image\" \/>\n<script type=\"application\/ld+json\" class=\"yoast-schema-graph\">{\"@context\":\"https:\/\/schema.org\",\"@graph\":[{\"@type\":\"WebPage\",\"@id\":\"https:\/\/www.radper.com\/en\/catalogs\/materiel-electrique\/isolateurs-galvaniques-de-securite-intrinseque-systeme-k\/amplificateur-de-commutateur-conducteur-kfa6-er-ex1-w-lb\/\",\"url\":\"https:\/\/www.radper.com\/en\/catalogs\/materiel-electrique\/isolateurs-galvaniques-de-securite-intrinseque-systeme-k\/amplificateur-de-commutateur-conducteur-kfa6-er-ex1-w-lb\/\",\"name\":\"Amplificateur de commutateur conducteur KFA6-ER-Ex1.W.LB - Radper\",\"isPartOf\":{\"@id\":\"https:\/\/www.radper.com\/en\/#website\"},\"primaryImageOfPage\":{\"@id\":\"https:\/\/www.radper.com\/en\/catalogs\/materiel-electrique\/isolateurs-galvaniques-de-securite-intrinseque-systeme-k\/amplificateur-de-commutateur-conducteur-kfa6-er-ex1-w-lb\/#primaryimage\"},\"image\":{\"@id\":\"https:\/\/www.radper.com\/en\/catalogs\/materiel-electrique\/isolateurs-galvaniques-de-securite-intrinseque-systeme-k\/amplificateur-de-commutateur-conducteur-kfa6-er-ex1-w-lb\/#primaryimage\"},\"thumbnailUrl\":\"https:\/\/www.radper.com\/wp-content\/uploads\/2022\/10\/b230230b.png\",\"datePublished\":\"2022-10-31T14:15:24+00:00\",\"dateModified\":\"2026-04-17T14:16:07+00:00\",\"breadcrumb\":{\"@id\":\"https:\/\/www.radper.com\/en\/catalogs\/materiel-electrique\/isolateurs-galvaniques-de-securite-intrinseque-systeme-k\/amplificateur-de-commutateur-conducteur-kfa6-er-ex1-w-lb\/#breadcrumb\"},\"inLanguage\":\"en-US\",\"potentialAction\":[{\"@type\":\"ReadAction\",\"target\":[\"https:\/\/www.radper.com\/en\/catalogs\/materiel-electrique\/isolateurs-galvaniques-de-securite-intrinseque-systeme-k\/amplificateur-de-commutateur-conducteur-kfa6-er-ex1-w-lb\/\"]}]},{\"@type\":\"ImageObject\",\"inLanguage\":\"en-US\",\"@id\":\"https:\/\/www.radper.com\/en\/catalogs\/materiel-electrique\/isolateurs-galvaniques-de-securite-intrinseque-systeme-k\/amplificateur-de-commutateur-conducteur-kfa6-er-ex1-w-lb\/#primaryimage\",\"url\":\"https:\/\/www.radper.com\/wp-content\/uploads\/2022\/10\/b230230b.png\",\"contentUrl\":\"https:\/\/www.radper.com\/wp-content\/uploads\/2022\/10\/b230230b.png\",\"width\":545,\"height\":600},{\"@type\":\"BreadcrumbList\",\"@id\":\"https:\/\/www.radper.com\/en\/catalogs\/materiel-electrique\/isolateurs-galvaniques-de-securite-intrinseque-systeme-k\/amplificateur-de-commutateur-conducteur-kfa6-er-ex1-w-lb\/#breadcrumb\",\"itemListElement\":[{\"@type\":\"ListItem\",\"position\":1,\"name\":\"Accueil\",\"item\":\"https:\/\/www.radper.com\/en\/\"},{\"@type\":\"ListItem\",\"position\":2,\"name\":\"Catalog\",\"item\":\"https:\/\/www.radper.com\/en\/catalog\/\"},{\"@type\":\"ListItem\",\"position\":3,\"name\":\"Amplificateur de commutateur conducteur KFA6-ER-Ex1.W.LB\"}]},{\"@type\":\"WebSite\",\"@id\":\"https:\/\/www.radper.com\/en\/#website\",\"url\":\"https:\/\/www.radper.com\/en\/\",\"name\":\"Radper\",\"description\":\"\",\"publisher\":{\"@id\":\"https:\/\/www.radper.com\/en\/#organization\"},\"potentialAction\":[{\"@type\":\"SearchAction\",\"target\":{\"@type\":\"EntryPoint\",\"urlTemplate\":\"https:\/\/www.radper.com\/en\/?s={search_term_string}\"},\"query-input\":{\"@type\":\"PropertyValueSpecification\",\"valueRequired\":true,\"valueName\":\"search_term_string\"}}],\"inLanguage\":\"en-US\"},{\"@type\":\"Organization\",\"@id\":\"https:\/\/www.radper.com\/en\/#organization\",\"name\":\"radper\",\"url\":\"https:\/\/www.radper.com\/en\/\",\"logo\":{\"@type\":\"ImageObject\",\"inLanguage\":\"en-US\",\"@id\":\"https:\/\/www.radper.com\/en\/#\/schema\/logo\/image\/\",\"url\":\"https:\/\/radper.com\/wp-content\/uploads\/2021\/04\/logo-wide-11.png\",\"contentUrl\":\"https:\/\/radper.com\/wp-content\/uploads\/2021\/04\/logo-wide-11.png\",\"width\":250,\"height\":110,\"caption\":\"radper\"},\"image\":{\"@id\":\"https:\/\/www.radper.com\/en\/#\/schema\/logo\/image\/\"}}]}<\/script>\n<!-- \/ Yoast SEO plugin. -->","yoast_head_json":{"title":"Amplificateur de commutateur conducteur KFA6-ER-Ex1.W.LB - Radper","robots":{"index":"index","follow":"follow","max-snippet":"max-snippet:-1","max-image-preview":"max-image-preview:large","max-video-preview":"max-video-preview:-1"},"canonical":"https:\/\/www.radper.com\/en\/catalogs\/materiel-electrique\/isolateurs-galvaniques-de-securite-intrinseque-systeme-k\/amplificateur-de-commutateur-conducteur-kfa6-er-ex1-w-lb\/","og_locale":"en_US","og_type":"article","og_title":"Amplificateur de commutateur conducteur KFA6-ER-Ex1.W.LB - Radper","og_description":"KFA6-ER-Ex1.W.LB","og_url":"https:\/\/www.radper.com\/en\/catalogs\/materiel-electrique\/isolateurs-galvaniques-de-securite-intrinseque-systeme-k\/amplificateur-de-commutateur-conducteur-kfa6-er-ex1-w-lb\/","og_site_name":"Radper","article_modified_time":"2026-04-17T14:16:07+00:00","og_image":[{"width":545,"height":600,"url":"https:\/\/www.radper.com\/wp-content\/uploads\/2022\/10\/b230230b.png","type":"image\/png"}],"twitter_card":"summary_large_image","schema":{"@context":"https:\/\/schema.org","@graph":[{"@type":"WebPage","@id":"https:\/\/www.radper.com\/en\/catalogs\/materiel-electrique\/isolateurs-galvaniques-de-securite-intrinseque-systeme-k\/amplificateur-de-commutateur-conducteur-kfa6-er-ex1-w-lb\/","url":"https:\/\/www.radper.com\/en\/catalogs\/materiel-electrique\/isolateurs-galvaniques-de-securite-intrinseque-systeme-k\/amplificateur-de-commutateur-conducteur-kfa6-er-ex1-w-lb\/","name":"Amplificateur de commutateur conducteur KFA6-ER-Ex1.W.LB - Radper","isPartOf":{"@id":"https:\/\/www.radper.com\/en\/#website"},"primaryImageOfPage":{"@id":"https:\/\/www.radper.com\/en\/catalogs\/materiel-electrique\/isolateurs-galvaniques-de-securite-intrinseque-systeme-k\/amplificateur-de-commutateur-conducteur-kfa6-er-ex1-w-lb\/#primaryimage"},"image":{"@id":"https:\/\/www.radper.com\/en\/catalogs\/materiel-electrique\/isolateurs-galvaniques-de-securite-intrinseque-systeme-k\/amplificateur-de-commutateur-conducteur-kfa6-er-ex1-w-lb\/#primaryimage"},"thumbnailUrl":"https:\/\/www.radper.com\/wp-content\/uploads\/2022\/10\/b230230b.png","datePublished":"2022-10-31T14:15:24+00:00","dateModified":"2026-04-17T14:16:07+00:00","breadcrumb":{"@id":"https:\/\/www.radper.com\/en\/catalogs\/materiel-electrique\/isolateurs-galvaniques-de-securite-intrinseque-systeme-k\/amplificateur-de-commutateur-conducteur-kfa6-er-ex1-w-lb\/#breadcrumb"},"inLanguage":"en-US","potentialAction":[{"@type":"ReadAction","target":["https:\/\/www.radper.com\/en\/catalogs\/materiel-electrique\/isolateurs-galvaniques-de-securite-intrinseque-systeme-k\/amplificateur-de-commutateur-conducteur-kfa6-er-ex1-w-lb\/"]}]},{"@type":"ImageObject","inLanguage":"en-US","@id":"https:\/\/www.radper.com\/en\/catalogs\/materiel-electrique\/isolateurs-galvaniques-de-securite-intrinseque-systeme-k\/amplificateur-de-commutateur-conducteur-kfa6-er-ex1-w-lb\/#primaryimage","url":"https:\/\/www.radper.com\/wp-content\/uploads\/2022\/10\/b230230b.png","contentUrl":"https:\/\/www.radper.com\/wp-content\/uploads\/2022\/10\/b230230b.png","width":545,"height":600},{"@type":"BreadcrumbList","@id":"https:\/\/www.radper.com\/en\/catalogs\/materiel-electrique\/isolateurs-galvaniques-de-securite-intrinseque-systeme-k\/amplificateur-de-commutateur-conducteur-kfa6-er-ex1-w-lb\/#breadcrumb","itemListElement":[{"@type":"ListItem","position":1,"name":"Accueil","item":"https:\/\/www.radper.com\/en\/"},{"@type":"ListItem","position":2,"name":"Catalog","item":"https:\/\/www.radper.com\/en\/catalog\/"},{"@type":"ListItem","position":3,"name":"Amplificateur de commutateur conducteur KFA6-ER-Ex1.W.LB"}]},{"@type":"WebSite","@id":"https:\/\/www.radper.com\/en\/#website","url":"https:\/\/www.radper.com\/en\/","name":"Radper","description":"","publisher":{"@id":"https:\/\/www.radper.com\/en\/#organization"},"potentialAction":[{"@type":"SearchAction","target":{"@type":"EntryPoint","urlTemplate":"https:\/\/www.radper.com\/en\/?s={search_term_string}"},"query-input":{"@type":"PropertyValueSpecification","valueRequired":true,"valueName":"search_term_string"}}],"inLanguage":"en-US"},{"@type":"Organization","@id":"https:\/\/www.radper.com\/en\/#organization","name":"radper","url":"https:\/\/www.radper.com\/en\/","logo":{"@type":"ImageObject","inLanguage":"en-US","@id":"https:\/\/www.radper.com\/en\/#\/schema\/logo\/image\/","url":"https:\/\/radper.com\/wp-content\/uploads\/2021\/04\/logo-wide-11.png","contentUrl":"https:\/\/radper.com\/wp-content\/uploads\/2021\/04\/logo-wide-11.png","width":250,"height":110,"caption":"radper"},"image":{"@id":"https:\/\/www.radper.com\/en\/#\/schema\/logo\/image\/"}}]}},"_links":{"self":[{"href":"https:\/\/www.radper.com\/en\/wp-json\/wp\/v2\/product\/15754","targetHints":{"allow":["GET"]}}],"collection":[{"href":"https:\/\/www.radper.com\/en\/wp-json\/wp\/v2\/product"}],"about":[{"href":"https:\/\/www.radper.com\/en\/wp-json\/wp\/v2\/types\/product"}],"wp:featuredmedia":[{"embeddable":true,"href":"https:\/\/www.radper.com\/en\/wp-json\/wp\/v2\/media\/15734"}],"wp:attachment":[{"href":"https:\/\/www.radper.com\/en\/wp-json\/wp\/v2\/media?parent=15754"}],"wp:term":[{"taxonomy":"product_brand","embeddable":true,"href":"https:\/\/www.radper.com\/en\/wp-json\/wp\/v2\/product_brand?post=15754"},{"taxonomy":"product_cat","embeddable":true,"href":"https:\/\/www.radper.com\/en\/wp-json\/wp\/v2\/product_cat?post=15754"},{"taxonomy":"product_tag","embeddable":true,"href":"https:\/\/www.radper.com\/en\/wp-json\/wp\/v2\/product_tag?post=15754"}],"curies":[{"name":"wp","href":"https:\/\/api.w.org\/{rel}","templated":true}]}}