{"id":15997,"date":"2022-11-02T10:01:04","date_gmt":"2022-11-02T10:01:04","guid":{"rendered":"https:\/\/www.radper.com\/produit\/module-de-commande-module-repeteur-smart-kfd0-scs-ex1-55-pepperlfuchs\/"},"modified":"2026-04-16T04:59:28","modified_gmt":"2026-04-16T04:59:28","slug":"module-de-commande-module-repeteur-smart-kfd0-scs-ex1-55-pepperlfuchs","status":"publish","type":"product","link":"https:\/\/www.radper.com\/en\/catalogs\/materiel-electrique\/isolateurs-galvaniques-de-securite-intrinseque-systeme-k\/module-de-commande-module-repeteur-smart-kfd0-scs-ex1-55-pepperlfuchs\/","title":{"rendered":"Module de commande\/module r\u00e9p\u00e9teur SMART KFD0-SCS-Ex1.55 PEPPERL+FUCHS"},"content":{"rendered":"<p>Barri\u00e8re isol\u00e9e 1 voie, Alimentation 24 VCC (alimentation par la boucle), Entr\u00e9e\/sortie courant 4 mA \u0085 20 mA, Alimentation pour transmetteur ou convertisseur I\/P HART, Faible chute de tension, Surveillance de d\u00e9faut de ligne, Jusqu&#8217;\u00e0 SIL 2 selon IEC\/EN 61508, Largeur du bo\u00eetier: 20 mm, Nombre de voies: version \u00e0 1 voie, Sens de transmission: par le champ \/ vers le syst\u00e8me de commande, Communication HART, Niveau d&#8217;int\u00e9grit\u00e9 de s\u00e9curit\u00e9 (SIL): SIL 2, Tension assign\u00e9e: alimentation en bouclepa<\/p>\n","protected":false},"excerpt":{"rendered":"<p>KFD0-SCS-Ex1.55<\/p>\n","protected":false},"featured_media":15827,"template":"","meta":{"_acf_changed":false},"product_brand":[],"product_cat":[1524],"product_tag":[],"class_list":{"0":"post-15997","1":"product","2":"type-product","3":"status-publish","4":"has-post-thumbnail","6":"product_cat-isolateurs-galvaniques-de-securite-intrinseque-systeme-k","7":"pa_marque-pepperlfuchs","8":"pa_tension-max-30-v-cc","10":"first","11":"instock","12":"featured","13":"taxable","14":"shipping-taxable","15":"product-type-simple"},"acf":[],"yoast_head":"<!-- This site is optimized with the Yoast SEO plugin v26.2 - https:\/\/yoast.com\/wordpress\/plugins\/seo\/ -->\n<title>Module de commande\/module r\u00e9p\u00e9teur SMART KFD0-SCS-Ex1.55 PEPPERL+FUCHS - Radper<\/title>\n<meta name=\"robots\" content=\"index, follow, max-snippet:-1, max-image-preview:large, max-video-preview:-1\" \/>\n<link rel=\"canonical\" href=\"https:\/\/www.radper.com\/en\/catalogs\/materiel-electrique\/isolateurs-galvaniques-de-securite-intrinseque-systeme-k\/module-de-commande-module-repeteur-smart-kfd0-scs-ex1-55-pepperlfuchs\/\" \/>\n<meta property=\"og:locale\" content=\"en_US\" \/>\n<meta property=\"og:type\" content=\"article\" \/>\n<meta property=\"og:title\" content=\"Module de commande\/module r\u00e9p\u00e9teur SMART KFD0-SCS-Ex1.55 PEPPERL+FUCHS - Radper\" \/>\n<meta property=\"og:description\" content=\"KFD0-SCS-Ex1.55\" \/>\n<meta property=\"og:url\" content=\"https:\/\/www.radper.com\/en\/catalogs\/materiel-electrique\/isolateurs-galvaniques-de-securite-intrinseque-systeme-k\/module-de-commande-module-repeteur-smart-kfd0-scs-ex1-55-pepperlfuchs\/\" \/>\n<meta property=\"og:site_name\" content=\"Radper\" \/>\n<meta property=\"article:modified_time\" content=\"2026-04-16T04:59:28+00:00\" \/>\n<meta property=\"og:image\" content=\"https:\/\/www.radper.com\/wp-content\/uploads\/2022\/11\/b240176a.png\" \/>\n\t<meta property=\"og:image:width\" content=\"545\" \/>\n\t<meta property=\"og:image:height\" content=\"600\" \/>\n\t<meta property=\"og:image:type\" content=\"image\/png\" \/>\n<meta name=\"twitter:card\" content=\"summary_large_image\" \/>\n<script type=\"application\/ld+json\" class=\"yoast-schema-graph\">{\"@context\":\"https:\/\/schema.org\",\"@graph\":[{\"@type\":\"WebPage\",\"@id\":\"https:\/\/www.radper.com\/en\/catalogs\/materiel-electrique\/isolateurs-galvaniques-de-securite-intrinseque-systeme-k\/module-de-commande-module-repeteur-smart-kfd0-scs-ex1-55-pepperlfuchs\/\",\"url\":\"https:\/\/www.radper.com\/en\/catalogs\/materiel-electrique\/isolateurs-galvaniques-de-securite-intrinseque-systeme-k\/module-de-commande-module-repeteur-smart-kfd0-scs-ex1-55-pepperlfuchs\/\",\"name\":\"Module de commande\/module r\u00e9p\u00e9teur SMART KFD0-SCS-Ex1.55 PEPPERL+FUCHS - Radper\",\"isPartOf\":{\"@id\":\"https:\/\/www.radper.com\/en\/#website\"},\"primaryImageOfPage\":{\"@id\":\"https:\/\/www.radper.com\/en\/catalogs\/materiel-electrique\/isolateurs-galvaniques-de-securite-intrinseque-systeme-k\/module-de-commande-module-repeteur-smart-kfd0-scs-ex1-55-pepperlfuchs\/#primaryimage\"},\"image\":{\"@id\":\"https:\/\/www.radper.com\/en\/catalogs\/materiel-electrique\/isolateurs-galvaniques-de-securite-intrinseque-systeme-k\/module-de-commande-module-repeteur-smart-kfd0-scs-ex1-55-pepperlfuchs\/#primaryimage\"},\"thumbnailUrl\":\"https:\/\/www.radper.com\/wp-content\/uploads\/2022\/11\/b240176a.png\",\"datePublished\":\"2022-11-02T10:01:04+00:00\",\"dateModified\":\"2026-04-16T04:59:28+00:00\",\"breadcrumb\":{\"@id\":\"https:\/\/www.radper.com\/en\/catalogs\/materiel-electrique\/isolateurs-galvaniques-de-securite-intrinseque-systeme-k\/module-de-commande-module-repeteur-smart-kfd0-scs-ex1-55-pepperlfuchs\/#breadcrumb\"},\"inLanguage\":\"en-US\",\"potentialAction\":[{\"@type\":\"ReadAction\",\"target\":[\"https:\/\/www.radper.com\/en\/catalogs\/materiel-electrique\/isolateurs-galvaniques-de-securite-intrinseque-systeme-k\/module-de-commande-module-repeteur-smart-kfd0-scs-ex1-55-pepperlfuchs\/\"]}]},{\"@type\":\"ImageObject\",\"inLanguage\":\"en-US\",\"@id\":\"https:\/\/www.radper.com\/en\/catalogs\/materiel-electrique\/isolateurs-galvaniques-de-securite-intrinseque-systeme-k\/module-de-commande-module-repeteur-smart-kfd0-scs-ex1-55-pepperlfuchs\/#primaryimage\",\"url\":\"https:\/\/www.radper.com\/wp-content\/uploads\/2022\/11\/b240176a.png\",\"contentUrl\":\"https:\/\/www.radper.com\/wp-content\/uploads\/2022\/11\/b240176a.png\",\"width\":545,\"height\":600},{\"@type\":\"BreadcrumbList\",\"@id\":\"https:\/\/www.radper.com\/en\/catalogs\/materiel-electrique\/isolateurs-galvaniques-de-securite-intrinseque-systeme-k\/module-de-commande-module-repeteur-smart-kfd0-scs-ex1-55-pepperlfuchs\/#breadcrumb\",\"itemListElement\":[{\"@type\":\"ListItem\",\"position\":1,\"name\":\"Accueil\",\"item\":\"https:\/\/www.radper.com\/en\/\"},{\"@type\":\"ListItem\",\"position\":2,\"name\":\"Catalog\",\"item\":\"https:\/\/www.radper.com\/en\/catalog\/\"},{\"@type\":\"ListItem\",\"position\":3,\"name\":\"Module de commande\/module r\u00e9p\u00e9teur SMART KFD0-SCS-Ex1.55 PEPPERL+FUCHS\"}]},{\"@type\":\"WebSite\",\"@id\":\"https:\/\/www.radper.com\/en\/#website\",\"url\":\"https:\/\/www.radper.com\/en\/\",\"name\":\"Radper\",\"description\":\"\",\"publisher\":{\"@id\":\"https:\/\/www.radper.com\/en\/#organization\"},\"potentialAction\":[{\"@type\":\"SearchAction\",\"target\":{\"@type\":\"EntryPoint\",\"urlTemplate\":\"https:\/\/www.radper.com\/en\/?s={search_term_string}\"},\"query-input\":{\"@type\":\"PropertyValueSpecification\",\"valueRequired\":true,\"valueName\":\"search_term_string\"}}],\"inLanguage\":\"en-US\"},{\"@type\":\"Organization\",\"@id\":\"https:\/\/www.radper.com\/en\/#organization\",\"name\":\"radper\",\"url\":\"https:\/\/www.radper.com\/en\/\",\"logo\":{\"@type\":\"ImageObject\",\"inLanguage\":\"en-US\",\"@id\":\"https:\/\/www.radper.com\/en\/#\/schema\/logo\/image\/\",\"url\":\"https:\/\/radper.com\/wp-content\/uploads\/2021\/04\/logo-wide-11.png\",\"contentUrl\":\"https:\/\/radper.com\/wp-content\/uploads\/2021\/04\/logo-wide-11.png\",\"width\":250,\"height\":110,\"caption\":\"radper\"},\"image\":{\"@id\":\"https:\/\/www.radper.com\/en\/#\/schema\/logo\/image\/\"}}]}<\/script>\n<!-- \/ Yoast SEO plugin. -->","yoast_head_json":{"title":"Module de commande\/module r\u00e9p\u00e9teur SMART KFD0-SCS-Ex1.55 PEPPERL+FUCHS - Radper","robots":{"index":"index","follow":"follow","max-snippet":"max-snippet:-1","max-image-preview":"max-image-preview:large","max-video-preview":"max-video-preview:-1"},"canonical":"https:\/\/www.radper.com\/en\/catalogs\/materiel-electrique\/isolateurs-galvaniques-de-securite-intrinseque-systeme-k\/module-de-commande-module-repeteur-smart-kfd0-scs-ex1-55-pepperlfuchs\/","og_locale":"en_US","og_type":"article","og_title":"Module de commande\/module r\u00e9p\u00e9teur SMART KFD0-SCS-Ex1.55 PEPPERL+FUCHS - Radper","og_description":"KFD0-SCS-Ex1.55","og_url":"https:\/\/www.radper.com\/en\/catalogs\/materiel-electrique\/isolateurs-galvaniques-de-securite-intrinseque-systeme-k\/module-de-commande-module-repeteur-smart-kfd0-scs-ex1-55-pepperlfuchs\/","og_site_name":"Radper","article_modified_time":"2026-04-16T04:59:28+00:00","og_image":[{"width":545,"height":600,"url":"https:\/\/www.radper.com\/wp-content\/uploads\/2022\/11\/b240176a.png","type":"image\/png"}],"twitter_card":"summary_large_image","schema":{"@context":"https:\/\/schema.org","@graph":[{"@type":"WebPage","@id":"https:\/\/www.radper.com\/en\/catalogs\/materiel-electrique\/isolateurs-galvaniques-de-securite-intrinseque-systeme-k\/module-de-commande-module-repeteur-smart-kfd0-scs-ex1-55-pepperlfuchs\/","url":"https:\/\/www.radper.com\/en\/catalogs\/materiel-electrique\/isolateurs-galvaniques-de-securite-intrinseque-systeme-k\/module-de-commande-module-repeteur-smart-kfd0-scs-ex1-55-pepperlfuchs\/","name":"Module de commande\/module r\u00e9p\u00e9teur SMART KFD0-SCS-Ex1.55 PEPPERL+FUCHS - Radper","isPartOf":{"@id":"https:\/\/www.radper.com\/en\/#website"},"primaryImageOfPage":{"@id":"https:\/\/www.radper.com\/en\/catalogs\/materiel-electrique\/isolateurs-galvaniques-de-securite-intrinseque-systeme-k\/module-de-commande-module-repeteur-smart-kfd0-scs-ex1-55-pepperlfuchs\/#primaryimage"},"image":{"@id":"https:\/\/www.radper.com\/en\/catalogs\/materiel-electrique\/isolateurs-galvaniques-de-securite-intrinseque-systeme-k\/module-de-commande-module-repeteur-smart-kfd0-scs-ex1-55-pepperlfuchs\/#primaryimage"},"thumbnailUrl":"https:\/\/www.radper.com\/wp-content\/uploads\/2022\/11\/b240176a.png","datePublished":"2022-11-02T10:01:04+00:00","dateModified":"2026-04-16T04:59:28+00:00","breadcrumb":{"@id":"https:\/\/www.radper.com\/en\/catalogs\/materiel-electrique\/isolateurs-galvaniques-de-securite-intrinseque-systeme-k\/module-de-commande-module-repeteur-smart-kfd0-scs-ex1-55-pepperlfuchs\/#breadcrumb"},"inLanguage":"en-US","potentialAction":[{"@type":"ReadAction","target":["https:\/\/www.radper.com\/en\/catalogs\/materiel-electrique\/isolateurs-galvaniques-de-securite-intrinseque-systeme-k\/module-de-commande-module-repeteur-smart-kfd0-scs-ex1-55-pepperlfuchs\/"]}]},{"@type":"ImageObject","inLanguage":"en-US","@id":"https:\/\/www.radper.com\/en\/catalogs\/materiel-electrique\/isolateurs-galvaniques-de-securite-intrinseque-systeme-k\/module-de-commande-module-repeteur-smart-kfd0-scs-ex1-55-pepperlfuchs\/#primaryimage","url":"https:\/\/www.radper.com\/wp-content\/uploads\/2022\/11\/b240176a.png","contentUrl":"https:\/\/www.radper.com\/wp-content\/uploads\/2022\/11\/b240176a.png","width":545,"height":600},{"@type":"BreadcrumbList","@id":"https:\/\/www.radper.com\/en\/catalogs\/materiel-electrique\/isolateurs-galvaniques-de-securite-intrinseque-systeme-k\/module-de-commande-module-repeteur-smart-kfd0-scs-ex1-55-pepperlfuchs\/#breadcrumb","itemListElement":[{"@type":"ListItem","position":1,"name":"Accueil","item":"https:\/\/www.radper.com\/en\/"},{"@type":"ListItem","position":2,"name":"Catalog","item":"https:\/\/www.radper.com\/en\/catalog\/"},{"@type":"ListItem","position":3,"name":"Module de commande\/module r\u00e9p\u00e9teur SMART KFD0-SCS-Ex1.55 PEPPERL+FUCHS"}]},{"@type":"WebSite","@id":"https:\/\/www.radper.com\/en\/#website","url":"https:\/\/www.radper.com\/en\/","name":"Radper","description":"","publisher":{"@id":"https:\/\/www.radper.com\/en\/#organization"},"potentialAction":[{"@type":"SearchAction","target":{"@type":"EntryPoint","urlTemplate":"https:\/\/www.radper.com\/en\/?s={search_term_string}"},"query-input":{"@type":"PropertyValueSpecification","valueRequired":true,"valueName":"search_term_string"}}],"inLanguage":"en-US"},{"@type":"Organization","@id":"https:\/\/www.radper.com\/en\/#organization","name":"radper","url":"https:\/\/www.radper.com\/en\/","logo":{"@type":"ImageObject","inLanguage":"en-US","@id":"https:\/\/www.radper.com\/en\/#\/schema\/logo\/image\/","url":"https:\/\/radper.com\/wp-content\/uploads\/2021\/04\/logo-wide-11.png","contentUrl":"https:\/\/radper.com\/wp-content\/uploads\/2021\/04\/logo-wide-11.png","width":250,"height":110,"caption":"radper"},"image":{"@id":"https:\/\/www.radper.com\/en\/#\/schema\/logo\/image\/"}}]}},"_links":{"self":[{"href":"https:\/\/www.radper.com\/en\/wp-json\/wp\/v2\/product\/15997","targetHints":{"allow":["GET"]}}],"collection":[{"href":"https:\/\/www.radper.com\/en\/wp-json\/wp\/v2\/product"}],"about":[{"href":"https:\/\/www.radper.com\/en\/wp-json\/wp\/v2\/types\/product"}],"wp:featuredmedia":[{"embeddable":true,"href":"https:\/\/www.radper.com\/en\/wp-json\/wp\/v2\/media\/15827"}],"wp:attachment":[{"href":"https:\/\/www.radper.com\/en\/wp-json\/wp\/v2\/media?parent=15997"}],"wp:term":[{"taxonomy":"product_brand","embeddable":true,"href":"https:\/\/www.radper.com\/en\/wp-json\/wp\/v2\/product_brand?post=15997"},{"taxonomy":"product_cat","embeddable":true,"href":"https:\/\/www.radper.com\/en\/wp-json\/wp\/v2\/product_cat?post=15997"},{"taxonomy":"product_tag","embeddable":true,"href":"https:\/\/www.radper.com\/en\/wp-json\/wp\/v2\/product_tag?post=15997"}],"curies":[{"name":"wp","href":"https:\/\/api.w.org\/{rel}","templated":true}]}}