{"id":18131,"date":"2022-11-18T00:47:02","date_gmt":"2022-11-18T00:47:02","guid":{"rendered":"https:\/\/www.radper.com\/produit\/detecteur-de-vibrations-vim62pl-e0g10-0me-i420k24-pepperlfuchs\/"},"modified":"2026-05-01T14:21:08","modified_gmt":"2026-05-01T14:21:08","slug":"detecteur-vim62pl-e1v16-0me-i420v14-pepperlfuchs","status":"publish","type":"product","link":"https:\/\/www.radper.com\/en\/catalogs\/process-control\/vibration-monitoring\/detecteur-vim62pl-e1v16-0me-i420v14-pepperlfuchs\/","title":{"rendered":"D\u00e9tecteur de vibrations VIM62PL-E0G10-0ME-I420K24 PEPPERL+FUCHS"},"content":{"rendered":"<p>D\u00e9tecteur de vibrations VIM62PL-E0G10-0ME-I420K24 PEPPERL+FUCHS, Technologie de mesure MEMS, S\u00e9rie Performance Line, param\u00e8tre de mesure Acc\u00e9l\u00e9ration des vibrations, Acc\u00e9l\u00e9ration des vibrations 0 &#8230; 10  G RMS, Gamme de fr\u00e9quence 1 &#8230; 1000 Hz, Temps moyen pour a-rms : 12 s, Protection un fusible externe est n\u00e9cessaire : 3 A , semi-d\u00e9calage temporel , 30 V DC, Tension d&#8217;emploi 10 &#8230; 30 V CC<\/p>\n","protected":false},"excerpt":{"rendered":"<p>VIM62PL-E1V16-0ME-I420V14<\/p>\n","protected":false},"featured_media":18090,"template":"","meta":{"_acf_changed":false},"product_brand":[],"product_cat":[13388],"product_tag":[],"class_list":{"0":"post-18131","1":"product","2":"type-product","3":"status-publish","4":"has-post-thumbnail","6":"product_cat-vibration-monitoring","7":"pa_marque-pepperlfuchs","9":"first","10":"instock","11":"featured","12":"taxable","13":"shipping-taxable","14":"product-type-simple"},"acf":[],"yoast_head":"<!-- This site is optimized with the Yoast SEO plugin v26.2 - https:\/\/yoast.com\/wordpress\/plugins\/seo\/ -->\n<title>D\u00e9tecteur de vibrations VIM62PL-E0G10-0ME-I420K24 PEPPERL+FUCHS - Radper<\/title>\n<meta name=\"robots\" content=\"index, follow, max-snippet:-1, max-image-preview:large, max-video-preview:-1\" \/>\n<link rel=\"canonical\" href=\"https:\/\/www.radper.com\/en\/catalogs\/process-control\/vibration-monitoring\/detecteur-vim62pl-e1v16-0me-i420v14-pepperlfuchs\/\" \/>\n<meta property=\"og:locale\" content=\"en_US\" \/>\n<meta property=\"og:type\" content=\"article\" \/>\n<meta property=\"og:title\" content=\"D\u00e9tecteur de vibrations VIM62PL-E0G10-0ME-I420K24 PEPPERL+FUCHS - Radper\" \/>\n<meta property=\"og:description\" content=\"VIM62PL-E1V16-0ME-I420V14\" \/>\n<meta property=\"og:url\" content=\"https:\/\/www.radper.com\/en\/catalogs\/process-control\/vibration-monitoring\/detecteur-vim62pl-e1v16-0me-i420v14-pepperlfuchs\/\" \/>\n<meta property=\"og:site_name\" content=\"Radper\" \/>\n<meta property=\"article:modified_time\" content=\"2026-05-01T14:21:08+00:00\" \/>\n<meta property=\"og:image\" content=\"https:\/\/www.radper.com\/wp-content\/uploads\/2022\/11\/b253991a.png\" \/>\n\t<meta property=\"og:image:width\" content=\"545\" \/>\n\t<meta property=\"og:image:height\" content=\"600\" \/>\n\t<meta property=\"og:image:type\" content=\"image\/png\" \/>\n<meta name=\"twitter:card\" content=\"summary_large_image\" \/>\n<script type=\"application\/ld+json\" class=\"yoast-schema-graph\">{\"@context\":\"https:\/\/schema.org\",\"@graph\":[{\"@type\":\"WebPage\",\"@id\":\"https:\/\/www.radper.com\/en\/catalogs\/process-control\/vibration-monitoring\/detecteur-vim62pl-e1v16-0me-i420v14-pepperlfuchs\/\",\"url\":\"https:\/\/www.radper.com\/en\/catalogs\/process-control\/vibration-monitoring\/detecteur-vim62pl-e1v16-0me-i420v14-pepperlfuchs\/\",\"name\":\"D\u00e9tecteur de vibrations VIM62PL-E0G10-0ME-I420K24 PEPPERL+FUCHS - Radper\",\"isPartOf\":{\"@id\":\"https:\/\/www.radper.com\/en\/#website\"},\"primaryImageOfPage\":{\"@id\":\"https:\/\/www.radper.com\/en\/catalogs\/process-control\/vibration-monitoring\/detecteur-vim62pl-e1v16-0me-i420v14-pepperlfuchs\/#primaryimage\"},\"image\":{\"@id\":\"https:\/\/www.radper.com\/en\/catalogs\/process-control\/vibration-monitoring\/detecteur-vim62pl-e1v16-0me-i420v14-pepperlfuchs\/#primaryimage\"},\"thumbnailUrl\":\"https:\/\/www.radper.com\/wp-content\/uploads\/2022\/11\/b253991a.png\",\"datePublished\":\"2022-11-18T00:47:02+00:00\",\"dateModified\":\"2026-05-01T14:21:08+00:00\",\"breadcrumb\":{\"@id\":\"https:\/\/www.radper.com\/en\/catalogs\/process-control\/vibration-monitoring\/detecteur-vim62pl-e1v16-0me-i420v14-pepperlfuchs\/#breadcrumb\"},\"inLanguage\":\"en-US\",\"potentialAction\":[{\"@type\":\"ReadAction\",\"target\":[\"https:\/\/www.radper.com\/en\/catalogs\/process-control\/vibration-monitoring\/detecteur-vim62pl-e1v16-0me-i420v14-pepperlfuchs\/\"]}]},{\"@type\":\"ImageObject\",\"inLanguage\":\"en-US\",\"@id\":\"https:\/\/www.radper.com\/en\/catalogs\/process-control\/vibration-monitoring\/detecteur-vim62pl-e1v16-0me-i420v14-pepperlfuchs\/#primaryimage\",\"url\":\"https:\/\/www.radper.com\/wp-content\/uploads\/2022\/11\/b253991a.png\",\"contentUrl\":\"https:\/\/www.radper.com\/wp-content\/uploads\/2022\/11\/b253991a.png\",\"width\":545,\"height\":600},{\"@type\":\"BreadcrumbList\",\"@id\":\"https:\/\/www.radper.com\/en\/catalogs\/process-control\/vibration-monitoring\/detecteur-vim62pl-e1v16-0me-i420v14-pepperlfuchs\/#breadcrumb\",\"itemListElement\":[{\"@type\":\"ListItem\",\"position\":1,\"name\":\"Accueil\",\"item\":\"https:\/\/www.radper.com\/en\/\"},{\"@type\":\"ListItem\",\"position\":2,\"name\":\"Catalog\",\"item\":\"https:\/\/www.radper.com\/en\/catalog\/\"},{\"@type\":\"ListItem\",\"position\":3,\"name\":\"D\u00e9tecteur de vibrations VIM62PL-E0G10-0ME-I420K24 PEPPERL+FUCHS\"}]},{\"@type\":\"WebSite\",\"@id\":\"https:\/\/www.radper.com\/en\/#website\",\"url\":\"https:\/\/www.radper.com\/en\/\",\"name\":\"Radper\",\"description\":\"\",\"publisher\":{\"@id\":\"https:\/\/www.radper.com\/en\/#organization\"},\"potentialAction\":[{\"@type\":\"SearchAction\",\"target\":{\"@type\":\"EntryPoint\",\"urlTemplate\":\"https:\/\/www.radper.com\/en\/?s={search_term_string}\"},\"query-input\":{\"@type\":\"PropertyValueSpecification\",\"valueRequired\":true,\"valueName\":\"search_term_string\"}}],\"inLanguage\":\"en-US\"},{\"@type\":\"Organization\",\"@id\":\"https:\/\/www.radper.com\/en\/#organization\",\"name\":\"radper\",\"url\":\"https:\/\/www.radper.com\/en\/\",\"logo\":{\"@type\":\"ImageObject\",\"inLanguage\":\"en-US\",\"@id\":\"https:\/\/www.radper.com\/en\/#\/schema\/logo\/image\/\",\"url\":\"https:\/\/radper.com\/wp-content\/uploads\/2021\/04\/logo-wide-11.png\",\"contentUrl\":\"https:\/\/radper.com\/wp-content\/uploads\/2021\/04\/logo-wide-11.png\",\"width\":250,\"height\":110,\"caption\":\"radper\"},\"image\":{\"@id\":\"https:\/\/www.radper.com\/en\/#\/schema\/logo\/image\/\"}}]}<\/script>\n<!-- \/ Yoast SEO plugin. -->","yoast_head_json":{"title":"D\u00e9tecteur de vibrations VIM62PL-E0G10-0ME-I420K24 PEPPERL+FUCHS - Radper","robots":{"index":"index","follow":"follow","max-snippet":"max-snippet:-1","max-image-preview":"max-image-preview:large","max-video-preview":"max-video-preview:-1"},"canonical":"https:\/\/www.radper.com\/en\/catalogs\/process-control\/vibration-monitoring\/detecteur-vim62pl-e1v16-0me-i420v14-pepperlfuchs\/","og_locale":"en_US","og_type":"article","og_title":"D\u00e9tecteur de vibrations VIM62PL-E0G10-0ME-I420K24 PEPPERL+FUCHS - Radper","og_description":"VIM62PL-E1V16-0ME-I420V14","og_url":"https:\/\/www.radper.com\/en\/catalogs\/process-control\/vibration-monitoring\/detecteur-vim62pl-e1v16-0me-i420v14-pepperlfuchs\/","og_site_name":"Radper","article_modified_time":"2026-05-01T14:21:08+00:00","og_image":[{"width":545,"height":600,"url":"https:\/\/www.radper.com\/wp-content\/uploads\/2022\/11\/b253991a.png","type":"image\/png"}],"twitter_card":"summary_large_image","schema":{"@context":"https:\/\/schema.org","@graph":[{"@type":"WebPage","@id":"https:\/\/www.radper.com\/en\/catalogs\/process-control\/vibration-monitoring\/detecteur-vim62pl-e1v16-0me-i420v14-pepperlfuchs\/","url":"https:\/\/www.radper.com\/en\/catalogs\/process-control\/vibration-monitoring\/detecteur-vim62pl-e1v16-0me-i420v14-pepperlfuchs\/","name":"D\u00e9tecteur de vibrations VIM62PL-E0G10-0ME-I420K24 PEPPERL+FUCHS - Radper","isPartOf":{"@id":"https:\/\/www.radper.com\/en\/#website"},"primaryImageOfPage":{"@id":"https:\/\/www.radper.com\/en\/catalogs\/process-control\/vibration-monitoring\/detecteur-vim62pl-e1v16-0me-i420v14-pepperlfuchs\/#primaryimage"},"image":{"@id":"https:\/\/www.radper.com\/en\/catalogs\/process-control\/vibration-monitoring\/detecteur-vim62pl-e1v16-0me-i420v14-pepperlfuchs\/#primaryimage"},"thumbnailUrl":"https:\/\/www.radper.com\/wp-content\/uploads\/2022\/11\/b253991a.png","datePublished":"2022-11-18T00:47:02+00:00","dateModified":"2026-05-01T14:21:08+00:00","breadcrumb":{"@id":"https:\/\/www.radper.com\/en\/catalogs\/process-control\/vibration-monitoring\/detecteur-vim62pl-e1v16-0me-i420v14-pepperlfuchs\/#breadcrumb"},"inLanguage":"en-US","potentialAction":[{"@type":"ReadAction","target":["https:\/\/www.radper.com\/en\/catalogs\/process-control\/vibration-monitoring\/detecteur-vim62pl-e1v16-0me-i420v14-pepperlfuchs\/"]}]},{"@type":"ImageObject","inLanguage":"en-US","@id":"https:\/\/www.radper.com\/en\/catalogs\/process-control\/vibration-monitoring\/detecteur-vim62pl-e1v16-0me-i420v14-pepperlfuchs\/#primaryimage","url":"https:\/\/www.radper.com\/wp-content\/uploads\/2022\/11\/b253991a.png","contentUrl":"https:\/\/www.radper.com\/wp-content\/uploads\/2022\/11\/b253991a.png","width":545,"height":600},{"@type":"BreadcrumbList","@id":"https:\/\/www.radper.com\/en\/catalogs\/process-control\/vibration-monitoring\/detecteur-vim62pl-e1v16-0me-i420v14-pepperlfuchs\/#breadcrumb","itemListElement":[{"@type":"ListItem","position":1,"name":"Accueil","item":"https:\/\/www.radper.com\/en\/"},{"@type":"ListItem","position":2,"name":"Catalog","item":"https:\/\/www.radper.com\/en\/catalog\/"},{"@type":"ListItem","position":3,"name":"D\u00e9tecteur de vibrations VIM62PL-E0G10-0ME-I420K24 PEPPERL+FUCHS"}]},{"@type":"WebSite","@id":"https:\/\/www.radper.com\/en\/#website","url":"https:\/\/www.radper.com\/en\/","name":"Radper","description":"","publisher":{"@id":"https:\/\/www.radper.com\/en\/#organization"},"potentialAction":[{"@type":"SearchAction","target":{"@type":"EntryPoint","urlTemplate":"https:\/\/www.radper.com\/en\/?s={search_term_string}"},"query-input":{"@type":"PropertyValueSpecification","valueRequired":true,"valueName":"search_term_string"}}],"inLanguage":"en-US"},{"@type":"Organization","@id":"https:\/\/www.radper.com\/en\/#organization","name":"radper","url":"https:\/\/www.radper.com\/en\/","logo":{"@type":"ImageObject","inLanguage":"en-US","@id":"https:\/\/www.radper.com\/en\/#\/schema\/logo\/image\/","url":"https:\/\/radper.com\/wp-content\/uploads\/2021\/04\/logo-wide-11.png","contentUrl":"https:\/\/radper.com\/wp-content\/uploads\/2021\/04\/logo-wide-11.png","width":250,"height":110,"caption":"radper"},"image":{"@id":"https:\/\/www.radper.com\/en\/#\/schema\/logo\/image\/"}}]}},"_links":{"self":[{"href":"https:\/\/www.radper.com\/en\/wp-json\/wp\/v2\/product\/18131","targetHints":{"allow":["GET"]}}],"collection":[{"href":"https:\/\/www.radper.com\/en\/wp-json\/wp\/v2\/product"}],"about":[{"href":"https:\/\/www.radper.com\/en\/wp-json\/wp\/v2\/types\/product"}],"wp:featuredmedia":[{"embeddable":true,"href":"https:\/\/www.radper.com\/en\/wp-json\/wp\/v2\/media\/18090"}],"wp:attachment":[{"href":"https:\/\/www.radper.com\/en\/wp-json\/wp\/v2\/media?parent=18131"}],"wp:term":[{"taxonomy":"product_brand","embeddable":true,"href":"https:\/\/www.radper.com\/en\/wp-json\/wp\/v2\/product_brand?post=18131"},{"taxonomy":"product_cat","embeddable":true,"href":"https:\/\/www.radper.com\/en\/wp-json\/wp\/v2\/product_cat?post=18131"},{"taxonomy":"product_tag","embeddable":true,"href":"https:\/\/www.radper.com\/en\/wp-json\/wp\/v2\/product_tag?post=18131"}],"curies":[{"name":"wp","href":"https:\/\/api.w.org\/{rel}","templated":true}]}}