{"id":20573,"date":"2022-11-25T09:15:29","date_gmt":"2022-11-25T09:15:29","guid":{"rendered":"https:\/\/www.radper.com\/produit\/convertisseur-de-signal-signal-dentree-de-courant-signal-de-sortie-de-tension-et-de-courant-sortie-de-relais-et-digitale-configuration-par-logiciel-tension-dalimentation-24-v-dc-largeur-225-m\/"},"modified":"2026-05-08T08:36:45","modified_gmt":"2026-05-08T08:36:45","slug":"convertisseur-de-signal-2857-550-wago","status":"publish","type":"product","link":"https:\/\/www.radper.com\/en\/catalogs\/materiel-electrique\/convertisseurs-de-mesure-et-amplificateurs-isolateurs\/convertisseur-de-signal-2857-550-wago\/","title":{"rendered":"Convertisseur de signal 2857-550 WAGO"},"content":{"rendered":"<p>Convertisseur de signal; Signal d&#8217;entr\u00e9e de courant; Signal de sortie de tension et de courant; Sortie de relais et digitale; Configuration par logiciel; Tension d&#8217;alimentation 24 V DC; Largeur 22,5 mm 2857-550 WAGO, Remarque La tension d&#8217;alimentation du produit est de 24 V DC et peut \u00eatre pont\u00e9e par l&#8217;interm\u00e9diaire des peignes de pontage lat\u00e9raux (6.1) US+ (BR) et (6.2) GND 2 (BR). Pour cette variante, il faut s&#8217;assurer que le courant total maximal admissible de 2 A ne soit pas d\u00e9pass\u00e9.<br \/>\nAutres possibilit\u00e9s de r\u00e9glage par l&#8217;interface du logiciel de configuration WAGO ou via l&#8217;\u00e9cran de configuration WAGO, Possibilit\u00e9s configuration Commutateurs DIP<br \/>\nLogiciel de configuration interface WAGO<br \/>\nApplication de configuration interface WAGO<br \/>\nAfficheur de configuration WAGO<br \/>\nCommutateurs DIP<br \/>\nLogiciel de configuration interface WAGO<br \/>\nApplication de configuration interface WAGO<br \/>\nAfficheur de configuration WAGO, Type de signal d&#8217;entr\u00e9e Courant, Signal d&#8217;entr\u00e9e Courant AC 0,5 \u2026 100\u00a0A\u00a0DC \u00b1100\u00a0A, Plage de fr\u00e9quence 15 \u2026 1000\u00a0Hz, Courant d&#8217;entr\u00e9e max. 100A AC\/DC<\/p>\n","protected":false},"excerpt":{"rendered":"<p>2857-550<\/p>\n","protected":false},"featured_media":37670,"template":"","meta":{"_acf_changed":false},"product_brand":[],"product_cat":[6271],"product_tag":[],"class_list":{"0":"post-20573","1":"product","2":"type-product","3":"status-publish","4":"has-post-thumbnail","6":"product_cat-convertisseurs-de-mesure-et-amplificateurs-isolateurs","7":"pa_marque-wago-en","9":"first","10":"instock","11":"featured","12":"taxable","13":"shipping-taxable","14":"product-type-simple"},"acf":[],"yoast_head":"<!-- This site is optimized with the Yoast SEO plugin v26.2 - https:\/\/yoast.com\/wordpress\/plugins\/seo\/ -->\n<title>Convertisseur de signal 2857-550 WAGO - Radper<\/title>\n<meta name=\"robots\" content=\"index, follow, max-snippet:-1, max-image-preview:large, max-video-preview:-1\" \/>\n<link rel=\"canonical\" href=\"https:\/\/www.radper.com\/en\/catalogs\/materiel-electrique\/convertisseurs-de-mesure-et-amplificateurs-isolateurs\/convertisseur-de-signal-2857-550-wago\/\" \/>\n<meta property=\"og:locale\" content=\"en_US\" \/>\n<meta property=\"og:type\" content=\"article\" \/>\n<meta property=\"og:title\" content=\"Convertisseur de signal 2857-550 WAGO - Radper\" \/>\n<meta property=\"og:description\" content=\"2857-550\" \/>\n<meta property=\"og:url\" content=\"https:\/\/www.radper.com\/en\/catalogs\/materiel-electrique\/convertisseurs-de-mesure-et-amplificateurs-isolateurs\/convertisseur-de-signal-2857-550-wago\/\" \/>\n<meta property=\"og:site_name\" content=\"Radper\" \/>\n<meta property=\"article:modified_time\" content=\"2026-05-08T08:36:45+00:00\" \/>\n<meta property=\"og:image\" content=\"https:\/\/www.radper.com\/wp-content\/uploads\/2022\/12\/1024-8120136-DE.jpg\" \/>\n\t<meta property=\"og:image:width\" content=\"600\" \/>\n\t<meta property=\"og:image:height\" content=\"600\" \/>\n\t<meta property=\"og:image:type\" content=\"image\/jpeg\" \/>\n<meta name=\"twitter:card\" content=\"summary_large_image\" \/>\n<meta name=\"twitter:label1\" content=\"Est. reading time\" \/>\n\t<meta name=\"twitter:data1\" content=\"1 minute\" \/>\n<script type=\"application\/ld+json\" class=\"yoast-schema-graph\">{\"@context\":\"https:\/\/schema.org\",\"@graph\":[{\"@type\":\"WebPage\",\"@id\":\"https:\/\/www.radper.com\/en\/catalogs\/materiel-electrique\/convertisseurs-de-mesure-et-amplificateurs-isolateurs\/convertisseur-de-signal-2857-550-wago\/\",\"url\":\"https:\/\/www.radper.com\/en\/catalogs\/materiel-electrique\/convertisseurs-de-mesure-et-amplificateurs-isolateurs\/convertisseur-de-signal-2857-550-wago\/\",\"name\":\"Convertisseur de signal 2857-550 WAGO - Radper\",\"isPartOf\":{\"@id\":\"https:\/\/www.radper.com\/en\/#website\"},\"primaryImageOfPage\":{\"@id\":\"https:\/\/www.radper.com\/en\/catalogs\/materiel-electrique\/convertisseurs-de-mesure-et-amplificateurs-isolateurs\/convertisseur-de-signal-2857-550-wago\/#primaryimage\"},\"image\":{\"@id\":\"https:\/\/www.radper.com\/en\/catalogs\/materiel-electrique\/convertisseurs-de-mesure-et-amplificateurs-isolateurs\/convertisseur-de-signal-2857-550-wago\/#primaryimage\"},\"thumbnailUrl\":\"https:\/\/www.radper.com\/wp-content\/uploads\/2022\/12\/1024-8120136-DE.jpg\",\"datePublished\":\"2022-11-25T09:15:29+00:00\",\"dateModified\":\"2026-05-08T08:36:45+00:00\",\"breadcrumb\":{\"@id\":\"https:\/\/www.radper.com\/en\/catalogs\/materiel-electrique\/convertisseurs-de-mesure-et-amplificateurs-isolateurs\/convertisseur-de-signal-2857-550-wago\/#breadcrumb\"},\"inLanguage\":\"en-US\",\"potentialAction\":[{\"@type\":\"ReadAction\",\"target\":[\"https:\/\/www.radper.com\/en\/catalogs\/materiel-electrique\/convertisseurs-de-mesure-et-amplificateurs-isolateurs\/convertisseur-de-signal-2857-550-wago\/\"]}]},{\"@type\":\"ImageObject\",\"inLanguage\":\"en-US\",\"@id\":\"https:\/\/www.radper.com\/en\/catalogs\/materiel-electrique\/convertisseurs-de-mesure-et-amplificateurs-isolateurs\/convertisseur-de-signal-2857-550-wago\/#primaryimage\",\"url\":\"https:\/\/www.radper.com\/wp-content\/uploads\/2022\/12\/1024-8120136-DE.jpg\",\"contentUrl\":\"https:\/\/www.radper.com\/wp-content\/uploads\/2022\/12\/1024-8120136-DE.jpg\",\"width\":600,\"height\":600},{\"@type\":\"BreadcrumbList\",\"@id\":\"https:\/\/www.radper.com\/en\/catalogs\/materiel-electrique\/convertisseurs-de-mesure-et-amplificateurs-isolateurs\/convertisseur-de-signal-2857-550-wago\/#breadcrumb\",\"itemListElement\":[{\"@type\":\"ListItem\",\"position\":1,\"name\":\"Accueil\",\"item\":\"https:\/\/www.radper.com\/en\/\"},{\"@type\":\"ListItem\",\"position\":2,\"name\":\"Catalog\",\"item\":\"https:\/\/www.radper.com\/en\/catalog\/\"},{\"@type\":\"ListItem\",\"position\":3,\"name\":\"Convertisseur de signal 2857-550 WAGO\"}]},{\"@type\":\"WebSite\",\"@id\":\"https:\/\/www.radper.com\/en\/#website\",\"url\":\"https:\/\/www.radper.com\/en\/\",\"name\":\"Radper\",\"description\":\"\",\"publisher\":{\"@id\":\"https:\/\/www.radper.com\/en\/#organization\"},\"potentialAction\":[{\"@type\":\"SearchAction\",\"target\":{\"@type\":\"EntryPoint\",\"urlTemplate\":\"https:\/\/www.radper.com\/en\/?s={search_term_string}\"},\"query-input\":{\"@type\":\"PropertyValueSpecification\",\"valueRequired\":true,\"valueName\":\"search_term_string\"}}],\"inLanguage\":\"en-US\"},{\"@type\":\"Organization\",\"@id\":\"https:\/\/www.radper.com\/en\/#organization\",\"name\":\"radper\",\"url\":\"https:\/\/www.radper.com\/en\/\",\"logo\":{\"@type\":\"ImageObject\",\"inLanguage\":\"en-US\",\"@id\":\"https:\/\/www.radper.com\/en\/#\/schema\/logo\/image\/\",\"url\":\"https:\/\/radper.com\/wp-content\/uploads\/2021\/04\/logo-wide-11.png\",\"contentUrl\":\"https:\/\/radper.com\/wp-content\/uploads\/2021\/04\/logo-wide-11.png\",\"width\":250,\"height\":110,\"caption\":\"radper\"},\"image\":{\"@id\":\"https:\/\/www.radper.com\/en\/#\/schema\/logo\/image\/\"}}]}<\/script>\n<!-- \/ Yoast SEO plugin. -->","yoast_head_json":{"title":"Convertisseur de signal 2857-550 WAGO - Radper","robots":{"index":"index","follow":"follow","max-snippet":"max-snippet:-1","max-image-preview":"max-image-preview:large","max-video-preview":"max-video-preview:-1"},"canonical":"https:\/\/www.radper.com\/en\/catalogs\/materiel-electrique\/convertisseurs-de-mesure-et-amplificateurs-isolateurs\/convertisseur-de-signal-2857-550-wago\/","og_locale":"en_US","og_type":"article","og_title":"Convertisseur de signal 2857-550 WAGO - Radper","og_description":"2857-550","og_url":"https:\/\/www.radper.com\/en\/catalogs\/materiel-electrique\/convertisseurs-de-mesure-et-amplificateurs-isolateurs\/convertisseur-de-signal-2857-550-wago\/","og_site_name":"Radper","article_modified_time":"2026-05-08T08:36:45+00:00","og_image":[{"width":600,"height":600,"url":"https:\/\/www.radper.com\/wp-content\/uploads\/2022\/12\/1024-8120136-DE.jpg","type":"image\/jpeg"}],"twitter_card":"summary_large_image","twitter_misc":{"Est. reading time":"1 minute"},"schema":{"@context":"https:\/\/schema.org","@graph":[{"@type":"WebPage","@id":"https:\/\/www.radper.com\/en\/catalogs\/materiel-electrique\/convertisseurs-de-mesure-et-amplificateurs-isolateurs\/convertisseur-de-signal-2857-550-wago\/","url":"https:\/\/www.radper.com\/en\/catalogs\/materiel-electrique\/convertisseurs-de-mesure-et-amplificateurs-isolateurs\/convertisseur-de-signal-2857-550-wago\/","name":"Convertisseur de signal 2857-550 WAGO - Radper","isPartOf":{"@id":"https:\/\/www.radper.com\/en\/#website"},"primaryImageOfPage":{"@id":"https:\/\/www.radper.com\/en\/catalogs\/materiel-electrique\/convertisseurs-de-mesure-et-amplificateurs-isolateurs\/convertisseur-de-signal-2857-550-wago\/#primaryimage"},"image":{"@id":"https:\/\/www.radper.com\/en\/catalogs\/materiel-electrique\/convertisseurs-de-mesure-et-amplificateurs-isolateurs\/convertisseur-de-signal-2857-550-wago\/#primaryimage"},"thumbnailUrl":"https:\/\/www.radper.com\/wp-content\/uploads\/2022\/12\/1024-8120136-DE.jpg","datePublished":"2022-11-25T09:15:29+00:00","dateModified":"2026-05-08T08:36:45+00:00","breadcrumb":{"@id":"https:\/\/www.radper.com\/en\/catalogs\/materiel-electrique\/convertisseurs-de-mesure-et-amplificateurs-isolateurs\/convertisseur-de-signal-2857-550-wago\/#breadcrumb"},"inLanguage":"en-US","potentialAction":[{"@type":"ReadAction","target":["https:\/\/www.radper.com\/en\/catalogs\/materiel-electrique\/convertisseurs-de-mesure-et-amplificateurs-isolateurs\/convertisseur-de-signal-2857-550-wago\/"]}]},{"@type":"ImageObject","inLanguage":"en-US","@id":"https:\/\/www.radper.com\/en\/catalogs\/materiel-electrique\/convertisseurs-de-mesure-et-amplificateurs-isolateurs\/convertisseur-de-signal-2857-550-wago\/#primaryimage","url":"https:\/\/www.radper.com\/wp-content\/uploads\/2022\/12\/1024-8120136-DE.jpg","contentUrl":"https:\/\/www.radper.com\/wp-content\/uploads\/2022\/12\/1024-8120136-DE.jpg","width":600,"height":600},{"@type":"BreadcrumbList","@id":"https:\/\/www.radper.com\/en\/catalogs\/materiel-electrique\/convertisseurs-de-mesure-et-amplificateurs-isolateurs\/convertisseur-de-signal-2857-550-wago\/#breadcrumb","itemListElement":[{"@type":"ListItem","position":1,"name":"Accueil","item":"https:\/\/www.radper.com\/en\/"},{"@type":"ListItem","position":2,"name":"Catalog","item":"https:\/\/www.radper.com\/en\/catalog\/"},{"@type":"ListItem","position":3,"name":"Convertisseur de signal 2857-550 WAGO"}]},{"@type":"WebSite","@id":"https:\/\/www.radper.com\/en\/#website","url":"https:\/\/www.radper.com\/en\/","name":"Radper","description":"","publisher":{"@id":"https:\/\/www.radper.com\/en\/#organization"},"potentialAction":[{"@type":"SearchAction","target":{"@type":"EntryPoint","urlTemplate":"https:\/\/www.radper.com\/en\/?s={search_term_string}"},"query-input":{"@type":"PropertyValueSpecification","valueRequired":true,"valueName":"search_term_string"}}],"inLanguage":"en-US"},{"@type":"Organization","@id":"https:\/\/www.radper.com\/en\/#organization","name":"radper","url":"https:\/\/www.radper.com\/en\/","logo":{"@type":"ImageObject","inLanguage":"en-US","@id":"https:\/\/www.radper.com\/en\/#\/schema\/logo\/image\/","url":"https:\/\/radper.com\/wp-content\/uploads\/2021\/04\/logo-wide-11.png","contentUrl":"https:\/\/radper.com\/wp-content\/uploads\/2021\/04\/logo-wide-11.png","width":250,"height":110,"caption":"radper"},"image":{"@id":"https:\/\/www.radper.com\/en\/#\/schema\/logo\/image\/"}}]}},"_links":{"self":[{"href":"https:\/\/www.radper.com\/en\/wp-json\/wp\/v2\/product\/20573","targetHints":{"allow":["GET"]}}],"collection":[{"href":"https:\/\/www.radper.com\/en\/wp-json\/wp\/v2\/product"}],"about":[{"href":"https:\/\/www.radper.com\/en\/wp-json\/wp\/v2\/types\/product"}],"wp:featuredmedia":[{"embeddable":true,"href":"https:\/\/www.radper.com\/en\/wp-json\/wp\/v2\/media\/37670"}],"wp:attachment":[{"href":"https:\/\/www.radper.com\/en\/wp-json\/wp\/v2\/media?parent=20573"}],"wp:term":[{"taxonomy":"product_brand","embeddable":true,"href":"https:\/\/www.radper.com\/en\/wp-json\/wp\/v2\/product_brand?post=20573"},{"taxonomy":"product_cat","embeddable":true,"href":"https:\/\/www.radper.com\/en\/wp-json\/wp\/v2\/product_cat?post=20573"},{"taxonomy":"product_tag","embeddable":true,"href":"https:\/\/www.radper.com\/en\/wp-json\/wp\/v2\/product_tag?post=20573"}],"curies":[{"name":"wp","href":"https:\/\/api.w.org\/{rel}","templated":true}]}}