{"id":20755,"date":"2022-11-25T11:40:43","date_gmt":"2022-11-25T11:40:43","guid":{"rendered":"https:\/\/www.radper.com\/produit\/module-relais-tension-nominale-dentree-dc-24-v-1-rt-avec-contacts-dores-indication-detat-rouge-largeur-6-mm-250-mm%c2%b2-gris-859-314-wago\/"},"modified":"2026-04-17T10:17:26","modified_gmt":"2026-04-17T10:17:26","slug":"module-relais-tension-nominale-dentree-dc-24-v-1-rt-avec-contacts-dores-indication-detat-rouge-largeur-6-mm-250-mm%c2%b2-gris-859-314-wago","status":"publish","type":"product","link":"https:\/\/www.radper.com\/en\/catalogs\/materiel-electrique\/relais-et-modules-optocoupleurs\/module-relais-tension-nominale-dentree-dc-24-v-1-rt-avec-contacts-dores-indication-detat-rouge-largeur-6-mm-250-mm%c2%b2-gris-859-314-wago\/","title":{"rendered":"Module relais; Tension nominale d&#8217;entr\u00e9e DC 24 V; 1 RT; avec contacts dor\u00e9s; Indication d&#8217;\u00e9tat rouge; Largeur 6 mm; 2,50 mm\u00b2; gris 859-314 WAGO"},"content":{"rendered":"<p>Module relais; Tension nominale d&#8217;entr\u00e9e DC 24 V; 1 RT; avec contacts dor\u00e9s; Indication d&#8217;\u00e9tat rouge; Largeur 6 mm; 2,50 mm\u00b2; gris 859-314 WAGO, Remarque Pour \u00e9viter un \u00e9ventuel endommagement de la couche dor\u00e9e, les tensions de commutation de 30 V DC et courants de 50 mA ne doivent pas \u00eatre d\u00e9pass\u00e9s. Dans le cas de puissance de commutation plus \u00e9lev\u00e9e, la couche dor\u00e9e se d\u00e9t\u00e9riore. Des d\u00e9p\u00f4ts dans le bo\u00eetier peuvent conduire \u00e0 une r\u00e9duction de la dur\u00e9e de vie.<br \/>\n Un dispositif d&#8217;antiparasitage appropri\u00e9 doit \u00eatre install\u00e9 parall\u00e8lement aux charges inductives., Tension nominale d&#8217;E DC\u00a024\u00a0V, Plage de tension d&#8217;E (N1) -15 \u2026 +20\u00a0%, Courant d&#8217;entr\u00e9e nominal 10\u00a0mA, Relais RT\/cont inverseurs 1<\/p>\n","protected":false},"excerpt":{"rendered":"<p>859-314<\/p>\n","protected":false},"featured_media":38098,"template":"","meta":{"_acf_changed":false},"product_brand":[],"product_cat":[6550],"product_tag":[],"class_list":{"0":"post-20755","1":"product","2":"type-product","3":"status-publish","4":"has-post-thumbnail","6":"product_cat-relais-et-modules-optocoupleurs","7":"pa_marque-wago","9":"first","10":"instock","11":"featured","12":"taxable","13":"shipping-taxable","14":"product-type-simple"},"acf":[],"yoast_head":"<!-- This site is optimized with the Yoast SEO plugin v26.2 - https:\/\/yoast.com\/wordpress\/plugins\/seo\/ -->\n<title>Module relais; Tension nominale d&#039;entr\u00e9e DC 24 V; 1 RT; avec contacts dor\u00e9s; Indication d&#039;\u00e9tat rouge; Largeur 6 mm; 2,50 mm\u00b2; gris 859-314 WAGO - Radper<\/title>\n<meta name=\"robots\" content=\"index, follow, max-snippet:-1, max-image-preview:large, max-video-preview:-1\" \/>\n<link rel=\"canonical\" href=\"https:\/\/www.radper.com\/en\/catalogs\/materiel-electrique\/relais-et-modules-optocoupleurs\/module-relais-tension-nominale-dentree-dc-24-v-1-rt-avec-contacts-dores-indication-detat-rouge-largeur-6-mm-250-mm%c2%b2-gris-859-314-wago\/\" \/>\n<meta property=\"og:locale\" content=\"en_US\" \/>\n<meta property=\"og:type\" content=\"article\" \/>\n<meta property=\"og:title\" content=\"Module relais; Tension nominale d&#039;entr\u00e9e DC 24 V; 1 RT; avec contacts dor\u00e9s; Indication d&#039;\u00e9tat rouge; Largeur 6 mm; 2,50 mm\u00b2; gris 859-314 WAGO - Radper\" \/>\n<meta property=\"og:description\" content=\"859-314\" \/>\n<meta property=\"og:url\" content=\"https:\/\/www.radper.com\/en\/catalogs\/materiel-electrique\/relais-et-modules-optocoupleurs\/module-relais-tension-nominale-dentree-dc-24-v-1-rt-avec-contacts-dores-indication-detat-rouge-largeur-6-mm-250-mm%c2%b2-gris-859-314-wago\/\" \/>\n<meta property=\"og:site_name\" content=\"Radper\" \/>\n<meta property=\"article:modified_time\" content=\"2026-04-17T10:17:26+00:00\" \/>\n<meta property=\"og:image\" content=\"https:\/\/www.radper.com\/wp-content\/uploads\/2022\/12\/1024-0200002100030e80000100b6-DE.jpg\" \/>\n\t<meta property=\"og:image:width\" content=\"600\" \/>\n\t<meta property=\"og:image:height\" content=\"600\" \/>\n\t<meta property=\"og:image:type\" content=\"image\/jpeg\" \/>\n<meta name=\"twitter:card\" content=\"summary_large_image\" \/>\n<meta name=\"twitter:label1\" content=\"Est. reading time\" \/>\n\t<meta name=\"twitter:data1\" content=\"1 minute\" \/>\n<script type=\"application\/ld+json\" class=\"yoast-schema-graph\">{\"@context\":\"https:\/\/schema.org\",\"@graph\":[{\"@type\":\"WebPage\",\"@id\":\"https:\/\/www.radper.com\/en\/catalogs\/materiel-electrique\/relais-et-modules-optocoupleurs\/module-relais-tension-nominale-dentree-dc-24-v-1-rt-avec-contacts-dores-indication-detat-rouge-largeur-6-mm-250-mm%c2%b2-gris-859-314-wago\/\",\"url\":\"https:\/\/www.radper.com\/en\/catalogs\/materiel-electrique\/relais-et-modules-optocoupleurs\/module-relais-tension-nominale-dentree-dc-24-v-1-rt-avec-contacts-dores-indication-detat-rouge-largeur-6-mm-250-mm%c2%b2-gris-859-314-wago\/\",\"name\":\"Module relais; Tension nominale d'entr\u00e9e DC 24 V; 1 RT; avec contacts dor\u00e9s; Indication d'\u00e9tat rouge; Largeur 6 mm; 2,50 mm\u00b2; gris 859-314 WAGO - Radper\",\"isPartOf\":{\"@id\":\"https:\/\/www.radper.com\/en\/#website\"},\"primaryImageOfPage\":{\"@id\":\"https:\/\/www.radper.com\/en\/catalogs\/materiel-electrique\/relais-et-modules-optocoupleurs\/module-relais-tension-nominale-dentree-dc-24-v-1-rt-avec-contacts-dores-indication-detat-rouge-largeur-6-mm-250-mm%c2%b2-gris-859-314-wago\/#primaryimage\"},\"image\":{\"@id\":\"https:\/\/www.radper.com\/en\/catalogs\/materiel-electrique\/relais-et-modules-optocoupleurs\/module-relais-tension-nominale-dentree-dc-24-v-1-rt-avec-contacts-dores-indication-detat-rouge-largeur-6-mm-250-mm%c2%b2-gris-859-314-wago\/#primaryimage\"},\"thumbnailUrl\":\"https:\/\/www.radper.com\/wp-content\/uploads\/2022\/12\/1024-0200002100030e80000100b6-DE.jpg\",\"datePublished\":\"2022-11-25T11:40:43+00:00\",\"dateModified\":\"2026-04-17T10:17:26+00:00\",\"breadcrumb\":{\"@id\":\"https:\/\/www.radper.com\/en\/catalogs\/materiel-electrique\/relais-et-modules-optocoupleurs\/module-relais-tension-nominale-dentree-dc-24-v-1-rt-avec-contacts-dores-indication-detat-rouge-largeur-6-mm-250-mm%c2%b2-gris-859-314-wago\/#breadcrumb\"},\"inLanguage\":\"en-US\",\"potentialAction\":[{\"@type\":\"ReadAction\",\"target\":[\"https:\/\/www.radper.com\/en\/catalogs\/materiel-electrique\/relais-et-modules-optocoupleurs\/module-relais-tension-nominale-dentree-dc-24-v-1-rt-avec-contacts-dores-indication-detat-rouge-largeur-6-mm-250-mm%c2%b2-gris-859-314-wago\/\"]}]},{\"@type\":\"ImageObject\",\"inLanguage\":\"en-US\",\"@id\":\"https:\/\/www.radper.com\/en\/catalogs\/materiel-electrique\/relais-et-modules-optocoupleurs\/module-relais-tension-nominale-dentree-dc-24-v-1-rt-avec-contacts-dores-indication-detat-rouge-largeur-6-mm-250-mm%c2%b2-gris-859-314-wago\/#primaryimage\",\"url\":\"https:\/\/www.radper.com\/wp-content\/uploads\/2022\/12\/1024-0200002100030e80000100b6-DE.jpg\",\"contentUrl\":\"https:\/\/www.radper.com\/wp-content\/uploads\/2022\/12\/1024-0200002100030e80000100b6-DE.jpg\",\"width\":600,\"height\":600},{\"@type\":\"BreadcrumbList\",\"@id\":\"https:\/\/www.radper.com\/en\/catalogs\/materiel-electrique\/relais-et-modules-optocoupleurs\/module-relais-tension-nominale-dentree-dc-24-v-1-rt-avec-contacts-dores-indication-detat-rouge-largeur-6-mm-250-mm%c2%b2-gris-859-314-wago\/#breadcrumb\",\"itemListElement\":[{\"@type\":\"ListItem\",\"position\":1,\"name\":\"Accueil\",\"item\":\"https:\/\/www.radper.com\/en\/\"},{\"@type\":\"ListItem\",\"position\":2,\"name\":\"Catalog\",\"item\":\"https:\/\/www.radper.com\/en\/catalog\/\"},{\"@type\":\"ListItem\",\"position\":3,\"name\":\"Module relais; Tension nominale d&rsquo;entr\u00e9e DC 24 V; 1 RT; avec contacts dor\u00e9s; Indication d&rsquo;\u00e9tat rouge; Largeur 6 mm; 2,50 mm\u00b2; gris 859-314 WAGO\"}]},{\"@type\":\"WebSite\",\"@id\":\"https:\/\/www.radper.com\/en\/#website\",\"url\":\"https:\/\/www.radper.com\/en\/\",\"name\":\"Radper\",\"description\":\"\",\"publisher\":{\"@id\":\"https:\/\/www.radper.com\/en\/#organization\"},\"potentialAction\":[{\"@type\":\"SearchAction\",\"target\":{\"@type\":\"EntryPoint\",\"urlTemplate\":\"https:\/\/www.radper.com\/en\/?s={search_term_string}\"},\"query-input\":{\"@type\":\"PropertyValueSpecification\",\"valueRequired\":true,\"valueName\":\"search_term_string\"}}],\"inLanguage\":\"en-US\"},{\"@type\":\"Organization\",\"@id\":\"https:\/\/www.radper.com\/en\/#organization\",\"name\":\"radper\",\"url\":\"https:\/\/www.radper.com\/en\/\",\"logo\":{\"@type\":\"ImageObject\",\"inLanguage\":\"en-US\",\"@id\":\"https:\/\/www.radper.com\/en\/#\/schema\/logo\/image\/\",\"url\":\"https:\/\/radper.com\/wp-content\/uploads\/2021\/04\/logo-wide-11.png\",\"contentUrl\":\"https:\/\/radper.com\/wp-content\/uploads\/2021\/04\/logo-wide-11.png\",\"width\":250,\"height\":110,\"caption\":\"radper\"},\"image\":{\"@id\":\"https:\/\/www.radper.com\/en\/#\/schema\/logo\/image\/\"}}]}<\/script>\n<!-- \/ Yoast SEO plugin. -->","yoast_head_json":{"title":"Module relais; Tension nominale d'entr\u00e9e DC 24 V; 1 RT; avec contacts dor\u00e9s; Indication d'\u00e9tat rouge; Largeur 6 mm; 2,50 mm\u00b2; gris 859-314 WAGO - Radper","robots":{"index":"index","follow":"follow","max-snippet":"max-snippet:-1","max-image-preview":"max-image-preview:large","max-video-preview":"max-video-preview:-1"},"canonical":"https:\/\/www.radper.com\/en\/catalogs\/materiel-electrique\/relais-et-modules-optocoupleurs\/module-relais-tension-nominale-dentree-dc-24-v-1-rt-avec-contacts-dores-indication-detat-rouge-largeur-6-mm-250-mm%c2%b2-gris-859-314-wago\/","og_locale":"en_US","og_type":"article","og_title":"Module relais; Tension nominale d'entr\u00e9e DC 24 V; 1 RT; avec contacts dor\u00e9s; Indication d'\u00e9tat rouge; Largeur 6 mm; 2,50 mm\u00b2; gris 859-314 WAGO - Radper","og_description":"859-314","og_url":"https:\/\/www.radper.com\/en\/catalogs\/materiel-electrique\/relais-et-modules-optocoupleurs\/module-relais-tension-nominale-dentree-dc-24-v-1-rt-avec-contacts-dores-indication-detat-rouge-largeur-6-mm-250-mm%c2%b2-gris-859-314-wago\/","og_site_name":"Radper","article_modified_time":"2026-04-17T10:17:26+00:00","og_image":[{"width":600,"height":600,"url":"https:\/\/www.radper.com\/wp-content\/uploads\/2022\/12\/1024-0200002100030e80000100b6-DE.jpg","type":"image\/jpeg"}],"twitter_card":"summary_large_image","twitter_misc":{"Est. reading time":"1 minute"},"schema":{"@context":"https:\/\/schema.org","@graph":[{"@type":"WebPage","@id":"https:\/\/www.radper.com\/en\/catalogs\/materiel-electrique\/relais-et-modules-optocoupleurs\/module-relais-tension-nominale-dentree-dc-24-v-1-rt-avec-contacts-dores-indication-detat-rouge-largeur-6-mm-250-mm%c2%b2-gris-859-314-wago\/","url":"https:\/\/www.radper.com\/en\/catalogs\/materiel-electrique\/relais-et-modules-optocoupleurs\/module-relais-tension-nominale-dentree-dc-24-v-1-rt-avec-contacts-dores-indication-detat-rouge-largeur-6-mm-250-mm%c2%b2-gris-859-314-wago\/","name":"Module relais; Tension nominale d'entr\u00e9e DC 24 V; 1 RT; avec contacts dor\u00e9s; Indication d'\u00e9tat rouge; Largeur 6 mm; 2,50 mm\u00b2; gris 859-314 WAGO - Radper","isPartOf":{"@id":"https:\/\/www.radper.com\/en\/#website"},"primaryImageOfPage":{"@id":"https:\/\/www.radper.com\/en\/catalogs\/materiel-electrique\/relais-et-modules-optocoupleurs\/module-relais-tension-nominale-dentree-dc-24-v-1-rt-avec-contacts-dores-indication-detat-rouge-largeur-6-mm-250-mm%c2%b2-gris-859-314-wago\/#primaryimage"},"image":{"@id":"https:\/\/www.radper.com\/en\/catalogs\/materiel-electrique\/relais-et-modules-optocoupleurs\/module-relais-tension-nominale-dentree-dc-24-v-1-rt-avec-contacts-dores-indication-detat-rouge-largeur-6-mm-250-mm%c2%b2-gris-859-314-wago\/#primaryimage"},"thumbnailUrl":"https:\/\/www.radper.com\/wp-content\/uploads\/2022\/12\/1024-0200002100030e80000100b6-DE.jpg","datePublished":"2022-11-25T11:40:43+00:00","dateModified":"2026-04-17T10:17:26+00:00","breadcrumb":{"@id":"https:\/\/www.radper.com\/en\/catalogs\/materiel-electrique\/relais-et-modules-optocoupleurs\/module-relais-tension-nominale-dentree-dc-24-v-1-rt-avec-contacts-dores-indication-detat-rouge-largeur-6-mm-250-mm%c2%b2-gris-859-314-wago\/#breadcrumb"},"inLanguage":"en-US","potentialAction":[{"@type":"ReadAction","target":["https:\/\/www.radper.com\/en\/catalogs\/materiel-electrique\/relais-et-modules-optocoupleurs\/module-relais-tension-nominale-dentree-dc-24-v-1-rt-avec-contacts-dores-indication-detat-rouge-largeur-6-mm-250-mm%c2%b2-gris-859-314-wago\/"]}]},{"@type":"ImageObject","inLanguage":"en-US","@id":"https:\/\/www.radper.com\/en\/catalogs\/materiel-electrique\/relais-et-modules-optocoupleurs\/module-relais-tension-nominale-dentree-dc-24-v-1-rt-avec-contacts-dores-indication-detat-rouge-largeur-6-mm-250-mm%c2%b2-gris-859-314-wago\/#primaryimage","url":"https:\/\/www.radper.com\/wp-content\/uploads\/2022\/12\/1024-0200002100030e80000100b6-DE.jpg","contentUrl":"https:\/\/www.radper.com\/wp-content\/uploads\/2022\/12\/1024-0200002100030e80000100b6-DE.jpg","width":600,"height":600},{"@type":"BreadcrumbList","@id":"https:\/\/www.radper.com\/en\/catalogs\/materiel-electrique\/relais-et-modules-optocoupleurs\/module-relais-tension-nominale-dentree-dc-24-v-1-rt-avec-contacts-dores-indication-detat-rouge-largeur-6-mm-250-mm%c2%b2-gris-859-314-wago\/#breadcrumb","itemListElement":[{"@type":"ListItem","position":1,"name":"Accueil","item":"https:\/\/www.radper.com\/en\/"},{"@type":"ListItem","position":2,"name":"Catalog","item":"https:\/\/www.radper.com\/en\/catalog\/"},{"@type":"ListItem","position":3,"name":"Module relais; Tension nominale d&rsquo;entr\u00e9e DC 24 V; 1 RT; avec contacts dor\u00e9s; Indication d&rsquo;\u00e9tat rouge; Largeur 6 mm; 2,50 mm\u00b2; gris 859-314 WAGO"}]},{"@type":"WebSite","@id":"https:\/\/www.radper.com\/en\/#website","url":"https:\/\/www.radper.com\/en\/","name":"Radper","description":"","publisher":{"@id":"https:\/\/www.radper.com\/en\/#organization"},"potentialAction":[{"@type":"SearchAction","target":{"@type":"EntryPoint","urlTemplate":"https:\/\/www.radper.com\/en\/?s={search_term_string}"},"query-input":{"@type":"PropertyValueSpecification","valueRequired":true,"valueName":"search_term_string"}}],"inLanguage":"en-US"},{"@type":"Organization","@id":"https:\/\/www.radper.com\/en\/#organization","name":"radper","url":"https:\/\/www.radper.com\/en\/","logo":{"@type":"ImageObject","inLanguage":"en-US","@id":"https:\/\/www.radper.com\/en\/#\/schema\/logo\/image\/","url":"https:\/\/radper.com\/wp-content\/uploads\/2021\/04\/logo-wide-11.png","contentUrl":"https:\/\/radper.com\/wp-content\/uploads\/2021\/04\/logo-wide-11.png","width":250,"height":110,"caption":"radper"},"image":{"@id":"https:\/\/www.radper.com\/en\/#\/schema\/logo\/image\/"}}]}},"_links":{"self":[{"href":"https:\/\/www.radper.com\/en\/wp-json\/wp\/v2\/product\/20755","targetHints":{"allow":["GET"]}}],"collection":[{"href":"https:\/\/www.radper.com\/en\/wp-json\/wp\/v2\/product"}],"about":[{"href":"https:\/\/www.radper.com\/en\/wp-json\/wp\/v2\/types\/product"}],"wp:featuredmedia":[{"embeddable":true,"href":"https:\/\/www.radper.com\/en\/wp-json\/wp\/v2\/media\/38098"}],"wp:attachment":[{"href":"https:\/\/www.radper.com\/en\/wp-json\/wp\/v2\/media?parent=20755"}],"wp:term":[{"taxonomy":"product_brand","embeddable":true,"href":"https:\/\/www.radper.com\/en\/wp-json\/wp\/v2\/product_brand?post=20755"},{"taxonomy":"product_cat","embeddable":true,"href":"https:\/\/www.radper.com\/en\/wp-json\/wp\/v2\/product_cat?post=20755"},{"taxonomy":"product_tag","embeddable":true,"href":"https:\/\/www.radper.com\/en\/wp-json\/wp\/v2\/product_tag?post=20755"}],"curies":[{"name":"wp","href":"https:\/\/api.w.org\/{rel}","templated":true}]}}