{"id":20932,"date":"2022-11-25T14:25:43","date_gmt":"2022-11-25T14:25:43","guid":{"rendered":"https:\/\/www.radper.com\/produit\/transformateurs-dintensite-non-intrusifs-courant-de-reference-primaire-150-a-courant-reference-2-1-a-puissance-de-reference-02-va-classe-de-precision-1-longueur-de-cable-3-m-855-4001-150-001-wa\/"},"modified":"2026-04-05T13:03:44","modified_gmt":"2026-04-05T13:03:44","slug":"transformateurs-dintensite-non-intrusifs-courant-de-reference-primaire-150-a-courant-reference-2-1-a-puissance-de-reference-02-va-classe-de-precision-1-longueur-de-cable-3-m-855-4001-150-001-wa","status":"publish","type":"product","link":"https:\/\/www.radper.com\/en\/catalogs\/materiel-electrique\/transformateur-de-courant\/transformateurs-dintensite-non-intrusifs-courant-de-reference-primaire-150-a-courant-reference-2-1-a-puissance-de-reference-02-va-classe-de-precision-1-longueur-de-cable-3-m-855-4001-150-001-wa\/","title":{"rendered":"Transformateurs d&#8217;intensit\u00e9 non intrusifs; Courant de r\u00e9f\u00e9rence primaire 150 A; Courant r\u00e9f\u00e9rence 2 1 A; Puissance de r\u00e9f\u00e9rence 0,2 VA; Classe de pr\u00e9cision 1; Longueur de c\u00e2ble 3 m 855-4001\/150-001 WAGO"},"content":{"rendered":"<p>Transformateurs d&#8217;intensit\u00e9 non intrusifs; Courant de r\u00e9f\u00e9rence primaire 150 A; Courant r\u00e9f\u00e9rence 2 1 A; Puissance de r\u00e9f\u00e9rence 0,2 VA; Classe de pr\u00e9cision 1; Longueur de c\u00e2ble 3 m 855-4001\/150-001 WAGO, Courant primaire 150 A, Courant permanent thermique 100 %, Courant courte dur\u00e9e Ith 60 x IN \/ 1 s, Courant transitoire Idyn 2,5 x Ith, Fr\u00e9quence de r\u00e9f\u00e9rence 50 \u2026 60 Hz, Courant r\u00e9f\u00e9rence 2 1A<\/p>\n","protected":false},"excerpt":{"rendered":"<p>855-4001\/150-001<\/p>\n","protected":false},"featured_media":20816,"template":"","meta":{"_acf_changed":false},"product_brand":[],"product_cat":[1064],"product_tag":[],"class_list":{"0":"post-20932","1":"product","2":"type-product","3":"status-publish","4":"has-post-thumbnail","6":"product_cat-transformateur-de-courant","7":"pa_marque-wago","9":"first","10":"instock","11":"featured","12":"taxable","13":"shipping-taxable","14":"product-type-simple"},"acf":[],"yoast_head":"<!-- This site is optimized with the Yoast SEO plugin v26.2 - https:\/\/yoast.com\/wordpress\/plugins\/seo\/ -->\n<title>Transformateurs d&#039;intensit\u00e9 non intrusifs; Courant de r\u00e9f\u00e9rence primaire 150 A; Courant r\u00e9f\u00e9rence 2 1 A; Puissance de r\u00e9f\u00e9rence 0,2 VA; Classe de pr\u00e9cision 1; Longueur de c\u00e2ble 3 m 855-4001\/150-001 WAGO - Radper<\/title>\n<meta name=\"robots\" content=\"index, follow, max-snippet:-1, max-image-preview:large, max-video-preview:-1\" \/>\n<link rel=\"canonical\" href=\"https:\/\/www.radper.com\/en\/catalogs\/materiel-electrique\/transformateur-de-courant\/transformateurs-dintensite-non-intrusifs-courant-de-reference-primaire-150-a-courant-reference-2-1-a-puissance-de-reference-02-va-classe-de-precision-1-longueur-de-cable-3-m-855-4001-150-001-wa\/\" \/>\n<meta property=\"og:locale\" content=\"en_US\" \/>\n<meta property=\"og:type\" content=\"article\" \/>\n<meta property=\"og:title\" content=\"Transformateurs d&#039;intensit\u00e9 non intrusifs; Courant de r\u00e9f\u00e9rence primaire 150 A; Courant r\u00e9f\u00e9rence 2 1 A; Puissance de r\u00e9f\u00e9rence 0,2 VA; Classe de pr\u00e9cision 1; Longueur de c\u00e2ble 3 m 855-4001\/150-001 WAGO - Radper\" \/>\n<meta property=\"og:description\" content=\"855-4001\/150-001\" \/>\n<meta property=\"og:url\" content=\"https:\/\/www.radper.com\/en\/catalogs\/materiel-electrique\/transformateur-de-courant\/transformateurs-dintensite-non-intrusifs-courant-de-reference-primaire-150-a-courant-reference-2-1-a-puissance-de-reference-02-va-classe-de-precision-1-longueur-de-cable-3-m-855-4001-150-001-wa\/\" \/>\n<meta property=\"og:site_name\" content=\"Radper\" \/>\n<meta property=\"article:modified_time\" content=\"2026-04-05T13:03:44+00:00\" \/>\n<meta property=\"og:image\" content=\"https:\/\/www.radper.com\/wp-content\/uploads\/2022\/11\/1024-020000190003f3d1000100b6-DE.jpg\" \/>\n\t<meta property=\"og:image:width\" content=\"824\" \/>\n\t<meta property=\"og:image:height\" content=\"600\" \/>\n\t<meta property=\"og:image:type\" content=\"image\/jpeg\" \/>\n<meta name=\"twitter:card\" content=\"summary_large_image\" \/>\n<script type=\"application\/ld+json\" class=\"yoast-schema-graph\">{\"@context\":\"https:\/\/schema.org\",\"@graph\":[{\"@type\":\"WebPage\",\"@id\":\"https:\/\/www.radper.com\/en\/catalogs\/materiel-electrique\/transformateur-de-courant\/transformateurs-dintensite-non-intrusifs-courant-de-reference-primaire-150-a-courant-reference-2-1-a-puissance-de-reference-02-va-classe-de-precision-1-longueur-de-cable-3-m-855-4001-150-001-wa\/\",\"url\":\"https:\/\/www.radper.com\/en\/catalogs\/materiel-electrique\/transformateur-de-courant\/transformateurs-dintensite-non-intrusifs-courant-de-reference-primaire-150-a-courant-reference-2-1-a-puissance-de-reference-02-va-classe-de-precision-1-longueur-de-cable-3-m-855-4001-150-001-wa\/\",\"name\":\"Transformateurs d'intensit\u00e9 non intrusifs; Courant de r\u00e9f\u00e9rence primaire 150 A; Courant r\u00e9f\u00e9rence 2 1 A; Puissance de r\u00e9f\u00e9rence 0,2 VA; Classe de pr\u00e9cision 1; Longueur de c\u00e2ble 3 m 855-4001\/150-001 WAGO - Radper\",\"isPartOf\":{\"@id\":\"https:\/\/www.radper.com\/en\/#website\"},\"primaryImageOfPage\":{\"@id\":\"https:\/\/www.radper.com\/en\/catalogs\/materiel-electrique\/transformateur-de-courant\/transformateurs-dintensite-non-intrusifs-courant-de-reference-primaire-150-a-courant-reference-2-1-a-puissance-de-reference-02-va-classe-de-precision-1-longueur-de-cable-3-m-855-4001-150-001-wa\/#primaryimage\"},\"image\":{\"@id\":\"https:\/\/www.radper.com\/en\/catalogs\/materiel-electrique\/transformateur-de-courant\/transformateurs-dintensite-non-intrusifs-courant-de-reference-primaire-150-a-courant-reference-2-1-a-puissance-de-reference-02-va-classe-de-precision-1-longueur-de-cable-3-m-855-4001-150-001-wa\/#primaryimage\"},\"thumbnailUrl\":\"https:\/\/www.radper.com\/wp-content\/uploads\/2022\/11\/1024-020000190003f3d1000100b6-DE.jpg\",\"datePublished\":\"2022-11-25T14:25:43+00:00\",\"dateModified\":\"2026-04-05T13:03:44+00:00\",\"breadcrumb\":{\"@id\":\"https:\/\/www.radper.com\/en\/catalogs\/materiel-electrique\/transformateur-de-courant\/transformateurs-dintensite-non-intrusifs-courant-de-reference-primaire-150-a-courant-reference-2-1-a-puissance-de-reference-02-va-classe-de-precision-1-longueur-de-cable-3-m-855-4001-150-001-wa\/#breadcrumb\"},\"inLanguage\":\"en-US\",\"potentialAction\":[{\"@type\":\"ReadAction\",\"target\":[\"https:\/\/www.radper.com\/en\/catalogs\/materiel-electrique\/transformateur-de-courant\/transformateurs-dintensite-non-intrusifs-courant-de-reference-primaire-150-a-courant-reference-2-1-a-puissance-de-reference-02-va-classe-de-precision-1-longueur-de-cable-3-m-855-4001-150-001-wa\/\"]}]},{\"@type\":\"ImageObject\",\"inLanguage\":\"en-US\",\"@id\":\"https:\/\/www.radper.com\/en\/catalogs\/materiel-electrique\/transformateur-de-courant\/transformateurs-dintensite-non-intrusifs-courant-de-reference-primaire-150-a-courant-reference-2-1-a-puissance-de-reference-02-va-classe-de-precision-1-longueur-de-cable-3-m-855-4001-150-001-wa\/#primaryimage\",\"url\":\"https:\/\/www.radper.com\/wp-content\/uploads\/2022\/11\/1024-020000190003f3d1000100b6-DE.jpg\",\"contentUrl\":\"https:\/\/www.radper.com\/wp-content\/uploads\/2022\/11\/1024-020000190003f3d1000100b6-DE.jpg\",\"width\":824,\"height\":600},{\"@type\":\"BreadcrumbList\",\"@id\":\"https:\/\/www.radper.com\/en\/catalogs\/materiel-electrique\/transformateur-de-courant\/transformateurs-dintensite-non-intrusifs-courant-de-reference-primaire-150-a-courant-reference-2-1-a-puissance-de-reference-02-va-classe-de-precision-1-longueur-de-cable-3-m-855-4001-150-001-wa\/#breadcrumb\",\"itemListElement\":[{\"@type\":\"ListItem\",\"position\":1,\"name\":\"Accueil\",\"item\":\"https:\/\/www.radper.com\/en\/\"},{\"@type\":\"ListItem\",\"position\":2,\"name\":\"Catalog\",\"item\":\"https:\/\/www.radper.com\/en\/catalog\/\"},{\"@type\":\"ListItem\",\"position\":3,\"name\":\"Transformateurs d&#8217;intensit\u00e9 non intrusifs; Courant de r\u00e9f\u00e9rence primaire 150 A; Courant r\u00e9f\u00e9rence 2 1 A; Puissance de r\u00e9f\u00e9rence 0,2 VA; Classe de pr\u00e9cision 1; Longueur de c\u00e2ble 3 m 855-4001\/150-001 WAGO\"}]},{\"@type\":\"WebSite\",\"@id\":\"https:\/\/www.radper.com\/en\/#website\",\"url\":\"https:\/\/www.radper.com\/en\/\",\"name\":\"Radper\",\"description\":\"\",\"publisher\":{\"@id\":\"https:\/\/www.radper.com\/en\/#organization\"},\"potentialAction\":[{\"@type\":\"SearchAction\",\"target\":{\"@type\":\"EntryPoint\",\"urlTemplate\":\"https:\/\/www.radper.com\/en\/?s={search_term_string}\"},\"query-input\":{\"@type\":\"PropertyValueSpecification\",\"valueRequired\":true,\"valueName\":\"search_term_string\"}}],\"inLanguage\":\"en-US\"},{\"@type\":\"Organization\",\"@id\":\"https:\/\/www.radper.com\/en\/#organization\",\"name\":\"radper\",\"url\":\"https:\/\/www.radper.com\/en\/\",\"logo\":{\"@type\":\"ImageObject\",\"inLanguage\":\"en-US\",\"@id\":\"https:\/\/www.radper.com\/en\/#\/schema\/logo\/image\/\",\"url\":\"https:\/\/radper.com\/wp-content\/uploads\/2021\/04\/logo-wide-11.png\",\"contentUrl\":\"https:\/\/radper.com\/wp-content\/uploads\/2021\/04\/logo-wide-11.png\",\"width\":250,\"height\":110,\"caption\":\"radper\"},\"image\":{\"@id\":\"https:\/\/www.radper.com\/en\/#\/schema\/logo\/image\/\"}}]}<\/script>\n<!-- \/ Yoast SEO plugin. -->","yoast_head_json":{"title":"Transformateurs d'intensit\u00e9 non intrusifs; Courant de r\u00e9f\u00e9rence primaire 150 A; Courant r\u00e9f\u00e9rence 2 1 A; Puissance de r\u00e9f\u00e9rence 0,2 VA; Classe de pr\u00e9cision 1; Longueur de c\u00e2ble 3 m 855-4001\/150-001 WAGO - Radper","robots":{"index":"index","follow":"follow","max-snippet":"max-snippet:-1","max-image-preview":"max-image-preview:large","max-video-preview":"max-video-preview:-1"},"canonical":"https:\/\/www.radper.com\/en\/catalogs\/materiel-electrique\/transformateur-de-courant\/transformateurs-dintensite-non-intrusifs-courant-de-reference-primaire-150-a-courant-reference-2-1-a-puissance-de-reference-02-va-classe-de-precision-1-longueur-de-cable-3-m-855-4001-150-001-wa\/","og_locale":"en_US","og_type":"article","og_title":"Transformateurs d'intensit\u00e9 non intrusifs; Courant de r\u00e9f\u00e9rence primaire 150 A; Courant r\u00e9f\u00e9rence 2 1 A; Puissance de r\u00e9f\u00e9rence 0,2 VA; Classe de pr\u00e9cision 1; Longueur de c\u00e2ble 3 m 855-4001\/150-001 WAGO - Radper","og_description":"855-4001\/150-001","og_url":"https:\/\/www.radper.com\/en\/catalogs\/materiel-electrique\/transformateur-de-courant\/transformateurs-dintensite-non-intrusifs-courant-de-reference-primaire-150-a-courant-reference-2-1-a-puissance-de-reference-02-va-classe-de-precision-1-longueur-de-cable-3-m-855-4001-150-001-wa\/","og_site_name":"Radper","article_modified_time":"2026-04-05T13:03:44+00:00","og_image":[{"width":824,"height":600,"url":"https:\/\/www.radper.com\/wp-content\/uploads\/2022\/11\/1024-020000190003f3d1000100b6-DE.jpg","type":"image\/jpeg"}],"twitter_card":"summary_large_image","schema":{"@context":"https:\/\/schema.org","@graph":[{"@type":"WebPage","@id":"https:\/\/www.radper.com\/en\/catalogs\/materiel-electrique\/transformateur-de-courant\/transformateurs-dintensite-non-intrusifs-courant-de-reference-primaire-150-a-courant-reference-2-1-a-puissance-de-reference-02-va-classe-de-precision-1-longueur-de-cable-3-m-855-4001-150-001-wa\/","url":"https:\/\/www.radper.com\/en\/catalogs\/materiel-electrique\/transformateur-de-courant\/transformateurs-dintensite-non-intrusifs-courant-de-reference-primaire-150-a-courant-reference-2-1-a-puissance-de-reference-02-va-classe-de-precision-1-longueur-de-cable-3-m-855-4001-150-001-wa\/","name":"Transformateurs d'intensit\u00e9 non intrusifs; Courant de r\u00e9f\u00e9rence primaire 150 A; Courant r\u00e9f\u00e9rence 2 1 A; Puissance de r\u00e9f\u00e9rence 0,2 VA; Classe de pr\u00e9cision 1; Longueur de c\u00e2ble 3 m 855-4001\/150-001 WAGO - Radper","isPartOf":{"@id":"https:\/\/www.radper.com\/en\/#website"},"primaryImageOfPage":{"@id":"https:\/\/www.radper.com\/en\/catalogs\/materiel-electrique\/transformateur-de-courant\/transformateurs-dintensite-non-intrusifs-courant-de-reference-primaire-150-a-courant-reference-2-1-a-puissance-de-reference-02-va-classe-de-precision-1-longueur-de-cable-3-m-855-4001-150-001-wa\/#primaryimage"},"image":{"@id":"https:\/\/www.radper.com\/en\/catalogs\/materiel-electrique\/transformateur-de-courant\/transformateurs-dintensite-non-intrusifs-courant-de-reference-primaire-150-a-courant-reference-2-1-a-puissance-de-reference-02-va-classe-de-precision-1-longueur-de-cable-3-m-855-4001-150-001-wa\/#primaryimage"},"thumbnailUrl":"https:\/\/www.radper.com\/wp-content\/uploads\/2022\/11\/1024-020000190003f3d1000100b6-DE.jpg","datePublished":"2022-11-25T14:25:43+00:00","dateModified":"2026-04-05T13:03:44+00:00","breadcrumb":{"@id":"https:\/\/www.radper.com\/en\/catalogs\/materiel-electrique\/transformateur-de-courant\/transformateurs-dintensite-non-intrusifs-courant-de-reference-primaire-150-a-courant-reference-2-1-a-puissance-de-reference-02-va-classe-de-precision-1-longueur-de-cable-3-m-855-4001-150-001-wa\/#breadcrumb"},"inLanguage":"en-US","potentialAction":[{"@type":"ReadAction","target":["https:\/\/www.radper.com\/en\/catalogs\/materiel-electrique\/transformateur-de-courant\/transformateurs-dintensite-non-intrusifs-courant-de-reference-primaire-150-a-courant-reference-2-1-a-puissance-de-reference-02-va-classe-de-precision-1-longueur-de-cable-3-m-855-4001-150-001-wa\/"]}]},{"@type":"ImageObject","inLanguage":"en-US","@id":"https:\/\/www.radper.com\/en\/catalogs\/materiel-electrique\/transformateur-de-courant\/transformateurs-dintensite-non-intrusifs-courant-de-reference-primaire-150-a-courant-reference-2-1-a-puissance-de-reference-02-va-classe-de-precision-1-longueur-de-cable-3-m-855-4001-150-001-wa\/#primaryimage","url":"https:\/\/www.radper.com\/wp-content\/uploads\/2022\/11\/1024-020000190003f3d1000100b6-DE.jpg","contentUrl":"https:\/\/www.radper.com\/wp-content\/uploads\/2022\/11\/1024-020000190003f3d1000100b6-DE.jpg","width":824,"height":600},{"@type":"BreadcrumbList","@id":"https:\/\/www.radper.com\/en\/catalogs\/materiel-electrique\/transformateur-de-courant\/transformateurs-dintensite-non-intrusifs-courant-de-reference-primaire-150-a-courant-reference-2-1-a-puissance-de-reference-02-va-classe-de-precision-1-longueur-de-cable-3-m-855-4001-150-001-wa\/#breadcrumb","itemListElement":[{"@type":"ListItem","position":1,"name":"Accueil","item":"https:\/\/www.radper.com\/en\/"},{"@type":"ListItem","position":2,"name":"Catalog","item":"https:\/\/www.radper.com\/en\/catalog\/"},{"@type":"ListItem","position":3,"name":"Transformateurs d&#8217;intensit\u00e9 non intrusifs; Courant de r\u00e9f\u00e9rence primaire 150 A; Courant r\u00e9f\u00e9rence 2 1 A; Puissance de r\u00e9f\u00e9rence 0,2 VA; Classe de pr\u00e9cision 1; Longueur de c\u00e2ble 3 m 855-4001\/150-001 WAGO"}]},{"@type":"WebSite","@id":"https:\/\/www.radper.com\/en\/#website","url":"https:\/\/www.radper.com\/en\/","name":"Radper","description":"","publisher":{"@id":"https:\/\/www.radper.com\/en\/#organization"},"potentialAction":[{"@type":"SearchAction","target":{"@type":"EntryPoint","urlTemplate":"https:\/\/www.radper.com\/en\/?s={search_term_string}"},"query-input":{"@type":"PropertyValueSpecification","valueRequired":true,"valueName":"search_term_string"}}],"inLanguage":"en-US"},{"@type":"Organization","@id":"https:\/\/www.radper.com\/en\/#organization","name":"radper","url":"https:\/\/www.radper.com\/en\/","logo":{"@type":"ImageObject","inLanguage":"en-US","@id":"https:\/\/www.radper.com\/en\/#\/schema\/logo\/image\/","url":"https:\/\/radper.com\/wp-content\/uploads\/2021\/04\/logo-wide-11.png","contentUrl":"https:\/\/radper.com\/wp-content\/uploads\/2021\/04\/logo-wide-11.png","width":250,"height":110,"caption":"radper"},"image":{"@id":"https:\/\/www.radper.com\/en\/#\/schema\/logo\/image\/"}}]}},"_links":{"self":[{"href":"https:\/\/www.radper.com\/en\/wp-json\/wp\/v2\/product\/20932","targetHints":{"allow":["GET"]}}],"collection":[{"href":"https:\/\/www.radper.com\/en\/wp-json\/wp\/v2\/product"}],"about":[{"href":"https:\/\/www.radper.com\/en\/wp-json\/wp\/v2\/types\/product"}],"wp:featuredmedia":[{"embeddable":true,"href":"https:\/\/www.radper.com\/en\/wp-json\/wp\/v2\/media\/20816"}],"wp:attachment":[{"href":"https:\/\/www.radper.com\/en\/wp-json\/wp\/v2\/media?parent=20932"}],"wp:term":[{"taxonomy":"product_brand","embeddable":true,"href":"https:\/\/www.radper.com\/en\/wp-json\/wp\/v2\/product_brand?post=20932"},{"taxonomy":"product_cat","embeddable":true,"href":"https:\/\/www.radper.com\/en\/wp-json\/wp\/v2\/product_cat?post=20932"},{"taxonomy":"product_tag","embeddable":true,"href":"https:\/\/www.radper.com\/en\/wp-json\/wp\/v2\/product_tag?post=20932"}],"curies":[{"name":"wp","href":"https:\/\/api.w.org\/{rel}","templated":true}]}}