{"id":23949,"date":"2022-11-29T17:02:15","date_gmt":"2022-11-29T17:02:15","guid":{"rendered":"https:\/\/www.radper.com\/produit\/robinet-a-soupape-a-chapeau-boulonne-trim-8-800-lbs-bsp-tecofi\/"},"modified":"2026-04-14T09:55:54","modified_gmt":"2026-04-14T09:55:54","slug":"robinet-a-soupape-a-chapeau-boulonne-trim-8-800-lbs-bsp-tecofi","status":"publish","type":"product","link":"https:\/\/www.radper.com\/en\/catalogs\/pompes-et-robinneterie\/robinetterie-petrole\/robinet-a-soupape-a-chapeau-boulonne-trim-8-800-lbs-bsp-tecofi\/","title":{"rendered":"Robinet \u00e0 soupape \u00e0 chapeau boulonn\u00e9 TRIM 8 \u2013 800 Lbs \u2013 BSP TECOFI"},"content":{"rendered":"<p>Robinet \u00e0 soupape \u00e0 chapeau boulonn\u00e9 TRIM 8 \u2013 800 Lbs \u2013 BSP TECOFI, Mat\u00e9riaux du corps ACIER A105\/1.0460, Nature de l&#8217;obturateur AISI410, Pression 138 BAR\/800LBS\/API2000, Raccordement FEMELLE BSP, Contact \u00e9tanch\u00e9it\u00e9 INOX + STELLITE, Actionneur VOLANT<\/p>\n","protected":false},"excerpt":{"rendered":"<p>RAS5843BSP<\/p>\n","protected":false},"featured_media":23063,"template":"","meta":{"_acf_changed":false},"product_brand":[],"product_cat":[8256],"product_tag":[],"class_list":{"0":"post-23949","1":"product","2":"type-product","3":"status-publish","4":"has-post-thumbnail","6":"product_cat-robinetterie-petrole","7":"pa_marque-tecofi","9":"first","10":"instock","11":"featured","12":"taxable","13":"shipping-taxable","14":"product-type-simple"},"acf":[],"yoast_head":"<!-- This site is optimized with the Yoast SEO plugin v26.2 - https:\/\/yoast.com\/wordpress\/plugins\/seo\/ -->\n<title>Robinet \u00e0 soupape \u00e0 chapeau boulonn\u00e9 TRIM 8 \u2013 800 Lbs \u2013 BSP TECOFI - Radper<\/title>\n<meta name=\"robots\" content=\"index, follow, max-snippet:-1, max-image-preview:large, max-video-preview:-1\" \/>\n<link rel=\"canonical\" href=\"https:\/\/www.radper.com\/en\/catalogs\/pompes-et-robinneterie\/robinetterie-petrole\/robinet-a-soupape-a-chapeau-boulonne-trim-8-800-lbs-bsp-tecofi\/\" \/>\n<meta property=\"og:locale\" content=\"en_US\" \/>\n<meta property=\"og:type\" content=\"article\" \/>\n<meta property=\"og:title\" content=\"Robinet \u00e0 soupape \u00e0 chapeau boulonn\u00e9 TRIM 8 \u2013 800 Lbs \u2013 BSP TECOFI - Radper\" \/>\n<meta property=\"og:description\" content=\"RAS5843BSP\" \/>\n<meta property=\"og:url\" content=\"https:\/\/www.radper.com\/en\/catalogs\/pompes-et-robinneterie\/robinetterie-petrole\/robinet-a-soupape-a-chapeau-boulonne-trim-8-800-lbs-bsp-tecofi\/\" \/>\n<meta property=\"og:site_name\" content=\"Radper\" \/>\n<meta property=\"article:modified_time\" content=\"2026-04-14T09:55:54+00:00\" \/>\n<meta property=\"og:image\" content=\"https:\/\/www.radper.com\/wp-content\/uploads\/2022\/11\/RAS5843BSP.jpg\" \/>\n\t<meta property=\"og:image:width\" content=\"480\" \/>\n\t<meta property=\"og:image:height\" content=\"600\" \/>\n\t<meta property=\"og:image:type\" content=\"image\/jpeg\" \/>\n<meta name=\"twitter:card\" content=\"summary_large_image\" \/>\n<script type=\"application\/ld+json\" class=\"yoast-schema-graph\">{\"@context\":\"https:\/\/schema.org\",\"@graph\":[{\"@type\":\"WebPage\",\"@id\":\"https:\/\/www.radper.com\/en\/catalogs\/pompes-et-robinneterie\/robinetterie-petrole\/robinet-a-soupape-a-chapeau-boulonne-trim-8-800-lbs-bsp-tecofi\/\",\"url\":\"https:\/\/www.radper.com\/en\/catalogs\/pompes-et-robinneterie\/robinetterie-petrole\/robinet-a-soupape-a-chapeau-boulonne-trim-8-800-lbs-bsp-tecofi\/\",\"name\":\"Robinet \u00e0 soupape \u00e0 chapeau boulonn\u00e9 TRIM 8 \u2013 800 Lbs \u2013 BSP TECOFI - Radper\",\"isPartOf\":{\"@id\":\"https:\/\/www.radper.com\/en\/#website\"},\"primaryImageOfPage\":{\"@id\":\"https:\/\/www.radper.com\/en\/catalogs\/pompes-et-robinneterie\/robinetterie-petrole\/robinet-a-soupape-a-chapeau-boulonne-trim-8-800-lbs-bsp-tecofi\/#primaryimage\"},\"image\":{\"@id\":\"https:\/\/www.radper.com\/en\/catalogs\/pompes-et-robinneterie\/robinetterie-petrole\/robinet-a-soupape-a-chapeau-boulonne-trim-8-800-lbs-bsp-tecofi\/#primaryimage\"},\"thumbnailUrl\":\"https:\/\/www.radper.com\/wp-content\/uploads\/2022\/11\/RAS5843BSP.jpg\",\"datePublished\":\"2022-11-29T17:02:15+00:00\",\"dateModified\":\"2026-04-14T09:55:54+00:00\",\"breadcrumb\":{\"@id\":\"https:\/\/www.radper.com\/en\/catalogs\/pompes-et-robinneterie\/robinetterie-petrole\/robinet-a-soupape-a-chapeau-boulonne-trim-8-800-lbs-bsp-tecofi\/#breadcrumb\"},\"inLanguage\":\"en-US\",\"potentialAction\":[{\"@type\":\"ReadAction\",\"target\":[\"https:\/\/www.radper.com\/en\/catalogs\/pompes-et-robinneterie\/robinetterie-petrole\/robinet-a-soupape-a-chapeau-boulonne-trim-8-800-lbs-bsp-tecofi\/\"]}]},{\"@type\":\"ImageObject\",\"inLanguage\":\"en-US\",\"@id\":\"https:\/\/www.radper.com\/en\/catalogs\/pompes-et-robinneterie\/robinetterie-petrole\/robinet-a-soupape-a-chapeau-boulonne-trim-8-800-lbs-bsp-tecofi\/#primaryimage\",\"url\":\"https:\/\/www.radper.com\/wp-content\/uploads\/2022\/11\/RAS5843BSP.jpg\",\"contentUrl\":\"https:\/\/www.radper.com\/wp-content\/uploads\/2022\/11\/RAS5843BSP.jpg\",\"width\":480,\"height\":600},{\"@type\":\"BreadcrumbList\",\"@id\":\"https:\/\/www.radper.com\/en\/catalogs\/pompes-et-robinneterie\/robinetterie-petrole\/robinet-a-soupape-a-chapeau-boulonne-trim-8-800-lbs-bsp-tecofi\/#breadcrumb\",\"itemListElement\":[{\"@type\":\"ListItem\",\"position\":1,\"name\":\"Accueil\",\"item\":\"https:\/\/www.radper.com\/en\/\"},{\"@type\":\"ListItem\",\"position\":2,\"name\":\"Catalog\",\"item\":\"https:\/\/www.radper.com\/en\/catalog\/\"},{\"@type\":\"ListItem\",\"position\":3,\"name\":\"Robinet \u00e0 soupape \u00e0 chapeau boulonn\u00e9 TRIM 8 \u2013 800 Lbs \u2013 BSP TECOFI\"}]},{\"@type\":\"WebSite\",\"@id\":\"https:\/\/www.radper.com\/en\/#website\",\"url\":\"https:\/\/www.radper.com\/en\/\",\"name\":\"Radper\",\"description\":\"\",\"publisher\":{\"@id\":\"https:\/\/www.radper.com\/en\/#organization\"},\"potentialAction\":[{\"@type\":\"SearchAction\",\"target\":{\"@type\":\"EntryPoint\",\"urlTemplate\":\"https:\/\/www.radper.com\/en\/?s={search_term_string}\"},\"query-input\":{\"@type\":\"PropertyValueSpecification\",\"valueRequired\":true,\"valueName\":\"search_term_string\"}}],\"inLanguage\":\"en-US\"},{\"@type\":\"Organization\",\"@id\":\"https:\/\/www.radper.com\/en\/#organization\",\"name\":\"radper\",\"url\":\"https:\/\/www.radper.com\/en\/\",\"logo\":{\"@type\":\"ImageObject\",\"inLanguage\":\"en-US\",\"@id\":\"https:\/\/www.radper.com\/en\/#\/schema\/logo\/image\/\",\"url\":\"https:\/\/radper.com\/wp-content\/uploads\/2021\/04\/logo-wide-11.png\",\"contentUrl\":\"https:\/\/radper.com\/wp-content\/uploads\/2021\/04\/logo-wide-11.png\",\"width\":250,\"height\":110,\"caption\":\"radper\"},\"image\":{\"@id\":\"https:\/\/www.radper.com\/en\/#\/schema\/logo\/image\/\"}}]}<\/script>\n<!-- \/ Yoast SEO plugin. -->","yoast_head_json":{"title":"Robinet \u00e0 soupape \u00e0 chapeau boulonn\u00e9 TRIM 8 \u2013 800 Lbs \u2013 BSP TECOFI - Radper","robots":{"index":"index","follow":"follow","max-snippet":"max-snippet:-1","max-image-preview":"max-image-preview:large","max-video-preview":"max-video-preview:-1"},"canonical":"https:\/\/www.radper.com\/en\/catalogs\/pompes-et-robinneterie\/robinetterie-petrole\/robinet-a-soupape-a-chapeau-boulonne-trim-8-800-lbs-bsp-tecofi\/","og_locale":"en_US","og_type":"article","og_title":"Robinet \u00e0 soupape \u00e0 chapeau boulonn\u00e9 TRIM 8 \u2013 800 Lbs \u2013 BSP TECOFI - Radper","og_description":"RAS5843BSP","og_url":"https:\/\/www.radper.com\/en\/catalogs\/pompes-et-robinneterie\/robinetterie-petrole\/robinet-a-soupape-a-chapeau-boulonne-trim-8-800-lbs-bsp-tecofi\/","og_site_name":"Radper","article_modified_time":"2026-04-14T09:55:54+00:00","og_image":[{"width":480,"height":600,"url":"https:\/\/www.radper.com\/wp-content\/uploads\/2022\/11\/RAS5843BSP.jpg","type":"image\/jpeg"}],"twitter_card":"summary_large_image","schema":{"@context":"https:\/\/schema.org","@graph":[{"@type":"WebPage","@id":"https:\/\/www.radper.com\/en\/catalogs\/pompes-et-robinneterie\/robinetterie-petrole\/robinet-a-soupape-a-chapeau-boulonne-trim-8-800-lbs-bsp-tecofi\/","url":"https:\/\/www.radper.com\/en\/catalogs\/pompes-et-robinneterie\/robinetterie-petrole\/robinet-a-soupape-a-chapeau-boulonne-trim-8-800-lbs-bsp-tecofi\/","name":"Robinet \u00e0 soupape \u00e0 chapeau boulonn\u00e9 TRIM 8 \u2013 800 Lbs \u2013 BSP TECOFI - Radper","isPartOf":{"@id":"https:\/\/www.radper.com\/en\/#website"},"primaryImageOfPage":{"@id":"https:\/\/www.radper.com\/en\/catalogs\/pompes-et-robinneterie\/robinetterie-petrole\/robinet-a-soupape-a-chapeau-boulonne-trim-8-800-lbs-bsp-tecofi\/#primaryimage"},"image":{"@id":"https:\/\/www.radper.com\/en\/catalogs\/pompes-et-robinneterie\/robinetterie-petrole\/robinet-a-soupape-a-chapeau-boulonne-trim-8-800-lbs-bsp-tecofi\/#primaryimage"},"thumbnailUrl":"https:\/\/www.radper.com\/wp-content\/uploads\/2022\/11\/RAS5843BSP.jpg","datePublished":"2022-11-29T17:02:15+00:00","dateModified":"2026-04-14T09:55:54+00:00","breadcrumb":{"@id":"https:\/\/www.radper.com\/en\/catalogs\/pompes-et-robinneterie\/robinetterie-petrole\/robinet-a-soupape-a-chapeau-boulonne-trim-8-800-lbs-bsp-tecofi\/#breadcrumb"},"inLanguage":"en-US","potentialAction":[{"@type":"ReadAction","target":["https:\/\/www.radper.com\/en\/catalogs\/pompes-et-robinneterie\/robinetterie-petrole\/robinet-a-soupape-a-chapeau-boulonne-trim-8-800-lbs-bsp-tecofi\/"]}]},{"@type":"ImageObject","inLanguage":"en-US","@id":"https:\/\/www.radper.com\/en\/catalogs\/pompes-et-robinneterie\/robinetterie-petrole\/robinet-a-soupape-a-chapeau-boulonne-trim-8-800-lbs-bsp-tecofi\/#primaryimage","url":"https:\/\/www.radper.com\/wp-content\/uploads\/2022\/11\/RAS5843BSP.jpg","contentUrl":"https:\/\/www.radper.com\/wp-content\/uploads\/2022\/11\/RAS5843BSP.jpg","width":480,"height":600},{"@type":"BreadcrumbList","@id":"https:\/\/www.radper.com\/en\/catalogs\/pompes-et-robinneterie\/robinetterie-petrole\/robinet-a-soupape-a-chapeau-boulonne-trim-8-800-lbs-bsp-tecofi\/#breadcrumb","itemListElement":[{"@type":"ListItem","position":1,"name":"Accueil","item":"https:\/\/www.radper.com\/en\/"},{"@type":"ListItem","position":2,"name":"Catalog","item":"https:\/\/www.radper.com\/en\/catalog\/"},{"@type":"ListItem","position":3,"name":"Robinet \u00e0 soupape \u00e0 chapeau boulonn\u00e9 TRIM 8 \u2013 800 Lbs \u2013 BSP TECOFI"}]},{"@type":"WebSite","@id":"https:\/\/www.radper.com\/en\/#website","url":"https:\/\/www.radper.com\/en\/","name":"Radper","description":"","publisher":{"@id":"https:\/\/www.radper.com\/en\/#organization"},"potentialAction":[{"@type":"SearchAction","target":{"@type":"EntryPoint","urlTemplate":"https:\/\/www.radper.com\/en\/?s={search_term_string}"},"query-input":{"@type":"PropertyValueSpecification","valueRequired":true,"valueName":"search_term_string"}}],"inLanguage":"en-US"},{"@type":"Organization","@id":"https:\/\/www.radper.com\/en\/#organization","name":"radper","url":"https:\/\/www.radper.com\/en\/","logo":{"@type":"ImageObject","inLanguage":"en-US","@id":"https:\/\/www.radper.com\/en\/#\/schema\/logo\/image\/","url":"https:\/\/radper.com\/wp-content\/uploads\/2021\/04\/logo-wide-11.png","contentUrl":"https:\/\/radper.com\/wp-content\/uploads\/2021\/04\/logo-wide-11.png","width":250,"height":110,"caption":"radper"},"image":{"@id":"https:\/\/www.radper.com\/en\/#\/schema\/logo\/image\/"}}]}},"_links":{"self":[{"href":"https:\/\/www.radper.com\/en\/wp-json\/wp\/v2\/product\/23949","targetHints":{"allow":["GET"]}}],"collection":[{"href":"https:\/\/www.radper.com\/en\/wp-json\/wp\/v2\/product"}],"about":[{"href":"https:\/\/www.radper.com\/en\/wp-json\/wp\/v2\/types\/product"}],"wp:featuredmedia":[{"embeddable":true,"href":"https:\/\/www.radper.com\/en\/wp-json\/wp\/v2\/media\/23063"}],"wp:attachment":[{"href":"https:\/\/www.radper.com\/en\/wp-json\/wp\/v2\/media?parent=23949"}],"wp:term":[{"taxonomy":"product_brand","embeddable":true,"href":"https:\/\/www.radper.com\/en\/wp-json\/wp\/v2\/product_brand?post=23949"},{"taxonomy":"product_cat","embeddable":true,"href":"https:\/\/www.radper.com\/en\/wp-json\/wp\/v2\/product_cat?post=23949"},{"taxonomy":"product_tag","embeddable":true,"href":"https:\/\/www.radper.com\/en\/wp-json\/wp\/v2\/product_tag?post=23949"}],"curies":[{"name":"wp","href":"https:\/\/api.w.org\/{rel}","templated":true}]}}