{"id":35470,"date":"2022-12-22T11:34:08","date_gmt":"2022-12-22T11:34:08","guid":{"rendered":"https:\/\/www.radper.com\/produit\/afficheur-multipoint-diris-digiware-d-50-rs485-ethernet-48290204-socomec\/"},"modified":"2026-04-05T15:35:36","modified_gmt":"2026-04-05T15:35:36","slug":"diris-digiware-d-50-48290204-rs485-ethernet-socomec","status":"publish","type":"product","link":"https:\/\/www.radper.com\/en\/catalogs\/materiel-electrique\/mesure\/diris-digiware-d-50-48290204-rs485-ethernet-socomec\/","title":{"rendered":"DIRIS Digiware D-50 48290204 RS485 Ethernet SOCOMEC"},"content":{"rendered":"<h2 data-start=\"210\" data-end=\"276\"><strong data-start=\"213\" data-end=\"274\">Afficheur multipoint DIRIS Digiware D-50 RS485 &amp; Ethernet \u2013<\/strong>\u00a048290204 SOCOMEC<\/h2>\n<p data-start=\"355\" data-end=\"641\">L\u2019<strong data-start=\"357\" data-end=\"401\">afficheur multipoint DIRIS Digiware D-50 48290204<\/strong> est une interface d\u2019affichage et de passerelle pour le syst\u00e8me <strong data-start=\"465\" data-end=\"483\">DIRIS Digiware<\/strong>. Il permet la <strong data-start=\"498\" data-end=\"522\">visualisation locale<\/strong> des donn\u00e9es issues des modules Digiware et concentre en un seul point <strong data-start=\"593\" data-end=\"618\">l\u2019alimentation 24 VDC<\/strong> et la communication.<\/p>\n<p data-start=\"643\" data-end=\"902\">En plus de son r\u00f4le d\u2019afficheur, il agit comme <strong data-start=\"690\" data-end=\"713\">passerelle Ethernet<\/strong> pour tous les produits connect\u00e9s au bus Digiware ou au bus RS485, avec un <strong data-start=\"788\" data-end=\"812\">serveur web embarqu\u00e9<\/strong> permettant la configuration r\u00e9seau et la consultation \u00e0 distance des donn\u00e9es de mesure.<\/p>\n<p data-start=\"904\" data-end=\"945\">Ses fonctionnalit\u00e9s avanc\u00e9es incluent :<\/p>\n<ul data-start=\"946\" data-end=\"1272\">\n<li data-start=\"946\" data-end=\"1045\">\n<p data-start=\"948\" data-end=\"1045\">Connectivit\u00e9 <strong data-start=\"961\" data-end=\"974\">Bluetooth<\/strong> pour collecter et afficher les donn\u00e9es de capteurs environnementaux,<\/p>\n<\/li>\n<li data-start=\"1046\" data-end=\"1101\">\n<p data-start=\"1048\" data-end=\"1101\"><strong data-start=\"1048\" data-end=\"1069\">Extension m\u00e9moire<\/strong> pour les appareils connect\u00e9s,<\/p>\n<\/li>\n<li data-start=\"1102\" data-end=\"1164\">\n<p data-start=\"1104\" data-end=\"1164\"><strong data-start=\"1104\" data-end=\"1126\">Export automatique<\/strong> des donn\u00e9es vers un serveur FTP(S),<\/p>\n<\/li>\n<li data-start=\"1165\" data-end=\"1218\">\n<p data-start=\"1167\" data-end=\"1218\"><strong data-start=\"1167\" data-end=\"1190\">Notifications email<\/strong> en cas d\u2019alarme (SMTP\/S),<\/p>\n<\/li>\n<li data-start=\"1219\" data-end=\"1272\">\n<p data-start=\"1221\" data-end=\"1272\"><strong data-start=\"1221\" data-end=\"1248\">Synchronisation horaire<\/strong> automatique via SNTP.<\/p>\n<\/li>\n<\/ul>\n<h3 data-start=\"2241\" data-end=\"2285\"><strong data-start=\"2245\" data-end=\"2285\">Normes, Certifications et Durabilit\u00e9<\/strong><\/h3>\n<p data-start=\"2286\" data-end=\"2782\">Le <strong data-start=\"2289\" data-end=\"2312\">DIRIS Digiware D-50<\/strong> est conforme aux normes <strong data-start=\"2337\" data-end=\"2344\">IEC<\/strong> et <strong data-start=\"2348\" data-end=\"2354\">UL<\/strong>, garantissant des performances fiables et s\u00e9curis\u00e9es selon les standards internationaux.<br data-start=\"2443\" data-end=\"2446\" \/>Il b\u00e9n\u00e9ficie d\u2019une fiche <strong data-start=\"2471\" data-end=\"2536\">PEP (Profil Environnemental Produit) SOCO-00043-V01.02-EN.pdf<\/strong>, attestant d\u2019une prise en compte des impacts environnementaux sur l\u2019ensemble de son cycle de vie.<br data-start=\"2634\" data-end=\"2637\" \/>Fabriqu\u00e9 en France, il r\u00e9pond aux exigences de qualit\u00e9 et de conformit\u00e9 en vigueur, avec une mise sur le march\u00e9 effective depuis <strong data-start=\"2766\" data-end=\"2779\">mars 2019<\/strong>.<\/p>\n<h3 data-start=\"2789\" data-end=\"2809\">Caract\u00e9ristiques<\/h3>\n<ul data-start=\"2810\" data-end=\"3123\">\n<li data-start=\"2810\" data-end=\"2879\">\n<p data-start=\"2812\" data-end=\"2879\">R\u00f4le double : <strong data-start=\"2826\" data-end=\"2850\">afficheur multipoint<\/strong> et <strong data-start=\"2854\" data-end=\"2877\">passerelle Ethernet<\/strong><\/p>\n<\/li>\n<li data-start=\"2880\" data-end=\"2947\">\n<p data-start=\"2882\" data-end=\"2947\">Large compatibilit\u00e9 protocolaire : <strong data-start=\"2917\" data-end=\"2945\">Modbus, SNMP, BACnet IP\u2026<\/strong><\/p>\n<\/li>\n<li data-start=\"2948\" data-end=\"3009\">\n<p data-start=\"2950\" data-end=\"3009\"><strong data-start=\"2950\" data-end=\"2976\">Connectivit\u00e9 Bluetooth<\/strong> pour capteurs environnementaux<\/p>\n<\/li>\n<li data-start=\"3010\" data-end=\"3067\">\n<p data-start=\"3012\" data-end=\"3067\"><strong data-start=\"3012\" data-end=\"3048\">Notifications d\u2019alarme par email<\/strong> et export FTP(S)<\/p>\n<\/li>\n<li data-start=\"3068\" data-end=\"3123\">\n<p data-start=\"3070\" data-end=\"3123\">Installation flexible : rail DIN, mural ou encastr\u00e9<\/p>\n<\/li>\n<\/ul>\n<p><strong data-start=\"3720\" data-end=\"3766\">\u27a1\ufe0f Proposez-vous des devis personnalis\u00e9s ?<\/strong><br data-start=\"3766\" data-end=\"3769\" \/>Oui, Radper vous offre des devis sur mesure.<br data-start=\"3822\" data-end=\"3825\" \/><a class=\"cursor-pointer\" href=\"https:\/\/www.radper.com\/fr\/demande-de-devis\/\" target=\"_new\" rel=\"noopener\" data-start=\"3828\" data-end=\"3881\">\u27a4 Demander un devis ici<\/a><\/p>\n","protected":false},"excerpt":{"rendered":"<p>DIRIS Digiware D-50<\/p>\n","protected":false},"featured_media":34515,"template":"","meta":{"_acf_changed":false},"product_brand":[],"product_cat":[11272,11273],"product_tag":[],"class_list":{"0":"post-35470","1":"product","2":"type-product","3":"status-publish","4":"has-post-thumbnail","6":"product_cat-mesure","7":"product_cat-surveillance-et-qualite-de-lenergie","8":"pa_marque-socomec","10":"first","11":"instock","12":"featured","13":"taxable","14":"shipping-taxable","15":"product-type-simple"},"acf":[],"yoast_head":"<!-- This site is optimized with the Yoast SEO plugin v26.2 - https:\/\/yoast.com\/wordpress\/plugins\/seo\/ -->\n<title>DIRIS Digiware D-50 48290204 RS485 Ethernet SOCOMEC - Radper<\/title>\n<meta name=\"description\" content=\"Afficheur multipoint DIRIS Digiware D-50 48290204 SOCOMEC. RS485, Ethernet, Modbus, SNMP, \u00e9cran LCD, Bluetooth, montage flexible. Devis via Radper.\" \/>\n<meta name=\"robots\" content=\"index, follow, max-snippet:-1, max-image-preview:large, max-video-preview:-1\" \/>\n<link rel=\"canonical\" href=\"https:\/\/www.radper.com\/en\/catalogs\/materiel-electrique\/mesure\/diris-digiware-d-50-48290204-rs485-ethernet-socomec\/\" \/>\n<meta property=\"og:locale\" content=\"en_US\" \/>\n<meta property=\"og:type\" content=\"article\" \/>\n<meta property=\"og:title\" content=\"DIRIS Digiware D-50 48290204 RS485 Ethernet SOCOMEC - Radper\" \/>\n<meta property=\"og:description\" content=\"Afficheur multipoint DIRIS Digiware D-50 48290204 SOCOMEC. RS485, Ethernet, Modbus, SNMP, \u00e9cran LCD, Bluetooth, montage flexible. Devis via Radper.\" \/>\n<meta property=\"og:url\" content=\"https:\/\/www.radper.com\/en\/catalogs\/materiel-electrique\/mesure\/diris-digiware-d-50-48290204-rs485-ethernet-socomec\/\" \/>\n<meta property=\"og:site_name\" content=\"Radper\" \/>\n<meta property=\"article:modified_time\" content=\"2026-04-05T15:35:36+00:00\" \/>\n<meta property=\"og:image\" content=\"https:\/\/www.radper.com\/wp-content\/uploads\/2022\/12\/diris-dw_150.jpg\" \/>\n\t<meta property=\"og:image:width\" content=\"600\" \/>\n\t<meta property=\"og:image:height\" content=\"600\" \/>\n\t<meta property=\"og:image:type\" content=\"image\/jpeg\" \/>\n<meta name=\"twitter:card\" content=\"summary_large_image\" \/>\n<meta name=\"twitter:label1\" content=\"Est. reading time\" \/>\n\t<meta name=\"twitter:data1\" content=\"2 minutes\" \/>\n<script type=\"application\/ld+json\" class=\"yoast-schema-graph\">{\"@context\":\"https:\/\/schema.org\",\"@graph\":[{\"@type\":\"WebPage\",\"@id\":\"https:\/\/www.radper.com\/en\/catalogs\/materiel-electrique\/mesure\/diris-digiware-d-50-48290204-rs485-ethernet-socomec\/\",\"url\":\"https:\/\/www.radper.com\/en\/catalogs\/materiel-electrique\/mesure\/diris-digiware-d-50-48290204-rs485-ethernet-socomec\/\",\"name\":\"DIRIS Digiware D-50 48290204 RS485 Ethernet SOCOMEC - Radper\",\"isPartOf\":{\"@id\":\"https:\/\/www.radper.com\/en\/#website\"},\"primaryImageOfPage\":{\"@id\":\"https:\/\/www.radper.com\/en\/catalogs\/materiel-electrique\/mesure\/diris-digiware-d-50-48290204-rs485-ethernet-socomec\/#primaryimage\"},\"image\":{\"@id\":\"https:\/\/www.radper.com\/en\/catalogs\/materiel-electrique\/mesure\/diris-digiware-d-50-48290204-rs485-ethernet-socomec\/#primaryimage\"},\"thumbnailUrl\":\"https:\/\/www.radper.com\/wp-content\/uploads\/2022\/12\/diris-dw_150.jpg\",\"datePublished\":\"2022-12-22T11:34:08+00:00\",\"dateModified\":\"2026-04-05T15:35:36+00:00\",\"description\":\"Afficheur multipoint DIRIS Digiware D-50 48290204 SOCOMEC. RS485, Ethernet, Modbus, SNMP, \u00e9cran LCD, Bluetooth, montage flexible. Devis via Radper.\",\"breadcrumb\":{\"@id\":\"https:\/\/www.radper.com\/en\/catalogs\/materiel-electrique\/mesure\/diris-digiware-d-50-48290204-rs485-ethernet-socomec\/#breadcrumb\"},\"inLanguage\":\"en-US\",\"potentialAction\":[{\"@type\":\"ReadAction\",\"target\":[\"https:\/\/www.radper.com\/en\/catalogs\/materiel-electrique\/mesure\/diris-digiware-d-50-48290204-rs485-ethernet-socomec\/\"]}]},{\"@type\":\"ImageObject\",\"inLanguage\":\"en-US\",\"@id\":\"https:\/\/www.radper.com\/en\/catalogs\/materiel-electrique\/mesure\/diris-digiware-d-50-48290204-rs485-ethernet-socomec\/#primaryimage\",\"url\":\"https:\/\/www.radper.com\/wp-content\/uploads\/2022\/12\/diris-dw_150.jpg\",\"contentUrl\":\"https:\/\/www.radper.com\/wp-content\/uploads\/2022\/12\/diris-dw_150.jpg\",\"width\":600,\"height\":600},{\"@type\":\"BreadcrumbList\",\"@id\":\"https:\/\/www.radper.com\/en\/catalogs\/materiel-electrique\/mesure\/diris-digiware-d-50-48290204-rs485-ethernet-socomec\/#breadcrumb\",\"itemListElement\":[{\"@type\":\"ListItem\",\"position\":1,\"name\":\"Accueil\",\"item\":\"https:\/\/www.radper.com\/en\/\"},{\"@type\":\"ListItem\",\"position\":2,\"name\":\"Catalog\",\"item\":\"https:\/\/www.radper.com\/en\/catalog\/\"},{\"@type\":\"ListItem\",\"position\":3,\"name\":\"DIRIS Digiware D-50 48290204 RS485 Ethernet SOCOMEC\"}]},{\"@type\":\"WebSite\",\"@id\":\"https:\/\/www.radper.com\/en\/#website\",\"url\":\"https:\/\/www.radper.com\/en\/\",\"name\":\"Radper\",\"description\":\"\",\"publisher\":{\"@id\":\"https:\/\/www.radper.com\/en\/#organization\"},\"potentialAction\":[{\"@type\":\"SearchAction\",\"target\":{\"@type\":\"EntryPoint\",\"urlTemplate\":\"https:\/\/www.radper.com\/en\/?s={search_term_string}\"},\"query-input\":{\"@type\":\"PropertyValueSpecification\",\"valueRequired\":true,\"valueName\":\"search_term_string\"}}],\"inLanguage\":\"en-US\"},{\"@type\":\"Organization\",\"@id\":\"https:\/\/www.radper.com\/en\/#organization\",\"name\":\"radper\",\"url\":\"https:\/\/www.radper.com\/en\/\",\"logo\":{\"@type\":\"ImageObject\",\"inLanguage\":\"en-US\",\"@id\":\"https:\/\/www.radper.com\/en\/#\/schema\/logo\/image\/\",\"url\":\"https:\/\/radper.com\/wp-content\/uploads\/2021\/04\/logo-wide-11.png\",\"contentUrl\":\"https:\/\/radper.com\/wp-content\/uploads\/2021\/04\/logo-wide-11.png\",\"width\":250,\"height\":110,\"caption\":\"radper\"},\"image\":{\"@id\":\"https:\/\/www.radper.com\/en\/#\/schema\/logo\/image\/\"}}]}<\/script>\n<!-- \/ Yoast SEO plugin. -->","yoast_head_json":{"title":"DIRIS Digiware D-50 48290204 RS485 Ethernet SOCOMEC - Radper","description":"Afficheur multipoint DIRIS Digiware D-50 48290204 SOCOMEC. RS485, Ethernet, Modbus, SNMP, \u00e9cran LCD, Bluetooth, montage flexible. Devis via Radper.","robots":{"index":"index","follow":"follow","max-snippet":"max-snippet:-1","max-image-preview":"max-image-preview:large","max-video-preview":"max-video-preview:-1"},"canonical":"https:\/\/www.radper.com\/en\/catalogs\/materiel-electrique\/mesure\/diris-digiware-d-50-48290204-rs485-ethernet-socomec\/","og_locale":"en_US","og_type":"article","og_title":"DIRIS Digiware D-50 48290204 RS485 Ethernet SOCOMEC - Radper","og_description":"Afficheur multipoint DIRIS Digiware D-50 48290204 SOCOMEC. RS485, Ethernet, Modbus, SNMP, \u00e9cran LCD, Bluetooth, montage flexible. Devis via Radper.","og_url":"https:\/\/www.radper.com\/en\/catalogs\/materiel-electrique\/mesure\/diris-digiware-d-50-48290204-rs485-ethernet-socomec\/","og_site_name":"Radper","article_modified_time":"2026-04-05T15:35:36+00:00","og_image":[{"width":600,"height":600,"url":"https:\/\/www.radper.com\/wp-content\/uploads\/2022\/12\/diris-dw_150.jpg","type":"image\/jpeg"}],"twitter_card":"summary_large_image","twitter_misc":{"Est. reading time":"2 minutes"},"schema":{"@context":"https:\/\/schema.org","@graph":[{"@type":"WebPage","@id":"https:\/\/www.radper.com\/en\/catalogs\/materiel-electrique\/mesure\/diris-digiware-d-50-48290204-rs485-ethernet-socomec\/","url":"https:\/\/www.radper.com\/en\/catalogs\/materiel-electrique\/mesure\/diris-digiware-d-50-48290204-rs485-ethernet-socomec\/","name":"DIRIS Digiware D-50 48290204 RS485 Ethernet SOCOMEC - Radper","isPartOf":{"@id":"https:\/\/www.radper.com\/en\/#website"},"primaryImageOfPage":{"@id":"https:\/\/www.radper.com\/en\/catalogs\/materiel-electrique\/mesure\/diris-digiware-d-50-48290204-rs485-ethernet-socomec\/#primaryimage"},"image":{"@id":"https:\/\/www.radper.com\/en\/catalogs\/materiel-electrique\/mesure\/diris-digiware-d-50-48290204-rs485-ethernet-socomec\/#primaryimage"},"thumbnailUrl":"https:\/\/www.radper.com\/wp-content\/uploads\/2022\/12\/diris-dw_150.jpg","datePublished":"2022-12-22T11:34:08+00:00","dateModified":"2026-04-05T15:35:36+00:00","description":"Afficheur multipoint DIRIS Digiware D-50 48290204 SOCOMEC. RS485, Ethernet, Modbus, SNMP, \u00e9cran LCD, Bluetooth, montage flexible. Devis via Radper.","breadcrumb":{"@id":"https:\/\/www.radper.com\/en\/catalogs\/materiel-electrique\/mesure\/diris-digiware-d-50-48290204-rs485-ethernet-socomec\/#breadcrumb"},"inLanguage":"en-US","potentialAction":[{"@type":"ReadAction","target":["https:\/\/www.radper.com\/en\/catalogs\/materiel-electrique\/mesure\/diris-digiware-d-50-48290204-rs485-ethernet-socomec\/"]}]},{"@type":"ImageObject","inLanguage":"en-US","@id":"https:\/\/www.radper.com\/en\/catalogs\/materiel-electrique\/mesure\/diris-digiware-d-50-48290204-rs485-ethernet-socomec\/#primaryimage","url":"https:\/\/www.radper.com\/wp-content\/uploads\/2022\/12\/diris-dw_150.jpg","contentUrl":"https:\/\/www.radper.com\/wp-content\/uploads\/2022\/12\/diris-dw_150.jpg","width":600,"height":600},{"@type":"BreadcrumbList","@id":"https:\/\/www.radper.com\/en\/catalogs\/materiel-electrique\/mesure\/diris-digiware-d-50-48290204-rs485-ethernet-socomec\/#breadcrumb","itemListElement":[{"@type":"ListItem","position":1,"name":"Accueil","item":"https:\/\/www.radper.com\/en\/"},{"@type":"ListItem","position":2,"name":"Catalog","item":"https:\/\/www.radper.com\/en\/catalog\/"},{"@type":"ListItem","position":3,"name":"DIRIS Digiware D-50 48290204 RS485 Ethernet SOCOMEC"}]},{"@type":"WebSite","@id":"https:\/\/www.radper.com\/en\/#website","url":"https:\/\/www.radper.com\/en\/","name":"Radper","description":"","publisher":{"@id":"https:\/\/www.radper.com\/en\/#organization"},"potentialAction":[{"@type":"SearchAction","target":{"@type":"EntryPoint","urlTemplate":"https:\/\/www.radper.com\/en\/?s={search_term_string}"},"query-input":{"@type":"PropertyValueSpecification","valueRequired":true,"valueName":"search_term_string"}}],"inLanguage":"en-US"},{"@type":"Organization","@id":"https:\/\/www.radper.com\/en\/#organization","name":"radper","url":"https:\/\/www.radper.com\/en\/","logo":{"@type":"ImageObject","inLanguage":"en-US","@id":"https:\/\/www.radper.com\/en\/#\/schema\/logo\/image\/","url":"https:\/\/radper.com\/wp-content\/uploads\/2021\/04\/logo-wide-11.png","contentUrl":"https:\/\/radper.com\/wp-content\/uploads\/2021\/04\/logo-wide-11.png","width":250,"height":110,"caption":"radper"},"image":{"@id":"https:\/\/www.radper.com\/en\/#\/schema\/logo\/image\/"}}]}},"_links":{"self":[{"href":"https:\/\/www.radper.com\/en\/wp-json\/wp\/v2\/product\/35470","targetHints":{"allow":["GET"]}}],"collection":[{"href":"https:\/\/www.radper.com\/en\/wp-json\/wp\/v2\/product"}],"about":[{"href":"https:\/\/www.radper.com\/en\/wp-json\/wp\/v2\/types\/product"}],"wp:featuredmedia":[{"embeddable":true,"href":"https:\/\/www.radper.com\/en\/wp-json\/wp\/v2\/media\/34515"}],"wp:attachment":[{"href":"https:\/\/www.radper.com\/en\/wp-json\/wp\/v2\/media?parent=35470"}],"wp:term":[{"taxonomy":"product_brand","embeddable":true,"href":"https:\/\/www.radper.com\/en\/wp-json\/wp\/v2\/product_brand?post=35470"},{"taxonomy":"product_cat","embeddable":true,"href":"https:\/\/www.radper.com\/en\/wp-json\/wp\/v2\/product_cat?post=35470"},{"taxonomy":"product_tag","embeddable":true,"href":"https:\/\/www.radper.com\/en\/wp-json\/wp\/v2\/product_tag?post=35470"}],"curies":[{"name":"wp","href":"https:\/\/api.w.org\/{rel}","templated":true}]}}