{"id":35620,"date":"2022-12-22T11:36:37","date_gmt":"2022-12-22T11:36:37","guid":{"rendered":"https:\/\/www.radper.com\/produit\/capteur-de-courant-ferme-te-18-18mm-25-63a-48290501-socomec\/"},"modified":"2026-04-03T15:53:53","modified_gmt":"2026-04-03T15:53:53","slug":"capteur-de-courant-ferme-te-18-18mm-25-63a-48290501-socomec","status":"publish","type":"product","link":"https:\/\/www.radper.com\/en\/catalogs\/materiel-electrique\/capteurs-et-transformateurs\/capteur-de-courant-ferme-te-18-18mm-25-63a-48290501-socomec\/","title":{"rendered":"Capteur de courant ferm\u00e9 te-18 18mm 25-63A 48290501 SOCOMEC"},"content":{"rendered":"<p>Capteur de courant ferm\u00e9 te-18 18mm 25-63A 48290501 SOCOMEC, Mod\u00e8le TE, UNSPSC 83101808<\/p>\n","protected":false},"excerpt":{"rendered":"<p>TE-18 25-63A<\/p>\n","protected":false},"featured_media":34877,"template":"","meta":{"_acf_changed":false},"product_brand":[],"product_cat":[11510],"product_tag":[],"class_list":{"0":"post-35620","1":"product","2":"type-product","3":"status-publish","4":"has-post-thumbnail","6":"product_cat-capteurs-et-transformateurs","7":"pa_marque-socomec","9":"first","10":"instock","11":"featured","12":"taxable","13":"shipping-taxable","14":"product-type-simple"},"acf":[],"yoast_head":"<!-- This site is optimized with the Yoast SEO plugin v26.2 - https:\/\/yoast.com\/wordpress\/plugins\/seo\/ -->\n<title>Capteur de courant ferm\u00e9 te-18 18mm 25-63A 48290501 SOCOMEC - Radper<\/title>\n<meta name=\"robots\" content=\"index, follow, max-snippet:-1, max-image-preview:large, max-video-preview:-1\" \/>\n<link rel=\"canonical\" href=\"https:\/\/www.radper.com\/en\/catalogs\/materiel-electrique\/capteurs-et-transformateurs\/capteur-de-courant-ferme-te-18-18mm-25-63a-48290501-socomec\/\" \/>\n<meta property=\"og:locale\" content=\"en_US\" \/>\n<meta property=\"og:type\" content=\"article\" \/>\n<meta property=\"og:title\" content=\"Capteur de courant ferm\u00e9 te-18 18mm 25-63A 48290501 SOCOMEC - Radper\" \/>\n<meta property=\"og:description\" content=\"TE-18 25-63A\" \/>\n<meta property=\"og:url\" content=\"https:\/\/www.radper.com\/en\/catalogs\/materiel-electrique\/capteurs-et-transformateurs\/capteur-de-courant-ferme-te-18-18mm-25-63a-48290501-socomec\/\" \/>\n<meta property=\"og:site_name\" content=\"Radper\" \/>\n<meta property=\"article:modified_time\" content=\"2026-04-03T15:53:53+00:00\" \/>\n<meta property=\"og:image\" content=\"https:\/\/www.radper.com\/wp-content\/uploads\/2022\/12\/diris-t_001.jpg\" \/>\n\t<meta property=\"og:image:width\" content=\"600\" \/>\n\t<meta property=\"og:image:height\" content=\"600\" \/>\n\t<meta property=\"og:image:type\" content=\"image\/jpeg\" \/>\n<meta name=\"twitter:card\" content=\"summary_large_image\" \/>\n<script type=\"application\/ld+json\" class=\"yoast-schema-graph\">{\"@context\":\"https:\/\/schema.org\",\"@graph\":[{\"@type\":\"WebPage\",\"@id\":\"https:\/\/www.radper.com\/en\/catalogs\/materiel-electrique\/capteurs-et-transformateurs\/capteur-de-courant-ferme-te-18-18mm-25-63a-48290501-socomec\/\",\"url\":\"https:\/\/www.radper.com\/en\/catalogs\/materiel-electrique\/capteurs-et-transformateurs\/capteur-de-courant-ferme-te-18-18mm-25-63a-48290501-socomec\/\",\"name\":\"Capteur de courant ferm\u00e9 te-18 18mm 25-63A 48290501 SOCOMEC - Radper\",\"isPartOf\":{\"@id\":\"https:\/\/www.radper.com\/en\/#website\"},\"primaryImageOfPage\":{\"@id\":\"https:\/\/www.radper.com\/en\/catalogs\/materiel-electrique\/capteurs-et-transformateurs\/capteur-de-courant-ferme-te-18-18mm-25-63a-48290501-socomec\/#primaryimage\"},\"image\":{\"@id\":\"https:\/\/www.radper.com\/en\/catalogs\/materiel-electrique\/capteurs-et-transformateurs\/capteur-de-courant-ferme-te-18-18mm-25-63a-48290501-socomec\/#primaryimage\"},\"thumbnailUrl\":\"https:\/\/www.radper.com\/wp-content\/uploads\/2022\/12\/diris-t_001.jpg\",\"datePublished\":\"2022-12-22T11:36:37+00:00\",\"dateModified\":\"2026-04-03T15:53:53+00:00\",\"breadcrumb\":{\"@id\":\"https:\/\/www.radper.com\/en\/catalogs\/materiel-electrique\/capteurs-et-transformateurs\/capteur-de-courant-ferme-te-18-18mm-25-63a-48290501-socomec\/#breadcrumb\"},\"inLanguage\":\"en-US\",\"potentialAction\":[{\"@type\":\"ReadAction\",\"target\":[\"https:\/\/www.radper.com\/en\/catalogs\/materiel-electrique\/capteurs-et-transformateurs\/capteur-de-courant-ferme-te-18-18mm-25-63a-48290501-socomec\/\"]}]},{\"@type\":\"ImageObject\",\"inLanguage\":\"en-US\",\"@id\":\"https:\/\/www.radper.com\/en\/catalogs\/materiel-electrique\/capteurs-et-transformateurs\/capteur-de-courant-ferme-te-18-18mm-25-63a-48290501-socomec\/#primaryimage\",\"url\":\"https:\/\/www.radper.com\/wp-content\/uploads\/2022\/12\/diris-t_001.jpg\",\"contentUrl\":\"https:\/\/www.radper.com\/wp-content\/uploads\/2022\/12\/diris-t_001.jpg\",\"width\":600,\"height\":600},{\"@type\":\"BreadcrumbList\",\"@id\":\"https:\/\/www.radper.com\/en\/catalogs\/materiel-electrique\/capteurs-et-transformateurs\/capteur-de-courant-ferme-te-18-18mm-25-63a-48290501-socomec\/#breadcrumb\",\"itemListElement\":[{\"@type\":\"ListItem\",\"position\":1,\"name\":\"Accueil\",\"item\":\"https:\/\/www.radper.com\/en\/\"},{\"@type\":\"ListItem\",\"position\":2,\"name\":\"Catalog\",\"item\":\"https:\/\/www.radper.com\/en\/catalog\/\"},{\"@type\":\"ListItem\",\"position\":3,\"name\":\"Capteur de courant ferm\u00e9 te-18 18mm 25-63A 48290501 SOCOMEC\"}]},{\"@type\":\"WebSite\",\"@id\":\"https:\/\/www.radper.com\/en\/#website\",\"url\":\"https:\/\/www.radper.com\/en\/\",\"name\":\"Radper\",\"description\":\"\",\"publisher\":{\"@id\":\"https:\/\/www.radper.com\/en\/#organization\"},\"potentialAction\":[{\"@type\":\"SearchAction\",\"target\":{\"@type\":\"EntryPoint\",\"urlTemplate\":\"https:\/\/www.radper.com\/en\/?s={search_term_string}\"},\"query-input\":{\"@type\":\"PropertyValueSpecification\",\"valueRequired\":true,\"valueName\":\"search_term_string\"}}],\"inLanguage\":\"en-US\"},{\"@type\":\"Organization\",\"@id\":\"https:\/\/www.radper.com\/en\/#organization\",\"name\":\"radper\",\"url\":\"https:\/\/www.radper.com\/en\/\",\"logo\":{\"@type\":\"ImageObject\",\"inLanguage\":\"en-US\",\"@id\":\"https:\/\/www.radper.com\/en\/#\/schema\/logo\/image\/\",\"url\":\"https:\/\/radper.com\/wp-content\/uploads\/2021\/04\/logo-wide-11.png\",\"contentUrl\":\"https:\/\/radper.com\/wp-content\/uploads\/2021\/04\/logo-wide-11.png\",\"width\":250,\"height\":110,\"caption\":\"radper\"},\"image\":{\"@id\":\"https:\/\/www.radper.com\/en\/#\/schema\/logo\/image\/\"}}]}<\/script>\n<!-- \/ Yoast SEO plugin. -->","yoast_head_json":{"title":"Capteur de courant ferm\u00e9 te-18 18mm 25-63A 48290501 SOCOMEC - Radper","robots":{"index":"index","follow":"follow","max-snippet":"max-snippet:-1","max-image-preview":"max-image-preview:large","max-video-preview":"max-video-preview:-1"},"canonical":"https:\/\/www.radper.com\/en\/catalogs\/materiel-electrique\/capteurs-et-transformateurs\/capteur-de-courant-ferme-te-18-18mm-25-63a-48290501-socomec\/","og_locale":"en_US","og_type":"article","og_title":"Capteur de courant ferm\u00e9 te-18 18mm 25-63A 48290501 SOCOMEC - Radper","og_description":"TE-18 25-63A","og_url":"https:\/\/www.radper.com\/en\/catalogs\/materiel-electrique\/capteurs-et-transformateurs\/capteur-de-courant-ferme-te-18-18mm-25-63a-48290501-socomec\/","og_site_name":"Radper","article_modified_time":"2026-04-03T15:53:53+00:00","og_image":[{"width":600,"height":600,"url":"https:\/\/www.radper.com\/wp-content\/uploads\/2022\/12\/diris-t_001.jpg","type":"image\/jpeg"}],"twitter_card":"summary_large_image","schema":{"@context":"https:\/\/schema.org","@graph":[{"@type":"WebPage","@id":"https:\/\/www.radper.com\/en\/catalogs\/materiel-electrique\/capteurs-et-transformateurs\/capteur-de-courant-ferme-te-18-18mm-25-63a-48290501-socomec\/","url":"https:\/\/www.radper.com\/en\/catalogs\/materiel-electrique\/capteurs-et-transformateurs\/capteur-de-courant-ferme-te-18-18mm-25-63a-48290501-socomec\/","name":"Capteur de courant ferm\u00e9 te-18 18mm 25-63A 48290501 SOCOMEC - Radper","isPartOf":{"@id":"https:\/\/www.radper.com\/en\/#website"},"primaryImageOfPage":{"@id":"https:\/\/www.radper.com\/en\/catalogs\/materiel-electrique\/capteurs-et-transformateurs\/capteur-de-courant-ferme-te-18-18mm-25-63a-48290501-socomec\/#primaryimage"},"image":{"@id":"https:\/\/www.radper.com\/en\/catalogs\/materiel-electrique\/capteurs-et-transformateurs\/capteur-de-courant-ferme-te-18-18mm-25-63a-48290501-socomec\/#primaryimage"},"thumbnailUrl":"https:\/\/www.radper.com\/wp-content\/uploads\/2022\/12\/diris-t_001.jpg","datePublished":"2022-12-22T11:36:37+00:00","dateModified":"2026-04-03T15:53:53+00:00","breadcrumb":{"@id":"https:\/\/www.radper.com\/en\/catalogs\/materiel-electrique\/capteurs-et-transformateurs\/capteur-de-courant-ferme-te-18-18mm-25-63a-48290501-socomec\/#breadcrumb"},"inLanguage":"en-US","potentialAction":[{"@type":"ReadAction","target":["https:\/\/www.radper.com\/en\/catalogs\/materiel-electrique\/capteurs-et-transformateurs\/capteur-de-courant-ferme-te-18-18mm-25-63a-48290501-socomec\/"]}]},{"@type":"ImageObject","inLanguage":"en-US","@id":"https:\/\/www.radper.com\/en\/catalogs\/materiel-electrique\/capteurs-et-transformateurs\/capteur-de-courant-ferme-te-18-18mm-25-63a-48290501-socomec\/#primaryimage","url":"https:\/\/www.radper.com\/wp-content\/uploads\/2022\/12\/diris-t_001.jpg","contentUrl":"https:\/\/www.radper.com\/wp-content\/uploads\/2022\/12\/diris-t_001.jpg","width":600,"height":600},{"@type":"BreadcrumbList","@id":"https:\/\/www.radper.com\/en\/catalogs\/materiel-electrique\/capteurs-et-transformateurs\/capteur-de-courant-ferme-te-18-18mm-25-63a-48290501-socomec\/#breadcrumb","itemListElement":[{"@type":"ListItem","position":1,"name":"Accueil","item":"https:\/\/www.radper.com\/en\/"},{"@type":"ListItem","position":2,"name":"Catalog","item":"https:\/\/www.radper.com\/en\/catalog\/"},{"@type":"ListItem","position":3,"name":"Capteur de courant ferm\u00e9 te-18 18mm 25-63A 48290501 SOCOMEC"}]},{"@type":"WebSite","@id":"https:\/\/www.radper.com\/en\/#website","url":"https:\/\/www.radper.com\/en\/","name":"Radper","description":"","publisher":{"@id":"https:\/\/www.radper.com\/en\/#organization"},"potentialAction":[{"@type":"SearchAction","target":{"@type":"EntryPoint","urlTemplate":"https:\/\/www.radper.com\/en\/?s={search_term_string}"},"query-input":{"@type":"PropertyValueSpecification","valueRequired":true,"valueName":"search_term_string"}}],"inLanguage":"en-US"},{"@type":"Organization","@id":"https:\/\/www.radper.com\/en\/#organization","name":"radper","url":"https:\/\/www.radper.com\/en\/","logo":{"@type":"ImageObject","inLanguage":"en-US","@id":"https:\/\/www.radper.com\/en\/#\/schema\/logo\/image\/","url":"https:\/\/radper.com\/wp-content\/uploads\/2021\/04\/logo-wide-11.png","contentUrl":"https:\/\/radper.com\/wp-content\/uploads\/2021\/04\/logo-wide-11.png","width":250,"height":110,"caption":"radper"},"image":{"@id":"https:\/\/www.radper.com\/en\/#\/schema\/logo\/image\/"}}]}},"_links":{"self":[{"href":"https:\/\/www.radper.com\/en\/wp-json\/wp\/v2\/product\/35620","targetHints":{"allow":["GET"]}}],"collection":[{"href":"https:\/\/www.radper.com\/en\/wp-json\/wp\/v2\/product"}],"about":[{"href":"https:\/\/www.radper.com\/en\/wp-json\/wp\/v2\/types\/product"}],"wp:featuredmedia":[{"embeddable":true,"href":"https:\/\/www.radper.com\/en\/wp-json\/wp\/v2\/media\/34877"}],"wp:attachment":[{"href":"https:\/\/www.radper.com\/en\/wp-json\/wp\/v2\/media?parent=35620"}],"wp:term":[{"taxonomy":"product_brand","embeddable":true,"href":"https:\/\/www.radper.com\/en\/wp-json\/wp\/v2\/product_brand?post=35620"},{"taxonomy":"product_cat","embeddable":true,"href":"https:\/\/www.radper.com\/en\/wp-json\/wp\/v2\/product_cat?post=35620"},{"taxonomy":"product_tag","embeddable":true,"href":"https:\/\/www.radper.com\/en\/wp-json\/wp\/v2\/product_tag?post=35620"}],"curies":[{"name":"wp","href":"https:\/\/api.w.org\/{rel}","templated":true}]}}