{"id":40699,"date":"2023-11-20T11:03:14","date_gmt":"2023-11-20T11:03:14","guid":{"rendered":"https:\/\/www.radper.com\/produit\/broche-de-macon-350-mm-142-8-n\/"},"modified":"2025-03-13T00:35:50","modified_gmt":"2025-03-13T00:35:50","slug":"broche-de-macon-350-mm-142-8-n-sam","status":"publish","type":"product","link":"https:\/\/www.radper.com\/en\/catalogs\/epi-outillage\/outillage\/batiment\/broche-de-macon-350-mm-142-8-n-sam\/","title":{"rendered":"Broche de macon 350 MM 142-8-N SAM"},"content":{"rendered":"<p>Outils forg\u00e9s.<\/p>\n<p> Tranchant meul\u00e9 et r\u00e9aff\u00fbtable sans trempe ult\u00e9rieure.<\/p>\n<p> Section octogonale.<\/p>\n","protected":false},"excerpt":{"rendered":"<p>142-8-N<\/p>\n","protected":false},"featured_media":39494,"template":"","meta":{"_acf_changed":false},"product_brand":[],"product_cat":[12869],"product_tag":[],"class_list":{"0":"post-40699","1":"product","2":"type-product","3":"status-publish","4":"has-post-thumbnail","6":"product_cat-batiment","7":"pa_marque-sam","9":"first","10":"instock","11":"featured","12":"taxable","13":"shipping-taxable","14":"purchasable","15":"product-type-simple"},"acf":[],"yoast_head":"<!-- This site is optimized with the Yoast SEO plugin v26.2 - https:\/\/yoast.com\/wordpress\/plugins\/seo\/ -->\n<title>Broche de macon 350 MM 142-8-N SAM - Radper<\/title>\n<meta name=\"robots\" content=\"index, follow, max-snippet:-1, max-image-preview:large, max-video-preview:-1\" \/>\n<link rel=\"canonical\" href=\"https:\/\/www.radper.com\/en\/catalogs\/epi-outillage\/outillage\/batiment\/broche-de-macon-350-mm-142-8-n-sam\/\" \/>\n<meta property=\"og:locale\" content=\"en_US\" \/>\n<meta property=\"og:type\" content=\"article\" \/>\n<meta property=\"og:title\" content=\"Broche de macon 350 MM 142-8-N SAM - Radper\" \/>\n<meta property=\"og:description\" content=\"142-8-N\" \/>\n<meta property=\"og:url\" content=\"https:\/\/www.radper.com\/en\/catalogs\/epi-outillage\/outillage\/batiment\/broche-de-macon-350-mm-142-8-n-sam\/\" \/>\n<meta property=\"og:site_name\" content=\"Radper\" \/>\n<meta property=\"article:modified_time\" content=\"2025-03-13T00:35:50+00:00\" \/>\n<meta property=\"og:image\" content=\"https:\/\/www.radper.com\/wp-content\/uploads\/2023\/11\/Photo-produit-142-8-N.jpeg\" \/>\n\t<meta property=\"og:image:width\" content=\"600\" \/>\n\t<meta property=\"og:image:height\" content=\"600\" \/>\n\t<meta property=\"og:image:type\" content=\"image\/jpeg\" \/>\n<meta name=\"twitter:card\" content=\"summary_large_image\" \/>\n<script type=\"application\/ld+json\" class=\"yoast-schema-graph\">{\"@context\":\"https:\/\/schema.org\",\"@graph\":[{\"@type\":\"WebPage\",\"@id\":\"https:\/\/www.radper.com\/en\/catalogs\/epi-outillage\/outillage\/batiment\/broche-de-macon-350-mm-142-8-n-sam\/\",\"url\":\"https:\/\/www.radper.com\/en\/catalogs\/epi-outillage\/outillage\/batiment\/broche-de-macon-350-mm-142-8-n-sam\/\",\"name\":\"Broche de macon 350 MM 142-8-N SAM - Radper\",\"isPartOf\":{\"@id\":\"https:\/\/www.radper.com\/en\/#website\"},\"primaryImageOfPage\":{\"@id\":\"https:\/\/www.radper.com\/en\/catalogs\/epi-outillage\/outillage\/batiment\/broche-de-macon-350-mm-142-8-n-sam\/#primaryimage\"},\"image\":{\"@id\":\"https:\/\/www.radper.com\/en\/catalogs\/epi-outillage\/outillage\/batiment\/broche-de-macon-350-mm-142-8-n-sam\/#primaryimage\"},\"thumbnailUrl\":\"https:\/\/www.radper.com\/wp-content\/uploads\/2023\/11\/Photo-produit-142-8-N.jpeg\",\"datePublished\":\"2023-11-20T11:03:14+00:00\",\"dateModified\":\"2025-03-13T00:35:50+00:00\",\"breadcrumb\":{\"@id\":\"https:\/\/www.radper.com\/en\/catalogs\/epi-outillage\/outillage\/batiment\/broche-de-macon-350-mm-142-8-n-sam\/#breadcrumb\"},\"inLanguage\":\"en-US\",\"potentialAction\":[{\"@type\":\"ReadAction\",\"target\":[\"https:\/\/www.radper.com\/en\/catalogs\/epi-outillage\/outillage\/batiment\/broche-de-macon-350-mm-142-8-n-sam\/\"]}]},{\"@type\":\"ImageObject\",\"inLanguage\":\"en-US\",\"@id\":\"https:\/\/www.radper.com\/en\/catalogs\/epi-outillage\/outillage\/batiment\/broche-de-macon-350-mm-142-8-n-sam\/#primaryimage\",\"url\":\"https:\/\/www.radper.com\/wp-content\/uploads\/2023\/11\/Photo-produit-142-8-N.jpeg\",\"contentUrl\":\"https:\/\/www.radper.com\/wp-content\/uploads\/2023\/11\/Photo-produit-142-8-N.jpeg\",\"width\":600,\"height\":600},{\"@type\":\"BreadcrumbList\",\"@id\":\"https:\/\/www.radper.com\/en\/catalogs\/epi-outillage\/outillage\/batiment\/broche-de-macon-350-mm-142-8-n-sam\/#breadcrumb\",\"itemListElement\":[{\"@type\":\"ListItem\",\"position\":1,\"name\":\"Accueil\",\"item\":\"https:\/\/www.radper.com\/en\/\"},{\"@type\":\"ListItem\",\"position\":2,\"name\":\"Catalog\",\"item\":\"https:\/\/www.radper.com\/en\/catalog\/\"},{\"@type\":\"ListItem\",\"position\":3,\"name\":\"Broche de macon 350 MM 142-8-N SAM\"}]},{\"@type\":\"WebSite\",\"@id\":\"https:\/\/www.radper.com\/en\/#website\",\"url\":\"https:\/\/www.radper.com\/en\/\",\"name\":\"Radper\",\"description\":\"\",\"publisher\":{\"@id\":\"https:\/\/www.radper.com\/en\/#organization\"},\"potentialAction\":[{\"@type\":\"SearchAction\",\"target\":{\"@type\":\"EntryPoint\",\"urlTemplate\":\"https:\/\/www.radper.com\/en\/?s={search_term_string}\"},\"query-input\":{\"@type\":\"PropertyValueSpecification\",\"valueRequired\":true,\"valueName\":\"search_term_string\"}}],\"inLanguage\":\"en-US\"},{\"@type\":\"Organization\",\"@id\":\"https:\/\/www.radper.com\/en\/#organization\",\"name\":\"radper\",\"url\":\"https:\/\/www.radper.com\/en\/\",\"logo\":{\"@type\":\"ImageObject\",\"inLanguage\":\"en-US\",\"@id\":\"https:\/\/www.radper.com\/en\/#\/schema\/logo\/image\/\",\"url\":\"https:\/\/radper.com\/wp-content\/uploads\/2021\/04\/logo-wide-11.png\",\"contentUrl\":\"https:\/\/radper.com\/wp-content\/uploads\/2021\/04\/logo-wide-11.png\",\"width\":250,\"height\":110,\"caption\":\"radper\"},\"image\":{\"@id\":\"https:\/\/www.radper.com\/en\/#\/schema\/logo\/image\/\"}}]}<\/script>\n<!-- \/ Yoast SEO plugin. -->","yoast_head_json":{"title":"Broche de macon 350 MM 142-8-N SAM - Radper","robots":{"index":"index","follow":"follow","max-snippet":"max-snippet:-1","max-image-preview":"max-image-preview:large","max-video-preview":"max-video-preview:-1"},"canonical":"https:\/\/www.radper.com\/en\/catalogs\/epi-outillage\/outillage\/batiment\/broche-de-macon-350-mm-142-8-n-sam\/","og_locale":"en_US","og_type":"article","og_title":"Broche de macon 350 MM 142-8-N SAM - Radper","og_description":"142-8-N","og_url":"https:\/\/www.radper.com\/en\/catalogs\/epi-outillage\/outillage\/batiment\/broche-de-macon-350-mm-142-8-n-sam\/","og_site_name":"Radper","article_modified_time":"2025-03-13T00:35:50+00:00","og_image":[{"width":600,"height":600,"url":"https:\/\/www.radper.com\/wp-content\/uploads\/2023\/11\/Photo-produit-142-8-N.jpeg","type":"image\/jpeg"}],"twitter_card":"summary_large_image","schema":{"@context":"https:\/\/schema.org","@graph":[{"@type":"WebPage","@id":"https:\/\/www.radper.com\/en\/catalogs\/epi-outillage\/outillage\/batiment\/broche-de-macon-350-mm-142-8-n-sam\/","url":"https:\/\/www.radper.com\/en\/catalogs\/epi-outillage\/outillage\/batiment\/broche-de-macon-350-mm-142-8-n-sam\/","name":"Broche de macon 350 MM 142-8-N SAM - Radper","isPartOf":{"@id":"https:\/\/www.radper.com\/en\/#website"},"primaryImageOfPage":{"@id":"https:\/\/www.radper.com\/en\/catalogs\/epi-outillage\/outillage\/batiment\/broche-de-macon-350-mm-142-8-n-sam\/#primaryimage"},"image":{"@id":"https:\/\/www.radper.com\/en\/catalogs\/epi-outillage\/outillage\/batiment\/broche-de-macon-350-mm-142-8-n-sam\/#primaryimage"},"thumbnailUrl":"https:\/\/www.radper.com\/wp-content\/uploads\/2023\/11\/Photo-produit-142-8-N.jpeg","datePublished":"2023-11-20T11:03:14+00:00","dateModified":"2025-03-13T00:35:50+00:00","breadcrumb":{"@id":"https:\/\/www.radper.com\/en\/catalogs\/epi-outillage\/outillage\/batiment\/broche-de-macon-350-mm-142-8-n-sam\/#breadcrumb"},"inLanguage":"en-US","potentialAction":[{"@type":"ReadAction","target":["https:\/\/www.radper.com\/en\/catalogs\/epi-outillage\/outillage\/batiment\/broche-de-macon-350-mm-142-8-n-sam\/"]}]},{"@type":"ImageObject","inLanguage":"en-US","@id":"https:\/\/www.radper.com\/en\/catalogs\/epi-outillage\/outillage\/batiment\/broche-de-macon-350-mm-142-8-n-sam\/#primaryimage","url":"https:\/\/www.radper.com\/wp-content\/uploads\/2023\/11\/Photo-produit-142-8-N.jpeg","contentUrl":"https:\/\/www.radper.com\/wp-content\/uploads\/2023\/11\/Photo-produit-142-8-N.jpeg","width":600,"height":600},{"@type":"BreadcrumbList","@id":"https:\/\/www.radper.com\/en\/catalogs\/epi-outillage\/outillage\/batiment\/broche-de-macon-350-mm-142-8-n-sam\/#breadcrumb","itemListElement":[{"@type":"ListItem","position":1,"name":"Accueil","item":"https:\/\/www.radper.com\/en\/"},{"@type":"ListItem","position":2,"name":"Catalog","item":"https:\/\/www.radper.com\/en\/catalog\/"},{"@type":"ListItem","position":3,"name":"Broche de macon 350 MM 142-8-N SAM"}]},{"@type":"WebSite","@id":"https:\/\/www.radper.com\/en\/#website","url":"https:\/\/www.radper.com\/en\/","name":"Radper","description":"","publisher":{"@id":"https:\/\/www.radper.com\/en\/#organization"},"potentialAction":[{"@type":"SearchAction","target":{"@type":"EntryPoint","urlTemplate":"https:\/\/www.radper.com\/en\/?s={search_term_string}"},"query-input":{"@type":"PropertyValueSpecification","valueRequired":true,"valueName":"search_term_string"}}],"inLanguage":"en-US"},{"@type":"Organization","@id":"https:\/\/www.radper.com\/en\/#organization","name":"radper","url":"https:\/\/www.radper.com\/en\/","logo":{"@type":"ImageObject","inLanguage":"en-US","@id":"https:\/\/www.radper.com\/en\/#\/schema\/logo\/image\/","url":"https:\/\/radper.com\/wp-content\/uploads\/2021\/04\/logo-wide-11.png","contentUrl":"https:\/\/radper.com\/wp-content\/uploads\/2021\/04\/logo-wide-11.png","width":250,"height":110,"caption":"radper"},"image":{"@id":"https:\/\/www.radper.com\/en\/#\/schema\/logo\/image\/"}}]}},"_links":{"self":[{"href":"https:\/\/www.radper.com\/en\/wp-json\/wp\/v2\/product\/40699","targetHints":{"allow":["GET"]}}],"collection":[{"href":"https:\/\/www.radper.com\/en\/wp-json\/wp\/v2\/product"}],"about":[{"href":"https:\/\/www.radper.com\/en\/wp-json\/wp\/v2\/types\/product"}],"wp:featuredmedia":[{"embeddable":true,"href":"https:\/\/www.radper.com\/en\/wp-json\/wp\/v2\/media\/39494"}],"wp:attachment":[{"href":"https:\/\/www.radper.com\/en\/wp-json\/wp\/v2\/media?parent=40699"}],"wp:term":[{"taxonomy":"product_brand","embeddable":true,"href":"https:\/\/www.radper.com\/en\/wp-json\/wp\/v2\/product_brand?post=40699"},{"taxonomy":"product_cat","embeddable":true,"href":"https:\/\/www.radper.com\/en\/wp-json\/wp\/v2\/product_cat?post=40699"},{"taxonomy":"product_tag","embeddable":true,"href":"https:\/\/www.radper.com\/en\/wp-json\/wp\/v2\/product_tag?post=40699"}],"curies":[{"name":"wp","href":"https:\/\/api.w.org\/{rel}","templated":true}]}}