{"id":40770,"date":"2023-11-20T11:03:54","date_gmt":"2023-11-20T11:03:54","guid":{"rendered":"https:\/\/www.radper.com\/produit\/servante-41-xl-6-tiroirs-rouge-plateau-inox-416-axl\/"},"modified":"2025-03-13T00:42:32","modified_gmt":"2025-03-13T00:42:32","slug":"servante-41-xl-6-tiroirs-rouge-plateau-inox-416-axl-sam","status":"publish","type":"product","link":"https:\/\/www.radper.com\/en\/catalogs\/epi-outillage\/rangement-des-outils\/servante-41-xl-6-tiroirs-rouge-plateau-inox-416-axl-sam\/","title":{"rendered":"Servante 41 &#8211; XL &#8211; 6 tiroirs rouge  plateau inox 416-AXL SAM"},"content":{"rendered":"<p>Servante type 41, version extra large 6 tiroirs avec plateau Inox<\/p>\n<p> +40% de rangement en plus par rapport \u00e0 notre servante s\u00e9rie 41 standard.<\/p>\n<p> Dimensions des tiroirs : <\/p>\n<p> 2 tiroirs de 64 x 410 x 900 mm<\/p>\n<p> 3 tiroirs de 104 x 410 x 900 mm<\/p>\n<p> 1 tiroir de 234 x 410 x 900 mm<\/p>\n<p> Dimension de la servante : <\/p>\n<p>  1162mm de large x 510 mm de profondeur x 1006mm de hauteur<\/p>\n<p> CONFORTABLE<\/p>\n<p> Poign\u00e9e int\u00e9gr\u00e9e.<\/p>\n<p> MODULABLE<\/p>\n<p> 2 grilles de rangements compl\u00e9mentaires sur les c\u00f4t\u00e9s pour ranger vos outils de grandes dimensions (cl\u00e9s dynamom\u00e9triques, niveaux).<\/p>\n<p> S\u00dbRE<\/p>\n<p> Cl\u00e9 escamotable dans logement s\u00e9curis\u00e9, \u00e9vitant la casse de la cl\u00e9 et les blessures.<\/p>\n<p> PRATIQUE<\/p>\n<p> 1 syst\u00e8me int\u00e9gr\u00e9 de rangement des tournevis, 2 bacs lat\u00e9raux de rangement de 3L.<\/p>\n<p> CONFORT<\/p>\n<p> Hauteur du poste de travail revue pour plus de confort. <\/p>\n<p> Grande surface de travail. 1 plateau en inox.<\/p>\n<p> R\u00c9SISTANTE<\/p>\n<p> Charge utile par tiroir : 30 kg.<\/p>\n<p> R\u00e9sistance jusqu&#8217;\u00e0 950 kg en position statique et 300 kg en d\u00e9placement.<\/p>\n<p> LONG\u00c9VIT\u00c9<\/p>\n<p> Servante r\u00e9sistante aux hydrocarbures, solvants, liquide de frein, p\u00e9trole.<\/p>\n<p> UNIVERSEL<\/p>\n<p> Peut int\u00e9grer 90% des modules du march\u00e9.<\/p>\n<p> CONFORT<\/p>\n<p> 4 roues pivotantes de \u00d8 125 mm dont une frein\u00e9e pour faciliter les d\u00e9placements d&#8217;un seul doigt.<\/p>\n","protected":false},"excerpt":{"rendered":"<p>416-AXL<\/p>\n","protected":false},"featured_media":39630,"template":"","meta":{"_acf_changed":false},"product_brand":[],"product_cat":[12900],"product_tag":[],"class_list":{"0":"post-40770","1":"product","2":"type-product","3":"status-publish","4":"has-post-thumbnail","6":"product_cat-rangement-des-outils","7":"pa_marque-sam","9":"first","10":"instock","11":"featured","12":"taxable","13":"shipping-taxable","14":"purchasable","15":"product-type-simple"},"acf":[],"yoast_head":"<!-- This site is optimized with the Yoast SEO plugin v26.2 - https:\/\/yoast.com\/wordpress\/plugins\/seo\/ -->\n<title>Servante 41 - XL - 6 tiroirs rouge plateau inox 416-AXL SAM - Radper<\/title>\n<meta name=\"robots\" content=\"index, follow, max-snippet:-1, max-image-preview:large, max-video-preview:-1\" \/>\n<link rel=\"canonical\" href=\"https:\/\/www.radper.com\/en\/catalogs\/epi-outillage\/rangement-des-outils\/servante-41-xl-6-tiroirs-rouge-plateau-inox-416-axl-sam\/\" \/>\n<meta property=\"og:locale\" content=\"en_US\" \/>\n<meta property=\"og:type\" content=\"article\" \/>\n<meta property=\"og:title\" content=\"Servante 41 - XL - 6 tiroirs rouge plateau inox 416-AXL SAM - Radper\" \/>\n<meta property=\"og:description\" content=\"416-AXL\" \/>\n<meta property=\"og:url\" content=\"https:\/\/www.radper.com\/en\/catalogs\/epi-outillage\/rangement-des-outils\/servante-41-xl-6-tiroirs-rouge-plateau-inox-416-axl-sam\/\" \/>\n<meta property=\"og:site_name\" content=\"Radper\" \/>\n<meta property=\"article:modified_time\" content=\"2025-03-13T00:42:32+00:00\" \/>\n<meta property=\"og:image\" content=\"https:\/\/www.radper.com\/wp-content\/uploads\/2023\/11\/Photo-produit-416-AXL.jpeg\" \/>\n\t<meta property=\"og:image:width\" content=\"600\" \/>\n\t<meta property=\"og:image:height\" content=\"600\" \/>\n\t<meta property=\"og:image:type\" content=\"image\/jpeg\" \/>\n<meta name=\"twitter:card\" content=\"summary_large_image\" \/>\n<meta name=\"twitter:label1\" content=\"Est. reading time\" \/>\n\t<meta name=\"twitter:data1\" content=\"1 minute\" \/>\n<script type=\"application\/ld+json\" class=\"yoast-schema-graph\">{\"@context\":\"https:\/\/schema.org\",\"@graph\":[{\"@type\":\"WebPage\",\"@id\":\"https:\/\/www.radper.com\/en\/catalogs\/epi-outillage\/rangement-des-outils\/servante-41-xl-6-tiroirs-rouge-plateau-inox-416-axl-sam\/\",\"url\":\"https:\/\/www.radper.com\/en\/catalogs\/epi-outillage\/rangement-des-outils\/servante-41-xl-6-tiroirs-rouge-plateau-inox-416-axl-sam\/\",\"name\":\"Servante 41 - XL - 6 tiroirs rouge plateau inox 416-AXL SAM - Radper\",\"isPartOf\":{\"@id\":\"https:\/\/www.radper.com\/en\/#website\"},\"primaryImageOfPage\":{\"@id\":\"https:\/\/www.radper.com\/en\/catalogs\/epi-outillage\/rangement-des-outils\/servante-41-xl-6-tiroirs-rouge-plateau-inox-416-axl-sam\/#primaryimage\"},\"image\":{\"@id\":\"https:\/\/www.radper.com\/en\/catalogs\/epi-outillage\/rangement-des-outils\/servante-41-xl-6-tiroirs-rouge-plateau-inox-416-axl-sam\/#primaryimage\"},\"thumbnailUrl\":\"https:\/\/www.radper.com\/wp-content\/uploads\/2023\/11\/Photo-produit-416-AXL.jpeg\",\"datePublished\":\"2023-11-20T11:03:54+00:00\",\"dateModified\":\"2025-03-13T00:42:32+00:00\",\"breadcrumb\":{\"@id\":\"https:\/\/www.radper.com\/en\/catalogs\/epi-outillage\/rangement-des-outils\/servante-41-xl-6-tiroirs-rouge-plateau-inox-416-axl-sam\/#breadcrumb\"},\"inLanguage\":\"en-US\",\"potentialAction\":[{\"@type\":\"ReadAction\",\"target\":[\"https:\/\/www.radper.com\/en\/catalogs\/epi-outillage\/rangement-des-outils\/servante-41-xl-6-tiroirs-rouge-plateau-inox-416-axl-sam\/\"]}]},{\"@type\":\"ImageObject\",\"inLanguage\":\"en-US\",\"@id\":\"https:\/\/www.radper.com\/en\/catalogs\/epi-outillage\/rangement-des-outils\/servante-41-xl-6-tiroirs-rouge-plateau-inox-416-axl-sam\/#primaryimage\",\"url\":\"https:\/\/www.radper.com\/wp-content\/uploads\/2023\/11\/Photo-produit-416-AXL.jpeg\",\"contentUrl\":\"https:\/\/www.radper.com\/wp-content\/uploads\/2023\/11\/Photo-produit-416-AXL.jpeg\",\"width\":600,\"height\":600},{\"@type\":\"BreadcrumbList\",\"@id\":\"https:\/\/www.radper.com\/en\/catalogs\/epi-outillage\/rangement-des-outils\/servante-41-xl-6-tiroirs-rouge-plateau-inox-416-axl-sam\/#breadcrumb\",\"itemListElement\":[{\"@type\":\"ListItem\",\"position\":1,\"name\":\"Accueil\",\"item\":\"https:\/\/www.radper.com\/en\/\"},{\"@type\":\"ListItem\",\"position\":2,\"name\":\"Catalog\",\"item\":\"https:\/\/www.radper.com\/en\/catalog\/\"},{\"@type\":\"ListItem\",\"position\":3,\"name\":\"Servante 41 &#8211; XL &#8211; 6 tiroirs rouge plateau inox 416-AXL SAM\"}]},{\"@type\":\"WebSite\",\"@id\":\"https:\/\/www.radper.com\/en\/#website\",\"url\":\"https:\/\/www.radper.com\/en\/\",\"name\":\"Radper\",\"description\":\"\",\"publisher\":{\"@id\":\"https:\/\/www.radper.com\/en\/#organization\"},\"potentialAction\":[{\"@type\":\"SearchAction\",\"target\":{\"@type\":\"EntryPoint\",\"urlTemplate\":\"https:\/\/www.radper.com\/en\/?s={search_term_string}\"},\"query-input\":{\"@type\":\"PropertyValueSpecification\",\"valueRequired\":true,\"valueName\":\"search_term_string\"}}],\"inLanguage\":\"en-US\"},{\"@type\":\"Organization\",\"@id\":\"https:\/\/www.radper.com\/en\/#organization\",\"name\":\"radper\",\"url\":\"https:\/\/www.radper.com\/en\/\",\"logo\":{\"@type\":\"ImageObject\",\"inLanguage\":\"en-US\",\"@id\":\"https:\/\/www.radper.com\/en\/#\/schema\/logo\/image\/\",\"url\":\"https:\/\/radper.com\/wp-content\/uploads\/2021\/04\/logo-wide-11.png\",\"contentUrl\":\"https:\/\/radper.com\/wp-content\/uploads\/2021\/04\/logo-wide-11.png\",\"width\":250,\"height\":110,\"caption\":\"radper\"},\"image\":{\"@id\":\"https:\/\/www.radper.com\/en\/#\/schema\/logo\/image\/\"}}]}<\/script>\n<!-- \/ Yoast SEO plugin. -->","yoast_head_json":{"title":"Servante 41 - XL - 6 tiroirs rouge plateau inox 416-AXL SAM - Radper","robots":{"index":"index","follow":"follow","max-snippet":"max-snippet:-1","max-image-preview":"max-image-preview:large","max-video-preview":"max-video-preview:-1"},"canonical":"https:\/\/www.radper.com\/en\/catalogs\/epi-outillage\/rangement-des-outils\/servante-41-xl-6-tiroirs-rouge-plateau-inox-416-axl-sam\/","og_locale":"en_US","og_type":"article","og_title":"Servante 41 - XL - 6 tiroirs rouge plateau inox 416-AXL SAM - Radper","og_description":"416-AXL","og_url":"https:\/\/www.radper.com\/en\/catalogs\/epi-outillage\/rangement-des-outils\/servante-41-xl-6-tiroirs-rouge-plateau-inox-416-axl-sam\/","og_site_name":"Radper","article_modified_time":"2025-03-13T00:42:32+00:00","og_image":[{"width":600,"height":600,"url":"https:\/\/www.radper.com\/wp-content\/uploads\/2023\/11\/Photo-produit-416-AXL.jpeg","type":"image\/jpeg"}],"twitter_card":"summary_large_image","twitter_misc":{"Est. reading time":"1 minute"},"schema":{"@context":"https:\/\/schema.org","@graph":[{"@type":"WebPage","@id":"https:\/\/www.radper.com\/en\/catalogs\/epi-outillage\/rangement-des-outils\/servante-41-xl-6-tiroirs-rouge-plateau-inox-416-axl-sam\/","url":"https:\/\/www.radper.com\/en\/catalogs\/epi-outillage\/rangement-des-outils\/servante-41-xl-6-tiroirs-rouge-plateau-inox-416-axl-sam\/","name":"Servante 41 - XL - 6 tiroirs rouge plateau inox 416-AXL SAM - Radper","isPartOf":{"@id":"https:\/\/www.radper.com\/en\/#website"},"primaryImageOfPage":{"@id":"https:\/\/www.radper.com\/en\/catalogs\/epi-outillage\/rangement-des-outils\/servante-41-xl-6-tiroirs-rouge-plateau-inox-416-axl-sam\/#primaryimage"},"image":{"@id":"https:\/\/www.radper.com\/en\/catalogs\/epi-outillage\/rangement-des-outils\/servante-41-xl-6-tiroirs-rouge-plateau-inox-416-axl-sam\/#primaryimage"},"thumbnailUrl":"https:\/\/www.radper.com\/wp-content\/uploads\/2023\/11\/Photo-produit-416-AXL.jpeg","datePublished":"2023-11-20T11:03:54+00:00","dateModified":"2025-03-13T00:42:32+00:00","breadcrumb":{"@id":"https:\/\/www.radper.com\/en\/catalogs\/epi-outillage\/rangement-des-outils\/servante-41-xl-6-tiroirs-rouge-plateau-inox-416-axl-sam\/#breadcrumb"},"inLanguage":"en-US","potentialAction":[{"@type":"ReadAction","target":["https:\/\/www.radper.com\/en\/catalogs\/epi-outillage\/rangement-des-outils\/servante-41-xl-6-tiroirs-rouge-plateau-inox-416-axl-sam\/"]}]},{"@type":"ImageObject","inLanguage":"en-US","@id":"https:\/\/www.radper.com\/en\/catalogs\/epi-outillage\/rangement-des-outils\/servante-41-xl-6-tiroirs-rouge-plateau-inox-416-axl-sam\/#primaryimage","url":"https:\/\/www.radper.com\/wp-content\/uploads\/2023\/11\/Photo-produit-416-AXL.jpeg","contentUrl":"https:\/\/www.radper.com\/wp-content\/uploads\/2023\/11\/Photo-produit-416-AXL.jpeg","width":600,"height":600},{"@type":"BreadcrumbList","@id":"https:\/\/www.radper.com\/en\/catalogs\/epi-outillage\/rangement-des-outils\/servante-41-xl-6-tiroirs-rouge-plateau-inox-416-axl-sam\/#breadcrumb","itemListElement":[{"@type":"ListItem","position":1,"name":"Accueil","item":"https:\/\/www.radper.com\/en\/"},{"@type":"ListItem","position":2,"name":"Catalog","item":"https:\/\/www.radper.com\/en\/catalog\/"},{"@type":"ListItem","position":3,"name":"Servante 41 &#8211; XL &#8211; 6 tiroirs rouge plateau inox 416-AXL SAM"}]},{"@type":"WebSite","@id":"https:\/\/www.radper.com\/en\/#website","url":"https:\/\/www.radper.com\/en\/","name":"Radper","description":"","publisher":{"@id":"https:\/\/www.radper.com\/en\/#organization"},"potentialAction":[{"@type":"SearchAction","target":{"@type":"EntryPoint","urlTemplate":"https:\/\/www.radper.com\/en\/?s={search_term_string}"},"query-input":{"@type":"PropertyValueSpecification","valueRequired":true,"valueName":"search_term_string"}}],"inLanguage":"en-US"},{"@type":"Organization","@id":"https:\/\/www.radper.com\/en\/#organization","name":"radper","url":"https:\/\/www.radper.com\/en\/","logo":{"@type":"ImageObject","inLanguage":"en-US","@id":"https:\/\/www.radper.com\/en\/#\/schema\/logo\/image\/","url":"https:\/\/radper.com\/wp-content\/uploads\/2021\/04\/logo-wide-11.png","contentUrl":"https:\/\/radper.com\/wp-content\/uploads\/2021\/04\/logo-wide-11.png","width":250,"height":110,"caption":"radper"},"image":{"@id":"https:\/\/www.radper.com\/en\/#\/schema\/logo\/image\/"}}]}},"_links":{"self":[{"href":"https:\/\/www.radper.com\/en\/wp-json\/wp\/v2\/product\/40770","targetHints":{"allow":["GET"]}}],"collection":[{"href":"https:\/\/www.radper.com\/en\/wp-json\/wp\/v2\/product"}],"about":[{"href":"https:\/\/www.radper.com\/en\/wp-json\/wp\/v2\/types\/product"}],"wp:featuredmedia":[{"embeddable":true,"href":"https:\/\/www.radper.com\/en\/wp-json\/wp\/v2\/media\/39630"}],"wp:attachment":[{"href":"https:\/\/www.radper.com\/en\/wp-json\/wp\/v2\/media?parent=40770"}],"wp:term":[{"taxonomy":"product_brand","embeddable":true,"href":"https:\/\/www.radper.com\/en\/wp-json\/wp\/v2\/product_brand?post=40770"},{"taxonomy":"product_cat","embeddable":true,"href":"https:\/\/www.radper.com\/en\/wp-json\/wp\/v2\/product_cat?post=40770"},{"taxonomy":"product_tag","embeddable":true,"href":"https:\/\/www.radper.com\/en\/wp-json\/wp\/v2\/product_tag?post=40770"}],"curies":[{"name":"wp","href":"https:\/\/api.w.org\/{rel}","templated":true}]}}