{"id":40868,"date":"2023-11-20T11:05:02","date_gmt":"2023-11-20T11:05:02","guid":{"rendered":"https:\/\/www.radper.com\/produit\/caisse-textile-30-litres-avec-100-outils-de-maintenance-cp-100-bag2n\/"},"modified":"2025-03-13T00:42:02","modified_gmt":"2025-03-13T00:42:02","slug":"caisse-textile-30-litres-100-outils-cp-100-bag2n-sam","status":"publish","type":"product","link":"https:\/\/www.radper.com\/en\/catalogs\/epi-outillage\/rangement-des-outils\/caisse-textile-30-litres-100-outils-cp-100-bag2n-sam\/","title":{"rendered":"Caisse textile 30 litres avec 100  outils de maintenace  CP-100-BAG2N SAM"},"content":{"rendered":"<p>3 bonnes raisons de commander ce bag textile : <\/p>\n<p> 1 &#8211; Un nouveau bag textile 100 outils pour la maintenance itin\u00e9rante.<\/p>\n<p> 2 &#8211; Bag textile ultra-l\u00e9ger et r\u00e9sistant.<\/p>\n<p> 3 &#8211; 50% d&#8217;\u00e9conomies par rapport \u00e0 une composition similaire.<\/p>\n<p> Composition : <\/p>\n<p> x1 : Coffret 60 outils 1\/4&#8243; &#038; 1\/2&#8243; 75-SHR60<\/p>\n<p> x1 : Pince multiprise 250mm<\/p>\n<p> x1 : Pince coupante 160mm<\/p>\n<p> x9 : Cl\u00e9s m\u00e2les courtes 6pans en r\u00e2telier<\/p>\n<p> x9 : Cl\u00e9s m\u00e2les R\u00e9sitorx en r\u00e2telier<\/p>\n<p> x9 : Cl\u00e9s mixtes : 10 -> 19mm<\/p>\n<p> x1 : Marteau Rivoir 32mm<\/p>\n<p> x1 : Burin de carrossier<\/p>\n<p> x6 : Tournevis : x3 fentes , x3 Phillips<\/p>\n<p> x1 : Cutter lame auto r\u00e9tractable<\/p>\n<p> x1 : Lampe stylo<\/p>\n<p> x1 : Mesure 3m<\/p>\n<p> x1 : Bag-2NZ<\/p>\n","protected":false},"excerpt":{"rendered":"<p>CP-100-BAG2N<\/p>\n","protected":false},"featured_media":0,"template":"","meta":{"_acf_changed":false},"product_brand":[],"product_cat":[12900],"product_tag":[],"class_list":{"0":"post-40868","1":"product","2":"type-product","3":"status-publish","5":"product_cat-rangement-des-outils","6":"pa_marque-sam","8":"first","9":"instock","10":"featured","11":"taxable","12":"shipping-taxable","13":"purchasable","14":"product-type-simple"},"acf":[],"yoast_head":"<!-- This site is optimized with the Yoast SEO plugin v26.2 - https:\/\/yoast.com\/wordpress\/plugins\/seo\/ -->\n<title>Caisse textile 30 litres avec 100 outils de maintenace CP-100-BAG2N SAM - Radper<\/title>\n<meta name=\"robots\" content=\"index, follow, max-snippet:-1, max-image-preview:large, max-video-preview:-1\" \/>\n<link rel=\"canonical\" href=\"https:\/\/www.radper.com\/en\/catalogs\/epi-outillage\/rangement-des-outils\/caisse-textile-30-litres-100-outils-cp-100-bag2n-sam\/\" \/>\n<meta property=\"og:locale\" content=\"en_US\" \/>\n<meta property=\"og:type\" content=\"article\" \/>\n<meta property=\"og:title\" content=\"Caisse textile 30 litres avec 100 outils de maintenace CP-100-BAG2N SAM - Radper\" \/>\n<meta property=\"og:description\" content=\"CP-100-BAG2N\" \/>\n<meta property=\"og:url\" content=\"https:\/\/www.radper.com\/en\/catalogs\/epi-outillage\/rangement-des-outils\/caisse-textile-30-litres-100-outils-cp-100-bag2n-sam\/\" \/>\n<meta property=\"og:site_name\" content=\"Radper\" \/>\n<meta property=\"article:modified_time\" content=\"2025-03-13T00:42:02+00:00\" \/>\n<meta name=\"twitter:card\" content=\"summary_large_image\" \/>\n<meta name=\"twitter:label1\" content=\"Est. reading time\" \/>\n\t<meta name=\"twitter:data1\" content=\"1 minute\" \/>\n<script type=\"application\/ld+json\" class=\"yoast-schema-graph\">{\"@context\":\"https:\/\/schema.org\",\"@graph\":[{\"@type\":\"WebPage\",\"@id\":\"https:\/\/www.radper.com\/en\/catalogs\/epi-outillage\/rangement-des-outils\/caisse-textile-30-litres-100-outils-cp-100-bag2n-sam\/\",\"url\":\"https:\/\/www.radper.com\/en\/catalogs\/epi-outillage\/rangement-des-outils\/caisse-textile-30-litres-100-outils-cp-100-bag2n-sam\/\",\"name\":\"Caisse textile 30 litres avec 100 outils de maintenace CP-100-BAG2N SAM - Radper\",\"isPartOf\":{\"@id\":\"https:\/\/www.radper.com\/en\/#website\"},\"datePublished\":\"2023-11-20T11:05:02+00:00\",\"dateModified\":\"2025-03-13T00:42:02+00:00\",\"breadcrumb\":{\"@id\":\"https:\/\/www.radper.com\/en\/catalogs\/epi-outillage\/rangement-des-outils\/caisse-textile-30-litres-100-outils-cp-100-bag2n-sam\/#breadcrumb\"},\"inLanguage\":\"en-US\",\"potentialAction\":[{\"@type\":\"ReadAction\",\"target\":[\"https:\/\/www.radper.com\/en\/catalogs\/epi-outillage\/rangement-des-outils\/caisse-textile-30-litres-100-outils-cp-100-bag2n-sam\/\"]}]},{\"@type\":\"BreadcrumbList\",\"@id\":\"https:\/\/www.radper.com\/en\/catalogs\/epi-outillage\/rangement-des-outils\/caisse-textile-30-litres-100-outils-cp-100-bag2n-sam\/#breadcrumb\",\"itemListElement\":[{\"@type\":\"ListItem\",\"position\":1,\"name\":\"Accueil\",\"item\":\"https:\/\/www.radper.com\/en\/\"},{\"@type\":\"ListItem\",\"position\":2,\"name\":\"Catalog\",\"item\":\"https:\/\/www.radper.com\/en\/catalog\/\"},{\"@type\":\"ListItem\",\"position\":3,\"name\":\"Caisse textile 30 litres avec 100 outils de maintenace CP-100-BAG2N SAM\"}]},{\"@type\":\"WebSite\",\"@id\":\"https:\/\/www.radper.com\/en\/#website\",\"url\":\"https:\/\/www.radper.com\/en\/\",\"name\":\"Radper\",\"description\":\"\",\"publisher\":{\"@id\":\"https:\/\/www.radper.com\/en\/#organization\"},\"potentialAction\":[{\"@type\":\"SearchAction\",\"target\":{\"@type\":\"EntryPoint\",\"urlTemplate\":\"https:\/\/www.radper.com\/en\/?s={search_term_string}\"},\"query-input\":{\"@type\":\"PropertyValueSpecification\",\"valueRequired\":true,\"valueName\":\"search_term_string\"}}],\"inLanguage\":\"en-US\"},{\"@type\":\"Organization\",\"@id\":\"https:\/\/www.radper.com\/en\/#organization\",\"name\":\"radper\",\"url\":\"https:\/\/www.radper.com\/en\/\",\"logo\":{\"@type\":\"ImageObject\",\"inLanguage\":\"en-US\",\"@id\":\"https:\/\/www.radper.com\/en\/#\/schema\/logo\/image\/\",\"url\":\"https:\/\/radper.com\/wp-content\/uploads\/2021\/04\/logo-wide-11.png\",\"contentUrl\":\"https:\/\/radper.com\/wp-content\/uploads\/2021\/04\/logo-wide-11.png\",\"width\":250,\"height\":110,\"caption\":\"radper\"},\"image\":{\"@id\":\"https:\/\/www.radper.com\/en\/#\/schema\/logo\/image\/\"}}]}<\/script>\n<!-- \/ Yoast SEO plugin. -->","yoast_head_json":{"title":"Caisse textile 30 litres avec 100 outils de maintenace CP-100-BAG2N SAM - Radper","robots":{"index":"index","follow":"follow","max-snippet":"max-snippet:-1","max-image-preview":"max-image-preview:large","max-video-preview":"max-video-preview:-1"},"canonical":"https:\/\/www.radper.com\/en\/catalogs\/epi-outillage\/rangement-des-outils\/caisse-textile-30-litres-100-outils-cp-100-bag2n-sam\/","og_locale":"en_US","og_type":"article","og_title":"Caisse textile 30 litres avec 100 outils de maintenace CP-100-BAG2N SAM - Radper","og_description":"CP-100-BAG2N","og_url":"https:\/\/www.radper.com\/en\/catalogs\/epi-outillage\/rangement-des-outils\/caisse-textile-30-litres-100-outils-cp-100-bag2n-sam\/","og_site_name":"Radper","article_modified_time":"2025-03-13T00:42:02+00:00","twitter_card":"summary_large_image","twitter_misc":{"Est. reading time":"1 minute"},"schema":{"@context":"https:\/\/schema.org","@graph":[{"@type":"WebPage","@id":"https:\/\/www.radper.com\/en\/catalogs\/epi-outillage\/rangement-des-outils\/caisse-textile-30-litres-100-outils-cp-100-bag2n-sam\/","url":"https:\/\/www.radper.com\/en\/catalogs\/epi-outillage\/rangement-des-outils\/caisse-textile-30-litres-100-outils-cp-100-bag2n-sam\/","name":"Caisse textile 30 litres avec 100 outils de maintenace CP-100-BAG2N SAM - Radper","isPartOf":{"@id":"https:\/\/www.radper.com\/en\/#website"},"datePublished":"2023-11-20T11:05:02+00:00","dateModified":"2025-03-13T00:42:02+00:00","breadcrumb":{"@id":"https:\/\/www.radper.com\/en\/catalogs\/epi-outillage\/rangement-des-outils\/caisse-textile-30-litres-100-outils-cp-100-bag2n-sam\/#breadcrumb"},"inLanguage":"en-US","potentialAction":[{"@type":"ReadAction","target":["https:\/\/www.radper.com\/en\/catalogs\/epi-outillage\/rangement-des-outils\/caisse-textile-30-litres-100-outils-cp-100-bag2n-sam\/"]}]},{"@type":"BreadcrumbList","@id":"https:\/\/www.radper.com\/en\/catalogs\/epi-outillage\/rangement-des-outils\/caisse-textile-30-litres-100-outils-cp-100-bag2n-sam\/#breadcrumb","itemListElement":[{"@type":"ListItem","position":1,"name":"Accueil","item":"https:\/\/www.radper.com\/en\/"},{"@type":"ListItem","position":2,"name":"Catalog","item":"https:\/\/www.radper.com\/en\/catalog\/"},{"@type":"ListItem","position":3,"name":"Caisse textile 30 litres avec 100 outils de maintenace CP-100-BAG2N SAM"}]},{"@type":"WebSite","@id":"https:\/\/www.radper.com\/en\/#website","url":"https:\/\/www.radper.com\/en\/","name":"Radper","description":"","publisher":{"@id":"https:\/\/www.radper.com\/en\/#organization"},"potentialAction":[{"@type":"SearchAction","target":{"@type":"EntryPoint","urlTemplate":"https:\/\/www.radper.com\/en\/?s={search_term_string}"},"query-input":{"@type":"PropertyValueSpecification","valueRequired":true,"valueName":"search_term_string"}}],"inLanguage":"en-US"},{"@type":"Organization","@id":"https:\/\/www.radper.com\/en\/#organization","name":"radper","url":"https:\/\/www.radper.com\/en\/","logo":{"@type":"ImageObject","inLanguage":"en-US","@id":"https:\/\/www.radper.com\/en\/#\/schema\/logo\/image\/","url":"https:\/\/radper.com\/wp-content\/uploads\/2021\/04\/logo-wide-11.png","contentUrl":"https:\/\/radper.com\/wp-content\/uploads\/2021\/04\/logo-wide-11.png","width":250,"height":110,"caption":"radper"},"image":{"@id":"https:\/\/www.radper.com\/en\/#\/schema\/logo\/image\/"}}]}},"_links":{"self":[{"href":"https:\/\/www.radper.com\/en\/wp-json\/wp\/v2\/product\/40868","targetHints":{"allow":["GET"]}}],"collection":[{"href":"https:\/\/www.radper.com\/en\/wp-json\/wp\/v2\/product"}],"about":[{"href":"https:\/\/www.radper.com\/en\/wp-json\/wp\/v2\/types\/product"}],"wp:attachment":[{"href":"https:\/\/www.radper.com\/en\/wp-json\/wp\/v2\/media?parent=40868"}],"wp:term":[{"taxonomy":"product_brand","embeddable":true,"href":"https:\/\/www.radper.com\/en\/wp-json\/wp\/v2\/product_brand?post=40868"},{"taxonomy":"product_cat","embeddable":true,"href":"https:\/\/www.radper.com\/en\/wp-json\/wp\/v2\/product_cat?post=40868"},{"taxonomy":"product_tag","embeddable":true,"href":"https:\/\/www.radper.com\/en\/wp-json\/wp\/v2\/product_tag?post=40868"}],"curies":[{"name":"wp","href":"https:\/\/api.w.org\/{rel}","templated":true}]}}