{"id":40906,"date":"2023-11-20T11:05:27","date_gmt":"2023-11-20T11:05:27","guid":{"rendered":"https:\/\/www.radper.com\/produit\/cle-mecatronique-intelligente-10-100-nm-apps-logiciel-dymc-100-1\/"},"modified":"2025-03-13T00:43:18","modified_gmt":"2025-03-13T00:43:18","slug":"cle-mecatronique-inteligente10-100-nm-apps-dymc-100-1-sam","status":"publish","type":"product","link":"https:\/\/www.radper.com\/en\/catalogs\/epi-outillage\/outillage\/serrage-controle\/cle-mecatronique-inteligente10-100-nm-apps-dymc-100-1-sam\/","title":{"rendered":"Cle mecatronique inteligente10-100 NM apps + logiciel DYMC-100-1 SAM"},"content":{"rendered":"<p>La seule cl\u00e9 dynamom\u00e9trique \u00e0 cassure pilot\u00e9e \u00e9lectroniquement qui garantit la conformit\u00e9 de vos serrages.<\/p>\n<p> MA\u00ceTRISE DE VOTRE PROCESS<\/p>\n<p> Pas de sur-serrage et\/ou de sous-serrage gr\u00e2ce \u00e0 la grande cassure et \u00e0 l&#8217;auto-contr\u00f4le de la cl\u00e9.<\/p>\n<p> Op\u00e9rations de configuration, r\u00e9glage et utilisation garanties en temps r\u00e9el.<\/p>\n<p> Enregistrement et contr\u00f4le continu des op\u00e9rations, r\u00e9sultats et \u00e9v\u00e8nements sur mesure.<\/p>\n<p> R\u00e9glage maitris\u00e9 depuis l&#8217;interface uniquement : aucun risque d&#8217;erreur op\u00e9rateur.<\/p>\n<p> REDUCTION DES CO\u00dbTS<\/p>\n<p> Pas d&#8217;arr\u00eat de production gr\u00e2ce au contr\u00f4le instantan\u00e9 du serrage r\u00e9alis\u00e9.<\/p>\n<p> Toute la plage de couples 10-100 Nm op\u00e9rationnelle sur la cl\u00e9.<\/p>\n<p> FACILIT\u00c9 D&#8217;UTILISATION<\/p>\n<p> Utilisation intuitive de la cl\u00e9.<\/p>\n<p> Mesure ind\u00e9pendante de la position de la main.<\/p>\n<p> Poids et encombrement r\u00e9duits.<\/p>\n<p> * Avec une vis-\u00e9crou de bonne qualit\u00e9 et une lubrification adapt\u00e9e.<\/p>\n<p> 6 BREVETS D\u00c9POS\u00c9S<\/p>\n<p> Cl\u00e9 disponible avec ou sans application d\u00e9di\u00e9e, en fonction de vos besoins : <\/p>\n<p> &#8211; DYMC-100-1 : Comprend une cl\u00e9, 3 embouts 1\/4&#8243;, 3\/8&#8243; et 1\/2&#8243; + 2 batteries avec chargeur.<\/p>\n<p> &#8211; DYMC-100-2 : M\u00eame contenu + smartphone et application d\u00e9di\u00e9e.<\/p>\n<p> Conforme NF EN ISO 6789-1 (2017), la cl\u00e9 est fournie avec un certificat d&#8217;\u00e9talonnage 3 points.<\/p>\n","protected":false},"excerpt":{"rendered":"<p>DYMC-100-1<\/p>\n","protected":false},"featured_media":39816,"template":"","meta":{"_acf_changed":false},"product_brand":[],"product_cat":[12914],"product_tag":[],"class_list":{"0":"post-40906","1":"product","2":"type-product","3":"status-publish","4":"has-post-thumbnail","6":"product_cat-serrage-controle","7":"pa_marque-sam","9":"first","10":"instock","11":"featured","12":"taxable","13":"shipping-taxable","14":"purchasable","15":"product-type-simple"},"acf":[],"yoast_head":"<!-- This site is optimized with the Yoast SEO plugin v26.2 - https:\/\/yoast.com\/wordpress\/plugins\/seo\/ -->\n<title>Cle mecatronique inteligente10-100 NM apps + logiciel DYMC-100-1 SAM - Radper<\/title>\n<meta name=\"robots\" content=\"index, follow, max-snippet:-1, max-image-preview:large, max-video-preview:-1\" \/>\n<link rel=\"canonical\" href=\"https:\/\/www.radper.com\/en\/catalogs\/epi-outillage\/outillage\/serrage-controle\/cle-mecatronique-inteligente10-100-nm-apps-dymc-100-1-sam\/\" \/>\n<meta property=\"og:locale\" content=\"en_US\" \/>\n<meta property=\"og:type\" content=\"article\" \/>\n<meta property=\"og:title\" content=\"Cle mecatronique inteligente10-100 NM apps + logiciel DYMC-100-1 SAM - Radper\" \/>\n<meta property=\"og:description\" content=\"DYMC-100-1\" \/>\n<meta property=\"og:url\" content=\"https:\/\/www.radper.com\/en\/catalogs\/epi-outillage\/outillage\/serrage-controle\/cle-mecatronique-inteligente10-100-nm-apps-dymc-100-1-sam\/\" \/>\n<meta property=\"og:site_name\" content=\"Radper\" \/>\n<meta property=\"article:modified_time\" content=\"2025-03-13T00:43:18+00:00\" \/>\n<meta property=\"og:image\" content=\"https:\/\/www.radper.com\/wp-content\/uploads\/2023\/11\/Photo-produit-DYMC-100-1.jpeg\" \/>\n\t<meta property=\"og:image:width\" content=\"600\" \/>\n\t<meta property=\"og:image:height\" content=\"600\" \/>\n\t<meta property=\"og:image:type\" content=\"image\/jpeg\" \/>\n<meta name=\"twitter:card\" content=\"summary_large_image\" \/>\n<meta name=\"twitter:label1\" content=\"Est. reading time\" \/>\n\t<meta name=\"twitter:data1\" content=\"1 minute\" \/>\n<script type=\"application\/ld+json\" class=\"yoast-schema-graph\">{\"@context\":\"https:\/\/schema.org\",\"@graph\":[{\"@type\":\"WebPage\",\"@id\":\"https:\/\/www.radper.com\/en\/catalogs\/epi-outillage\/outillage\/serrage-controle\/cle-mecatronique-inteligente10-100-nm-apps-dymc-100-1-sam\/\",\"url\":\"https:\/\/www.radper.com\/en\/catalogs\/epi-outillage\/outillage\/serrage-controle\/cle-mecatronique-inteligente10-100-nm-apps-dymc-100-1-sam\/\",\"name\":\"Cle mecatronique inteligente10-100 NM apps + logiciel DYMC-100-1 SAM - Radper\",\"isPartOf\":{\"@id\":\"https:\/\/www.radper.com\/en\/#website\"},\"primaryImageOfPage\":{\"@id\":\"https:\/\/www.radper.com\/en\/catalogs\/epi-outillage\/outillage\/serrage-controle\/cle-mecatronique-inteligente10-100-nm-apps-dymc-100-1-sam\/#primaryimage\"},\"image\":{\"@id\":\"https:\/\/www.radper.com\/en\/catalogs\/epi-outillage\/outillage\/serrage-controle\/cle-mecatronique-inteligente10-100-nm-apps-dymc-100-1-sam\/#primaryimage\"},\"thumbnailUrl\":\"https:\/\/www.radper.com\/wp-content\/uploads\/2023\/11\/Photo-produit-DYMC-100-1.jpeg\",\"datePublished\":\"2023-11-20T11:05:27+00:00\",\"dateModified\":\"2025-03-13T00:43:18+00:00\",\"breadcrumb\":{\"@id\":\"https:\/\/www.radper.com\/en\/catalogs\/epi-outillage\/outillage\/serrage-controle\/cle-mecatronique-inteligente10-100-nm-apps-dymc-100-1-sam\/#breadcrumb\"},\"inLanguage\":\"en-US\",\"potentialAction\":[{\"@type\":\"ReadAction\",\"target\":[\"https:\/\/www.radper.com\/en\/catalogs\/epi-outillage\/outillage\/serrage-controle\/cle-mecatronique-inteligente10-100-nm-apps-dymc-100-1-sam\/\"]}]},{\"@type\":\"ImageObject\",\"inLanguage\":\"en-US\",\"@id\":\"https:\/\/www.radper.com\/en\/catalogs\/epi-outillage\/outillage\/serrage-controle\/cle-mecatronique-inteligente10-100-nm-apps-dymc-100-1-sam\/#primaryimage\",\"url\":\"https:\/\/www.radper.com\/wp-content\/uploads\/2023\/11\/Photo-produit-DYMC-100-1.jpeg\",\"contentUrl\":\"https:\/\/www.radper.com\/wp-content\/uploads\/2023\/11\/Photo-produit-DYMC-100-1.jpeg\",\"width\":600,\"height\":600},{\"@type\":\"BreadcrumbList\",\"@id\":\"https:\/\/www.radper.com\/en\/catalogs\/epi-outillage\/outillage\/serrage-controle\/cle-mecatronique-inteligente10-100-nm-apps-dymc-100-1-sam\/#breadcrumb\",\"itemListElement\":[{\"@type\":\"ListItem\",\"position\":1,\"name\":\"Accueil\",\"item\":\"https:\/\/www.radper.com\/en\/\"},{\"@type\":\"ListItem\",\"position\":2,\"name\":\"Catalog\",\"item\":\"https:\/\/www.radper.com\/en\/catalog\/\"},{\"@type\":\"ListItem\",\"position\":3,\"name\":\"Cle mecatronique inteligente10-100 NM apps + logiciel DYMC-100-1 SAM\"}]},{\"@type\":\"WebSite\",\"@id\":\"https:\/\/www.radper.com\/en\/#website\",\"url\":\"https:\/\/www.radper.com\/en\/\",\"name\":\"Radper\",\"description\":\"\",\"publisher\":{\"@id\":\"https:\/\/www.radper.com\/en\/#organization\"},\"potentialAction\":[{\"@type\":\"SearchAction\",\"target\":{\"@type\":\"EntryPoint\",\"urlTemplate\":\"https:\/\/www.radper.com\/en\/?s={search_term_string}\"},\"query-input\":{\"@type\":\"PropertyValueSpecification\",\"valueRequired\":true,\"valueName\":\"search_term_string\"}}],\"inLanguage\":\"en-US\"},{\"@type\":\"Organization\",\"@id\":\"https:\/\/www.radper.com\/en\/#organization\",\"name\":\"radper\",\"url\":\"https:\/\/www.radper.com\/en\/\",\"logo\":{\"@type\":\"ImageObject\",\"inLanguage\":\"en-US\",\"@id\":\"https:\/\/www.radper.com\/en\/#\/schema\/logo\/image\/\",\"url\":\"https:\/\/radper.com\/wp-content\/uploads\/2021\/04\/logo-wide-11.png\",\"contentUrl\":\"https:\/\/radper.com\/wp-content\/uploads\/2021\/04\/logo-wide-11.png\",\"width\":250,\"height\":110,\"caption\":\"radper\"},\"image\":{\"@id\":\"https:\/\/www.radper.com\/en\/#\/schema\/logo\/image\/\"}}]}<\/script>\n<!-- \/ Yoast SEO plugin. -->","yoast_head_json":{"title":"Cle mecatronique inteligente10-100 NM apps + logiciel DYMC-100-1 SAM - Radper","robots":{"index":"index","follow":"follow","max-snippet":"max-snippet:-1","max-image-preview":"max-image-preview:large","max-video-preview":"max-video-preview:-1"},"canonical":"https:\/\/www.radper.com\/en\/catalogs\/epi-outillage\/outillage\/serrage-controle\/cle-mecatronique-inteligente10-100-nm-apps-dymc-100-1-sam\/","og_locale":"en_US","og_type":"article","og_title":"Cle mecatronique inteligente10-100 NM apps + logiciel DYMC-100-1 SAM - Radper","og_description":"DYMC-100-1","og_url":"https:\/\/www.radper.com\/en\/catalogs\/epi-outillage\/outillage\/serrage-controle\/cle-mecatronique-inteligente10-100-nm-apps-dymc-100-1-sam\/","og_site_name":"Radper","article_modified_time":"2025-03-13T00:43:18+00:00","og_image":[{"width":600,"height":600,"url":"https:\/\/www.radper.com\/wp-content\/uploads\/2023\/11\/Photo-produit-DYMC-100-1.jpeg","type":"image\/jpeg"}],"twitter_card":"summary_large_image","twitter_misc":{"Est. reading time":"1 minute"},"schema":{"@context":"https:\/\/schema.org","@graph":[{"@type":"WebPage","@id":"https:\/\/www.radper.com\/en\/catalogs\/epi-outillage\/outillage\/serrage-controle\/cle-mecatronique-inteligente10-100-nm-apps-dymc-100-1-sam\/","url":"https:\/\/www.radper.com\/en\/catalogs\/epi-outillage\/outillage\/serrage-controle\/cle-mecatronique-inteligente10-100-nm-apps-dymc-100-1-sam\/","name":"Cle mecatronique inteligente10-100 NM apps + logiciel DYMC-100-1 SAM - Radper","isPartOf":{"@id":"https:\/\/www.radper.com\/en\/#website"},"primaryImageOfPage":{"@id":"https:\/\/www.radper.com\/en\/catalogs\/epi-outillage\/outillage\/serrage-controle\/cle-mecatronique-inteligente10-100-nm-apps-dymc-100-1-sam\/#primaryimage"},"image":{"@id":"https:\/\/www.radper.com\/en\/catalogs\/epi-outillage\/outillage\/serrage-controle\/cle-mecatronique-inteligente10-100-nm-apps-dymc-100-1-sam\/#primaryimage"},"thumbnailUrl":"https:\/\/www.radper.com\/wp-content\/uploads\/2023\/11\/Photo-produit-DYMC-100-1.jpeg","datePublished":"2023-11-20T11:05:27+00:00","dateModified":"2025-03-13T00:43:18+00:00","breadcrumb":{"@id":"https:\/\/www.radper.com\/en\/catalogs\/epi-outillage\/outillage\/serrage-controle\/cle-mecatronique-inteligente10-100-nm-apps-dymc-100-1-sam\/#breadcrumb"},"inLanguage":"en-US","potentialAction":[{"@type":"ReadAction","target":["https:\/\/www.radper.com\/en\/catalogs\/epi-outillage\/outillage\/serrage-controle\/cle-mecatronique-inteligente10-100-nm-apps-dymc-100-1-sam\/"]}]},{"@type":"ImageObject","inLanguage":"en-US","@id":"https:\/\/www.radper.com\/en\/catalogs\/epi-outillage\/outillage\/serrage-controle\/cle-mecatronique-inteligente10-100-nm-apps-dymc-100-1-sam\/#primaryimage","url":"https:\/\/www.radper.com\/wp-content\/uploads\/2023\/11\/Photo-produit-DYMC-100-1.jpeg","contentUrl":"https:\/\/www.radper.com\/wp-content\/uploads\/2023\/11\/Photo-produit-DYMC-100-1.jpeg","width":600,"height":600},{"@type":"BreadcrumbList","@id":"https:\/\/www.radper.com\/en\/catalogs\/epi-outillage\/outillage\/serrage-controle\/cle-mecatronique-inteligente10-100-nm-apps-dymc-100-1-sam\/#breadcrumb","itemListElement":[{"@type":"ListItem","position":1,"name":"Accueil","item":"https:\/\/www.radper.com\/en\/"},{"@type":"ListItem","position":2,"name":"Catalog","item":"https:\/\/www.radper.com\/en\/catalog\/"},{"@type":"ListItem","position":3,"name":"Cle mecatronique inteligente10-100 NM apps + logiciel DYMC-100-1 SAM"}]},{"@type":"WebSite","@id":"https:\/\/www.radper.com\/en\/#website","url":"https:\/\/www.radper.com\/en\/","name":"Radper","description":"","publisher":{"@id":"https:\/\/www.radper.com\/en\/#organization"},"potentialAction":[{"@type":"SearchAction","target":{"@type":"EntryPoint","urlTemplate":"https:\/\/www.radper.com\/en\/?s={search_term_string}"},"query-input":{"@type":"PropertyValueSpecification","valueRequired":true,"valueName":"search_term_string"}}],"inLanguage":"en-US"},{"@type":"Organization","@id":"https:\/\/www.radper.com\/en\/#organization","name":"radper","url":"https:\/\/www.radper.com\/en\/","logo":{"@type":"ImageObject","inLanguage":"en-US","@id":"https:\/\/www.radper.com\/en\/#\/schema\/logo\/image\/","url":"https:\/\/radper.com\/wp-content\/uploads\/2021\/04\/logo-wide-11.png","contentUrl":"https:\/\/radper.com\/wp-content\/uploads\/2021\/04\/logo-wide-11.png","width":250,"height":110,"caption":"radper"},"image":{"@id":"https:\/\/www.radper.com\/en\/#\/schema\/logo\/image\/"}}]}},"_links":{"self":[{"href":"https:\/\/www.radper.com\/en\/wp-json\/wp\/v2\/product\/40906","targetHints":{"allow":["GET"]}}],"collection":[{"href":"https:\/\/www.radper.com\/en\/wp-json\/wp\/v2\/product"}],"about":[{"href":"https:\/\/www.radper.com\/en\/wp-json\/wp\/v2\/types\/product"}],"wp:featuredmedia":[{"embeddable":true,"href":"https:\/\/www.radper.com\/en\/wp-json\/wp\/v2\/media\/39816"}],"wp:attachment":[{"href":"https:\/\/www.radper.com\/en\/wp-json\/wp\/v2\/media?parent=40906"}],"wp:term":[{"taxonomy":"product_brand","embeddable":true,"href":"https:\/\/www.radper.com\/en\/wp-json\/wp\/v2\/product_brand?post=40906"},{"taxonomy":"product_cat","embeddable":true,"href":"https:\/\/www.radper.com\/en\/wp-json\/wp\/v2\/product_cat?post=40906"},{"taxonomy":"product_tag","embeddable":true,"href":"https:\/\/www.radper.com\/en\/wp-json\/wp\/v2\/product_tag?post=40906"}],"curies":[{"name":"wp","href":"https:\/\/api.w.org\/{rel}","templated":true}]}}