{"id":40983,"date":"2023-11-20T11:06:21","date_gmt":"2023-11-20T11:06:21","guid":{"rendered":"https:\/\/www.radper.com\/produit\/tournevis-dynamometrique-1-4-et-embouts-vissage-coffret-t-42j1\/"},"modified":"2025-03-13T00:42:43","modified_gmt":"2025-03-13T00:42:43","slug":"tournevis-dynamometrique-1-4-embout-vissage-t-42j1-sam","status":"publish","type":"product","link":"https:\/\/www.radper.com\/en\/catalogs\/epi-outillage\/outillage\/serrage-controle\/tournevis-dynamometrique-1-4-embout-vissage-t-42j1-sam\/","title":{"rendered":"Tournevis dynamometrique 1\/4 et embout vissage coffret T-42J1 SAM"},"content":{"rendered":"<p>Tournevis 2-10 Nm avec les embouts les plus couramment utilis\u00e9s dans les serrages \u00e0 faible couple. <\/p>\n<p> Le cliquet vous permettra d&#8217;atteindre les plages 5-10 Nm plus facilement en le fixant \u00e0 l&#8217;arri\u00e8re du tournevis.<\/p>\n<p> Permet le contr\u00f4le du couple de serrage avec une excellente r\u00e9p\u00e9tabilit\u00e9. <\/p>\n<p> Tournevis principalement utilis\u00e9 sur les cha\u00eenes de montage et dans les ateliers de maintenance.<\/p>\n<p> Pas de d\u00e9r\u00e9glage du couple de serrage possible par l&#8217;op\u00e9rateur.<\/p>\n<p> Pr\u00e9cision +\/- 6%.<\/p>\n<p> Num\u00e9rot\u00e9 et livr\u00e9 avec certificat d&#8217;\u00e9talonnage.<\/p>\n<p> Type II &#8211; Classe D.<\/p>\n<p> Coffret comprenant : <\/p>\n<p> &#8211; 1 tournevis dynamom\u00e9trique T-42 de capacit\u00e9 2 \u00e0 10 Nm.<\/p>\n<p> &#8211; 1 cliquet 1\/4&#8243;,<\/p>\n<p> &#8211; 1 cl\u00e9 m\u00e2le pour le r\u00e9glage,<\/p>\n<p> &#8211; 3 embouts fente : 4,5 &#8211; 6,5 &#8211; 8 mm,<\/p>\n<p> &#8211; 3 embouts 6 pans : 3 &#8211; 4 &#8211; 5 mm,<\/p>\n<p> &#8211; 3 embouts Pozidriv\u00ae : N\u00b01 &#8211; N\u00b02 &#8211; N\u00b03,<\/p>\n<p> &#8211; 1 embout Torx\u00ae : 20,<\/p>\n<p> &#8211; 1 porte-embouts 1\/4&#8243;,<\/p>\n<p> &#8211; 1 rallonge 1\/4&#8243; 100 mm.<\/p>\n","protected":false},"excerpt":{"rendered":"<p>T-42J1<\/p>\n","protected":false},"featured_media":39970,"template":"","meta":{"_acf_changed":false},"product_brand":[],"product_cat":[12914],"product_tag":[],"class_list":{"0":"post-40983","1":"product","2":"type-product","3":"status-publish","4":"has-post-thumbnail","6":"product_cat-serrage-controle","7":"pa_marque-sam","9":"first","10":"instock","11":"featured","12":"taxable","13":"shipping-taxable","14":"purchasable","15":"product-type-simple"},"acf":[],"yoast_head":"<!-- This site is optimized with the Yoast SEO plugin v26.2 - https:\/\/yoast.com\/wordpress\/plugins\/seo\/ -->\n<title>Tournevis dynamometrique 1\/4 et embout vissage coffret T-42J1 SAM - Radper<\/title>\n<meta name=\"robots\" content=\"index, follow, max-snippet:-1, max-image-preview:large, max-video-preview:-1\" \/>\n<link rel=\"canonical\" href=\"https:\/\/www.radper.com\/en\/catalogs\/epi-outillage\/outillage\/serrage-controle\/tournevis-dynamometrique-1-4-embout-vissage-t-42j1-sam\/\" \/>\n<meta property=\"og:locale\" content=\"en_US\" \/>\n<meta property=\"og:type\" content=\"article\" \/>\n<meta property=\"og:title\" content=\"Tournevis dynamometrique 1\/4 et embout vissage coffret T-42J1 SAM - Radper\" \/>\n<meta property=\"og:description\" content=\"T-42J1\" \/>\n<meta property=\"og:url\" content=\"https:\/\/www.radper.com\/en\/catalogs\/epi-outillage\/outillage\/serrage-controle\/tournevis-dynamometrique-1-4-embout-vissage-t-42j1-sam\/\" \/>\n<meta property=\"og:site_name\" content=\"Radper\" \/>\n<meta property=\"article:modified_time\" content=\"2025-03-13T00:42:43+00:00\" \/>\n<meta property=\"og:image\" content=\"https:\/\/www.radper.com\/wp-content\/uploads\/2023\/11\/Photo-produit-T-42J1.jpeg\" \/>\n\t<meta property=\"og:image:width\" content=\"600\" \/>\n\t<meta property=\"og:image:height\" content=\"600\" \/>\n\t<meta property=\"og:image:type\" content=\"image\/jpeg\" \/>\n<meta name=\"twitter:card\" content=\"summary_large_image\" \/>\n<meta name=\"twitter:label1\" content=\"Est. reading time\" \/>\n\t<meta name=\"twitter:data1\" content=\"1 minute\" \/>\n<script type=\"application\/ld+json\" class=\"yoast-schema-graph\">{\"@context\":\"https:\/\/schema.org\",\"@graph\":[{\"@type\":\"WebPage\",\"@id\":\"https:\/\/www.radper.com\/en\/catalogs\/epi-outillage\/outillage\/serrage-controle\/tournevis-dynamometrique-1-4-embout-vissage-t-42j1-sam\/\",\"url\":\"https:\/\/www.radper.com\/en\/catalogs\/epi-outillage\/outillage\/serrage-controle\/tournevis-dynamometrique-1-4-embout-vissage-t-42j1-sam\/\",\"name\":\"Tournevis dynamometrique 1\/4 et embout vissage coffret T-42J1 SAM - Radper\",\"isPartOf\":{\"@id\":\"https:\/\/www.radper.com\/en\/#website\"},\"primaryImageOfPage\":{\"@id\":\"https:\/\/www.radper.com\/en\/catalogs\/epi-outillage\/outillage\/serrage-controle\/tournevis-dynamometrique-1-4-embout-vissage-t-42j1-sam\/#primaryimage\"},\"image\":{\"@id\":\"https:\/\/www.radper.com\/en\/catalogs\/epi-outillage\/outillage\/serrage-controle\/tournevis-dynamometrique-1-4-embout-vissage-t-42j1-sam\/#primaryimage\"},\"thumbnailUrl\":\"https:\/\/www.radper.com\/wp-content\/uploads\/2023\/11\/Photo-produit-T-42J1.jpeg\",\"datePublished\":\"2023-11-20T11:06:21+00:00\",\"dateModified\":\"2025-03-13T00:42:43+00:00\",\"breadcrumb\":{\"@id\":\"https:\/\/www.radper.com\/en\/catalogs\/epi-outillage\/outillage\/serrage-controle\/tournevis-dynamometrique-1-4-embout-vissage-t-42j1-sam\/#breadcrumb\"},\"inLanguage\":\"en-US\",\"potentialAction\":[{\"@type\":\"ReadAction\",\"target\":[\"https:\/\/www.radper.com\/en\/catalogs\/epi-outillage\/outillage\/serrage-controle\/tournevis-dynamometrique-1-4-embout-vissage-t-42j1-sam\/\"]}]},{\"@type\":\"ImageObject\",\"inLanguage\":\"en-US\",\"@id\":\"https:\/\/www.radper.com\/en\/catalogs\/epi-outillage\/outillage\/serrage-controle\/tournevis-dynamometrique-1-4-embout-vissage-t-42j1-sam\/#primaryimage\",\"url\":\"https:\/\/www.radper.com\/wp-content\/uploads\/2023\/11\/Photo-produit-T-42J1.jpeg\",\"contentUrl\":\"https:\/\/www.radper.com\/wp-content\/uploads\/2023\/11\/Photo-produit-T-42J1.jpeg\",\"width\":600,\"height\":600},{\"@type\":\"BreadcrumbList\",\"@id\":\"https:\/\/www.radper.com\/en\/catalogs\/epi-outillage\/outillage\/serrage-controle\/tournevis-dynamometrique-1-4-embout-vissage-t-42j1-sam\/#breadcrumb\",\"itemListElement\":[{\"@type\":\"ListItem\",\"position\":1,\"name\":\"Accueil\",\"item\":\"https:\/\/www.radper.com\/en\/\"},{\"@type\":\"ListItem\",\"position\":2,\"name\":\"Catalog\",\"item\":\"https:\/\/www.radper.com\/en\/catalog\/\"},{\"@type\":\"ListItem\",\"position\":3,\"name\":\"Tournevis dynamometrique 1\/4 et embout vissage coffret T-42J1 SAM\"}]},{\"@type\":\"WebSite\",\"@id\":\"https:\/\/www.radper.com\/en\/#website\",\"url\":\"https:\/\/www.radper.com\/en\/\",\"name\":\"Radper\",\"description\":\"\",\"publisher\":{\"@id\":\"https:\/\/www.radper.com\/en\/#organization\"},\"potentialAction\":[{\"@type\":\"SearchAction\",\"target\":{\"@type\":\"EntryPoint\",\"urlTemplate\":\"https:\/\/www.radper.com\/en\/?s={search_term_string}\"},\"query-input\":{\"@type\":\"PropertyValueSpecification\",\"valueRequired\":true,\"valueName\":\"search_term_string\"}}],\"inLanguage\":\"en-US\"},{\"@type\":\"Organization\",\"@id\":\"https:\/\/www.radper.com\/en\/#organization\",\"name\":\"radper\",\"url\":\"https:\/\/www.radper.com\/en\/\",\"logo\":{\"@type\":\"ImageObject\",\"inLanguage\":\"en-US\",\"@id\":\"https:\/\/www.radper.com\/en\/#\/schema\/logo\/image\/\",\"url\":\"https:\/\/radper.com\/wp-content\/uploads\/2021\/04\/logo-wide-11.png\",\"contentUrl\":\"https:\/\/radper.com\/wp-content\/uploads\/2021\/04\/logo-wide-11.png\",\"width\":250,\"height\":110,\"caption\":\"radper\"},\"image\":{\"@id\":\"https:\/\/www.radper.com\/en\/#\/schema\/logo\/image\/\"}}]}<\/script>\n<!-- \/ Yoast SEO plugin. -->","yoast_head_json":{"title":"Tournevis dynamometrique 1\/4 et embout vissage coffret T-42J1 SAM - Radper","robots":{"index":"index","follow":"follow","max-snippet":"max-snippet:-1","max-image-preview":"max-image-preview:large","max-video-preview":"max-video-preview:-1"},"canonical":"https:\/\/www.radper.com\/en\/catalogs\/epi-outillage\/outillage\/serrage-controle\/tournevis-dynamometrique-1-4-embout-vissage-t-42j1-sam\/","og_locale":"en_US","og_type":"article","og_title":"Tournevis dynamometrique 1\/4 et embout vissage coffret T-42J1 SAM - Radper","og_description":"T-42J1","og_url":"https:\/\/www.radper.com\/en\/catalogs\/epi-outillage\/outillage\/serrage-controle\/tournevis-dynamometrique-1-4-embout-vissage-t-42j1-sam\/","og_site_name":"Radper","article_modified_time":"2025-03-13T00:42:43+00:00","og_image":[{"width":600,"height":600,"url":"https:\/\/www.radper.com\/wp-content\/uploads\/2023\/11\/Photo-produit-T-42J1.jpeg","type":"image\/jpeg"}],"twitter_card":"summary_large_image","twitter_misc":{"Est. reading time":"1 minute"},"schema":{"@context":"https:\/\/schema.org","@graph":[{"@type":"WebPage","@id":"https:\/\/www.radper.com\/en\/catalogs\/epi-outillage\/outillage\/serrage-controle\/tournevis-dynamometrique-1-4-embout-vissage-t-42j1-sam\/","url":"https:\/\/www.radper.com\/en\/catalogs\/epi-outillage\/outillage\/serrage-controle\/tournevis-dynamometrique-1-4-embout-vissage-t-42j1-sam\/","name":"Tournevis dynamometrique 1\/4 et embout vissage coffret T-42J1 SAM - Radper","isPartOf":{"@id":"https:\/\/www.radper.com\/en\/#website"},"primaryImageOfPage":{"@id":"https:\/\/www.radper.com\/en\/catalogs\/epi-outillage\/outillage\/serrage-controle\/tournevis-dynamometrique-1-4-embout-vissage-t-42j1-sam\/#primaryimage"},"image":{"@id":"https:\/\/www.radper.com\/en\/catalogs\/epi-outillage\/outillage\/serrage-controle\/tournevis-dynamometrique-1-4-embout-vissage-t-42j1-sam\/#primaryimage"},"thumbnailUrl":"https:\/\/www.radper.com\/wp-content\/uploads\/2023\/11\/Photo-produit-T-42J1.jpeg","datePublished":"2023-11-20T11:06:21+00:00","dateModified":"2025-03-13T00:42:43+00:00","breadcrumb":{"@id":"https:\/\/www.radper.com\/en\/catalogs\/epi-outillage\/outillage\/serrage-controle\/tournevis-dynamometrique-1-4-embout-vissage-t-42j1-sam\/#breadcrumb"},"inLanguage":"en-US","potentialAction":[{"@type":"ReadAction","target":["https:\/\/www.radper.com\/en\/catalogs\/epi-outillage\/outillage\/serrage-controle\/tournevis-dynamometrique-1-4-embout-vissage-t-42j1-sam\/"]}]},{"@type":"ImageObject","inLanguage":"en-US","@id":"https:\/\/www.radper.com\/en\/catalogs\/epi-outillage\/outillage\/serrage-controle\/tournevis-dynamometrique-1-4-embout-vissage-t-42j1-sam\/#primaryimage","url":"https:\/\/www.radper.com\/wp-content\/uploads\/2023\/11\/Photo-produit-T-42J1.jpeg","contentUrl":"https:\/\/www.radper.com\/wp-content\/uploads\/2023\/11\/Photo-produit-T-42J1.jpeg","width":600,"height":600},{"@type":"BreadcrumbList","@id":"https:\/\/www.radper.com\/en\/catalogs\/epi-outillage\/outillage\/serrage-controle\/tournevis-dynamometrique-1-4-embout-vissage-t-42j1-sam\/#breadcrumb","itemListElement":[{"@type":"ListItem","position":1,"name":"Accueil","item":"https:\/\/www.radper.com\/en\/"},{"@type":"ListItem","position":2,"name":"Catalog","item":"https:\/\/www.radper.com\/en\/catalog\/"},{"@type":"ListItem","position":3,"name":"Tournevis dynamometrique 1\/4 et embout vissage coffret T-42J1 SAM"}]},{"@type":"WebSite","@id":"https:\/\/www.radper.com\/en\/#website","url":"https:\/\/www.radper.com\/en\/","name":"Radper","description":"","publisher":{"@id":"https:\/\/www.radper.com\/en\/#organization"},"potentialAction":[{"@type":"SearchAction","target":{"@type":"EntryPoint","urlTemplate":"https:\/\/www.radper.com\/en\/?s={search_term_string}"},"query-input":{"@type":"PropertyValueSpecification","valueRequired":true,"valueName":"search_term_string"}}],"inLanguage":"en-US"},{"@type":"Organization","@id":"https:\/\/www.radper.com\/en\/#organization","name":"radper","url":"https:\/\/www.radper.com\/en\/","logo":{"@type":"ImageObject","inLanguage":"en-US","@id":"https:\/\/www.radper.com\/en\/#\/schema\/logo\/image\/","url":"https:\/\/radper.com\/wp-content\/uploads\/2021\/04\/logo-wide-11.png","contentUrl":"https:\/\/radper.com\/wp-content\/uploads\/2021\/04\/logo-wide-11.png","width":250,"height":110,"caption":"radper"},"image":{"@id":"https:\/\/www.radper.com\/en\/#\/schema\/logo\/image\/"}}]}},"_links":{"self":[{"href":"https:\/\/www.radper.com\/en\/wp-json\/wp\/v2\/product\/40983","targetHints":{"allow":["GET"]}}],"collection":[{"href":"https:\/\/www.radper.com\/en\/wp-json\/wp\/v2\/product"}],"about":[{"href":"https:\/\/www.radper.com\/en\/wp-json\/wp\/v2\/types\/product"}],"wp:featuredmedia":[{"embeddable":true,"href":"https:\/\/www.radper.com\/en\/wp-json\/wp\/v2\/media\/39970"}],"wp:attachment":[{"href":"https:\/\/www.radper.com\/en\/wp-json\/wp\/v2\/media?parent=40983"}],"wp:term":[{"taxonomy":"product_brand","embeddable":true,"href":"https:\/\/www.radper.com\/en\/wp-json\/wp\/v2\/product_brand?post=40983"},{"taxonomy":"product_cat","embeddable":true,"href":"https:\/\/www.radper.com\/en\/wp-json\/wp\/v2\/product_cat?post=40983"},{"taxonomy":"product_tag","embeddable":true,"href":"https:\/\/www.radper.com\/en\/wp-json\/wp\/v2\/product_tag?post=40983"}],"curies":[{"name":"wp","href":"https:\/\/api.w.org\/{rel}","templated":true}]}}