{"id":41194,"date":"2023-11-24T19:51:28","date_gmt":"2023-11-24T19:51:28","guid":{"rendered":"https:\/\/www.radper.com\/produit\/relais-a-usage-general-hr705-4p-ac220v\/"},"modified":"2025-08-29T09:55:33","modified_gmt":"2025-08-29T09:55:33","slug":"relais-a-usage-general-hr705-4p-ac220v","status":"publish","type":"product","link":"https:\/\/www.radper.com\/en\/catalogs\/materiel-electrique\/relais-et-modules-optocoupleurs\/relais-a-usage-general-hr705-4p-ac220v\/","title":{"rendered":"Relais \u00e0 usage g\u00e9n\u00e9ral HR705-4P AC220V HAN KUK RELAY"},"content":{"rendered":"<h3 data-start=\"342\" data-end=\"400\">HR705-4P AC220V \u2013 Relais \u00e0 usage g\u00e9n\u00e9ral \u2013 S\u00e9rie HR705<\/h3>\n<p data-start=\"430\" data-end=\"654\">Le <strong data-start=\"433\" data-end=\"452\">HR705-4P AC220V<\/strong> fait partie de la <strong data-start=\"471\" data-end=\"486\">s\u00e9rie HR705<\/strong> de relais \u00e0 usage g\u00e9n\u00e9ral. Cette s\u00e9rie est con\u00e7ue avec un <strong data-start=\"545\" data-end=\"594\">bo\u00eetier compact de type cube (ICE Cube style)<\/strong>, offrant une grande fiabilit\u00e9 et une longue dur\u00e9e de vie.<\/p>\n<p data-start=\"656\" data-end=\"848\">Les relais de la s\u00e9rie HR705 sont dot\u00e9s de <strong data-start=\"699\" data-end=\"731\">contacts en alliage d\u2019argent<\/strong>, disponibles avec <strong data-start=\"750\" data-end=\"768\">indicateur LED<\/strong> selon les mod\u00e8les, et sont certifi\u00e9s <strong data-start=\"806\" data-end=\"826\">UL\/cUL (E168231)<\/strong>, <strong data-start=\"828\" data-end=\"834\">CE<\/strong> et <strong data-start=\"838\" data-end=\"845\">T\u00dcV<\/strong>.<\/p>\n<h3 data-start=\"1373\" data-end=\"1408\">Points forts de la s\u00e9rie HR705<\/h3>\n<ul data-start=\"1409\" data-end=\"1665\">\n<li data-start=\"1409\" data-end=\"1453\">\n<p data-start=\"1411\" data-end=\"1453\">Design compact facilitant l\u2019int\u00e9gration.<\/p>\n<\/li>\n<li data-start=\"1454\" data-end=\"1497\">\n<p data-start=\"1456\" data-end=\"1497\">Haute fiabilit\u00e9 et longue dur\u00e9e de vie.<\/p>\n<\/li>\n<li data-start=\"1498\" data-end=\"1546\">\n<p data-start=\"1500\" data-end=\"1546\">Option LED indicator pour visualiser l\u2019\u00e9tat.<\/p>\n<\/li>\n<li data-start=\"1547\" data-end=\"1620\">\n<p data-start=\"1549\" data-end=\"1620\">Contacts en alliage d\u2019argent pour de bonnes performances \u00e9lectriques.<\/p>\n<\/li>\n<li data-start=\"1621\" data-end=\"1665\">\n<p data-start=\"1623\" data-end=\"1665\">Conformit\u00e9 aux standards internationaux.<\/p>\n<\/li>\n<\/ul>\n<h3 data-start=\"1667\" data-end=\"1686\">Certifications<\/h3>\n<ul data-start=\"1687\" data-end=\"2018\">\n<li data-start=\"1687\" data-end=\"1791\">\n<p data-start=\"1689\" data-end=\"1791\"><strong data-start=\"1689\" data-end=\"1709\">UL\/cUL (E168231)<\/strong> : atteste de la conformit\u00e9 du relais aux standards de s\u00e9curit\u00e9 nord-am\u00e9ricains.<\/p>\n<\/li>\n<li data-start=\"1792\" data-end=\"1917\">\n<p data-start=\"1794\" data-end=\"1917\"><strong data-start=\"1794\" data-end=\"1800\">CE<\/strong> : garantit que le relais respecte les exigences de s\u00e9curit\u00e9 et de performance applicables dans l\u2019Union europ\u00e9enne.<\/p>\n<\/li>\n<li data-start=\"1918\" data-end=\"2018\">\n<p data-start=\"1920\" data-end=\"2018\"><strong data-start=\"1920\" data-end=\"1927\">T\u00dcV<\/strong> : certification allemande reconnue attestant de la qualit\u00e9 et de la s\u00e9curit\u00e9 du produit.<\/p>\n<\/li>\n<\/ul>\n","protected":false},"excerpt":{"rendered":"<p>HR705-4P AC220V<\/p>\n","protected":false},"featured_media":41103,"template":"","meta":{"_acf_changed":false},"product_brand":[],"product_cat":[6550],"product_tag":[],"class_list":{"0":"post-41194","1":"product","2":"type-product","3":"status-publish","4":"has-post-thumbnail","6":"product_cat-relais-et-modules-optocoupleurs","7":"pa_marque-hankuk-relay","9":"first","10":"instock","11":"featured","12":"taxable","13":"shipping-taxable","14":"purchasable","15":"product-type-simple"},"acf":[],"yoast_head":"<!-- This site is optimized with the Yoast SEO plugin v26.2 - https:\/\/yoast.com\/wordpress\/plugins\/seo\/ -->\n<title>Relais \u00e0 usage g\u00e9n\u00e9ral HR705-4P AC220V HAN KUK RELAY - Radper<\/title>\n<meta name=\"description\" content=\"Relais HR705-4P AC220V \u2013 S\u00e9rie HR705 : cube type compact, contacts argent, haute fiabilit\u00e9. Certifi\u00e9 UL\/cUL, CE et T\u00dcV. Devis personnalis\u00e9 via Radper.\" \/>\n<meta name=\"robots\" content=\"index, follow, max-snippet:-1, max-image-preview:large, max-video-preview:-1\" \/>\n<link rel=\"canonical\" href=\"https:\/\/www.radper.com\/en\/catalogs\/materiel-electrique\/relais-et-modules-optocoupleurs\/relais-a-usage-general-hr705-4p-ac220v\/\" \/>\n<meta property=\"og:locale\" content=\"en_US\" \/>\n<meta property=\"og:type\" content=\"article\" \/>\n<meta property=\"og:title\" content=\"Relais \u00e0 usage g\u00e9n\u00e9ral HR705-4P AC220V HAN KUK RELAY - Radper\" \/>\n<meta property=\"og:description\" content=\"Relais HR705-4P AC220V \u2013 S\u00e9rie HR705 : cube type compact, contacts argent, haute fiabilit\u00e9. Certifi\u00e9 UL\/cUL, CE et T\u00dcV. Devis personnalis\u00e9 via Radper.\" \/>\n<meta property=\"og:url\" content=\"https:\/\/www.radper.com\/en\/catalogs\/materiel-electrique\/relais-et-modules-optocoupleurs\/relais-a-usage-general-hr705-4p-ac220v\/\" \/>\n<meta property=\"og:site_name\" content=\"Radper\" \/>\n<meta property=\"article:modified_time\" content=\"2025-08-29T09:55:33+00:00\" \/>\n<meta property=\"og:image\" content=\"https:\/\/www.radper.com\/wp-content\/uploads\/2023\/11\/HR705-4P-AC220V.jpg\" \/>\n\t<meta property=\"og:image:width\" content=\"600\" \/>\n\t<meta property=\"og:image:height\" content=\"600\" \/>\n\t<meta property=\"og:image:type\" content=\"image\/jpeg\" \/>\n<meta name=\"twitter:card\" content=\"summary_large_image\" \/>\n<meta name=\"twitter:label1\" content=\"Est. reading time\" \/>\n\t<meta name=\"twitter:data1\" content=\"1 minute\" \/>\n<script type=\"application\/ld+json\" class=\"yoast-schema-graph\">{\"@context\":\"https:\/\/schema.org\",\"@graph\":[{\"@type\":\"WebPage\",\"@id\":\"https:\/\/www.radper.com\/en\/catalogs\/materiel-electrique\/relais-et-modules-optocoupleurs\/relais-a-usage-general-hr705-4p-ac220v\/\",\"url\":\"https:\/\/www.radper.com\/en\/catalogs\/materiel-electrique\/relais-et-modules-optocoupleurs\/relais-a-usage-general-hr705-4p-ac220v\/\",\"name\":\"Relais \u00e0 usage g\u00e9n\u00e9ral HR705-4P AC220V HAN KUK RELAY - Radper\",\"isPartOf\":{\"@id\":\"https:\/\/www.radper.com\/en\/#website\"},\"primaryImageOfPage\":{\"@id\":\"https:\/\/www.radper.com\/en\/catalogs\/materiel-electrique\/relais-et-modules-optocoupleurs\/relais-a-usage-general-hr705-4p-ac220v\/#primaryimage\"},\"image\":{\"@id\":\"https:\/\/www.radper.com\/en\/catalogs\/materiel-electrique\/relais-et-modules-optocoupleurs\/relais-a-usage-general-hr705-4p-ac220v\/#primaryimage\"},\"thumbnailUrl\":\"https:\/\/www.radper.com\/wp-content\/uploads\/2023\/11\/HR705-4P-AC220V.jpg\",\"datePublished\":\"2023-11-24T19:51:28+00:00\",\"dateModified\":\"2025-08-29T09:55:33+00:00\",\"description\":\"Relais HR705-4P AC220V \u2013 S\u00e9rie HR705 : cube type compact, contacts argent, haute fiabilit\u00e9. Certifi\u00e9 UL\/cUL, CE et T\u00dcV. Devis personnalis\u00e9 via Radper.\",\"breadcrumb\":{\"@id\":\"https:\/\/www.radper.com\/en\/catalogs\/materiel-electrique\/relais-et-modules-optocoupleurs\/relais-a-usage-general-hr705-4p-ac220v\/#breadcrumb\"},\"inLanguage\":\"en-US\",\"potentialAction\":[{\"@type\":\"ReadAction\",\"target\":[\"https:\/\/www.radper.com\/en\/catalogs\/materiel-electrique\/relais-et-modules-optocoupleurs\/relais-a-usage-general-hr705-4p-ac220v\/\"]}]},{\"@type\":\"ImageObject\",\"inLanguage\":\"en-US\",\"@id\":\"https:\/\/www.radper.com\/en\/catalogs\/materiel-electrique\/relais-et-modules-optocoupleurs\/relais-a-usage-general-hr705-4p-ac220v\/#primaryimage\",\"url\":\"https:\/\/www.radper.com\/wp-content\/uploads\/2023\/11\/HR705-4P-AC220V.jpg\",\"contentUrl\":\"https:\/\/www.radper.com\/wp-content\/uploads\/2023\/11\/HR705-4P-AC220V.jpg\",\"width\":600,\"height\":600},{\"@type\":\"BreadcrumbList\",\"@id\":\"https:\/\/www.radper.com\/en\/catalogs\/materiel-electrique\/relais-et-modules-optocoupleurs\/relais-a-usage-general-hr705-4p-ac220v\/#breadcrumb\",\"itemListElement\":[{\"@type\":\"ListItem\",\"position\":1,\"name\":\"Accueil\",\"item\":\"https:\/\/www.radper.com\/en\/\"},{\"@type\":\"ListItem\",\"position\":2,\"name\":\"Catalog\",\"item\":\"https:\/\/www.radper.com\/en\/catalog\/\"},{\"@type\":\"ListItem\",\"position\":3,\"name\":\"Relais \u00e0 usage g\u00e9n\u00e9ral HR705-4P AC220V HAN KUK RELAY\"}]},{\"@type\":\"WebSite\",\"@id\":\"https:\/\/www.radper.com\/en\/#website\",\"url\":\"https:\/\/www.radper.com\/en\/\",\"name\":\"Radper\",\"description\":\"\",\"publisher\":{\"@id\":\"https:\/\/www.radper.com\/en\/#organization\"},\"potentialAction\":[{\"@type\":\"SearchAction\",\"target\":{\"@type\":\"EntryPoint\",\"urlTemplate\":\"https:\/\/www.radper.com\/en\/?s={search_term_string}\"},\"query-input\":{\"@type\":\"PropertyValueSpecification\",\"valueRequired\":true,\"valueName\":\"search_term_string\"}}],\"inLanguage\":\"en-US\"},{\"@type\":\"Organization\",\"@id\":\"https:\/\/www.radper.com\/en\/#organization\",\"name\":\"radper\",\"url\":\"https:\/\/www.radper.com\/en\/\",\"logo\":{\"@type\":\"ImageObject\",\"inLanguage\":\"en-US\",\"@id\":\"https:\/\/www.radper.com\/en\/#\/schema\/logo\/image\/\",\"url\":\"https:\/\/radper.com\/wp-content\/uploads\/2021\/04\/logo-wide-11.png\",\"contentUrl\":\"https:\/\/radper.com\/wp-content\/uploads\/2021\/04\/logo-wide-11.png\",\"width\":250,\"height\":110,\"caption\":\"radper\"},\"image\":{\"@id\":\"https:\/\/www.radper.com\/en\/#\/schema\/logo\/image\/\"}}]}<\/script>\n<!-- \/ Yoast SEO plugin. -->","yoast_head_json":{"title":"Relais \u00e0 usage g\u00e9n\u00e9ral HR705-4P AC220V HAN KUK RELAY - Radper","description":"Relais HR705-4P AC220V \u2013 S\u00e9rie HR705 : cube type compact, contacts argent, haute fiabilit\u00e9. Certifi\u00e9 UL\/cUL, CE et T\u00dcV. Devis personnalis\u00e9 via Radper.","robots":{"index":"index","follow":"follow","max-snippet":"max-snippet:-1","max-image-preview":"max-image-preview:large","max-video-preview":"max-video-preview:-1"},"canonical":"https:\/\/www.radper.com\/en\/catalogs\/materiel-electrique\/relais-et-modules-optocoupleurs\/relais-a-usage-general-hr705-4p-ac220v\/","og_locale":"en_US","og_type":"article","og_title":"Relais \u00e0 usage g\u00e9n\u00e9ral HR705-4P AC220V HAN KUK RELAY - Radper","og_description":"Relais HR705-4P AC220V \u2013 S\u00e9rie HR705 : cube type compact, contacts argent, haute fiabilit\u00e9. Certifi\u00e9 UL\/cUL, CE et T\u00dcV. Devis personnalis\u00e9 via Radper.","og_url":"https:\/\/www.radper.com\/en\/catalogs\/materiel-electrique\/relais-et-modules-optocoupleurs\/relais-a-usage-general-hr705-4p-ac220v\/","og_site_name":"Radper","article_modified_time":"2025-08-29T09:55:33+00:00","og_image":[{"width":600,"height":600,"url":"https:\/\/www.radper.com\/wp-content\/uploads\/2023\/11\/HR705-4P-AC220V.jpg","type":"image\/jpeg"}],"twitter_card":"summary_large_image","twitter_misc":{"Est. reading time":"1 minute"},"schema":{"@context":"https:\/\/schema.org","@graph":[{"@type":"WebPage","@id":"https:\/\/www.radper.com\/en\/catalogs\/materiel-electrique\/relais-et-modules-optocoupleurs\/relais-a-usage-general-hr705-4p-ac220v\/","url":"https:\/\/www.radper.com\/en\/catalogs\/materiel-electrique\/relais-et-modules-optocoupleurs\/relais-a-usage-general-hr705-4p-ac220v\/","name":"Relais \u00e0 usage g\u00e9n\u00e9ral HR705-4P AC220V HAN KUK RELAY - Radper","isPartOf":{"@id":"https:\/\/www.radper.com\/en\/#website"},"primaryImageOfPage":{"@id":"https:\/\/www.radper.com\/en\/catalogs\/materiel-electrique\/relais-et-modules-optocoupleurs\/relais-a-usage-general-hr705-4p-ac220v\/#primaryimage"},"image":{"@id":"https:\/\/www.radper.com\/en\/catalogs\/materiel-electrique\/relais-et-modules-optocoupleurs\/relais-a-usage-general-hr705-4p-ac220v\/#primaryimage"},"thumbnailUrl":"https:\/\/www.radper.com\/wp-content\/uploads\/2023\/11\/HR705-4P-AC220V.jpg","datePublished":"2023-11-24T19:51:28+00:00","dateModified":"2025-08-29T09:55:33+00:00","description":"Relais HR705-4P AC220V \u2013 S\u00e9rie HR705 : cube type compact, contacts argent, haute fiabilit\u00e9. Certifi\u00e9 UL\/cUL, CE et T\u00dcV. Devis personnalis\u00e9 via Radper.","breadcrumb":{"@id":"https:\/\/www.radper.com\/en\/catalogs\/materiel-electrique\/relais-et-modules-optocoupleurs\/relais-a-usage-general-hr705-4p-ac220v\/#breadcrumb"},"inLanguage":"en-US","potentialAction":[{"@type":"ReadAction","target":["https:\/\/www.radper.com\/en\/catalogs\/materiel-electrique\/relais-et-modules-optocoupleurs\/relais-a-usage-general-hr705-4p-ac220v\/"]}]},{"@type":"ImageObject","inLanguage":"en-US","@id":"https:\/\/www.radper.com\/en\/catalogs\/materiel-electrique\/relais-et-modules-optocoupleurs\/relais-a-usage-general-hr705-4p-ac220v\/#primaryimage","url":"https:\/\/www.radper.com\/wp-content\/uploads\/2023\/11\/HR705-4P-AC220V.jpg","contentUrl":"https:\/\/www.radper.com\/wp-content\/uploads\/2023\/11\/HR705-4P-AC220V.jpg","width":600,"height":600},{"@type":"BreadcrumbList","@id":"https:\/\/www.radper.com\/en\/catalogs\/materiel-electrique\/relais-et-modules-optocoupleurs\/relais-a-usage-general-hr705-4p-ac220v\/#breadcrumb","itemListElement":[{"@type":"ListItem","position":1,"name":"Accueil","item":"https:\/\/www.radper.com\/en\/"},{"@type":"ListItem","position":2,"name":"Catalog","item":"https:\/\/www.radper.com\/en\/catalog\/"},{"@type":"ListItem","position":3,"name":"Relais \u00e0 usage g\u00e9n\u00e9ral HR705-4P AC220V HAN KUK RELAY"}]},{"@type":"WebSite","@id":"https:\/\/www.radper.com\/en\/#website","url":"https:\/\/www.radper.com\/en\/","name":"Radper","description":"","publisher":{"@id":"https:\/\/www.radper.com\/en\/#organization"},"potentialAction":[{"@type":"SearchAction","target":{"@type":"EntryPoint","urlTemplate":"https:\/\/www.radper.com\/en\/?s={search_term_string}"},"query-input":{"@type":"PropertyValueSpecification","valueRequired":true,"valueName":"search_term_string"}}],"inLanguage":"en-US"},{"@type":"Organization","@id":"https:\/\/www.radper.com\/en\/#organization","name":"radper","url":"https:\/\/www.radper.com\/en\/","logo":{"@type":"ImageObject","inLanguage":"en-US","@id":"https:\/\/www.radper.com\/en\/#\/schema\/logo\/image\/","url":"https:\/\/radper.com\/wp-content\/uploads\/2021\/04\/logo-wide-11.png","contentUrl":"https:\/\/radper.com\/wp-content\/uploads\/2021\/04\/logo-wide-11.png","width":250,"height":110,"caption":"radper"},"image":{"@id":"https:\/\/www.radper.com\/en\/#\/schema\/logo\/image\/"}}]}},"_links":{"self":[{"href":"https:\/\/www.radper.com\/en\/wp-json\/wp\/v2\/product\/41194","targetHints":{"allow":["GET"]}}],"collection":[{"href":"https:\/\/www.radper.com\/en\/wp-json\/wp\/v2\/product"}],"about":[{"href":"https:\/\/www.radper.com\/en\/wp-json\/wp\/v2\/types\/product"}],"wp:featuredmedia":[{"embeddable":true,"href":"https:\/\/www.radper.com\/en\/wp-json\/wp\/v2\/media\/41103"}],"wp:attachment":[{"href":"https:\/\/www.radper.com\/en\/wp-json\/wp\/v2\/media?parent=41194"}],"wp:term":[{"taxonomy":"product_brand","embeddable":true,"href":"https:\/\/www.radper.com\/en\/wp-json\/wp\/v2\/product_brand?post=41194"},{"taxonomy":"product_cat","embeddable":true,"href":"https:\/\/www.radper.com\/en\/wp-json\/wp\/v2\/product_cat?post=41194"},{"taxonomy":"product_tag","embeddable":true,"href":"https:\/\/www.radper.com\/en\/wp-json\/wp\/v2\/product_tag?post=41194"}],"curies":[{"name":"wp","href":"https:\/\/api.w.org\/{rel}","templated":true}]}}