{"id":41196,"date":"2023-11-24T19:51:29","date_gmt":"2023-11-24T19:51:29","guid":{"rendered":"https:\/\/www.radper.com\/produit\/relais-a-usage-general-hr710-2p-dc24v\/"},"modified":"2025-08-29T10:08:43","modified_gmt":"2025-08-29T10:08:43","slug":"relais-a-usage-general-hr710-2p-dc24v","status":"publish","type":"product","link":"https:\/\/www.radper.com\/en\/catalogs\/materiel-electrique\/relais-et-modules-optocoupleurs\/relais-a-usage-general-hr710-2p-dc24v\/","title":{"rendered":"Relais \u00e0 usage g\u00e9n\u00e9ral HR710-2P DC24V"},"content":{"rendered":"<h3 data-start=\"151\" data-end=\"208\">HR710-2P DC24V \u2013 Relais \u00e0 usage g\u00e9n\u00e9ral \u2013 S\u00e9rie HR710<\/h3>\n<p data-start=\"238\" data-end=\"617\">Le <strong data-start=\"241\" data-end=\"259\">HR710-2P DC24V<\/strong> fait partie de la <strong data-start=\"278\" data-end=\"293\">s\u00e9rie HR710<\/strong>, une gamme de relais cube type compacts, fiables et largement utilis\u00e9s dans les applications industrielles et de commande. Con\u00e7u dans un <strong data-start=\"431\" data-end=\"468\">bo\u00eetier compact au style ICE Cube<\/strong>, ce relais est \u00e9quip\u00e9 de <strong data-start=\"494\" data-end=\"526\">contacts en alliage d\u2019argent<\/strong>, d\u2019un <strong data-start=\"533\" data-end=\"551\">indicateur LED<\/strong> et offre une <strong data-start=\"565\" data-end=\"614\">longue dur\u00e9e de vie avec une fiabilit\u00e9 \u00e9lev\u00e9e<\/strong>.<\/p>\n<p data-start=\"619\" data-end=\"836\">La s\u00e9rie HR710 propose \u00e9galement une <strong data-start=\"656\" data-end=\"730\">version avec protection contre les surtensions (Serge protection type)<\/strong>, id\u00e9ale pour prot\u00e9ger les automates (PLC) et \u00e9quipements \u00e9lectroniques contre les effets de retour EMF.<\/p>\n<h3 data-start=\"838\" data-end=\"857\">Avantages cl\u00e9<strong>s\u00a0<\/strong><\/h3>\n<ul data-start=\"858\" data-end=\"1229\">\n<li data-start=\"858\" data-end=\"926\">\n<p data-start=\"860\" data-end=\"926\"><strong data-start=\"862\" data-end=\"895\">Conception compacte cube type<\/strong> pour une int\u00e9gration simple.<\/p>\n<\/li>\n<li data-start=\"927\" data-end=\"977\">\n<p data-start=\"929\" data-end=\"977\"><strong data-start=\"931\" data-end=\"974\">Fiabilit\u00e9 \u00e9lev\u00e9e et longue dur\u00e9e de vie<\/strong>.<\/p>\n<\/li>\n<li data-start=\"978\" data-end=\"1047\">\n<p data-start=\"980\" data-end=\"1047\"><strong data-start=\"982\" data-end=\"1003\">Contacts argent\u00e9s<\/strong> garantissant une excellente conductivit\u00e9.<\/p>\n<\/li>\n<li data-start=\"1048\" data-end=\"1113\">\n<p data-start=\"1050\" data-end=\"1113\"><strong data-start=\"1052\" data-end=\"1069\">LED indicator<\/strong> int\u00e9gr\u00e9 pour visualiser l\u2019\u00e9tat du relais.<\/p>\n<\/li>\n<li data-start=\"1114\" data-end=\"1229\">\n<p data-start=\"1116\" data-end=\"1229\"><strong data-start=\"1118\" data-end=\"1165\">Option de protection contre surtensions EMF<\/strong>, \u00e9vitant les dysfonctionnements d\u2019automates et d\u2019\u00e9quipements.<\/p>\n<\/li>\n<\/ul>\n<h3 data-start=\"1231\" data-end=\"1257\">Applications typiques<\/h3>\n<ul data-start=\"1258\" data-end=\"1437\">\n<li data-start=\"1258\" data-end=\"1290\">\n<p data-start=\"1260\" data-end=\"1290\">Automatisation industrielle.<\/p>\n<\/li>\n<li data-start=\"1291\" data-end=\"1344\">\n<p data-start=\"1293\" data-end=\"1344\">Commande de moteurs et d\u2019\u00e9quipements \u00e9lectriques.<\/p>\n<\/li>\n<li data-start=\"1345\" data-end=\"1387\">\n<p data-start=\"1347\" data-end=\"1387\">Syst\u00e8mes de contr\u00f4le et signalisation.<\/p>\n<\/li>\n<li data-start=\"1388\" data-end=\"1437\">\n<p data-start=\"1390\" data-end=\"1437\">Protection des automates programmables (PLC).<\/p>\n<\/li>\n<\/ul>\n<h3 data-start=\"1899\" data-end=\"1930\">Engagement environnemental<\/h3>\n<p data-start=\"1931\" data-end=\"2196\">La s\u00e9rie <strong data-start=\"1940\" data-end=\"1949\">HR710<\/strong> est con\u00e7ue pour limiter les dysfonctionnements \u00e9lectriques et prolonger la dur\u00e9e de vie des \u00e9quipements associ\u00e9s. En r\u00e9duisant les pannes et la maintenance, ces relais contribuent \u00e0 une <strong data-start=\"2136\" data-end=\"2193\">durabilit\u00e9 accrue et un impact environnemental r\u00e9duit<\/strong>.<\/p>\n<p data-start=\"2207\" data-end=\"2343\"><strong data-start=\"2207\" data-end=\"2253\">\u27a1\ufe0f Ce relais poss\u00e8de-t-il un indicateur LED ?<\/strong><br data-start=\"2253\" data-end=\"2256\" \/>Oui, il est \u00e9quip\u00e9 d\u2019un <strong data-start=\"2280\" data-end=\"2297\">LED indicator<\/strong> qui permet de v\u00e9rifier rapidement son \u00e9tat.<\/p>\n<p data-start=\"2345\" data-end=\"2547\"><strong data-start=\"2345\" data-end=\"2427\">\u27a1\ufe0f La version HR710-2P DC24V offre-t-elle une protection contre les surtensions ?<\/strong><br data-start=\"2427\" data-end=\"2430\" \/>Oui, une version avec <strong data-start=\"2452\" data-end=\"2477\">Serge protection type<\/strong> est disponible pour s\u00e9curiser vos \u00e9quipements contre le retour EMF.<\/p>\n<p data-start=\"2549\" data-end=\"2682\"><strong data-start=\"2549\" data-end=\"2598\">\u27a1\ufe0f Ce relais est-il compatible avec un support ?<\/strong><br data-start=\"2598\" data-end=\"2601\" \/>Oui, il est con\u00e7u pour fonctionner avec les <strong data-start=\"2645\" data-end=\"2679\">sockets KLY4 de la s\u00e9rie HR710<\/strong>.<\/p>\n","protected":false},"excerpt":{"rendered":"<p>HR710-2P DC24V<\/p>\n","protected":false},"featured_media":41117,"template":"","meta":{"_acf_changed":false},"product_brand":[],"product_cat":[6550],"product_tag":[],"class_list":{"0":"post-41196","1":"product","2":"type-product","3":"status-publish","4":"has-post-thumbnail","6":"product_cat-relais-et-modules-optocoupleurs","7":"pa_marque-hankuk-relay","9":"first","10":"instock","11":"featured","12":"taxable","13":"shipping-taxable","14":"purchasable","15":"product-type-simple"},"acf":[],"yoast_head":"<!-- This site is optimized with the Yoast SEO plugin v26.2 - https:\/\/yoast.com\/wordpress\/plugins\/seo\/ -->\n<title>Relais \u00e0 usage g\u00e9n\u00e9ral HR710-2P DC24V - Radper<\/title>\n<meta name=\"description\" content=\"Relais HR710-2P DC24V, s\u00e9rie HR710 : cube type compact, contacts argent, LED indicator et option de protection EMF pour applications industrielles.\" \/>\n<meta name=\"robots\" content=\"index, follow, max-snippet:-1, max-image-preview:large, max-video-preview:-1\" \/>\n<link rel=\"canonical\" href=\"https:\/\/www.radper.com\/en\/catalogs\/materiel-electrique\/relais-et-modules-optocoupleurs\/relais-a-usage-general-hr710-2p-dc24v\/\" \/>\n<meta property=\"og:locale\" content=\"en_US\" \/>\n<meta property=\"og:type\" content=\"article\" \/>\n<meta property=\"og:title\" content=\"Relais \u00e0 usage g\u00e9n\u00e9ral HR710-2P DC24V - Radper\" \/>\n<meta property=\"og:description\" content=\"Relais HR710-2P DC24V, s\u00e9rie HR710 : cube type compact, contacts argent, LED indicator et option de protection EMF pour applications industrielles.\" \/>\n<meta property=\"og:url\" content=\"https:\/\/www.radper.com\/en\/catalogs\/materiel-electrique\/relais-et-modules-optocoupleurs\/relais-a-usage-general-hr710-2p-dc24v\/\" \/>\n<meta property=\"og:site_name\" content=\"Radper\" \/>\n<meta property=\"article:modified_time\" content=\"2025-08-29T10:08:43+00:00\" \/>\n<meta property=\"og:image\" content=\"https:\/\/www.radper.com\/wp-content\/uploads\/2023\/11\/HR710-2P-DC24V.png\" \/>\n\t<meta property=\"og:image:width\" content=\"600\" \/>\n\t<meta property=\"og:image:height\" content=\"600\" \/>\n\t<meta property=\"og:image:type\" content=\"image\/png\" \/>\n<meta name=\"twitter:card\" content=\"summary_large_image\" \/>\n<meta name=\"twitter:label1\" content=\"Est. reading time\" \/>\n\t<meta name=\"twitter:data1\" content=\"2 minutes\" \/>\n<script type=\"application\/ld+json\" class=\"yoast-schema-graph\">{\"@context\":\"https:\/\/schema.org\",\"@graph\":[{\"@type\":\"WebPage\",\"@id\":\"https:\/\/www.radper.com\/en\/catalogs\/materiel-electrique\/relais-et-modules-optocoupleurs\/relais-a-usage-general-hr710-2p-dc24v\/\",\"url\":\"https:\/\/www.radper.com\/en\/catalogs\/materiel-electrique\/relais-et-modules-optocoupleurs\/relais-a-usage-general-hr710-2p-dc24v\/\",\"name\":\"Relais \u00e0 usage g\u00e9n\u00e9ral HR710-2P DC24V - Radper\",\"isPartOf\":{\"@id\":\"https:\/\/www.radper.com\/en\/#website\"},\"primaryImageOfPage\":{\"@id\":\"https:\/\/www.radper.com\/en\/catalogs\/materiel-electrique\/relais-et-modules-optocoupleurs\/relais-a-usage-general-hr710-2p-dc24v\/#primaryimage\"},\"image\":{\"@id\":\"https:\/\/www.radper.com\/en\/catalogs\/materiel-electrique\/relais-et-modules-optocoupleurs\/relais-a-usage-general-hr710-2p-dc24v\/#primaryimage\"},\"thumbnailUrl\":\"https:\/\/www.radper.com\/wp-content\/uploads\/2023\/11\/HR710-2P-DC24V.png\",\"datePublished\":\"2023-11-24T19:51:29+00:00\",\"dateModified\":\"2025-08-29T10:08:43+00:00\",\"description\":\"Relais HR710-2P DC24V, s\u00e9rie HR710 : cube type compact, contacts argent, LED indicator et option de protection EMF pour applications industrielles.\",\"breadcrumb\":{\"@id\":\"https:\/\/www.radper.com\/en\/catalogs\/materiel-electrique\/relais-et-modules-optocoupleurs\/relais-a-usage-general-hr710-2p-dc24v\/#breadcrumb\"},\"inLanguage\":\"en-US\",\"potentialAction\":[{\"@type\":\"ReadAction\",\"target\":[\"https:\/\/www.radper.com\/en\/catalogs\/materiel-electrique\/relais-et-modules-optocoupleurs\/relais-a-usage-general-hr710-2p-dc24v\/\"]}]},{\"@type\":\"ImageObject\",\"inLanguage\":\"en-US\",\"@id\":\"https:\/\/www.radper.com\/en\/catalogs\/materiel-electrique\/relais-et-modules-optocoupleurs\/relais-a-usage-general-hr710-2p-dc24v\/#primaryimage\",\"url\":\"https:\/\/www.radper.com\/wp-content\/uploads\/2023\/11\/HR710-2P-DC24V.png\",\"contentUrl\":\"https:\/\/www.radper.com\/wp-content\/uploads\/2023\/11\/HR710-2P-DC24V.png\",\"width\":600,\"height\":600},{\"@type\":\"BreadcrumbList\",\"@id\":\"https:\/\/www.radper.com\/en\/catalogs\/materiel-electrique\/relais-et-modules-optocoupleurs\/relais-a-usage-general-hr710-2p-dc24v\/#breadcrumb\",\"itemListElement\":[{\"@type\":\"ListItem\",\"position\":1,\"name\":\"Accueil\",\"item\":\"https:\/\/www.radper.com\/en\/\"},{\"@type\":\"ListItem\",\"position\":2,\"name\":\"Catalog\",\"item\":\"https:\/\/www.radper.com\/en\/catalog\/\"},{\"@type\":\"ListItem\",\"position\":3,\"name\":\"Relais \u00e0 usage g\u00e9n\u00e9ral HR710-2P DC24V\"}]},{\"@type\":\"WebSite\",\"@id\":\"https:\/\/www.radper.com\/en\/#website\",\"url\":\"https:\/\/www.radper.com\/en\/\",\"name\":\"Radper\",\"description\":\"\",\"publisher\":{\"@id\":\"https:\/\/www.radper.com\/en\/#organization\"},\"potentialAction\":[{\"@type\":\"SearchAction\",\"target\":{\"@type\":\"EntryPoint\",\"urlTemplate\":\"https:\/\/www.radper.com\/en\/?s={search_term_string}\"},\"query-input\":{\"@type\":\"PropertyValueSpecification\",\"valueRequired\":true,\"valueName\":\"search_term_string\"}}],\"inLanguage\":\"en-US\"},{\"@type\":\"Organization\",\"@id\":\"https:\/\/www.radper.com\/en\/#organization\",\"name\":\"radper\",\"url\":\"https:\/\/www.radper.com\/en\/\",\"logo\":{\"@type\":\"ImageObject\",\"inLanguage\":\"en-US\",\"@id\":\"https:\/\/www.radper.com\/en\/#\/schema\/logo\/image\/\",\"url\":\"https:\/\/radper.com\/wp-content\/uploads\/2021\/04\/logo-wide-11.png\",\"contentUrl\":\"https:\/\/radper.com\/wp-content\/uploads\/2021\/04\/logo-wide-11.png\",\"width\":250,\"height\":110,\"caption\":\"radper\"},\"image\":{\"@id\":\"https:\/\/www.radper.com\/en\/#\/schema\/logo\/image\/\"}}]}<\/script>\n<!-- \/ Yoast SEO plugin. -->","yoast_head_json":{"title":"Relais \u00e0 usage g\u00e9n\u00e9ral HR710-2P DC24V - Radper","description":"Relais HR710-2P DC24V, s\u00e9rie HR710 : cube type compact, contacts argent, LED indicator et option de protection EMF pour applications industrielles.","robots":{"index":"index","follow":"follow","max-snippet":"max-snippet:-1","max-image-preview":"max-image-preview:large","max-video-preview":"max-video-preview:-1"},"canonical":"https:\/\/www.radper.com\/en\/catalogs\/materiel-electrique\/relais-et-modules-optocoupleurs\/relais-a-usage-general-hr710-2p-dc24v\/","og_locale":"en_US","og_type":"article","og_title":"Relais \u00e0 usage g\u00e9n\u00e9ral HR710-2P DC24V - Radper","og_description":"Relais HR710-2P DC24V, s\u00e9rie HR710 : cube type compact, contacts argent, LED indicator et option de protection EMF pour applications industrielles.","og_url":"https:\/\/www.radper.com\/en\/catalogs\/materiel-electrique\/relais-et-modules-optocoupleurs\/relais-a-usage-general-hr710-2p-dc24v\/","og_site_name":"Radper","article_modified_time":"2025-08-29T10:08:43+00:00","og_image":[{"width":600,"height":600,"url":"https:\/\/www.radper.com\/wp-content\/uploads\/2023\/11\/HR710-2P-DC24V.png","type":"image\/png"}],"twitter_card":"summary_large_image","twitter_misc":{"Est. reading time":"2 minutes"},"schema":{"@context":"https:\/\/schema.org","@graph":[{"@type":"WebPage","@id":"https:\/\/www.radper.com\/en\/catalogs\/materiel-electrique\/relais-et-modules-optocoupleurs\/relais-a-usage-general-hr710-2p-dc24v\/","url":"https:\/\/www.radper.com\/en\/catalogs\/materiel-electrique\/relais-et-modules-optocoupleurs\/relais-a-usage-general-hr710-2p-dc24v\/","name":"Relais \u00e0 usage g\u00e9n\u00e9ral HR710-2P DC24V - Radper","isPartOf":{"@id":"https:\/\/www.radper.com\/en\/#website"},"primaryImageOfPage":{"@id":"https:\/\/www.radper.com\/en\/catalogs\/materiel-electrique\/relais-et-modules-optocoupleurs\/relais-a-usage-general-hr710-2p-dc24v\/#primaryimage"},"image":{"@id":"https:\/\/www.radper.com\/en\/catalogs\/materiel-electrique\/relais-et-modules-optocoupleurs\/relais-a-usage-general-hr710-2p-dc24v\/#primaryimage"},"thumbnailUrl":"https:\/\/www.radper.com\/wp-content\/uploads\/2023\/11\/HR710-2P-DC24V.png","datePublished":"2023-11-24T19:51:29+00:00","dateModified":"2025-08-29T10:08:43+00:00","description":"Relais HR710-2P DC24V, s\u00e9rie HR710 : cube type compact, contacts argent, LED indicator et option de protection EMF pour applications industrielles.","breadcrumb":{"@id":"https:\/\/www.radper.com\/en\/catalogs\/materiel-electrique\/relais-et-modules-optocoupleurs\/relais-a-usage-general-hr710-2p-dc24v\/#breadcrumb"},"inLanguage":"en-US","potentialAction":[{"@type":"ReadAction","target":["https:\/\/www.radper.com\/en\/catalogs\/materiel-electrique\/relais-et-modules-optocoupleurs\/relais-a-usage-general-hr710-2p-dc24v\/"]}]},{"@type":"ImageObject","inLanguage":"en-US","@id":"https:\/\/www.radper.com\/en\/catalogs\/materiel-electrique\/relais-et-modules-optocoupleurs\/relais-a-usage-general-hr710-2p-dc24v\/#primaryimage","url":"https:\/\/www.radper.com\/wp-content\/uploads\/2023\/11\/HR710-2P-DC24V.png","contentUrl":"https:\/\/www.radper.com\/wp-content\/uploads\/2023\/11\/HR710-2P-DC24V.png","width":600,"height":600},{"@type":"BreadcrumbList","@id":"https:\/\/www.radper.com\/en\/catalogs\/materiel-electrique\/relais-et-modules-optocoupleurs\/relais-a-usage-general-hr710-2p-dc24v\/#breadcrumb","itemListElement":[{"@type":"ListItem","position":1,"name":"Accueil","item":"https:\/\/www.radper.com\/en\/"},{"@type":"ListItem","position":2,"name":"Catalog","item":"https:\/\/www.radper.com\/en\/catalog\/"},{"@type":"ListItem","position":3,"name":"Relais \u00e0 usage g\u00e9n\u00e9ral HR710-2P DC24V"}]},{"@type":"WebSite","@id":"https:\/\/www.radper.com\/en\/#website","url":"https:\/\/www.radper.com\/en\/","name":"Radper","description":"","publisher":{"@id":"https:\/\/www.radper.com\/en\/#organization"},"potentialAction":[{"@type":"SearchAction","target":{"@type":"EntryPoint","urlTemplate":"https:\/\/www.radper.com\/en\/?s={search_term_string}"},"query-input":{"@type":"PropertyValueSpecification","valueRequired":true,"valueName":"search_term_string"}}],"inLanguage":"en-US"},{"@type":"Organization","@id":"https:\/\/www.radper.com\/en\/#organization","name":"radper","url":"https:\/\/www.radper.com\/en\/","logo":{"@type":"ImageObject","inLanguage":"en-US","@id":"https:\/\/www.radper.com\/en\/#\/schema\/logo\/image\/","url":"https:\/\/radper.com\/wp-content\/uploads\/2021\/04\/logo-wide-11.png","contentUrl":"https:\/\/radper.com\/wp-content\/uploads\/2021\/04\/logo-wide-11.png","width":250,"height":110,"caption":"radper"},"image":{"@id":"https:\/\/www.radper.com\/en\/#\/schema\/logo\/image\/"}}]}},"_links":{"self":[{"href":"https:\/\/www.radper.com\/en\/wp-json\/wp\/v2\/product\/41196","targetHints":{"allow":["GET"]}}],"collection":[{"href":"https:\/\/www.radper.com\/en\/wp-json\/wp\/v2\/product"}],"about":[{"href":"https:\/\/www.radper.com\/en\/wp-json\/wp\/v2\/types\/product"}],"wp:featuredmedia":[{"embeddable":true,"href":"https:\/\/www.radper.com\/en\/wp-json\/wp\/v2\/media\/41117"}],"wp:attachment":[{"href":"https:\/\/www.radper.com\/en\/wp-json\/wp\/v2\/media?parent=41196"}],"wp:term":[{"taxonomy":"product_brand","embeddable":true,"href":"https:\/\/www.radper.com\/en\/wp-json\/wp\/v2\/product_brand?post=41196"},{"taxonomy":"product_cat","embeddable":true,"href":"https:\/\/www.radper.com\/en\/wp-json\/wp\/v2\/product_cat?post=41196"},{"taxonomy":"product_tag","embeddable":true,"href":"https:\/\/www.radper.com\/en\/wp-json\/wp\/v2\/product_tag?post=41196"}],"curies":[{"name":"wp","href":"https:\/\/api.w.org\/{rel}","templated":true}]}}