{"id":41214,"date":"2023-11-24T19:51:41","date_gmt":"2023-11-24T19:51:41","guid":{"rendered":"https:\/\/www.radper.com\/produit\/micro-switch-hy-r704b-ac250v-10a-hanyoung\/"},"modified":"2025-08-12T08:58:32","modified_gmt":"2025-08-12T08:58:32","slug":"micro-switch-hy-r704b-ac250v-10a-hanyoung","status":"publish","type":"product","link":"https:\/\/www.radper.com\/en\/catalogs\/controle-de-process\/switchs-industriels\/micro-switch-hy-r704b-ac250v-10a-hanyoung\/","title":{"rendered":"Micro switch HY-R704B AC250V 10A HANYOUNG"},"content":{"rendered":"<h3 data-start=\"368\" data-end=\"426\"><strong data-start=\"371\" data-end=\"426\">Micro Switch HY-R704B \u2013 S\u00e9rie HY-700 \u2013 Hanyoung Nux<\/strong><\/h3>\n<p data-start=\"457\" data-end=\"808\">Le <strong data-start=\"460\" data-end=\"472\">HY-R704B<\/strong> est un micro-interrupteur de la s\u00e9rie <strong data-start=\"511\" data-end=\"521\">HY-700<\/strong> de Hanyoung Nux, \u00e9quip\u00e9 d\u2019un <strong data-start=\"551\" data-end=\"606\">levier \u00e0 galet articul\u00e9 (Hinge Roller Middle Lever)<\/strong>.<br data-start=\"607\" data-end=\"610\" \/>Il offre une grande pr\u00e9cision, une longue dur\u00e9e de vie et une excellente r\u00e9sistance m\u00e9canique, ce qui en fait un composant id\u00e9al pour la d\u00e9tection et le contr\u00f4le dans les environnements industriels.<\/p>\n<h3 data-start=\"815\" data-end=\"851\"><strong data-start=\"819\" data-end=\"851\">Caract\u00e9ristiques principales<\/strong><\/h3>\n<ul data-start=\"852\" data-end=\"1333\">\n<li data-start=\"852\" data-end=\"943\">\n<p data-start=\"854\" data-end=\"943\"><strong data-start=\"854\" data-end=\"899\">M\u00e9canisme \u00e0 rupture brusque (snap action)<\/strong> pour un d\u00e9clenchement fiable et constant.<\/p>\n<\/li>\n<li data-start=\"944\" data-end=\"1049\">\n<p data-start=\"946\" data-end=\"1049\">Bo\u00eetier en <strong data-start=\"957\" data-end=\"978\">r\u00e9sine ph\u00e9nolique<\/strong> offrant une <strong data-start=\"991\" data-end=\"1020\">forte r\u00e9sistance chimique<\/strong> et une isolation optimale.<\/p>\n<\/li>\n<li data-start=\"1050\" data-end=\"1128\">\n<p data-start=\"1052\" data-end=\"1128\">Contact en <strong data-start=\"1063\" data-end=\"1072\">AgCdO<\/strong> pour une bonne conductivit\u00e9 et une durabilit\u00e9 accrue.<\/p>\n<\/li>\n<li data-start=\"1129\" data-end=\"1210\">\n<p data-start=\"1131\" data-end=\"1210\">Conception standard avec <strong data-start=\"1156\" data-end=\"1187\">entraxe de fixation 25,4 mm<\/strong>, montage par vis M4.<\/p>\n<\/li>\n<li data-start=\"1211\" data-end=\"1297\">\n<p data-start=\"1213\" data-end=\"1297\">Large gamme d\u2019actionneurs dans la s\u00e9rie HY-700 pour r\u00e9pondre \u00e0 diff\u00e9rents besoins.<\/p>\n<\/li>\n<li data-start=\"1298\" data-end=\"1333\">\n<p data-start=\"1300\" data-end=\"1333\">Certifi\u00e9 <strong data-start=\"1309\" data-end=\"1330\">CE, RU, CCC et KC<\/strong>.<\/p>\n<\/li>\n<\/ul>\n<h3 data-start=\"2454\" data-end=\"2474\"><strong data-start=\"2458\" data-end=\"2474\">Applications<\/strong><\/h3>\n<ul data-start=\"2475\" data-end=\"2633\">\n<li data-start=\"2475\" data-end=\"2532\">\n<p data-start=\"2477\" data-end=\"2532\">D\u00e9tection de position dans les machines industrielles<\/p>\n<\/li>\n<li data-start=\"2533\" data-end=\"2562\">\n<p data-start=\"2535\" data-end=\"2562\">Commande de fin de course<\/p>\n<\/li>\n<li data-start=\"2563\" data-end=\"2601\">\n<p data-start=\"2565\" data-end=\"2601\">Automatisme et contr\u00f4le de process<\/p>\n<\/li>\n<li data-start=\"2602\" data-end=\"2633\">\n<p data-start=\"2604\" data-end=\"2633\">\u00c9quipements \u00e9lectrom\u00e9caniques<\/p>\n<\/li>\n<\/ul>\n<h3 data-start=\"2640\" data-end=\"2675\"><strong data-start=\"2644\" data-end=\"2675\">Environnement et durabilit\u00e9<\/strong><\/h3>\n<p data-start=\"2676\" data-end=\"3324\">Le HY-R704B est fabriqu\u00e9 avec des mat\u00e9riaux robustes (r\u00e9sine ph\u00e9nolique, PBT renforc\u00e9 et alliage m\u00e9tallique) garantissant une <strong data-start=\"2802\" data-end=\"2825\">longue dur\u00e9e de vie<\/strong> et limitant les remplacements fr\u00e9quents.<br data-start=\"2866\" data-end=\"2869\" \/>Les composants sont con\u00e7us pour r\u00e9sister \u00e0 des environnements industriels exigeants, prolongeant leur cycle de vie.<br data-start=\"2984\" data-end=\"2987\" \/>En fin d\u2019utilisation, les mat\u00e9riaux peuvent \u00eatre orient\u00e9s vers des fili\u00e8res de recyclage conformes aux bonnes pratiques de gestion des d\u00e9chets d\u2019\u00e9quipements \u00e9lectriques et \u00e9lectroniques (DEEE).<br data-start=\"3180\" data-end=\"3183\" \/>La long\u00e9vit\u00e9 m\u00e9canique et \u00e9lectrique contribue \u00e0 r\u00e9duire l\u2019empreinte environnementale li\u00e9e \u00e0 la production et au remplacement des composants.<\/p>\n","protected":false},"excerpt":{"rendered":"<p>HY-R704B AC250 10A<\/p>\n","protected":false},"featured_media":45097,"template":"","meta":{"_acf_changed":false},"product_brand":[],"product_cat":[1203],"product_tag":[],"class_list":{"0":"post-41214","1":"product","2":"type-product","3":"status-publish","4":"has-post-thumbnail","6":"product_cat-switchs-industriels","7":"pa_marque-hanyoung-nux","9":"first","10":"instock","11":"featured","12":"taxable","13":"shipping-taxable","14":"purchasable","15":"product-type-simple"},"acf":[],"yoast_head":"<!-- This site is optimized with the Yoast SEO plugin v26.2 - https:\/\/yoast.com\/wordpress\/plugins\/seo\/ -->\n<title>Micro switch HY-R704B AC250V 10A HANYOUNG - Radper<\/title>\n<meta name=\"description\" content=\"Micro-interrupteur HY-R704B Hanyoung Nux, s\u00e9rie HY-700, avec levier \u00e0 galet articul\u00e9. Fiable, pr\u00e9cis, 10A 250V AC. Devis via Radper.\" \/>\n<meta name=\"robots\" content=\"index, follow, max-snippet:-1, max-image-preview:large, max-video-preview:-1\" \/>\n<link rel=\"canonical\" href=\"https:\/\/www.radper.com\/en\/catalogs\/controle-de-process\/switchs-industriels\/micro-switch-hy-r704b-ac250v-10a-hanyoung\/\" \/>\n<meta property=\"og:locale\" content=\"en_US\" \/>\n<meta property=\"og:type\" content=\"article\" \/>\n<meta property=\"og:title\" content=\"Micro switch HY-R704B AC250V 10A HANYOUNG - Radper\" \/>\n<meta property=\"og:description\" content=\"Micro-interrupteur HY-R704B Hanyoung Nux, s\u00e9rie HY-700, avec levier \u00e0 galet articul\u00e9. Fiable, pr\u00e9cis, 10A 250V AC. Devis via Radper.\" \/>\n<meta property=\"og:url\" content=\"https:\/\/www.radper.com\/en\/catalogs\/controle-de-process\/switchs-industriels\/micro-switch-hy-r704b-ac250v-10a-hanyoung\/\" \/>\n<meta property=\"og:site_name\" content=\"Radper\" \/>\n<meta property=\"article:modified_time\" content=\"2025-08-12T08:58:32+00:00\" \/>\n<meta property=\"og:image\" content=\"https:\/\/www.radper.com\/wp-content\/uploads\/2023\/11\/HY-R704B-Hanyoung-Nux.png\" \/>\n\t<meta property=\"og:image:width\" content=\"600\" \/>\n\t<meta property=\"og:image:height\" content=\"600\" \/>\n\t<meta property=\"og:image:type\" content=\"image\/png\" \/>\n<meta name=\"twitter:card\" content=\"summary_large_image\" \/>\n<meta name=\"twitter:label1\" content=\"Est. reading time\" \/>\n\t<meta name=\"twitter:data1\" content=\"2 minutes\" \/>\n<script type=\"application\/ld+json\" class=\"yoast-schema-graph\">{\"@context\":\"https:\/\/schema.org\",\"@graph\":[{\"@type\":\"WebPage\",\"@id\":\"https:\/\/www.radper.com\/en\/catalogs\/controle-de-process\/switchs-industriels\/micro-switch-hy-r704b-ac250v-10a-hanyoung\/\",\"url\":\"https:\/\/www.radper.com\/en\/catalogs\/controle-de-process\/switchs-industriels\/micro-switch-hy-r704b-ac250v-10a-hanyoung\/\",\"name\":\"Micro switch HY-R704B AC250V 10A HANYOUNG - Radper\",\"isPartOf\":{\"@id\":\"https:\/\/www.radper.com\/en\/#website\"},\"primaryImageOfPage\":{\"@id\":\"https:\/\/www.radper.com\/en\/catalogs\/controle-de-process\/switchs-industriels\/micro-switch-hy-r704b-ac250v-10a-hanyoung\/#primaryimage\"},\"image\":{\"@id\":\"https:\/\/www.radper.com\/en\/catalogs\/controle-de-process\/switchs-industriels\/micro-switch-hy-r704b-ac250v-10a-hanyoung\/#primaryimage\"},\"thumbnailUrl\":\"https:\/\/www.radper.com\/wp-content\/uploads\/2023\/11\/HY-R704B-Hanyoung-Nux.png\",\"datePublished\":\"2023-11-24T19:51:41+00:00\",\"dateModified\":\"2025-08-12T08:58:32+00:00\",\"description\":\"Micro-interrupteur HY-R704B Hanyoung Nux, s\u00e9rie HY-700, avec levier \u00e0 galet articul\u00e9. Fiable, pr\u00e9cis, 10A 250V AC. Devis via Radper.\",\"breadcrumb\":{\"@id\":\"https:\/\/www.radper.com\/en\/catalogs\/controle-de-process\/switchs-industriels\/micro-switch-hy-r704b-ac250v-10a-hanyoung\/#breadcrumb\"},\"inLanguage\":\"en-US\",\"potentialAction\":[{\"@type\":\"ReadAction\",\"target\":[\"https:\/\/www.radper.com\/en\/catalogs\/controle-de-process\/switchs-industriels\/micro-switch-hy-r704b-ac250v-10a-hanyoung\/\"]}]},{\"@type\":\"ImageObject\",\"inLanguage\":\"en-US\",\"@id\":\"https:\/\/www.radper.com\/en\/catalogs\/controle-de-process\/switchs-industriels\/micro-switch-hy-r704b-ac250v-10a-hanyoung\/#primaryimage\",\"url\":\"https:\/\/www.radper.com\/wp-content\/uploads\/2023\/11\/HY-R704B-Hanyoung-Nux.png\",\"contentUrl\":\"https:\/\/www.radper.com\/wp-content\/uploads\/2023\/11\/HY-R704B-Hanyoung-Nux.png\",\"width\":600,\"height\":600},{\"@type\":\"BreadcrumbList\",\"@id\":\"https:\/\/www.radper.com\/en\/catalogs\/controle-de-process\/switchs-industriels\/micro-switch-hy-r704b-ac250v-10a-hanyoung\/#breadcrumb\",\"itemListElement\":[{\"@type\":\"ListItem\",\"position\":1,\"name\":\"Accueil\",\"item\":\"https:\/\/www.radper.com\/en\/\"},{\"@type\":\"ListItem\",\"position\":2,\"name\":\"Catalog\",\"item\":\"https:\/\/www.radper.com\/en\/catalog\/\"},{\"@type\":\"ListItem\",\"position\":3,\"name\":\"Micro switch HY-R704B AC250V 10A HANYOUNG\"}]},{\"@type\":\"WebSite\",\"@id\":\"https:\/\/www.radper.com\/en\/#website\",\"url\":\"https:\/\/www.radper.com\/en\/\",\"name\":\"Radper\",\"description\":\"\",\"publisher\":{\"@id\":\"https:\/\/www.radper.com\/en\/#organization\"},\"potentialAction\":[{\"@type\":\"SearchAction\",\"target\":{\"@type\":\"EntryPoint\",\"urlTemplate\":\"https:\/\/www.radper.com\/en\/?s={search_term_string}\"},\"query-input\":{\"@type\":\"PropertyValueSpecification\",\"valueRequired\":true,\"valueName\":\"search_term_string\"}}],\"inLanguage\":\"en-US\"},{\"@type\":\"Organization\",\"@id\":\"https:\/\/www.radper.com\/en\/#organization\",\"name\":\"radper\",\"url\":\"https:\/\/www.radper.com\/en\/\",\"logo\":{\"@type\":\"ImageObject\",\"inLanguage\":\"en-US\",\"@id\":\"https:\/\/www.radper.com\/en\/#\/schema\/logo\/image\/\",\"url\":\"https:\/\/radper.com\/wp-content\/uploads\/2021\/04\/logo-wide-11.png\",\"contentUrl\":\"https:\/\/radper.com\/wp-content\/uploads\/2021\/04\/logo-wide-11.png\",\"width\":250,\"height\":110,\"caption\":\"radper\"},\"image\":{\"@id\":\"https:\/\/www.radper.com\/en\/#\/schema\/logo\/image\/\"}}]}<\/script>\n<!-- \/ Yoast SEO plugin. -->","yoast_head_json":{"title":"Micro switch HY-R704B AC250V 10A HANYOUNG - Radper","description":"Micro-interrupteur HY-R704B Hanyoung Nux, s\u00e9rie HY-700, avec levier \u00e0 galet articul\u00e9. Fiable, pr\u00e9cis, 10A 250V AC. Devis via Radper.","robots":{"index":"index","follow":"follow","max-snippet":"max-snippet:-1","max-image-preview":"max-image-preview:large","max-video-preview":"max-video-preview:-1"},"canonical":"https:\/\/www.radper.com\/en\/catalogs\/controle-de-process\/switchs-industriels\/micro-switch-hy-r704b-ac250v-10a-hanyoung\/","og_locale":"en_US","og_type":"article","og_title":"Micro switch HY-R704B AC250V 10A HANYOUNG - Radper","og_description":"Micro-interrupteur HY-R704B Hanyoung Nux, s\u00e9rie HY-700, avec levier \u00e0 galet articul\u00e9. Fiable, pr\u00e9cis, 10A 250V AC. Devis via Radper.","og_url":"https:\/\/www.radper.com\/en\/catalogs\/controle-de-process\/switchs-industriels\/micro-switch-hy-r704b-ac250v-10a-hanyoung\/","og_site_name":"Radper","article_modified_time":"2025-08-12T08:58:32+00:00","og_image":[{"width":600,"height":600,"url":"https:\/\/www.radper.com\/wp-content\/uploads\/2023\/11\/HY-R704B-Hanyoung-Nux.png","type":"image\/png"}],"twitter_card":"summary_large_image","twitter_misc":{"Est. reading time":"2 minutes"},"schema":{"@context":"https:\/\/schema.org","@graph":[{"@type":"WebPage","@id":"https:\/\/www.radper.com\/en\/catalogs\/controle-de-process\/switchs-industriels\/micro-switch-hy-r704b-ac250v-10a-hanyoung\/","url":"https:\/\/www.radper.com\/en\/catalogs\/controle-de-process\/switchs-industriels\/micro-switch-hy-r704b-ac250v-10a-hanyoung\/","name":"Micro switch HY-R704B AC250V 10A HANYOUNG - Radper","isPartOf":{"@id":"https:\/\/www.radper.com\/en\/#website"},"primaryImageOfPage":{"@id":"https:\/\/www.radper.com\/en\/catalogs\/controle-de-process\/switchs-industriels\/micro-switch-hy-r704b-ac250v-10a-hanyoung\/#primaryimage"},"image":{"@id":"https:\/\/www.radper.com\/en\/catalogs\/controle-de-process\/switchs-industriels\/micro-switch-hy-r704b-ac250v-10a-hanyoung\/#primaryimage"},"thumbnailUrl":"https:\/\/www.radper.com\/wp-content\/uploads\/2023\/11\/HY-R704B-Hanyoung-Nux.png","datePublished":"2023-11-24T19:51:41+00:00","dateModified":"2025-08-12T08:58:32+00:00","description":"Micro-interrupteur HY-R704B Hanyoung Nux, s\u00e9rie HY-700, avec levier \u00e0 galet articul\u00e9. Fiable, pr\u00e9cis, 10A 250V AC. Devis via Radper.","breadcrumb":{"@id":"https:\/\/www.radper.com\/en\/catalogs\/controle-de-process\/switchs-industriels\/micro-switch-hy-r704b-ac250v-10a-hanyoung\/#breadcrumb"},"inLanguage":"en-US","potentialAction":[{"@type":"ReadAction","target":["https:\/\/www.radper.com\/en\/catalogs\/controle-de-process\/switchs-industriels\/micro-switch-hy-r704b-ac250v-10a-hanyoung\/"]}]},{"@type":"ImageObject","inLanguage":"en-US","@id":"https:\/\/www.radper.com\/en\/catalogs\/controle-de-process\/switchs-industriels\/micro-switch-hy-r704b-ac250v-10a-hanyoung\/#primaryimage","url":"https:\/\/www.radper.com\/wp-content\/uploads\/2023\/11\/HY-R704B-Hanyoung-Nux.png","contentUrl":"https:\/\/www.radper.com\/wp-content\/uploads\/2023\/11\/HY-R704B-Hanyoung-Nux.png","width":600,"height":600},{"@type":"BreadcrumbList","@id":"https:\/\/www.radper.com\/en\/catalogs\/controle-de-process\/switchs-industriels\/micro-switch-hy-r704b-ac250v-10a-hanyoung\/#breadcrumb","itemListElement":[{"@type":"ListItem","position":1,"name":"Accueil","item":"https:\/\/www.radper.com\/en\/"},{"@type":"ListItem","position":2,"name":"Catalog","item":"https:\/\/www.radper.com\/en\/catalog\/"},{"@type":"ListItem","position":3,"name":"Micro switch HY-R704B AC250V 10A HANYOUNG"}]},{"@type":"WebSite","@id":"https:\/\/www.radper.com\/en\/#website","url":"https:\/\/www.radper.com\/en\/","name":"Radper","description":"","publisher":{"@id":"https:\/\/www.radper.com\/en\/#organization"},"potentialAction":[{"@type":"SearchAction","target":{"@type":"EntryPoint","urlTemplate":"https:\/\/www.radper.com\/en\/?s={search_term_string}"},"query-input":{"@type":"PropertyValueSpecification","valueRequired":true,"valueName":"search_term_string"}}],"inLanguage":"en-US"},{"@type":"Organization","@id":"https:\/\/www.radper.com\/en\/#organization","name":"radper","url":"https:\/\/www.radper.com\/en\/","logo":{"@type":"ImageObject","inLanguage":"en-US","@id":"https:\/\/www.radper.com\/en\/#\/schema\/logo\/image\/","url":"https:\/\/radper.com\/wp-content\/uploads\/2021\/04\/logo-wide-11.png","contentUrl":"https:\/\/radper.com\/wp-content\/uploads\/2021\/04\/logo-wide-11.png","width":250,"height":110,"caption":"radper"},"image":{"@id":"https:\/\/www.radper.com\/en\/#\/schema\/logo\/image\/"}}]}},"_links":{"self":[{"href":"https:\/\/www.radper.com\/en\/wp-json\/wp\/v2\/product\/41214","targetHints":{"allow":["GET"]}}],"collection":[{"href":"https:\/\/www.radper.com\/en\/wp-json\/wp\/v2\/product"}],"about":[{"href":"https:\/\/www.radper.com\/en\/wp-json\/wp\/v2\/types\/product"}],"wp:featuredmedia":[{"embeddable":true,"href":"https:\/\/www.radper.com\/en\/wp-json\/wp\/v2\/media\/45097"}],"wp:attachment":[{"href":"https:\/\/www.radper.com\/en\/wp-json\/wp\/v2\/media?parent=41214"}],"wp:term":[{"taxonomy":"product_brand","embeddable":true,"href":"https:\/\/www.radper.com\/en\/wp-json\/wp\/v2\/product_brand?post=41214"},{"taxonomy":"product_cat","embeddable":true,"href":"https:\/\/www.radper.com\/en\/wp-json\/wp\/v2\/product_cat?post=41214"},{"taxonomy":"product_tag","embeddable":true,"href":"https:\/\/www.radper.com\/en\/wp-json\/wp\/v2\/product_tag?post=41214"}],"curies":[{"name":"wp","href":"https:\/\/api.w.org\/{rel}","templated":true}]}}