{"id":41216,"date":"2023-11-24T19:51:42","date_gmt":"2023-11-24T19:51:42","guid":{"rendered":"https:\/\/www.radper.com\/produit\/micro-switch-hy-p707a-ac250v-15a-hanyoung\/"},"modified":"2025-08-12T08:52:33","modified_gmt":"2025-08-12T08:52:33","slug":"micro-switch-hy-l707a-ac250v-15a-hanyoung","status":"publish","type":"product","link":"https:\/\/www.radper.com\/en\/catalogs\/controle-de-process\/switchs-industriels\/micro-switch-hy-l707a-ac250v-15a-hanyoung\/","title":{"rendered":"Micro switch HY-L707A \u2013 15A 250V AC HANYOUNG NUX"},"content":{"rendered":"<h3 data-start=\"194\" data-end=\"281\"><strong data-start=\"197\" data-end=\"281\">Micro Switch HY-L707A \u2013 Hanyoung Nux \u2013 Levier \u00e0 Position Unique \u2013 15A \/ 250 V AC<\/strong><\/h3>\n<p data-start=\"283\" data-end=\"668\">Le micro switch <strong data-start=\"299\" data-end=\"311\">HY-L707A<\/strong> de la s\u00e9rie <strong data-start=\"324\" data-end=\"334\">HY-700<\/strong> est un interrupteur \u00e0 levier \u00e0 position unique, con\u00e7u pour offrir une excellente r\u00e9p\u00e9titivit\u00e9, une longue dur\u00e9e de vie et une r\u00e9sistance m\u00e9canique \u00e9lev\u00e9e. Sa conception en <strong data-start=\"507\" data-end=\"528\">r\u00e9sine ph\u00e9nolique<\/strong> r\u00e9sistante aux agents chimiques et son m\u00e9canisme \u00e0 <strong data-start=\"580\" data-end=\"598\">action brusque<\/strong> garantissent un fonctionnement fiable m\u00eame en environnement exigeant.<\/p>\n<h3 data-start=\"670\" data-end=\"689\"><strong data-start=\"674\" data-end=\"689\">Utilisation (HY-L707A)<\/strong><\/h3>\n<ul data-start=\"690\" data-end=\"965\">\n<li data-start=\"690\" data-end=\"767\">\n<p data-start=\"692\" data-end=\"767\">Applications industrielles n\u00e9cessitant un d\u00e9clenchement pr\u00e9cis et rapide.<\/p>\n<\/li>\n<li data-start=\"768\" data-end=\"863\">\n<p data-start=\"770\" data-end=\"863\">Commande et d\u00e9tection dans des environnements soumis \u00e0 vibrations et variations m\u00e9caniques.<\/p>\n<\/li>\n<li data-start=\"864\" data-end=\"965\">\n<p data-start=\"866\" data-end=\"965\">Adapt\u00e9 aux machines, \u00e9quipements d\u2019automatisation, syst\u00e8mes de contr\u00f4le et dispositifs de s\u00e9curit\u00e9.<\/p>\n<\/li>\n<\/ul>\n<ul data-start=\"1521\" data-end=\"2173\">\n<li style=\"list-style-type: none\" data-start=\"2024\" data-end=\"2173\"><\/li>\n<\/ul>\n<h3 data-start=\"2720\" data-end=\"2737\"><strong data-start=\"2724\" data-end=\"2737\">Avantages<\/strong><\/h3>\n<ul data-start=\"2738\" data-end=\"2961\">\n<li data-start=\"2738\" data-end=\"2783\">\n<p data-start=\"2740\" data-end=\"2783\">Grande long\u00e9vit\u00e9 m\u00e9canique et \u00e9lectrique.<\/p>\n<\/li>\n<li data-start=\"2784\" data-end=\"2849\">\n<p data-start=\"2786\" data-end=\"2849\">R\u00e9sistance \u00e9lev\u00e9e aux environnements chimiques et m\u00e9caniques.<\/p>\n<\/li>\n<li data-start=\"2850\" data-end=\"2894\">\n<p data-start=\"2852\" data-end=\"2894\">Installation simple et fixation robuste.<\/p>\n<\/li>\n<li data-start=\"2895\" data-end=\"2961\">\n<p data-start=\"2897\" data-end=\"2961\">Large plage d\u2019applications gr\u00e2ce \u00e0 sa pr\u00e9cision et sa fiabilit\u00e9.<\/p>\n<\/li>\n<\/ul>\n<h3 data-start=\"2209\" data-end=\"2234\"><strong data-start=\"2213\" data-end=\"2234\">Normes &amp; S\u00e9curit\u00e9<\/strong><\/h3>\n<p data-start=\"2235\" data-end=\"2679\">Le <strong data-start=\"2238\" data-end=\"2250\">HY-L707A<\/strong> est con\u00e7u conform\u00e9ment aux exigences internationales de s\u00e9curit\u00e9 pour interrupteurs de pr\u00e9cision.<br data-start=\"2348\" data-end=\"2351\" \/>Il r\u00e9pond aux standards de tension nominale <strong data-start=\"2395\" data-end=\"2414\">250 V AC \/ 15 A<\/strong> avec une isolation \u00e9lectrique test\u00e9e \u00e0 <strong data-start=\"2454\" data-end=\"2468\">1 000 V AC<\/strong> (entre bornes) et <strong data-start=\"2487\" data-end=\"2501\">1 500 V AC<\/strong> (entre parties m\u00e9talliques expos\u00e9es).<br data-start=\"2539\" data-end=\"2542\" \/>La conception robuste du bo\u00eetier assure une protection m\u00e9canique et chimique, r\u00e9duisant les risques de d\u00e9faillance en conditions s\u00e9v\u00e8res.<\/p>\n<h3 data-start=\"2686\" data-end=\"2720\"><strong data-start=\"2690\" data-end=\"2720\">Environnement &amp; Durabilit\u00e9<\/strong><\/h3>\n<ul data-start=\"2721\" data-end=\"3216\">\n<li data-start=\"2721\" data-end=\"2864\">\n<p data-start=\"2723\" data-end=\"2864\"><strong data-start=\"2723\" data-end=\"2747\">Mat\u00e9riaux r\u00e9sistants<\/strong> : r\u00e9sine ph\u00e9nolique et m\u00e9taux de contact optimis\u00e9s pour durer dans le temps, limitant les remplacements fr\u00e9quents.<\/p>\n<\/li>\n<li data-start=\"2865\" data-end=\"2978\">\n<p data-start=\"2867\" data-end=\"2978\"><strong data-start=\"2867\" data-end=\"2888\">Long cycle de vie<\/strong> : plus d\u2019un million de cycles m\u00e9caniques, r\u00e9duisant les d\u00e9chets li\u00e9s au renouvellement.<\/p>\n<\/li>\n<li data-start=\"2979\" data-end=\"3068\">\n<p data-start=\"2981\" data-end=\"3068\"><strong data-start=\"2981\" data-end=\"3006\">Fabrication optimis\u00e9e<\/strong> : conception compacte r\u00e9duisant l\u2019utilisation de mat\u00e9riaux.<\/p>\n<\/li>\n<li data-start=\"3069\" data-end=\"3216\">\n<p data-start=\"3071\" data-end=\"3216\"><strong data-start=\"3071\" data-end=\"3088\">Recyclabilit\u00e9<\/strong> : les composants m\u00e9talliques peuvent \u00eatre recycl\u00e9s apr\u00e8s d\u00e9montage, participant \u00e0 la r\u00e9duction de l\u2019empreinte environnementale.<\/p>\n<\/li>\n<\/ul>\n<h3 data-start=\"1536\" data-end=\"1582\"><strong data-start=\"1540\" data-end=\"1582\">Performances m\u00e9caniques et \u00e9lectriques<\/strong><\/h3>\n<ul data-start=\"1583\" data-end=\"1985\">\n<li data-start=\"1583\" data-end=\"1635\">\n<p data-start=\"1585\" data-end=\"1635\"><strong data-start=\"1585\" data-end=\"1611\">Dur\u00e9e de vie m\u00e9canique<\/strong> : \u2265 1 000 000 cycles.<\/p>\n<\/li>\n<li data-start=\"1636\" data-end=\"1705\">\n<p data-start=\"1638\" data-end=\"1705\"><strong data-start=\"1638\" data-end=\"1665\">Dur\u00e9e de vie \u00e9lectrique<\/strong> : \u2265 300 000 cycles (charge nominale).<\/p>\n<\/li>\n<li data-start=\"1706\" data-end=\"1745\">\n<p data-start=\"1708\" data-end=\"1745\"><strong data-start=\"1708\" data-end=\"1721\">Pr\u00e9cision<\/strong> : Haute r\u00e9p\u00e9titivit\u00e9.<\/p>\n<\/li>\n<li data-start=\"1746\" data-end=\"1799\">\n<p data-start=\"1748\" data-end=\"1799\"><strong data-start=\"1748\" data-end=\"1774\">R\u00e9sistance d\u2019isolement<\/strong> : \u2265 100 M\u03a9 (500 V DC).<\/p>\n<\/li>\n<li data-start=\"1800\" data-end=\"1840\">\n<p data-start=\"1802\" data-end=\"1840\"><strong data-start=\"1802\" data-end=\"1827\">R\u00e9sistance de contact<\/strong> : \u2264 50 m\u03a9.<\/p>\n<\/li>\n<li data-start=\"1841\" data-end=\"1912\">\n<p data-start=\"1843\" data-end=\"1912\"><strong data-start=\"1843\" data-end=\"1872\">R\u00e9sistance aux vibrations<\/strong> : 10\u201355 Hz, double amplitude 0,75 mm.<\/p>\n<\/li>\n<li data-start=\"1913\" data-end=\"1985\">\n<p data-start=\"1915\" data-end=\"1985\"><strong data-start=\"1915\" data-end=\"1939\">R\u00e9sistance aux chocs<\/strong> : m\u00e9canique \u2265 100 G, fonctionnement \u2264 30 G.<\/p>\n<\/li>\n<\/ul>\n","protected":false},"excerpt":{"rendered":"<p>HY-L707A<\/p>\n","protected":false},"featured_media":45090,"template":"","meta":{"_acf_changed":false},"product_brand":[],"product_cat":[1203],"product_tag":[],"class_list":{"0":"post-41216","1":"product","2":"type-product","3":"status-publish","4":"has-post-thumbnail","6":"product_cat-switchs-industriels","7":"pa_marque-hanyoung-nux","9":"first","10":"instock","11":"featured","12":"taxable","13":"shipping-taxable","14":"purchasable","15":"product-type-simple"},"acf":[],"yoast_head":"<!-- This site is optimized with the Yoast SEO plugin v26.2 - https:\/\/yoast.com\/wordpress\/plugins\/seo\/ -->\n<title>Micro switch HY-L707A \u2013 15A 250V AC HANYOUNG NUX - Radper<\/title>\n<meta name=\"description\" content=\"Micro switch HY-L707A Hanyoung \u2013 Levier unique, 15A 250V AC, haute pr\u00e9cision, long\u00e9vit\u00e9 &gt;1M cycles, bo\u00eetier r\u00e9sistant chimique. Disponible sur Radper.\" \/>\n<meta name=\"robots\" content=\"index, follow, max-snippet:-1, max-image-preview:large, max-video-preview:-1\" \/>\n<link rel=\"canonical\" href=\"https:\/\/www.radper.com\/en\/catalogs\/controle-de-process\/switchs-industriels\/micro-switch-hy-l707a-ac250v-15a-hanyoung\/\" \/>\n<meta property=\"og:locale\" content=\"en_US\" \/>\n<meta property=\"og:type\" content=\"article\" \/>\n<meta property=\"og:title\" content=\"Micro switch HY-L707A \u2013 15A 250V AC HANYOUNG NUX - Radper\" \/>\n<meta property=\"og:description\" content=\"Micro switch HY-L707A Hanyoung \u2013 Levier unique, 15A 250V AC, haute pr\u00e9cision, long\u00e9vit\u00e9 &gt;1M cycles, bo\u00eetier r\u00e9sistant chimique. Disponible sur Radper.\" \/>\n<meta property=\"og:url\" content=\"https:\/\/www.radper.com\/en\/catalogs\/controle-de-process\/switchs-industriels\/micro-switch-hy-l707a-ac250v-15a-hanyoung\/\" \/>\n<meta property=\"og:site_name\" content=\"Radper\" \/>\n<meta property=\"article:modified_time\" content=\"2025-08-12T08:52:33+00:00\" \/>\n<meta property=\"og:image\" content=\"https:\/\/www.radper.com\/wp-content\/uploads\/2023\/11\/HY-L707A-Hanyoung-Nux.png\" \/>\n\t<meta property=\"og:image:width\" content=\"600\" \/>\n\t<meta property=\"og:image:height\" content=\"600\" \/>\n\t<meta property=\"og:image:type\" content=\"image\/png\" \/>\n<meta name=\"twitter:card\" content=\"summary_large_image\" \/>\n<meta name=\"twitter:label1\" content=\"Est. reading time\" \/>\n\t<meta name=\"twitter:data1\" content=\"2 minutes\" \/>\n<script type=\"application\/ld+json\" class=\"yoast-schema-graph\">{\"@context\":\"https:\/\/schema.org\",\"@graph\":[{\"@type\":\"WebPage\",\"@id\":\"https:\/\/www.radper.com\/en\/catalogs\/controle-de-process\/switchs-industriels\/micro-switch-hy-l707a-ac250v-15a-hanyoung\/\",\"url\":\"https:\/\/www.radper.com\/en\/catalogs\/controle-de-process\/switchs-industriels\/micro-switch-hy-l707a-ac250v-15a-hanyoung\/\",\"name\":\"Micro switch HY-L707A \u2013 15A 250V AC HANYOUNG NUX - Radper\",\"isPartOf\":{\"@id\":\"https:\/\/www.radper.com\/en\/#website\"},\"primaryImageOfPage\":{\"@id\":\"https:\/\/www.radper.com\/en\/catalogs\/controle-de-process\/switchs-industriels\/micro-switch-hy-l707a-ac250v-15a-hanyoung\/#primaryimage\"},\"image\":{\"@id\":\"https:\/\/www.radper.com\/en\/catalogs\/controle-de-process\/switchs-industriels\/micro-switch-hy-l707a-ac250v-15a-hanyoung\/#primaryimage\"},\"thumbnailUrl\":\"https:\/\/www.radper.com\/wp-content\/uploads\/2023\/11\/HY-L707A-Hanyoung-Nux.png\",\"datePublished\":\"2023-11-24T19:51:42+00:00\",\"dateModified\":\"2025-08-12T08:52:33+00:00\",\"description\":\"Micro switch HY-L707A Hanyoung \u2013 Levier unique, 15A 250V AC, haute pr\u00e9cision, long\u00e9vit\u00e9 >1M cycles, bo\u00eetier r\u00e9sistant chimique. Disponible sur Radper.\",\"breadcrumb\":{\"@id\":\"https:\/\/www.radper.com\/en\/catalogs\/controle-de-process\/switchs-industriels\/micro-switch-hy-l707a-ac250v-15a-hanyoung\/#breadcrumb\"},\"inLanguage\":\"en-US\",\"potentialAction\":[{\"@type\":\"ReadAction\",\"target\":[\"https:\/\/www.radper.com\/en\/catalogs\/controle-de-process\/switchs-industriels\/micro-switch-hy-l707a-ac250v-15a-hanyoung\/\"]}]},{\"@type\":\"ImageObject\",\"inLanguage\":\"en-US\",\"@id\":\"https:\/\/www.radper.com\/en\/catalogs\/controle-de-process\/switchs-industriels\/micro-switch-hy-l707a-ac250v-15a-hanyoung\/#primaryimage\",\"url\":\"https:\/\/www.radper.com\/wp-content\/uploads\/2023\/11\/HY-L707A-Hanyoung-Nux.png\",\"contentUrl\":\"https:\/\/www.radper.com\/wp-content\/uploads\/2023\/11\/HY-L707A-Hanyoung-Nux.png\",\"width\":600,\"height\":600},{\"@type\":\"BreadcrumbList\",\"@id\":\"https:\/\/www.radper.com\/en\/catalogs\/controle-de-process\/switchs-industriels\/micro-switch-hy-l707a-ac250v-15a-hanyoung\/#breadcrumb\",\"itemListElement\":[{\"@type\":\"ListItem\",\"position\":1,\"name\":\"Accueil\",\"item\":\"https:\/\/www.radper.com\/en\/\"},{\"@type\":\"ListItem\",\"position\":2,\"name\":\"Catalog\",\"item\":\"https:\/\/www.radper.com\/en\/catalog\/\"},{\"@type\":\"ListItem\",\"position\":3,\"name\":\"Micro switch HY-L707A \u2013 15A 250V AC HANYOUNG NUX\"}]},{\"@type\":\"WebSite\",\"@id\":\"https:\/\/www.radper.com\/en\/#website\",\"url\":\"https:\/\/www.radper.com\/en\/\",\"name\":\"Radper\",\"description\":\"\",\"publisher\":{\"@id\":\"https:\/\/www.radper.com\/en\/#organization\"},\"potentialAction\":[{\"@type\":\"SearchAction\",\"target\":{\"@type\":\"EntryPoint\",\"urlTemplate\":\"https:\/\/www.radper.com\/en\/?s={search_term_string}\"},\"query-input\":{\"@type\":\"PropertyValueSpecification\",\"valueRequired\":true,\"valueName\":\"search_term_string\"}}],\"inLanguage\":\"en-US\"},{\"@type\":\"Organization\",\"@id\":\"https:\/\/www.radper.com\/en\/#organization\",\"name\":\"radper\",\"url\":\"https:\/\/www.radper.com\/en\/\",\"logo\":{\"@type\":\"ImageObject\",\"inLanguage\":\"en-US\",\"@id\":\"https:\/\/www.radper.com\/en\/#\/schema\/logo\/image\/\",\"url\":\"https:\/\/radper.com\/wp-content\/uploads\/2021\/04\/logo-wide-11.png\",\"contentUrl\":\"https:\/\/radper.com\/wp-content\/uploads\/2021\/04\/logo-wide-11.png\",\"width\":250,\"height\":110,\"caption\":\"radper\"},\"image\":{\"@id\":\"https:\/\/www.radper.com\/en\/#\/schema\/logo\/image\/\"}}]}<\/script>\n<!-- \/ Yoast SEO plugin. -->","yoast_head_json":{"title":"Micro switch HY-L707A \u2013 15A 250V AC HANYOUNG NUX - Radper","description":"Micro switch HY-L707A Hanyoung \u2013 Levier unique, 15A 250V AC, haute pr\u00e9cision, long\u00e9vit\u00e9 >1M cycles, bo\u00eetier r\u00e9sistant chimique. Disponible sur Radper.","robots":{"index":"index","follow":"follow","max-snippet":"max-snippet:-1","max-image-preview":"max-image-preview:large","max-video-preview":"max-video-preview:-1"},"canonical":"https:\/\/www.radper.com\/en\/catalogs\/controle-de-process\/switchs-industriels\/micro-switch-hy-l707a-ac250v-15a-hanyoung\/","og_locale":"en_US","og_type":"article","og_title":"Micro switch HY-L707A \u2013 15A 250V AC HANYOUNG NUX - Radper","og_description":"Micro switch HY-L707A Hanyoung \u2013 Levier unique, 15A 250V AC, haute pr\u00e9cision, long\u00e9vit\u00e9 >1M cycles, bo\u00eetier r\u00e9sistant chimique. Disponible sur Radper.","og_url":"https:\/\/www.radper.com\/en\/catalogs\/controle-de-process\/switchs-industriels\/micro-switch-hy-l707a-ac250v-15a-hanyoung\/","og_site_name":"Radper","article_modified_time":"2025-08-12T08:52:33+00:00","og_image":[{"width":600,"height":600,"url":"https:\/\/www.radper.com\/wp-content\/uploads\/2023\/11\/HY-L707A-Hanyoung-Nux.png","type":"image\/png"}],"twitter_card":"summary_large_image","twitter_misc":{"Est. reading time":"2 minutes"},"schema":{"@context":"https:\/\/schema.org","@graph":[{"@type":"WebPage","@id":"https:\/\/www.radper.com\/en\/catalogs\/controle-de-process\/switchs-industriels\/micro-switch-hy-l707a-ac250v-15a-hanyoung\/","url":"https:\/\/www.radper.com\/en\/catalogs\/controle-de-process\/switchs-industriels\/micro-switch-hy-l707a-ac250v-15a-hanyoung\/","name":"Micro switch HY-L707A \u2013 15A 250V AC HANYOUNG NUX - Radper","isPartOf":{"@id":"https:\/\/www.radper.com\/en\/#website"},"primaryImageOfPage":{"@id":"https:\/\/www.radper.com\/en\/catalogs\/controle-de-process\/switchs-industriels\/micro-switch-hy-l707a-ac250v-15a-hanyoung\/#primaryimage"},"image":{"@id":"https:\/\/www.radper.com\/en\/catalogs\/controle-de-process\/switchs-industriels\/micro-switch-hy-l707a-ac250v-15a-hanyoung\/#primaryimage"},"thumbnailUrl":"https:\/\/www.radper.com\/wp-content\/uploads\/2023\/11\/HY-L707A-Hanyoung-Nux.png","datePublished":"2023-11-24T19:51:42+00:00","dateModified":"2025-08-12T08:52:33+00:00","description":"Micro switch HY-L707A Hanyoung \u2013 Levier unique, 15A 250V AC, haute pr\u00e9cision, long\u00e9vit\u00e9 >1M cycles, bo\u00eetier r\u00e9sistant chimique. Disponible sur Radper.","breadcrumb":{"@id":"https:\/\/www.radper.com\/en\/catalogs\/controle-de-process\/switchs-industriels\/micro-switch-hy-l707a-ac250v-15a-hanyoung\/#breadcrumb"},"inLanguage":"en-US","potentialAction":[{"@type":"ReadAction","target":["https:\/\/www.radper.com\/en\/catalogs\/controle-de-process\/switchs-industriels\/micro-switch-hy-l707a-ac250v-15a-hanyoung\/"]}]},{"@type":"ImageObject","inLanguage":"en-US","@id":"https:\/\/www.radper.com\/en\/catalogs\/controle-de-process\/switchs-industriels\/micro-switch-hy-l707a-ac250v-15a-hanyoung\/#primaryimage","url":"https:\/\/www.radper.com\/wp-content\/uploads\/2023\/11\/HY-L707A-Hanyoung-Nux.png","contentUrl":"https:\/\/www.radper.com\/wp-content\/uploads\/2023\/11\/HY-L707A-Hanyoung-Nux.png","width":600,"height":600},{"@type":"BreadcrumbList","@id":"https:\/\/www.radper.com\/en\/catalogs\/controle-de-process\/switchs-industriels\/micro-switch-hy-l707a-ac250v-15a-hanyoung\/#breadcrumb","itemListElement":[{"@type":"ListItem","position":1,"name":"Accueil","item":"https:\/\/www.radper.com\/en\/"},{"@type":"ListItem","position":2,"name":"Catalog","item":"https:\/\/www.radper.com\/en\/catalog\/"},{"@type":"ListItem","position":3,"name":"Micro switch HY-L707A \u2013 15A 250V AC HANYOUNG NUX"}]},{"@type":"WebSite","@id":"https:\/\/www.radper.com\/en\/#website","url":"https:\/\/www.radper.com\/en\/","name":"Radper","description":"","publisher":{"@id":"https:\/\/www.radper.com\/en\/#organization"},"potentialAction":[{"@type":"SearchAction","target":{"@type":"EntryPoint","urlTemplate":"https:\/\/www.radper.com\/en\/?s={search_term_string}"},"query-input":{"@type":"PropertyValueSpecification","valueRequired":true,"valueName":"search_term_string"}}],"inLanguage":"en-US"},{"@type":"Organization","@id":"https:\/\/www.radper.com\/en\/#organization","name":"radper","url":"https:\/\/www.radper.com\/en\/","logo":{"@type":"ImageObject","inLanguage":"en-US","@id":"https:\/\/www.radper.com\/en\/#\/schema\/logo\/image\/","url":"https:\/\/radper.com\/wp-content\/uploads\/2021\/04\/logo-wide-11.png","contentUrl":"https:\/\/radper.com\/wp-content\/uploads\/2021\/04\/logo-wide-11.png","width":250,"height":110,"caption":"radper"},"image":{"@id":"https:\/\/www.radper.com\/en\/#\/schema\/logo\/image\/"}}]}},"_links":{"self":[{"href":"https:\/\/www.radper.com\/en\/wp-json\/wp\/v2\/product\/41216","targetHints":{"allow":["GET"]}}],"collection":[{"href":"https:\/\/www.radper.com\/en\/wp-json\/wp\/v2\/product"}],"about":[{"href":"https:\/\/www.radper.com\/en\/wp-json\/wp\/v2\/types\/product"}],"wp:featuredmedia":[{"embeddable":true,"href":"https:\/\/www.radper.com\/en\/wp-json\/wp\/v2\/media\/45090"}],"wp:attachment":[{"href":"https:\/\/www.radper.com\/en\/wp-json\/wp\/v2\/media?parent=41216"}],"wp:term":[{"taxonomy":"product_brand","embeddable":true,"href":"https:\/\/www.radper.com\/en\/wp-json\/wp\/v2\/product_brand?post=41216"},{"taxonomy":"product_cat","embeddable":true,"href":"https:\/\/www.radper.com\/en\/wp-json\/wp\/v2\/product_cat?post=41216"},{"taxonomy":"product_tag","embeddable":true,"href":"https:\/\/www.radper.com\/en\/wp-json\/wp\/v2\/product_tag?post=41216"}],"curies":[{"name":"wp","href":"https:\/\/api.w.org\/{rel}","templated":true}]}}