{"id":44421,"date":"2025-04-24T07:51:36","date_gmt":"2025-04-24T07:51:36","guid":{"rendered":"https:\/\/www.radper.com\/?post_type=product&#038;p=44421"},"modified":"2025-04-24T07:51:39","modified_gmt":"2025-04-24T07:51:39","slug":"detecteur-de-proximite-prl30-15ao-autonics","status":"publish","type":"product","link":"https:\/\/www.radper.com\/en\/catalogs\/controle-de-process\/detecteurs-de-proximite\/detecteur-de-proximite-prl30-15ao-autonics\/","title":{"rendered":"D\u00e9tecteur de proximit\u00e9 PRL30-15AO Autonics"},"content":{"rendered":"<h3 class=\"\" data-start=\"191\" data-end=\"290\"><strong data-start=\"198\" data-end=\"290\">D\u00e9tecteur de proximit\u00e9 inductif Autonics PRL30-15AO \u2013 Port\u00e9e \u00e9tendue et fiabilit\u00e9 accrue<\/strong><\/h3>\n<p class=\"\" data-start=\"292\" data-end=\"596\">Con\u00e7u pour des applications industrielles exigeantes, le d\u00e9tecteur inductif <strong data-start=\"368\" data-end=\"391\">Autonics PRL30-15AO<\/strong> offre une <strong data-start=\"402\" data-end=\"447\">port\u00e9e de d\u00e9tection \u00e9tendue jusqu\u2019\u00e0 15 mm<\/strong>. Avec son installation non-affleurante et sa structure robuste IP67, il assure un fonctionnement stable m\u00eame dans les environnements les plus rudes.<\/p>\n<h3 class=\"\" data-start=\"603\" data-end=\"622\"><strong data-start=\"609\" data-end=\"622\">Avantages<\/strong><\/h3>\n<ul data-start=\"623\" data-end=\"1036\">\n<li class=\"\" data-start=\"623\" data-end=\"716\">\n<p class=\"\" data-start=\"625\" data-end=\"716\"><strong data-start=\"625\" data-end=\"657\">Grande distance de d\u00e9tection<\/strong> : 15 mm pour une d\u00e9tection efficace \u00e0 plus longue port\u00e9e<\/p>\n<\/li>\n<li class=\"\" data-start=\"717\" data-end=\"811\">\n<p class=\"\" data-start=\"719\" data-end=\"811\"><strong data-start=\"719\" data-end=\"748\">Indice de protection IP67<\/strong> : r\u00e9sistance \u00e0 l\u2019humidit\u00e9, \u00e0 la poussi\u00e8re et aux projections<\/p>\n<\/li>\n<li class=\"\" data-start=\"812\" data-end=\"875\">\n<p class=\"\" data-start=\"814\" data-end=\"875\"><strong data-start=\"814\" data-end=\"839\">Installation flexible<\/strong> gr\u00e2ce au montage non flush \u00d830 mm<\/p>\n<\/li>\n<li class=\"\" data-start=\"876\" data-end=\"942\">\n<p class=\"\" data-start=\"878\" data-end=\"942\"><strong data-start=\"878\" data-end=\"910\">Sortie fiable jusqu\u2019\u00e0 200 mA<\/strong> pour les syst\u00e8mes de commande<\/p>\n<\/li>\n<li class=\"\" data-start=\"943\" data-end=\"1036\">\n<p class=\"\" data-start=\"945\" data-end=\"1036\"><strong data-start=\"945\" data-end=\"968\">Protection int\u00e9gr\u00e9e<\/strong> contre les surtensions et les conditions environnementales extr\u00eames<\/p>\n<\/li>\n<\/ul>\n<h3 class=\"\" data-start=\"1545\" data-end=\"1568\"><strong data-start=\"1552\" data-end=\"1568\">Applications<\/strong><\/h3>\n<p class=\"\" data-start=\"1569\" data-end=\"1794\">Id\u00e9al pour les syst\u00e8mes d\u2019automatisation industrielle n\u00e9cessitant une d\u00e9tection fiable de cibles m\u00e9talliques \u00e0 moyenne distance. Utilis\u00e9 dans les lignes de production, la manutention automatis\u00e9e ou encore le contr\u00f4le qualit\u00e9.<\/p>\n<p class=\"\" data-start=\"1815\" data-end=\"1994\"><strong data-start=\"1815\" data-end=\"1891\">\u27a1\ufe0fCe capteur est-il adapt\u00e9 aux environnements avec fortes vibrations ?<\/strong><br data-start=\"1891\" data-end=\"1894\" \/>Oui, il r\u00e9siste \u00e0 des vibrations de 10 \u00e0 55 Hz dans les trois axes, et \u00e0 des chocs jusqu\u2019\u00e0 50 G.<\/p>\n<p class=\"\" data-start=\"1996\" data-end=\"2116\"><strong data-start=\"1996\" data-end=\"2045\">\u27a1\ufe0fQuelle est la cible m\u00e9tallique standard ?<\/strong><br data-start=\"2045\" data-end=\"2048\" \/>Une plaque ferreuse de 45\u00d745\u00d71 mm permet une d\u00e9tection optimale.<\/p>\n","protected":false},"excerpt":{"rendered":"<p>PRL30-15AO<\/p>\n","protected":false},"featured_media":44422,"template":"","meta":{"_acf_changed":false},"product_brand":[],"product_cat":[2256],"product_tag":[],"class_list":{"0":"post-44421","1":"product","2":"type-product","3":"status-publish","4":"has-post-thumbnail","6":"product_cat-detecteurs-de-proximite","8":"first","9":"instock","10":"taxable","11":"shipping-taxable","12":"purchasable","13":"product-type-simple"},"acf":[],"yoast_head":"<!-- This site is optimized with the Yoast SEO plugin v26.2 - https:\/\/yoast.com\/wordpress\/plugins\/seo\/ -->\n<title>D\u00e9tecteur de proximit\u00e9 PRL30-15AO Autonics - Radper<\/title>\n<meta name=\"description\" content=\"Capteur inductif Autonics PRL30-15AO \u00d830 mm, port\u00e9e 15 mm, IP67. D\u00e9tection fiable. Accompagnement personnalis\u00e9 et conseils experts via Radper.\" \/>\n<meta name=\"robots\" content=\"index, follow, max-snippet:-1, max-image-preview:large, max-video-preview:-1\" \/>\n<link rel=\"canonical\" href=\"https:\/\/www.radper.com\/en\/catalogs\/controle-de-process\/detecteurs-de-proximite\/detecteur-de-proximite-prl30-15ao-autonics\/\" \/>\n<meta property=\"og:locale\" content=\"en_US\" \/>\n<meta property=\"og:type\" content=\"article\" \/>\n<meta property=\"og:title\" content=\"D\u00e9tecteur de proximit\u00e9 PRL30-15AO Autonics - Radper\" \/>\n<meta property=\"og:description\" content=\"Capteur inductif Autonics PRL30-15AO \u00d830 mm, port\u00e9e 15 mm, IP67. D\u00e9tection fiable. Accompagnement personnalis\u00e9 et conseils experts via Radper.\" \/>\n<meta property=\"og:url\" content=\"https:\/\/www.radper.com\/en\/catalogs\/controle-de-process\/detecteurs-de-proximite\/detecteur-de-proximite-prl30-15ao-autonics\/\" \/>\n<meta property=\"og:site_name\" content=\"Radper\" \/>\n<meta property=\"article:modified_time\" content=\"2025-04-24T07:51:39+00:00\" \/>\n<meta property=\"og:image\" content=\"https:\/\/www.radper.com\/wp-content\/uploads\/2025\/04\/Untitled-design-17.png\" \/>\n\t<meta property=\"og:image:width\" content=\"600\" \/>\n\t<meta property=\"og:image:height\" content=\"600\" \/>\n\t<meta property=\"og:image:type\" content=\"image\/png\" \/>\n<meta name=\"twitter:card\" content=\"summary_large_image\" \/>\n<meta name=\"twitter:label1\" content=\"Est. reading time\" \/>\n\t<meta name=\"twitter:data1\" content=\"2 minutes\" \/>\n<script type=\"application\/ld+json\" class=\"yoast-schema-graph\">{\"@context\":\"https:\/\/schema.org\",\"@graph\":[{\"@type\":\"WebPage\",\"@id\":\"https:\/\/www.radper.com\/en\/catalogs\/controle-de-process\/detecteurs-de-proximite\/detecteur-de-proximite-prl30-15ao-autonics\/\",\"url\":\"https:\/\/www.radper.com\/en\/catalogs\/controle-de-process\/detecteurs-de-proximite\/detecteur-de-proximite-prl30-15ao-autonics\/\",\"name\":\"D\u00e9tecteur de proximit\u00e9 PRL30-15AO Autonics - Radper\",\"isPartOf\":{\"@id\":\"https:\/\/www.radper.com\/en\/#website\"},\"primaryImageOfPage\":{\"@id\":\"https:\/\/www.radper.com\/en\/catalogs\/controle-de-process\/detecteurs-de-proximite\/detecteur-de-proximite-prl30-15ao-autonics\/#primaryimage\"},\"image\":{\"@id\":\"https:\/\/www.radper.com\/en\/catalogs\/controle-de-process\/detecteurs-de-proximite\/detecteur-de-proximite-prl30-15ao-autonics\/#primaryimage\"},\"thumbnailUrl\":\"https:\/\/www.radper.com\/wp-content\/uploads\/2025\/04\/Untitled-design-17.png\",\"datePublished\":\"2025-04-24T07:51:36+00:00\",\"dateModified\":\"2025-04-24T07:51:39+00:00\",\"description\":\"Capteur inductif Autonics PRL30-15AO \u00d830 mm, port\u00e9e 15 mm, IP67. D\u00e9tection fiable. Accompagnement personnalis\u00e9 et conseils experts via Radper.\",\"breadcrumb\":{\"@id\":\"https:\/\/www.radper.com\/en\/catalogs\/controle-de-process\/detecteurs-de-proximite\/detecteur-de-proximite-prl30-15ao-autonics\/#breadcrumb\"},\"inLanguage\":\"en-US\",\"potentialAction\":[{\"@type\":\"ReadAction\",\"target\":[\"https:\/\/www.radper.com\/en\/catalogs\/controle-de-process\/detecteurs-de-proximite\/detecteur-de-proximite-prl30-15ao-autonics\/\"]}]},{\"@type\":\"ImageObject\",\"inLanguage\":\"en-US\",\"@id\":\"https:\/\/www.radper.com\/en\/catalogs\/controle-de-process\/detecteurs-de-proximite\/detecteur-de-proximite-prl30-15ao-autonics\/#primaryimage\",\"url\":\"https:\/\/www.radper.com\/wp-content\/uploads\/2025\/04\/Untitled-design-17.png\",\"contentUrl\":\"https:\/\/www.radper.com\/wp-content\/uploads\/2025\/04\/Untitled-design-17.png\",\"width\":600,\"height\":600},{\"@type\":\"BreadcrumbList\",\"@id\":\"https:\/\/www.radper.com\/en\/catalogs\/controle-de-process\/detecteurs-de-proximite\/detecteur-de-proximite-prl30-15ao-autonics\/#breadcrumb\",\"itemListElement\":[{\"@type\":\"ListItem\",\"position\":1,\"name\":\"Accueil\",\"item\":\"https:\/\/www.radper.com\/en\/\"},{\"@type\":\"ListItem\",\"position\":2,\"name\":\"Catalog\",\"item\":\"https:\/\/www.radper.com\/en\/catalog\/\"},{\"@type\":\"ListItem\",\"position\":3,\"name\":\"D\u00e9tecteur de proximit\u00e9 PRL30-15AO Autonics\"}]},{\"@type\":\"WebSite\",\"@id\":\"https:\/\/www.radper.com\/en\/#website\",\"url\":\"https:\/\/www.radper.com\/en\/\",\"name\":\"Radper\",\"description\":\"\",\"publisher\":{\"@id\":\"https:\/\/www.radper.com\/en\/#organization\"},\"potentialAction\":[{\"@type\":\"SearchAction\",\"target\":{\"@type\":\"EntryPoint\",\"urlTemplate\":\"https:\/\/www.radper.com\/en\/?s={search_term_string}\"},\"query-input\":{\"@type\":\"PropertyValueSpecification\",\"valueRequired\":true,\"valueName\":\"search_term_string\"}}],\"inLanguage\":\"en-US\"},{\"@type\":\"Organization\",\"@id\":\"https:\/\/www.radper.com\/en\/#organization\",\"name\":\"radper\",\"url\":\"https:\/\/www.radper.com\/en\/\",\"logo\":{\"@type\":\"ImageObject\",\"inLanguage\":\"en-US\",\"@id\":\"https:\/\/www.radper.com\/en\/#\/schema\/logo\/image\/\",\"url\":\"https:\/\/radper.com\/wp-content\/uploads\/2021\/04\/logo-wide-11.png\",\"contentUrl\":\"https:\/\/radper.com\/wp-content\/uploads\/2021\/04\/logo-wide-11.png\",\"width\":250,\"height\":110,\"caption\":\"radper\"},\"image\":{\"@id\":\"https:\/\/www.radper.com\/en\/#\/schema\/logo\/image\/\"}}]}<\/script>\n<!-- \/ Yoast SEO plugin. -->","yoast_head_json":{"title":"D\u00e9tecteur de proximit\u00e9 PRL30-15AO Autonics - Radper","description":"Capteur inductif Autonics PRL30-15AO \u00d830 mm, port\u00e9e 15 mm, IP67. D\u00e9tection fiable. Accompagnement personnalis\u00e9 et conseils experts via Radper.","robots":{"index":"index","follow":"follow","max-snippet":"max-snippet:-1","max-image-preview":"max-image-preview:large","max-video-preview":"max-video-preview:-1"},"canonical":"https:\/\/www.radper.com\/en\/catalogs\/controle-de-process\/detecteurs-de-proximite\/detecteur-de-proximite-prl30-15ao-autonics\/","og_locale":"en_US","og_type":"article","og_title":"D\u00e9tecteur de proximit\u00e9 PRL30-15AO Autonics - Radper","og_description":"Capteur inductif Autonics PRL30-15AO \u00d830 mm, port\u00e9e 15 mm, IP67. D\u00e9tection fiable. Accompagnement personnalis\u00e9 et conseils experts via Radper.","og_url":"https:\/\/www.radper.com\/en\/catalogs\/controle-de-process\/detecteurs-de-proximite\/detecteur-de-proximite-prl30-15ao-autonics\/","og_site_name":"Radper","article_modified_time":"2025-04-24T07:51:39+00:00","og_image":[{"width":600,"height":600,"url":"https:\/\/www.radper.com\/wp-content\/uploads\/2025\/04\/Untitled-design-17.png","type":"image\/png"}],"twitter_card":"summary_large_image","twitter_misc":{"Est. reading time":"2 minutes"},"schema":{"@context":"https:\/\/schema.org","@graph":[{"@type":"WebPage","@id":"https:\/\/www.radper.com\/en\/catalogs\/controle-de-process\/detecteurs-de-proximite\/detecteur-de-proximite-prl30-15ao-autonics\/","url":"https:\/\/www.radper.com\/en\/catalogs\/controle-de-process\/detecteurs-de-proximite\/detecteur-de-proximite-prl30-15ao-autonics\/","name":"D\u00e9tecteur de proximit\u00e9 PRL30-15AO Autonics - Radper","isPartOf":{"@id":"https:\/\/www.radper.com\/en\/#website"},"primaryImageOfPage":{"@id":"https:\/\/www.radper.com\/en\/catalogs\/controle-de-process\/detecteurs-de-proximite\/detecteur-de-proximite-prl30-15ao-autonics\/#primaryimage"},"image":{"@id":"https:\/\/www.radper.com\/en\/catalogs\/controle-de-process\/detecteurs-de-proximite\/detecteur-de-proximite-prl30-15ao-autonics\/#primaryimage"},"thumbnailUrl":"https:\/\/www.radper.com\/wp-content\/uploads\/2025\/04\/Untitled-design-17.png","datePublished":"2025-04-24T07:51:36+00:00","dateModified":"2025-04-24T07:51:39+00:00","description":"Capteur inductif Autonics PRL30-15AO \u00d830 mm, port\u00e9e 15 mm, IP67. D\u00e9tection fiable. Accompagnement personnalis\u00e9 et conseils experts via Radper.","breadcrumb":{"@id":"https:\/\/www.radper.com\/en\/catalogs\/controle-de-process\/detecteurs-de-proximite\/detecteur-de-proximite-prl30-15ao-autonics\/#breadcrumb"},"inLanguage":"en-US","potentialAction":[{"@type":"ReadAction","target":["https:\/\/www.radper.com\/en\/catalogs\/controle-de-process\/detecteurs-de-proximite\/detecteur-de-proximite-prl30-15ao-autonics\/"]}]},{"@type":"ImageObject","inLanguage":"en-US","@id":"https:\/\/www.radper.com\/en\/catalogs\/controle-de-process\/detecteurs-de-proximite\/detecteur-de-proximite-prl30-15ao-autonics\/#primaryimage","url":"https:\/\/www.radper.com\/wp-content\/uploads\/2025\/04\/Untitled-design-17.png","contentUrl":"https:\/\/www.radper.com\/wp-content\/uploads\/2025\/04\/Untitled-design-17.png","width":600,"height":600},{"@type":"BreadcrumbList","@id":"https:\/\/www.radper.com\/en\/catalogs\/controle-de-process\/detecteurs-de-proximite\/detecteur-de-proximite-prl30-15ao-autonics\/#breadcrumb","itemListElement":[{"@type":"ListItem","position":1,"name":"Accueil","item":"https:\/\/www.radper.com\/en\/"},{"@type":"ListItem","position":2,"name":"Catalog","item":"https:\/\/www.radper.com\/en\/catalog\/"},{"@type":"ListItem","position":3,"name":"D\u00e9tecteur de proximit\u00e9 PRL30-15AO Autonics"}]},{"@type":"WebSite","@id":"https:\/\/www.radper.com\/en\/#website","url":"https:\/\/www.radper.com\/en\/","name":"Radper","description":"","publisher":{"@id":"https:\/\/www.radper.com\/en\/#organization"},"potentialAction":[{"@type":"SearchAction","target":{"@type":"EntryPoint","urlTemplate":"https:\/\/www.radper.com\/en\/?s={search_term_string}"},"query-input":{"@type":"PropertyValueSpecification","valueRequired":true,"valueName":"search_term_string"}}],"inLanguage":"en-US"},{"@type":"Organization","@id":"https:\/\/www.radper.com\/en\/#organization","name":"radper","url":"https:\/\/www.radper.com\/en\/","logo":{"@type":"ImageObject","inLanguage":"en-US","@id":"https:\/\/www.radper.com\/en\/#\/schema\/logo\/image\/","url":"https:\/\/radper.com\/wp-content\/uploads\/2021\/04\/logo-wide-11.png","contentUrl":"https:\/\/radper.com\/wp-content\/uploads\/2021\/04\/logo-wide-11.png","width":250,"height":110,"caption":"radper"},"image":{"@id":"https:\/\/www.radper.com\/en\/#\/schema\/logo\/image\/"}}]}},"_links":{"self":[{"href":"https:\/\/www.radper.com\/en\/wp-json\/wp\/v2\/product\/44421","targetHints":{"allow":["GET"]}}],"collection":[{"href":"https:\/\/www.radper.com\/en\/wp-json\/wp\/v2\/product"}],"about":[{"href":"https:\/\/www.radper.com\/en\/wp-json\/wp\/v2\/types\/product"}],"wp:featuredmedia":[{"embeddable":true,"href":"https:\/\/www.radper.com\/en\/wp-json\/wp\/v2\/media\/44422"}],"wp:attachment":[{"href":"https:\/\/www.radper.com\/en\/wp-json\/wp\/v2\/media?parent=44421"}],"wp:term":[{"taxonomy":"product_brand","embeddable":true,"href":"https:\/\/www.radper.com\/en\/wp-json\/wp\/v2\/product_brand?post=44421"},{"taxonomy":"product_cat","embeddable":true,"href":"https:\/\/www.radper.com\/en\/wp-json\/wp\/v2\/product_cat?post=44421"},{"taxonomy":"product_tag","embeddable":true,"href":"https:\/\/www.radper.com\/en\/wp-json\/wp\/v2\/product_tag?post=44421"}],"curies":[{"name":"wp","href":"https:\/\/api.w.org\/{rel}","templated":true}]}}