{"id":44457,"date":"2025-04-25T11:11:24","date_gmt":"2025-04-25T11:11:24","guid":{"rendered":"https:\/\/www.radper.com\/?post_type=product&#038;p=44457"},"modified":"2025-08-13T11:57:49","modified_gmt":"2025-08-13T11:57:49","slug":"cable-6xv1830-0eh10-profibus-fc-standard-siemens","status":"publish","type":"product","link":"https:\/\/www.radper.com\/en\/catalogs\/process-control\/industrial-communication\/cable-6xv1830-0eh10-profibus-fc-standard-siemens\/","title":{"rendered":"C\u00e2ble 6XV1830-0EH10 PROFIBUS FC Standard Siemens"},"content":{"rendered":"<p class=\"\" data-start=\"335\" data-end=\"620\"><strong>Le c\u00e2ble Siemens 6XV1830-0EH10 PROFIBUS FC Standard<\/strong> est un bus 2 fils blind\u00e9, con\u00e7u pour les installations permanentes n\u00e9cessitant une mise en \u0153uvre rapide. <strong>Vendu au m\u00e8tre<\/strong>, ce mod\u00e8le est id\u00e9al pour les r\u00e9seaux industriels PROFIBUS o\u00f9 la fiabilit\u00e9 et la compatibilit\u00e9 sont primordiales.<\/p>\n<p class=\"\" data-start=\"622\" data-end=\"835\">Ce c\u00e2ble est sp\u00e9cialement con\u00e7u pour un <strong>assemblage rapide<\/strong>, avec une isolation en PE et une gaine ext\u00e9rieure en PVC violette. Il permet un fonctionnement optimal jusqu\u2019\u00e0 75 \u00b0C, avec une imp\u00e9dance nominale de 150 \u2126.<\/p>\n<h3 class=\"\" data-start=\"1727\" data-end=\"1749\"><strong data-start=\"1731\" data-end=\"1747\">Applications<\/strong><\/h3>\n<ul data-start=\"1750\" data-end=\"1896\">\n<li class=\"\" data-start=\"1750\" data-end=\"1787\">\n<p class=\"\" data-start=\"1752\" data-end=\"1787\">R\u00e9seaux de communication PROFIBUS<\/p>\n<\/li>\n<li class=\"\" data-start=\"1788\" data-end=\"1831\">\n<p class=\"\" data-start=\"1790\" data-end=\"1831\">Installations industrielles permanentes<\/p>\n<\/li>\n<li class=\"\" data-start=\"1832\" data-end=\"1896\">\n<p class=\"\" data-start=\"1834\" data-end=\"1896\">Environnements n\u00e9cessitant une installation rapide et fiable<\/p>\n<\/li>\n<\/ul>\n<p class=\"\" data-start=\"347\" data-end=\"505\"><strong data-start=\"347\" data-end=\"385\">\u27a1\ufe0fCe c\u00e2ble est-il r\u00e9sistant aux UV ?<\/strong><br data-start=\"385\" data-end=\"388\" \/>Oui, il est con\u00e7u pour r\u00e9sister aux rayons UV, ce qui permet une utilisation en environnements ext\u00e9rieurs ou expos\u00e9s.<\/p>\n<p class=\"\" data-start=\"507\" data-end=\"574\"><strong data-start=\"507\" data-end=\"533\">\u27a1\ufe0fEst-il sans halog\u00e8ne ?<\/strong><br data-start=\"533\" data-end=\"536\" \/>Non, ce c\u00e2ble n\u2019est pas halog\u00e8ne-free.<\/p>\n<p class=\"\" data-start=\"576\" data-end=\"696\"><strong data-start=\"576\" data-end=\"608\">\u27a1\ufe0fEst-il r\u00e9sistant \u00e0 l\u2019huile ?<\/strong><br data-start=\"608\" data-end=\"611\" \/>Oui, il offre une bonne r\u00e9sistance aux huiles, conform\u00e9ment \u00e0 la norme IEC 60811-2-1.<\/p>\n<p class=\"\" data-start=\"698\" data-end=\"833\"><strong data-start=\"698\" data-end=\"750\">\u27a1\ufe0fCe c\u00e2ble est-il adapt\u00e9 aux installations fixes ?<\/strong><br data-start=\"750\" data-end=\"753\" \/>Oui, il a \u00e9t\u00e9 sp\u00e9cialement con\u00e7u pour une <strong data-start=\"795\" data-end=\"832\">installation rapide et permanente<\/strong>.<\/p>\n<p class=\"\" data-start=\"835\" data-end=\"1011\"><strong data-start=\"835\" data-end=\"893\">\u27a1\ufe0fPeut-on l\u2019utiliser dans des environnements exigeants ?<\/strong><br data-start=\"893\" data-end=\"896\" \/>Oui, il est adapt\u00e9 aux temp\u00e9ratures extr\u00eames (-40 \u00e0 +75 \u00b0C) et pr\u00e9sente une bonne r\u00e9sistance m\u00e9canique et chimique.<\/p>\n","protected":false},"excerpt":{"rendered":"<p>6XV1830-0EH10<\/p>\n","protected":false},"featured_media":44458,"template":"","meta":{"_acf_changed":false},"product_brand":[],"product_cat":[13379],"product_tag":[],"class_list":{"0":"post-44457","1":"product","2":"type-product","3":"status-publish","4":"has-post-thumbnail","6":"product_cat-industrial-communication","7":"pa_marque-siemens","9":"first","10":"instock","11":"taxable","12":"shipping-taxable","13":"purchasable","14":"product-type-simple"},"acf":[],"yoast_head":"<!-- This site is optimized with the Yoast SEO plugin v26.2 - https:\/\/yoast.com\/wordpress\/plugins\/seo\/ -->\n<title>C\u00e2ble 6XV1830-0EH10 PROFIBUS FC Standard Siemens - Radper<\/title>\n<meta name=\"description\" content=\"C\u00e2ble Siemens 6XV1830-0EH10 PROFIBUS blind\u00e9, vendu au m\u00e8tre. Accompagnement personnalis\u00e9 et solutions adapt\u00e9es avec Radper.\" \/>\n<meta name=\"robots\" content=\"index, follow, max-snippet:-1, max-image-preview:large, max-video-preview:-1\" \/>\n<link rel=\"canonical\" href=\"https:\/\/www.radper.com\/en\/catalogs\/process-control\/industrial-communication\/cable-6xv1830-0eh10-profibus-fc-standard-siemens\/\" \/>\n<meta property=\"og:locale\" content=\"en_US\" \/>\n<meta property=\"og:type\" content=\"article\" \/>\n<meta property=\"og:title\" content=\"C\u00e2ble 6XV1830-0EH10 PROFIBUS FC Standard Siemens - Radper\" \/>\n<meta property=\"og:description\" content=\"C\u00e2ble Siemens 6XV1830-0EH10 PROFIBUS blind\u00e9, vendu au m\u00e8tre. Accompagnement personnalis\u00e9 et solutions adapt\u00e9es avec Radper.\" \/>\n<meta property=\"og:url\" content=\"https:\/\/www.radper.com\/en\/catalogs\/process-control\/industrial-communication\/cable-6xv1830-0eh10-profibus-fc-standard-siemens\/\" \/>\n<meta property=\"og:site_name\" content=\"Radper\" \/>\n<meta property=\"article:modified_time\" content=\"2025-08-13T11:57:49+00:00\" \/>\n<meta property=\"og:image\" content=\"https:\/\/www.radper.com\/wp-content\/uploads\/2025\/04\/Untitled-design-26.png\" \/>\n\t<meta property=\"og:image:width\" content=\"600\" \/>\n\t<meta property=\"og:image:height\" content=\"600\" \/>\n\t<meta property=\"og:image:type\" content=\"image\/png\" \/>\n<meta name=\"twitter:card\" content=\"summary_large_image\" \/>\n<meta name=\"twitter:label1\" content=\"Est. reading time\" \/>\n\t<meta name=\"twitter:data1\" content=\"2 minutes\" \/>\n<script type=\"application\/ld+json\" class=\"yoast-schema-graph\">{\"@context\":\"https:\/\/schema.org\",\"@graph\":[{\"@type\":\"WebPage\",\"@id\":\"https:\/\/www.radper.com\/en\/catalogs\/process-control\/industrial-communication\/cable-6xv1830-0eh10-profibus-fc-standard-siemens\/\",\"url\":\"https:\/\/www.radper.com\/en\/catalogs\/process-control\/industrial-communication\/cable-6xv1830-0eh10-profibus-fc-standard-siemens\/\",\"name\":\"C\u00e2ble 6XV1830-0EH10 PROFIBUS FC Standard Siemens - Radper\",\"isPartOf\":{\"@id\":\"https:\/\/www.radper.com\/en\/#website\"},\"primaryImageOfPage\":{\"@id\":\"https:\/\/www.radper.com\/en\/catalogs\/process-control\/industrial-communication\/cable-6xv1830-0eh10-profibus-fc-standard-siemens\/#primaryimage\"},\"image\":{\"@id\":\"https:\/\/www.radper.com\/en\/catalogs\/process-control\/industrial-communication\/cable-6xv1830-0eh10-profibus-fc-standard-siemens\/#primaryimage\"},\"thumbnailUrl\":\"https:\/\/www.radper.com\/wp-content\/uploads\/2025\/04\/Untitled-design-26.png\",\"datePublished\":\"2025-04-25T11:11:24+00:00\",\"dateModified\":\"2025-08-13T11:57:49+00:00\",\"description\":\"C\u00e2ble Siemens 6XV1830-0EH10 PROFIBUS blind\u00e9, vendu au m\u00e8tre. Accompagnement personnalis\u00e9 et solutions adapt\u00e9es avec Radper.\",\"breadcrumb\":{\"@id\":\"https:\/\/www.radper.com\/en\/catalogs\/process-control\/industrial-communication\/cable-6xv1830-0eh10-profibus-fc-standard-siemens\/#breadcrumb\"},\"inLanguage\":\"en-US\",\"potentialAction\":[{\"@type\":\"ReadAction\",\"target\":[\"https:\/\/www.radper.com\/en\/catalogs\/process-control\/industrial-communication\/cable-6xv1830-0eh10-profibus-fc-standard-siemens\/\"]}]},{\"@type\":\"ImageObject\",\"inLanguage\":\"en-US\",\"@id\":\"https:\/\/www.radper.com\/en\/catalogs\/process-control\/industrial-communication\/cable-6xv1830-0eh10-profibus-fc-standard-siemens\/#primaryimage\",\"url\":\"https:\/\/www.radper.com\/wp-content\/uploads\/2025\/04\/Untitled-design-26.png\",\"contentUrl\":\"https:\/\/www.radper.com\/wp-content\/uploads\/2025\/04\/Untitled-design-26.png\",\"width\":600,\"height\":600},{\"@type\":\"BreadcrumbList\",\"@id\":\"https:\/\/www.radper.com\/en\/catalogs\/process-control\/industrial-communication\/cable-6xv1830-0eh10-profibus-fc-standard-siemens\/#breadcrumb\",\"itemListElement\":[{\"@type\":\"ListItem\",\"position\":1,\"name\":\"Accueil\",\"item\":\"https:\/\/www.radper.com\/en\/\"},{\"@type\":\"ListItem\",\"position\":2,\"name\":\"Catalog\",\"item\":\"https:\/\/www.radper.com\/en\/catalog\/\"},{\"@type\":\"ListItem\",\"position\":3,\"name\":\"C\u00e2ble 6XV1830-0EH10 PROFIBUS FC Standard Siemens\"}]},{\"@type\":\"WebSite\",\"@id\":\"https:\/\/www.radper.com\/en\/#website\",\"url\":\"https:\/\/www.radper.com\/en\/\",\"name\":\"Radper\",\"description\":\"\",\"publisher\":{\"@id\":\"https:\/\/www.radper.com\/en\/#organization\"},\"potentialAction\":[{\"@type\":\"SearchAction\",\"target\":{\"@type\":\"EntryPoint\",\"urlTemplate\":\"https:\/\/www.radper.com\/en\/?s={search_term_string}\"},\"query-input\":{\"@type\":\"PropertyValueSpecification\",\"valueRequired\":true,\"valueName\":\"search_term_string\"}}],\"inLanguage\":\"en-US\"},{\"@type\":\"Organization\",\"@id\":\"https:\/\/www.radper.com\/en\/#organization\",\"name\":\"radper\",\"url\":\"https:\/\/www.radper.com\/en\/\",\"logo\":{\"@type\":\"ImageObject\",\"inLanguage\":\"en-US\",\"@id\":\"https:\/\/www.radper.com\/en\/#\/schema\/logo\/image\/\",\"url\":\"https:\/\/radper.com\/wp-content\/uploads\/2021\/04\/logo-wide-11.png\",\"contentUrl\":\"https:\/\/radper.com\/wp-content\/uploads\/2021\/04\/logo-wide-11.png\",\"width\":250,\"height\":110,\"caption\":\"radper\"},\"image\":{\"@id\":\"https:\/\/www.radper.com\/en\/#\/schema\/logo\/image\/\"}}]}<\/script>\n<!-- \/ Yoast SEO plugin. -->","yoast_head_json":{"title":"C\u00e2ble 6XV1830-0EH10 PROFIBUS FC Standard Siemens - Radper","description":"C\u00e2ble Siemens 6XV1830-0EH10 PROFIBUS blind\u00e9, vendu au m\u00e8tre. Accompagnement personnalis\u00e9 et solutions adapt\u00e9es avec Radper.","robots":{"index":"index","follow":"follow","max-snippet":"max-snippet:-1","max-image-preview":"max-image-preview:large","max-video-preview":"max-video-preview:-1"},"canonical":"https:\/\/www.radper.com\/en\/catalogs\/process-control\/industrial-communication\/cable-6xv1830-0eh10-profibus-fc-standard-siemens\/","og_locale":"en_US","og_type":"article","og_title":"C\u00e2ble 6XV1830-0EH10 PROFIBUS FC Standard Siemens - Radper","og_description":"C\u00e2ble Siemens 6XV1830-0EH10 PROFIBUS blind\u00e9, vendu au m\u00e8tre. Accompagnement personnalis\u00e9 et solutions adapt\u00e9es avec Radper.","og_url":"https:\/\/www.radper.com\/en\/catalogs\/process-control\/industrial-communication\/cable-6xv1830-0eh10-profibus-fc-standard-siemens\/","og_site_name":"Radper","article_modified_time":"2025-08-13T11:57:49+00:00","og_image":[{"width":600,"height":600,"url":"https:\/\/www.radper.com\/wp-content\/uploads\/2025\/04\/Untitled-design-26.png","type":"image\/png"}],"twitter_card":"summary_large_image","twitter_misc":{"Est. reading time":"2 minutes"},"schema":{"@context":"https:\/\/schema.org","@graph":[{"@type":"WebPage","@id":"https:\/\/www.radper.com\/en\/catalogs\/process-control\/industrial-communication\/cable-6xv1830-0eh10-profibus-fc-standard-siemens\/","url":"https:\/\/www.radper.com\/en\/catalogs\/process-control\/industrial-communication\/cable-6xv1830-0eh10-profibus-fc-standard-siemens\/","name":"C\u00e2ble 6XV1830-0EH10 PROFIBUS FC Standard Siemens - Radper","isPartOf":{"@id":"https:\/\/www.radper.com\/en\/#website"},"primaryImageOfPage":{"@id":"https:\/\/www.radper.com\/en\/catalogs\/process-control\/industrial-communication\/cable-6xv1830-0eh10-profibus-fc-standard-siemens\/#primaryimage"},"image":{"@id":"https:\/\/www.radper.com\/en\/catalogs\/process-control\/industrial-communication\/cable-6xv1830-0eh10-profibus-fc-standard-siemens\/#primaryimage"},"thumbnailUrl":"https:\/\/www.radper.com\/wp-content\/uploads\/2025\/04\/Untitled-design-26.png","datePublished":"2025-04-25T11:11:24+00:00","dateModified":"2025-08-13T11:57:49+00:00","description":"C\u00e2ble Siemens 6XV1830-0EH10 PROFIBUS blind\u00e9, vendu au m\u00e8tre. Accompagnement personnalis\u00e9 et solutions adapt\u00e9es avec Radper.","breadcrumb":{"@id":"https:\/\/www.radper.com\/en\/catalogs\/process-control\/industrial-communication\/cable-6xv1830-0eh10-profibus-fc-standard-siemens\/#breadcrumb"},"inLanguage":"en-US","potentialAction":[{"@type":"ReadAction","target":["https:\/\/www.radper.com\/en\/catalogs\/process-control\/industrial-communication\/cable-6xv1830-0eh10-profibus-fc-standard-siemens\/"]}]},{"@type":"ImageObject","inLanguage":"en-US","@id":"https:\/\/www.radper.com\/en\/catalogs\/process-control\/industrial-communication\/cable-6xv1830-0eh10-profibus-fc-standard-siemens\/#primaryimage","url":"https:\/\/www.radper.com\/wp-content\/uploads\/2025\/04\/Untitled-design-26.png","contentUrl":"https:\/\/www.radper.com\/wp-content\/uploads\/2025\/04\/Untitled-design-26.png","width":600,"height":600},{"@type":"BreadcrumbList","@id":"https:\/\/www.radper.com\/en\/catalogs\/process-control\/industrial-communication\/cable-6xv1830-0eh10-profibus-fc-standard-siemens\/#breadcrumb","itemListElement":[{"@type":"ListItem","position":1,"name":"Accueil","item":"https:\/\/www.radper.com\/en\/"},{"@type":"ListItem","position":2,"name":"Catalog","item":"https:\/\/www.radper.com\/en\/catalog\/"},{"@type":"ListItem","position":3,"name":"C\u00e2ble 6XV1830-0EH10 PROFIBUS FC Standard Siemens"}]},{"@type":"WebSite","@id":"https:\/\/www.radper.com\/en\/#website","url":"https:\/\/www.radper.com\/en\/","name":"Radper","description":"","publisher":{"@id":"https:\/\/www.radper.com\/en\/#organization"},"potentialAction":[{"@type":"SearchAction","target":{"@type":"EntryPoint","urlTemplate":"https:\/\/www.radper.com\/en\/?s={search_term_string}"},"query-input":{"@type":"PropertyValueSpecification","valueRequired":true,"valueName":"search_term_string"}}],"inLanguage":"en-US"},{"@type":"Organization","@id":"https:\/\/www.radper.com\/en\/#organization","name":"radper","url":"https:\/\/www.radper.com\/en\/","logo":{"@type":"ImageObject","inLanguage":"en-US","@id":"https:\/\/www.radper.com\/en\/#\/schema\/logo\/image\/","url":"https:\/\/radper.com\/wp-content\/uploads\/2021\/04\/logo-wide-11.png","contentUrl":"https:\/\/radper.com\/wp-content\/uploads\/2021\/04\/logo-wide-11.png","width":250,"height":110,"caption":"radper"},"image":{"@id":"https:\/\/www.radper.com\/en\/#\/schema\/logo\/image\/"}}]}},"_links":{"self":[{"href":"https:\/\/www.radper.com\/en\/wp-json\/wp\/v2\/product\/44457","targetHints":{"allow":["GET"]}}],"collection":[{"href":"https:\/\/www.radper.com\/en\/wp-json\/wp\/v2\/product"}],"about":[{"href":"https:\/\/www.radper.com\/en\/wp-json\/wp\/v2\/types\/product"}],"wp:featuredmedia":[{"embeddable":true,"href":"https:\/\/www.radper.com\/en\/wp-json\/wp\/v2\/media\/44458"}],"wp:attachment":[{"href":"https:\/\/www.radper.com\/en\/wp-json\/wp\/v2\/media?parent=44457"}],"wp:term":[{"taxonomy":"product_brand","embeddable":true,"href":"https:\/\/www.radper.com\/en\/wp-json\/wp\/v2\/product_brand?post=44457"},{"taxonomy":"product_cat","embeddable":true,"href":"https:\/\/www.radper.com\/en\/wp-json\/wp\/v2\/product_cat?post=44457"},{"taxonomy":"product_tag","embeddable":true,"href":"https:\/\/www.radper.com\/en\/wp-json\/wp\/v2\/product_tag?post=44457"}],"curies":[{"name":"wp","href":"https:\/\/api.w.org\/{rel}","templated":true}]}}