{"id":45016,"date":"2025-08-05T12:26:25","date_gmt":"2025-08-05T12:26:25","guid":{"rendered":"https:\/\/www.radper.com\/?post_type=product&#038;p=45016"},"modified":"2025-08-05T12:26:28","modified_gmt":"2025-08-05T12:26:28","slug":"kit-blindage-s7-1500-6es7590-5ca00-0aa0-siemens","status":"publish","type":"product","link":"https:\/\/www.radper.com\/en\/catalogs\/controle-de-process\/automates-programmables\/kit-blindage-s7-1500-6es7590-5ca00-0aa0-siemens\/","title":{"rendered":"Kit blindage S7-1500 \u2013 6ES7590-5CA00-0AA0 Siemens"},"content":{"rendered":"<h2 data-start=\"441\" data-end=\"463\">Kit de blindage Siemens 6ES7590-5CA00-0AA0 \u2013 pour modules S7-1500<\/h2>\n<p data-start=\"465\" data-end=\"605\">Le kit de blindage Siemens 6ES7590-5CA00-0AA0 est une pi\u00e8ce de rechange con\u00e7ue pour les automates SIMATIC S7-1500. Ce kit complet comprend :<\/p>\n<ul data-start=\"607\" data-end=\"714\">\n<li data-start=\"607\" data-end=\"632\">\n<p data-start=\"609\" data-end=\"632\">Une borne de blindage<\/p>\n<\/li>\n<li data-start=\"633\" data-end=\"658\">\n<p data-start=\"635\" data-end=\"658\">Un \u00e9trier de blindage<\/p>\n<\/li>\n<li data-start=\"659\" data-end=\"714\">\n<p data-start=\"661\" data-end=\"714\">Un \u00e9l\u00e9ment d\u2019alimentation 24 V CC avec bornes \u00e0 vis<\/p>\n<\/li>\n<\/ul>\n<p data-start=\"716\" data-end=\"1056\">Il est sp\u00e9cialement adapt\u00e9 aux modules analogiques et technologiques du S7-1500, et convient \u00e0 tous les connecteurs frontaux de 35 mm de largeur. Cette solution de blindage contribue \u00e0 am\u00e9liorer la protection contre les interf\u00e9rences \u00e9lectromagn\u00e9tiques (CEM) et garantit la fiabilit\u00e9 du signal dans les environnements industriels exigeants.<\/p>\n<h3 data-start=\"1456\" data-end=\"1474\">Applications<\/h3>\n<p data-start=\"1475\" data-end=\"1684\">Ce kit est essentiel pour assurer une continuit\u00e9 de performance et de s\u00e9curit\u00e9 dans les installations automatis\u00e9es, notamment dans les environnements industriels sensibles aux perturbations \u00e9lectromagn\u00e9tiques.<\/p>\n<p data-start=\"1475\" data-end=\"1684\"><strong data-start=\"3720\" data-end=\"3766\">\u27a1\ufe0f Proposez-vous des devis personnalis\u00e9s ?<\/strong><br data-start=\"3766\" data-end=\"3769\" \/>Oui, Radper vous offre des devis gratuits sur mesure.<br data-start=\"3822\" data-end=\"3825\" \/><a class=\"cursor-pointer\" href=\"https:\/\/www.radper.com\/fr\/demande-de-devis\/\" target=\"_new\" rel=\"noopener\" data-start=\"3828\" data-end=\"3881\">\u27a4 Demander un devis ici<\/a><\/p>\n","protected":false},"excerpt":{"rendered":"<p>6ES7590-5CA00-0AA0<\/p>\n","protected":false},"featured_media":45017,"template":"","meta":{"_acf_changed":false},"product_brand":[],"product_cat":[1200],"product_tag":[],"class_list":{"0":"post-45016","1":"product","2":"type-product","3":"status-publish","4":"has-post-thumbnail","6":"product_cat-automates-programmables","7":"pa_marque-siemens","9":"first","10":"instock","11":"taxable","12":"shipping-taxable","13":"purchasable","14":"product-type-simple"},"acf":[],"yoast_head":"<!-- This site is optimized with the Yoast SEO plugin v26.2 - https:\/\/yoast.com\/wordpress\/plugins\/seo\/ -->\n<title>Kit blindage S7-1500 \u2013 6ES7590-5CA00-0AA0 Siemens - Radper<\/title>\n<meta name=\"description\" content=\"Kit de blindage Siemens S7-1500 avec borne, \u00e9trier et alim 24V. Compatible modules 35 mm. 6ES7590-5CA00-0AA0. Devis personnalis\u00e9 via Radper.\" \/>\n<meta name=\"robots\" content=\"index, follow, max-snippet:-1, max-image-preview:large, max-video-preview:-1\" \/>\n<link rel=\"canonical\" href=\"https:\/\/www.radper.com\/en\/catalogs\/controle-de-process\/automates-programmables\/kit-blindage-s7-1500-6es7590-5ca00-0aa0-siemens\/\" \/>\n<meta property=\"og:locale\" content=\"en_US\" \/>\n<meta property=\"og:type\" content=\"article\" \/>\n<meta property=\"og:title\" content=\"Kit blindage S7-1500 \u2013 6ES7590-5CA00-0AA0 Siemens - Radper\" \/>\n<meta property=\"og:description\" content=\"Kit de blindage Siemens S7-1500 avec borne, \u00e9trier et alim 24V. Compatible modules 35 mm. 6ES7590-5CA00-0AA0. Devis personnalis\u00e9 via Radper.\" \/>\n<meta property=\"og:url\" content=\"https:\/\/www.radper.com\/en\/catalogs\/controle-de-process\/automates-programmables\/kit-blindage-s7-1500-6es7590-5ca00-0aa0-siemens\/\" \/>\n<meta property=\"og:site_name\" content=\"Radper\" \/>\n<meta property=\"article:modified_time\" content=\"2025-08-05T12:26:28+00:00\" \/>\n<meta property=\"og:image\" content=\"https:\/\/www.radper.com\/wp-content\/uploads\/2025\/08\/6ES7590-5CA00-0AA0-Siemens.png\" \/>\n\t<meta property=\"og:image:width\" content=\"600\" \/>\n\t<meta property=\"og:image:height\" content=\"600\" \/>\n\t<meta property=\"og:image:type\" content=\"image\/png\" \/>\n<meta name=\"twitter:card\" content=\"summary_large_image\" \/>\n<meta name=\"twitter:label1\" content=\"Est. reading time\" \/>\n\t<meta name=\"twitter:data1\" content=\"1 minute\" \/>\n<script type=\"application\/ld+json\" class=\"yoast-schema-graph\">{\"@context\":\"https:\/\/schema.org\",\"@graph\":[{\"@type\":\"WebPage\",\"@id\":\"https:\/\/www.radper.com\/en\/catalogs\/controle-de-process\/automates-programmables\/kit-blindage-s7-1500-6es7590-5ca00-0aa0-siemens\/\",\"url\":\"https:\/\/www.radper.com\/en\/catalogs\/controle-de-process\/automates-programmables\/kit-blindage-s7-1500-6es7590-5ca00-0aa0-siemens\/\",\"name\":\"Kit blindage S7-1500 \u2013 6ES7590-5CA00-0AA0 Siemens - Radper\",\"isPartOf\":{\"@id\":\"https:\/\/www.radper.com\/en\/#website\"},\"primaryImageOfPage\":{\"@id\":\"https:\/\/www.radper.com\/en\/catalogs\/controle-de-process\/automates-programmables\/kit-blindage-s7-1500-6es7590-5ca00-0aa0-siemens\/#primaryimage\"},\"image\":{\"@id\":\"https:\/\/www.radper.com\/en\/catalogs\/controle-de-process\/automates-programmables\/kit-blindage-s7-1500-6es7590-5ca00-0aa0-siemens\/#primaryimage\"},\"thumbnailUrl\":\"https:\/\/www.radper.com\/wp-content\/uploads\/2025\/08\/6ES7590-5CA00-0AA0-Siemens.png\",\"datePublished\":\"2025-08-05T12:26:25+00:00\",\"dateModified\":\"2025-08-05T12:26:28+00:00\",\"description\":\"Kit de blindage Siemens S7-1500 avec borne, \u00e9trier et alim 24V. Compatible modules 35 mm. 6ES7590-5CA00-0AA0. Devis personnalis\u00e9 via Radper.\",\"breadcrumb\":{\"@id\":\"https:\/\/www.radper.com\/en\/catalogs\/controle-de-process\/automates-programmables\/kit-blindage-s7-1500-6es7590-5ca00-0aa0-siemens\/#breadcrumb\"},\"inLanguage\":\"en-US\",\"potentialAction\":[{\"@type\":\"ReadAction\",\"target\":[\"https:\/\/www.radper.com\/en\/catalogs\/controle-de-process\/automates-programmables\/kit-blindage-s7-1500-6es7590-5ca00-0aa0-siemens\/\"]}]},{\"@type\":\"ImageObject\",\"inLanguage\":\"en-US\",\"@id\":\"https:\/\/www.radper.com\/en\/catalogs\/controle-de-process\/automates-programmables\/kit-blindage-s7-1500-6es7590-5ca00-0aa0-siemens\/#primaryimage\",\"url\":\"https:\/\/www.radper.com\/wp-content\/uploads\/2025\/08\/6ES7590-5CA00-0AA0-Siemens.png\",\"contentUrl\":\"https:\/\/www.radper.com\/wp-content\/uploads\/2025\/08\/6ES7590-5CA00-0AA0-Siemens.png\",\"width\":600,\"height\":600},{\"@type\":\"BreadcrumbList\",\"@id\":\"https:\/\/www.radper.com\/en\/catalogs\/controle-de-process\/automates-programmables\/kit-blindage-s7-1500-6es7590-5ca00-0aa0-siemens\/#breadcrumb\",\"itemListElement\":[{\"@type\":\"ListItem\",\"position\":1,\"name\":\"Accueil\",\"item\":\"https:\/\/www.radper.com\/en\/\"},{\"@type\":\"ListItem\",\"position\":2,\"name\":\"Catalog\",\"item\":\"https:\/\/www.radper.com\/en\/catalog\/\"},{\"@type\":\"ListItem\",\"position\":3,\"name\":\"Kit blindage S7-1500 \u2013 6ES7590-5CA00-0AA0 Siemens\"}]},{\"@type\":\"WebSite\",\"@id\":\"https:\/\/www.radper.com\/en\/#website\",\"url\":\"https:\/\/www.radper.com\/en\/\",\"name\":\"Radper\",\"description\":\"\",\"publisher\":{\"@id\":\"https:\/\/www.radper.com\/en\/#organization\"},\"potentialAction\":[{\"@type\":\"SearchAction\",\"target\":{\"@type\":\"EntryPoint\",\"urlTemplate\":\"https:\/\/www.radper.com\/en\/?s={search_term_string}\"},\"query-input\":{\"@type\":\"PropertyValueSpecification\",\"valueRequired\":true,\"valueName\":\"search_term_string\"}}],\"inLanguage\":\"en-US\"},{\"@type\":\"Organization\",\"@id\":\"https:\/\/www.radper.com\/en\/#organization\",\"name\":\"radper\",\"url\":\"https:\/\/www.radper.com\/en\/\",\"logo\":{\"@type\":\"ImageObject\",\"inLanguage\":\"en-US\",\"@id\":\"https:\/\/www.radper.com\/en\/#\/schema\/logo\/image\/\",\"url\":\"https:\/\/radper.com\/wp-content\/uploads\/2021\/04\/logo-wide-11.png\",\"contentUrl\":\"https:\/\/radper.com\/wp-content\/uploads\/2021\/04\/logo-wide-11.png\",\"width\":250,\"height\":110,\"caption\":\"radper\"},\"image\":{\"@id\":\"https:\/\/www.radper.com\/en\/#\/schema\/logo\/image\/\"}}]}<\/script>\n<!-- \/ Yoast SEO plugin. -->","yoast_head_json":{"title":"Kit blindage S7-1500 \u2013 6ES7590-5CA00-0AA0 Siemens - Radper","description":"Kit de blindage Siemens S7-1500 avec borne, \u00e9trier et alim 24V. Compatible modules 35 mm. 6ES7590-5CA00-0AA0. Devis personnalis\u00e9 via Radper.","robots":{"index":"index","follow":"follow","max-snippet":"max-snippet:-1","max-image-preview":"max-image-preview:large","max-video-preview":"max-video-preview:-1"},"canonical":"https:\/\/www.radper.com\/en\/catalogs\/controle-de-process\/automates-programmables\/kit-blindage-s7-1500-6es7590-5ca00-0aa0-siemens\/","og_locale":"en_US","og_type":"article","og_title":"Kit blindage S7-1500 \u2013 6ES7590-5CA00-0AA0 Siemens - Radper","og_description":"Kit de blindage Siemens S7-1500 avec borne, \u00e9trier et alim 24V. Compatible modules 35 mm. 6ES7590-5CA00-0AA0. Devis personnalis\u00e9 via Radper.","og_url":"https:\/\/www.radper.com\/en\/catalogs\/controle-de-process\/automates-programmables\/kit-blindage-s7-1500-6es7590-5ca00-0aa0-siemens\/","og_site_name":"Radper","article_modified_time":"2025-08-05T12:26:28+00:00","og_image":[{"width":600,"height":600,"url":"https:\/\/www.radper.com\/wp-content\/uploads\/2025\/08\/6ES7590-5CA00-0AA0-Siemens.png","type":"image\/png"}],"twitter_card":"summary_large_image","twitter_misc":{"Est. reading time":"1 minute"},"schema":{"@context":"https:\/\/schema.org","@graph":[{"@type":"WebPage","@id":"https:\/\/www.radper.com\/en\/catalogs\/controle-de-process\/automates-programmables\/kit-blindage-s7-1500-6es7590-5ca00-0aa0-siemens\/","url":"https:\/\/www.radper.com\/en\/catalogs\/controle-de-process\/automates-programmables\/kit-blindage-s7-1500-6es7590-5ca00-0aa0-siemens\/","name":"Kit blindage S7-1500 \u2013 6ES7590-5CA00-0AA0 Siemens - Radper","isPartOf":{"@id":"https:\/\/www.radper.com\/en\/#website"},"primaryImageOfPage":{"@id":"https:\/\/www.radper.com\/en\/catalogs\/controle-de-process\/automates-programmables\/kit-blindage-s7-1500-6es7590-5ca00-0aa0-siemens\/#primaryimage"},"image":{"@id":"https:\/\/www.radper.com\/en\/catalogs\/controle-de-process\/automates-programmables\/kit-blindage-s7-1500-6es7590-5ca00-0aa0-siemens\/#primaryimage"},"thumbnailUrl":"https:\/\/www.radper.com\/wp-content\/uploads\/2025\/08\/6ES7590-5CA00-0AA0-Siemens.png","datePublished":"2025-08-05T12:26:25+00:00","dateModified":"2025-08-05T12:26:28+00:00","description":"Kit de blindage Siemens S7-1500 avec borne, \u00e9trier et alim 24V. Compatible modules 35 mm. 6ES7590-5CA00-0AA0. Devis personnalis\u00e9 via Radper.","breadcrumb":{"@id":"https:\/\/www.radper.com\/en\/catalogs\/controle-de-process\/automates-programmables\/kit-blindage-s7-1500-6es7590-5ca00-0aa0-siemens\/#breadcrumb"},"inLanguage":"en-US","potentialAction":[{"@type":"ReadAction","target":["https:\/\/www.radper.com\/en\/catalogs\/controle-de-process\/automates-programmables\/kit-blindage-s7-1500-6es7590-5ca00-0aa0-siemens\/"]}]},{"@type":"ImageObject","inLanguage":"en-US","@id":"https:\/\/www.radper.com\/en\/catalogs\/controle-de-process\/automates-programmables\/kit-blindage-s7-1500-6es7590-5ca00-0aa0-siemens\/#primaryimage","url":"https:\/\/www.radper.com\/wp-content\/uploads\/2025\/08\/6ES7590-5CA00-0AA0-Siemens.png","contentUrl":"https:\/\/www.radper.com\/wp-content\/uploads\/2025\/08\/6ES7590-5CA00-0AA0-Siemens.png","width":600,"height":600},{"@type":"BreadcrumbList","@id":"https:\/\/www.radper.com\/en\/catalogs\/controle-de-process\/automates-programmables\/kit-blindage-s7-1500-6es7590-5ca00-0aa0-siemens\/#breadcrumb","itemListElement":[{"@type":"ListItem","position":1,"name":"Accueil","item":"https:\/\/www.radper.com\/en\/"},{"@type":"ListItem","position":2,"name":"Catalog","item":"https:\/\/www.radper.com\/en\/catalog\/"},{"@type":"ListItem","position":3,"name":"Kit blindage S7-1500 \u2013 6ES7590-5CA00-0AA0 Siemens"}]},{"@type":"WebSite","@id":"https:\/\/www.radper.com\/en\/#website","url":"https:\/\/www.radper.com\/en\/","name":"Radper","description":"","publisher":{"@id":"https:\/\/www.radper.com\/en\/#organization"},"potentialAction":[{"@type":"SearchAction","target":{"@type":"EntryPoint","urlTemplate":"https:\/\/www.radper.com\/en\/?s={search_term_string}"},"query-input":{"@type":"PropertyValueSpecification","valueRequired":true,"valueName":"search_term_string"}}],"inLanguage":"en-US"},{"@type":"Organization","@id":"https:\/\/www.radper.com\/en\/#organization","name":"radper","url":"https:\/\/www.radper.com\/en\/","logo":{"@type":"ImageObject","inLanguage":"en-US","@id":"https:\/\/www.radper.com\/en\/#\/schema\/logo\/image\/","url":"https:\/\/radper.com\/wp-content\/uploads\/2021\/04\/logo-wide-11.png","contentUrl":"https:\/\/radper.com\/wp-content\/uploads\/2021\/04\/logo-wide-11.png","width":250,"height":110,"caption":"radper"},"image":{"@id":"https:\/\/www.radper.com\/en\/#\/schema\/logo\/image\/"}}]}},"_links":{"self":[{"href":"https:\/\/www.radper.com\/en\/wp-json\/wp\/v2\/product\/45016","targetHints":{"allow":["GET"]}}],"collection":[{"href":"https:\/\/www.radper.com\/en\/wp-json\/wp\/v2\/product"}],"about":[{"href":"https:\/\/www.radper.com\/en\/wp-json\/wp\/v2\/types\/product"}],"wp:featuredmedia":[{"embeddable":true,"href":"https:\/\/www.radper.com\/en\/wp-json\/wp\/v2\/media\/45017"}],"wp:attachment":[{"href":"https:\/\/www.radper.com\/en\/wp-json\/wp\/v2\/media?parent=45016"}],"wp:term":[{"taxonomy":"product_brand","embeddable":true,"href":"https:\/\/www.radper.com\/en\/wp-json\/wp\/v2\/product_brand?post=45016"},{"taxonomy":"product_cat","embeddable":true,"href":"https:\/\/www.radper.com\/en\/wp-json\/wp\/v2\/product_cat?post=45016"},{"taxonomy":"product_tag","embeddable":true,"href":"https:\/\/www.radper.com\/en\/wp-json\/wp\/v2\/product_tag?post=45016"}],"curies":[{"name":"wp","href":"https:\/\/api.w.org\/{rel}","templated":true}]}}