{"id":45136,"date":"2025-08-18T11:49:41","date_gmt":"2025-08-18T11:49:41","guid":{"rendered":"https:\/\/www.radper.com\/?post_type=product&#038;p=45136"},"modified":"2025-08-18T11:49:44","modified_gmt":"2025-08-18T11:49:44","slug":"contacteur-lc1d09p7-tesys-034890-schneider-electric","status":"publish","type":"product","link":"https:\/\/www.radper.com\/en\/catalogs\/materiel-electrique\/contacteur-2\/contacteur-lc1d09p7-tesys-034890-schneider-electric\/","title":{"rendered":"Contacteur LC1D09P7 TESYS-034890 Schneider Electric"},"content":{"rendered":"<h2 data-start=\"420\" data-end=\"508\"><strong data-start=\"423\" data-end=\"508\">LC1D09P7 TESYS-034890 \u2013 Contacteur tripolaire 9A AC-3 bobine 230V \u2013 D Schneider Electric<\/strong><\/h2>\n<p>Le <strong data-start=\"332\" data-end=\"355\">contacteur LC1D09P7<\/strong> de la gamme <strong data-start=\"368\" data-end=\"379\">TeSys D<\/strong> de <strong data-start=\"383\" data-end=\"405\">Schneider Electric<\/strong> est un <strong data-start=\"413\" data-end=\"438\">contacteur tripolaire<\/strong> con\u00e7u pour la <strong data-start=\"453\" data-end=\"496\">commande fiable des moteurs asynchrones<\/strong> dans des environnements industriels ou tertiaires. Il est destin\u00e9 aux applications en courant alternatif jusqu\u2019\u00e0 <strong data-start=\"610\" data-end=\"619\">440 V<\/strong>, avec un <strong data-start=\"629\" data-end=\"655\">courant assign\u00e9 de 9 A<\/strong> en AC-3. La commande est assur\u00e9e via une <strong data-start=\"697\" data-end=\"716\">bobine 230 V CA<\/strong> et des <strong data-start=\"724\" data-end=\"771\">contacts auxiliaires int\u00e9gr\u00e9s (1 NO + 1 NF)<\/strong>. Robuste, pr\u00e9cis et compact, il garantit une <strong data-start=\"817\" data-end=\"840\">dur\u00e9e de vie \u00e9lev\u00e9e<\/strong> (jusqu\u2019\u00e0 2 millions de cycles \u00e9lectriques), tout en s\u2019adaptant \u00e0 divers supports de montage.<\/p>\n<h3 data-start=\"940\" data-end=\"968\"><strong data-start=\"944\" data-end=\"968\">Avantages principaux du contacteur LC1D09P7\u00a0<\/strong><\/h3>\n<ul data-start=\"970\" data-end=\"1380\">\n<li data-start=\"970\" data-end=\"1027\">\n<p data-start=\"972\" data-end=\"1027\"><strong data-start=\"972\" data-end=\"1027\">Commande efficace de moteurs jusqu\u2019\u00e0 5,5 kW (690 V)<\/strong><\/p>\n<\/li>\n<li data-start=\"1028\" data-end=\"1085\">\n<p data-start=\"1030\" data-end=\"1085\"><strong data-start=\"1030\" data-end=\"1068\">Compatible AC-1, AC-3, AC-3e, AC-4<\/strong>, selon IEC 60947<\/p>\n<\/li>\n<li data-start=\"1086\" data-end=\"1129\">\n<p data-start=\"1088\" data-end=\"1129\"><strong data-start=\"1088\" data-end=\"1129\">Courant assign\u00e9 de 9 A \u00e0 440 V (AC-3)<\/strong><\/p>\n<\/li>\n<li data-start=\"1130\" data-end=\"1190\">\n<p data-start=\"1132\" data-end=\"1190\"><strong data-start=\"1132\" data-end=\"1160\">Bobine 230 V CA 50\/60 Hz<\/strong>, sans module d&#8217;antiparasitage<\/p>\n<\/li>\n<li data-start=\"1191\" data-end=\"1259\">\n<p data-start=\"1193\" data-end=\"1259\"><strong data-start=\"1193\" data-end=\"1226\">Contacts auxiliaires int\u00e9gr\u00e9s<\/strong> : 1 NO + 1 NF m\u00e9caniquement li\u00e9s<\/p>\n<\/li>\n<li data-start=\"1260\" data-end=\"1312\">\n<p data-start=\"1262\" data-end=\"1312\"><strong data-start=\"1262\" data-end=\"1312\">Dur\u00e9e de vie m\u00e9canique : 15 millions de cycles<\/strong><\/p>\n<\/li>\n<li data-start=\"1313\" data-end=\"1380\">\n<p data-start=\"1315\" data-end=\"1380\"><strong data-start=\"1315\" data-end=\"1350\">Montage sur rail DIN ou platine<\/strong> \u2013 encombrement r\u00e9duit : 45 mm<\/p>\n<\/li>\n<\/ul>\n<h3 data-start=\"1387\" data-end=\"1409\"><strong data-start=\"1391\" data-end=\"1409\">Fonctionnement<\/strong><\/h3>\n<p data-start=\"1411\" data-end=\"1880\">Le LC1D09P7 commande l\u2019alimentation des moteurs en coupant ou fermant un <strong data-start=\"1484\" data-end=\"1508\">circuit de puissance<\/strong> via ses 3 p\u00f4les <strong data-start=\"1525\" data-end=\"1553\">NO (Normalement Ouverts)<\/strong>. Sa <strong data-start=\"1558\" data-end=\"1577\">bobine 230 V CA<\/strong> permet de contr\u00f4ler le contacteur \u00e0 distance ou via automate. Il est \u00e9galement \u00e9quip\u00e9 de <strong data-start=\"1667\" data-end=\"1691\">contacts auxiliaires<\/strong> pour les fonctions de signalisation et de retour d\u2019\u00e9tat. Gr\u00e2ce \u00e0 sa <strong data-start=\"1760\" data-end=\"1812\">technologie sans module d&#8217;antiparasitage int\u00e9gr\u00e9<\/strong>, il est adapt\u00e9 aux environnements \u00e0 haute fr\u00e9quence de commutation.<\/p>\n<h3 data-start=\"630\" data-end=\"680\"><strong data-start=\"637\" data-end=\"680\">Engagement environnemental &amp; durabilit\u00e9<\/strong><\/h3>\n<p data-start=\"682\" data-end=\"1047\">Schneider Electric inscrit le <strong data-start=\"712\" data-end=\"724\">LC1D09P7<\/strong> dans une d\u00e9marche \u00e9coresponsable forte, soutenue par son objectif de <strong data-start=\"794\" data-end=\"833\">neutralit\u00e9 carbone \u00e0 l\u2019horizon 2050<\/strong>. Ce contacteur b\u00e9n\u00e9ficie d\u2019une <strong data-start=\"865\" data-end=\"903\">empreinte carbone tr\u00e8s faible (19)<\/strong> sur l\u2019ensemble de son cycle de vie, valid\u00e9e par un <strong data-start=\"955\" data-end=\"995\">Profil Environnemental Produit (PEP)<\/strong> d\u00e9taill\u00e9 et conforme aux exigences internationales.<\/p>\n<p data-start=\"1049\" data-end=\"1335\">Le produit est <strong data-start=\"1064\" data-end=\"1107\">conforme \u00e0 la directive europ\u00e9enne RoHS<\/strong> (Restriction of Hazardous Substances), garantissant l\u2019absence de substances nocives, et respecte \u00e9galement le <strong data-start=\"1218\" data-end=\"1237\">r\u00e8glement REACh<\/strong>. Il est <strong data-start=\"1246\" data-end=\"1258\">sans PVC<\/strong>, ce qui le rend plus s\u00fbr pour l\u2019environnement et plus facilement recyclable.<\/p>\n<p data-start=\"1337\" data-end=\"1396\">C\u00f4t\u00e9 emballage, Schneider privil\u00e9gie une approche durable :<\/p>\n<ul data-start=\"1397\" data-end=\"1587\">\n<li data-start=\"1397\" data-end=\"1457\">\n<p data-start=\"1399\" data-end=\"1457\">Utilisation de <strong data-start=\"1414\" data-end=\"1432\">carton recycl\u00e9<\/strong> pour limiter les d\u00e9chets<\/p>\n<\/li>\n<li data-start=\"1458\" data-end=\"1511\">\n<p data-start=\"1460\" data-end=\"1511\"><strong data-start=\"1460\" data-end=\"1479\">Aucun plastique<\/strong> \u00e0 usage unique dans l&#8217;emballage<\/p>\n<\/li>\n<li data-start=\"1512\" data-end=\"1587\">\n<p data-start=\"1514\" data-end=\"1587\"><strong data-start=\"1514\" data-end=\"1544\">R\u00e9utilisable et r\u00e9usinable<\/strong>, selon les principes d\u2019\u00e9conomie circulaire<\/p>\n<\/li>\n<\/ul>\n<p data-start=\"1589\" data-end=\"1771\">Enfin, le contacteur est <strong data-start=\"1614\" data-end=\"1640\">conforme au label WEEE<\/strong>, ce qui signifie qu\u2019il doit \u00eatre recycl\u00e9 selon un circuit sp\u00e9cifique, sans jamais \u00eatre jet\u00e9 dans une poubelle d\u2019ordures m\u00e9nag\u00e8res.<\/p>\n<h3 data-start=\"1778\" data-end=\"1821\"><strong data-start=\"1784\" data-end=\"1821\">Conformit\u00e9 et s\u00e9curit\u00e9 certifi\u00e9es<\/strong><\/h3>\n<p data-start=\"1823\" data-end=\"1970\">Le <strong data-start=\"1826\" data-end=\"1838\">LC1D09P7<\/strong> respecte les <strong data-start=\"1852\" data-end=\"1890\">principales normes internationales<\/strong> garantissant <strong data-start=\"1904\" data-end=\"1968\">la qualit\u00e9, la s\u00e9curit\u00e9 \u00e9lectrique et la fiabilit\u00e9 m\u00e9canique<\/strong> :<\/p>\n<ul data-start=\"1972\" data-end=\"2801\">\n<li data-start=\"1972\" data-end=\"2110\">\n<p data-start=\"1974\" data-end=\"2110\"><strong data-start=\"1974\" data-end=\"1994\">IEC\/EN 60947-4-1<\/strong> : norme relative aux contacteurs \u00e9lectrom\u00e9caniques pour moteurs, assurant la performance des fonctions de commande.<\/p>\n<\/li>\n<li data-start=\"2111\" data-end=\"2268\">\n<p data-start=\"2113\" data-end=\"2268\"><strong data-start=\"2113\" data-end=\"2133\">IEC\/EN 60947-5-1<\/strong> : norme sur les circuits de signalisation et les fonctions auxiliaires, garantissant un comportement fiable des contacts additionnels.<\/p>\n<\/li>\n<li data-start=\"2269\" data-end=\"2388\">\n<p data-start=\"2271\" data-end=\"2388\"><strong data-start=\"2271\" data-end=\"2283\">UL 60947<\/strong> et <strong data-start=\"2287\" data-end=\"2294\">CSA<\/strong> : certifications nord-am\u00e9ricaines pour l\u2019usage en toute s\u00e9curit\u00e9 sur le march\u00e9 international.<\/p>\n<\/li>\n<li data-start=\"2389\" data-end=\"2583\">\n<p data-start=\"2391\" data-end=\"2583\"><strong data-start=\"2391\" data-end=\"2419\">IEC 60335-1 \/ 60335-2-40<\/strong> : normes sp\u00e9cifiques aux appareils \u00e9lectrom\u00e9nagers, attestant la compatibilit\u00e9 du produit avec des environnements n\u00e9cessitant des exigences de s\u00e9curit\u00e9 renforc\u00e9es.<\/p>\n<\/li>\n<li data-start=\"2584\" data-end=\"2801\">\n<p data-start=\"2586\" data-end=\"2801\"><strong data-start=\"2586\" data-end=\"2594\">UKCA<\/strong>, <strong data-start=\"2596\" data-end=\"2603\">EAC<\/strong>, <strong data-start=\"2605\" data-end=\"2618\">CB Scheme<\/strong>, <strong data-start=\"2620\" data-end=\"2630\">Marine<\/strong>, <strong data-start=\"2632\" data-end=\"2642\">DNV-GL<\/strong>, <strong data-start=\"2644\" data-end=\"2652\">LROS<\/strong>, <strong data-start=\"2654\" data-end=\"2662\">RINA<\/strong> : certifications compl\u00e9mentaires pour des usages internationaux, y compris dans des environnements exigeants (naval, offshore, tertiaire).<\/p>\n<\/li>\n<\/ul>\n<p data-start=\"2803\" data-end=\"3078\">En compl\u00e9ment, l\u2019indice de protection <strong data-start=\"2841\" data-end=\"2849\">IP20<\/strong> assure une protection contre les contacts directs et les corps \u00e9trangers sup\u00e9rieurs \u00e0 12 mm, tandis que la <strong data-start=\"2957\" data-end=\"2982\">tenue au feu \u00e0 850 \u00b0C<\/strong> et la r\u00e9sistance m\u00e9canique aux <strong data-start=\"3014\" data-end=\"3037\">vibrations et chocs<\/strong> renforcent sa robustesse sur le terrain.<\/p>\n","protected":false},"excerpt":{"rendered":"<p>LC1D09P7 TESYS-034890<\/p>\n","protected":false},"featured_media":45137,"template":"","meta":{"_acf_changed":false},"product_brand":[],"product_cat":[784],"product_tag":[],"class_list":{"0":"post-45136","1":"product","2":"type-product","3":"status-publish","4":"has-post-thumbnail","6":"product_cat-contacteur-2","7":"pa_marque-schneider-electric","9":"first","10":"instock","11":"taxable","12":"shipping-taxable","13":"purchasable","14":"product-type-simple"},"acf":[],"yoast_head":"<!-- This site is optimized with the Yoast SEO plugin v26.2 - https:\/\/yoast.com\/wordpress\/plugins\/seo\/ -->\n<title>Contacteur LC1D09P7 TESYS-034890 Schneider Electric - Radper<\/title>\n<meta name=\"description\" content=\"Contacteur Schneider LC1D09P7 \u2013 3 p\u00f4les \u2013 9A \u2013 bobine 230 V CA \u2013 commande moteur jusqu\u2019\u00e0 5,5 kW \u2013 TeSys D \u2013 IP20 \u2013 conformit\u00e9 IEC \u2013 montage DIN.\" \/>\n<meta name=\"robots\" content=\"index, follow, max-snippet:-1, max-image-preview:large, max-video-preview:-1\" \/>\n<link rel=\"canonical\" href=\"https:\/\/www.radper.com\/en\/catalogs\/materiel-electrique\/contacteur-2\/contacteur-lc1d09p7-tesys-034890-schneider-electric\/\" \/>\n<meta property=\"og:locale\" content=\"en_US\" \/>\n<meta property=\"og:type\" content=\"article\" \/>\n<meta property=\"og:title\" content=\"Contacteur LC1D09P7 TESYS-034890 Schneider Electric - Radper\" \/>\n<meta property=\"og:description\" content=\"Contacteur Schneider LC1D09P7 \u2013 3 p\u00f4les \u2013 9A \u2013 bobine 230 V CA \u2013 commande moteur jusqu\u2019\u00e0 5,5 kW \u2013 TeSys D \u2013 IP20 \u2013 conformit\u00e9 IEC \u2013 montage DIN.\" \/>\n<meta property=\"og:url\" content=\"https:\/\/www.radper.com\/en\/catalogs\/materiel-electrique\/contacteur-2\/contacteur-lc1d09p7-tesys-034890-schneider-electric\/\" \/>\n<meta property=\"og:site_name\" content=\"Radper\" \/>\n<meta property=\"article:modified_time\" content=\"2025-08-18T11:49:44+00:00\" \/>\n<meta property=\"og:image\" content=\"https:\/\/www.radper.com\/wp-content\/uploads\/2025\/08\/LC1D09P7-TESYS-034890-Schneider-Electric.png\" \/>\n\t<meta property=\"og:image:width\" content=\"600\" \/>\n\t<meta property=\"og:image:height\" content=\"600\" \/>\n\t<meta property=\"og:image:type\" content=\"image\/png\" \/>\n<meta name=\"twitter:card\" content=\"summary_large_image\" \/>\n<meta name=\"twitter:label1\" content=\"Est. reading time\" \/>\n\t<meta name=\"twitter:data1\" content=\"4 minutes\" \/>\n<script type=\"application\/ld+json\" class=\"yoast-schema-graph\">{\"@context\":\"https:\/\/schema.org\",\"@graph\":[{\"@type\":\"WebPage\",\"@id\":\"https:\/\/www.radper.com\/en\/catalogs\/materiel-electrique\/contacteur-2\/contacteur-lc1d09p7-tesys-034890-schneider-electric\/\",\"url\":\"https:\/\/www.radper.com\/en\/catalogs\/materiel-electrique\/contacteur-2\/contacteur-lc1d09p7-tesys-034890-schneider-electric\/\",\"name\":\"Contacteur LC1D09P7 TESYS-034890 Schneider Electric - Radper\",\"isPartOf\":{\"@id\":\"https:\/\/www.radper.com\/en\/#website\"},\"primaryImageOfPage\":{\"@id\":\"https:\/\/www.radper.com\/en\/catalogs\/materiel-electrique\/contacteur-2\/contacteur-lc1d09p7-tesys-034890-schneider-electric\/#primaryimage\"},\"image\":{\"@id\":\"https:\/\/www.radper.com\/en\/catalogs\/materiel-electrique\/contacteur-2\/contacteur-lc1d09p7-tesys-034890-schneider-electric\/#primaryimage\"},\"thumbnailUrl\":\"https:\/\/www.radper.com\/wp-content\/uploads\/2025\/08\/LC1D09P7-TESYS-034890-Schneider-Electric.png\",\"datePublished\":\"2025-08-18T11:49:41+00:00\",\"dateModified\":\"2025-08-18T11:49:44+00:00\",\"description\":\"Contacteur Schneider LC1D09P7 \u2013 3 p\u00f4les \u2013 9A \u2013 bobine 230 V CA \u2013 commande moteur jusqu\u2019\u00e0 5,5 kW \u2013 TeSys D \u2013 IP20 \u2013 conformit\u00e9 IEC \u2013 montage DIN.\",\"breadcrumb\":{\"@id\":\"https:\/\/www.radper.com\/en\/catalogs\/materiel-electrique\/contacteur-2\/contacteur-lc1d09p7-tesys-034890-schneider-electric\/#breadcrumb\"},\"inLanguage\":\"en-US\",\"potentialAction\":[{\"@type\":\"ReadAction\",\"target\":[\"https:\/\/www.radper.com\/en\/catalogs\/materiel-electrique\/contacteur-2\/contacteur-lc1d09p7-tesys-034890-schneider-electric\/\"]}]},{\"@type\":\"ImageObject\",\"inLanguage\":\"en-US\",\"@id\":\"https:\/\/www.radper.com\/en\/catalogs\/materiel-electrique\/contacteur-2\/contacteur-lc1d09p7-tesys-034890-schneider-electric\/#primaryimage\",\"url\":\"https:\/\/www.radper.com\/wp-content\/uploads\/2025\/08\/LC1D09P7-TESYS-034890-Schneider-Electric.png\",\"contentUrl\":\"https:\/\/www.radper.com\/wp-content\/uploads\/2025\/08\/LC1D09P7-TESYS-034890-Schneider-Electric.png\",\"width\":600,\"height\":600},{\"@type\":\"BreadcrumbList\",\"@id\":\"https:\/\/www.radper.com\/en\/catalogs\/materiel-electrique\/contacteur-2\/contacteur-lc1d09p7-tesys-034890-schneider-electric\/#breadcrumb\",\"itemListElement\":[{\"@type\":\"ListItem\",\"position\":1,\"name\":\"Accueil\",\"item\":\"https:\/\/www.radper.com\/en\/\"},{\"@type\":\"ListItem\",\"position\":2,\"name\":\"Catalog\",\"item\":\"https:\/\/www.radper.com\/en\/catalog\/\"},{\"@type\":\"ListItem\",\"position\":3,\"name\":\"Contacteur LC1D09P7 TESYS-034890 Schneider Electric\"}]},{\"@type\":\"WebSite\",\"@id\":\"https:\/\/www.radper.com\/en\/#website\",\"url\":\"https:\/\/www.radper.com\/en\/\",\"name\":\"Radper\",\"description\":\"\",\"publisher\":{\"@id\":\"https:\/\/www.radper.com\/en\/#organization\"},\"potentialAction\":[{\"@type\":\"SearchAction\",\"target\":{\"@type\":\"EntryPoint\",\"urlTemplate\":\"https:\/\/www.radper.com\/en\/?s={search_term_string}\"},\"query-input\":{\"@type\":\"PropertyValueSpecification\",\"valueRequired\":true,\"valueName\":\"search_term_string\"}}],\"inLanguage\":\"en-US\"},{\"@type\":\"Organization\",\"@id\":\"https:\/\/www.radper.com\/en\/#organization\",\"name\":\"radper\",\"url\":\"https:\/\/www.radper.com\/en\/\",\"logo\":{\"@type\":\"ImageObject\",\"inLanguage\":\"en-US\",\"@id\":\"https:\/\/www.radper.com\/en\/#\/schema\/logo\/image\/\",\"url\":\"https:\/\/radper.com\/wp-content\/uploads\/2021\/04\/logo-wide-11.png\",\"contentUrl\":\"https:\/\/radper.com\/wp-content\/uploads\/2021\/04\/logo-wide-11.png\",\"width\":250,\"height\":110,\"caption\":\"radper\"},\"image\":{\"@id\":\"https:\/\/www.radper.com\/en\/#\/schema\/logo\/image\/\"}}]}<\/script>\n<!-- \/ Yoast SEO plugin. -->","yoast_head_json":{"title":"Contacteur LC1D09P7 TESYS-034890 Schneider Electric - Radper","description":"Contacteur Schneider LC1D09P7 \u2013 3 p\u00f4les \u2013 9A \u2013 bobine 230 V CA \u2013 commande moteur jusqu\u2019\u00e0 5,5 kW \u2013 TeSys D \u2013 IP20 \u2013 conformit\u00e9 IEC \u2013 montage DIN.","robots":{"index":"index","follow":"follow","max-snippet":"max-snippet:-1","max-image-preview":"max-image-preview:large","max-video-preview":"max-video-preview:-1"},"canonical":"https:\/\/www.radper.com\/en\/catalogs\/materiel-electrique\/contacteur-2\/contacteur-lc1d09p7-tesys-034890-schneider-electric\/","og_locale":"en_US","og_type":"article","og_title":"Contacteur LC1D09P7 TESYS-034890 Schneider Electric - Radper","og_description":"Contacteur Schneider LC1D09P7 \u2013 3 p\u00f4les \u2013 9A \u2013 bobine 230 V CA \u2013 commande moteur jusqu\u2019\u00e0 5,5 kW \u2013 TeSys D \u2013 IP20 \u2013 conformit\u00e9 IEC \u2013 montage DIN.","og_url":"https:\/\/www.radper.com\/en\/catalogs\/materiel-electrique\/contacteur-2\/contacteur-lc1d09p7-tesys-034890-schneider-electric\/","og_site_name":"Radper","article_modified_time":"2025-08-18T11:49:44+00:00","og_image":[{"width":600,"height":600,"url":"https:\/\/www.radper.com\/wp-content\/uploads\/2025\/08\/LC1D09P7-TESYS-034890-Schneider-Electric.png","type":"image\/png"}],"twitter_card":"summary_large_image","twitter_misc":{"Est. reading time":"4 minutes"},"schema":{"@context":"https:\/\/schema.org","@graph":[{"@type":"WebPage","@id":"https:\/\/www.radper.com\/en\/catalogs\/materiel-electrique\/contacteur-2\/contacteur-lc1d09p7-tesys-034890-schneider-electric\/","url":"https:\/\/www.radper.com\/en\/catalogs\/materiel-electrique\/contacteur-2\/contacteur-lc1d09p7-tesys-034890-schneider-electric\/","name":"Contacteur LC1D09P7 TESYS-034890 Schneider Electric - Radper","isPartOf":{"@id":"https:\/\/www.radper.com\/en\/#website"},"primaryImageOfPage":{"@id":"https:\/\/www.radper.com\/en\/catalogs\/materiel-electrique\/contacteur-2\/contacteur-lc1d09p7-tesys-034890-schneider-electric\/#primaryimage"},"image":{"@id":"https:\/\/www.radper.com\/en\/catalogs\/materiel-electrique\/contacteur-2\/contacteur-lc1d09p7-tesys-034890-schneider-electric\/#primaryimage"},"thumbnailUrl":"https:\/\/www.radper.com\/wp-content\/uploads\/2025\/08\/LC1D09P7-TESYS-034890-Schneider-Electric.png","datePublished":"2025-08-18T11:49:41+00:00","dateModified":"2025-08-18T11:49:44+00:00","description":"Contacteur Schneider LC1D09P7 \u2013 3 p\u00f4les \u2013 9A \u2013 bobine 230 V CA \u2013 commande moteur jusqu\u2019\u00e0 5,5 kW \u2013 TeSys D \u2013 IP20 \u2013 conformit\u00e9 IEC \u2013 montage DIN.","breadcrumb":{"@id":"https:\/\/www.radper.com\/en\/catalogs\/materiel-electrique\/contacteur-2\/contacteur-lc1d09p7-tesys-034890-schneider-electric\/#breadcrumb"},"inLanguage":"en-US","potentialAction":[{"@type":"ReadAction","target":["https:\/\/www.radper.com\/en\/catalogs\/materiel-electrique\/contacteur-2\/contacteur-lc1d09p7-tesys-034890-schneider-electric\/"]}]},{"@type":"ImageObject","inLanguage":"en-US","@id":"https:\/\/www.radper.com\/en\/catalogs\/materiel-electrique\/contacteur-2\/contacteur-lc1d09p7-tesys-034890-schneider-electric\/#primaryimage","url":"https:\/\/www.radper.com\/wp-content\/uploads\/2025\/08\/LC1D09P7-TESYS-034890-Schneider-Electric.png","contentUrl":"https:\/\/www.radper.com\/wp-content\/uploads\/2025\/08\/LC1D09P7-TESYS-034890-Schneider-Electric.png","width":600,"height":600},{"@type":"BreadcrumbList","@id":"https:\/\/www.radper.com\/en\/catalogs\/materiel-electrique\/contacteur-2\/contacteur-lc1d09p7-tesys-034890-schneider-electric\/#breadcrumb","itemListElement":[{"@type":"ListItem","position":1,"name":"Accueil","item":"https:\/\/www.radper.com\/en\/"},{"@type":"ListItem","position":2,"name":"Catalog","item":"https:\/\/www.radper.com\/en\/catalog\/"},{"@type":"ListItem","position":3,"name":"Contacteur LC1D09P7 TESYS-034890 Schneider Electric"}]},{"@type":"WebSite","@id":"https:\/\/www.radper.com\/en\/#website","url":"https:\/\/www.radper.com\/en\/","name":"Radper","description":"","publisher":{"@id":"https:\/\/www.radper.com\/en\/#organization"},"potentialAction":[{"@type":"SearchAction","target":{"@type":"EntryPoint","urlTemplate":"https:\/\/www.radper.com\/en\/?s={search_term_string}"},"query-input":{"@type":"PropertyValueSpecification","valueRequired":true,"valueName":"search_term_string"}}],"inLanguage":"en-US"},{"@type":"Organization","@id":"https:\/\/www.radper.com\/en\/#organization","name":"radper","url":"https:\/\/www.radper.com\/en\/","logo":{"@type":"ImageObject","inLanguage":"en-US","@id":"https:\/\/www.radper.com\/en\/#\/schema\/logo\/image\/","url":"https:\/\/radper.com\/wp-content\/uploads\/2021\/04\/logo-wide-11.png","contentUrl":"https:\/\/radper.com\/wp-content\/uploads\/2021\/04\/logo-wide-11.png","width":250,"height":110,"caption":"radper"},"image":{"@id":"https:\/\/www.radper.com\/en\/#\/schema\/logo\/image\/"}}]}},"_links":{"self":[{"href":"https:\/\/www.radper.com\/en\/wp-json\/wp\/v2\/product\/45136","targetHints":{"allow":["GET"]}}],"collection":[{"href":"https:\/\/www.radper.com\/en\/wp-json\/wp\/v2\/product"}],"about":[{"href":"https:\/\/www.radper.com\/en\/wp-json\/wp\/v2\/types\/product"}],"wp:featuredmedia":[{"embeddable":true,"href":"https:\/\/www.radper.com\/en\/wp-json\/wp\/v2\/media\/45137"}],"wp:attachment":[{"href":"https:\/\/www.radper.com\/en\/wp-json\/wp\/v2\/media?parent=45136"}],"wp:term":[{"taxonomy":"product_brand","embeddable":true,"href":"https:\/\/www.radper.com\/en\/wp-json\/wp\/v2\/product_brand?post=45136"},{"taxonomy":"product_cat","embeddable":true,"href":"https:\/\/www.radper.com\/en\/wp-json\/wp\/v2\/product_cat?post=45136"},{"taxonomy":"product_tag","embeddable":true,"href":"https:\/\/www.radper.com\/en\/wp-json\/wp\/v2\/product_tag?post=45136"}],"curies":[{"name":"wp","href":"https:\/\/api.w.org\/{rel}","templated":true}]}}