{"id":11595,"date":"2021-12-13T12:46:20","date_gmt":"2021-12-13T12:46:20","guid":{"rendered":"https:\/\/www.radper.com\/?page_id=11595"},"modified":"2024-09-02T03:49:58","modified_gmt":"2024-09-02T03:49:58","slug":"demande-de-prix","status":"publish","type":"page","link":"https:\/\/www.radper.com\/fr\/demande-de-prix\/","title":{"rendered":"Demande de prix"},"content":{"rendered":"<div class=\"wpb-content-wrapper\"><p>[vc_row][vc_column]\n<div class=\"wpcf7 no-js\" id=\"wpcf7-f11594-o1\" lang=\"fr-FR\" dir=\"ltr\" data-wpcf7-id=\"11594\">\n<div class=\"screen-reader-response\"><p role=\"status\" aria-live=\"polite\" aria-atomic=\"true\"><\/p> <ul><\/ul><\/div>\n<form action=\"\/fr\/wp-json\/wp\/v2\/pages\/11595#wpcf7-f11594-o1\" method=\"post\" class=\"wpcf7-form init\" aria-label=\"Formulaire de contact\" novalidate=\"novalidate\" data-status=\"init\">\n<fieldset class=\"hidden-fields-container\"><input type=\"hidden\" name=\"_wpcf7\" value=\"11594\" \/><input type=\"hidden\" name=\"_wpcf7_version\" value=\"6.1.3\" \/><input type=\"hidden\" name=\"_wpcf7_locale\" value=\"fr_FR\" \/><input type=\"hidden\" name=\"_wpcf7_unit_tag\" value=\"wpcf7-f11594-o1\" \/><input type=\"hidden\" name=\"_wpcf7_container_post\" value=\"0\" \/><input type=\"hidden\" name=\"_wpcf7_posted_data_hash\" value=\"\" \/>\n<\/fieldset>\n<div class=\"row\">\n\t<div class=\"col-md-6\">\n\t\t<div class=\"row\">\n\t\t\t<div class=\"col-md-6\">\n\t\t\t\t<p><label> Nom <abbr class=\"required\" title=\"obligatoire\">*<\/abbr><br \/>\n<span class=\"wpcf7-form-control-wrap\" data-name=\"your-first\"><input size=\"40\" maxlength=\"400\" class=\"wpcf7-form-control wpcf7-text wpcf7-validates-as-required\" aria-required=\"true\" aria-invalid=\"false\" value=\"\" type=\"text\" name=\"your-first\" \/><\/span> <\/label>\n\t\t\t\t<\/p>\n\t\t\t<\/div>\n\t\t\t<div class=\"col-md-6\">\n\t\t\t\t<p><label> Prenom <abbr class=\"required\" title=\"obligatoire\">*<\/abbr><br \/>\n<span class=\"wpcf7-form-control-wrap\" data-name=\"your-last\"><input size=\"40\" maxlength=\"400\" class=\"wpcf7-form-control wpcf7-text wpcf7-validates-as-required\" aria-required=\"true\" aria-invalid=\"false\" value=\"\" type=\"text\" name=\"your-last\" \/><\/span> <\/label>\n\t\t\t\t<\/p>\n\t\t\t<\/div>\n\t\t<\/div>\n\t\t<div class=\"row\">\n\t\t\t<div class=\"col-md-6\">\n\t\t\t\t<p><label> E-mail <abbr class=\"required\" title=\"obligatoire\">*<\/abbr><br \/>\n<span class=\"wpcf7-form-control-wrap\" data-name=\"your-email\"><input size=\"40\" maxlength=\"400\" class=\"wpcf7-form-control wpcf7-email wpcf7-validates-as-required wpcf7-text wpcf7-validates-as-email\" aria-required=\"true\" aria-invalid=\"false\" value=\"\" type=\"email\" name=\"your-email\" \/><\/span> <\/label>\n\t\t\t\t<\/p>\n\t\t\t<\/div>\n\t\t\t<div class=\"col-md-6\">\n\t\t\t\t<p><label> Num\u00e9ro de t\u00e9l\u00e9phone <abbr class=\"required\" title=\"obligatoire\">*<\/abbr><br \/>\n<span class=\"wpcf7-form-control-wrap\" data-name=\"your-phone\"><input size=\"40\" maxlength=\"400\" class=\"wpcf7-form-control wpcf7-text wpcf7-validates-as-required\" aria-required=\"true\" aria-invalid=\"false\" value=\"\" type=\"text\" name=\"your-phone\" \/><\/span> <\/label>\n\t\t\t\t<\/p>\n\t\t\t<\/div>\n\t\t<\/div>\n\t\t<div class=\"row\">\n\t\t\t<div class=\"col-md-6\">\n\t\t\t\t<p><label> Nom de l'entreprise <abbr class=\"required\" title=\"obligatoire\">*<\/abbr><br \/>\n<span class=\"wpcf7-form-control-wrap\" data-name=\"your-company\"><input size=\"40\" maxlength=\"400\" class=\"wpcf7-form-control wpcf7-text wpcf7-validates-as-required\" aria-required=\"true\" aria-invalid=\"false\" value=\"\" type=\"text\" name=\"your-company\" \/><\/span> <\/label>\n\t\t\t\t<\/p>\n\t\t\t<\/div>\n\t\t\t<div class=\"col-md-6\">\n\t\t\t\t<p><label> TVA<br \/>\n<span class=\"wpcf7-form-control-wrap\" data-name=\"your-tva\"><input size=\"40\" maxlength=\"400\" class=\"wpcf7-form-control wpcf7-text\" aria-invalid=\"false\" value=\"\" type=\"text\" name=\"your-tva\" \/><\/span> <\/label>\n\t\t\t\t<\/p>\n\t\t\t<\/div>\n\t\t<\/div>\n\t\t<p><label> Secteur d'activit\u00e9<br \/>\n<span class=\"wpcf7-form-control-wrap\" data-name=\"menu-secteur\"><select class=\"wpcf7-form-control wpcf7-select wpcf7-validates-as-required\" id=\"selected_field\" aria-required=\"true\" aria-invalid=\"false\" name=\"menu-secteur\"><option value=\"\">&#8212;Veuillez choisir une option&#8212;<\/option><option value=\"Industrie \u00e9nerg\u00e9tique\">Industrie \u00e9nerg\u00e9tique<\/option><option value=\"Industrie pharmaceutique et agroalimentaire\">Industrie pharmaceutique et agroalimentaire<\/option><option value=\"Industrie chimique et p\u00e9troli\u00e8re\">Industrie chimique et p\u00e9troli\u00e8re<\/option><option value=\"D\u00e9fense et a\u00e9ronautique\">D\u00e9fense et a\u00e9ronautique<\/option><option value=\"Industrie sid\u00e9rurgique et cimenti\u00e8re\">Industrie sid\u00e9rurgique et cimenti\u00e8re<\/option><option value=\"Industrie automobile et ferroviaire\">Industrie automobile et ferroviaire<\/option><option value=\"Autres\">Autres<\/option><\/select><\/span><\/label>\n\t\t<\/p>\n\t\t<p><label class=\"secteur_activite\" id=\"activity\"> Autre secteur d'activit\u00e9<br \/>\n<span class=\"wpcf7-form-control-wrap\" data-name=\"your-sector\"><input size=\"40\" maxlength=\"400\" class=\"wpcf7-form-control wpcf7-text\" aria-invalid=\"false\" value=\"\" type=\"text\" name=\"your-sector\" \/><\/span><\/label>\n\t\t<\/p>\n\t\t<p><script language=\"javascript\" type=\"text\/javascript\">\n\/\/ on cache le champ autre secteur d'activit\u00e9\ndocument.getElementById('activity').style.display = 'none';\ndocument.getElementById(\"selected_field\").addEventListener(\"change\", displayTextField);\nfunction displayTextField() {\n \/\/ Prendre la valeur du champ s\u00e9lectionn\u00e9\n var dropDownText = document.getElementById(\"selected_field\").value;\n \/\/ si le champ s\u00e9lectionn\u00e9 vaut \"Autres\" en affiche le champ additionel\n if (dropDownText == \"Autres\") {\n document.getElementById(\"activity\").style.display = 'block';\n } else {\n document.getElementById(\"activity\").style.display = 'none'; \n }\n }\n<\/script>\n\t\t<\/p>\n\t\t<p><label> Pays<br \/>\n<span class=\"wpcf7-form-control-wrap\" data-name=\"your-country\"><input size=\"40\" maxlength=\"400\" class=\"wpcf7-form-control wpcf7-text\" aria-invalid=\"false\" value=\"\" type=\"text\" name=\"your-country\" \/><\/span> <\/label>\n\t\t<\/p>\n\t\t<p><label> Votre fonction<br \/>\n<span class=\"wpcf7-form-control-wrap\" data-name=\"your-job\"><input size=\"40\" maxlength=\"400\" class=\"wpcf7-form-control wpcf7-text\" aria-invalid=\"false\" value=\"\" type=\"text\" name=\"your-job\" \/><\/span> <\/label>\n\t\t<\/p>\n\t<\/div>\n\t<div class=\"col-md-6\">\n\t\t<div id='productName'>\n\t\t\t<p><label > Votre produit<br \/>\n<span class=\"wpcf7-form-control-wrap\" data-name=\"your-product\"><input size=\"40\" maxlength=\"400\" class=\"wpcf7-form-control wpcf7-text\" aria-invalid=\"false\" value=\"\" type=\"text\" name=\"your-product\" \/><\/span> <\/label>\n\t\t\t<\/p>\n\t\t<\/div>\n\t\t<p><label> Votre message<br \/>\n<span class=\"wpcf7-form-control-wrap\" data-name=\"your-message\"><textarea cols=\"40\" rows=\"10\" maxlength=\"2000\" class=\"wpcf7-form-control wpcf7-textarea\" aria-invalid=\"false\" name=\"your-message\"><\/textarea><\/span> <\/label>\n\t\t<\/p>\n\t\t<p><span class=\"wpcf7-form-control-wrap\" data-name=\"checkbox-condition\"><span class=\"wpcf7-form-control wpcf7-checkbox wpcf7-validates-as-required\"><span class=\"wpcf7-list-item first last\"><label><input type=\"checkbox\" name=\"checkbox-condition[]\" value=\"J&#039;accepte que mes informations soient utilis\u00e9es afin de r\u00e9pondre \u00e0 l&#039;objet de ce formulaire.\" \/><span class=\"wpcf7-list-item-label\">J&#039;accepte que mes informations soient utilis\u00e9es afin de r\u00e9pondre \u00e0 l&#039;objet de ce formulaire.<\/span><\/label><\/span><\/span><\/span><br \/>\n<input class=\"wpcf7-form-control wpcf7-submit has-spinner\" type=\"submit\" value=\"Envoyer\" \/>\n\t\t<\/p>\n\t<\/div>\n<\/div><div class=\"wpcf7-response-output\" aria-hidden=\"true\"><\/div>\n<\/form>\n<\/div>\n[\/vc_column][\/vc_row][vc_row][vc_column][vc_column_text]<\/p>\n<p>[\/vc_column_text][\/vc_column][\/vc_row][vc_row][vc_column][vc_raw_js]JTNDc2NyaXB0JTNFJTBBZG9jdW1lbnQuYWRkRXZlbnRMaXN0ZW5lciUyOCUyN0RPTUNvbnRlbnRMb2FkZWQlMjclMkMlMjAlMjglMjklMjAlM0QlM0UlMjAlN0IlMEElMjAlMjAlMjAlMjAlMkYlMkYlMjBTZWxlY3QlMjB0aGUlMjBwcm9kdWN0JTIwbmFtZSUyMGlucHV0JTIwZWxlbWVudHMlMEElMjAlMjAlMjAlMjBjb25zdCUyMHByb2R1Y3RDb250YWluZXIlMjAlM0QlMjBkb2N1bWVudC5xdWVyeVNlbGVjdG9yJTI4JTI3JTIzcHJvZHVjdE5hbWUlMjclMjklM0IlMEElMjAlMjAlMjAlMjBjb25zdCUyMHByb2R1Y3RJbnB1dCUyMCUzRCUyMGRvY3VtZW50LnF1ZXJ5U2VsZWN0b3IlMjglMjclMjNwcm9kdWN0TmFtZSUyMGlucHV0JTI3JTI5JTNCJTBBJTBBJTIwJTIwJTIwJTIwJTJGJTJGJTIwQ2hlY2slMjBpZiUyMGxvY2FsU3RvcmFnZSUyMGlzJTIwYXZhaWxhYmxlJTBBJTIwJTIwJTIwJTIwaWYlMjAlMjh0eXBlb2YlMjhTdG9yYWdlJTI5JTIwJTIxJTNEJTNEJTIwJTIydW5kZWZpbmVkJTIyJTI5JTIwJTdCJTBBJTIwJTIwJTIwJTIwJTIwJTIwJTIwJTIwJTJGJTJGJTIwUmV0cmlldmUlMjB0aGUlMjBwcm9kdWN0JTIwZnJvbSUyMGxvY2FsU3RvcmFnZSUwQSUyMCUyMCUyMCUyMCUyMCUyMCUyMCUyMGxldCUyMHNpbmdsZVByb2R1Y3QlMjAlM0QlMjBsb2NhbFN0b3JhZ2UuZ2V0SXRlbSUyOCUyMnNpbmdsZV9wcm9kJTIyJTI5JTNCJTBBJTIwJTIwJTIwJTIwJTIwJTIwJTIwJTIwc2luZ2xlUHJvZHVjdCUyMCUzRCUyMHNpbmdsZVByb2R1Y3QlMjAlM0YlMjBKU09OLnBhcnNlJTI4c2luZ2xlUHJvZHVjdCUyOSUyMCUzQSUyMCUyNyUyNyUzQiUwQSUwQSUyMCUyMCUyMCUyMCUyMCUyMCUyMCUyMCUyRiUyRiUyMERpc3BsYXklMjB0aGUlMjBwcm9kdWN0JTIwY29udGFpbmVyJTIwYW5kJTIwc2V0JTIwdGhlJTIwaW5wdXQlMjB2YWx1ZSUwQSUyMCUyMCUyMCUyMCUyMCUyMCUyMCUyMHByb2R1Y3RDb250YWluZXIuc3R5bGUuZGlzcGxheSUyMCUzRCUyMCUyN2Jsb2NrJTI3JTNCJTBBJTIwJTIwJTIwJTIwJTIwJTIwJTIwJTIwcHJvZHVjdElucHV0LnZhbHVlJTIwJTNEJTIwc2luZ2xlUHJvZHVjdCUzQiUwQSUyMCUyMCUyMCUyMCUyMCUyMCUyMCUyMHByb2R1Y3RJbnB1dC5kaXNhYmxlZCUyMCUzRCUyMHRydWUlM0IlMEElMjAlMjAlMjAlMjAlN0QlMEElN0QlMjklM0IlMEElMEElMkYlMkYlMjBFbmFibGUlMjBpbnB1dCUyMG9uJTIwYnV0dG9uJTIwY2xpY2slMEFkb2N1bWVudC5xdWVyeVNlbGVjdG9yJTI4JTI3LndwY2Y3LXN1Ym1pdCUyNyUyOS5hZGRFdmVudExpc3RlbmVyJTI4JTI3Y2xpY2slMjclMkMlMjAlMjglMjklMjAlM0QlM0UlMjAlN0IlMEElMjAlMjAlMjAlMjBjb25zdCUyMHByb2R1Y3RJbnB1dCUyMCUzRCUyMGRvY3VtZW50LnF1ZXJ5U2VsZWN0b3IlMjglMjclMjNwcm9kdWN0TmFtZSUyMGlucHV0JTI3JTI5JTNCJTBBJTIwJTIwJTIwJTIwcHJvZHVjdElucHV0LmRpc2FibGVkJTIwJTNEJTIwZmFsc2UlM0IlMEElMjAlMjAlMjAlMjBwcm9kdWN0SW5wdXQuZm9jdXMlMjglMjklM0IlMjAlMjAlMkYlMkYlMjBPcHRpb25hbCUzQSUyMGZvY3VzJTIwdGhlJTIwaW5wdXQlMjBhZnRlciUyMGVuYWJsaW5nJTIwaXQlMEElN0QlMjklM0IlMEElMEElM0MlMkZzY3JpcHQlM0UlMEE=[\/vc_raw_js][\/vc_column][\/vc_row]<\/p>\n<\/div>","protected":false},"excerpt":{"rendered":"<p>[vc_row][vc_column][\/vc_column][\/vc_row][vc_row][vc_column][vc_column_text] [\/vc_column_text][\/vc_column][\/vc_row][vc_row][vc_column][vc_raw_js]JTNDc2NyaXB0JTNFJTBBZG9jdW1lbnQuYWRkRXZlbnRMaXN0ZW5lciUyOCUyN0RPTUNvbnRlbnRMb2FkZWQlMjclMkMlMjAlMjglMjklMjAlM0QlM0UlMjAlN0IlMEElMjAlMjAlMjAlMjAlMkYlMkYlMjBTZWxlY3QlMjB0aGUlMjBwcm9kdWN0JTIwbmFtZSUyMGlucHV0JTIwZWxlbWVudHMlMEElMjAlMjAlMjAlMjBjb25zdCUyMHByb2R1Y3RDb250YWluZXIlMjAlM0QlMjBkb2N1bWVudC5xdWVyeVNlbGVjdG9yJTI4JTI3JTIzcHJvZHVjdE5hbWUlMjclMjklM0IlMEElMjAlMjAlMjAlMjBjb25zdCUyMHByb2R1Y3RJbnB1dCUyMCUzRCUyMGRvY3VtZW50LnF1ZXJ5U2VsZWN0b3IlMjglMjclMjNwcm9kdWN0TmFtZSUyMGlucHV0JTI3JTI5JTNCJTBBJTBBJTIwJTIwJTIwJTIwJTJGJTJGJTIwQ2hlY2slMjBpZiUyMGxvY2FsU3RvcmFnZSUyMGlzJTIwYXZhaWxhYmxlJTBBJTIwJTIwJTIwJTIwaWYlMjAlMjh0eXBlb2YlMjhTdG9yYWdlJTI5JTIwJTIxJTNEJTNEJTIwJTIydW5kZWZpbmVkJTIyJTI5JTIwJTdCJTBBJTIwJTIwJTIwJTIwJTIwJTIwJTIwJTIwJTJGJTJGJTIwUmV0cmlldmUlMjB0aGUlMjBwcm9kdWN0JTIwZnJvbSUyMGxvY2FsU3RvcmFnZSUwQSUyMCUyMCUyMCUyMCUyMCUyMCUyMCUyMGxldCUyMHNpbmdsZVByb2R1Y3QlMjAlM0QlMjBsb2NhbFN0b3JhZ2UuZ2V0SXRlbSUyOCUyMnNpbmdsZV9wcm9kJTIyJTI5JTNCJTBBJTIwJTIwJTIwJTIwJTIwJTIwJTIwJTIwc2luZ2xlUHJvZHVjdCUyMCUzRCUyMHNpbmdsZVByb2R1Y3QlMjAlM0YlMjBKU09OLnBhcnNlJTI4c2luZ2xlUHJvZHVjdCUyOSUyMCUzQSUyMCUyNyUyNyUzQiUwQSUwQSUyMCUyMCUyMCUyMCUyMCUyMCUyMCUyMCUyRiUyRiUyMERpc3BsYXklMjB0aGUlMjBwcm9kdWN0JTIwY29udGFpbmVyJTIwYW5kJTIwc2V0JTIwdGhlJTIwaW5wdXQlMjB2YWx1ZSUwQSUyMCUyMCUyMCUyMCUyMCUyMCUyMCUyMHByb2R1Y3RDb250YWluZXIuc3R5bGUuZGlzcGxheSUyMCUzRCUyMCUyN2Jsb2NrJTI3JTNCJTBBJTIwJTIwJTIwJTIwJTIwJTIwJTIwJTIwcHJvZHVjdElucHV0LnZhbHVlJTIwJTNEJTIwc2luZ2xlUHJvZHVjdCUzQiUwQSUyMCUyMCUyMCUyMCUyMCUyMCUyMCUyMHByb2R1Y3RJbnB1dC5kaXNhYmxlZCUyMCUzRCUyMHRydWUlM0IlMEElMjAlMjAlMjAlMjAlN0QlMEElN0QlMjklM0IlMEElMEElMkYlMkYlMjBFbmFibGUlMjBpbnB1dCUyMG9uJTIwYnV0dG9uJTIwY2xpY2slMEFkb2N1bWVudC5xdWVyeVNlbGVjdG9yJTI4JTI3LndwY2Y3LXN1Ym1pdCUyNyUyOS5hZGRFdmVudExpc3RlbmVyJTI4JTI3Y2xpY2slMjclMkMlMjAlMjglMjklMjAlM0QlM0UlMjAlN0IlMEElMjAlMjAlMjAlMjBjb25zdCUyMHByb2R1Y3RJbnB1dCUyMCUzRCUyMGRvY3VtZW50LnF1ZXJ5U2VsZWN0b3IlMjglMjclMjNwcm9kdWN0TmFtZSUyMGlucHV0JTI3JTI5JTNCJTBBJTIwJTIwJTIwJTIwcHJvZHVjdElucHV0LmRpc2FibGVkJTIwJTNEJTIwZmFsc2UlM0IlMEElMjAlMjAlMjAlMjBwcm9kdWN0SW5wdXQuZm9jdXMlMjglMjklM0IlMjAlMjAlMkYlMkYlMjBPcHRpb25hbCUzQSUyMGZvY3VzJTIwdGhlJTIwaW5wdXQlMjBhZnRlciUyMGVuYWJsaW5nJTIwaXQlMEElN0QlMjklM0IlMEElMEElM0MlMkZzY3JpcHQlM0UlMEE=[\/vc_raw_js][\/vc_column][\/vc_row]<\/p>\n","protected":false},"author":85,"featured_media":0,"parent":0,"menu_order":0,"comment_status":"closed","ping_status":"closed","template":"","meta":{"_acf_changed":false,"footnotes":""},"class_list":["post-11595","page","type-page","status-publish","hentry"],"acf":[],"yoast_head":"<!-- This site is optimized with the Yoast SEO plugin v26.2 - https:\/\/yoast.com\/wordpress\/plugins\/seo\/ -->\n<title>Demande de prix - Radper<\/title>\n<meta name=\"robots\" content=\"index, follow, max-snippet:-1, max-image-preview:large, max-video-preview:-1\" \/>\n<link rel=\"canonical\" href=\"https:\/\/www.radper.com\/fr\/demande-de-prix\/\" \/>\n<meta property=\"og:locale\" content=\"fr_FR\" \/>\n<meta property=\"og:type\" content=\"article\" \/>\n<meta property=\"og:title\" content=\"Demande de prix - Radper\" \/>\n<meta property=\"og:description\" content=\"[vc_row][vc_column][\/vc_column][\/vc_row][vc_row][vc_column][vc_column_text] [\/vc_column_text][\/vc_column][\/vc_row][vc_row][vc_column][vc_raw_js]JTNDc2NyaXB0JTNFJTBBZG9jdW1lbnQuYWRkRXZlbnRMaXN0ZW5lciUyOCUyN0RPTUNvbnRlbnRMb2FkZWQlMjclMkMlMjAlMjglMjklMjAlM0QlM0UlMjAlN0IlMEElMjAlMjAlMjAlMjAlMkYlMkYlMjBTZWxlY3QlMjB0aGUlMjBwcm9kdWN0JTIwbmFtZSUyMGlucHV0JTIwZWxlbWVudHMlMEElMjAlMjAlMjAlMjBjb25zdCUyMHByb2R1Y3RDb250YWluZXIlMjAlM0QlMjBkb2N1bWVudC5xdWVyeVNlbGVjdG9yJTI4JTI3JTIzcHJvZHVjdE5hbWUlMjclMjklM0IlMEElMjAlMjAlMjAlMjBjb25zdCUyMHByb2R1Y3RJbnB1dCUyMCUzRCUyMGRvY3VtZW50LnF1ZXJ5U2VsZWN0b3IlMjglMjclMjNwcm9kdWN0TmFtZSUyMGlucHV0JTI3JTI5JTNCJTBBJTBBJTIwJTIwJTIwJTIwJTJGJTJGJTIwQ2hlY2slMjBpZiUyMGxvY2FsU3RvcmFnZSUyMGlzJTIwYXZhaWxhYmxlJTBBJTIwJTIwJTIwJTIwaWYlMjAlMjh0eXBlb2YlMjhTdG9yYWdlJTI5JTIwJTIxJTNEJTNEJTIwJTIydW5kZWZpbmVkJTIyJTI5JTIwJTdCJTBBJTIwJTIwJTIwJTIwJTIwJTIwJTIwJTIwJTJGJTJGJTIwUmV0cmlldmUlMjB0aGUlMjBwcm9kdWN0JTIwZnJvbSUyMGxvY2FsU3RvcmFnZSUwQSUyMCUyMCUyMCUyMCUyMCUyMCUyMCUyMGxldCUyMHNpbmdsZVByb2R1Y3QlMjAlM0QlMjBsb2NhbFN0b3JhZ2UuZ2V0SXRlbSUyOCUyMnNpbmdsZV9wcm9kJTIyJTI5JTNCJTBBJTIwJTIwJTIwJTIwJTIwJTIwJTIwJTIwc2luZ2xlUHJvZHVjdCUyMCUzRCUyMHNpbmdsZVByb2R1Y3QlMjAlM0YlMjBKU09OLnBhcnNlJTI4c2luZ2xlUHJvZHVjdCUyOSUyMCUzQSUyMCUyNyUyNyUzQiUwQSUwQSUyMCUyMCUyMCUyMCUyMCUyMCUyMCUyMCUyRiUyRiUyMERpc3BsYXklMjB0aGUlMjBwcm9kdWN0JTIwY29udGFpbmVyJTIwYW5kJTIwc2V0JTIwdGhlJTIwaW5wdXQlMjB2YWx1ZSUwQSUyMCUyMCUyMCUyMCUyMCUyMCUyMCUyMHByb2R1Y3RDb250YWluZXIuc3R5bGUuZGlzcGxheSUyMCUzRCUyMCUyN2Jsb2NrJTI3JTNCJTBBJTIwJTIwJTIwJTIwJTIwJTIwJTIwJTIwcHJvZHVjdElucHV0LnZhbHVlJTIwJTNEJTIwc2luZ2xlUHJvZHVjdCUzQiUwQSUyMCUyMCUyMCUyMCUyMCUyMCUyMCUyMHByb2R1Y3RJbnB1dC5kaXNhYmxlZCUyMCUzRCUyMHRydWUlM0IlMEElMjAlMjAlMjAlMjAlN0QlMEElN0QlMjklM0IlMEElMEElMkYlMkYlMjBFbmFibGUlMjBpbnB1dCUyMG9uJTIwYnV0dG9uJTIwY2xpY2slMEFkb2N1bWVudC5xdWVyeVNlbGVjdG9yJTI4JTI3LndwY2Y3LXN1Ym1pdCUyNyUyOS5hZGRFdmVudExpc3RlbmVyJTI4JTI3Y2xpY2slMjclMkMlMjAlMjglMjklMjAlM0QlM0UlMjAlN0IlMEElMjAlMjAlMjAlMjBjb25zdCUyMHByb2R1Y3RJbnB1dCUyMCUzRCUyMGRvY3VtZW50LnF1ZXJ5U2VsZWN0b3IlMjglMjclMjNwcm9kdWN0TmFtZSUyMGlucHV0JTI3JTI5JTNCJTBBJTIwJTIwJTIwJTIwcHJvZHVjdElucHV0LmRpc2FibGVkJTIwJTNEJTIwZmFsc2UlM0IlMEElMjAlMjAlMjAlMjBwcm9kdWN0SW5wdXQuZm9jdXMlMjglMjklM0IlMjAlMjAlMkYlMkYlMjBPcHRpb25hbCUzQSUyMGZvY3VzJTIwdGhlJTIwaW5wdXQlMjBhZnRlciUyMGVuYWJsaW5nJTIwaXQlMEElN0QlMjklM0IlMEElMEElM0MlMkZzY3JpcHQlM0UlMEE=[\/vc_raw_js][\/vc_column][\/vc_row]\" \/>\n<meta property=\"og:url\" content=\"https:\/\/www.radper.com\/fr\/demande-de-prix\/\" \/>\n<meta property=\"og:site_name\" content=\"Radper\" \/>\n<meta property=\"article:modified_time\" content=\"2024-09-02T03:49:58+00:00\" \/>\n<meta name=\"twitter:card\" content=\"summary_large_image\" \/>\n<meta name=\"twitter:label1\" content=\"Dur\u00e9e de lecture estim\u00e9e\" \/>\n\t<meta name=\"twitter:data1\" content=\"1 minute\" \/>\n<script type=\"application\/ld+json\" class=\"yoast-schema-graph\">{\"@context\":\"https:\/\/schema.org\",\"@graph\":[{\"@type\":\"WebPage\",\"@id\":\"https:\/\/www.radper.com\/fr\/demande-de-prix\/\",\"url\":\"https:\/\/www.radper.com\/fr\/demande-de-prix\/\",\"name\":\"Demande de prix - Radper\",\"isPartOf\":{\"@id\":\"https:\/\/www.radper.com\/fr\/#website\"},\"datePublished\":\"2021-12-13T12:46:20+00:00\",\"dateModified\":\"2024-09-02T03:49:58+00:00\",\"breadcrumb\":{\"@id\":\"https:\/\/www.radper.com\/fr\/demande-de-prix\/#breadcrumb\"},\"inLanguage\":\"fr-FR\",\"potentialAction\":[{\"@type\":\"ReadAction\",\"target\":[\"https:\/\/www.radper.com\/fr\/demande-de-prix\/\"]}]},{\"@type\":\"BreadcrumbList\",\"@id\":\"https:\/\/www.radper.com\/fr\/demande-de-prix\/#breadcrumb\",\"itemListElement\":[{\"@type\":\"ListItem\",\"position\":1,\"name\":\"Accueil\",\"item\":\"https:\/\/www.radper.com\/fr\/\"},{\"@type\":\"ListItem\",\"position\":2,\"name\":\"Demande de prix\"}]},{\"@type\":\"WebSite\",\"@id\":\"https:\/\/www.radper.com\/fr\/#website\",\"url\":\"https:\/\/www.radper.com\/fr\/\",\"name\":\"Radper\",\"description\":\"\",\"publisher\":{\"@id\":\"https:\/\/www.radper.com\/fr\/#organization\"},\"potentialAction\":[{\"@type\":\"SearchAction\",\"target\":{\"@type\":\"EntryPoint\",\"urlTemplate\":\"https:\/\/www.radper.com\/fr\/?s={search_term_string}\"},\"query-input\":{\"@type\":\"PropertyValueSpecification\",\"valueRequired\":true,\"valueName\":\"search_term_string\"}}],\"inLanguage\":\"fr-FR\"},{\"@type\":\"Organization\",\"@id\":\"https:\/\/www.radper.com\/fr\/#organization\",\"name\":\"radper\",\"url\":\"https:\/\/www.radper.com\/fr\/\",\"logo\":{\"@type\":\"ImageObject\",\"inLanguage\":\"fr-FR\",\"@id\":\"https:\/\/www.radper.com\/fr\/#\/schema\/logo\/image\/\",\"url\":\"https:\/\/radper.com\/wp-content\/uploads\/2021\/04\/logo-wide-11.png\",\"contentUrl\":\"https:\/\/radper.com\/wp-content\/uploads\/2021\/04\/logo-wide-11.png\",\"width\":250,\"height\":110,\"caption\":\"radper\"},\"image\":{\"@id\":\"https:\/\/www.radper.com\/fr\/#\/schema\/logo\/image\/\"}}]}<\/script>\n<!-- \/ Yoast SEO plugin. -->","yoast_head_json":{"title":"Demande de prix - Radper","robots":{"index":"index","follow":"follow","max-snippet":"max-snippet:-1","max-image-preview":"max-image-preview:large","max-video-preview":"max-video-preview:-1"},"canonical":"https:\/\/www.radper.com\/fr\/demande-de-prix\/","og_locale":"fr_FR","og_type":"article","og_title":"Demande de prix - Radper","og_description":"[vc_row][vc_column][\/vc_column][\/vc_row][vc_row][vc_column][vc_column_text] [\/vc_column_text][\/vc_column][\/vc_row][vc_row][vc_column][vc_raw_js]JTNDc2NyaXB0JTNFJTBBZG9jdW1lbnQuYWRkRXZlbnRMaXN0ZW5lciUyOCUyN0RPTUNvbnRlbnRMb2FkZWQlMjclMkMlMjAlMjglMjklMjAlM0QlM0UlMjAlN0IlMEElMjAlMjAlMjAlMjAlMkYlMkYlMjBTZWxlY3QlMjB0aGUlMjBwcm9kdWN0JTIwbmFtZSUyMGlucHV0JTIwZWxlbWVudHMlMEElMjAlMjAlMjAlMjBjb25zdCUyMHByb2R1Y3RDb250YWluZXIlMjAlM0QlMjBkb2N1bWVudC5xdWVyeVNlbGVjdG9yJTI4JTI3JTIzcHJvZHVjdE5hbWUlMjclMjklM0IlMEElMjAlMjAlMjAlMjBjb25zdCUyMHByb2R1Y3RJbnB1dCUyMCUzRCUyMGRvY3VtZW50LnF1ZXJ5U2VsZWN0b3IlMjglMjclMjNwcm9kdWN0TmFtZSUyMGlucHV0JTI3JTI5JTNCJTBBJTBBJTIwJTIwJTIwJTIwJTJGJTJGJTIwQ2hlY2slMjBpZiUyMGxvY2FsU3RvcmFnZSUyMGlzJTIwYXZhaWxhYmxlJTBBJTIwJTIwJTIwJTIwaWYlMjAlMjh0eXBlb2YlMjhTdG9yYWdlJTI5JTIwJTIxJTNEJTNEJTIwJTIydW5kZWZpbmVkJTIyJTI5JTIwJTdCJTBBJTIwJTIwJTIwJTIwJTIwJTIwJTIwJTIwJTJGJTJGJTIwUmV0cmlldmUlMjB0aGUlMjBwcm9kdWN0JTIwZnJvbSUyMGxvY2FsU3RvcmFnZSUwQSUyMCUyMCUyMCUyMCUyMCUyMCUyMCUyMGxldCUyMHNpbmdsZVByb2R1Y3QlMjAlM0QlMjBsb2NhbFN0b3JhZ2UuZ2V0SXRlbSUyOCUyMnNpbmdsZV9wcm9kJTIyJTI5JTNCJTBBJTIwJTIwJTIwJTIwJTIwJTIwJTIwJTIwc2luZ2xlUHJvZHVjdCUyMCUzRCUyMHNpbmdsZVByb2R1Y3QlMjAlM0YlMjBKU09OLnBhcnNlJTI4c2luZ2xlUHJvZHVjdCUyOSUyMCUzQSUyMCUyNyUyNyUzQiUwQSUwQSUyMCUyMCUyMCUyMCUyMCUyMCUyMCUyMCUyRiUyRiUyMERpc3BsYXklMjB0aGUlMjBwcm9kdWN0JTIwY29udGFpbmVyJTIwYW5kJTIwc2V0JTIwdGhlJTIwaW5wdXQlMjB2YWx1ZSUwQSUyMCUyMCUyMCUyMCUyMCUyMCUyMCUyMHByb2R1Y3RDb250YWluZXIuc3R5bGUuZGlzcGxheSUyMCUzRCUyMCUyN2Jsb2NrJTI3JTNCJTBBJTIwJTIwJTIwJTIwJTIwJTIwJTIwJTIwcHJvZHVjdElucHV0LnZhbHVlJTIwJTNEJTIwc2luZ2xlUHJvZHVjdCUzQiUwQSUyMCUyMCUyMCUyMCUyMCUyMCUyMCUyMHByb2R1Y3RJbnB1dC5kaXNhYmxlZCUyMCUzRCUyMHRydWUlM0IlMEElMjAlMjAlMjAlMjAlN0QlMEElN0QlMjklM0IlMEElMEElMkYlMkYlMjBFbmFibGUlMjBpbnB1dCUyMG9uJTIwYnV0dG9uJTIwY2xpY2slMEFkb2N1bWVudC5xdWVyeVNlbGVjdG9yJTI4JTI3LndwY2Y3LXN1Ym1pdCUyNyUyOS5hZGRFdmVudExpc3RlbmVyJTI4JTI3Y2xpY2slMjclMkMlMjAlMjglMjklMjAlM0QlM0UlMjAlN0IlMEElMjAlMjAlMjAlMjBjb25zdCUyMHByb2R1Y3RJbnB1dCUyMCUzRCUyMGRvY3VtZW50LnF1ZXJ5U2VsZWN0b3IlMjglMjclMjNwcm9kdWN0TmFtZSUyMGlucHV0JTI3JTI5JTNCJTBBJTIwJTIwJTIwJTIwcHJvZHVjdElucHV0LmRpc2FibGVkJTIwJTNEJTIwZmFsc2UlM0IlMEElMjAlMjAlMjAlMjBwcm9kdWN0SW5wdXQuZm9jdXMlMjglMjklM0IlMjAlMjAlMkYlMkYlMjBPcHRpb25hbCUzQSUyMGZvY3VzJTIwdGhlJTIwaW5wdXQlMjBhZnRlciUyMGVuYWJsaW5nJTIwaXQlMEElN0QlMjklM0IlMEElMEElM0MlMkZzY3JpcHQlM0UlMEE=[\/vc_raw_js][\/vc_column][\/vc_row]","og_url":"https:\/\/www.radper.com\/fr\/demande-de-prix\/","og_site_name":"Radper","article_modified_time":"2024-09-02T03:49:58+00:00","twitter_card":"summary_large_image","twitter_misc":{"Dur\u00e9e de lecture estim\u00e9e":"1 minute"},"schema":{"@context":"https:\/\/schema.org","@graph":[{"@type":"WebPage","@id":"https:\/\/www.radper.com\/fr\/demande-de-prix\/","url":"https:\/\/www.radper.com\/fr\/demande-de-prix\/","name":"Demande de prix - Radper","isPartOf":{"@id":"https:\/\/www.radper.com\/fr\/#website"},"datePublished":"2021-12-13T12:46:20+00:00","dateModified":"2024-09-02T03:49:58+00:00","breadcrumb":{"@id":"https:\/\/www.radper.com\/fr\/demande-de-prix\/#breadcrumb"},"inLanguage":"fr-FR","potentialAction":[{"@type":"ReadAction","target":["https:\/\/www.radper.com\/fr\/demande-de-prix\/"]}]},{"@type":"BreadcrumbList","@id":"https:\/\/www.radper.com\/fr\/demande-de-prix\/#breadcrumb","itemListElement":[{"@type":"ListItem","position":1,"name":"Accueil","item":"https:\/\/www.radper.com\/fr\/"},{"@type":"ListItem","position":2,"name":"Demande de prix"}]},{"@type":"WebSite","@id":"https:\/\/www.radper.com\/fr\/#website","url":"https:\/\/www.radper.com\/fr\/","name":"Radper","description":"","publisher":{"@id":"https:\/\/www.radper.com\/fr\/#organization"},"potentialAction":[{"@type":"SearchAction","target":{"@type":"EntryPoint","urlTemplate":"https:\/\/www.radper.com\/fr\/?s={search_term_string}"},"query-input":{"@type":"PropertyValueSpecification","valueRequired":true,"valueName":"search_term_string"}}],"inLanguage":"fr-FR"},{"@type":"Organization","@id":"https:\/\/www.radper.com\/fr\/#organization","name":"radper","url":"https:\/\/www.radper.com\/fr\/","logo":{"@type":"ImageObject","inLanguage":"fr-FR","@id":"https:\/\/www.radper.com\/fr\/#\/schema\/logo\/image\/","url":"https:\/\/radper.com\/wp-content\/uploads\/2021\/04\/logo-wide-11.png","contentUrl":"https:\/\/radper.com\/wp-content\/uploads\/2021\/04\/logo-wide-11.png","width":250,"height":110,"caption":"radper"},"image":{"@id":"https:\/\/www.radper.com\/fr\/#\/schema\/logo\/image\/"}}]}},"_links":{"self":[{"href":"https:\/\/www.radper.com\/fr\/wp-json\/wp\/v2\/pages\/11595","targetHints":{"allow":["GET"]}}],"collection":[{"href":"https:\/\/www.radper.com\/fr\/wp-json\/wp\/v2\/pages"}],"about":[{"href":"https:\/\/www.radper.com\/fr\/wp-json\/wp\/v2\/types\/page"}],"author":[{"embeddable":true,"href":"https:\/\/www.radper.com\/fr\/wp-json\/wp\/v2\/users\/85"}],"replies":[{"embeddable":true,"href":"https:\/\/www.radper.com\/fr\/wp-json\/wp\/v2\/comments?post=11595"}],"version-history":[{"count":0,"href":"https:\/\/www.radper.com\/fr\/wp-json\/wp\/v2\/pages\/11595\/revisions"}],"wp:attachment":[{"href":"https:\/\/www.radper.com\/fr\/wp-json\/wp\/v2\/media?parent=11595"}],"curies":[{"name":"wp","href":"https:\/\/api.w.org\/{rel}","templated":true}]}}