{"id":7228,"date":"2021-01-31T21:48:04","date_gmt":"2021-01-31T21:48:04","guid":{"rendered":"http:\/\/www.radper.com\/?page_id=7228"},"modified":"2021-03-09T15:38:46","modified_gmt":"2021-03-09T15:38:46","slug":"politique-de-cookies","status":"publish","type":"page","link":"https:\/\/www.radper.com\/fr\/politique-de-cookies\/","title":{"rendered":"Politique de cookies"},"content":{"rendered":"<div class=\"wpb-content-wrapper\"><p>[vc_row][vc_column][vc_column_text text_larger=\u00a0\u00bbno\u00a0\u00bb]<\/p>\n<h4><strong>Que sont les cookies?<\/strong><\/h4>\n<p>Les cookies sont de petits fichiers que les sites Web mettent sur le disque dur de votre ordinateur lors de votre premi\u00e8re visite.<\/p>\n<p>Le cookie contient un code unique permettant de reconna\u00eetre votre navigateur lors de votre visite sur le site web (\u00ab\u00a0cookie de session\u00a0\u00bb) ou lors de futures visites r\u00e9p\u00e9t\u00e9es (\u00ab\u00a0cookie permanent\u00a0\u00bb). Les cookies peuvent \u00eatre plac\u00e9s par le serveur du site web que vous visitez ou par des partenaires avec lesquels ce site web collabore. Le serveur d&rsquo;un site web peut uniquement lire les cookies qu&rsquo;il a lui-m\u00eame plac\u00e9s ; il n&rsquo;a acc\u00e8s \u00e0 aucune autre information se trouvant sur votre ordinateur ou sur votre appareil mobile. Les cookies sont stock\u00e9s sur votre ordinateur ou appareil mobile dans le r\u00e9pertoire de votre navigateur. Le contenu d&rsquo;un cookie se compose en g\u00e9n\u00e9ral du nom du serveur qui a plac\u00e9 le cookie, d&rsquo;une date d&rsquo;expiration et d&rsquo;un code chiffr\u00e9 unique.<\/p>\n<h4><strong>Important :\u00a0les cookies sont totalement inoffensifs. Ils n\u2019effacent aucune donn\u00e9e de votre ordinateur, n\u2019alt\u00e8rent aucun fichier ou programme et ne peuvent contenir aucun virus.<\/strong><\/h4>\n<h4><strong>\u00c0 quoi servent les cookies ?<\/strong><\/h4>\n<p>Gr\u00e2ce \u00e0 un cookie, notre site internet peut vous reconna\u00eetre tout en pr\u00e9servant votre anonymat. Le site internet prend connaissance de vos pr\u00e9f\u00e9rences et s\u2019adapte automatiquement \u00e0 vos souhaits. Mais ces informations ne sont aucunement li\u00e9es \u00e0 votre nom ou identit\u00e9. Ainsi, par exemple, ces cookies vous permettent de surfer directement dans votre langue, vous \u00e9vitent de devoir \u00e0 chaque fois compl\u00e9ter vos donn\u00e9es de connexion. En clair, ils rendent l\u2019utilisation de ce site internet beaucoup plus rapide et agr\u00e9able.<\/p>\n<p>Les cookies peuvent vous aider \u00e0 \u00eatre plus efficace. Avez-vous d\u00e9j\u00e0 mis un article dans un panier virtuel sur une boutique en ligne et y \u00eates-vous retourn\u00e9 quelques jours plus tard et avez-vous vu que votre article s&rsquo;y trouve toujours ? C&rsquo;est un exemple du travail des cookies.<\/p>\n<p>Les cookies peuvent \u00e9galement \u00eatre utilis\u00e9s pour rendre le contenu d&rsquo;un site web ou la publicit\u00e9 pr\u00e9sente sur ce site plus pertinents pour le visiteur et adapter le site web aux go\u00fbts personnels et aux besoins du visiteur.<\/p>\n<h4><strong>Quels sont les types de cookies utilis\u00e9s ?<\/strong><\/h4>\n<p>Nous utilisons diff\u00e9rents types de cookies sur ce site web.<\/p>\n<h4><strong>Cookies indispensables<\/strong><\/h4>\n<p><strong>Votre consentement<\/strong>:\u00a0Autoriser tous les cookies (Pr\u00e9f\u00e9rences, Statistiques, Marketing).<\/p>\n<p><a href=\"https:\/\/www.mecafluid.eu\/fr\/manager\/cookieconsent\/preferencecenter\">Modifiez votre consentement<\/a><\/p>\n<p>Ces cookies sont requis pour permettre la visite de notre site web et l&rsquo;utilisation de certaines parties de celui-ci.<\/p>\n<p>FlexoCMS.CookiePolicyStockage de votre pr\u00e9f\u00e9rence pour l\u2019utilisation des cookies sur le site<\/p>\n<h4><strong>Dur\u00e9e :<\/strong>\u00a01 an<\/h4>\n<p>FlexoCMS.FrontUICulture<\/p>\n<p>Stockage du choix de langue. Lors de votre premi\u00e8re visite sur le site Web, vous devez choisir votre langue (n\u00e9erlandais ou fran\u00e7ais). Lors de votre prochaine visite, vous n&rsquo;avez plus \u00e0 faire ce choix, car un cookie \u00ab language \u00bb a \u00e9t\u00e9 m\u00e9moris\u00e9 sur votre appareil.<\/p>\n<h4><strong>Dur\u00e9e :<\/strong>\u00a01 an<\/h4>\n<p>FlexoCMS.SID<\/p>\n<p>Stockage de l\u2019identifiant de la session. Il permet de reconna\u00eetre votre navigateur lors de votre visite sur le site web.<\/p>\n<h4><strong>Dur\u00e9e :<\/strong>\u00a01 an<\/h4>\n<p>__RequestVerificationToken<\/p>\n<p>Stockage d\u2019un jeton anti-falsification (pr\u00e9vention de l&rsquo;attaque CSRF).<\/p>\n<p>Ce cookie est une mesure de s\u00e9curit\u00e9 destin\u00e9e \u00e0 prot\u00e9ger notre site des envois de donn\u00e9es non autoris\u00e9s via les formulaires.<\/p>\n<h4><strong>Session.<\/strong>\u00a0Le cookie expire automatiquement \u00e0 la fermeture du navigateur.<\/h4>\n<p>FlexoCMS.CurrentCountry<\/p>\n<p>Stockage de votre pays de livraison pr\u00e9f\u00e9r\u00e9.<\/p>\n<h4><strong>Dur\u00e9e :<\/strong>\u00a01 an<\/h4>\n<p>popup-update<\/p>\n<p>Stockage de l&rsquo;apparition d&rsquo;un popup informatif afin de ne l&rsquo;afficher qu&rsquo;une seule fois durant la dur\u00e9e.<\/p>\n<h4><strong>Dur\u00e9e :<\/strong>\u00a07 jours<\/h4>\n<p>connection-animation<\/p>\n<p>Permet de g\u00e9rer l&rsquo;animation \u00ab\u00a0Premi\u00e8re visite\u00a0\u00bb sur la page d&rsquo;accueil.<\/p>\n<h4><strong>Dur\u00e9e :<\/strong>\u00a037,5 jours<\/h4>\n<h4><strong>Cookies de performance<\/strong><\/h4>\n<p>Nous utilisons des cookies de performance afin de collecter des informations sur l&rsquo;utilisation faite de notre site web par les visiteurs, dans le but d&rsquo;en am\u00e9liorer le contenu, de mieux les adapter aux souhaits des visiteurs et d&rsquo;en augmenter la convivialit\u00e9. Pour les analyses de l&rsquo;utilisation de notre site web, nous faisons \u00e9galement appel \u00e0 Google Analytics (<a href=\"https:\/\/developers.google.com\/analytics\/devguides\/collection\/gajs\/cookie-usage\">info<\/a>) et Hotjar (<a href=\"https:\/\/www.hotjar.com\/cookies\">info<\/a>), qui utilisent aussi pour ce faire des cookies.<\/p>\n<h4><strong>Cookies commerciaux<\/strong><\/h4>\n<p>Ce site web utilise des cookies qui, en fonction des pages que vous visitez, tiennent \u00e0 jour les produits ou services susceptibles de vous int\u00e9resser. Gr\u00e2ce \u00e0 ces cookies et aux moyens du r\u00e9seau publicitaire de Google (Google AdWords, Google Analytics, le r\u00e9seau Google Display et DoubleClick) et de Facebook (Facebook, Instagram), nous sommes en mesure de vous pr\u00e9senter des annonces publicitaires pour des produits et services relevant de vos centres d\u2019int\u00e9r\u00eat sur d&rsquo;autres sites web faisant partie de ces r\u00e9seaux publicitaires. Cette technique est appel\u00e9e \u00ab\u00a0remarketing\u00a0\u00bb. Ces cookies ne contiennent aucune donn\u00e9e personnelle.<\/p>\n<h4><strong>Comment refuser ou supprimer des cookies ?<\/strong><\/h4>\n<p>Dans les param\u00e8tres de votre navigateur, vous avez la possibilit\u00e9 de refuser l&rsquo;installation des cookies. Vous pouvez \u00e0 tout moment supprimer les cookies d\u00e9j\u00e0 install\u00e9s sur votre ordinateur ou sur votre terminal mobile. Voyez comment activer, d\u00e9sactiver ou supprimer les cookies.<\/p>\n<p>Si vous souhaitez refuser ces cookies commerciaux \u00a0(entre autre Google, Criteo ou Facebook), vous pouvez le faire \u00e0 l&rsquo;aide du site web ci-apr\u00e8s :\u00a0<a href=\"http:\/\/www.youronlinechoices.com\/\">http:\/\/www.youronlinechoices.com\/<\/a><\/p>\n<p>Si vous ne souhaitez pas recevoir de publicit\u00e9 sur la base de vos habitudes de navigation et des cookies de remarketing, comme ceux de Google, vous pouvez modifier les param\u00e8tres du\u00a0<a href=\"https:\/\/www.google.com\/settings\/ads\/onweb\/\">Google Ads Preferences Manager<\/a>. Google recommande \u00e9galement l&rsquo;installation du module de d\u00e9sactivation pour navigateur de Google Analytics (Google Analytics Opt-out Browser Add-on).<\/p>\n<p>Pour en savoir plus sur les cookies, ou sur la fa\u00e7on de les g\u00e9rer \/ de les supprimer, offrez-vous une visite d\u00e9taill\u00e9e sur le site\u00a0<a href=\"https:\/\/www.aboutcookies.org\/\">www.aboutcookies.org<\/a>.<\/p>\n<h4><strong>Modifications<\/strong><\/h4>\n<p>Nous nous r\u00e9servons le droit de modifier unilat\u00e9ralement la politique en mati\u00e8re des cookies. Les modifications seront communiqu\u00e9es sur ce site web. Si, apr\u00e8s l&rsquo;adaptation, vous continuez \u00e0 utiliser ce site web, la politique adapt\u00e9e en mati\u00e8re des cookies sera applicable.<\/p>\n<p>Voir \u00e9galement notre page sur les\u00a0<a href=\"https:\/\/www.mecafluid.eu\/fr\/privacy\">principes relatifs \u00e0 la collecte de donn\u00e9es \u00e0 caract\u00e8re personnel<\/a>.<\/p>\n<p>[\/vc_column_text][\/vc_column][\/vc_row]<\/p>\n<\/div>","protected":false},"excerpt":{"rendered":"<p>[vc_row][vc_column][vc_column_text text_larger=\u00a0\u00bbno\u00a0\u00bb] Que sont les cookies? Les cookies sont de petits fichiers que les sites Web mettent sur le disque<\/p>\n","protected":false},"author":85,"featured_media":0,"parent":0,"menu_order":0,"comment_status":"closed","ping_status":"closed","template":"","meta":{"_acf_changed":false,"footnotes":""},"class_list":["post-7228","page","type-page","status-publish","hentry"],"acf":[],"yoast_head":"<!-- This site is optimized with the Yoast SEO plugin v26.2 - https:\/\/yoast.com\/wordpress\/plugins\/seo\/ -->\n<title>Politique de cookies - Radper<\/title>\n<meta name=\"robots\" content=\"index, follow, max-snippet:-1, max-image-preview:large, max-video-preview:-1\" \/>\n<link rel=\"canonical\" href=\"https:\/\/www.radper.com\/fr\/politique-de-cookies\/\" \/>\n<meta property=\"og:locale\" content=\"fr_FR\" \/>\n<meta property=\"og:type\" content=\"article\" \/>\n<meta property=\"og:title\" content=\"Politique de cookies - Radper\" \/>\n<meta property=\"og:description\" content=\"[vc_row][vc_column][vc_column_text text_larger=\u00a0\u00bbno\u00a0\u00bb] Que sont les cookies? Les cookies sont de petits fichiers que les sites Web mettent sur le disque\" \/>\n<meta property=\"og:url\" content=\"https:\/\/www.radper.com\/fr\/politique-de-cookies\/\" \/>\n<meta property=\"og:site_name\" content=\"Radper\" \/>\n<meta property=\"article:modified_time\" content=\"2021-03-09T15:38:46+00:00\" \/>\n<meta name=\"twitter:card\" content=\"summary_large_image\" \/>\n<meta name=\"twitter:label1\" content=\"Dur\u00e9e de lecture estim\u00e9e\" \/>\n\t<meta name=\"twitter:data1\" content=\"5 minutes\" \/>\n<script type=\"application\/ld+json\" class=\"yoast-schema-graph\">{\"@context\":\"https:\/\/schema.org\",\"@graph\":[{\"@type\":\"WebPage\",\"@id\":\"https:\/\/www.radper.com\/fr\/politique-de-cookies\/\",\"url\":\"https:\/\/www.radper.com\/fr\/politique-de-cookies\/\",\"name\":\"Politique de cookies - Radper\",\"isPartOf\":{\"@id\":\"https:\/\/www.radper.com\/fr\/#website\"},\"datePublished\":\"2021-01-31T21:48:04+00:00\",\"dateModified\":\"2021-03-09T15:38:46+00:00\",\"breadcrumb\":{\"@id\":\"https:\/\/www.radper.com\/fr\/politique-de-cookies\/#breadcrumb\"},\"inLanguage\":\"fr-FR\",\"potentialAction\":[{\"@type\":\"ReadAction\",\"target\":[\"https:\/\/www.radper.com\/fr\/politique-de-cookies\/\"]}]},{\"@type\":\"BreadcrumbList\",\"@id\":\"https:\/\/www.radper.com\/fr\/politique-de-cookies\/#breadcrumb\",\"itemListElement\":[{\"@type\":\"ListItem\",\"position\":1,\"name\":\"Accueil\",\"item\":\"https:\/\/www.radper.com\/fr\/\"},{\"@type\":\"ListItem\",\"position\":2,\"name\":\"Politique de cookies\"}]},{\"@type\":\"WebSite\",\"@id\":\"https:\/\/www.radper.com\/fr\/#website\",\"url\":\"https:\/\/www.radper.com\/fr\/\",\"name\":\"Radper\",\"description\":\"\",\"publisher\":{\"@id\":\"https:\/\/www.radper.com\/fr\/#organization\"},\"potentialAction\":[{\"@type\":\"SearchAction\",\"target\":{\"@type\":\"EntryPoint\",\"urlTemplate\":\"https:\/\/www.radper.com\/fr\/?s={search_term_string}\"},\"query-input\":{\"@type\":\"PropertyValueSpecification\",\"valueRequired\":true,\"valueName\":\"search_term_string\"}}],\"inLanguage\":\"fr-FR\"},{\"@type\":\"Organization\",\"@id\":\"https:\/\/www.radper.com\/fr\/#organization\",\"name\":\"radper\",\"url\":\"https:\/\/www.radper.com\/fr\/\",\"logo\":{\"@type\":\"ImageObject\",\"inLanguage\":\"fr-FR\",\"@id\":\"https:\/\/www.radper.com\/fr\/#\/schema\/logo\/image\/\",\"url\":\"https:\/\/radper.com\/wp-content\/uploads\/2021\/04\/logo-wide-11.png\",\"contentUrl\":\"https:\/\/radper.com\/wp-content\/uploads\/2021\/04\/logo-wide-11.png\",\"width\":250,\"height\":110,\"caption\":\"radper\"},\"image\":{\"@id\":\"https:\/\/www.radper.com\/fr\/#\/schema\/logo\/image\/\"}}]}<\/script>\n<!-- \/ Yoast SEO plugin. -->","yoast_head_json":{"title":"Politique de cookies - Radper","robots":{"index":"index","follow":"follow","max-snippet":"max-snippet:-1","max-image-preview":"max-image-preview:large","max-video-preview":"max-video-preview:-1"},"canonical":"https:\/\/www.radper.com\/fr\/politique-de-cookies\/","og_locale":"fr_FR","og_type":"article","og_title":"Politique de cookies - Radper","og_description":"[vc_row][vc_column][vc_column_text text_larger=\u00a0\u00bbno\u00a0\u00bb] Que sont les cookies? Les cookies sont de petits fichiers que les sites Web mettent sur le disque","og_url":"https:\/\/www.radper.com\/fr\/politique-de-cookies\/","og_site_name":"Radper","article_modified_time":"2021-03-09T15:38:46+00:00","twitter_card":"summary_large_image","twitter_misc":{"Dur\u00e9e de lecture estim\u00e9e":"5 minutes"},"schema":{"@context":"https:\/\/schema.org","@graph":[{"@type":"WebPage","@id":"https:\/\/www.radper.com\/fr\/politique-de-cookies\/","url":"https:\/\/www.radper.com\/fr\/politique-de-cookies\/","name":"Politique de cookies - Radper","isPartOf":{"@id":"https:\/\/www.radper.com\/fr\/#website"},"datePublished":"2021-01-31T21:48:04+00:00","dateModified":"2021-03-09T15:38:46+00:00","breadcrumb":{"@id":"https:\/\/www.radper.com\/fr\/politique-de-cookies\/#breadcrumb"},"inLanguage":"fr-FR","potentialAction":[{"@type":"ReadAction","target":["https:\/\/www.radper.com\/fr\/politique-de-cookies\/"]}]},{"@type":"BreadcrumbList","@id":"https:\/\/www.radper.com\/fr\/politique-de-cookies\/#breadcrumb","itemListElement":[{"@type":"ListItem","position":1,"name":"Accueil","item":"https:\/\/www.radper.com\/fr\/"},{"@type":"ListItem","position":2,"name":"Politique de cookies"}]},{"@type":"WebSite","@id":"https:\/\/www.radper.com\/fr\/#website","url":"https:\/\/www.radper.com\/fr\/","name":"Radper","description":"","publisher":{"@id":"https:\/\/www.radper.com\/fr\/#organization"},"potentialAction":[{"@type":"SearchAction","target":{"@type":"EntryPoint","urlTemplate":"https:\/\/www.radper.com\/fr\/?s={search_term_string}"},"query-input":{"@type":"PropertyValueSpecification","valueRequired":true,"valueName":"search_term_string"}}],"inLanguage":"fr-FR"},{"@type":"Organization","@id":"https:\/\/www.radper.com\/fr\/#organization","name":"radper","url":"https:\/\/www.radper.com\/fr\/","logo":{"@type":"ImageObject","inLanguage":"fr-FR","@id":"https:\/\/www.radper.com\/fr\/#\/schema\/logo\/image\/","url":"https:\/\/radper.com\/wp-content\/uploads\/2021\/04\/logo-wide-11.png","contentUrl":"https:\/\/radper.com\/wp-content\/uploads\/2021\/04\/logo-wide-11.png","width":250,"height":110,"caption":"radper"},"image":{"@id":"https:\/\/www.radper.com\/fr\/#\/schema\/logo\/image\/"}}]}},"_links":{"self":[{"href":"https:\/\/www.radper.com\/fr\/wp-json\/wp\/v2\/pages\/7228","targetHints":{"allow":["GET"]}}],"collection":[{"href":"https:\/\/www.radper.com\/fr\/wp-json\/wp\/v2\/pages"}],"about":[{"href":"https:\/\/www.radper.com\/fr\/wp-json\/wp\/v2\/types\/page"}],"author":[{"embeddable":true,"href":"https:\/\/www.radper.com\/fr\/wp-json\/wp\/v2\/users\/85"}],"replies":[{"embeddable":true,"href":"https:\/\/www.radper.com\/fr\/wp-json\/wp\/v2\/comments?post=7228"}],"version-history":[{"count":0,"href":"https:\/\/www.radper.com\/fr\/wp-json\/wp\/v2\/pages\/7228\/revisions"}],"wp:attachment":[{"href":"https:\/\/www.radper.com\/fr\/wp-json\/wp\/v2\/media?parent=7228"}],"curies":[{"name":"wp","href":"https:\/\/api.w.org\/{rel}","templated":true}]}}