{"id":7233,"date":"2021-01-31T21:50:13","date_gmt":"2021-01-31T21:50:13","guid":{"rendered":"http:\/\/www.radper.com\/?page_id=7233"},"modified":"2021-03-09T15:53:53","modified_gmt":"2021-03-09T15:53:53","slug":"protection-des-donnees","status":"publish","type":"page","link":"https:\/\/www.radper.com\/fr\/protection-des-donnees\/","title":{"rendered":"Protection des donn\u00e9es"},"content":{"rendered":"<div class=\"wpb-content-wrapper\"><p>[vc_row][vc_column][vc_column_text text_larger=\u00a0\u00bbno\u00a0\u00bb]<\/p>\n<h4><strong>CHARTE RELATIVE \u00c0 LA PROTECTION DES DONN\u00c9ES \u00c0 CARACT\u00c8RE PERSONNEL<\/strong><\/h4>\n<p><em>Derni\u00e8re mise \u00e0 jour : 09\/03\/ 2021<\/em><\/p>\n<p>La pr\u00e9sente Charte de protection des donn\u00e9es vous informe comment ALTADOS recueille, traite et utilise vos Donn\u00e9es personnelles.<\/p>\n<p>Le terme \u00ab\u00a0Donn\u00e9es personnelles\u00a0\u00bb repr\u00e9sente toute information relative \u00e0 une personne physique qui en permet son identification. Ces informations sont, par exemple, un nom, une adresse \u00e9lectronique ou un mot de passe.<\/p>\n<p>En acc\u00e9dant \u00e0 notre Site Internet et en utilisant nos services, vous reconnaissez avoir lu et pris connaissance de l\u2019enti\u00e8ret\u00e9 de cette Charte. Si vous vous opposez \u00e0 cette Charte, il vous est possible de modifier les param\u00e8tres de votre compte ou de le supprimer d\u00e9finitivement.<\/p>\n<h4><strong>1- Collecte des donn\u00e9es personnelles<\/strong><\/h4>\n<p>Lorsque vous interagissez avec notre Site Internet, nous collectons des donn\u00e9es reprises dans deux cat\u00e9gories distinctes: les donn\u00e9es personnelles que vous nous transmettez et les donn\u00e9es collect\u00e9es automatiquement.<\/p>\n<h4>1.1. Donn\u00e9es personnelles que vous nous transmettez<\/h4>\n<p>Lorsque vous vous rendez sur notre Site, vous nous fournissez les donn\u00e9es suivantes\u00a0:<\/p>\n<ul>\n<li>Vos informations d\u2019authentification et d\u2019identification (par exemple, votre adresse email et votre mot de passe). Ces informations vous permettent de vos connecter \u00e0 votre compte personnel.<\/li>\n<li>Vos donn\u00e9es personnelles de base (par exemple, vos noms et pr\u00e9noms, votre date de naissance, votre langue). Ces donn\u00e9es nous permettent de vous proposer un contenu adapt\u00e9.<\/li>\n<li>Vos coordonn\u00e9es (par exemple, votre adresse postale). Cette information nous permet de pouvoir vous livrer nos produits.<\/li>\n<li>Vos informations de paiement (par exemple, votre num\u00e9ro de TVA, votre num\u00e9ro de carte de paiement). Ces donn\u00e9es nous permettent notamment d\u2019effectuer une note de cr\u00e9dit ou un remboursement de votre commande.<\/li>\n<\/ul>\n<h4>1.2. Donn\u00e9es collect\u00e9es automatiquement<\/h4>\n<p>Lorsque vous naviguez sur notre Site, nous collectons les donn\u00e9es personnelles suivantes\u00a0:<\/p>\n<ul>\n<li>Les caract\u00e9ristiques de l\u2019appareil (ordinateur, tablette ou smartphone), du syst\u00e8me d\u2019exploitation (iOS, Windows, Android\u2026), du navigateur (Chrome, Firefox, Explorer,\u2026) que vous employez pour acc\u00e9der \u00e0 notre Site.<\/li>\n<li>Votre navigation sur notre Site (fr\u00e9quences des visites, mots cl\u00e9s recherch\u00e9s, pages visit\u00e9es, actions sp\u00e9cifiques r\u00e9alis\u00e9es sur le Site\u2026)<\/li>\n<li>Votre localisation ainsi que votre adresse IP<\/li>\n<\/ul>\n<h4><strong>2- Utilisation des donn\u00e9es personnelles<\/strong><\/h4>\n<p>Nous utilisons vos donn\u00e9es personnelles, notamment, afin de\u00a0:<\/p>\n<ul>\n<li>Cr\u00e9er votre espace personnel sur notre Site.<\/li>\n<li>Mettre \u00e0 jour et am\u00e9liorer notre Site.<\/li>\n<li>Vous offrir nos services et traiter vos commandes.<\/li>\n<li>Vous avertir de la modification de notre politique de confidentialit\u00e9 ou de nos conditions g\u00e9n\u00e9rales de vente<\/li>\n<li>Vous faire parvenir nos promotions et offres sp\u00e9ciales<\/li>\n<li>Analyser les impacts de publicit\u00e9s<\/li>\n<li>Nous prot\u00e9ger contre les activit\u00e9s frauduleuses et ill\u00e9gales<\/li>\n<li>R\u00e9gler des litiges ou r\u00e9soudre des probl\u00e8mes<\/li>\n<li>R\u00e9pondre \u00e0 vos questions au travers de formulaires pr\u00e9sents sur notre Site<\/li>\n<li>Nous permettre la bonne gestion de notre entreprise<\/li>\n<li>Nous conformer aux obligations l\u00e9gales<\/li>\n<\/ul>\n<p>Nous utilisons \u00e9galement ces donn\u00e9es \u00e0 des fins marketing. Vous recevez ces messages par email de notre part si vous nous avez autoris\u00e9 \u00e0 vous en envoyer pr\u00e9alablement, ou si vous avez demand\u00e9 des informations ou achet\u00e9 des produits aupr\u00e8s de nous sans avoir indiqu\u00e9 que vous ne souhaitiez pas recevoir de tels messages. Dans chaque message de ce type, il vous est offert la possibilit\u00e9 de vous en d\u00e9sabonner. Cette action peut-\u00eatre r\u00e9alis\u00e9e dans le bas de chaque email.<\/p>\n<p>Par ailleurs, nous n\u2019utilisons ces donn\u00e9es que dans les cas o\u00f9 nous y sommes autoris\u00e9s par la loi.<\/p>\n<h4><strong>3- Dur\u00e9e de conservation des donn\u00e9es personnelles<\/strong><\/h4>\n<p>Nous conservons vos donn\u00e9es personnelles uniquement tant que votre compte est actif ou aussi longtemps que n\u00e9cessaire afin d\u2019accomplir les op\u00e9rations pour lesquelles elles ont \u00e9t\u00e9 collect\u00e9es.<\/p>\n<p>Suite \u00e0 la cl\u00f4ture de votre compte, nous nous r\u00e9servons le droit de conserver vos informations personnelles durant une p\u00e9riode n\u00e9cessaire afin de r\u00e9pondre \u00e0 nos obligations l\u00e9gales, comptables et fiscales, pour r\u00e9soudre les litiges et pour faire appliquer nos accords, et ce jusqu\u2019\u00e0 ce que cela ne soit plus n\u00e9cessaire.<\/p>\n<h4><strong>4- Protection des donn\u00e9es personnelles<\/strong><\/h4>\n<p>Nous avons mis en place toutes les mesures techniques, physiques et administratives n\u00e9cessaires afin de prot\u00e9ger vos donn\u00e9es personnelles, de pr\u00e9venir et d\u2019emp\u00eacher toute alt\u00e9ration ou destruction de ces derni\u00e8res. Cependant, il est a not\u00e9 que nous ne pouvons, au m\u00eame titre que tout autre site Internet, en garantir la s\u00e9curit\u00e9 totale.<\/p>\n<h4><strong>5- Vos droits<\/strong><\/h4>\n<p>Conform\u00e9ment \u00e0 la l\u00e9gislation en vigueur, vous pouvez disposer des droits suivants concernant la gestion de vos donn\u00e9es personnelles\u00a0:<\/p>\n<ul>\n<li>Le droit d\u2019acc\u00e8s \u00e0 vos donn\u00e9es personnelles\u00a0: vous pouvez consulter la liste de toutes les donn\u00e9es personnelles dont nous disposons \u00e0 votre sujet.<\/li>\n<li>Le droit de mettre \u00e0 jour, rectifier, supprimer ou bloquer vos donn\u00e9es personnelles.<\/li>\n<li>Le droit d\u2019opposition au traitement de vos donn\u00e9es personnelles.<\/li>\n<li>Le droit \u00e0 la portabilit\u00e9 de vos donn\u00e9es personnelles\u00a0: vous pouvez nous demander de vous envoyer ou \u00e0 un tiers, la liste de toute vos donn\u00e9es personnelles. Vous disposez de ce droit uniquement pour les donn\u00e9es reprises \u00e0 l\u2019article 1.1 de cette Charte.<\/li>\n<\/ul>\n<p>Vous pouvez, \u00e0 tout moment, acc\u00e9der \u00e0 votre compte sur notre Site afin de v\u00e9rifier, mettre \u00e0 jour ou supprimer les donn\u00e9es personnelles que vous nous avez fournies. Afin d\u2019exercer vos autres droits, nous vous invitons \u00e0 envoyer un email \u00e0 l\u2019adresse\u00a0<a href=\"mailto:info@mecafluid.be\">info@<\/a>altados.com.<\/p>\n<h4><strong>6- Partage des donn\u00e9es personnelles avec des tiers<\/strong><\/h4>\n<p>Nous pourrons partager vos donn\u00e9es personnelles avec diff\u00e9rents tiers. Notamment\u00a0:<\/p>\n<ul>\n<li>Nos entit\u00e9s affili\u00e9es afin de vous fournir les services attendus suite \u00e0 l\u2019utilisation de notre Site.<\/li>\n<li>Nos partenaires commerciaux, fournisseurs, sous-traitants qui sont amen\u00e9s \u00e0 traiter vos donn\u00e9es personnelles pour notre compte (notamment, les plateformes d\u2019emailing, les compagnies de transport\u2026) et ce, en conformit\u00e9 \u00e0 nos instructions et uniquement aux fins \u00e9nonc\u00e9es dans cette Charte.<\/li>\n<li>Les autorit\u00e9s d\u00fbment habilit\u00e9es (par exemple, dans le cadre d\u2019une action judiciaire)<\/li>\n<\/ul>\n<h4><strong>7- Transferts internationaux des donn\u00e9es personnelles<\/strong><\/h4>\n<p>Vos donn\u00e9es personnelles peuvent faire l\u2019objet d\u2019un transfert de notre part vers des pays situ\u00e9s en dehors de l\u2019Espace Economique Europ\u00e9en (EEE) et \u00eatre stock\u00e9es dans ces pays pour les seules finalit\u00e9s d\u00e9crites dans la pr\u00e9sente Charte.<\/p>\n<p>Lors de chaque transfert de vos donn\u00e9es personnelles en dehors de l\u2019EEE, nous respectons la loi en vigueur et nous nous assurons que vos donn\u00e9es personnelles b\u00e9n\u00e9ficient d\u2019un niveau de protection au moins \u00e9quivalent \u00e0 celui impos\u00e9 par la Commission europ\u00e9enne. Ces transferts se font soit\u00a0:<\/p>\n<ul>\n<li>Vers un pays reconnu par la Commission europ\u00e9enne comme fournissant un niveau de protection ad\u00e9quat ; ou<\/li>\n<li>vers un pays qui n&rsquo;offre pas de protection ad\u00e9quate, le transfert \u00e9tant r\u00e9gi par les clauses contractuelles types de la Commission europ\u00e9enne, ou en mettant en \u0153uvre d&rsquo;autres solutions appropri\u00e9es de transfert international pour assurer l&rsquo;ad\u00e9quation de la protection.<\/li>\n<\/ul>\n<h4><strong>8- Cookies<\/strong><\/h4>\n<p>Dans le but de faciliter votre navigation sur notre Site ainsi que d\u2019optimiser la gestion technique, nous sommes amen\u00e9s \u00e0 utiliser des \u00ab\u00a0cookies\u00a0\u00bb.<\/p>\n<p>Un \u00ab\u00a0cookie\u00a0\u00bb est une petite pi\u00e8ce d&rsquo;information sauvegard\u00e9e par un site web au sein du navigateur Internet de votre ordinateur. Ce \u00ab\u00a0cookie\u00a0\u00bb peut \u00eatre r\u00e9cup\u00e9r\u00e9 lors d&rsquo;une visite ult\u00e9rieure sur ce m\u00eame site. Il ne peut \u00eatre lu par un autre site web que celui qui l&rsquo;a cr\u00e9\u00e9. Nous utilisons les \u00ab\u00a0cookies\u00a0\u00bb \u00e0 des fins administratives pour, par exemple, enregistrer vos pr\u00e9f\u00e9rences pour certains types d&rsquo;informations, ce qui vous \u00e9vitera de devoir r\u00e9p\u00e9ter les m\u00eames saisies au clavier lors de chaque visite sur notre Site.<\/p>\n<p>La plupart des \u00ab\u00a0cookies\u00a0\u00bb ne fonctionnent que le temps d&rsquo;une session ou visite. Aucun d&rsquo;entre eux ne contient d&rsquo;informations vous rendant susceptible de pouvoir \u00eatre contact\u00e9 par t\u00e9l\u00e9phone, courrier \u00e9lectronique ou postal. Il vous est \u00e9galement possible de configurer votre navigateur pour vous informer lors de chaque cr\u00e9ation de \u00ab\u00a0cookie\u00a0\u00bb ou pour emp\u00eacher leur enregistrement.<\/p>\n<h4><strong>9- Modification de la Charte<\/strong><\/h4>\n<p>ALTADOS peut \u00eatre amen\u00e9 \u00e0 mettre \u00e0 jour cette Charte. Nous indiquons la date de derni\u00e8re mise \u00e0 jour en haut de cette page et toute modification apport\u00e9e \u00e0 cette Charte le sera sur cette page. Lorsque nous effectuons une modification importante de cette Charte, nous vous en informerons par courrier \u00e9lectronique. Cependant, nous vous invitons \u00e0 consulter r\u00e9guli\u00e8rement la pr\u00e9sente Charte afin d\u2019en d\u00e9couvrir la derni\u00e8re version.<\/p>\n<h4><strong>10- Nous contacter<\/strong><\/h4>\n<p>Si vous souhaitez nous contacter concernant nos pratiques de protection de vos donn\u00e9es personnelles, si vous avez des questions ou commentaires concernant cette Charte de protection des donn\u00e9es personnelles ou si vous souhaitez exercer l\u2019un de vos droits concernant vos donn\u00e9es personnelles, veuillez nous contacter\u00a0:<\/p>\n<ul>\n<li>Par email, \u00e0 l\u2019adresse:\u00a0<a href=\"mailto:info@altados.com\">info@altados.com<\/a><\/li>\n<li>Par courrier, \u00e0 l\u2019adresse: 3 rue van zeeland, Boulevard Abdelmoumen, Casablanca 20360<\/li>\n<\/ul>\n<p>[\/vc_column_text][\/vc_column][\/vc_row]<\/p>\n<\/div>","protected":false},"excerpt":{"rendered":"<p>[vc_row][vc_column][vc_column_text text_larger=\u00a0\u00bbno\u00a0\u00bb] CHARTE RELATIVE \u00c0 LA PROTECTION DES DONN\u00c9ES \u00c0 CARACT\u00c8RE PERSONNEL Derni\u00e8re mise \u00e0 jour : 09\/03\/ 2021 La<\/p>\n","protected":false},"author":85,"featured_media":0,"parent":0,"menu_order":0,"comment_status":"closed","ping_status":"closed","template":"","meta":{"_acf_changed":false,"footnotes":""},"class_list":["post-7233","page","type-page","status-publish","hentry"],"acf":[],"yoast_head":"<!-- This site is optimized with the Yoast SEO plugin v26.2 - https:\/\/yoast.com\/wordpress\/plugins\/seo\/ -->\n<title>Protection des donn\u00e9es - Radper<\/title>\n<meta name=\"robots\" content=\"index, follow, max-snippet:-1, max-image-preview:large, max-video-preview:-1\" \/>\n<link rel=\"canonical\" href=\"https:\/\/www.radper.com\/fr\/protection-des-donnees\/\" \/>\n<meta property=\"og:locale\" content=\"fr_FR\" \/>\n<meta property=\"og:type\" content=\"article\" \/>\n<meta property=\"og:title\" content=\"Protection des donn\u00e9es - Radper\" \/>\n<meta property=\"og:description\" content=\"[vc_row][vc_column][vc_column_text text_larger=\u00a0\u00bbno\u00a0\u00bb] CHARTE RELATIVE \u00c0 LA PROTECTION DES DONN\u00c9ES \u00c0 CARACT\u00c8RE PERSONNEL Derni\u00e8re mise \u00e0 jour : 09\/03\/ 2021 La\" \/>\n<meta property=\"og:url\" content=\"https:\/\/www.radper.com\/fr\/protection-des-donnees\/\" \/>\n<meta property=\"og:site_name\" content=\"Radper\" \/>\n<meta property=\"article:modified_time\" content=\"2021-03-09T15:53:53+00:00\" \/>\n<meta name=\"twitter:card\" content=\"summary_large_image\" \/>\n<meta name=\"twitter:label1\" content=\"Dur\u00e9e de lecture estim\u00e9e\" \/>\n\t<meta name=\"twitter:data1\" content=\"8 minutes\" \/>\n<script type=\"application\/ld+json\" class=\"yoast-schema-graph\">{\"@context\":\"https:\/\/schema.org\",\"@graph\":[{\"@type\":\"WebPage\",\"@id\":\"https:\/\/www.radper.com\/fr\/protection-des-donnees\/\",\"url\":\"https:\/\/www.radper.com\/fr\/protection-des-donnees\/\",\"name\":\"Protection des donn\u00e9es - Radper\",\"isPartOf\":{\"@id\":\"https:\/\/www.radper.com\/fr\/#website\"},\"datePublished\":\"2021-01-31T21:50:13+00:00\",\"dateModified\":\"2021-03-09T15:53:53+00:00\",\"breadcrumb\":{\"@id\":\"https:\/\/www.radper.com\/fr\/protection-des-donnees\/#breadcrumb\"},\"inLanguage\":\"fr-FR\",\"potentialAction\":[{\"@type\":\"ReadAction\",\"target\":[\"https:\/\/www.radper.com\/fr\/protection-des-donnees\/\"]}]},{\"@type\":\"BreadcrumbList\",\"@id\":\"https:\/\/www.radper.com\/fr\/protection-des-donnees\/#breadcrumb\",\"itemListElement\":[{\"@type\":\"ListItem\",\"position\":1,\"name\":\"Accueil\",\"item\":\"https:\/\/www.radper.com\/fr\/\"},{\"@type\":\"ListItem\",\"position\":2,\"name\":\"Protection des donn\u00e9es\"}]},{\"@type\":\"WebSite\",\"@id\":\"https:\/\/www.radper.com\/fr\/#website\",\"url\":\"https:\/\/www.radper.com\/fr\/\",\"name\":\"Radper\",\"description\":\"\",\"publisher\":{\"@id\":\"https:\/\/www.radper.com\/fr\/#organization\"},\"potentialAction\":[{\"@type\":\"SearchAction\",\"target\":{\"@type\":\"EntryPoint\",\"urlTemplate\":\"https:\/\/www.radper.com\/fr\/?s={search_term_string}\"},\"query-input\":{\"@type\":\"PropertyValueSpecification\",\"valueRequired\":true,\"valueName\":\"search_term_string\"}}],\"inLanguage\":\"fr-FR\"},{\"@type\":\"Organization\",\"@id\":\"https:\/\/www.radper.com\/fr\/#organization\",\"name\":\"radper\",\"url\":\"https:\/\/www.radper.com\/fr\/\",\"logo\":{\"@type\":\"ImageObject\",\"inLanguage\":\"fr-FR\",\"@id\":\"https:\/\/www.radper.com\/fr\/#\/schema\/logo\/image\/\",\"url\":\"https:\/\/radper.com\/wp-content\/uploads\/2021\/04\/logo-wide-11.png\",\"contentUrl\":\"https:\/\/radper.com\/wp-content\/uploads\/2021\/04\/logo-wide-11.png\",\"width\":250,\"height\":110,\"caption\":\"radper\"},\"image\":{\"@id\":\"https:\/\/www.radper.com\/fr\/#\/schema\/logo\/image\/\"}}]}<\/script>\n<!-- \/ Yoast SEO plugin. -->","yoast_head_json":{"title":"Protection des donn\u00e9es - Radper","robots":{"index":"index","follow":"follow","max-snippet":"max-snippet:-1","max-image-preview":"max-image-preview:large","max-video-preview":"max-video-preview:-1"},"canonical":"https:\/\/www.radper.com\/fr\/protection-des-donnees\/","og_locale":"fr_FR","og_type":"article","og_title":"Protection des donn\u00e9es - Radper","og_description":"[vc_row][vc_column][vc_column_text text_larger=\u00a0\u00bbno\u00a0\u00bb] CHARTE RELATIVE \u00c0 LA PROTECTION DES DONN\u00c9ES \u00c0 CARACT\u00c8RE PERSONNEL Derni\u00e8re mise \u00e0 jour : 09\/03\/ 2021 La","og_url":"https:\/\/www.radper.com\/fr\/protection-des-donnees\/","og_site_name":"Radper","article_modified_time":"2021-03-09T15:53:53+00:00","twitter_card":"summary_large_image","twitter_misc":{"Dur\u00e9e de lecture estim\u00e9e":"8 minutes"},"schema":{"@context":"https:\/\/schema.org","@graph":[{"@type":"WebPage","@id":"https:\/\/www.radper.com\/fr\/protection-des-donnees\/","url":"https:\/\/www.radper.com\/fr\/protection-des-donnees\/","name":"Protection des donn\u00e9es - Radper","isPartOf":{"@id":"https:\/\/www.radper.com\/fr\/#website"},"datePublished":"2021-01-31T21:50:13+00:00","dateModified":"2021-03-09T15:53:53+00:00","breadcrumb":{"@id":"https:\/\/www.radper.com\/fr\/protection-des-donnees\/#breadcrumb"},"inLanguage":"fr-FR","potentialAction":[{"@type":"ReadAction","target":["https:\/\/www.radper.com\/fr\/protection-des-donnees\/"]}]},{"@type":"BreadcrumbList","@id":"https:\/\/www.radper.com\/fr\/protection-des-donnees\/#breadcrumb","itemListElement":[{"@type":"ListItem","position":1,"name":"Accueil","item":"https:\/\/www.radper.com\/fr\/"},{"@type":"ListItem","position":2,"name":"Protection des donn\u00e9es"}]},{"@type":"WebSite","@id":"https:\/\/www.radper.com\/fr\/#website","url":"https:\/\/www.radper.com\/fr\/","name":"Radper","description":"","publisher":{"@id":"https:\/\/www.radper.com\/fr\/#organization"},"potentialAction":[{"@type":"SearchAction","target":{"@type":"EntryPoint","urlTemplate":"https:\/\/www.radper.com\/fr\/?s={search_term_string}"},"query-input":{"@type":"PropertyValueSpecification","valueRequired":true,"valueName":"search_term_string"}}],"inLanguage":"fr-FR"},{"@type":"Organization","@id":"https:\/\/www.radper.com\/fr\/#organization","name":"radper","url":"https:\/\/www.radper.com\/fr\/","logo":{"@type":"ImageObject","inLanguage":"fr-FR","@id":"https:\/\/www.radper.com\/fr\/#\/schema\/logo\/image\/","url":"https:\/\/radper.com\/wp-content\/uploads\/2021\/04\/logo-wide-11.png","contentUrl":"https:\/\/radper.com\/wp-content\/uploads\/2021\/04\/logo-wide-11.png","width":250,"height":110,"caption":"radper"},"image":{"@id":"https:\/\/www.radper.com\/fr\/#\/schema\/logo\/image\/"}}]}},"_links":{"self":[{"href":"https:\/\/www.radper.com\/fr\/wp-json\/wp\/v2\/pages\/7233","targetHints":{"allow":["GET"]}}],"collection":[{"href":"https:\/\/www.radper.com\/fr\/wp-json\/wp\/v2\/pages"}],"about":[{"href":"https:\/\/www.radper.com\/fr\/wp-json\/wp\/v2\/types\/page"}],"author":[{"embeddable":true,"href":"https:\/\/www.radper.com\/fr\/wp-json\/wp\/v2\/users\/85"}],"replies":[{"embeddable":true,"href":"https:\/\/www.radper.com\/fr\/wp-json\/wp\/v2\/comments?post=7233"}],"version-history":[{"count":0,"href":"https:\/\/www.radper.com\/fr\/wp-json\/wp\/v2\/pages\/7233\/revisions"}],"wp:attachment":[{"href":"https:\/\/www.radper.com\/fr\/wp-json\/wp\/v2\/media?parent=7233"}],"curies":[{"name":"wp","href":"https:\/\/api.w.org\/{rel}","templated":true}]}}