{"id":11836,"date":"2022-04-25T09:59:30","date_gmt":"2022-04-25T09:59:30","guid":{"rendered":"https:\/\/www.radper.com\/?post_type=product&#038;p=11836"},"modified":"2025-08-14T11:11:21","modified_gmt":"2025-08-14T11:11:21","slug":"3vl2712-1dc33-0aa0-3vl2716-1dc33-0aa0","status":"publish","type":"product","link":"https:\/\/www.radper.com\/fr\/catalogues\/materiel-electrique\/protecteurs-disjoncteurs\/3vl2712-1dc33-0aa0-3vl2716-1dc33-0aa0\/","title":{"rendered":"Disjoncteur VL160N 3VL2716-1DC33-0AA0 Siemens"},"content":{"rendered":"<h2 class=\"\" data-start=\"279\" data-end=\"382\">Disjoncteur Siemens 3VL2716-1DC33-0AA0 \u2013 VL160N \u2013 160 A \u2013 3 p\u00f4les \u2013 Icu 55 kA \u2013 D\u00e9clencheur TM LI<\/h2>\n<p class=\"\" data-start=\"384\" data-end=\"916\">Le disjoncteur <strong data-start=\"399\" data-end=\"429\">Siemens 3VL2716-1DC33-0AA0<\/strong> de la gamme <strong data-start=\"442\" data-end=\"452\">VL160N<\/strong> est un appareil de protection modulaire haute performance con\u00e7u pour la <strong data-start=\"525\" data-end=\"597\">protection des installations \u00e9lectriques basse tension jusqu\u2019\u00e0 160 A<\/strong>. Avec un <strong data-start=\"607\" data-end=\"653\">pouvoir de coupure Icu de 55 kA \u00e0 415 V CA<\/strong>, il assure une s\u00e9curit\u00e9 optimale contre les surcharges et les courts-circuits gr\u00e2ce \u00e0 son <strong data-start=\"744\" data-end=\"796\">d\u00e9clencheur thermique magn\u00e9tique (TM), courbe LI<\/strong>. Ce mod\u00e8le 3 p\u00f4les est id\u00e9al pour les applications exigeantes sans besoin de d\u00e9clencheur ou contact auxiliaire int\u00e9gr\u00e9. Son successeur est 3VA1116-5EF36-&#8230;.<\/p>\n<h3 class=\"\" data-start=\"2022\" data-end=\"2039\"><strong data-start=\"2026\" data-end=\"2039\">Avantages du disjoncteur 3VL2716-1DC33-0AA0<\/strong><\/h3>\n<ul data-start=\"2040\" data-end=\"2535\">\n<li class=\"\" data-start=\"2040\" data-end=\"2119\">\n<p class=\"\" data-start=\"2042\" data-end=\"2119\"><strong data-start=\"2042\" data-end=\"2069\">Haut pouvoir de coupure<\/strong> jusqu\u2019\u00e0 55 kA \u00e0 415 V pour une s\u00e9curit\u00e9 renforc\u00e9e<\/p>\n<\/li>\n<li class=\"\" data-start=\"2120\" data-end=\"2197\">\n<p class=\"\" data-start=\"2122\" data-end=\"2197\"><strong data-start=\"2122\" data-end=\"2140\">R\u00e9glage pr\u00e9cis<\/strong> du courant de d\u00e9clenchement (surcharge et court-circuit)<\/p>\n<\/li>\n<li class=\"\" data-start=\"2198\" data-end=\"2255\">\n<p class=\"\" data-start=\"2200\" data-end=\"2255\"><strong data-start=\"2200\" data-end=\"2226\">Large plage de tension<\/strong> jusqu\u2019\u00e0 690 V CA et 500 V CC<\/p>\n<\/li>\n<li class=\"\" data-start=\"2256\" data-end=\"2332\">\n<p class=\"\" data-start=\"2258\" data-end=\"2332\"><strong data-start=\"2258\" data-end=\"2278\">Grande long\u00e9vit\u00e9<\/strong> m\u00e9canique et \u00e9lectrique, adapt\u00e9e aux cycles intensifs<\/p>\n<\/li>\n<li class=\"\" data-start=\"2333\" data-end=\"2407\">\n<p class=\"\" data-start=\"2335\" data-end=\"2407\"><strong data-start=\"2335\" data-end=\"2360\">Compatibilit\u00e9 \u00e9tendue<\/strong> avec diff\u00e9rents types de c\u00e2bles et de sections<\/p>\n<\/li>\n<li class=\"\" data-start=\"2408\" data-end=\"2471\">\n<p class=\"\" data-start=\"2410\" data-end=\"2471\"><strong data-start=\"2410\" data-end=\"2437\">Installation simplifi\u00e9e<\/strong> gr\u00e2ce au raccordement par l\u2019avant<\/p>\n<\/li>\n<li class=\"\" data-start=\"2472\" data-end=\"2535\">\n<p class=\"\" data-start=\"2474\" data-end=\"2535\"><strong data-start=\"2474\" data-end=\"2504\">Pr\u00e9-\u00e9quip\u00e9 pour extensions<\/strong> (commande motoris\u00e9e en option)<\/p>\n<\/li>\n<\/ul>\n<h3 class=\"\" data-start=\"2542\" data-end=\"2562\"><strong data-start=\"2546\" data-end=\"2562\">Applications du disjoncteur 3VL2716-1DC33-0AA0<\/strong><\/h3>\n<p class=\"\" data-start=\"2563\" data-end=\"2680\">Ce disjoncteur est con\u00e7u pour la <strong data-start=\"2596\" data-end=\"2644\">protection fiable des circuits basse tension<\/strong> dans des environnements exigeants :<\/p>\n<ul data-start=\"2681\" data-end=\"2868\">\n<li class=\"\" data-start=\"2681\" data-end=\"2721\">\n<p class=\"\" data-start=\"2683\" data-end=\"2721\">Tableaux de distribution basse tension<\/p>\n<\/li>\n<li class=\"\" data-start=\"2722\" data-end=\"2765\">\n<p class=\"\" data-start=\"2724\" data-end=\"2765\">Installations tertiaires et industrielles<\/p>\n<\/li>\n<li class=\"\" data-start=\"2766\" data-end=\"2804\">\n<p class=\"\" data-start=\"2768\" data-end=\"2804\">Syst\u00e8mes de commande et automatismes<\/p>\n<\/li>\n<li class=\"\" data-start=\"2805\" data-end=\"2868\">\n<p class=\"\" data-start=\"2807\" data-end=\"2868\">Applications avec charges \u00e9lev\u00e9es et besoins de r\u00e9glages fins<\/p>\n<\/li>\n<\/ul>\n<p class=\"\" data-start=\"3361\" data-end=\"3572\"><strong data-start=\"3361\" data-end=\"3440\">\u27a1\ufe0fLe disjoncteur inclut-il des accessoires comme des contacts auxiliaires ?<\/strong><br data-start=\"3440\" data-end=\"3443\" \/>Non, ce mod\u00e8le n\u2019int\u00e8gre pas de contacts auxiliaires ni de d\u00e9clencheur \u00e0 minimum de tension. Ils peuvent \u00eatre ajout\u00e9s s\u00e9par\u00e9ment.<\/p>\n<p class=\"\" data-start=\"3574\" data-end=\"3661\"><strong data-start=\"3574\" data-end=\"3621\">\u27a1\ufe0fPeut-il \u00eatre utilis\u00e9 en courant continu ?<\/strong><br data-start=\"3621\" data-end=\"3624\" \/>Oui, jusqu\u2019\u00e0 une tension de 500 V CC.<\/p>\n<p class=\"\" data-start=\"3663\" data-end=\"3814\"><strong data-start=\"3663\" data-end=\"3722\">\u27a1\ufe0fLe produit est-il adapt\u00e9 \u00e0 des temp\u00e9ratures \u00e9lev\u00e9es ?<\/strong><br data-start=\"3722\" data-end=\"3725\" \/>Oui, il peut fonctionner jusqu\u2019\u00e0 70 \u00b0C, avec des d\u00e9classements adapt\u00e9s (137,6 A \u00e0 70 \u00b0C).<\/p>\n<p class=\"\" data-start=\"3816\" data-end=\"3963\"><strong data-start=\"3816\" data-end=\"3872\">\u27a1\ufe0fEst-il possible d\u2019ajouter une commande motoris\u00e9e ?<\/strong><br data-start=\"3872\" data-end=\"3875\" \/>Oui, le produit est compatible avec une extension pour commande motoris\u00e9e (non incluse).<\/p>\n<h3 class=\"\" data-start=\"212\" data-end=\"246\"><strong data-start=\"216\" data-end=\"246\">Environnement &amp; durabilit\u00e9<\/strong><\/h3>\n<p class=\"\" data-start=\"248\" data-end=\"996\">Con\u00e7u pour durer dans des environnements exigeants, ce disjoncteur supporte des temp\u00e9ratures de fonctionnement allant de 0 \u00b0C \u00e0 70 \u00b0C, et peut \u00eatre stock\u00e9 dans une plage \u00e9tendue de -40 \u00b0C \u00e0 +80 \u00b0C. Il est conforme aux normes internationales CEI \/ EN 60947-2 et CEI 750, garantissant un haut niveau de s\u00e9curit\u00e9 et de fiabilit\u00e9. Sa conception robuste permet une long\u00e9vit\u00e9 accrue et limite les besoins de maintenance, notamment gr\u00e2ce \u00e0 une bonne stabilit\u00e9 thermique. L&rsquo;appareil est \u00e9galement \u00e9volutif : il peut \u00eatre compl\u00e9t\u00e9 par des modules sans n\u00e9cessiter un remplacement complet, ce qui favorise une approche plus durable. Enfin, son indice de protection IP20 contribue \u00e0 la s\u00e9curit\u00e9 des installations en r\u00e9duisant les risques de contact accidentel.<\/p>\n","protected":false},"excerpt":{"rendered":"<p>3VL2716-1DC33-0AA0<\/p>\n","protected":false},"featured_media":11862,"template":"","meta":{"_acf_changed":false},"product_brand":[],"product_cat":[716],"product_tag":[],"class_list":{"0":"post-11836","1":"product","2":"type-product","3":"status-publish","4":"has-post-thumbnail","6":"product_cat-protecteurs-disjoncteurs","7":"product_shipping_class-materiel-electrique","8":"pa_marque-siemens","9":"pa_tension-690v","11":"first","12":"instock","13":"taxable","14":"shipping-taxable","15":"purchasable","16":"product-type-simple"},"acf":[],"yoast_head":"<!-- This site is optimized with the Yoast SEO plugin v26.2 - https:\/\/yoast.com\/wordpress\/plugins\/seo\/ -->\n<title>Disjoncteur VL160N 3VL2716-1DC33-0AA0 Siemens - Radper<\/title>\n<meta name=\"description\" content=\"Disjoncteur 160A, 3P, Icu 55 kA. R\u00e9glage pr\u00e9cis, robustesse et compatibilit\u00e9 jusqu\u2019\u00e0 690 V. Protection fiable et extensible avec Radper. 3VL2716-1DC33-0AA0.\" \/>\n<meta name=\"robots\" content=\"index, follow, max-snippet:-1, max-image-preview:large, max-video-preview:-1\" \/>\n<link rel=\"canonical\" href=\"https:\/\/www.radper.com\/fr\/catalogues\/materiel-electrique\/protecteurs-disjoncteurs\/3vl2712-1dc33-0aa0-3vl2716-1dc33-0aa0\/\" \/>\n<meta property=\"og:locale\" content=\"fr_FR\" \/>\n<meta property=\"og:type\" content=\"article\" \/>\n<meta property=\"og:title\" content=\"Disjoncteur VL160N 3VL2716-1DC33-0AA0 Siemens - Radper\" \/>\n<meta property=\"og:description\" content=\"Disjoncteur 160A, 3P, Icu 55 kA. R\u00e9glage pr\u00e9cis, robustesse et compatibilit\u00e9 jusqu\u2019\u00e0 690 V. Protection fiable et extensible avec Radper. 3VL2716-1DC33-0AA0.\" \/>\n<meta property=\"og:url\" content=\"https:\/\/www.radper.com\/fr\/catalogues\/materiel-electrique\/protecteurs-disjoncteurs\/3vl2712-1dc33-0aa0-3vl2716-1dc33-0aa0\/\" \/>\n<meta property=\"og:site_name\" content=\"Radper\" \/>\n<meta property=\"article:modified_time\" content=\"2025-08-14T11:11:21+00:00\" \/>\n<meta property=\"og:image\" content=\"https:\/\/www.radper.com\/wp-content\/uploads\/2022\/04\/3vl2716-1dc33-0aa0-1.jpg\" \/>\n\t<meta property=\"og:image:width\" content=\"600\" \/>\n\t<meta property=\"og:image:height\" content=\"600\" \/>\n\t<meta property=\"og:image:type\" content=\"image\/jpeg\" \/>\n<meta name=\"twitter:card\" content=\"summary_large_image\" \/>\n<meta name=\"twitter:label1\" content=\"Dur\u00e9e de lecture estim\u00e9e\" \/>\n\t<meta name=\"twitter:data1\" content=\"3 minutes\" \/>\n<script type=\"application\/ld+json\" class=\"yoast-schema-graph\">{\"@context\":\"https:\/\/schema.org\",\"@graph\":[{\"@type\":\"WebPage\",\"@id\":\"https:\/\/www.radper.com\/fr\/catalogues\/materiel-electrique\/protecteurs-disjoncteurs\/3vl2712-1dc33-0aa0-3vl2716-1dc33-0aa0\/\",\"url\":\"https:\/\/www.radper.com\/fr\/catalogues\/materiel-electrique\/protecteurs-disjoncteurs\/3vl2712-1dc33-0aa0-3vl2716-1dc33-0aa0\/\",\"name\":\"Disjoncteur VL160N 3VL2716-1DC33-0AA0 Siemens - Radper\",\"isPartOf\":{\"@id\":\"https:\/\/www.radper.com\/fr\/#website\"},\"primaryImageOfPage\":{\"@id\":\"https:\/\/www.radper.com\/fr\/catalogues\/materiel-electrique\/protecteurs-disjoncteurs\/3vl2712-1dc33-0aa0-3vl2716-1dc33-0aa0\/#primaryimage\"},\"image\":{\"@id\":\"https:\/\/www.radper.com\/fr\/catalogues\/materiel-electrique\/protecteurs-disjoncteurs\/3vl2712-1dc33-0aa0-3vl2716-1dc33-0aa0\/#primaryimage\"},\"thumbnailUrl\":\"https:\/\/www.radper.com\/wp-content\/uploads\/2022\/04\/3vl2716-1dc33-0aa0-1.jpg\",\"datePublished\":\"2022-04-25T09:59:30+00:00\",\"dateModified\":\"2025-08-14T11:11:21+00:00\",\"description\":\"Disjoncteur 160A, 3P, Icu 55 kA. R\u00e9glage pr\u00e9cis, robustesse et compatibilit\u00e9 jusqu\u2019\u00e0 690 V. Protection fiable et extensible avec Radper. 3VL2716-1DC33-0AA0.\",\"breadcrumb\":{\"@id\":\"https:\/\/www.radper.com\/fr\/catalogues\/materiel-electrique\/protecteurs-disjoncteurs\/3vl2712-1dc33-0aa0-3vl2716-1dc33-0aa0\/#breadcrumb\"},\"inLanguage\":\"fr-FR\",\"potentialAction\":[{\"@type\":\"ReadAction\",\"target\":[\"https:\/\/www.radper.com\/fr\/catalogues\/materiel-electrique\/protecteurs-disjoncteurs\/3vl2712-1dc33-0aa0-3vl2716-1dc33-0aa0\/\"]}]},{\"@type\":\"ImageObject\",\"inLanguage\":\"fr-FR\",\"@id\":\"https:\/\/www.radper.com\/fr\/catalogues\/materiel-electrique\/protecteurs-disjoncteurs\/3vl2712-1dc33-0aa0-3vl2716-1dc33-0aa0\/#primaryimage\",\"url\":\"https:\/\/www.radper.com\/wp-content\/uploads\/2022\/04\/3vl2716-1dc33-0aa0-1.jpg\",\"contentUrl\":\"https:\/\/www.radper.com\/wp-content\/uploads\/2022\/04\/3vl2716-1dc33-0aa0-1.jpg\",\"width\":600,\"height\":600},{\"@type\":\"BreadcrumbList\",\"@id\":\"https:\/\/www.radper.com\/fr\/catalogues\/materiel-electrique\/protecteurs-disjoncteurs\/3vl2712-1dc33-0aa0-3vl2716-1dc33-0aa0\/#breadcrumb\",\"itemListElement\":[{\"@type\":\"ListItem\",\"position\":1,\"name\":\"Accueil\",\"item\":\"https:\/\/www.radper.com\/fr\/\"},{\"@type\":\"ListItem\",\"position\":2,\"name\":\"Catalogue\",\"item\":\"https:\/\/www.radper.com\/fr\/catalogue\/\"},{\"@type\":\"ListItem\",\"position\":3,\"name\":\"Disjoncteur VL160N 3VL2716-1DC33-0AA0 Siemens\"}]},{\"@type\":\"WebSite\",\"@id\":\"https:\/\/www.radper.com\/fr\/#website\",\"url\":\"https:\/\/www.radper.com\/fr\/\",\"name\":\"Radper\",\"description\":\"\",\"publisher\":{\"@id\":\"https:\/\/www.radper.com\/fr\/#organization\"},\"potentialAction\":[{\"@type\":\"SearchAction\",\"target\":{\"@type\":\"EntryPoint\",\"urlTemplate\":\"https:\/\/www.radper.com\/fr\/?s={search_term_string}\"},\"query-input\":{\"@type\":\"PropertyValueSpecification\",\"valueRequired\":true,\"valueName\":\"search_term_string\"}}],\"inLanguage\":\"fr-FR\"},{\"@type\":\"Organization\",\"@id\":\"https:\/\/www.radper.com\/fr\/#organization\",\"name\":\"radper\",\"url\":\"https:\/\/www.radper.com\/fr\/\",\"logo\":{\"@type\":\"ImageObject\",\"inLanguage\":\"fr-FR\",\"@id\":\"https:\/\/www.radper.com\/fr\/#\/schema\/logo\/image\/\",\"url\":\"https:\/\/radper.com\/wp-content\/uploads\/2021\/04\/logo-wide-11.png\",\"contentUrl\":\"https:\/\/radper.com\/wp-content\/uploads\/2021\/04\/logo-wide-11.png\",\"width\":250,\"height\":110,\"caption\":\"radper\"},\"image\":{\"@id\":\"https:\/\/www.radper.com\/fr\/#\/schema\/logo\/image\/\"}}]}<\/script>\n<!-- \/ Yoast SEO plugin. -->","yoast_head_json":{"title":"Disjoncteur VL160N 3VL2716-1DC33-0AA0 Siemens - Radper","description":"Disjoncteur 160A, 3P, Icu 55 kA. R\u00e9glage pr\u00e9cis, robustesse et compatibilit\u00e9 jusqu\u2019\u00e0 690 V. Protection fiable et extensible avec Radper. 3VL2716-1DC33-0AA0.","robots":{"index":"index","follow":"follow","max-snippet":"max-snippet:-1","max-image-preview":"max-image-preview:large","max-video-preview":"max-video-preview:-1"},"canonical":"https:\/\/www.radper.com\/fr\/catalogues\/materiel-electrique\/protecteurs-disjoncteurs\/3vl2712-1dc33-0aa0-3vl2716-1dc33-0aa0\/","og_locale":"fr_FR","og_type":"article","og_title":"Disjoncteur VL160N 3VL2716-1DC33-0AA0 Siemens - Radper","og_description":"Disjoncteur 160A, 3P, Icu 55 kA. R\u00e9glage pr\u00e9cis, robustesse et compatibilit\u00e9 jusqu\u2019\u00e0 690 V. Protection fiable et extensible avec Radper. 3VL2716-1DC33-0AA0.","og_url":"https:\/\/www.radper.com\/fr\/catalogues\/materiel-electrique\/protecteurs-disjoncteurs\/3vl2712-1dc33-0aa0-3vl2716-1dc33-0aa0\/","og_site_name":"Radper","article_modified_time":"2025-08-14T11:11:21+00:00","og_image":[{"width":600,"height":600,"url":"https:\/\/www.radper.com\/wp-content\/uploads\/2022\/04\/3vl2716-1dc33-0aa0-1.jpg","type":"image\/jpeg"}],"twitter_card":"summary_large_image","twitter_misc":{"Dur\u00e9e de lecture estim\u00e9e":"3 minutes"},"schema":{"@context":"https:\/\/schema.org","@graph":[{"@type":"WebPage","@id":"https:\/\/www.radper.com\/fr\/catalogues\/materiel-electrique\/protecteurs-disjoncteurs\/3vl2712-1dc33-0aa0-3vl2716-1dc33-0aa0\/","url":"https:\/\/www.radper.com\/fr\/catalogues\/materiel-electrique\/protecteurs-disjoncteurs\/3vl2712-1dc33-0aa0-3vl2716-1dc33-0aa0\/","name":"Disjoncteur VL160N 3VL2716-1DC33-0AA0 Siemens - Radper","isPartOf":{"@id":"https:\/\/www.radper.com\/fr\/#website"},"primaryImageOfPage":{"@id":"https:\/\/www.radper.com\/fr\/catalogues\/materiel-electrique\/protecteurs-disjoncteurs\/3vl2712-1dc33-0aa0-3vl2716-1dc33-0aa0\/#primaryimage"},"image":{"@id":"https:\/\/www.radper.com\/fr\/catalogues\/materiel-electrique\/protecteurs-disjoncteurs\/3vl2712-1dc33-0aa0-3vl2716-1dc33-0aa0\/#primaryimage"},"thumbnailUrl":"https:\/\/www.radper.com\/wp-content\/uploads\/2022\/04\/3vl2716-1dc33-0aa0-1.jpg","datePublished":"2022-04-25T09:59:30+00:00","dateModified":"2025-08-14T11:11:21+00:00","description":"Disjoncteur 160A, 3P, Icu 55 kA. R\u00e9glage pr\u00e9cis, robustesse et compatibilit\u00e9 jusqu\u2019\u00e0 690 V. Protection fiable et extensible avec Radper. 3VL2716-1DC33-0AA0.","breadcrumb":{"@id":"https:\/\/www.radper.com\/fr\/catalogues\/materiel-electrique\/protecteurs-disjoncteurs\/3vl2712-1dc33-0aa0-3vl2716-1dc33-0aa0\/#breadcrumb"},"inLanguage":"fr-FR","potentialAction":[{"@type":"ReadAction","target":["https:\/\/www.radper.com\/fr\/catalogues\/materiel-electrique\/protecteurs-disjoncteurs\/3vl2712-1dc33-0aa0-3vl2716-1dc33-0aa0\/"]}]},{"@type":"ImageObject","inLanguage":"fr-FR","@id":"https:\/\/www.radper.com\/fr\/catalogues\/materiel-electrique\/protecteurs-disjoncteurs\/3vl2712-1dc33-0aa0-3vl2716-1dc33-0aa0\/#primaryimage","url":"https:\/\/www.radper.com\/wp-content\/uploads\/2022\/04\/3vl2716-1dc33-0aa0-1.jpg","contentUrl":"https:\/\/www.radper.com\/wp-content\/uploads\/2022\/04\/3vl2716-1dc33-0aa0-1.jpg","width":600,"height":600},{"@type":"BreadcrumbList","@id":"https:\/\/www.radper.com\/fr\/catalogues\/materiel-electrique\/protecteurs-disjoncteurs\/3vl2712-1dc33-0aa0-3vl2716-1dc33-0aa0\/#breadcrumb","itemListElement":[{"@type":"ListItem","position":1,"name":"Accueil","item":"https:\/\/www.radper.com\/fr\/"},{"@type":"ListItem","position":2,"name":"Catalogue","item":"https:\/\/www.radper.com\/fr\/catalogue\/"},{"@type":"ListItem","position":3,"name":"Disjoncteur VL160N 3VL2716-1DC33-0AA0 Siemens"}]},{"@type":"WebSite","@id":"https:\/\/www.radper.com\/fr\/#website","url":"https:\/\/www.radper.com\/fr\/","name":"Radper","description":"","publisher":{"@id":"https:\/\/www.radper.com\/fr\/#organization"},"potentialAction":[{"@type":"SearchAction","target":{"@type":"EntryPoint","urlTemplate":"https:\/\/www.radper.com\/fr\/?s={search_term_string}"},"query-input":{"@type":"PropertyValueSpecification","valueRequired":true,"valueName":"search_term_string"}}],"inLanguage":"fr-FR"},{"@type":"Organization","@id":"https:\/\/www.radper.com\/fr\/#organization","name":"radper","url":"https:\/\/www.radper.com\/fr\/","logo":{"@type":"ImageObject","inLanguage":"fr-FR","@id":"https:\/\/www.radper.com\/fr\/#\/schema\/logo\/image\/","url":"https:\/\/radper.com\/wp-content\/uploads\/2021\/04\/logo-wide-11.png","contentUrl":"https:\/\/radper.com\/wp-content\/uploads\/2021\/04\/logo-wide-11.png","width":250,"height":110,"caption":"radper"},"image":{"@id":"https:\/\/www.radper.com\/fr\/#\/schema\/logo\/image\/"}}]}},"_links":{"self":[{"href":"https:\/\/www.radper.com\/fr\/wp-json\/wp\/v2\/product\/11836","targetHints":{"allow":["GET"]}}],"collection":[{"href":"https:\/\/www.radper.com\/fr\/wp-json\/wp\/v2\/product"}],"about":[{"href":"https:\/\/www.radper.com\/fr\/wp-json\/wp\/v2\/types\/product"}],"wp:featuredmedia":[{"embeddable":true,"href":"https:\/\/www.radper.com\/fr\/wp-json\/wp\/v2\/media\/11862"}],"wp:attachment":[{"href":"https:\/\/www.radper.com\/fr\/wp-json\/wp\/v2\/media?parent=11836"}],"wp:term":[{"taxonomy":"product_brand","embeddable":true,"href":"https:\/\/www.radper.com\/fr\/wp-json\/wp\/v2\/product_brand?post=11836"},{"taxonomy":"product_cat","embeddable":true,"href":"https:\/\/www.radper.com\/fr\/wp-json\/wp\/v2\/product_cat?post=11836"},{"taxonomy":"product_tag","embeddable":true,"href":"https:\/\/www.radper.com\/fr\/wp-json\/wp\/v2\/product_tag?post=11836"}],"curies":[{"name":"wp","href":"https:\/\/api.w.org\/{rel}","templated":true}]}}