{"id":11893,"date":"2022-04-29T10:15:47","date_gmt":"2022-04-29T10:15:47","guid":{"rendered":"https:\/\/www.radper.com\/?post_type=product&#038;p=11893"},"modified":"2025-05-07T09:05:05","modified_gmt":"2025-05-07T09:05:05","slug":"interrupteur-de-securite-siemens","status":"publish","type":"product","link":"https:\/\/www.radper.com\/fr\/catalogues\/materiel-electrique\/contacteur-2\/interrupteur-de-securite-siemens\/","title":{"rendered":"Interrupteur de s\u00e9curit\u00e9 3SE5112-0CH80 SIEMENS"},"content":{"rendered":"<h3 class=\"\" data-start=\"182\" data-end=\"269\"><strong data-start=\"186\" data-end=\"269\">Interrupteur de position m\u00e9tallique avec levier rotatif \u2013 Siemens 3SE5112-0CH80<\/strong><\/h3>\n<p class=\"\" data-start=\"271\" data-end=\"660\">Le mod\u00e8le <strong data-start=\"281\" data-end=\"298\">3SE5112-0CH80<\/strong> de Siemens est un <strong data-start=\"317\" data-end=\"355\">interrupteur de position m\u00e9canique<\/strong> robuste de la gamme <strong data-start=\"376\" data-end=\"386\">SIRIUS<\/strong>, conforme \u00e0 la norme <strong data-start=\"408\" data-end=\"420\">EN 50041<\/strong>. \u00c9quip\u00e9 d\u2019un <strong data-start=\"434\" data-end=\"462\">bo\u00eetier m\u00e9tallique 40 mm<\/strong>, d\u2019un <strong data-start=\"469\" data-end=\"535\">levier rotatif r\u00e9glable \u00e0 droite\/gauche en aluminium de 200 mm<\/strong>, et de <strong data-start=\"543\" data-end=\"585\">contacts \u00e0 action rapide (1 NO \/ 1 NC)<\/strong>, il garantit une d\u00e9tection fiable en environnements industriels exigeants.<\/p>\n<h3 class=\"\" data-start=\"1766\" data-end=\"1786\"><strong data-start=\"1770\" data-end=\"1786\">Applications<\/strong><\/h3>\n<p class=\"\" data-start=\"1788\" data-end=\"2102\">Ce commutateur est con\u00e7u pour des applications <strong data-start=\"1835\" data-end=\"1852\">industrielles<\/strong> o\u00f9 une <strong data-start=\"1860\" data-end=\"1902\">d\u00e9tection m\u00e9canique pr\u00e9cise et durable<\/strong> est requise : machines-outils, syst\u00e8mes de manutention, lignes de production. Il est \u00e9galement adapt\u00e9 \u00e0 des environnements exigeants gr\u00e2ce \u00e0 son <strong data-start=\"2048\" data-end=\"2063\">indice IP67<\/strong> et sa <strong data-start=\"2070\" data-end=\"2101\">grande robustesse m\u00e9canique<\/strong>.<\/p>\n<p class=\"\" data-start=\"2124\" data-end=\"2280\"><strong data-start=\"2124\" data-end=\"2172\">\u27a1\ufe0fCe mod\u00e8le est-il un dispositif de s\u00e9curit\u00e9 ?<\/strong><br data-start=\"2172\" data-end=\"2175\" \/>Non, il ne s&rsquo;agit pas d\u2019un interrupteur de s\u00e9curit\u00e9. Il ne comporte aucun contact de s\u00e9curit\u00e9 certifi\u00e9.<\/p>\n<p class=\"\" data-start=\"2284\" data-end=\"2456\"><strong data-start=\"2284\" data-end=\"2339\">\u27a1\ufe0fPeut-il \u00eatre mont\u00e9 dans n\u2019importe quelle position ?<\/strong><br data-start=\"2339\" data-end=\"2342\" \/>Oui, le montage est possible dans toutes les positions gr\u00e2ce \u00e0 son design compact et sa t\u00eate rotative ajustable.<\/p>\n","protected":false},"excerpt":{"rendered":"<p>3SE5112-0CH80<\/p>\n","protected":false},"featured_media":11894,"template":"","meta":{"_acf_changed":false},"product_brand":[],"product_cat":[784],"product_tag":[],"class_list":{"0":"post-11893","1":"product","2":"type-product","3":"status-publish","4":"has-post-thumbnail","6":"product_cat-contacteur-2","7":"pa_marque-siemens","9":"first","10":"instock","11":"taxable","12":"shipping-taxable","13":"purchasable","14":"product-type-simple"},"acf":[],"yoast_head":"<!-- This site is optimized with the Yoast SEO plugin v26.2 - https:\/\/yoast.com\/wordpress\/plugins\/seo\/ -->\n<title>Interrupteur de s\u00e9curit\u00e9 3SE5112-0CH80 SIEMENS - Radper<\/title>\n<meta name=\"description\" content=\"Interrupteur de position 3SE5112-0CH80 Siemens avec levier rotatif robuste. D\u00e9tection fiable et long\u00e9vit\u00e9. Disponible sur la marketplace Radper.\" \/>\n<meta name=\"robots\" content=\"index, follow, max-snippet:-1, max-image-preview:large, max-video-preview:-1\" \/>\n<link rel=\"canonical\" href=\"https:\/\/www.radper.com\/fr\/catalogues\/materiel-electrique\/contacteur-2\/interrupteur-de-securite-siemens\/\" \/>\n<meta property=\"og:locale\" content=\"fr_FR\" \/>\n<meta property=\"og:type\" content=\"article\" \/>\n<meta property=\"og:title\" content=\"Interrupteur de s\u00e9curit\u00e9 3SE5112-0CH80 SIEMENS - Radper\" \/>\n<meta property=\"og:description\" content=\"Interrupteur de position 3SE5112-0CH80 Siemens avec levier rotatif robuste. D\u00e9tection fiable et long\u00e9vit\u00e9. Disponible sur la marketplace Radper.\" \/>\n<meta property=\"og:url\" content=\"https:\/\/www.radper.com\/fr\/catalogues\/materiel-electrique\/contacteur-2\/interrupteur-de-securite-siemens\/\" \/>\n<meta property=\"og:site_name\" content=\"Radper\" \/>\n<meta property=\"article:modified_time\" content=\"2025-05-07T09:05:05+00:00\" \/>\n<meta property=\"og:image\" content=\"https:\/\/www.radper.com\/wp-content\/uploads\/2022\/04\/SIE2970777_PHOTOHD_1.jpeg\" \/>\n\t<meta property=\"og:image:width\" content=\"420\" \/>\n\t<meta property=\"og:image:height\" content=\"420\" \/>\n\t<meta property=\"og:image:type\" content=\"image\/jpeg\" \/>\n<meta name=\"twitter:card\" content=\"summary_large_image\" \/>\n<meta name=\"twitter:label1\" content=\"Dur\u00e9e de lecture estim\u00e9e\" \/>\n\t<meta name=\"twitter:data1\" content=\"2 minutes\" \/>\n<script type=\"application\/ld+json\" class=\"yoast-schema-graph\">{\"@context\":\"https:\/\/schema.org\",\"@graph\":[{\"@type\":\"WebPage\",\"@id\":\"https:\/\/www.radper.com\/fr\/catalogues\/materiel-electrique\/contacteur-2\/interrupteur-de-securite-siemens\/\",\"url\":\"https:\/\/www.radper.com\/fr\/catalogues\/materiel-electrique\/contacteur-2\/interrupteur-de-securite-siemens\/\",\"name\":\"Interrupteur de s\u00e9curit\u00e9 3SE5112-0CH80 SIEMENS - Radper\",\"isPartOf\":{\"@id\":\"https:\/\/www.radper.com\/fr\/#website\"},\"primaryImageOfPage\":{\"@id\":\"https:\/\/www.radper.com\/fr\/catalogues\/materiel-electrique\/contacteur-2\/interrupteur-de-securite-siemens\/#primaryimage\"},\"image\":{\"@id\":\"https:\/\/www.radper.com\/fr\/catalogues\/materiel-electrique\/contacteur-2\/interrupteur-de-securite-siemens\/#primaryimage\"},\"thumbnailUrl\":\"https:\/\/www.radper.com\/wp-content\/uploads\/2022\/04\/SIE2970777_PHOTOHD_1.jpeg\",\"datePublished\":\"2022-04-29T10:15:47+00:00\",\"dateModified\":\"2025-05-07T09:05:05+00:00\",\"description\":\"Interrupteur de position 3SE5112-0CH80 Siemens avec levier rotatif robuste. D\u00e9tection fiable et long\u00e9vit\u00e9. Disponible sur la marketplace Radper.\",\"breadcrumb\":{\"@id\":\"https:\/\/www.radper.com\/fr\/catalogues\/materiel-electrique\/contacteur-2\/interrupteur-de-securite-siemens\/#breadcrumb\"},\"inLanguage\":\"fr-FR\",\"potentialAction\":[{\"@type\":\"ReadAction\",\"target\":[\"https:\/\/www.radper.com\/fr\/catalogues\/materiel-electrique\/contacteur-2\/interrupteur-de-securite-siemens\/\"]}]},{\"@type\":\"ImageObject\",\"inLanguage\":\"fr-FR\",\"@id\":\"https:\/\/www.radper.com\/fr\/catalogues\/materiel-electrique\/contacteur-2\/interrupteur-de-securite-siemens\/#primaryimage\",\"url\":\"https:\/\/www.radper.com\/wp-content\/uploads\/2022\/04\/SIE2970777_PHOTOHD_1.jpeg\",\"contentUrl\":\"https:\/\/www.radper.com\/wp-content\/uploads\/2022\/04\/SIE2970777_PHOTOHD_1.jpeg\",\"width\":420,\"height\":420},{\"@type\":\"BreadcrumbList\",\"@id\":\"https:\/\/www.radper.com\/fr\/catalogues\/materiel-electrique\/contacteur-2\/interrupteur-de-securite-siemens\/#breadcrumb\",\"itemListElement\":[{\"@type\":\"ListItem\",\"position\":1,\"name\":\"Accueil\",\"item\":\"https:\/\/www.radper.com\/fr\/\"},{\"@type\":\"ListItem\",\"position\":2,\"name\":\"Catalogue\",\"item\":\"https:\/\/www.radper.com\/fr\/catalogue\/\"},{\"@type\":\"ListItem\",\"position\":3,\"name\":\"Interrupteur de s\u00e9curit\u00e9 3SE5112-0CH80 SIEMENS\"}]},{\"@type\":\"WebSite\",\"@id\":\"https:\/\/www.radper.com\/fr\/#website\",\"url\":\"https:\/\/www.radper.com\/fr\/\",\"name\":\"Radper\",\"description\":\"\",\"publisher\":{\"@id\":\"https:\/\/www.radper.com\/fr\/#organization\"},\"potentialAction\":[{\"@type\":\"SearchAction\",\"target\":{\"@type\":\"EntryPoint\",\"urlTemplate\":\"https:\/\/www.radper.com\/fr\/?s={search_term_string}\"},\"query-input\":{\"@type\":\"PropertyValueSpecification\",\"valueRequired\":true,\"valueName\":\"search_term_string\"}}],\"inLanguage\":\"fr-FR\"},{\"@type\":\"Organization\",\"@id\":\"https:\/\/www.radper.com\/fr\/#organization\",\"name\":\"radper\",\"url\":\"https:\/\/www.radper.com\/fr\/\",\"logo\":{\"@type\":\"ImageObject\",\"inLanguage\":\"fr-FR\",\"@id\":\"https:\/\/www.radper.com\/fr\/#\/schema\/logo\/image\/\",\"url\":\"https:\/\/radper.com\/wp-content\/uploads\/2021\/04\/logo-wide-11.png\",\"contentUrl\":\"https:\/\/radper.com\/wp-content\/uploads\/2021\/04\/logo-wide-11.png\",\"width\":250,\"height\":110,\"caption\":\"radper\"},\"image\":{\"@id\":\"https:\/\/www.radper.com\/fr\/#\/schema\/logo\/image\/\"}}]}<\/script>\n<!-- \/ Yoast SEO plugin. -->","yoast_head_json":{"title":"Interrupteur de s\u00e9curit\u00e9 3SE5112-0CH80 SIEMENS - Radper","description":"Interrupteur de position 3SE5112-0CH80 Siemens avec levier rotatif robuste. D\u00e9tection fiable et long\u00e9vit\u00e9. Disponible sur la marketplace Radper.","robots":{"index":"index","follow":"follow","max-snippet":"max-snippet:-1","max-image-preview":"max-image-preview:large","max-video-preview":"max-video-preview:-1"},"canonical":"https:\/\/www.radper.com\/fr\/catalogues\/materiel-electrique\/contacteur-2\/interrupteur-de-securite-siemens\/","og_locale":"fr_FR","og_type":"article","og_title":"Interrupteur de s\u00e9curit\u00e9 3SE5112-0CH80 SIEMENS - Radper","og_description":"Interrupteur de position 3SE5112-0CH80 Siemens avec levier rotatif robuste. D\u00e9tection fiable et long\u00e9vit\u00e9. Disponible sur la marketplace Radper.","og_url":"https:\/\/www.radper.com\/fr\/catalogues\/materiel-electrique\/contacteur-2\/interrupteur-de-securite-siemens\/","og_site_name":"Radper","article_modified_time":"2025-05-07T09:05:05+00:00","og_image":[{"width":420,"height":420,"url":"https:\/\/www.radper.com\/wp-content\/uploads\/2022\/04\/SIE2970777_PHOTOHD_1.jpeg","type":"image\/jpeg"}],"twitter_card":"summary_large_image","twitter_misc":{"Dur\u00e9e de lecture estim\u00e9e":"2 minutes"},"schema":{"@context":"https:\/\/schema.org","@graph":[{"@type":"WebPage","@id":"https:\/\/www.radper.com\/fr\/catalogues\/materiel-electrique\/contacteur-2\/interrupteur-de-securite-siemens\/","url":"https:\/\/www.radper.com\/fr\/catalogues\/materiel-electrique\/contacteur-2\/interrupteur-de-securite-siemens\/","name":"Interrupteur de s\u00e9curit\u00e9 3SE5112-0CH80 SIEMENS - Radper","isPartOf":{"@id":"https:\/\/www.radper.com\/fr\/#website"},"primaryImageOfPage":{"@id":"https:\/\/www.radper.com\/fr\/catalogues\/materiel-electrique\/contacteur-2\/interrupteur-de-securite-siemens\/#primaryimage"},"image":{"@id":"https:\/\/www.radper.com\/fr\/catalogues\/materiel-electrique\/contacteur-2\/interrupteur-de-securite-siemens\/#primaryimage"},"thumbnailUrl":"https:\/\/www.radper.com\/wp-content\/uploads\/2022\/04\/SIE2970777_PHOTOHD_1.jpeg","datePublished":"2022-04-29T10:15:47+00:00","dateModified":"2025-05-07T09:05:05+00:00","description":"Interrupteur de position 3SE5112-0CH80 Siemens avec levier rotatif robuste. D\u00e9tection fiable et long\u00e9vit\u00e9. Disponible sur la marketplace Radper.","breadcrumb":{"@id":"https:\/\/www.radper.com\/fr\/catalogues\/materiel-electrique\/contacteur-2\/interrupteur-de-securite-siemens\/#breadcrumb"},"inLanguage":"fr-FR","potentialAction":[{"@type":"ReadAction","target":["https:\/\/www.radper.com\/fr\/catalogues\/materiel-electrique\/contacteur-2\/interrupteur-de-securite-siemens\/"]}]},{"@type":"ImageObject","inLanguage":"fr-FR","@id":"https:\/\/www.radper.com\/fr\/catalogues\/materiel-electrique\/contacteur-2\/interrupteur-de-securite-siemens\/#primaryimage","url":"https:\/\/www.radper.com\/wp-content\/uploads\/2022\/04\/SIE2970777_PHOTOHD_1.jpeg","contentUrl":"https:\/\/www.radper.com\/wp-content\/uploads\/2022\/04\/SIE2970777_PHOTOHD_1.jpeg","width":420,"height":420},{"@type":"BreadcrumbList","@id":"https:\/\/www.radper.com\/fr\/catalogues\/materiel-electrique\/contacteur-2\/interrupteur-de-securite-siemens\/#breadcrumb","itemListElement":[{"@type":"ListItem","position":1,"name":"Accueil","item":"https:\/\/www.radper.com\/fr\/"},{"@type":"ListItem","position":2,"name":"Catalogue","item":"https:\/\/www.radper.com\/fr\/catalogue\/"},{"@type":"ListItem","position":3,"name":"Interrupteur de s\u00e9curit\u00e9 3SE5112-0CH80 SIEMENS"}]},{"@type":"WebSite","@id":"https:\/\/www.radper.com\/fr\/#website","url":"https:\/\/www.radper.com\/fr\/","name":"Radper","description":"","publisher":{"@id":"https:\/\/www.radper.com\/fr\/#organization"},"potentialAction":[{"@type":"SearchAction","target":{"@type":"EntryPoint","urlTemplate":"https:\/\/www.radper.com\/fr\/?s={search_term_string}"},"query-input":{"@type":"PropertyValueSpecification","valueRequired":true,"valueName":"search_term_string"}}],"inLanguage":"fr-FR"},{"@type":"Organization","@id":"https:\/\/www.radper.com\/fr\/#organization","name":"radper","url":"https:\/\/www.radper.com\/fr\/","logo":{"@type":"ImageObject","inLanguage":"fr-FR","@id":"https:\/\/www.radper.com\/fr\/#\/schema\/logo\/image\/","url":"https:\/\/radper.com\/wp-content\/uploads\/2021\/04\/logo-wide-11.png","contentUrl":"https:\/\/radper.com\/wp-content\/uploads\/2021\/04\/logo-wide-11.png","width":250,"height":110,"caption":"radper"},"image":{"@id":"https:\/\/www.radper.com\/fr\/#\/schema\/logo\/image\/"}}]}},"_links":{"self":[{"href":"https:\/\/www.radper.com\/fr\/wp-json\/wp\/v2\/product\/11893","targetHints":{"allow":["GET"]}}],"collection":[{"href":"https:\/\/www.radper.com\/fr\/wp-json\/wp\/v2\/product"}],"about":[{"href":"https:\/\/www.radper.com\/fr\/wp-json\/wp\/v2\/types\/product"}],"wp:featuredmedia":[{"embeddable":true,"href":"https:\/\/www.radper.com\/fr\/wp-json\/wp\/v2\/media\/11894"}],"wp:attachment":[{"href":"https:\/\/www.radper.com\/fr\/wp-json\/wp\/v2\/media?parent=11893"}],"wp:term":[{"taxonomy":"product_brand","embeddable":true,"href":"https:\/\/www.radper.com\/fr\/wp-json\/wp\/v2\/product_brand?post=11893"},{"taxonomy":"product_cat","embeddable":true,"href":"https:\/\/www.radper.com\/fr\/wp-json\/wp\/v2\/product_cat?post=11893"},{"taxonomy":"product_tag","embeddable":true,"href":"https:\/\/www.radper.com\/fr\/wp-json\/wp\/v2\/product_tag?post=11893"}],"curies":[{"name":"wp","href":"https:\/\/api.w.org\/{rel}","templated":true}]}}