{"id":12057,"date":"2022-05-04T12:17:23","date_gmt":"2022-05-04T12:17:23","guid":{"rendered":"https:\/\/www.radper.com\/?post_type=product&#038;p=12057"},"modified":"2025-05-06T11:41:25","modified_gmt":"2025-05-06T11:41:25","slug":"amperemetre-analogique-7kt1-020","status":"publish","type":"product","link":"https:\/\/www.radper.com\/fr\/catalogues\/materiel-electrique\/mesure\/amperemetre-analogique-7kt1-020\/","title":{"rendered":"Amp\u00e8rem\u00e8tre analogique 7KT1 020 Siemens"},"content":{"rendered":"<h3 class=\"\" data-start=\"240\" data-end=\"323\">Amp\u00e8rem\u00e8tre analogique Siemens 7KT1020 \u2013 Pour transformateur de courant (5 A)<\/h3>\n<p class=\"\" data-start=\"325\" data-end=\"625\">L\u2019amp\u00e8rem\u00e8tre analogique <strong data-start=\"349\" data-end=\"368\">Siemens 7KT1020<\/strong> est con\u00e7u pour les syst\u00e8mes avec transformateur de courant 5 A. Il permet une lecture simple et pr\u00e9cise du courant mesur\u00e9 via une aiguille sur cadran. Livr\u00e9 avec \u00e9chelles interchangeables, il s\u2019adapte \u00e0 plusieurs courants primaires standards jusqu\u2019\u00e0 400 A.<\/p>\n<h3 class=\"\" data-start=\"1720\" data-end=\"1739\">Applications<\/h3>\n<ul data-start=\"1741\" data-end=\"1942\">\n<li class=\"\" data-start=\"1741\" data-end=\"1787\">\n<p class=\"\" data-start=\"1743\" data-end=\"1787\"><strong data-start=\"1743\" data-end=\"1785\">Tableaux de distribution basse tension<\/strong><\/p>\n<\/li>\n<li class=\"\" data-start=\"1788\" data-end=\"1870\">\n<p class=\"\" data-start=\"1790\" data-end=\"1870\"><strong data-start=\"1790\" data-end=\"1868\">Surveillance du courant dans des installations industrielles ou tertiaires<\/strong><\/p>\n<\/li>\n<li class=\"\" data-start=\"1871\" data-end=\"1942\">\n<p class=\"\" data-start=\"1873\" data-end=\"1942\"><strong data-start=\"1873\" data-end=\"1942\">Syst\u00e8mes utilisant des transformateurs de courant secondaires 5 A<\/strong><\/p>\n<\/li>\n<\/ul>\n<p class=\"\" data-start=\"1960\" data-end=\"2059\"><strong data-start=\"1960\" data-end=\"1995\">\u27a1\ufe0fCe mod\u00e8le est-il r\u00e9tro\u00e9clair\u00e9 ?<\/strong><br data-start=\"1995\" data-end=\"1998\" \/>Non, le Siemens 7KT1020 ne dispose pas d\u2019\u00e9clairage du cadran.<\/p>\n<p class=\"\" data-start=\"2061\" data-end=\"2269\"><strong data-start=\"2061\" data-end=\"2127\">\u27a1\ufe0fL\u2019amperm\u00e8tre est-il compatible avec tous les transformateurs ?<\/strong><br data-start=\"2127\" data-end=\"2130\" \/>Il est con\u00e7u pour fonctionner avec des transformateurs de courant \u00e0 secondaire 5 A, norme standard dans les installations professionnelles.<\/p>\n<p class=\"\" data-start=\"2271\" data-end=\"2407\"><strong data-start=\"2271\" data-end=\"2315\">\u27a1\ufe0fPeut-on remplacer l\u2019\u00e9chelle facilement ?<\/strong><br data-start=\"2315\" data-end=\"2318\" \/>Oui, les \u00e9chelles de 60 A, 150 A et 400 A sont fournies. Celle de 150 A est pr\u00e9install\u00e9e.<\/p>\n","protected":false},"excerpt":{"rendered":"<p>7KT1 020<\/p>\n","protected":false},"featured_media":44553,"template":"","meta":{"_acf_changed":false},"product_brand":[],"product_cat":[11272],"product_tag":[],"class_list":{"0":"post-12057","1":"product","2":"type-product","3":"status-publish","4":"has-post-thumbnail","6":"product_cat-mesure","7":"pa_marque-siemens","9":"first","10":"instock","11":"taxable","12":"shipping-taxable","13":"purchasable","14":"product-type-simple"},"acf":[],"yoast_head":"<!-- This site is optimized with the Yoast SEO plugin v26.2 - https:\/\/yoast.com\/wordpress\/plugins\/seo\/ -->\n<title>Amp\u00e8rem\u00e8tre analogique 7KT1 020 Siemens - Radper<\/title>\n<meta name=\"description\" content=\"Amperm\u00e8tre analogique Siemens 7KT1020 pour TC 5A. \u00c9chelles 60\/150\/400A fournies. Lecture pr\u00e9cise sur rail DIN. Accompagnement expert avec Radper.\" \/>\n<meta name=\"robots\" content=\"index, follow, max-snippet:-1, max-image-preview:large, max-video-preview:-1\" \/>\n<link rel=\"canonical\" href=\"https:\/\/www.radper.com\/fr\/catalogues\/materiel-electrique\/mesure\/amperemetre-analogique-7kt1-020\/\" \/>\n<meta property=\"og:locale\" content=\"fr_FR\" \/>\n<meta property=\"og:type\" content=\"article\" \/>\n<meta property=\"og:title\" content=\"Amp\u00e8rem\u00e8tre analogique 7KT1 020 Siemens - Radper\" \/>\n<meta property=\"og:description\" content=\"Amperm\u00e8tre analogique Siemens 7KT1020 pour TC 5A. \u00c9chelles 60\/150\/400A fournies. Lecture pr\u00e9cise sur rail DIN. Accompagnement expert avec Radper.\" \/>\n<meta property=\"og:url\" content=\"https:\/\/www.radper.com\/fr\/catalogues\/materiel-electrique\/mesure\/amperemetre-analogique-7kt1-020\/\" \/>\n<meta property=\"og:site_name\" content=\"Radper\" \/>\n<meta property=\"article:modified_time\" content=\"2025-05-06T11:41:25+00:00\" \/>\n<meta property=\"og:image\" content=\"https:\/\/www.radper.com\/wp-content\/uploads\/2022\/05\/7KT1-020-Siemens.png\" \/>\n\t<meta property=\"og:image:width\" content=\"600\" \/>\n\t<meta property=\"og:image:height\" content=\"600\" \/>\n\t<meta property=\"og:image:type\" content=\"image\/png\" \/>\n<meta name=\"twitter:card\" content=\"summary_large_image\" \/>\n<meta name=\"twitter:label1\" content=\"Dur\u00e9e de lecture estim\u00e9e\" \/>\n\t<meta name=\"twitter:data1\" content=\"1 minute\" \/>\n<script type=\"application\/ld+json\" class=\"yoast-schema-graph\">{\"@context\":\"https:\/\/schema.org\",\"@graph\":[{\"@type\":\"WebPage\",\"@id\":\"https:\/\/www.radper.com\/fr\/catalogues\/materiel-electrique\/mesure\/amperemetre-analogique-7kt1-020\/\",\"url\":\"https:\/\/www.radper.com\/fr\/catalogues\/materiel-electrique\/mesure\/amperemetre-analogique-7kt1-020\/\",\"name\":\"Amp\u00e8rem\u00e8tre analogique 7KT1 020 Siemens - Radper\",\"isPartOf\":{\"@id\":\"https:\/\/www.radper.com\/fr\/#website\"},\"primaryImageOfPage\":{\"@id\":\"https:\/\/www.radper.com\/fr\/catalogues\/materiel-electrique\/mesure\/amperemetre-analogique-7kt1-020\/#primaryimage\"},\"image\":{\"@id\":\"https:\/\/www.radper.com\/fr\/catalogues\/materiel-electrique\/mesure\/amperemetre-analogique-7kt1-020\/#primaryimage\"},\"thumbnailUrl\":\"https:\/\/www.radper.com\/wp-content\/uploads\/2022\/05\/7KT1-020-Siemens.png\",\"datePublished\":\"2022-05-04T12:17:23+00:00\",\"dateModified\":\"2025-05-06T11:41:25+00:00\",\"description\":\"Amperm\u00e8tre analogique Siemens 7KT1020 pour TC 5A. \u00c9chelles 60\/150\/400A fournies. Lecture pr\u00e9cise sur rail DIN. Accompagnement expert avec Radper.\",\"breadcrumb\":{\"@id\":\"https:\/\/www.radper.com\/fr\/catalogues\/materiel-electrique\/mesure\/amperemetre-analogique-7kt1-020\/#breadcrumb\"},\"inLanguage\":\"fr-FR\",\"potentialAction\":[{\"@type\":\"ReadAction\",\"target\":[\"https:\/\/www.radper.com\/fr\/catalogues\/materiel-electrique\/mesure\/amperemetre-analogique-7kt1-020\/\"]}]},{\"@type\":\"ImageObject\",\"inLanguage\":\"fr-FR\",\"@id\":\"https:\/\/www.radper.com\/fr\/catalogues\/materiel-electrique\/mesure\/amperemetre-analogique-7kt1-020\/#primaryimage\",\"url\":\"https:\/\/www.radper.com\/wp-content\/uploads\/2022\/05\/7KT1-020-Siemens.png\",\"contentUrl\":\"https:\/\/www.radper.com\/wp-content\/uploads\/2022\/05\/7KT1-020-Siemens.png\",\"width\":600,\"height\":600},{\"@type\":\"BreadcrumbList\",\"@id\":\"https:\/\/www.radper.com\/fr\/catalogues\/materiel-electrique\/mesure\/amperemetre-analogique-7kt1-020\/#breadcrumb\",\"itemListElement\":[{\"@type\":\"ListItem\",\"position\":1,\"name\":\"Accueil\",\"item\":\"https:\/\/www.radper.com\/fr\/\"},{\"@type\":\"ListItem\",\"position\":2,\"name\":\"Catalogue\",\"item\":\"https:\/\/www.radper.com\/fr\/catalogue\/\"},{\"@type\":\"ListItem\",\"position\":3,\"name\":\"Amp\u00e8rem\u00e8tre analogique 7KT1 020 Siemens\"}]},{\"@type\":\"WebSite\",\"@id\":\"https:\/\/www.radper.com\/fr\/#website\",\"url\":\"https:\/\/www.radper.com\/fr\/\",\"name\":\"Radper\",\"description\":\"\",\"publisher\":{\"@id\":\"https:\/\/www.radper.com\/fr\/#organization\"},\"potentialAction\":[{\"@type\":\"SearchAction\",\"target\":{\"@type\":\"EntryPoint\",\"urlTemplate\":\"https:\/\/www.radper.com\/fr\/?s={search_term_string}\"},\"query-input\":{\"@type\":\"PropertyValueSpecification\",\"valueRequired\":true,\"valueName\":\"search_term_string\"}}],\"inLanguage\":\"fr-FR\"},{\"@type\":\"Organization\",\"@id\":\"https:\/\/www.radper.com\/fr\/#organization\",\"name\":\"radper\",\"url\":\"https:\/\/www.radper.com\/fr\/\",\"logo\":{\"@type\":\"ImageObject\",\"inLanguage\":\"fr-FR\",\"@id\":\"https:\/\/www.radper.com\/fr\/#\/schema\/logo\/image\/\",\"url\":\"https:\/\/radper.com\/wp-content\/uploads\/2021\/04\/logo-wide-11.png\",\"contentUrl\":\"https:\/\/radper.com\/wp-content\/uploads\/2021\/04\/logo-wide-11.png\",\"width\":250,\"height\":110,\"caption\":\"radper\"},\"image\":{\"@id\":\"https:\/\/www.radper.com\/fr\/#\/schema\/logo\/image\/\"}}]}<\/script>\n<!-- \/ Yoast SEO plugin. -->","yoast_head_json":{"title":"Amp\u00e8rem\u00e8tre analogique 7KT1 020 Siemens - Radper","description":"Amperm\u00e8tre analogique Siemens 7KT1020 pour TC 5A. \u00c9chelles 60\/150\/400A fournies. Lecture pr\u00e9cise sur rail DIN. Accompagnement expert avec Radper.","robots":{"index":"index","follow":"follow","max-snippet":"max-snippet:-1","max-image-preview":"max-image-preview:large","max-video-preview":"max-video-preview:-1"},"canonical":"https:\/\/www.radper.com\/fr\/catalogues\/materiel-electrique\/mesure\/amperemetre-analogique-7kt1-020\/","og_locale":"fr_FR","og_type":"article","og_title":"Amp\u00e8rem\u00e8tre analogique 7KT1 020 Siemens - Radper","og_description":"Amperm\u00e8tre analogique Siemens 7KT1020 pour TC 5A. \u00c9chelles 60\/150\/400A fournies. Lecture pr\u00e9cise sur rail DIN. Accompagnement expert avec Radper.","og_url":"https:\/\/www.radper.com\/fr\/catalogues\/materiel-electrique\/mesure\/amperemetre-analogique-7kt1-020\/","og_site_name":"Radper","article_modified_time":"2025-05-06T11:41:25+00:00","og_image":[{"width":600,"height":600,"url":"https:\/\/www.radper.com\/wp-content\/uploads\/2022\/05\/7KT1-020-Siemens.png","type":"image\/png"}],"twitter_card":"summary_large_image","twitter_misc":{"Dur\u00e9e de lecture estim\u00e9e":"1 minute"},"schema":{"@context":"https:\/\/schema.org","@graph":[{"@type":"WebPage","@id":"https:\/\/www.radper.com\/fr\/catalogues\/materiel-electrique\/mesure\/amperemetre-analogique-7kt1-020\/","url":"https:\/\/www.radper.com\/fr\/catalogues\/materiel-electrique\/mesure\/amperemetre-analogique-7kt1-020\/","name":"Amp\u00e8rem\u00e8tre analogique 7KT1 020 Siemens - Radper","isPartOf":{"@id":"https:\/\/www.radper.com\/fr\/#website"},"primaryImageOfPage":{"@id":"https:\/\/www.radper.com\/fr\/catalogues\/materiel-electrique\/mesure\/amperemetre-analogique-7kt1-020\/#primaryimage"},"image":{"@id":"https:\/\/www.radper.com\/fr\/catalogues\/materiel-electrique\/mesure\/amperemetre-analogique-7kt1-020\/#primaryimage"},"thumbnailUrl":"https:\/\/www.radper.com\/wp-content\/uploads\/2022\/05\/7KT1-020-Siemens.png","datePublished":"2022-05-04T12:17:23+00:00","dateModified":"2025-05-06T11:41:25+00:00","description":"Amperm\u00e8tre analogique Siemens 7KT1020 pour TC 5A. \u00c9chelles 60\/150\/400A fournies. Lecture pr\u00e9cise sur rail DIN. Accompagnement expert avec Radper.","breadcrumb":{"@id":"https:\/\/www.radper.com\/fr\/catalogues\/materiel-electrique\/mesure\/amperemetre-analogique-7kt1-020\/#breadcrumb"},"inLanguage":"fr-FR","potentialAction":[{"@type":"ReadAction","target":["https:\/\/www.radper.com\/fr\/catalogues\/materiel-electrique\/mesure\/amperemetre-analogique-7kt1-020\/"]}]},{"@type":"ImageObject","inLanguage":"fr-FR","@id":"https:\/\/www.radper.com\/fr\/catalogues\/materiel-electrique\/mesure\/amperemetre-analogique-7kt1-020\/#primaryimage","url":"https:\/\/www.radper.com\/wp-content\/uploads\/2022\/05\/7KT1-020-Siemens.png","contentUrl":"https:\/\/www.radper.com\/wp-content\/uploads\/2022\/05\/7KT1-020-Siemens.png","width":600,"height":600},{"@type":"BreadcrumbList","@id":"https:\/\/www.radper.com\/fr\/catalogues\/materiel-electrique\/mesure\/amperemetre-analogique-7kt1-020\/#breadcrumb","itemListElement":[{"@type":"ListItem","position":1,"name":"Accueil","item":"https:\/\/www.radper.com\/fr\/"},{"@type":"ListItem","position":2,"name":"Catalogue","item":"https:\/\/www.radper.com\/fr\/catalogue\/"},{"@type":"ListItem","position":3,"name":"Amp\u00e8rem\u00e8tre analogique 7KT1 020 Siemens"}]},{"@type":"WebSite","@id":"https:\/\/www.radper.com\/fr\/#website","url":"https:\/\/www.radper.com\/fr\/","name":"Radper","description":"","publisher":{"@id":"https:\/\/www.radper.com\/fr\/#organization"},"potentialAction":[{"@type":"SearchAction","target":{"@type":"EntryPoint","urlTemplate":"https:\/\/www.radper.com\/fr\/?s={search_term_string}"},"query-input":{"@type":"PropertyValueSpecification","valueRequired":true,"valueName":"search_term_string"}}],"inLanguage":"fr-FR"},{"@type":"Organization","@id":"https:\/\/www.radper.com\/fr\/#organization","name":"radper","url":"https:\/\/www.radper.com\/fr\/","logo":{"@type":"ImageObject","inLanguage":"fr-FR","@id":"https:\/\/www.radper.com\/fr\/#\/schema\/logo\/image\/","url":"https:\/\/radper.com\/wp-content\/uploads\/2021\/04\/logo-wide-11.png","contentUrl":"https:\/\/radper.com\/wp-content\/uploads\/2021\/04\/logo-wide-11.png","width":250,"height":110,"caption":"radper"},"image":{"@id":"https:\/\/www.radper.com\/fr\/#\/schema\/logo\/image\/"}}]}},"_links":{"self":[{"href":"https:\/\/www.radper.com\/fr\/wp-json\/wp\/v2\/product\/12057","targetHints":{"allow":["GET"]}}],"collection":[{"href":"https:\/\/www.radper.com\/fr\/wp-json\/wp\/v2\/product"}],"about":[{"href":"https:\/\/www.radper.com\/fr\/wp-json\/wp\/v2\/types\/product"}],"wp:featuredmedia":[{"embeddable":true,"href":"https:\/\/www.radper.com\/fr\/wp-json\/wp\/v2\/media\/44553"}],"wp:attachment":[{"href":"https:\/\/www.radper.com\/fr\/wp-json\/wp\/v2\/media?parent=12057"}],"wp:term":[{"taxonomy":"product_brand","embeddable":true,"href":"https:\/\/www.radper.com\/fr\/wp-json\/wp\/v2\/product_brand?post=12057"},{"taxonomy":"product_cat","embeddable":true,"href":"https:\/\/www.radper.com\/fr\/wp-json\/wp\/v2\/product_cat?post=12057"},{"taxonomy":"product_tag","embeddable":true,"href":"https:\/\/www.radper.com\/fr\/wp-json\/wp\/v2\/product_tag?post=12057"}],"curies":[{"name":"wp","href":"https:\/\/api.w.org\/{rel}","templated":true}]}}