{"id":12215,"date":"2022-05-24T09:57:38","date_gmt":"2022-05-24T09:57:38","guid":{"rendered":"https:\/\/www.radper.com\/?post_type=product&#038;p=12215"},"modified":"2025-05-05T15:13:13","modified_gmt":"2025-05-05T15:13:13","slug":"contacteur-siemens","status":"publish","type":"product","link":"https:\/\/www.radper.com\/fr\/catalogues\/materiel-electrique\/contacteur-2\/contacteur-siemens\/","title":{"rendered":"Contacteur 5TT5 8300 25A\/AC400V Siemens"},"content":{"rendered":"<h3 data-start=\"453\" data-end=\"823\">Contacteur d\u2019installation Siemens 5TT5 8300, 4 NO, 230 V AC, 25 A :<\/h3>\n<p class=\"\" data-start=\"453\" data-end=\"823\">Le contacteur d\u2019installation Siemens 5TT5 8300 fait partie de la gamme SENTRON et permet de commander \u00e0 distance des circuits \u00e9lectriques en courant alternatif dans des applications r\u00e9sidentielles, tertiaires ou industrielles l\u00e9g\u00e8res. Il est \u00e9quip\u00e9 de <strong data-start=\"705\" data-end=\"751\">quatre contacts normalement ouverts (4 NO)<\/strong>, ce qui permet d\u2019activer simultan\u00e9ment plusieurs circuits ou charges.<\/p>\n<p class=\"\" data-start=\"825\" data-end=\"1161\">Ce mod\u00e8le est con\u00e7u pour une commande sous <strong data-start=\"868\" data-end=\"900\">tension alternative de 230 V<\/strong> et supporte une <strong data-start=\"917\" data-end=\"957\">tension d\u2019exploitation jusqu\u2019\u00e0 440 V<\/strong>, avec une <strong data-start=\"968\" data-end=\"998\">intensit\u00e9 maximale de 25 A<\/strong>. Gr\u00e2ce \u00e0 sa puissance de commutation de <strong data-start=\"1039\" data-end=\"1082\">2 000 W pour des lampes \u00e0 incandescence<\/strong>, il est adapt\u00e9 \u00e0 des applications standard de gestion de charges r\u00e9sistives.<\/p>\n<p class=\"\" data-start=\"1163\" data-end=\"1493\">Le contacteur Siemens 5TT5 8300 est int\u00e9gr\u00e9 dans un <strong data-start=\"1215\" data-end=\"1267\">bo\u00eetier modulaire compact de 2 unit\u00e9s de largeur<\/strong>, facilement installable dans un tableau de distribution. Il est dot\u00e9 d\u2019un <strong data-start=\"1342\" data-end=\"1371\">indice de protection IP20<\/strong>, et son design sans glissi\u00e8re de commande manuelle garantit une s\u00e9curit\u00e9 accrue contre les manipulations involontaires.<\/p>\n<p class=\"\" data-start=\"1495\" data-end=\"1721\">Il r\u00e9pond \u00e9galement aux exigences environnementales actuelles avec une <strong data-start=\"1566\" data-end=\"1604\">d\u00e9claration environnementale (EPD)<\/strong> et des donn\u00e9es d\u00e9taill\u00e9es sur son impact en CO\u2082, aussi bien durant la fabrication qu\u2019au cours de son cycle de vie.<\/p>\n<h4 class=\"\" data-start=\"3114\" data-end=\"3135\"><strong data-start=\"3119\" data-end=\"3135\">Avantages<\/strong><\/h4>\n<ul data-start=\"3136\" data-end=\"3621\">\n<li class=\"\" data-start=\"3136\" data-end=\"3223\">\n<p class=\"\" data-start=\"3138\" data-end=\"3223\"><strong data-start=\"3138\" data-end=\"3168\">Commande \u00e9lectrique fiable<\/strong> pour les circuits en courant alternatif jusqu\u2019\u00e0 25 A<\/p>\n<\/li>\n<li class=\"\" data-start=\"3224\" data-end=\"3297\">\n<p class=\"\" data-start=\"3226\" data-end=\"3297\"><strong data-start=\"3226\" data-end=\"3243\">4 contacts NO<\/strong> pour une activation simultan\u00e9e de plusieurs charges<\/p>\n<\/li>\n<li class=\"\" data-start=\"3298\" data-end=\"3380\">\n<p class=\"\" data-start=\"3300\" data-end=\"3380\"><strong data-start=\"3300\" data-end=\"3335\">Puissance admissible de 2 000 W<\/strong>, adapt\u00e9e aux charges r\u00e9sistives classiques<\/p>\n<\/li>\n<li class=\"\" data-start=\"3381\" data-end=\"3456\">\n<p class=\"\" data-start=\"3383\" data-end=\"3456\"><strong data-start=\"3383\" data-end=\"3405\">Installation ais\u00e9e<\/strong> dans les tableaux standards (2 modules de large)<\/p>\n<\/li>\n<li class=\"\" data-start=\"3457\" data-end=\"3545\">\n<p class=\"\" data-start=\"3459\" data-end=\"3545\"><strong data-start=\"3459\" data-end=\"3493\">Compatible avec des extensions<\/strong> pour adapter l\u2019\u00e9quipement aux besoins sp\u00e9cifiques<\/p>\n<\/li>\n<li class=\"\" data-start=\"3546\" data-end=\"3621\">\n<p class=\"\" data-start=\"3548\" data-end=\"3621\"><strong data-start=\"3548\" data-end=\"3584\">Impact environnemental document\u00e9<\/strong>, avec une d\u00e9claration EPD conforme<\/p>\n<\/li>\n<\/ul>\n<h4 class=\"\" data-start=\"3628\" data-end=\"3652\"><strong data-start=\"3633\" data-end=\"3652\">Applications<\/strong><\/h4>\n<ul data-start=\"3653\" data-end=\"4004\">\n<li class=\"\" data-start=\"3653\" data-end=\"3748\">\n<p class=\"\" data-start=\"3655\" data-end=\"3748\">Tableaux \u00e9lectriques dans les <strong data-start=\"3685\" data-end=\"3711\">logements r\u00e9sidentiels<\/strong> ou les petits b\u00e2timents tertiaires<\/p>\n<\/li>\n<li class=\"\" data-start=\"3749\" data-end=\"3828\">\n<p class=\"\" data-start=\"3751\" data-end=\"3828\"><strong data-start=\"3751\" data-end=\"3777\">Commandes centralis\u00e9es<\/strong> pour l\u2019\u00e9clairage, le chauffage ou la ventilation<\/p>\n<\/li>\n<li class=\"\" data-start=\"3829\" data-end=\"3915\">\n<p class=\"\" data-start=\"3831\" data-end=\"3915\"><strong data-start=\"3831\" data-end=\"3864\">Gestion de charges r\u00e9sistives<\/strong> sous 230\/400 V dans des installations modulaires<\/p>\n<\/li>\n<li class=\"\" data-start=\"3916\" data-end=\"4004\">\n<p class=\"\" data-start=\"3918\" data-end=\"4004\">Int\u00e9gration dans des armoires de commande pour des <strong data-start=\"3969\" data-end=\"4004\">fonctions d\u2019automatisme simples<\/strong><\/p>\n<\/li>\n<\/ul>\n<p class=\"\" data-start=\"4028\" data-end=\"4269\"><strong data-start=\"4028\" data-end=\"4098\">\u27a1\ufe0fCe contacteur peut-il \u00eatre utilis\u00e9 pour piloter des lampes LED ?<\/strong><br data-start=\"4098\" data-end=\"4101\" \/>Il est sp\u00e9cifiquement con\u00e7u pour les charges r\u00e9sistives. L&rsquo;utilisation avec des charges LED doit \u00eatre valid\u00e9e en fonction de la compatibilit\u00e9 avec leur courant d\u2019appel.<\/p>\n<p class=\"\" data-start=\"4271\" data-end=\"4436\"><strong data-start=\"4271\" data-end=\"4335\">\u27a1\ufe0fEst-il possible d\u2019ajouter des extensions \u00e0 ce contacteur ?<\/strong><br data-start=\"4335\" data-end=\"4338\" \/>Oui, le produit accepte des dispositifs compl\u00e9mentaires installables selon les besoins du syst\u00e8me.<\/p>\n<p class=\"\" data-start=\"4438\" data-end=\"4607\"><strong data-start=\"4438\" data-end=\"4492\">\u27a1\ufe0fQuelles pr\u00e9cautions de montage faut-il pr\u00e9voir ?<\/strong><br data-start=\"4492\" data-end=\"4495\" \/>Pour garantir une dissipation thermique correcte, des entretoises doivent \u00eatre int\u00e9gr\u00e9es lors de l\u2019installation.<\/p>\n<p data-start=\"1495\" data-end=\"1721\">\n","protected":false},"excerpt":{"rendered":"<p>5TT5 8300<\/p>\n","protected":false},"featured_media":44537,"template":"","meta":{"_acf_changed":false},"product_brand":[],"product_cat":[784],"product_tag":[],"class_list":{"0":"post-12215","1":"product","2":"type-product","3":"status-publish","4":"has-post-thumbnail","6":"product_cat-contacteur-2","7":"pa_marque-siemens","8":"pa_tension-400v","10":"first","11":"instock","12":"taxable","13":"shipping-taxable","14":"purchasable","15":"product-type-simple"},"acf":[],"yoast_head":"<!-- This site is optimized with the Yoast SEO plugin v26.2 - https:\/\/yoast.com\/wordpress\/plugins\/seo\/ -->\n<title>Contacteur 5TT5 8300 25A\/AC400V Siemens - Radper<\/title>\n<meta name=\"description\" content=\"Siemens 5TT5 8300 : contacteur 4 NO, 230 V AC, 25 A. Id\u00e9al pour charges r\u00e9sistives. Format modulaire 2U. Fiche fiable disponible via Radper.\" \/>\n<meta name=\"robots\" content=\"index, follow, max-snippet:-1, max-image-preview:large, max-video-preview:-1\" \/>\n<link rel=\"canonical\" href=\"https:\/\/www.radper.com\/fr\/catalogues\/materiel-electrique\/contacteur-2\/contacteur-siemens\/\" \/>\n<meta property=\"og:locale\" content=\"fr_FR\" \/>\n<meta property=\"og:type\" content=\"article\" \/>\n<meta property=\"og:title\" content=\"Contacteur 5TT5 8300 25A\/AC400V Siemens - Radper\" \/>\n<meta property=\"og:description\" content=\"Siemens 5TT5 8300 : contacteur 4 NO, 230 V AC, 25 A. Id\u00e9al pour charges r\u00e9sistives. Format modulaire 2U. Fiche fiable disponible via Radper.\" \/>\n<meta property=\"og:url\" content=\"https:\/\/www.radper.com\/fr\/catalogues\/materiel-electrique\/contacteur-2\/contacteur-siemens\/\" \/>\n<meta property=\"og:site_name\" content=\"Radper\" \/>\n<meta property=\"article:modified_time\" content=\"2025-05-05T15:13:13+00:00\" \/>\n<meta property=\"og:image\" content=\"https:\/\/www.radper.com\/wp-content\/uploads\/2022\/05\/5TT5-8300-Siemens.png\" \/>\n\t<meta property=\"og:image:width\" content=\"600\" \/>\n\t<meta property=\"og:image:height\" content=\"600\" \/>\n\t<meta property=\"og:image:type\" content=\"image\/png\" \/>\n<meta name=\"twitter:card\" content=\"summary_large_image\" \/>\n<meta name=\"twitter:label1\" content=\"Dur\u00e9e de lecture estim\u00e9e\" \/>\n\t<meta name=\"twitter:data1\" content=\"3 minutes\" \/>\n<script type=\"application\/ld+json\" class=\"yoast-schema-graph\">{\"@context\":\"https:\/\/schema.org\",\"@graph\":[{\"@type\":\"WebPage\",\"@id\":\"https:\/\/www.radper.com\/fr\/catalogues\/materiel-electrique\/contacteur-2\/contacteur-siemens\/\",\"url\":\"https:\/\/www.radper.com\/fr\/catalogues\/materiel-electrique\/contacteur-2\/contacteur-siemens\/\",\"name\":\"Contacteur 5TT5 8300 25A\/AC400V Siemens - Radper\",\"isPartOf\":{\"@id\":\"https:\/\/www.radper.com\/fr\/#website\"},\"primaryImageOfPage\":{\"@id\":\"https:\/\/www.radper.com\/fr\/catalogues\/materiel-electrique\/contacteur-2\/contacteur-siemens\/#primaryimage\"},\"image\":{\"@id\":\"https:\/\/www.radper.com\/fr\/catalogues\/materiel-electrique\/contacteur-2\/contacteur-siemens\/#primaryimage\"},\"thumbnailUrl\":\"https:\/\/www.radper.com\/wp-content\/uploads\/2022\/05\/5TT5-8300-Siemens.png\",\"datePublished\":\"2022-05-24T09:57:38+00:00\",\"dateModified\":\"2025-05-05T15:13:13+00:00\",\"description\":\"Siemens 5TT5 8300 : contacteur 4 NO, 230 V AC, 25 A. Id\u00e9al pour charges r\u00e9sistives. Format modulaire 2U. Fiche fiable disponible via Radper.\",\"breadcrumb\":{\"@id\":\"https:\/\/www.radper.com\/fr\/catalogues\/materiel-electrique\/contacteur-2\/contacteur-siemens\/#breadcrumb\"},\"inLanguage\":\"fr-FR\",\"potentialAction\":[{\"@type\":\"ReadAction\",\"target\":[\"https:\/\/www.radper.com\/fr\/catalogues\/materiel-electrique\/contacteur-2\/contacteur-siemens\/\"]}]},{\"@type\":\"ImageObject\",\"inLanguage\":\"fr-FR\",\"@id\":\"https:\/\/www.radper.com\/fr\/catalogues\/materiel-electrique\/contacteur-2\/contacteur-siemens\/#primaryimage\",\"url\":\"https:\/\/www.radper.com\/wp-content\/uploads\/2022\/05\/5TT5-8300-Siemens.png\",\"contentUrl\":\"https:\/\/www.radper.com\/wp-content\/uploads\/2022\/05\/5TT5-8300-Siemens.png\",\"width\":600,\"height\":600},{\"@type\":\"BreadcrumbList\",\"@id\":\"https:\/\/www.radper.com\/fr\/catalogues\/materiel-electrique\/contacteur-2\/contacteur-siemens\/#breadcrumb\",\"itemListElement\":[{\"@type\":\"ListItem\",\"position\":1,\"name\":\"Accueil\",\"item\":\"https:\/\/www.radper.com\/fr\/\"},{\"@type\":\"ListItem\",\"position\":2,\"name\":\"Catalogue\",\"item\":\"https:\/\/www.radper.com\/fr\/catalogue\/\"},{\"@type\":\"ListItem\",\"position\":3,\"name\":\"Contacteur 5TT5 8300 25A\/AC400V Siemens\"}]},{\"@type\":\"WebSite\",\"@id\":\"https:\/\/www.radper.com\/fr\/#website\",\"url\":\"https:\/\/www.radper.com\/fr\/\",\"name\":\"Radper\",\"description\":\"\",\"publisher\":{\"@id\":\"https:\/\/www.radper.com\/fr\/#organization\"},\"potentialAction\":[{\"@type\":\"SearchAction\",\"target\":{\"@type\":\"EntryPoint\",\"urlTemplate\":\"https:\/\/www.radper.com\/fr\/?s={search_term_string}\"},\"query-input\":{\"@type\":\"PropertyValueSpecification\",\"valueRequired\":true,\"valueName\":\"search_term_string\"}}],\"inLanguage\":\"fr-FR\"},{\"@type\":\"Organization\",\"@id\":\"https:\/\/www.radper.com\/fr\/#organization\",\"name\":\"radper\",\"url\":\"https:\/\/www.radper.com\/fr\/\",\"logo\":{\"@type\":\"ImageObject\",\"inLanguage\":\"fr-FR\",\"@id\":\"https:\/\/www.radper.com\/fr\/#\/schema\/logo\/image\/\",\"url\":\"https:\/\/radper.com\/wp-content\/uploads\/2021\/04\/logo-wide-11.png\",\"contentUrl\":\"https:\/\/radper.com\/wp-content\/uploads\/2021\/04\/logo-wide-11.png\",\"width\":250,\"height\":110,\"caption\":\"radper\"},\"image\":{\"@id\":\"https:\/\/www.radper.com\/fr\/#\/schema\/logo\/image\/\"}}]}<\/script>\n<!-- \/ Yoast SEO plugin. -->","yoast_head_json":{"title":"Contacteur 5TT5 8300 25A\/AC400V Siemens - Radper","description":"Siemens 5TT5 8300 : contacteur 4 NO, 230 V AC, 25 A. Id\u00e9al pour charges r\u00e9sistives. Format modulaire 2U. Fiche fiable disponible via Radper.","robots":{"index":"index","follow":"follow","max-snippet":"max-snippet:-1","max-image-preview":"max-image-preview:large","max-video-preview":"max-video-preview:-1"},"canonical":"https:\/\/www.radper.com\/fr\/catalogues\/materiel-electrique\/contacteur-2\/contacteur-siemens\/","og_locale":"fr_FR","og_type":"article","og_title":"Contacteur 5TT5 8300 25A\/AC400V Siemens - Radper","og_description":"Siemens 5TT5 8300 : contacteur 4 NO, 230 V AC, 25 A. Id\u00e9al pour charges r\u00e9sistives. Format modulaire 2U. Fiche fiable disponible via Radper.","og_url":"https:\/\/www.radper.com\/fr\/catalogues\/materiel-electrique\/contacteur-2\/contacteur-siemens\/","og_site_name":"Radper","article_modified_time":"2025-05-05T15:13:13+00:00","og_image":[{"width":600,"height":600,"url":"https:\/\/www.radper.com\/wp-content\/uploads\/2022\/05\/5TT5-8300-Siemens.png","type":"image\/png"}],"twitter_card":"summary_large_image","twitter_misc":{"Dur\u00e9e de lecture estim\u00e9e":"3 minutes"},"schema":{"@context":"https:\/\/schema.org","@graph":[{"@type":"WebPage","@id":"https:\/\/www.radper.com\/fr\/catalogues\/materiel-electrique\/contacteur-2\/contacteur-siemens\/","url":"https:\/\/www.radper.com\/fr\/catalogues\/materiel-electrique\/contacteur-2\/contacteur-siemens\/","name":"Contacteur 5TT5 8300 25A\/AC400V Siemens - Radper","isPartOf":{"@id":"https:\/\/www.radper.com\/fr\/#website"},"primaryImageOfPage":{"@id":"https:\/\/www.radper.com\/fr\/catalogues\/materiel-electrique\/contacteur-2\/contacteur-siemens\/#primaryimage"},"image":{"@id":"https:\/\/www.radper.com\/fr\/catalogues\/materiel-electrique\/contacteur-2\/contacteur-siemens\/#primaryimage"},"thumbnailUrl":"https:\/\/www.radper.com\/wp-content\/uploads\/2022\/05\/5TT5-8300-Siemens.png","datePublished":"2022-05-24T09:57:38+00:00","dateModified":"2025-05-05T15:13:13+00:00","description":"Siemens 5TT5 8300 : contacteur 4 NO, 230 V AC, 25 A. Id\u00e9al pour charges r\u00e9sistives. Format modulaire 2U. Fiche fiable disponible via Radper.","breadcrumb":{"@id":"https:\/\/www.radper.com\/fr\/catalogues\/materiel-electrique\/contacteur-2\/contacteur-siemens\/#breadcrumb"},"inLanguage":"fr-FR","potentialAction":[{"@type":"ReadAction","target":["https:\/\/www.radper.com\/fr\/catalogues\/materiel-electrique\/contacteur-2\/contacteur-siemens\/"]}]},{"@type":"ImageObject","inLanguage":"fr-FR","@id":"https:\/\/www.radper.com\/fr\/catalogues\/materiel-electrique\/contacteur-2\/contacteur-siemens\/#primaryimage","url":"https:\/\/www.radper.com\/wp-content\/uploads\/2022\/05\/5TT5-8300-Siemens.png","contentUrl":"https:\/\/www.radper.com\/wp-content\/uploads\/2022\/05\/5TT5-8300-Siemens.png","width":600,"height":600},{"@type":"BreadcrumbList","@id":"https:\/\/www.radper.com\/fr\/catalogues\/materiel-electrique\/contacteur-2\/contacteur-siemens\/#breadcrumb","itemListElement":[{"@type":"ListItem","position":1,"name":"Accueil","item":"https:\/\/www.radper.com\/fr\/"},{"@type":"ListItem","position":2,"name":"Catalogue","item":"https:\/\/www.radper.com\/fr\/catalogue\/"},{"@type":"ListItem","position":3,"name":"Contacteur 5TT5 8300 25A\/AC400V Siemens"}]},{"@type":"WebSite","@id":"https:\/\/www.radper.com\/fr\/#website","url":"https:\/\/www.radper.com\/fr\/","name":"Radper","description":"","publisher":{"@id":"https:\/\/www.radper.com\/fr\/#organization"},"potentialAction":[{"@type":"SearchAction","target":{"@type":"EntryPoint","urlTemplate":"https:\/\/www.radper.com\/fr\/?s={search_term_string}"},"query-input":{"@type":"PropertyValueSpecification","valueRequired":true,"valueName":"search_term_string"}}],"inLanguage":"fr-FR"},{"@type":"Organization","@id":"https:\/\/www.radper.com\/fr\/#organization","name":"radper","url":"https:\/\/www.radper.com\/fr\/","logo":{"@type":"ImageObject","inLanguage":"fr-FR","@id":"https:\/\/www.radper.com\/fr\/#\/schema\/logo\/image\/","url":"https:\/\/radper.com\/wp-content\/uploads\/2021\/04\/logo-wide-11.png","contentUrl":"https:\/\/radper.com\/wp-content\/uploads\/2021\/04\/logo-wide-11.png","width":250,"height":110,"caption":"radper"},"image":{"@id":"https:\/\/www.radper.com\/fr\/#\/schema\/logo\/image\/"}}]}},"_links":{"self":[{"href":"https:\/\/www.radper.com\/fr\/wp-json\/wp\/v2\/product\/12215","targetHints":{"allow":["GET"]}}],"collection":[{"href":"https:\/\/www.radper.com\/fr\/wp-json\/wp\/v2\/product"}],"about":[{"href":"https:\/\/www.radper.com\/fr\/wp-json\/wp\/v2\/types\/product"}],"wp:featuredmedia":[{"embeddable":true,"href":"https:\/\/www.radper.com\/fr\/wp-json\/wp\/v2\/media\/44537"}],"wp:attachment":[{"href":"https:\/\/www.radper.com\/fr\/wp-json\/wp\/v2\/media?parent=12215"}],"wp:term":[{"taxonomy":"product_brand","embeddable":true,"href":"https:\/\/www.radper.com\/fr\/wp-json\/wp\/v2\/product_brand?post=12215"},{"taxonomy":"product_cat","embeddable":true,"href":"https:\/\/www.radper.com\/fr\/wp-json\/wp\/v2\/product_cat?post=12215"},{"taxonomy":"product_tag","embeddable":true,"href":"https:\/\/www.radper.com\/fr\/wp-json\/wp\/v2\/product_tag?post=12215"}],"curies":[{"name":"wp","href":"https:\/\/api.w.org\/{rel}","templated":true}]}}