{"id":12224,"date":"2022-05-24T12:16:00","date_gmt":"2022-05-24T12:16:00","guid":{"rendered":"https:\/\/www.radper.com\/?post_type=product&#038;p=12224"},"modified":"2025-07-28T14:51:46","modified_gmt":"2025-07-28T14:51:46","slug":"disjoncteur-differentiel-5sv4342-0-siemens","status":"publish","type":"product","link":"https:\/\/www.radper.com\/fr\/catalogues\/materiel-electrique\/contacteur-2\/disjoncteur-differentiel-5sv4342-0-siemens\/","title":{"rendered":"Disjoncteur diff\u00e9rentiel 5SV4342-0, 4 p\u00f4les 25A 30mA SIEMENS"},"content":{"rendered":"<h3>Disjoncteur diff\u00e9rentiel Siemens 5SV4342-0 \u2013 4 p\u00f4les, type AC, 25 A, 30 mA, 400 V AC :<\/h3>\n<p>Le disjoncteur diff\u00e9rentiel <strong data-start=\"307\" data-end=\"328\">Siemens 5SV4342-0<\/strong>, de la gamme <strong data-start=\"342\" data-end=\"353\">SENTRON<\/strong>, est un appareil de protection r\u00e9siduelle 4 p\u00f4les con\u00e7u pour garantir la s\u00e9curit\u00e9 des personnes et des installations contre les d\u00e9fauts d\u2019isolement. De type <strong data-start=\"511\" data-end=\"517\">AC<\/strong>, il d\u00e9tecte les courants de fuite sinuso\u00efdaux alternatifs et d\u00e9clenche instantan\u00e9ment pour interrompre l\u2019alimentation \u00e9lectrique en cas d\u2019anomalie. Compact et fiable, ce mod\u00e8le est pr\u00e9vu pour des applications domestiques, tertiaires ou industrielles, avec un <strong data-start=\"777\" data-end=\"804\">courant nominal de 25 A<\/strong> et une <strong data-start=\"812\" data-end=\"836\">sensibilit\u00e9 de 30 mA<\/strong>. Il fonctionne sous une tension de <strong data-start=\"872\" data-end=\"884\">400 V AC<\/strong>, et peut \u00eatre install\u00e9 facilement sur un rail DIN, dans n\u2019importe quelle position.<\/p>\n<h3 class=\"\" data-start=\"1914\" data-end=\"1930\">Avantages<\/h3>\n<ul data-start=\"1932\" data-end=\"2386\">\n<li class=\"\" data-start=\"1932\" data-end=\"2013\">\n<p class=\"\" data-start=\"1934\" data-end=\"2013\">Protection efficace contre les contacts indirects et les d\u00e9fauts d\u2019isolement.<\/p>\n<\/li>\n<li class=\"\" data-start=\"2014\" data-end=\"2076\">\n<p class=\"\" data-start=\"2016\" data-end=\"2076\">D\u00e9clenchement rapide et pr\u00e9cis en cas de courant de fuite.<\/p>\n<\/li>\n<li class=\"\" data-start=\"2077\" data-end=\"2162\">\n<p class=\"\" data-start=\"2079\" data-end=\"2162\">Installation flexible gr\u00e2ce \u00e0 une compatibilit\u00e9 rail DIN et positionnement libre.<\/p>\n<\/li>\n<li class=\"\" data-start=\"2163\" data-end=\"2230\">\n<p class=\"\" data-start=\"2165\" data-end=\"2230\">Plage de temp\u00e9rature \u00e9tendue pour les environnements exigeants.<\/p>\n<\/li>\n<li class=\"\" data-start=\"2231\" data-end=\"2327\">\n<p class=\"\" data-start=\"2233\" data-end=\"2327\">Produit conforme aux exigences de durabilit\u00e9 avec une d\u00e9claration environnementale compl\u00e8te.<\/p>\n<\/li>\n<li class=\"\" data-start=\"2328\" data-end=\"2386\">\n<p class=\"\" data-start=\"2330\" data-end=\"2386\">Adapt\u00e9 \u00e0 diverses sections de c\u00e2bles (jusqu\u2019\u00e0 35 mm\u00b2).<\/p>\n<\/li>\n<\/ul>\n<h3 class=\"\" data-start=\"2393\" data-end=\"2412\">Applications<\/h3>\n<p class=\"\" data-start=\"2414\" data-end=\"2473\">Ce disjoncteur diff\u00e9rentiel 4 p\u00f4les est recommand\u00e9 pour :<\/p>\n<ul data-start=\"2474\" data-end=\"2775\">\n<li class=\"\" data-start=\"2474\" data-end=\"2537\">\n<p class=\"\" data-start=\"2476\" data-end=\"2537\">Les installations \u00e9lectriques r\u00e9sidentielles et tertiaires.<\/p>\n<\/li>\n<li class=\"\" data-start=\"2538\" data-end=\"2598\">\n<p class=\"\" data-start=\"2540\" data-end=\"2598\">Les tableaux de distribution pour \u00e9quipements triphas\u00e9s.<\/p>\n<\/li>\n<li class=\"\" data-start=\"2599\" data-end=\"2685\">\n<p class=\"\" data-start=\"2601\" data-end=\"2685\">Les infrastructures industrielles n\u00e9cessitant une protection fiable des personnes.<\/p>\n<\/li>\n<li class=\"\" data-start=\"2686\" data-end=\"2775\">\n<p class=\"\" data-start=\"2688\" data-end=\"2775\">Les environnements o\u00f9 une surveillance pr\u00e9cise des courants de fuite est primordiale.<\/p>\n<\/li>\n<\/ul>\n<p class=\"\" data-start=\"2793\" data-end=\"2940\"><strong data-start=\"2793\" data-end=\"2852\">\u27a1\ufe0fCe mod\u00e8le est-il compatible avec un syst\u00e8me monophas\u00e9 ?<\/strong><br data-start=\"2852\" data-end=\"2855\" \/>Non. Il s\u2019agit d\u2019un mod\u00e8le 4 p\u00f4les con\u00e7u pour des applications triphas\u00e9es \u00e0 400 V AC.<\/p>\n<p class=\"\" data-start=\"2942\" data-end=\"3051\"><strong data-start=\"2942\" data-end=\"2982\">\u27a1\ufe0fPeut-il \u00eatre mont\u00e9 \u00e0 l\u2019horizontale ?<\/strong><br data-start=\"2982\" data-end=\"2985\" \/>Oui, son installation est possible dans n\u2019importe quelle position.<\/p>\n<p class=\"\" data-start=\"3053\" data-end=\"3173\"><strong data-start=\"3053\" data-end=\"3115\">\u27a1\ufe0fEst-il possible d\u2019ajouter un accessoire de signalisation ?<\/strong><br data-start=\"3115\" data-end=\"3118\" \/>Oui, le mod\u00e8le accepte des dispositifs compl\u00e9mentaires.<\/p>\n<p class=\"\" data-start=\"3175\" data-end=\"3302\"><strong data-start=\"3175\" data-end=\"3207\">\u27a1\ufe0fQuelle est sa dur\u00e9e de vie ?<\/strong><br data-start=\"3207\" data-end=\"3210\" \/>Il peut atteindre jusqu\u2019\u00e0 10 000 man\u0153uvres m\u00e9caniques en conditions normales d\u2019exploitation.<\/p>\n<p data-start=\"3175\" data-end=\"3302\"><strong data-start=\"3422\" data-end=\"3480\">\u27a1\ufe0fPuis-je demander un devis sur mesure pour ce produit ?<\/strong><br data-start=\"3480\" data-end=\"3483\" \/>Oui, vous pouvez obtenir un <strong data-start=\"3511\" data-end=\"3551\">devis personnalis\u00e9 en quelques clics<\/strong>, adapt\u00e9 \u00e0 vos besoins industriels.<\/p>\n","protected":false},"excerpt":{"rendered":"<p>5SV4342-0<\/p>\n","protected":false},"featured_media":44545,"template":"","meta":{"_acf_changed":false},"product_brand":[],"product_cat":[784],"product_tag":[],"class_list":{"0":"post-12224","1":"product","2":"type-product","3":"status-publish","4":"has-post-thumbnail","6":"product_cat-contacteur-2","7":"pa_marque-siemens","8":"pa_tension-400v","10":"first","11":"instock","12":"taxable","13":"shipping-taxable","14":"purchasable","15":"product-type-simple"},"acf":[],"yoast_head":"<!-- This site is optimized with the Yoast SEO plugin v26.2 - https:\/\/yoast.com\/wordpress\/plugins\/seo\/ -->\n<title>Disjoncteur diff\u00e9rentiel 5SV4342-0, 4 p\u00f4les 25A 30mA SIEMENS - Radper<\/title>\n<meta name=\"description\" content=\"Disjoncteur diff\u00e9rentiel Siemens 5SV4342-0, 4P 25 A 30 mA type AC 400 V. Disponible sur Radper avec accompagnement sur mesure.\" \/>\n<meta name=\"robots\" content=\"index, follow, max-snippet:-1, max-image-preview:large, max-video-preview:-1\" \/>\n<link rel=\"canonical\" href=\"https:\/\/www.radper.com\/fr\/catalogues\/materiel-electrique\/contacteur-2\/disjoncteur-differentiel-5sv4342-0-siemens\/\" \/>\n<meta property=\"og:locale\" content=\"fr_FR\" \/>\n<meta property=\"og:type\" content=\"article\" \/>\n<meta property=\"og:title\" content=\"Disjoncteur diff\u00e9rentiel 5SV4342-0, 4 p\u00f4les 25A 30mA SIEMENS - Radper\" \/>\n<meta property=\"og:description\" content=\"Disjoncteur diff\u00e9rentiel Siemens 5SV4342-0, 4P 25 A 30 mA type AC 400 V. Disponible sur Radper avec accompagnement sur mesure.\" \/>\n<meta property=\"og:url\" content=\"https:\/\/www.radper.com\/fr\/catalogues\/materiel-electrique\/contacteur-2\/disjoncteur-differentiel-5sv4342-0-siemens\/\" \/>\n<meta property=\"og:site_name\" content=\"Radper\" \/>\n<meta property=\"article:modified_time\" content=\"2025-07-28T14:51:46+00:00\" \/>\n<meta property=\"og:image\" content=\"https:\/\/www.radper.com\/wp-content\/uploads\/2022\/05\/5SV4342-0-SIEMENS.png\" \/>\n\t<meta property=\"og:image:width\" content=\"600\" \/>\n\t<meta property=\"og:image:height\" content=\"600\" \/>\n\t<meta property=\"og:image:type\" content=\"image\/png\" \/>\n<meta name=\"twitter:card\" content=\"summary_large_image\" \/>\n<meta name=\"twitter:label1\" content=\"Dur\u00e9e de lecture estim\u00e9e\" \/>\n\t<meta name=\"twitter:data1\" content=\"2 minutes\" \/>\n<script type=\"application\/ld+json\" class=\"yoast-schema-graph\">{\"@context\":\"https:\/\/schema.org\",\"@graph\":[{\"@type\":\"WebPage\",\"@id\":\"https:\/\/www.radper.com\/fr\/catalogues\/materiel-electrique\/contacteur-2\/disjoncteur-differentiel-5sv4342-0-siemens\/\",\"url\":\"https:\/\/www.radper.com\/fr\/catalogues\/materiel-electrique\/contacteur-2\/disjoncteur-differentiel-5sv4342-0-siemens\/\",\"name\":\"Disjoncteur diff\u00e9rentiel 5SV4342-0, 4 p\u00f4les 25A 30mA SIEMENS - Radper\",\"isPartOf\":{\"@id\":\"https:\/\/www.radper.com\/fr\/#website\"},\"primaryImageOfPage\":{\"@id\":\"https:\/\/www.radper.com\/fr\/catalogues\/materiel-electrique\/contacteur-2\/disjoncteur-differentiel-5sv4342-0-siemens\/#primaryimage\"},\"image\":{\"@id\":\"https:\/\/www.radper.com\/fr\/catalogues\/materiel-electrique\/contacteur-2\/disjoncteur-differentiel-5sv4342-0-siemens\/#primaryimage\"},\"thumbnailUrl\":\"https:\/\/www.radper.com\/wp-content\/uploads\/2022\/05\/5SV4342-0-SIEMENS.png\",\"datePublished\":\"2022-05-24T12:16:00+00:00\",\"dateModified\":\"2025-07-28T14:51:46+00:00\",\"description\":\"Disjoncteur diff\u00e9rentiel Siemens 5SV4342-0, 4P 25 A 30 mA type AC 400 V. Disponible sur Radper avec accompagnement sur mesure.\",\"breadcrumb\":{\"@id\":\"https:\/\/www.radper.com\/fr\/catalogues\/materiel-electrique\/contacteur-2\/disjoncteur-differentiel-5sv4342-0-siemens\/#breadcrumb\"},\"inLanguage\":\"fr-FR\",\"potentialAction\":[{\"@type\":\"ReadAction\",\"target\":[\"https:\/\/www.radper.com\/fr\/catalogues\/materiel-electrique\/contacteur-2\/disjoncteur-differentiel-5sv4342-0-siemens\/\"]}]},{\"@type\":\"ImageObject\",\"inLanguage\":\"fr-FR\",\"@id\":\"https:\/\/www.radper.com\/fr\/catalogues\/materiel-electrique\/contacteur-2\/disjoncteur-differentiel-5sv4342-0-siemens\/#primaryimage\",\"url\":\"https:\/\/www.radper.com\/wp-content\/uploads\/2022\/05\/5SV4342-0-SIEMENS.png\",\"contentUrl\":\"https:\/\/www.radper.com\/wp-content\/uploads\/2022\/05\/5SV4342-0-SIEMENS.png\",\"width\":600,\"height\":600},{\"@type\":\"BreadcrumbList\",\"@id\":\"https:\/\/www.radper.com\/fr\/catalogues\/materiel-electrique\/contacteur-2\/disjoncteur-differentiel-5sv4342-0-siemens\/#breadcrumb\",\"itemListElement\":[{\"@type\":\"ListItem\",\"position\":1,\"name\":\"Accueil\",\"item\":\"https:\/\/www.radper.com\/fr\/\"},{\"@type\":\"ListItem\",\"position\":2,\"name\":\"Catalogue\",\"item\":\"https:\/\/www.radper.com\/fr\/catalogue\/\"},{\"@type\":\"ListItem\",\"position\":3,\"name\":\"Disjoncteur diff\u00e9rentiel 5SV4342-0, 4 p\u00f4les 25A 30mA SIEMENS\"}]},{\"@type\":\"WebSite\",\"@id\":\"https:\/\/www.radper.com\/fr\/#website\",\"url\":\"https:\/\/www.radper.com\/fr\/\",\"name\":\"Radper\",\"description\":\"\",\"publisher\":{\"@id\":\"https:\/\/www.radper.com\/fr\/#organization\"},\"potentialAction\":[{\"@type\":\"SearchAction\",\"target\":{\"@type\":\"EntryPoint\",\"urlTemplate\":\"https:\/\/www.radper.com\/fr\/?s={search_term_string}\"},\"query-input\":{\"@type\":\"PropertyValueSpecification\",\"valueRequired\":true,\"valueName\":\"search_term_string\"}}],\"inLanguage\":\"fr-FR\"},{\"@type\":\"Organization\",\"@id\":\"https:\/\/www.radper.com\/fr\/#organization\",\"name\":\"radper\",\"url\":\"https:\/\/www.radper.com\/fr\/\",\"logo\":{\"@type\":\"ImageObject\",\"inLanguage\":\"fr-FR\",\"@id\":\"https:\/\/www.radper.com\/fr\/#\/schema\/logo\/image\/\",\"url\":\"https:\/\/radper.com\/wp-content\/uploads\/2021\/04\/logo-wide-11.png\",\"contentUrl\":\"https:\/\/radper.com\/wp-content\/uploads\/2021\/04\/logo-wide-11.png\",\"width\":250,\"height\":110,\"caption\":\"radper\"},\"image\":{\"@id\":\"https:\/\/www.radper.com\/fr\/#\/schema\/logo\/image\/\"}}]}<\/script>\n<!-- \/ Yoast SEO plugin. -->","yoast_head_json":{"title":"Disjoncteur diff\u00e9rentiel 5SV4342-0, 4 p\u00f4les 25A 30mA SIEMENS - Radper","description":"Disjoncteur diff\u00e9rentiel Siemens 5SV4342-0, 4P 25 A 30 mA type AC 400 V. Disponible sur Radper avec accompagnement sur mesure.","robots":{"index":"index","follow":"follow","max-snippet":"max-snippet:-1","max-image-preview":"max-image-preview:large","max-video-preview":"max-video-preview:-1"},"canonical":"https:\/\/www.radper.com\/fr\/catalogues\/materiel-electrique\/contacteur-2\/disjoncteur-differentiel-5sv4342-0-siemens\/","og_locale":"fr_FR","og_type":"article","og_title":"Disjoncteur diff\u00e9rentiel 5SV4342-0, 4 p\u00f4les 25A 30mA SIEMENS - Radper","og_description":"Disjoncteur diff\u00e9rentiel Siemens 5SV4342-0, 4P 25 A 30 mA type AC 400 V. Disponible sur Radper avec accompagnement sur mesure.","og_url":"https:\/\/www.radper.com\/fr\/catalogues\/materiel-electrique\/contacteur-2\/disjoncteur-differentiel-5sv4342-0-siemens\/","og_site_name":"Radper","article_modified_time":"2025-07-28T14:51:46+00:00","og_image":[{"width":600,"height":600,"url":"https:\/\/www.radper.com\/wp-content\/uploads\/2022\/05\/5SV4342-0-SIEMENS.png","type":"image\/png"}],"twitter_card":"summary_large_image","twitter_misc":{"Dur\u00e9e de lecture estim\u00e9e":"2 minutes"},"schema":{"@context":"https:\/\/schema.org","@graph":[{"@type":"WebPage","@id":"https:\/\/www.radper.com\/fr\/catalogues\/materiel-electrique\/contacteur-2\/disjoncteur-differentiel-5sv4342-0-siemens\/","url":"https:\/\/www.radper.com\/fr\/catalogues\/materiel-electrique\/contacteur-2\/disjoncteur-differentiel-5sv4342-0-siemens\/","name":"Disjoncteur diff\u00e9rentiel 5SV4342-0, 4 p\u00f4les 25A 30mA SIEMENS - Radper","isPartOf":{"@id":"https:\/\/www.radper.com\/fr\/#website"},"primaryImageOfPage":{"@id":"https:\/\/www.radper.com\/fr\/catalogues\/materiel-electrique\/contacteur-2\/disjoncteur-differentiel-5sv4342-0-siemens\/#primaryimage"},"image":{"@id":"https:\/\/www.radper.com\/fr\/catalogues\/materiel-electrique\/contacteur-2\/disjoncteur-differentiel-5sv4342-0-siemens\/#primaryimage"},"thumbnailUrl":"https:\/\/www.radper.com\/wp-content\/uploads\/2022\/05\/5SV4342-0-SIEMENS.png","datePublished":"2022-05-24T12:16:00+00:00","dateModified":"2025-07-28T14:51:46+00:00","description":"Disjoncteur diff\u00e9rentiel Siemens 5SV4342-0, 4P 25 A 30 mA type AC 400 V. Disponible sur Radper avec accompagnement sur mesure.","breadcrumb":{"@id":"https:\/\/www.radper.com\/fr\/catalogues\/materiel-electrique\/contacteur-2\/disjoncteur-differentiel-5sv4342-0-siemens\/#breadcrumb"},"inLanguage":"fr-FR","potentialAction":[{"@type":"ReadAction","target":["https:\/\/www.radper.com\/fr\/catalogues\/materiel-electrique\/contacteur-2\/disjoncteur-differentiel-5sv4342-0-siemens\/"]}]},{"@type":"ImageObject","inLanguage":"fr-FR","@id":"https:\/\/www.radper.com\/fr\/catalogues\/materiel-electrique\/contacteur-2\/disjoncteur-differentiel-5sv4342-0-siemens\/#primaryimage","url":"https:\/\/www.radper.com\/wp-content\/uploads\/2022\/05\/5SV4342-0-SIEMENS.png","contentUrl":"https:\/\/www.radper.com\/wp-content\/uploads\/2022\/05\/5SV4342-0-SIEMENS.png","width":600,"height":600},{"@type":"BreadcrumbList","@id":"https:\/\/www.radper.com\/fr\/catalogues\/materiel-electrique\/contacteur-2\/disjoncteur-differentiel-5sv4342-0-siemens\/#breadcrumb","itemListElement":[{"@type":"ListItem","position":1,"name":"Accueil","item":"https:\/\/www.radper.com\/fr\/"},{"@type":"ListItem","position":2,"name":"Catalogue","item":"https:\/\/www.radper.com\/fr\/catalogue\/"},{"@type":"ListItem","position":3,"name":"Disjoncteur diff\u00e9rentiel 5SV4342-0, 4 p\u00f4les 25A 30mA SIEMENS"}]},{"@type":"WebSite","@id":"https:\/\/www.radper.com\/fr\/#website","url":"https:\/\/www.radper.com\/fr\/","name":"Radper","description":"","publisher":{"@id":"https:\/\/www.radper.com\/fr\/#organization"},"potentialAction":[{"@type":"SearchAction","target":{"@type":"EntryPoint","urlTemplate":"https:\/\/www.radper.com\/fr\/?s={search_term_string}"},"query-input":{"@type":"PropertyValueSpecification","valueRequired":true,"valueName":"search_term_string"}}],"inLanguage":"fr-FR"},{"@type":"Organization","@id":"https:\/\/www.radper.com\/fr\/#organization","name":"radper","url":"https:\/\/www.radper.com\/fr\/","logo":{"@type":"ImageObject","inLanguage":"fr-FR","@id":"https:\/\/www.radper.com\/fr\/#\/schema\/logo\/image\/","url":"https:\/\/radper.com\/wp-content\/uploads\/2021\/04\/logo-wide-11.png","contentUrl":"https:\/\/radper.com\/wp-content\/uploads\/2021\/04\/logo-wide-11.png","width":250,"height":110,"caption":"radper"},"image":{"@id":"https:\/\/www.radper.com\/fr\/#\/schema\/logo\/image\/"}}]}},"_links":{"self":[{"href":"https:\/\/www.radper.com\/fr\/wp-json\/wp\/v2\/product\/12224","targetHints":{"allow":["GET"]}}],"collection":[{"href":"https:\/\/www.radper.com\/fr\/wp-json\/wp\/v2\/product"}],"about":[{"href":"https:\/\/www.radper.com\/fr\/wp-json\/wp\/v2\/types\/product"}],"wp:featuredmedia":[{"embeddable":true,"href":"https:\/\/www.radper.com\/fr\/wp-json\/wp\/v2\/media\/44545"}],"wp:attachment":[{"href":"https:\/\/www.radper.com\/fr\/wp-json\/wp\/v2\/media?parent=12224"}],"wp:term":[{"taxonomy":"product_brand","embeddable":true,"href":"https:\/\/www.radper.com\/fr\/wp-json\/wp\/v2\/product_brand?post=12224"},{"taxonomy":"product_cat","embeddable":true,"href":"https:\/\/www.radper.com\/fr\/wp-json\/wp\/v2\/product_cat?post=12224"},{"taxonomy":"product_tag","embeddable":true,"href":"https:\/\/www.radper.com\/fr\/wp-json\/wp\/v2\/product_tag?post=12224"}],"curies":[{"name":"wp","href":"https:\/\/api.w.org\/{rel}","templated":true}]}}