{"id":12270,"date":"2022-05-25T11:50:06","date_gmt":"2022-05-25T11:50:06","guid":{"rendered":"https:\/\/www.radper.com\/?post_type=product&#038;p=12270"},"modified":"2025-03-13T00:50:16","modified_gmt":"2025-03-13T00:50:16","slug":"detecteur-tension-bt-rotation-phase-pointes-ms-918-pg-catu-2","status":"publish","type":"product","link":"https:\/\/www.radper.com\/fr\/catalogues\/epi-outillage\/detection-et-mesure\/detecteur-tension-bt-rotation-phase-pointes-ms-918-pg-catu-2\/","title":{"rendered":"D\u00e9tecteur de tension BT avec rotation de phase pointes de touche IP2X \u00e0 g\u00e2chette led"},"content":{"rendered":"<p><strong>Utilisation :<\/strong><\/p>\n<ul>\n<li>V\u00e9rification d&rsquo;absence de tension.<\/li>\n<li>Contr\u00f4le des niveaux de tension de 12 \u00e0 900 V en alternatif, 1 000 V en continu.<\/li>\n<li>Contr\u00f4le de continuit\u00e9 sonore et lumineux d&rsquo;un circuit hors tension (80\u00a0\u2126).<\/li>\n<li>Rep\u00e9rage unipolaire de phase.<\/li>\n<li>Recherche des polarit\u00e9s d&rsquo;un circuit en courant continu.<\/li>\n<li>Contr\u00f4le de la rotation de phase par m\u00e9thode 2 fils.<\/li>\n<li>Utilisation int\u00e9rieure et ext\u00e9rieure.<\/li>\n<\/ul>\n<p><strong>Caract\u00e9ristiques :\u00a0<\/strong><\/p>\n<ul>\n<li>Equip\u00e9 de pointes de touche IP2X\u00a0avec pointes g\u00e2chettes r\u00e9tractables.<\/li>\n<li>S\u00e9curit\u00e9 totale avec une diode indiquant la pr\u00e9sence de tension dangereuse (&gt; 50 V).<\/li>\n<li>Degr\u00e9 de protection : IP65 et IK06.<\/li>\n<li>Un bouton test permettant de discerner la v\u00e9rification du bon fonctionnement et de la fonction de continuit\u00e9.<\/li>\n<li>Totalement modulable et adaptable aux prises \u00e0 \u00e9clipse.<\/li>\n<li>Equip\u00e9 d&rsquo;une lampe d&rsquo;\u00e9clairage au point de mesure.<\/li>\n<li>Affichage : LED<\/li>\n<\/ul>\n","protected":false},"excerpt":{"rendered":"<p>MS-918-PG<\/p>\n","protected":false},"featured_media":12271,"template":"","meta":{"_acf_changed":false},"product_brand":[],"product_cat":[157],"product_tag":[],"class_list":{"0":"post-12270","1":"product","2":"type-product","3":"status-publish","4":"has-post-thumbnail","6":"product_cat-detection-et-mesure","7":"pa_marque-catu","8":"pa_norme-en-61243-32015","9":"pa_norme-iec-61010-031","10":"pa_norme-iec-61010-1","11":"pa_norme-iec-61243-32014","12":"pa_norme-nf-c18-510","13":"pa_tension-12-1000-v-dc","14":"pa_tension-12-900-v-ac","16":"first","17":"instock","18":"taxable","19":"shipping-taxable","20":"purchasable","21":"product-type-simple"},"acf":[],"yoast_head":"<!-- This site is optimized with the Yoast SEO plugin v26.2 - https:\/\/yoast.com\/wordpress\/plugins\/seo\/ -->\n<title>D\u00e9tecteur de tension BT avec rotation de phase pointes de touche IP2X \u00e0 g\u00e2chette led - Radper<\/title>\n<meta name=\"robots\" content=\"index, follow, max-snippet:-1, max-image-preview:large, max-video-preview:-1\" \/>\n<link rel=\"canonical\" href=\"https:\/\/www.radper.com\/fr\/catalogues\/epi-outillage\/detection-et-mesure\/detecteur-tension-bt-rotation-phase-pointes-ms-918-pg-catu-2\/\" \/>\n<meta property=\"og:locale\" content=\"fr_FR\" \/>\n<meta property=\"og:type\" content=\"article\" \/>\n<meta property=\"og:title\" content=\"D\u00e9tecteur de tension BT avec rotation de phase pointes de touche IP2X \u00e0 g\u00e2chette led - Radper\" \/>\n<meta property=\"og:description\" content=\"MS-918-PG\" \/>\n<meta property=\"og:url\" content=\"https:\/\/www.radper.com\/fr\/catalogues\/epi-outillage\/detection-et-mesure\/detecteur-tension-bt-rotation-phase-pointes-ms-918-pg-catu-2\/\" \/>\n<meta property=\"og:site_name\" content=\"Radper\" \/>\n<meta property=\"article:modified_time\" content=\"2025-03-13T00:50:16+00:00\" \/>\n<meta property=\"og:image\" content=\"https:\/\/www.radper.com\/wp-content\/uploads\/2022\/05\/MS-918-PG.jpg\" \/>\n\t<meta property=\"og:image:width\" content=\"600\" \/>\n\t<meta property=\"og:image:height\" content=\"600\" \/>\n\t<meta property=\"og:image:type\" content=\"image\/jpeg\" \/>\n<meta name=\"twitter:card\" content=\"summary_large_image\" \/>\n<meta name=\"twitter:label1\" content=\"Dur\u00e9e de lecture estim\u00e9e\" \/>\n\t<meta name=\"twitter:data1\" content=\"1 minute\" \/>\n<script type=\"application\/ld+json\" class=\"yoast-schema-graph\">{\"@context\":\"https:\/\/schema.org\",\"@graph\":[{\"@type\":\"WebPage\",\"@id\":\"https:\/\/www.radper.com\/fr\/catalogues\/epi-outillage\/detection-et-mesure\/detecteur-tension-bt-rotation-phase-pointes-ms-918-pg-catu-2\/\",\"url\":\"https:\/\/www.radper.com\/fr\/catalogues\/epi-outillage\/detection-et-mesure\/detecteur-tension-bt-rotation-phase-pointes-ms-918-pg-catu-2\/\",\"name\":\"D\u00e9tecteur de tension BT avec rotation de phase pointes de touche IP2X \u00e0 g\u00e2chette led - Radper\",\"isPartOf\":{\"@id\":\"https:\/\/www.radper.com\/fr\/#website\"},\"primaryImageOfPage\":{\"@id\":\"https:\/\/www.radper.com\/fr\/catalogues\/epi-outillage\/detection-et-mesure\/detecteur-tension-bt-rotation-phase-pointes-ms-918-pg-catu-2\/#primaryimage\"},\"image\":{\"@id\":\"https:\/\/www.radper.com\/fr\/catalogues\/epi-outillage\/detection-et-mesure\/detecteur-tension-bt-rotation-phase-pointes-ms-918-pg-catu-2\/#primaryimage\"},\"thumbnailUrl\":\"https:\/\/www.radper.com\/wp-content\/uploads\/2022\/05\/MS-918-PG.jpg\",\"datePublished\":\"2022-05-25T11:50:06+00:00\",\"dateModified\":\"2025-03-13T00:50:16+00:00\",\"breadcrumb\":{\"@id\":\"https:\/\/www.radper.com\/fr\/catalogues\/epi-outillage\/detection-et-mesure\/detecteur-tension-bt-rotation-phase-pointes-ms-918-pg-catu-2\/#breadcrumb\"},\"inLanguage\":\"fr-FR\",\"potentialAction\":[{\"@type\":\"ReadAction\",\"target\":[\"https:\/\/www.radper.com\/fr\/catalogues\/epi-outillage\/detection-et-mesure\/detecteur-tension-bt-rotation-phase-pointes-ms-918-pg-catu-2\/\"]}]},{\"@type\":\"ImageObject\",\"inLanguage\":\"fr-FR\",\"@id\":\"https:\/\/www.radper.com\/fr\/catalogues\/epi-outillage\/detection-et-mesure\/detecteur-tension-bt-rotation-phase-pointes-ms-918-pg-catu-2\/#primaryimage\",\"url\":\"https:\/\/www.radper.com\/wp-content\/uploads\/2022\/05\/MS-918-PG.jpg\",\"contentUrl\":\"https:\/\/www.radper.com\/wp-content\/uploads\/2022\/05\/MS-918-PG.jpg\",\"width\":600,\"height\":600},{\"@type\":\"BreadcrumbList\",\"@id\":\"https:\/\/www.radper.com\/fr\/catalogues\/epi-outillage\/detection-et-mesure\/detecteur-tension-bt-rotation-phase-pointes-ms-918-pg-catu-2\/#breadcrumb\",\"itemListElement\":[{\"@type\":\"ListItem\",\"position\":1,\"name\":\"Accueil\",\"item\":\"https:\/\/www.radper.com\/fr\/\"},{\"@type\":\"ListItem\",\"position\":2,\"name\":\"Catalogue\",\"item\":\"https:\/\/www.radper.com\/fr\/catalogue\/\"},{\"@type\":\"ListItem\",\"position\":3,\"name\":\"D\u00e9tecteur de tension BT avec rotation de phase pointes de touche IP2X \u00e0 g\u00e2chette led\"}]},{\"@type\":\"WebSite\",\"@id\":\"https:\/\/www.radper.com\/fr\/#website\",\"url\":\"https:\/\/www.radper.com\/fr\/\",\"name\":\"Radper\",\"description\":\"\",\"publisher\":{\"@id\":\"https:\/\/www.radper.com\/fr\/#organization\"},\"potentialAction\":[{\"@type\":\"SearchAction\",\"target\":{\"@type\":\"EntryPoint\",\"urlTemplate\":\"https:\/\/www.radper.com\/fr\/?s={search_term_string}\"},\"query-input\":{\"@type\":\"PropertyValueSpecification\",\"valueRequired\":true,\"valueName\":\"search_term_string\"}}],\"inLanguage\":\"fr-FR\"},{\"@type\":\"Organization\",\"@id\":\"https:\/\/www.radper.com\/fr\/#organization\",\"name\":\"radper\",\"url\":\"https:\/\/www.radper.com\/fr\/\",\"logo\":{\"@type\":\"ImageObject\",\"inLanguage\":\"fr-FR\",\"@id\":\"https:\/\/www.radper.com\/fr\/#\/schema\/logo\/image\/\",\"url\":\"https:\/\/radper.com\/wp-content\/uploads\/2021\/04\/logo-wide-11.png\",\"contentUrl\":\"https:\/\/radper.com\/wp-content\/uploads\/2021\/04\/logo-wide-11.png\",\"width\":250,\"height\":110,\"caption\":\"radper\"},\"image\":{\"@id\":\"https:\/\/www.radper.com\/fr\/#\/schema\/logo\/image\/\"}}]}<\/script>\n<!-- \/ Yoast SEO plugin. -->","yoast_head_json":{"title":"D\u00e9tecteur de tension BT avec rotation de phase pointes de touche IP2X \u00e0 g\u00e2chette led - Radper","robots":{"index":"index","follow":"follow","max-snippet":"max-snippet:-1","max-image-preview":"max-image-preview:large","max-video-preview":"max-video-preview:-1"},"canonical":"https:\/\/www.radper.com\/fr\/catalogues\/epi-outillage\/detection-et-mesure\/detecteur-tension-bt-rotation-phase-pointes-ms-918-pg-catu-2\/","og_locale":"fr_FR","og_type":"article","og_title":"D\u00e9tecteur de tension BT avec rotation de phase pointes de touche IP2X \u00e0 g\u00e2chette led - Radper","og_description":"MS-918-PG","og_url":"https:\/\/www.radper.com\/fr\/catalogues\/epi-outillage\/detection-et-mesure\/detecteur-tension-bt-rotation-phase-pointes-ms-918-pg-catu-2\/","og_site_name":"Radper","article_modified_time":"2025-03-13T00:50:16+00:00","og_image":[{"width":600,"height":600,"url":"https:\/\/www.radper.com\/wp-content\/uploads\/2022\/05\/MS-918-PG.jpg","type":"image\/jpeg"}],"twitter_card":"summary_large_image","twitter_misc":{"Dur\u00e9e de lecture estim\u00e9e":"1 minute"},"schema":{"@context":"https:\/\/schema.org","@graph":[{"@type":"WebPage","@id":"https:\/\/www.radper.com\/fr\/catalogues\/epi-outillage\/detection-et-mesure\/detecteur-tension-bt-rotation-phase-pointes-ms-918-pg-catu-2\/","url":"https:\/\/www.radper.com\/fr\/catalogues\/epi-outillage\/detection-et-mesure\/detecteur-tension-bt-rotation-phase-pointes-ms-918-pg-catu-2\/","name":"D\u00e9tecteur de tension BT avec rotation de phase pointes de touche IP2X \u00e0 g\u00e2chette led - Radper","isPartOf":{"@id":"https:\/\/www.radper.com\/fr\/#website"},"primaryImageOfPage":{"@id":"https:\/\/www.radper.com\/fr\/catalogues\/epi-outillage\/detection-et-mesure\/detecteur-tension-bt-rotation-phase-pointes-ms-918-pg-catu-2\/#primaryimage"},"image":{"@id":"https:\/\/www.radper.com\/fr\/catalogues\/epi-outillage\/detection-et-mesure\/detecteur-tension-bt-rotation-phase-pointes-ms-918-pg-catu-2\/#primaryimage"},"thumbnailUrl":"https:\/\/www.radper.com\/wp-content\/uploads\/2022\/05\/MS-918-PG.jpg","datePublished":"2022-05-25T11:50:06+00:00","dateModified":"2025-03-13T00:50:16+00:00","breadcrumb":{"@id":"https:\/\/www.radper.com\/fr\/catalogues\/epi-outillage\/detection-et-mesure\/detecteur-tension-bt-rotation-phase-pointes-ms-918-pg-catu-2\/#breadcrumb"},"inLanguage":"fr-FR","potentialAction":[{"@type":"ReadAction","target":["https:\/\/www.radper.com\/fr\/catalogues\/epi-outillage\/detection-et-mesure\/detecteur-tension-bt-rotation-phase-pointes-ms-918-pg-catu-2\/"]}]},{"@type":"ImageObject","inLanguage":"fr-FR","@id":"https:\/\/www.radper.com\/fr\/catalogues\/epi-outillage\/detection-et-mesure\/detecteur-tension-bt-rotation-phase-pointes-ms-918-pg-catu-2\/#primaryimage","url":"https:\/\/www.radper.com\/wp-content\/uploads\/2022\/05\/MS-918-PG.jpg","contentUrl":"https:\/\/www.radper.com\/wp-content\/uploads\/2022\/05\/MS-918-PG.jpg","width":600,"height":600},{"@type":"BreadcrumbList","@id":"https:\/\/www.radper.com\/fr\/catalogues\/epi-outillage\/detection-et-mesure\/detecteur-tension-bt-rotation-phase-pointes-ms-918-pg-catu-2\/#breadcrumb","itemListElement":[{"@type":"ListItem","position":1,"name":"Accueil","item":"https:\/\/www.radper.com\/fr\/"},{"@type":"ListItem","position":2,"name":"Catalogue","item":"https:\/\/www.radper.com\/fr\/catalogue\/"},{"@type":"ListItem","position":3,"name":"D\u00e9tecteur de tension BT avec rotation de phase pointes de touche IP2X \u00e0 g\u00e2chette led"}]},{"@type":"WebSite","@id":"https:\/\/www.radper.com\/fr\/#website","url":"https:\/\/www.radper.com\/fr\/","name":"Radper","description":"","publisher":{"@id":"https:\/\/www.radper.com\/fr\/#organization"},"potentialAction":[{"@type":"SearchAction","target":{"@type":"EntryPoint","urlTemplate":"https:\/\/www.radper.com\/fr\/?s={search_term_string}"},"query-input":{"@type":"PropertyValueSpecification","valueRequired":true,"valueName":"search_term_string"}}],"inLanguage":"fr-FR"},{"@type":"Organization","@id":"https:\/\/www.radper.com\/fr\/#organization","name":"radper","url":"https:\/\/www.radper.com\/fr\/","logo":{"@type":"ImageObject","inLanguage":"fr-FR","@id":"https:\/\/www.radper.com\/fr\/#\/schema\/logo\/image\/","url":"https:\/\/radper.com\/wp-content\/uploads\/2021\/04\/logo-wide-11.png","contentUrl":"https:\/\/radper.com\/wp-content\/uploads\/2021\/04\/logo-wide-11.png","width":250,"height":110,"caption":"radper"},"image":{"@id":"https:\/\/www.radper.com\/fr\/#\/schema\/logo\/image\/"}}]}},"_links":{"self":[{"href":"https:\/\/www.radper.com\/fr\/wp-json\/wp\/v2\/product\/12270","targetHints":{"allow":["GET"]}}],"collection":[{"href":"https:\/\/www.radper.com\/fr\/wp-json\/wp\/v2\/product"}],"about":[{"href":"https:\/\/www.radper.com\/fr\/wp-json\/wp\/v2\/types\/product"}],"wp:featuredmedia":[{"embeddable":true,"href":"https:\/\/www.radper.com\/fr\/wp-json\/wp\/v2\/media\/12271"}],"wp:attachment":[{"href":"https:\/\/www.radper.com\/fr\/wp-json\/wp\/v2\/media?parent=12270"}],"wp:term":[{"taxonomy":"product_brand","embeddable":true,"href":"https:\/\/www.radper.com\/fr\/wp-json\/wp\/v2\/product_brand?post=12270"},{"taxonomy":"product_cat","embeddable":true,"href":"https:\/\/www.radper.com\/fr\/wp-json\/wp\/v2\/product_cat?post=12270"},{"taxonomy":"product_tag","embeddable":true,"href":"https:\/\/www.radper.com\/fr\/wp-json\/wp\/v2\/product_tag?post=12270"}],"curies":[{"name":"wp","href":"https:\/\/api.w.org\/{rel}","templated":true}]}}