{"id":12561,"date":"2022-06-28T12:56:57","date_gmt":"2022-06-28T12:56:57","guid":{"rendered":"https:\/\/www.radper.com\/produit\/disjoncteurs-miniatures-mcb-6000-a-3p-400-v-ac3-mw-in63-ac\/"},"modified":"2025-05-21T10:31:45","modified_gmt":"2025-05-21T10:31:45","slug":"disjoncteur-miniature-5sl6-363-7-siemens","status":"publish","type":"product","link":"https:\/\/www.radper.com\/fr\/catalogues\/materiel-electrique\/protecteurs-disjoncteurs\/disjoncteur-miniature-5sl6-363-7-siemens\/","title":{"rendered":"Disjoncteur miniature 5SL6 363-7 SIEMENS"},"content":{"rendered":"<h3 class=\"\" data-start=\"112\" data-end=\"191\"><strong data-start=\"116\" data-end=\"189\">Disjoncteur Siemens 5SL6 363-7 \u2013 3 p\u00f4les, 63 A, courbe C, 6 kA, 400 V<\/strong><\/h3>\n<p class=\"\" data-start=\"193\" data-end=\"703\">Le disjoncteur miniature <strong data-start=\"218\" data-end=\"232\">5SL6 363-7<\/strong> de la gamme <strong data-start=\"245\" data-end=\"256\">SENTRON<\/strong> est con\u00e7u pour prot\u00e9ger efficacement les circuits \u00e9lectriques contre les surcharges et les courts-circuits. Il dispose de <strong data-start=\"379\" data-end=\"390\">3 p\u00f4les<\/strong>, d\u2019une intensit\u00e9 nominale de <strong data-start=\"420\" data-end=\"428\">63 A<\/strong>, d\u2019une courbe de d\u00e9clenchement <strong data-start=\"460\" data-end=\"465\">C<\/strong>, et d\u2019un pouvoir de coupure de <strong data-start=\"497\" data-end=\"505\">6 kA<\/strong> selon les normes <strong data-start=\"523\" data-end=\"535\">EN 60898<\/strong> et <strong data-start=\"539\" data-end=\"554\">IEC 60947-2<\/strong>. Id\u00e9al pour les infrastructures r\u00e9sidentielles et tertiaires, il fonctionne sur des r\u00e9seaux <strong data-start=\"647\" data-end=\"659\">AC 400 V<\/strong>, avec une installation facile sur rail DIN.<\/p>\n<h3 class=\"\" data-start=\"2012\" data-end=\"2031\"><strong data-start=\"2016\" data-end=\"2029\">Avantages<\/strong><\/h3>\n<ul data-start=\"2033\" data-end=\"2531\">\n<li class=\"\" data-start=\"2033\" data-end=\"2117\">\n<p class=\"\" data-start=\"2035\" data-end=\"2117\"><strong data-start=\"2035\" data-end=\"2056\">Protection fiable<\/strong> contre les courts-circuits et surcharges jusqu\u2019\u00e0 <strong data-start=\"2106\" data-end=\"2114\">6 kA<\/strong>.<\/p>\n<\/li>\n<li class=\"\" data-start=\"2118\" data-end=\"2200\">\n<p class=\"\" data-start=\"2120\" data-end=\"2200\"><strong data-start=\"2120\" data-end=\"2132\">Courbe C<\/strong> : id\u00e9ale pour les circuits avec charges \u00e0 courant d\u2019appel mod\u00e9r\u00e9.<\/p>\n<\/li>\n<li class=\"\" data-start=\"2201\" data-end=\"2278\">\n<p class=\"\" data-start=\"2203\" data-end=\"2278\"><strong data-start=\"2203\" data-end=\"2231\">Installation universelle<\/strong> sur rail DIN avec position de montage libre.<\/p>\n<\/li>\n<li class=\"\" data-start=\"2279\" data-end=\"2361\">\n<p class=\"\" data-start=\"2281\" data-end=\"2361\"><strong data-start=\"2281\" data-end=\"2321\">Composants sans halog\u00e8ne ni silicone<\/strong>, adapt\u00e9 aux environnements sensibles.<\/p>\n<\/li>\n<li class=\"\" data-start=\"2362\" data-end=\"2453\">\n<p class=\"\" data-start=\"2364\" data-end=\"2453\"><strong data-start=\"2364\" data-end=\"2386\">Bornes compatibles<\/strong> avec une large plage de sections de conducteurs (0,75 \u00e0 25 mm\u00b2).<\/p>\n<\/li>\n<li class=\"\" data-start=\"2454\" data-end=\"2531\">\n<p class=\"\" data-start=\"2456\" data-end=\"2531\"><strong data-start=\"2456\" data-end=\"2497\">Possibilit\u00e9 d\u2019ajouter des auxiliaires<\/strong> ou dispositifs compl\u00e9mentaires.<\/p>\n<\/li>\n<\/ul>\n<h3 class=\"\" data-start=\"2538\" data-end=\"2560\"><strong data-start=\"2542\" data-end=\"2558\">Applications<\/strong><\/h3>\n<p class=\"\" data-start=\"2562\" data-end=\"2828\">Ce disjoncteur est particuli\u00e8rement adapt\u00e9 aux <strong data-start=\"2609\" data-end=\"2666\">b\u00e2timents r\u00e9sidentiels, tertiaires et infrastructures<\/strong>, pour la <strong data-start=\"2676\" data-end=\"2712\">protection de circuits triphas\u00e9s<\/strong>. Il peut \u00eatre utilis\u00e9 dans des tableaux de distribution standards pour des applications courantes jusqu\u2019\u00e0 <strong data-start=\"2819\" data-end=\"2827\">63 A<\/strong>.<\/p>\n<h3 class=\"\" data-start=\"2835\" data-end=\"2870\"><strong data-start=\"2839\" data-end=\"2868\">Environnement et s\u00e9curit\u00e9<\/strong><\/h3>\n<ul data-start=\"2872\" data-end=\"3135\">\n<li class=\"\" data-start=\"2872\" data-end=\"2930\">\n<p class=\"\" data-start=\"2874\" data-end=\"2930\"><strong data-start=\"2874\" data-end=\"2907\">Temp\u00e9rature de fonctionnement<\/strong> : de -25 \u00b0C \u00e0 +45 \u00b0C<\/p>\n<\/li>\n<li class=\"\" data-start=\"2931\" data-end=\"2985\">\n<p class=\"\" data-start=\"2933\" data-end=\"2985\"><strong data-start=\"2933\" data-end=\"2959\">Dur\u00e9e de vie m\u00e9canique<\/strong> : jusqu\u2019\u00e0 10 000 cycles<\/p>\n<\/li>\n<li class=\"\" data-start=\"2986\" data-end=\"3050\">\n<p class=\"\" data-start=\"2988\" data-end=\"3050\"><strong data-start=\"2988\" data-end=\"3019\">Protection tactile conforme<\/strong> aux exigences de s\u00e9curit\u00e9 EN<\/p>\n<\/li>\n<li class=\"\" data-start=\"3051\" data-end=\"3135\">\n<p class=\"\" data-start=\"3053\" data-end=\"3135\"><strong data-start=\"3053\" data-end=\"3082\">Utilisation AC uniquement<\/strong>, non compatible avec les applications mixtes AC\/DC<\/p>\n<\/li>\n<\/ul>\n<p class=\"\" data-start=\"3157\" data-end=\"3301\"><strong data-start=\"3157\" data-end=\"3217\">\u27a1\ufe0fCe disjoncteur peut-il \u00eatre utilis\u00e9 en courant continu ?<\/strong><br data-start=\"3217\" data-end=\"3220\" \/>Non, il est con\u00e7u pour une utilisation <strong data-start=\"3259\" data-end=\"3295\">en courant alternatif uniquement<\/strong> (AC).<\/p>\n<p class=\"\" data-start=\"3303\" data-end=\"3413\"><strong data-start=\"3303\" data-end=\"3350\">\u27a1\ufe0fEst-il possible d\u2019ajouter des auxiliaires ?<\/strong><br data-start=\"3350\" data-end=\"3353\" \/>Oui, des dispositifs suppl\u00e9mentaires peuvent \u00eatre install\u00e9s.<\/p>\n<p class=\"\" data-start=\"3415\" data-end=\"3589\"><strong data-start=\"3415\" data-end=\"3477\">\u27a1\ufe0fLa courbe C est-elle adapt\u00e9e \u00e0 tous les types de charges ?<\/strong><br data-start=\"3477\" data-end=\"3480\" \/>Elle convient aux charges courantes comme l\u2019\u00e9clairage, les prises, les moteurs \u00e0 faible courant d\u2019appel, etc.<\/p>\n","protected":false},"excerpt":{"rendered":"<p>5SL6 363-7<\/p>\n","protected":false},"featured_media":44683,"template":"","meta":{"_acf_changed":false},"product_brand":[],"product_cat":[716],"product_tag":[],"class_list":{"0":"post-12561","1":"product","2":"type-product","3":"status-publish","4":"has-post-thumbnail","6":"product_cat-protecteurs-disjoncteurs","7":"pa_marque-siemens","8":"pa_puissance-2mw","9":"pa_tension-400v","11":"first","12":"instock","13":"featured","14":"taxable","15":"shipping-taxable","16":"purchasable","17":"product-type-simple"},"acf":[],"yoast_head":"<!-- This site is optimized with the Yoast SEO plugin v26.2 - https:\/\/yoast.com\/wordpress\/plugins\/seo\/ -->\n<title>Disjoncteur miniature 5SL6 363-7 SIEMENS - Radper<\/title>\n<meta name=\"description\" content=\"Disjoncteur Siemens 5SL6 363-7, 3P, 63 A, courbe C, 6 kA, 400 V. Id\u00e9al pour circuits r\u00e9sidentiels et tertiaires. Accompagnement Radper.\" \/>\n<meta name=\"robots\" content=\"index, follow, max-snippet:-1, max-image-preview:large, max-video-preview:-1\" \/>\n<link rel=\"canonical\" href=\"https:\/\/www.radper.com\/fr\/catalogues\/materiel-electrique\/protecteurs-disjoncteurs\/disjoncteur-miniature-5sl6-363-7-siemens\/\" \/>\n<meta property=\"og:locale\" content=\"fr_FR\" \/>\n<meta property=\"og:type\" content=\"article\" \/>\n<meta property=\"og:title\" content=\"Disjoncteur miniature 5SL6 363-7 SIEMENS - Radper\" \/>\n<meta property=\"og:description\" content=\"Disjoncteur Siemens 5SL6 363-7, 3P, 63 A, courbe C, 6 kA, 400 V. Id\u00e9al pour circuits r\u00e9sidentiels et tertiaires. Accompagnement Radper.\" \/>\n<meta property=\"og:url\" content=\"https:\/\/www.radper.com\/fr\/catalogues\/materiel-electrique\/protecteurs-disjoncteurs\/disjoncteur-miniature-5sl6-363-7-siemens\/\" \/>\n<meta property=\"og:site_name\" content=\"Radper\" \/>\n<meta property=\"article:modified_time\" content=\"2025-05-21T10:31:45+00:00\" \/>\n<meta property=\"og:image\" content=\"https:\/\/www.radper.com\/wp-content\/uploads\/2022\/06\/5SL6-363-7-SIEMENS-.png\" \/>\n\t<meta property=\"og:image:width\" content=\"600\" \/>\n\t<meta property=\"og:image:height\" content=\"600\" \/>\n\t<meta property=\"og:image:type\" content=\"image\/png\" \/>\n<meta name=\"twitter:card\" content=\"summary_large_image\" \/>\n<meta name=\"twitter:label1\" content=\"Dur\u00e9e de lecture estim\u00e9e\" \/>\n\t<meta name=\"twitter:data1\" content=\"2 minutes\" \/>\n<script type=\"application\/ld+json\" class=\"yoast-schema-graph\">{\"@context\":\"https:\/\/schema.org\",\"@graph\":[{\"@type\":\"WebPage\",\"@id\":\"https:\/\/www.radper.com\/fr\/catalogues\/materiel-electrique\/protecteurs-disjoncteurs\/disjoncteur-miniature-5sl6-363-7-siemens\/\",\"url\":\"https:\/\/www.radper.com\/fr\/catalogues\/materiel-electrique\/protecteurs-disjoncteurs\/disjoncteur-miniature-5sl6-363-7-siemens\/\",\"name\":\"Disjoncteur miniature 5SL6 363-7 SIEMENS - Radper\",\"isPartOf\":{\"@id\":\"https:\/\/www.radper.com\/fr\/#website\"},\"primaryImageOfPage\":{\"@id\":\"https:\/\/www.radper.com\/fr\/catalogues\/materiel-electrique\/protecteurs-disjoncteurs\/disjoncteur-miniature-5sl6-363-7-siemens\/#primaryimage\"},\"image\":{\"@id\":\"https:\/\/www.radper.com\/fr\/catalogues\/materiel-electrique\/protecteurs-disjoncteurs\/disjoncteur-miniature-5sl6-363-7-siemens\/#primaryimage\"},\"thumbnailUrl\":\"https:\/\/www.radper.com\/wp-content\/uploads\/2022\/06\/5SL6-363-7-SIEMENS-.png\",\"datePublished\":\"2022-06-28T12:56:57+00:00\",\"dateModified\":\"2025-05-21T10:31:45+00:00\",\"description\":\"Disjoncteur Siemens 5SL6 363-7, 3P, 63 A, courbe C, 6 kA, 400 V. Id\u00e9al pour circuits r\u00e9sidentiels et tertiaires. Accompagnement Radper.\",\"breadcrumb\":{\"@id\":\"https:\/\/www.radper.com\/fr\/catalogues\/materiel-electrique\/protecteurs-disjoncteurs\/disjoncteur-miniature-5sl6-363-7-siemens\/#breadcrumb\"},\"inLanguage\":\"fr-FR\",\"potentialAction\":[{\"@type\":\"ReadAction\",\"target\":[\"https:\/\/www.radper.com\/fr\/catalogues\/materiel-electrique\/protecteurs-disjoncteurs\/disjoncteur-miniature-5sl6-363-7-siemens\/\"]}]},{\"@type\":\"ImageObject\",\"inLanguage\":\"fr-FR\",\"@id\":\"https:\/\/www.radper.com\/fr\/catalogues\/materiel-electrique\/protecteurs-disjoncteurs\/disjoncteur-miniature-5sl6-363-7-siemens\/#primaryimage\",\"url\":\"https:\/\/www.radper.com\/wp-content\/uploads\/2022\/06\/5SL6-363-7-SIEMENS-.png\",\"contentUrl\":\"https:\/\/www.radper.com\/wp-content\/uploads\/2022\/06\/5SL6-363-7-SIEMENS-.png\",\"width\":600,\"height\":600},{\"@type\":\"BreadcrumbList\",\"@id\":\"https:\/\/www.radper.com\/fr\/catalogues\/materiel-electrique\/protecteurs-disjoncteurs\/disjoncteur-miniature-5sl6-363-7-siemens\/#breadcrumb\",\"itemListElement\":[{\"@type\":\"ListItem\",\"position\":1,\"name\":\"Accueil\",\"item\":\"https:\/\/www.radper.com\/fr\/\"},{\"@type\":\"ListItem\",\"position\":2,\"name\":\"Catalogue\",\"item\":\"https:\/\/www.radper.com\/fr\/catalogue\/\"},{\"@type\":\"ListItem\",\"position\":3,\"name\":\"Disjoncteur miniature 5SL6 363-7 SIEMENS\"}]},{\"@type\":\"WebSite\",\"@id\":\"https:\/\/www.radper.com\/fr\/#website\",\"url\":\"https:\/\/www.radper.com\/fr\/\",\"name\":\"Radper\",\"description\":\"\",\"publisher\":{\"@id\":\"https:\/\/www.radper.com\/fr\/#organization\"},\"potentialAction\":[{\"@type\":\"SearchAction\",\"target\":{\"@type\":\"EntryPoint\",\"urlTemplate\":\"https:\/\/www.radper.com\/fr\/?s={search_term_string}\"},\"query-input\":{\"@type\":\"PropertyValueSpecification\",\"valueRequired\":true,\"valueName\":\"search_term_string\"}}],\"inLanguage\":\"fr-FR\"},{\"@type\":\"Organization\",\"@id\":\"https:\/\/www.radper.com\/fr\/#organization\",\"name\":\"radper\",\"url\":\"https:\/\/www.radper.com\/fr\/\",\"logo\":{\"@type\":\"ImageObject\",\"inLanguage\":\"fr-FR\",\"@id\":\"https:\/\/www.radper.com\/fr\/#\/schema\/logo\/image\/\",\"url\":\"https:\/\/radper.com\/wp-content\/uploads\/2021\/04\/logo-wide-11.png\",\"contentUrl\":\"https:\/\/radper.com\/wp-content\/uploads\/2021\/04\/logo-wide-11.png\",\"width\":250,\"height\":110,\"caption\":\"radper\"},\"image\":{\"@id\":\"https:\/\/www.radper.com\/fr\/#\/schema\/logo\/image\/\"}}]}<\/script>\n<!-- \/ Yoast SEO plugin. -->","yoast_head_json":{"title":"Disjoncteur miniature 5SL6 363-7 SIEMENS - Radper","description":"Disjoncteur Siemens 5SL6 363-7, 3P, 63 A, courbe C, 6 kA, 400 V. Id\u00e9al pour circuits r\u00e9sidentiels et tertiaires. Accompagnement Radper.","robots":{"index":"index","follow":"follow","max-snippet":"max-snippet:-1","max-image-preview":"max-image-preview:large","max-video-preview":"max-video-preview:-1"},"canonical":"https:\/\/www.radper.com\/fr\/catalogues\/materiel-electrique\/protecteurs-disjoncteurs\/disjoncteur-miniature-5sl6-363-7-siemens\/","og_locale":"fr_FR","og_type":"article","og_title":"Disjoncteur miniature 5SL6 363-7 SIEMENS - Radper","og_description":"Disjoncteur Siemens 5SL6 363-7, 3P, 63 A, courbe C, 6 kA, 400 V. Id\u00e9al pour circuits r\u00e9sidentiels et tertiaires. Accompagnement Radper.","og_url":"https:\/\/www.radper.com\/fr\/catalogues\/materiel-electrique\/protecteurs-disjoncteurs\/disjoncteur-miniature-5sl6-363-7-siemens\/","og_site_name":"Radper","article_modified_time":"2025-05-21T10:31:45+00:00","og_image":[{"width":600,"height":600,"url":"https:\/\/www.radper.com\/wp-content\/uploads\/2022\/06\/5SL6-363-7-SIEMENS-.png","type":"image\/png"}],"twitter_card":"summary_large_image","twitter_misc":{"Dur\u00e9e de lecture estim\u00e9e":"2 minutes"},"schema":{"@context":"https:\/\/schema.org","@graph":[{"@type":"WebPage","@id":"https:\/\/www.radper.com\/fr\/catalogues\/materiel-electrique\/protecteurs-disjoncteurs\/disjoncteur-miniature-5sl6-363-7-siemens\/","url":"https:\/\/www.radper.com\/fr\/catalogues\/materiel-electrique\/protecteurs-disjoncteurs\/disjoncteur-miniature-5sl6-363-7-siemens\/","name":"Disjoncteur miniature 5SL6 363-7 SIEMENS - Radper","isPartOf":{"@id":"https:\/\/www.radper.com\/fr\/#website"},"primaryImageOfPage":{"@id":"https:\/\/www.radper.com\/fr\/catalogues\/materiel-electrique\/protecteurs-disjoncteurs\/disjoncteur-miniature-5sl6-363-7-siemens\/#primaryimage"},"image":{"@id":"https:\/\/www.radper.com\/fr\/catalogues\/materiel-electrique\/protecteurs-disjoncteurs\/disjoncteur-miniature-5sl6-363-7-siemens\/#primaryimage"},"thumbnailUrl":"https:\/\/www.radper.com\/wp-content\/uploads\/2022\/06\/5SL6-363-7-SIEMENS-.png","datePublished":"2022-06-28T12:56:57+00:00","dateModified":"2025-05-21T10:31:45+00:00","description":"Disjoncteur Siemens 5SL6 363-7, 3P, 63 A, courbe C, 6 kA, 400 V. Id\u00e9al pour circuits r\u00e9sidentiels et tertiaires. Accompagnement Radper.","breadcrumb":{"@id":"https:\/\/www.radper.com\/fr\/catalogues\/materiel-electrique\/protecteurs-disjoncteurs\/disjoncteur-miniature-5sl6-363-7-siemens\/#breadcrumb"},"inLanguage":"fr-FR","potentialAction":[{"@type":"ReadAction","target":["https:\/\/www.radper.com\/fr\/catalogues\/materiel-electrique\/protecteurs-disjoncteurs\/disjoncteur-miniature-5sl6-363-7-siemens\/"]}]},{"@type":"ImageObject","inLanguage":"fr-FR","@id":"https:\/\/www.radper.com\/fr\/catalogues\/materiel-electrique\/protecteurs-disjoncteurs\/disjoncteur-miniature-5sl6-363-7-siemens\/#primaryimage","url":"https:\/\/www.radper.com\/wp-content\/uploads\/2022\/06\/5SL6-363-7-SIEMENS-.png","contentUrl":"https:\/\/www.radper.com\/wp-content\/uploads\/2022\/06\/5SL6-363-7-SIEMENS-.png","width":600,"height":600},{"@type":"BreadcrumbList","@id":"https:\/\/www.radper.com\/fr\/catalogues\/materiel-electrique\/protecteurs-disjoncteurs\/disjoncteur-miniature-5sl6-363-7-siemens\/#breadcrumb","itemListElement":[{"@type":"ListItem","position":1,"name":"Accueil","item":"https:\/\/www.radper.com\/fr\/"},{"@type":"ListItem","position":2,"name":"Catalogue","item":"https:\/\/www.radper.com\/fr\/catalogue\/"},{"@type":"ListItem","position":3,"name":"Disjoncteur miniature 5SL6 363-7 SIEMENS"}]},{"@type":"WebSite","@id":"https:\/\/www.radper.com\/fr\/#website","url":"https:\/\/www.radper.com\/fr\/","name":"Radper","description":"","publisher":{"@id":"https:\/\/www.radper.com\/fr\/#organization"},"potentialAction":[{"@type":"SearchAction","target":{"@type":"EntryPoint","urlTemplate":"https:\/\/www.radper.com\/fr\/?s={search_term_string}"},"query-input":{"@type":"PropertyValueSpecification","valueRequired":true,"valueName":"search_term_string"}}],"inLanguage":"fr-FR"},{"@type":"Organization","@id":"https:\/\/www.radper.com\/fr\/#organization","name":"radper","url":"https:\/\/www.radper.com\/fr\/","logo":{"@type":"ImageObject","inLanguage":"fr-FR","@id":"https:\/\/www.radper.com\/fr\/#\/schema\/logo\/image\/","url":"https:\/\/radper.com\/wp-content\/uploads\/2021\/04\/logo-wide-11.png","contentUrl":"https:\/\/radper.com\/wp-content\/uploads\/2021\/04\/logo-wide-11.png","width":250,"height":110,"caption":"radper"},"image":{"@id":"https:\/\/www.radper.com\/fr\/#\/schema\/logo\/image\/"}}]}},"_links":{"self":[{"href":"https:\/\/www.radper.com\/fr\/wp-json\/wp\/v2\/product\/12561","targetHints":{"allow":["GET"]}}],"collection":[{"href":"https:\/\/www.radper.com\/fr\/wp-json\/wp\/v2\/product"}],"about":[{"href":"https:\/\/www.radper.com\/fr\/wp-json\/wp\/v2\/types\/product"}],"wp:featuredmedia":[{"embeddable":true,"href":"https:\/\/www.radper.com\/fr\/wp-json\/wp\/v2\/media\/44683"}],"wp:attachment":[{"href":"https:\/\/www.radper.com\/fr\/wp-json\/wp\/v2\/media?parent=12561"}],"wp:term":[{"taxonomy":"product_brand","embeddable":true,"href":"https:\/\/www.radper.com\/fr\/wp-json\/wp\/v2\/product_brand?post=12561"},{"taxonomy":"product_cat","embeddable":true,"href":"https:\/\/www.radper.com\/fr\/wp-json\/wp\/v2\/product_cat?post=12561"},{"taxonomy":"product_tag","embeddable":true,"href":"https:\/\/www.radper.com\/fr\/wp-json\/wp\/v2\/product_tag?post=12561"}],"curies":[{"name":"wp","href":"https:\/\/api.w.org\/{rel}","templated":true}]}}