{"id":12562,"date":"2022-06-28T12:56:57","date_gmt":"2022-06-28T12:56:57","guid":{"rendered":"https:\/\/www.radper.com\/produit\/disjoncteurs-miniatures-mcb-6000-a-3p-400-v-ac3-mw-in32-ac\/"},"modified":"2025-06-17T10:12:54","modified_gmt":"2025-06-17T10:12:54","slug":"disjoncteur-miniature-5sl6-332-7-siemens","status":"publish","type":"product","link":"https:\/\/www.radper.com\/fr\/catalogues\/materiel-electrique\/protecteurs-disjoncteurs\/disjoncteur-miniature-5sl6-332-7-siemens\/","title":{"rendered":"Disjoncteur miniature 5SL6 332-7 SIEMENS"},"content":{"rendered":"<h3 class=\"\" data-start=\"135\" data-end=\"206\"><strong data-start=\"139\" data-end=\"204\">Disjoncteur Siemens 5SL6 332-7 \u2013 3 p\u00f4les, C 32 A, 400 V, 6 kA<\/strong><\/h3>\n<p class=\"\" data-start=\"208\" data-end=\"664\">Le disjoncteur miniature <strong data-start=\"233\" data-end=\"247\">5SL6 332-7<\/strong> de la gamme <strong data-start=\"260\" data-end=\"271\">SENTRON<\/strong> est con\u00e7u pour prot\u00e9ger efficacement les circuits triphas\u00e9s contre les surcharges et courts-circuits. Dot\u00e9 de trois p\u00f4les, d&rsquo;une courbe de d\u00e9clenchement <strong data-start=\"425\" data-end=\"430\">C<\/strong> et d&rsquo;une intensit\u00e9 nominale de <strong data-start=\"462\" data-end=\"470\">32 A<\/strong>, il convient parfaitement aux applications r\u00e9sidentielles et tertiaires. Il offre une tension nominale de <strong data-start=\"577\" data-end=\"589\">400 V AC<\/strong> et un pouvoir de coupure de <strong data-start=\"618\" data-end=\"626\">6 kA<\/strong>, garantissant une s\u00e9curit\u00e9 renforc\u00e9e.<\/p>\n<h3 class=\"\" data-start=\"1897\" data-end=\"1916\"><strong data-start=\"1901\" data-end=\"1914\">Avantages du disjoncteur 5SL6 332-7\u00a0<\/strong><\/h3>\n<ul data-start=\"1918\" data-end=\"2328\">\n<li class=\"\" data-start=\"1918\" data-end=\"1980\">\n<p class=\"\" data-start=\"1920\" data-end=\"1980\"><strong data-start=\"1920\" data-end=\"1939\">S\u00e9curit\u00e9 \u00e9lev\u00e9e<\/strong> avec une coupure triphas\u00e9e simultan\u00e9e.<\/p>\n<\/li>\n<li class=\"\" data-start=\"1981\" data-end=\"2057\">\n<p class=\"\" data-start=\"1983\" data-end=\"2057\"><strong data-start=\"1983\" data-end=\"2004\">Protection fiable<\/strong> gr\u00e2ce \u00e0 une courbe C adapt\u00e9e aux charges standard.<\/p>\n<\/li>\n<li class=\"\" data-start=\"2058\" data-end=\"2139\">\n<p class=\"\" data-start=\"2060\" data-end=\"2139\"><strong data-start=\"2060\" data-end=\"2078\">Design compact<\/strong> pour une installation facile, quelle que soit la position.<\/p>\n<\/li>\n<li class=\"\" data-start=\"2140\" data-end=\"2232\">\n<p class=\"\" data-start=\"2142\" data-end=\"2232\"><strong data-start=\"2142\" data-end=\"2160\">\u00c9co-conception<\/strong> avec un faible impact environnemental sur l\u2019ensemble du cycle de vie.<\/p>\n<\/li>\n<li class=\"\" data-start=\"2233\" data-end=\"2328\">\n<p class=\"\" data-start=\"2235\" data-end=\"2328\"><strong data-start=\"2235\" data-end=\"2258\">R\u00e9sistance \u00e9prouv\u00e9e<\/strong> aux conditions ambiantes difficiles, jusqu\u2019\u00e0 45 \u00b0C en fonctionnement.<\/p>\n<\/li>\n<\/ul>\n<h3 class=\"\" data-start=\"2335\" data-end=\"2357\"><strong data-start=\"2339\" data-end=\"2355\">Applications<\/strong><\/h3>\n<p class=\"\" data-start=\"2359\" data-end=\"2617\">Ce disjoncteur est particuli\u00e8rement adapt\u00e9 aux <strong data-start=\"2406\" data-end=\"2434\">installations triphas\u00e9es<\/strong> dans les <strong data-start=\"2444\" data-end=\"2484\">b\u00e2timents r\u00e9sidentiels ou tertiaires<\/strong>. Il prot\u00e8ge les circuits d\u2019\u00e9clairage, les prises triphas\u00e9es et les \u00e9quipements industriels l\u00e9gers n\u00e9cessitant une intensit\u00e9 de 32 A.<\/p>\n<h3 class=\"\" data-start=\"2624\" data-end=\"2661\"><strong data-start=\"2628\" data-end=\"2659\">Environnement et durabilit\u00e9<\/strong><\/h3>\n<p class=\"\" data-start=\"2663\" data-end=\"2757\">Le disjoncteur <strong data-start=\"2678\" data-end=\"2692\">5SL6 332-7<\/strong> pr\u00e9sente un <strong data-start=\"2705\" data-end=\"2753\">faible potentiel de r\u00e9chauffement climatique<\/strong> :<\/p>\n<ul data-start=\"2758\" data-end=\"2921\">\n<li class=\"\" data-start=\"2758\" data-end=\"2788\">\n<p class=\"\" data-start=\"2760\" data-end=\"2788\">Total : <strong data-start=\"2768\" data-end=\"2786\">39,8 kg CO\u2082 eq<\/strong><\/p>\n<\/li>\n<li class=\"\" data-start=\"2789\" data-end=\"2837\">\n<p class=\"\" data-start=\"2791\" data-end=\"2837\">En phase de fabrication : <strong data-start=\"2817\" data-end=\"2835\">1,64 kg CO\u2082 eq<\/strong><\/p>\n<\/li>\n<li class=\"\" data-start=\"2838\" data-end=\"2885\">\n<p class=\"\" data-start=\"2840\" data-end=\"2885\">Pendant l\u2019exploitation : <strong data-start=\"2865\" data-end=\"2883\">38,2 kg CO\u2082 eq<\/strong><\/p>\n<\/li>\n<li class=\"\" data-start=\"2886\" data-end=\"2921\">\n<p class=\"\" data-start=\"2888\" data-end=\"2921\">Fin de vie : <strong data-start=\"2901\" data-end=\"2921\">-0,124 kg CO\u2082 eq<\/strong><\/p>\n<\/li>\n<\/ul>\n<p class=\"\" data-start=\"2923\" data-end=\"3029\">Il est \u00e9galement <strong data-start=\"2940\" data-end=\"2957\">halog\u00e8ne-free<\/strong>, <strong data-start=\"2959\" data-end=\"2976\">silicone-free<\/strong>, et compatible avec des dispositifs compl\u00e9mentaires.<\/p>\n<p class=\"\" data-start=\"3051\" data-end=\"3158\"><strong data-start=\"3051\" data-end=\"3102\">\u27a1\ufe0fCe disjoncteur permet-il la coupure du neutre ?<\/strong><br data-start=\"3102\" data-end=\"3105\" \/>Non, ce mod\u00e8le est un 3 p\u00f4les sans coupure du neutre.<\/p>\n<p class=\"\" data-start=\"3160\" data-end=\"3301\"><strong data-start=\"3160\" data-end=\"3227\">\u27a1\ufe0fEst-il possible de l\u2019installer dans n\u2019importe quelle position ?<\/strong><br data-start=\"3227\" data-end=\"3230\" \/>Oui, son design autorise une installation dans toutes les orientations.<\/p>\n<p class=\"\" data-start=\"3303\" data-end=\"3416\"><strong data-start=\"3303\" data-end=\"3351\">\u27a1\ufe0fQuel est le serrage requis pour les bornes ?<\/strong><br data-start=\"3351\" data-end=\"3354\" \/>Entre <strong data-start=\"3360\" data-end=\"3376\">2,5 et 3 N\u00b7m<\/strong>, avec des conducteurs de 0,75 \u00e0 25 mm\u00b2.<\/p>\n","protected":false},"excerpt":{"rendered":"<p>5SL6 332-7<\/p>\n","protected":false},"featured_media":44677,"template":"","meta":{"_acf_changed":false},"product_brand":[],"product_cat":[716],"product_tag":[],"class_list":{"0":"post-12562","1":"product","2":"type-product","3":"status-publish","4":"has-post-thumbnail","6":"product_cat-protecteurs-disjoncteurs","7":"pa_marque-siemens","8":"pa_puissance-3mw","9":"pa_tension-400v","11":"first","12":"instock","13":"featured","14":"taxable","15":"shipping-taxable","16":"purchasable","17":"product-type-simple"},"acf":[],"yoast_head":"<!-- This site is optimized with the Yoast SEO plugin v26.2 - https:\/\/yoast.com\/wordpress\/plugins\/seo\/ -->\n<title>Disjoncteur miniature 5SL6 332-7 SIEMENS - Radper<\/title>\n<meta name=\"description\" content=\"Disjoncteur Siemens 5SL6 332-7, 3 p\u00f4les, 32 A, 400 V, 6 kA. Id\u00e9al pour les circuits triphas\u00e9s r\u00e9sidentiels. S\u00e9curit\u00e9, fiabilit\u00e9 et compacit\u00e9 garanties.\" \/>\n<meta name=\"robots\" content=\"index, follow, max-snippet:-1, max-image-preview:large, max-video-preview:-1\" \/>\n<link rel=\"canonical\" href=\"https:\/\/www.radper.com\/fr\/catalogues\/materiel-electrique\/protecteurs-disjoncteurs\/disjoncteur-miniature-5sl6-332-7-siemens\/\" \/>\n<meta property=\"og:locale\" content=\"fr_FR\" \/>\n<meta property=\"og:type\" content=\"article\" \/>\n<meta property=\"og:title\" content=\"Disjoncteur miniature 5SL6 332-7 SIEMENS - Radper\" \/>\n<meta property=\"og:description\" content=\"Disjoncteur Siemens 5SL6 332-7, 3 p\u00f4les, 32 A, 400 V, 6 kA. Id\u00e9al pour les circuits triphas\u00e9s r\u00e9sidentiels. S\u00e9curit\u00e9, fiabilit\u00e9 et compacit\u00e9 garanties.\" \/>\n<meta property=\"og:url\" content=\"https:\/\/www.radper.com\/fr\/catalogues\/materiel-electrique\/protecteurs-disjoncteurs\/disjoncteur-miniature-5sl6-332-7-siemens\/\" \/>\n<meta property=\"og:site_name\" content=\"Radper\" \/>\n<meta property=\"article:modified_time\" content=\"2025-06-17T10:12:54+00:00\" \/>\n<meta property=\"og:image\" content=\"https:\/\/www.radper.com\/wp-content\/uploads\/2022\/06\/5SL6-332-7-Siemens.png\" \/>\n\t<meta property=\"og:image:width\" content=\"600\" \/>\n\t<meta property=\"og:image:height\" content=\"600\" \/>\n\t<meta property=\"og:image:type\" content=\"image\/png\" \/>\n<meta name=\"twitter:card\" content=\"summary_large_image\" \/>\n<meta name=\"twitter:label1\" content=\"Dur\u00e9e de lecture estim\u00e9e\" \/>\n\t<meta name=\"twitter:data1\" content=\"2 minutes\" \/>\n<script type=\"application\/ld+json\" class=\"yoast-schema-graph\">{\"@context\":\"https:\/\/schema.org\",\"@graph\":[{\"@type\":\"WebPage\",\"@id\":\"https:\/\/www.radper.com\/fr\/catalogues\/materiel-electrique\/protecteurs-disjoncteurs\/disjoncteur-miniature-5sl6-332-7-siemens\/\",\"url\":\"https:\/\/www.radper.com\/fr\/catalogues\/materiel-electrique\/protecteurs-disjoncteurs\/disjoncteur-miniature-5sl6-332-7-siemens\/\",\"name\":\"Disjoncteur miniature 5SL6 332-7 SIEMENS - Radper\",\"isPartOf\":{\"@id\":\"https:\/\/www.radper.com\/fr\/#website\"},\"primaryImageOfPage\":{\"@id\":\"https:\/\/www.radper.com\/fr\/catalogues\/materiel-electrique\/protecteurs-disjoncteurs\/disjoncteur-miniature-5sl6-332-7-siemens\/#primaryimage\"},\"image\":{\"@id\":\"https:\/\/www.radper.com\/fr\/catalogues\/materiel-electrique\/protecteurs-disjoncteurs\/disjoncteur-miniature-5sl6-332-7-siemens\/#primaryimage\"},\"thumbnailUrl\":\"https:\/\/www.radper.com\/wp-content\/uploads\/2022\/06\/5SL6-332-7-Siemens.png\",\"datePublished\":\"2022-06-28T12:56:57+00:00\",\"dateModified\":\"2025-06-17T10:12:54+00:00\",\"description\":\"Disjoncteur Siemens 5SL6 332-7, 3 p\u00f4les, 32 A, 400 V, 6 kA. Id\u00e9al pour les circuits triphas\u00e9s r\u00e9sidentiels. S\u00e9curit\u00e9, fiabilit\u00e9 et compacit\u00e9 garanties.\",\"breadcrumb\":{\"@id\":\"https:\/\/www.radper.com\/fr\/catalogues\/materiel-electrique\/protecteurs-disjoncteurs\/disjoncteur-miniature-5sl6-332-7-siemens\/#breadcrumb\"},\"inLanguage\":\"fr-FR\",\"potentialAction\":[{\"@type\":\"ReadAction\",\"target\":[\"https:\/\/www.radper.com\/fr\/catalogues\/materiel-electrique\/protecteurs-disjoncteurs\/disjoncteur-miniature-5sl6-332-7-siemens\/\"]}]},{\"@type\":\"ImageObject\",\"inLanguage\":\"fr-FR\",\"@id\":\"https:\/\/www.radper.com\/fr\/catalogues\/materiel-electrique\/protecteurs-disjoncteurs\/disjoncteur-miniature-5sl6-332-7-siemens\/#primaryimage\",\"url\":\"https:\/\/www.radper.com\/wp-content\/uploads\/2022\/06\/5SL6-332-7-Siemens.png\",\"contentUrl\":\"https:\/\/www.radper.com\/wp-content\/uploads\/2022\/06\/5SL6-332-7-Siemens.png\",\"width\":600,\"height\":600},{\"@type\":\"BreadcrumbList\",\"@id\":\"https:\/\/www.radper.com\/fr\/catalogues\/materiel-electrique\/protecteurs-disjoncteurs\/disjoncteur-miniature-5sl6-332-7-siemens\/#breadcrumb\",\"itemListElement\":[{\"@type\":\"ListItem\",\"position\":1,\"name\":\"Accueil\",\"item\":\"https:\/\/www.radper.com\/fr\/\"},{\"@type\":\"ListItem\",\"position\":2,\"name\":\"Catalogue\",\"item\":\"https:\/\/www.radper.com\/fr\/catalogue\/\"},{\"@type\":\"ListItem\",\"position\":3,\"name\":\"Disjoncteur miniature 5SL6 332-7 SIEMENS\"}]},{\"@type\":\"WebSite\",\"@id\":\"https:\/\/www.radper.com\/fr\/#website\",\"url\":\"https:\/\/www.radper.com\/fr\/\",\"name\":\"Radper\",\"description\":\"\",\"publisher\":{\"@id\":\"https:\/\/www.radper.com\/fr\/#organization\"},\"potentialAction\":[{\"@type\":\"SearchAction\",\"target\":{\"@type\":\"EntryPoint\",\"urlTemplate\":\"https:\/\/www.radper.com\/fr\/?s={search_term_string}\"},\"query-input\":{\"@type\":\"PropertyValueSpecification\",\"valueRequired\":true,\"valueName\":\"search_term_string\"}}],\"inLanguage\":\"fr-FR\"},{\"@type\":\"Organization\",\"@id\":\"https:\/\/www.radper.com\/fr\/#organization\",\"name\":\"radper\",\"url\":\"https:\/\/www.radper.com\/fr\/\",\"logo\":{\"@type\":\"ImageObject\",\"inLanguage\":\"fr-FR\",\"@id\":\"https:\/\/www.radper.com\/fr\/#\/schema\/logo\/image\/\",\"url\":\"https:\/\/radper.com\/wp-content\/uploads\/2021\/04\/logo-wide-11.png\",\"contentUrl\":\"https:\/\/radper.com\/wp-content\/uploads\/2021\/04\/logo-wide-11.png\",\"width\":250,\"height\":110,\"caption\":\"radper\"},\"image\":{\"@id\":\"https:\/\/www.radper.com\/fr\/#\/schema\/logo\/image\/\"}}]}<\/script>\n<!-- \/ Yoast SEO plugin. -->","yoast_head_json":{"title":"Disjoncteur miniature 5SL6 332-7 SIEMENS - Radper","description":"Disjoncteur Siemens 5SL6 332-7, 3 p\u00f4les, 32 A, 400 V, 6 kA. Id\u00e9al pour les circuits triphas\u00e9s r\u00e9sidentiels. S\u00e9curit\u00e9, fiabilit\u00e9 et compacit\u00e9 garanties.","robots":{"index":"index","follow":"follow","max-snippet":"max-snippet:-1","max-image-preview":"max-image-preview:large","max-video-preview":"max-video-preview:-1"},"canonical":"https:\/\/www.radper.com\/fr\/catalogues\/materiel-electrique\/protecteurs-disjoncteurs\/disjoncteur-miniature-5sl6-332-7-siemens\/","og_locale":"fr_FR","og_type":"article","og_title":"Disjoncteur miniature 5SL6 332-7 SIEMENS - Radper","og_description":"Disjoncteur Siemens 5SL6 332-7, 3 p\u00f4les, 32 A, 400 V, 6 kA. Id\u00e9al pour les circuits triphas\u00e9s r\u00e9sidentiels. S\u00e9curit\u00e9, fiabilit\u00e9 et compacit\u00e9 garanties.","og_url":"https:\/\/www.radper.com\/fr\/catalogues\/materiel-electrique\/protecteurs-disjoncteurs\/disjoncteur-miniature-5sl6-332-7-siemens\/","og_site_name":"Radper","article_modified_time":"2025-06-17T10:12:54+00:00","og_image":[{"width":600,"height":600,"url":"https:\/\/www.radper.com\/wp-content\/uploads\/2022\/06\/5SL6-332-7-Siemens.png","type":"image\/png"}],"twitter_card":"summary_large_image","twitter_misc":{"Dur\u00e9e de lecture estim\u00e9e":"2 minutes"},"schema":{"@context":"https:\/\/schema.org","@graph":[{"@type":"WebPage","@id":"https:\/\/www.radper.com\/fr\/catalogues\/materiel-electrique\/protecteurs-disjoncteurs\/disjoncteur-miniature-5sl6-332-7-siemens\/","url":"https:\/\/www.radper.com\/fr\/catalogues\/materiel-electrique\/protecteurs-disjoncteurs\/disjoncteur-miniature-5sl6-332-7-siemens\/","name":"Disjoncteur miniature 5SL6 332-7 SIEMENS - Radper","isPartOf":{"@id":"https:\/\/www.radper.com\/fr\/#website"},"primaryImageOfPage":{"@id":"https:\/\/www.radper.com\/fr\/catalogues\/materiel-electrique\/protecteurs-disjoncteurs\/disjoncteur-miniature-5sl6-332-7-siemens\/#primaryimage"},"image":{"@id":"https:\/\/www.radper.com\/fr\/catalogues\/materiel-electrique\/protecteurs-disjoncteurs\/disjoncteur-miniature-5sl6-332-7-siemens\/#primaryimage"},"thumbnailUrl":"https:\/\/www.radper.com\/wp-content\/uploads\/2022\/06\/5SL6-332-7-Siemens.png","datePublished":"2022-06-28T12:56:57+00:00","dateModified":"2025-06-17T10:12:54+00:00","description":"Disjoncteur Siemens 5SL6 332-7, 3 p\u00f4les, 32 A, 400 V, 6 kA. Id\u00e9al pour les circuits triphas\u00e9s r\u00e9sidentiels. S\u00e9curit\u00e9, fiabilit\u00e9 et compacit\u00e9 garanties.","breadcrumb":{"@id":"https:\/\/www.radper.com\/fr\/catalogues\/materiel-electrique\/protecteurs-disjoncteurs\/disjoncteur-miniature-5sl6-332-7-siemens\/#breadcrumb"},"inLanguage":"fr-FR","potentialAction":[{"@type":"ReadAction","target":["https:\/\/www.radper.com\/fr\/catalogues\/materiel-electrique\/protecteurs-disjoncteurs\/disjoncteur-miniature-5sl6-332-7-siemens\/"]}]},{"@type":"ImageObject","inLanguage":"fr-FR","@id":"https:\/\/www.radper.com\/fr\/catalogues\/materiel-electrique\/protecteurs-disjoncteurs\/disjoncteur-miniature-5sl6-332-7-siemens\/#primaryimage","url":"https:\/\/www.radper.com\/wp-content\/uploads\/2022\/06\/5SL6-332-7-Siemens.png","contentUrl":"https:\/\/www.radper.com\/wp-content\/uploads\/2022\/06\/5SL6-332-7-Siemens.png","width":600,"height":600},{"@type":"BreadcrumbList","@id":"https:\/\/www.radper.com\/fr\/catalogues\/materiel-electrique\/protecteurs-disjoncteurs\/disjoncteur-miniature-5sl6-332-7-siemens\/#breadcrumb","itemListElement":[{"@type":"ListItem","position":1,"name":"Accueil","item":"https:\/\/www.radper.com\/fr\/"},{"@type":"ListItem","position":2,"name":"Catalogue","item":"https:\/\/www.radper.com\/fr\/catalogue\/"},{"@type":"ListItem","position":3,"name":"Disjoncteur miniature 5SL6 332-7 SIEMENS"}]},{"@type":"WebSite","@id":"https:\/\/www.radper.com\/fr\/#website","url":"https:\/\/www.radper.com\/fr\/","name":"Radper","description":"","publisher":{"@id":"https:\/\/www.radper.com\/fr\/#organization"},"potentialAction":[{"@type":"SearchAction","target":{"@type":"EntryPoint","urlTemplate":"https:\/\/www.radper.com\/fr\/?s={search_term_string}"},"query-input":{"@type":"PropertyValueSpecification","valueRequired":true,"valueName":"search_term_string"}}],"inLanguage":"fr-FR"},{"@type":"Organization","@id":"https:\/\/www.radper.com\/fr\/#organization","name":"radper","url":"https:\/\/www.radper.com\/fr\/","logo":{"@type":"ImageObject","inLanguage":"fr-FR","@id":"https:\/\/www.radper.com\/fr\/#\/schema\/logo\/image\/","url":"https:\/\/radper.com\/wp-content\/uploads\/2021\/04\/logo-wide-11.png","contentUrl":"https:\/\/radper.com\/wp-content\/uploads\/2021\/04\/logo-wide-11.png","width":250,"height":110,"caption":"radper"},"image":{"@id":"https:\/\/www.radper.com\/fr\/#\/schema\/logo\/image\/"}}]}},"_links":{"self":[{"href":"https:\/\/www.radper.com\/fr\/wp-json\/wp\/v2\/product\/12562","targetHints":{"allow":["GET"]}}],"collection":[{"href":"https:\/\/www.radper.com\/fr\/wp-json\/wp\/v2\/product"}],"about":[{"href":"https:\/\/www.radper.com\/fr\/wp-json\/wp\/v2\/types\/product"}],"wp:featuredmedia":[{"embeddable":true,"href":"https:\/\/www.radper.com\/fr\/wp-json\/wp\/v2\/media\/44677"}],"wp:attachment":[{"href":"https:\/\/www.radper.com\/fr\/wp-json\/wp\/v2\/media?parent=12562"}],"wp:term":[{"taxonomy":"product_brand","embeddable":true,"href":"https:\/\/www.radper.com\/fr\/wp-json\/wp\/v2\/product_brand?post=12562"},{"taxonomy":"product_cat","embeddable":true,"href":"https:\/\/www.radper.com\/fr\/wp-json\/wp\/v2\/product_cat?post=12562"},{"taxonomy":"product_tag","embeddable":true,"href":"https:\/\/www.radper.com\/fr\/wp-json\/wp\/v2\/product_tag?post=12562"}],"curies":[{"name":"wp","href":"https:\/\/api.w.org\/{rel}","templated":true}]}}