{"id":12574,"date":"2022-06-28T12:56:58","date_gmt":"2022-06-28T12:56:58","guid":{"rendered":"https:\/\/www.radper.com\/produit\/disjoncteurs-miniatures-mcbs-10000-a-3p-400-v-ac3-mw-in16-ad-2\/"},"modified":"2025-08-18T13:02:56","modified_gmt":"2025-08-18T13:02:56","slug":"disjoncteur-miniature-5sy4316-8-siemens","status":"publish","type":"product","link":"https:\/\/www.radper.com\/fr\/catalogues\/materiel-electrique\/protecteurs-disjoncteurs\/disjoncteur-miniature-5sy4316-8-siemens\/","title":{"rendered":"Disjoncteur miniature 5SY4 316-8 \/ 5SY4316-8  \u2013 3P 16A SIEMENS"},"content":{"rendered":"<h2 class=\"\" data-start=\"267\" data-end=\"360\"><strong data-start=\"270\" data-end=\"360\">Disjoncteur Siemens 5SY4316-8 \u2013 3 p\u00f4les, courbe D, 16 A, 400 V, 10 kA \u2013 Gamme SENTRON<\/strong><\/h2>\n<p data-start=\"618\" data-end=\"833\">Le <strong data-start=\"621\" data-end=\"646\">disjoncteur 5SY4316-8<\/strong> appartient \u00e0 la gamme <strong data-start=\"669\" data-end=\"680\">SENTRON<\/strong> de Siemens. Il est con\u00e7u pour fournir une <strong data-start=\"723\" data-end=\"755\">protection fiable et durable<\/strong>, en particulier dans les secteurs <strong data-start=\"790\" data-end=\"805\">industriels<\/strong> et les <strong data-start=\"813\" data-end=\"832\">infrastructures<\/strong>.<\/p>\n<p data-start=\"835\" data-end=\"1131\">Gr\u00e2ce \u00e0 sa <strong data-start=\"846\" data-end=\"875\">courbe de d\u00e9clenchement D<\/strong>, il s\u2019adapte aux \u00e9quipements ayant des <strong data-start=\"915\" data-end=\"943\">appels de courant \u00e9lev\u00e9s<\/strong>, comme les moteurs ou les transformateurs. Il interrompt rapidement le courant en cas de <strong data-start=\"1033\" data-end=\"1046\">surcharge<\/strong> ou de <strong data-start=\"1053\" data-end=\"1070\">court-circuit<\/strong>, ce qui r\u00e9duit consid\u00e9rablement les risques d\u2019endommagement.<\/p>\n<p data-start=\"1133\" data-end=\"1317\">De plus, son <strong data-start=\"1146\" data-end=\"1175\">installation sur rail DIN<\/strong> s\u2019effectue facilement, dans <strong data-start=\"1204\" data-end=\"1233\">n\u2019importe quelle position<\/strong>, et sa <strong data-start=\"1241\" data-end=\"1284\">dur\u00e9e de vie m\u00e9canique de 10 000 cycles<\/strong> assure une excellente long\u00e9vit\u00e9.<\/p>\n<h3 data-start=\"945\" data-end=\"973\"><strong data-start=\"949\" data-end=\"973\">Avantages principaux du disjoncteur 5SY4316-8<\/strong><\/h3>\n<ul>\n<li data-start=\"1167\" data-end=\"1248\">\n<p data-start=\"1169\" data-end=\"1248\">Disjoncteur <strong data-start=\"1181\" data-end=\"1191\">3P 16A<\/strong> \u00e0 <strong data-start=\"1194\" data-end=\"1206\">courbe D<\/strong>, con\u00e7u pour les circuits AC jusqu\u2019\u00e0 400 V<\/p>\n<\/li>\n<li data-start=\"1249\" data-end=\"1320\">\n<p data-start=\"1251\" data-end=\"1320\"><strong data-start=\"1251\" data-end=\"1279\">Pouvoir de coupure \u00e9lev\u00e9<\/strong> : 10 kA (EN 60898) \/ 20 kA (IEC 60947-2)<\/p>\n<\/li>\n<li data-start=\"1321\" data-end=\"1425\">\n<p data-start=\"1323\" data-end=\"1425\">Conception robuste pour environnements exigeants, avec une temp\u00e9rature de service allant jusqu\u2019\u00e0 70 \u00b0C<\/p>\n<\/li>\n<li data-start=\"1426\" data-end=\"1474\">\n<p data-start=\"1428\" data-end=\"1474\"><strong data-start=\"1428\" data-end=\"1443\">Montage DIN<\/strong> rapide et positionnement libre<\/p>\n<\/li>\n<li data-start=\"1475\" data-end=\"1553\">\n<p data-start=\"1477\" data-end=\"1553\">Dimensions optimis\u00e9es : 54 mm de largeur, 70 mm de profondeur d\u2019installation<\/p>\n<\/li>\n<\/ul>\n<h3 class=\"\" data-start=\"2658\" data-end=\"2678\"><strong data-start=\"2662\" data-end=\"2678\">Applications<\/strong><\/h3>\n<p class=\"\" data-start=\"2680\" data-end=\"3030\">Ce disjoncteur est sp\u00e9cifiquement adapt\u00e9 aux <strong data-start=\"2725\" data-end=\"2789\">circuits triphas\u00e9s soumis \u00e0 des appels de courant importants<\/strong>, typiques dans les environnements <strong data-start=\"2824\" data-end=\"2839\">industriels<\/strong> et certaines <strong data-start=\"2853\" data-end=\"2883\">infrastructures techniques<\/strong>. Il assure la protection des installations contre les surcharges et les courts-circuits, dans le respect des exigences normatives internationales.<\/p>\n<h3 data-start=\"2848\" data-end=\"2896\"><strong data-start=\"2854\" data-end=\"2896\">Conformit\u00e9, s\u00e9curit\u00e9 et certifications<\/strong><\/h3>\n<p data-start=\"2898\" data-end=\"3015\">Le 5SY4316-8 r\u00e9pond \u00e0 <strong data-start=\"2920\" data-end=\"2961\">l\u2019ensemble des normes internationales<\/strong> n\u00e9cessaires \u00e0 une utilisation s\u00e9curis\u00e9e et conforme :<\/p>\n<ul data-start=\"3017\" data-end=\"3512\">\n<li data-start=\"3017\" data-end=\"3126\">\n<p data-start=\"3019\" data-end=\"3126\">\ud83d\udd39 <strong data-start=\"3022\" data-end=\"3042\">IEC \/ EN 60898-1<\/strong> \u2013 Protection contre les surintensit\u00e9s pour applications domestiques et similaires<\/p>\n<\/li>\n<li data-start=\"3127\" data-end=\"3216\">\n<p data-start=\"3129\" data-end=\"3216\">\ud83d\udd39 <strong data-start=\"3132\" data-end=\"3152\">IEC \/ EN 60947-2<\/strong> \u2013 Disjoncteurs basse tension pour installations industrielles<\/p>\n<\/li>\n<li data-start=\"3217\" data-end=\"3306\">\n<p data-start=\"3219\" data-end=\"3306\">\ud83d\udd39 <strong data-start=\"3222\" data-end=\"3252\">UL 1077 \/ CSA C22.2 No.235<\/strong> \u2013 Normes nord-am\u00e9ricaines pour circuits secondaires<\/p>\n<\/li>\n<li data-start=\"3307\" data-end=\"3362\">\n<p data-start=\"3309\" data-end=\"3362\">\ud83d\udd39 <strong data-start=\"3312\" data-end=\"3331\">Protection IP20<\/strong> (avec conducteurs connect\u00e9s)<\/p>\n<\/li>\n<li data-start=\"3363\" data-end=\"3419\">\n<p data-start=\"3365\" data-end=\"3419\">\ud83d\udd39 <strong data-start=\"3368\" data-end=\"3397\">R\u00e9sistance aux vibrations<\/strong> selon IEC 60068-2-6<\/p>\n<\/li>\n<li data-start=\"3420\" data-end=\"3512\">\n<p data-start=\"3422\" data-end=\"3512\">\ud83d\udd39 <strong data-start=\"3425\" data-end=\"3438\">Plombable<\/strong>, <strong data-start=\"3440\" data-end=\"3457\">sans halog\u00e8ne<\/strong>, <strong data-start=\"3459\" data-end=\"3476\">sans silicone<\/strong>, avec <strong data-start=\"3483\" data-end=\"3512\">bornes combin\u00e9es haut\/bas<\/strong><\/p>\n<\/li>\n<\/ul>\n<p data-start=\"3514\" data-end=\"3718\">Ces certifications garantissent une <strong data-start=\"3550\" data-end=\"3575\">utilisation s\u00e9curis\u00e9e<\/strong> dans divers environnements, m\u00eame exigeants. L&rsquo;appareil est \u00e9galement adapt\u00e9 pour fonctionner <strong data-start=\"3669\" data-end=\"3686\">jusqu&rsquo;\u00e0 70 \u00b0C<\/strong>, ce qui renforce sa robustesse.<\/p>\n<h3 data-start=\"3725\" data-end=\"3772\"><strong data-start=\"3732\" data-end=\"3772\">Durabilit\u00e9 et impact environnemental<\/strong><\/h3>\n<p data-start=\"3774\" data-end=\"4022\">Dans une logique d\u2019\u00e9conomie circulaire, Siemens fournit une <strong data-start=\"3834\" data-end=\"3872\">d\u00e9claration environnementale (EPD)<\/strong> officielle pour ce produit. Le disjoncteur pr\u00e9sente une <strong data-start=\"3929\" data-end=\"3960\">empreinte carbone ma\u00eetris\u00e9e<\/strong>, calcul\u00e9e avec pr\u00e9cision \u00e0 chaque \u00e9tape de son cycle de vie :<\/p>\n<ul data-start=\"4024\" data-end=\"4194\">\n<li data-start=\"4024\" data-end=\"4074\">\n<p data-start=\"4026\" data-end=\"4074\">\u267b\ufe0f <strong data-start=\"4029\" data-end=\"4057\">Empreinte carbone totale<\/strong> : 25 kg CO\u2082 eq<\/p>\n<\/li>\n<li data-start=\"4075\" data-end=\"4114\">\n<p data-start=\"4077\" data-end=\"4114\">\ud83d\udd39 <strong data-start=\"4080\" data-end=\"4095\">Fabrication<\/strong> : 1,53 kg CO\u2082 eq<\/p>\n<\/li>\n<li data-start=\"4115\" data-end=\"4154\">\n<p data-start=\"4117\" data-end=\"4154\">\ud83d\udd39 <strong data-start=\"4120\" data-end=\"4135\">Utilisation<\/strong> : 23,5 kg CO\u2082 eq<\/p>\n<\/li>\n<li data-start=\"4155\" data-end=\"4194\">\n<p data-start=\"4157\" data-end=\"4194\">\ud83d\udd39 <strong data-start=\"4160\" data-end=\"4174\">Fin de vie<\/strong> : 0,026 kg CO\u2082 eq<\/p>\n<\/li>\n<\/ul>\n<p data-start=\"4196\" data-end=\"4210\">Par ailleurs :<\/p>\n<ul data-start=\"4212\" data-end=\"4449\">\n<li data-start=\"4212\" data-end=\"4284\">\n<p data-start=\"4214\" data-end=\"4284\">Produit conforme RoHS (r\u00e9f\u00e9rence sans SVHC au-del\u00e0 du seuil REACh)<\/p>\n<\/li>\n<li data-start=\"4285\" data-end=\"4341\">\n<p data-start=\"4287\" data-end=\"4341\">EPD (Environmental Product Declaration) disponible<\/p>\n<\/li>\n<li data-start=\"4380\" data-end=\"4449\">\n<p data-start=\"4382\" data-end=\"4449\">R\u00e9sistance \u00e0 l\u2019humidit\u00e9 selon IEC 60068-2-30 (6 cycles d\u2019essai)<\/p>\n<\/li>\n<\/ul>\n<p data-start=\"4451\" data-end=\"4616\">Ce disjoncteur allie <strong data-start=\"4472\" data-end=\"4497\">performance technique<\/strong> et <strong data-start=\"4501\" data-end=\"4536\">responsabilit\u00e9 environnementale<\/strong>, ce qui en fait un choix pertinent dans des projets soucieux de leur empreinte.<\/p>\n<p class=\"\" data-start=\"3356\" data-end=\"3477\"><strong data-start=\"3356\" data-end=\"3406\">\u27a1\ufe0fCe disjoncteur est-il adapt\u00e9 aux circuits DC ?<\/strong><br data-start=\"3406\" data-end=\"3409\" \/>Oui, jusqu\u2019\u00e0 60 V DC en alimentation et 72 V DC en tension d\u2019emploi.<\/p>\n<p data-start=\"3356\" data-end=\"3477\"><strong data-start=\"3479\" data-end=\"3534\">\u27a1\ufe0fPeut-il \u00eatre utilis\u00e9 comme interrupteur principal ?<\/strong><br data-start=\"3534\" data-end=\"3537\" \/>Oui, selon la norme <strong data-start=\"3557\" data-end=\"3571\">EN 60204-1<\/strong>.<\/p>\n<p class=\"\" data-start=\"3574\" data-end=\"3715\"><strong data-start=\"3574\" data-end=\"3618\">\u27a1\ufe0fConvient-il aux environnements s\u00e9v\u00e8res ?<\/strong><br data-start=\"3618\" data-end=\"3621\" \/>Oui. Temp\u00e9rature de service jusqu\u2019\u00e0 <strong data-start=\"3657\" data-end=\"3667\">+70 \u00b0C<\/strong> et tenue aux vibrations conforme IEC 60068-2-6.<\/p>\n<p class=\"\" data-start=\"3717\" data-end=\"3829\"><strong data-start=\"3717\" data-end=\"3761\">\u27a1\ufe0fEst-il compatible avec des accessoires ?<\/strong><br data-start=\"3761\" data-end=\"3764\" \/>Oui, il permet l\u2019extension noyable d\u2019\u00e9quipements suppl\u00e9mentaires.<\/p>\n","protected":false},"excerpt":{"rendered":"<p>5SY4316-8<\/p>\n","protected":false},"featured_media":44607,"template":"","meta":{"_acf_changed":false},"product_brand":[],"product_cat":[716],"product_tag":[],"class_list":{"0":"post-12574","1":"product","2":"type-product","3":"status-publish","4":"has-post-thumbnail","6":"product_cat-protecteurs-disjoncteurs","7":"pa_marque-siemens","8":"pa_puissance-3mw","10":"first","11":"instock","12":"featured","13":"taxable","14":"shipping-taxable","15":"purchasable","16":"product-type-simple"},"acf":[],"yoast_head":"<!-- This site is optimized with the Yoast SEO plugin v26.2 - https:\/\/yoast.com\/wordpress\/plugins\/seo\/ -->\n<title>Disjoncteur miniature 5SY4 316-8 \/ 5SY4316-8 \u2013 3P 16A SIEMENS - Radper<\/title>\n<meta name=\"description\" content=\"Disjoncteur Siemens 5SY4 316-8, 3P, 16 A, courbe D, 400 V. Pouvoir de coupure \u00e9lev\u00e9, id\u00e9al pour l\u2019industrie. S\u00e9curit\u00e9 fiable avec Radper. 5SY4316-8.\" \/>\n<meta name=\"robots\" content=\"index, follow, max-snippet:-1, max-image-preview:large, max-video-preview:-1\" \/>\n<link rel=\"canonical\" href=\"https:\/\/www.radper.com\/fr\/catalogues\/materiel-electrique\/protecteurs-disjoncteurs\/disjoncteur-miniature-5sy4316-8-siemens\/\" \/>\n<meta property=\"og:locale\" content=\"fr_FR\" \/>\n<meta property=\"og:type\" content=\"article\" \/>\n<meta property=\"og:title\" content=\"Disjoncteur miniature 5SY4 316-8 \/ 5SY4316-8 \u2013 3P 16A SIEMENS - Radper\" \/>\n<meta property=\"og:description\" content=\"Disjoncteur Siemens 5SY4 316-8, 3P, 16 A, courbe D, 400 V. Pouvoir de coupure \u00e9lev\u00e9, id\u00e9al pour l\u2019industrie. S\u00e9curit\u00e9 fiable avec Radper. 5SY4316-8.\" \/>\n<meta property=\"og:url\" content=\"https:\/\/www.radper.com\/fr\/catalogues\/materiel-electrique\/protecteurs-disjoncteurs\/disjoncteur-miniature-5sy4316-8-siemens\/\" \/>\n<meta property=\"og:site_name\" content=\"Radper\" \/>\n<meta property=\"article:modified_time\" content=\"2025-08-18T13:02:56+00:00\" \/>\n<meta property=\"og:image\" content=\"https:\/\/www.radper.com\/wp-content\/uploads\/2022\/06\/5SY4-316-8-SIEMENS.png\" \/>\n\t<meta property=\"og:image:width\" content=\"600\" \/>\n\t<meta property=\"og:image:height\" content=\"600\" \/>\n\t<meta property=\"og:image:type\" content=\"image\/png\" \/>\n<meta name=\"twitter:card\" content=\"summary_large_image\" \/>\n<meta name=\"twitter:label1\" content=\"Dur\u00e9e de lecture estim\u00e9e\" \/>\n\t<meta name=\"twitter:data1\" content=\"3 minutes\" \/>\n<script type=\"application\/ld+json\" class=\"yoast-schema-graph\">{\"@context\":\"https:\/\/schema.org\",\"@graph\":[{\"@type\":\"WebPage\",\"@id\":\"https:\/\/www.radper.com\/fr\/catalogues\/materiel-electrique\/protecteurs-disjoncteurs\/disjoncteur-miniature-5sy4316-8-siemens\/\",\"url\":\"https:\/\/www.radper.com\/fr\/catalogues\/materiel-electrique\/protecteurs-disjoncteurs\/disjoncteur-miniature-5sy4316-8-siemens\/\",\"name\":\"Disjoncteur miniature 5SY4 316-8 \/ 5SY4316-8 \u2013 3P 16A SIEMENS - Radper\",\"isPartOf\":{\"@id\":\"https:\/\/www.radper.com\/fr\/#website\"},\"primaryImageOfPage\":{\"@id\":\"https:\/\/www.radper.com\/fr\/catalogues\/materiel-electrique\/protecteurs-disjoncteurs\/disjoncteur-miniature-5sy4316-8-siemens\/#primaryimage\"},\"image\":{\"@id\":\"https:\/\/www.radper.com\/fr\/catalogues\/materiel-electrique\/protecteurs-disjoncteurs\/disjoncteur-miniature-5sy4316-8-siemens\/#primaryimage\"},\"thumbnailUrl\":\"https:\/\/www.radper.com\/wp-content\/uploads\/2022\/06\/5SY4-316-8-SIEMENS.png\",\"datePublished\":\"2022-06-28T12:56:58+00:00\",\"dateModified\":\"2025-08-18T13:02:56+00:00\",\"description\":\"Disjoncteur Siemens 5SY4 316-8, 3P, 16 A, courbe D, 400 V. Pouvoir de coupure \u00e9lev\u00e9, id\u00e9al pour l\u2019industrie. S\u00e9curit\u00e9 fiable avec Radper. 5SY4316-8.\",\"breadcrumb\":{\"@id\":\"https:\/\/www.radper.com\/fr\/catalogues\/materiel-electrique\/protecteurs-disjoncteurs\/disjoncteur-miniature-5sy4316-8-siemens\/#breadcrumb\"},\"inLanguage\":\"fr-FR\",\"potentialAction\":[{\"@type\":\"ReadAction\",\"target\":[\"https:\/\/www.radper.com\/fr\/catalogues\/materiel-electrique\/protecteurs-disjoncteurs\/disjoncteur-miniature-5sy4316-8-siemens\/\"]}]},{\"@type\":\"ImageObject\",\"inLanguage\":\"fr-FR\",\"@id\":\"https:\/\/www.radper.com\/fr\/catalogues\/materiel-electrique\/protecteurs-disjoncteurs\/disjoncteur-miniature-5sy4316-8-siemens\/#primaryimage\",\"url\":\"https:\/\/www.radper.com\/wp-content\/uploads\/2022\/06\/5SY4-316-8-SIEMENS.png\",\"contentUrl\":\"https:\/\/www.radper.com\/wp-content\/uploads\/2022\/06\/5SY4-316-8-SIEMENS.png\",\"width\":600,\"height\":600},{\"@type\":\"BreadcrumbList\",\"@id\":\"https:\/\/www.radper.com\/fr\/catalogues\/materiel-electrique\/protecteurs-disjoncteurs\/disjoncteur-miniature-5sy4316-8-siemens\/#breadcrumb\",\"itemListElement\":[{\"@type\":\"ListItem\",\"position\":1,\"name\":\"Accueil\",\"item\":\"https:\/\/www.radper.com\/fr\/\"},{\"@type\":\"ListItem\",\"position\":2,\"name\":\"Catalogue\",\"item\":\"https:\/\/www.radper.com\/fr\/catalogue\/\"},{\"@type\":\"ListItem\",\"position\":3,\"name\":\"Disjoncteur miniature 5SY4 316-8 \/ 5SY4316-8 \u2013 3P 16A SIEMENS\"}]},{\"@type\":\"WebSite\",\"@id\":\"https:\/\/www.radper.com\/fr\/#website\",\"url\":\"https:\/\/www.radper.com\/fr\/\",\"name\":\"Radper\",\"description\":\"\",\"publisher\":{\"@id\":\"https:\/\/www.radper.com\/fr\/#organization\"},\"potentialAction\":[{\"@type\":\"SearchAction\",\"target\":{\"@type\":\"EntryPoint\",\"urlTemplate\":\"https:\/\/www.radper.com\/fr\/?s={search_term_string}\"},\"query-input\":{\"@type\":\"PropertyValueSpecification\",\"valueRequired\":true,\"valueName\":\"search_term_string\"}}],\"inLanguage\":\"fr-FR\"},{\"@type\":\"Organization\",\"@id\":\"https:\/\/www.radper.com\/fr\/#organization\",\"name\":\"radper\",\"url\":\"https:\/\/www.radper.com\/fr\/\",\"logo\":{\"@type\":\"ImageObject\",\"inLanguage\":\"fr-FR\",\"@id\":\"https:\/\/www.radper.com\/fr\/#\/schema\/logo\/image\/\",\"url\":\"https:\/\/radper.com\/wp-content\/uploads\/2021\/04\/logo-wide-11.png\",\"contentUrl\":\"https:\/\/radper.com\/wp-content\/uploads\/2021\/04\/logo-wide-11.png\",\"width\":250,\"height\":110,\"caption\":\"radper\"},\"image\":{\"@id\":\"https:\/\/www.radper.com\/fr\/#\/schema\/logo\/image\/\"}}]}<\/script>\n<!-- \/ Yoast SEO plugin. -->","yoast_head_json":{"title":"Disjoncteur miniature 5SY4 316-8 \/ 5SY4316-8 \u2013 3P 16A SIEMENS - Radper","description":"Disjoncteur Siemens 5SY4 316-8, 3P, 16 A, courbe D, 400 V. Pouvoir de coupure \u00e9lev\u00e9, id\u00e9al pour l\u2019industrie. S\u00e9curit\u00e9 fiable avec Radper. 5SY4316-8.","robots":{"index":"index","follow":"follow","max-snippet":"max-snippet:-1","max-image-preview":"max-image-preview:large","max-video-preview":"max-video-preview:-1"},"canonical":"https:\/\/www.radper.com\/fr\/catalogues\/materiel-electrique\/protecteurs-disjoncteurs\/disjoncteur-miniature-5sy4316-8-siemens\/","og_locale":"fr_FR","og_type":"article","og_title":"Disjoncteur miniature 5SY4 316-8 \/ 5SY4316-8 \u2013 3P 16A SIEMENS - Radper","og_description":"Disjoncteur Siemens 5SY4 316-8, 3P, 16 A, courbe D, 400 V. Pouvoir de coupure \u00e9lev\u00e9, id\u00e9al pour l\u2019industrie. S\u00e9curit\u00e9 fiable avec Radper. 5SY4316-8.","og_url":"https:\/\/www.radper.com\/fr\/catalogues\/materiel-electrique\/protecteurs-disjoncteurs\/disjoncteur-miniature-5sy4316-8-siemens\/","og_site_name":"Radper","article_modified_time":"2025-08-18T13:02:56+00:00","og_image":[{"width":600,"height":600,"url":"https:\/\/www.radper.com\/wp-content\/uploads\/2022\/06\/5SY4-316-8-SIEMENS.png","type":"image\/png"}],"twitter_card":"summary_large_image","twitter_misc":{"Dur\u00e9e de lecture estim\u00e9e":"3 minutes"},"schema":{"@context":"https:\/\/schema.org","@graph":[{"@type":"WebPage","@id":"https:\/\/www.radper.com\/fr\/catalogues\/materiel-electrique\/protecteurs-disjoncteurs\/disjoncteur-miniature-5sy4316-8-siemens\/","url":"https:\/\/www.radper.com\/fr\/catalogues\/materiel-electrique\/protecteurs-disjoncteurs\/disjoncteur-miniature-5sy4316-8-siemens\/","name":"Disjoncteur miniature 5SY4 316-8 \/ 5SY4316-8 \u2013 3P 16A SIEMENS - Radper","isPartOf":{"@id":"https:\/\/www.radper.com\/fr\/#website"},"primaryImageOfPage":{"@id":"https:\/\/www.radper.com\/fr\/catalogues\/materiel-electrique\/protecteurs-disjoncteurs\/disjoncteur-miniature-5sy4316-8-siemens\/#primaryimage"},"image":{"@id":"https:\/\/www.radper.com\/fr\/catalogues\/materiel-electrique\/protecteurs-disjoncteurs\/disjoncteur-miniature-5sy4316-8-siemens\/#primaryimage"},"thumbnailUrl":"https:\/\/www.radper.com\/wp-content\/uploads\/2022\/06\/5SY4-316-8-SIEMENS.png","datePublished":"2022-06-28T12:56:58+00:00","dateModified":"2025-08-18T13:02:56+00:00","description":"Disjoncteur Siemens 5SY4 316-8, 3P, 16 A, courbe D, 400 V. Pouvoir de coupure \u00e9lev\u00e9, id\u00e9al pour l\u2019industrie. S\u00e9curit\u00e9 fiable avec Radper. 5SY4316-8.","breadcrumb":{"@id":"https:\/\/www.radper.com\/fr\/catalogues\/materiel-electrique\/protecteurs-disjoncteurs\/disjoncteur-miniature-5sy4316-8-siemens\/#breadcrumb"},"inLanguage":"fr-FR","potentialAction":[{"@type":"ReadAction","target":["https:\/\/www.radper.com\/fr\/catalogues\/materiel-electrique\/protecteurs-disjoncteurs\/disjoncteur-miniature-5sy4316-8-siemens\/"]}]},{"@type":"ImageObject","inLanguage":"fr-FR","@id":"https:\/\/www.radper.com\/fr\/catalogues\/materiel-electrique\/protecteurs-disjoncteurs\/disjoncteur-miniature-5sy4316-8-siemens\/#primaryimage","url":"https:\/\/www.radper.com\/wp-content\/uploads\/2022\/06\/5SY4-316-8-SIEMENS.png","contentUrl":"https:\/\/www.radper.com\/wp-content\/uploads\/2022\/06\/5SY4-316-8-SIEMENS.png","width":600,"height":600},{"@type":"BreadcrumbList","@id":"https:\/\/www.radper.com\/fr\/catalogues\/materiel-electrique\/protecteurs-disjoncteurs\/disjoncteur-miniature-5sy4316-8-siemens\/#breadcrumb","itemListElement":[{"@type":"ListItem","position":1,"name":"Accueil","item":"https:\/\/www.radper.com\/fr\/"},{"@type":"ListItem","position":2,"name":"Catalogue","item":"https:\/\/www.radper.com\/fr\/catalogue\/"},{"@type":"ListItem","position":3,"name":"Disjoncteur miniature 5SY4 316-8 \/ 5SY4316-8 \u2013 3P 16A SIEMENS"}]},{"@type":"WebSite","@id":"https:\/\/www.radper.com\/fr\/#website","url":"https:\/\/www.radper.com\/fr\/","name":"Radper","description":"","publisher":{"@id":"https:\/\/www.radper.com\/fr\/#organization"},"potentialAction":[{"@type":"SearchAction","target":{"@type":"EntryPoint","urlTemplate":"https:\/\/www.radper.com\/fr\/?s={search_term_string}"},"query-input":{"@type":"PropertyValueSpecification","valueRequired":true,"valueName":"search_term_string"}}],"inLanguage":"fr-FR"},{"@type":"Organization","@id":"https:\/\/www.radper.com\/fr\/#organization","name":"radper","url":"https:\/\/www.radper.com\/fr\/","logo":{"@type":"ImageObject","inLanguage":"fr-FR","@id":"https:\/\/www.radper.com\/fr\/#\/schema\/logo\/image\/","url":"https:\/\/radper.com\/wp-content\/uploads\/2021\/04\/logo-wide-11.png","contentUrl":"https:\/\/radper.com\/wp-content\/uploads\/2021\/04\/logo-wide-11.png","width":250,"height":110,"caption":"radper"},"image":{"@id":"https:\/\/www.radper.com\/fr\/#\/schema\/logo\/image\/"}}]}},"_links":{"self":[{"href":"https:\/\/www.radper.com\/fr\/wp-json\/wp\/v2\/product\/12574","targetHints":{"allow":["GET"]}}],"collection":[{"href":"https:\/\/www.radper.com\/fr\/wp-json\/wp\/v2\/product"}],"about":[{"href":"https:\/\/www.radper.com\/fr\/wp-json\/wp\/v2\/types\/product"}],"wp:featuredmedia":[{"embeddable":true,"href":"https:\/\/www.radper.com\/fr\/wp-json\/wp\/v2\/media\/44607"}],"wp:attachment":[{"href":"https:\/\/www.radper.com\/fr\/wp-json\/wp\/v2\/media?parent=12574"}],"wp:term":[{"taxonomy":"product_brand","embeddable":true,"href":"https:\/\/www.radper.com\/fr\/wp-json\/wp\/v2\/product_brand?post=12574"},{"taxonomy":"product_cat","embeddable":true,"href":"https:\/\/www.radper.com\/fr\/wp-json\/wp\/v2\/product_cat?post=12574"},{"taxonomy":"product_tag","embeddable":true,"href":"https:\/\/www.radper.com\/fr\/wp-json\/wp\/v2\/product_tag?post=12574"}],"curies":[{"name":"wp","href":"https:\/\/api.w.org\/{rel}","templated":true}]}}