{"id":12575,"date":"2022-06-28T12:56:58","date_gmt":"2022-06-28T12:56:58","guid":{"rendered":"https:\/\/www.radper.com\/produit\/disjoncteurs-miniatures-mcb-6000-a-1p-230-400-v-ac1-mw-in25-ac\/"},"modified":"2025-05-07T07:59:06","modified_gmt":"2025-05-07T07:59:06","slug":"disjoncteur-miniature-5sl6125-7-siemens","status":"publish","type":"product","link":"https:\/\/www.radper.com\/fr\/catalogues\/materiel-electrique\/protecteurs-disjoncteurs\/disjoncteur-miniature-5sl6125-7-siemens\/","title":{"rendered":"Disjoncteur miniature 5SL6125-7 -1P 25A C &#8211; SIEMENS"},"content":{"rendered":"<h3 class=\"\" data-start=\"225\" data-end=\"302\"><strong data-start=\"232\" data-end=\"302\">Disjoncteur miniature Siemens 5SL6125-7 \u2013 1P, 25 A, courbe C, 6 kA<\/strong><\/h3>\n<p class=\"\" data-start=\"304\" data-end=\"706\">Le Siemens 5SL6125-7 est un disjoncteur miniature 1 p\u00f4le de la gamme SENTRON, con\u00e7u pour les installations r\u00e9sidentielles et les infrastructures. Offrant une capacit\u00e9 de coupure de 6 kA, il fonctionne sur un r\u00e9seau 230\/400 V AC avec une intensit\u00e9 nominale de 25 A et une courbe de d\u00e9clenchement de type C. Ce dispositif compact assure une protection fiable contre les surcharges et les courts-circuits.<\/p>\n<h3 class=\"\" data-start=\"1591\" data-end=\"1614\"><strong data-start=\"1598\" data-end=\"1614\">Applications<\/strong><\/h3>\n<p class=\"\" data-start=\"1616\" data-end=\"1975\">Le 5SL6125-7 est particuli\u00e8rement adapt\u00e9 aux installations domestiques, tertiaires ou d&rsquo;infrastructure n\u00e9cessitant une protection fiable et compacte contre les courts-circuits et surcharges. Sa courbe de d\u00e9clenchement C permet de couvrir des charges \u00e0 faible courant d&rsquo;appel, comme les circuits d\u2019\u00e9clairage, de chauffage ou les petits \u00e9quipements \u00e9lectriques.<\/p>\n<h3 class=\"\" data-start=\"303\" data-end=\"373\"><strong data-start=\"310\" data-end=\"373\">Un disjoncteur \u00e9coresponsable avec un faible impact carbone<\/strong><\/h3>\n<p class=\"\" data-start=\"375\" data-end=\"984\">Le disjoncteur Siemens 5SL6125-7 s\u2019inscrit dans une d\u00e9marche environnementale ma\u00eetris\u00e9e. Gr\u00e2ce \u00e0 une conception optimis\u00e9e, son empreinte carbone totale est limit\u00e9e \u00e0 28,2 kg de CO\u2082e, dont seulement 0,718 kg g\u00e9n\u00e9r\u00e9s lors de la fabrication. Sa phase d\u2019utilisation reste la principale source d\u2019\u00e9missions (27,5 kg CO\u2082e), preuve d\u2019une performance durable sur le long terme. En fin de vie, le produit contribue positivement avec une r\u00e9cup\u00e9ration \u00e9valu\u00e9e \u00e0 -0,057 kg CO\u2082e. Il est \u00e9galement accompagn\u00e9 d\u2019une d\u00e9claration environnementale produit (EPD), gage de transparence et d\u2019engagement pour un avenir plus durable.<\/p>\n","protected":false},"excerpt":{"rendered":"<p>5SL6125-7<\/p>\n","protected":false},"featured_media":44569,"template":"","meta":{"_acf_changed":false},"product_brand":[],"product_cat":[716],"product_tag":[],"class_list":{"0":"post-12575","1":"product","2":"type-product","3":"status-publish","4":"has-post-thumbnail","6":"product_cat-protecteurs-disjoncteurs","7":"pa_marque-siemens","8":"pa_puissance-1mw","9":"pa_tension-230-400-v-ac","11":"first","12":"instock","13":"featured","14":"taxable","15":"shipping-taxable","16":"purchasable","17":"product-type-simple"},"acf":[],"yoast_head":"<!-- This site is optimized with the Yoast SEO plugin v26.2 - https:\/\/yoast.com\/wordpress\/plugins\/seo\/ -->\n<title>Disjoncteur miniature 5SL6125-7 -1P 25A C - SIEMENS - Radper<\/title>\n<meta name=\"description\" content=\"Disjoncteur Siemens 5SL6125-7 1P 25 A courbe C, 6 kA. Protection fiable pour habitat et infrastructures. Disponible sur Radper.\" \/>\n<meta name=\"robots\" content=\"index, follow, max-snippet:-1, max-image-preview:large, max-video-preview:-1\" \/>\n<link rel=\"canonical\" href=\"https:\/\/www.radper.com\/fr\/catalogues\/materiel-electrique\/protecteurs-disjoncteurs\/disjoncteur-miniature-5sl6125-7-siemens\/\" \/>\n<meta property=\"og:locale\" content=\"fr_FR\" \/>\n<meta property=\"og:type\" content=\"article\" \/>\n<meta property=\"og:title\" content=\"Disjoncteur miniature 5SL6125-7 -1P 25A C - SIEMENS - Radper\" \/>\n<meta property=\"og:description\" content=\"Disjoncteur Siemens 5SL6125-7 1P 25 A courbe C, 6 kA. Protection fiable pour habitat et infrastructures. Disponible sur Radper.\" \/>\n<meta property=\"og:url\" content=\"https:\/\/www.radper.com\/fr\/catalogues\/materiel-electrique\/protecteurs-disjoncteurs\/disjoncteur-miniature-5sl6125-7-siemens\/\" \/>\n<meta property=\"og:site_name\" content=\"Radper\" \/>\n<meta property=\"article:modified_time\" content=\"2025-05-07T07:59:06+00:00\" \/>\n<meta property=\"og:image\" content=\"https:\/\/www.radper.com\/wp-content\/uploads\/2022\/06\/5SL6125-7-SIEMENS-1.png\" \/>\n\t<meta property=\"og:image:width\" content=\"600\" \/>\n\t<meta property=\"og:image:height\" content=\"600\" \/>\n\t<meta property=\"og:image:type\" content=\"image\/png\" \/>\n<meta name=\"twitter:card\" content=\"summary_large_image\" \/>\n<meta name=\"twitter:label1\" content=\"Dur\u00e9e de lecture estim\u00e9e\" \/>\n\t<meta name=\"twitter:data1\" content=\"2 minutes\" \/>\n<script type=\"application\/ld+json\" class=\"yoast-schema-graph\">{\"@context\":\"https:\/\/schema.org\",\"@graph\":[{\"@type\":\"WebPage\",\"@id\":\"https:\/\/www.radper.com\/fr\/catalogues\/materiel-electrique\/protecteurs-disjoncteurs\/disjoncteur-miniature-5sl6125-7-siemens\/\",\"url\":\"https:\/\/www.radper.com\/fr\/catalogues\/materiel-electrique\/protecteurs-disjoncteurs\/disjoncteur-miniature-5sl6125-7-siemens\/\",\"name\":\"Disjoncteur miniature 5SL6125-7 -1P 25A C - SIEMENS - Radper\",\"isPartOf\":{\"@id\":\"https:\/\/www.radper.com\/fr\/#website\"},\"primaryImageOfPage\":{\"@id\":\"https:\/\/www.radper.com\/fr\/catalogues\/materiel-electrique\/protecteurs-disjoncteurs\/disjoncteur-miniature-5sl6125-7-siemens\/#primaryimage\"},\"image\":{\"@id\":\"https:\/\/www.radper.com\/fr\/catalogues\/materiel-electrique\/protecteurs-disjoncteurs\/disjoncteur-miniature-5sl6125-7-siemens\/#primaryimage\"},\"thumbnailUrl\":\"https:\/\/www.radper.com\/wp-content\/uploads\/2022\/06\/5SL6125-7-SIEMENS-1.png\",\"datePublished\":\"2022-06-28T12:56:58+00:00\",\"dateModified\":\"2025-05-07T07:59:06+00:00\",\"description\":\"Disjoncteur Siemens 5SL6125-7 1P 25 A courbe C, 6 kA. Protection fiable pour habitat et infrastructures. Disponible sur Radper.\",\"breadcrumb\":{\"@id\":\"https:\/\/www.radper.com\/fr\/catalogues\/materiel-electrique\/protecteurs-disjoncteurs\/disjoncteur-miniature-5sl6125-7-siemens\/#breadcrumb\"},\"inLanguage\":\"fr-FR\",\"potentialAction\":[{\"@type\":\"ReadAction\",\"target\":[\"https:\/\/www.radper.com\/fr\/catalogues\/materiel-electrique\/protecteurs-disjoncteurs\/disjoncteur-miniature-5sl6125-7-siemens\/\"]}]},{\"@type\":\"ImageObject\",\"inLanguage\":\"fr-FR\",\"@id\":\"https:\/\/www.radper.com\/fr\/catalogues\/materiel-electrique\/protecteurs-disjoncteurs\/disjoncteur-miniature-5sl6125-7-siemens\/#primaryimage\",\"url\":\"https:\/\/www.radper.com\/wp-content\/uploads\/2022\/06\/5SL6125-7-SIEMENS-1.png\",\"contentUrl\":\"https:\/\/www.radper.com\/wp-content\/uploads\/2022\/06\/5SL6125-7-SIEMENS-1.png\",\"width\":600,\"height\":600},{\"@type\":\"BreadcrumbList\",\"@id\":\"https:\/\/www.radper.com\/fr\/catalogues\/materiel-electrique\/protecteurs-disjoncteurs\/disjoncteur-miniature-5sl6125-7-siemens\/#breadcrumb\",\"itemListElement\":[{\"@type\":\"ListItem\",\"position\":1,\"name\":\"Accueil\",\"item\":\"https:\/\/www.radper.com\/fr\/\"},{\"@type\":\"ListItem\",\"position\":2,\"name\":\"Catalogue\",\"item\":\"https:\/\/www.radper.com\/fr\/catalogue\/\"},{\"@type\":\"ListItem\",\"position\":3,\"name\":\"Disjoncteur miniature 5SL6125-7 -1P 25A C &#8211; SIEMENS\"}]},{\"@type\":\"WebSite\",\"@id\":\"https:\/\/www.radper.com\/fr\/#website\",\"url\":\"https:\/\/www.radper.com\/fr\/\",\"name\":\"Radper\",\"description\":\"\",\"publisher\":{\"@id\":\"https:\/\/www.radper.com\/fr\/#organization\"},\"potentialAction\":[{\"@type\":\"SearchAction\",\"target\":{\"@type\":\"EntryPoint\",\"urlTemplate\":\"https:\/\/www.radper.com\/fr\/?s={search_term_string}\"},\"query-input\":{\"@type\":\"PropertyValueSpecification\",\"valueRequired\":true,\"valueName\":\"search_term_string\"}}],\"inLanguage\":\"fr-FR\"},{\"@type\":\"Organization\",\"@id\":\"https:\/\/www.radper.com\/fr\/#organization\",\"name\":\"radper\",\"url\":\"https:\/\/www.radper.com\/fr\/\",\"logo\":{\"@type\":\"ImageObject\",\"inLanguage\":\"fr-FR\",\"@id\":\"https:\/\/www.radper.com\/fr\/#\/schema\/logo\/image\/\",\"url\":\"https:\/\/radper.com\/wp-content\/uploads\/2021\/04\/logo-wide-11.png\",\"contentUrl\":\"https:\/\/radper.com\/wp-content\/uploads\/2021\/04\/logo-wide-11.png\",\"width\":250,\"height\":110,\"caption\":\"radper\"},\"image\":{\"@id\":\"https:\/\/www.radper.com\/fr\/#\/schema\/logo\/image\/\"}}]}<\/script>\n<!-- \/ Yoast SEO plugin. -->","yoast_head_json":{"title":"Disjoncteur miniature 5SL6125-7 -1P 25A C - SIEMENS - Radper","description":"Disjoncteur Siemens 5SL6125-7 1P 25 A courbe C, 6 kA. Protection fiable pour habitat et infrastructures. Disponible sur Radper.","robots":{"index":"index","follow":"follow","max-snippet":"max-snippet:-1","max-image-preview":"max-image-preview:large","max-video-preview":"max-video-preview:-1"},"canonical":"https:\/\/www.radper.com\/fr\/catalogues\/materiel-electrique\/protecteurs-disjoncteurs\/disjoncteur-miniature-5sl6125-7-siemens\/","og_locale":"fr_FR","og_type":"article","og_title":"Disjoncteur miniature 5SL6125-7 -1P 25A C - SIEMENS - Radper","og_description":"Disjoncteur Siemens 5SL6125-7 1P 25 A courbe C, 6 kA. Protection fiable pour habitat et infrastructures. Disponible sur Radper.","og_url":"https:\/\/www.radper.com\/fr\/catalogues\/materiel-electrique\/protecteurs-disjoncteurs\/disjoncteur-miniature-5sl6125-7-siemens\/","og_site_name":"Radper","article_modified_time":"2025-05-07T07:59:06+00:00","og_image":[{"width":600,"height":600,"url":"https:\/\/www.radper.com\/wp-content\/uploads\/2022\/06\/5SL6125-7-SIEMENS-1.png","type":"image\/png"}],"twitter_card":"summary_large_image","twitter_misc":{"Dur\u00e9e de lecture estim\u00e9e":"2 minutes"},"schema":{"@context":"https:\/\/schema.org","@graph":[{"@type":"WebPage","@id":"https:\/\/www.radper.com\/fr\/catalogues\/materiel-electrique\/protecteurs-disjoncteurs\/disjoncteur-miniature-5sl6125-7-siemens\/","url":"https:\/\/www.radper.com\/fr\/catalogues\/materiel-electrique\/protecteurs-disjoncteurs\/disjoncteur-miniature-5sl6125-7-siemens\/","name":"Disjoncteur miniature 5SL6125-7 -1P 25A C - SIEMENS - Radper","isPartOf":{"@id":"https:\/\/www.radper.com\/fr\/#website"},"primaryImageOfPage":{"@id":"https:\/\/www.radper.com\/fr\/catalogues\/materiel-electrique\/protecteurs-disjoncteurs\/disjoncteur-miniature-5sl6125-7-siemens\/#primaryimage"},"image":{"@id":"https:\/\/www.radper.com\/fr\/catalogues\/materiel-electrique\/protecteurs-disjoncteurs\/disjoncteur-miniature-5sl6125-7-siemens\/#primaryimage"},"thumbnailUrl":"https:\/\/www.radper.com\/wp-content\/uploads\/2022\/06\/5SL6125-7-SIEMENS-1.png","datePublished":"2022-06-28T12:56:58+00:00","dateModified":"2025-05-07T07:59:06+00:00","description":"Disjoncteur Siemens 5SL6125-7 1P 25 A courbe C, 6 kA. Protection fiable pour habitat et infrastructures. Disponible sur Radper.","breadcrumb":{"@id":"https:\/\/www.radper.com\/fr\/catalogues\/materiel-electrique\/protecteurs-disjoncteurs\/disjoncteur-miniature-5sl6125-7-siemens\/#breadcrumb"},"inLanguage":"fr-FR","potentialAction":[{"@type":"ReadAction","target":["https:\/\/www.radper.com\/fr\/catalogues\/materiel-electrique\/protecteurs-disjoncteurs\/disjoncteur-miniature-5sl6125-7-siemens\/"]}]},{"@type":"ImageObject","inLanguage":"fr-FR","@id":"https:\/\/www.radper.com\/fr\/catalogues\/materiel-electrique\/protecteurs-disjoncteurs\/disjoncteur-miniature-5sl6125-7-siemens\/#primaryimage","url":"https:\/\/www.radper.com\/wp-content\/uploads\/2022\/06\/5SL6125-7-SIEMENS-1.png","contentUrl":"https:\/\/www.radper.com\/wp-content\/uploads\/2022\/06\/5SL6125-7-SIEMENS-1.png","width":600,"height":600},{"@type":"BreadcrumbList","@id":"https:\/\/www.radper.com\/fr\/catalogues\/materiel-electrique\/protecteurs-disjoncteurs\/disjoncteur-miniature-5sl6125-7-siemens\/#breadcrumb","itemListElement":[{"@type":"ListItem","position":1,"name":"Accueil","item":"https:\/\/www.radper.com\/fr\/"},{"@type":"ListItem","position":2,"name":"Catalogue","item":"https:\/\/www.radper.com\/fr\/catalogue\/"},{"@type":"ListItem","position":3,"name":"Disjoncteur miniature 5SL6125-7 -1P 25A C &#8211; SIEMENS"}]},{"@type":"WebSite","@id":"https:\/\/www.radper.com\/fr\/#website","url":"https:\/\/www.radper.com\/fr\/","name":"Radper","description":"","publisher":{"@id":"https:\/\/www.radper.com\/fr\/#organization"},"potentialAction":[{"@type":"SearchAction","target":{"@type":"EntryPoint","urlTemplate":"https:\/\/www.radper.com\/fr\/?s={search_term_string}"},"query-input":{"@type":"PropertyValueSpecification","valueRequired":true,"valueName":"search_term_string"}}],"inLanguage":"fr-FR"},{"@type":"Organization","@id":"https:\/\/www.radper.com\/fr\/#organization","name":"radper","url":"https:\/\/www.radper.com\/fr\/","logo":{"@type":"ImageObject","inLanguage":"fr-FR","@id":"https:\/\/www.radper.com\/fr\/#\/schema\/logo\/image\/","url":"https:\/\/radper.com\/wp-content\/uploads\/2021\/04\/logo-wide-11.png","contentUrl":"https:\/\/radper.com\/wp-content\/uploads\/2021\/04\/logo-wide-11.png","width":250,"height":110,"caption":"radper"},"image":{"@id":"https:\/\/www.radper.com\/fr\/#\/schema\/logo\/image\/"}}]}},"_links":{"self":[{"href":"https:\/\/www.radper.com\/fr\/wp-json\/wp\/v2\/product\/12575","targetHints":{"allow":["GET"]}}],"collection":[{"href":"https:\/\/www.radper.com\/fr\/wp-json\/wp\/v2\/product"}],"about":[{"href":"https:\/\/www.radper.com\/fr\/wp-json\/wp\/v2\/types\/product"}],"wp:featuredmedia":[{"embeddable":true,"href":"https:\/\/www.radper.com\/fr\/wp-json\/wp\/v2\/media\/44569"}],"wp:attachment":[{"href":"https:\/\/www.radper.com\/fr\/wp-json\/wp\/v2\/media?parent=12575"}],"wp:term":[{"taxonomy":"product_brand","embeddable":true,"href":"https:\/\/www.radper.com\/fr\/wp-json\/wp\/v2\/product_brand?post=12575"},{"taxonomy":"product_cat","embeddable":true,"href":"https:\/\/www.radper.com\/fr\/wp-json\/wp\/v2\/product_cat?post=12575"},{"taxonomy":"product_tag","embeddable":true,"href":"https:\/\/www.radper.com\/fr\/wp-json\/wp\/v2\/product_tag?post=12575"}],"curies":[{"name":"wp","href":"https:\/\/api.w.org\/{rel}","templated":true}]}}