{"id":12953,"date":"2022-08-03T21:00:21","date_gmt":"2022-08-03T21:00:21","guid":{"rendered":"https:\/\/www.radper.com\/produit\/vanne-a-membrane-mersen-mv310\/"},"modified":"2022-08-26T10:45:33","modified_gmt":"2022-08-26T10:45:33","slug":"vanne-a-membrane-mersen-mv310","status":"publish","type":"product","link":"https:\/\/www.radper.com\/fr\/catalogues\/pompes-et-robinneterie\/vanne-a-membrane\/vanne-a-membrane-mersen-mv310\/","title":{"rendered":"Vanne \u00e0 membrane Mersen MV310"},"content":{"rendered":"<p>\u2022 Vanne fiable avec une vari\u00e9t\u00e9 de diam\u00e8tres nominaux<br \/>\n\u2022 Bonnes caract\u00e9ristiques de r\u00e9gulation<br \/>\n\u2022 Haute valeur kv<br \/>\n\u2022 Indicateur de position optique<br \/>\n(DN 15\u201350 : standard, DN 65\u2013100 : en option)<br \/>\n\u2022 Disponible en vanne manuelle et avec une commande de<br \/>\nlevage pneumatique puissante<\/p>\n","protected":false},"excerpt":{"rendered":"<p>MV310<\/p>\n","protected":false},"featured_media":12660,"template":"","meta":{"_acf_changed":false},"product_brand":[],"product_cat":[74],"product_tag":[],"class_list":{"0":"post-12953","1":"product","2":"type-product","3":"status-publish","4":"has-post-thumbnail","6":"product_cat-vanne-a-membrane","7":"pa_marque-stubbe","9":"first","10":"instock","11":"featured","12":"taxable","13":"shipping-taxable","14":"product-type-simple"},"acf":[],"yoast_head":"<!-- This site is optimized with the Yoast SEO plugin v26.2 - https:\/\/yoast.com\/wordpress\/plugins\/seo\/ -->\n<title>Vanne \u00e0 membrane Mersen MV310 - Radper<\/title>\n<meta name=\"robots\" content=\"index, follow, max-snippet:-1, max-image-preview:large, max-video-preview:-1\" \/>\n<link rel=\"canonical\" href=\"https:\/\/www.radper.com\/fr\/catalogues\/pompes-et-robinneterie\/vanne-a-membrane\/vanne-a-membrane-mersen-mv310\/\" \/>\n<meta property=\"og:locale\" content=\"fr_FR\" \/>\n<meta property=\"og:type\" content=\"article\" \/>\n<meta property=\"og:title\" content=\"Vanne \u00e0 membrane Mersen MV310 - Radper\" \/>\n<meta property=\"og:description\" content=\"MV310\" \/>\n<meta property=\"og:url\" content=\"https:\/\/www.radper.com\/fr\/catalogues\/pompes-et-robinneterie\/vanne-a-membrane\/vanne-a-membrane-mersen-mv310\/\" \/>\n<meta property=\"og:site_name\" content=\"Radper\" \/>\n<meta property=\"article:modified_time\" content=\"2022-08-26T10:45:33+00:00\" \/>\n<meta property=\"og:image\" content=\"https:\/\/www.radper.com\/wp-content\/uploads\/2022\/07\/MV310.jpg\" \/>\n\t<meta property=\"og:image:width\" content=\"600\" \/>\n\t<meta property=\"og:image:height\" content=\"600\" \/>\n\t<meta property=\"og:image:type\" content=\"image\/jpeg\" \/>\n<meta name=\"twitter:card\" content=\"summary_large_image\" \/>\n<script type=\"application\/ld+json\" class=\"yoast-schema-graph\">{\"@context\":\"https:\/\/schema.org\",\"@graph\":[{\"@type\":\"WebPage\",\"@id\":\"https:\/\/www.radper.com\/fr\/catalogues\/pompes-et-robinneterie\/vanne-a-membrane\/vanne-a-membrane-mersen-mv310\/\",\"url\":\"https:\/\/www.radper.com\/fr\/catalogues\/pompes-et-robinneterie\/vanne-a-membrane\/vanne-a-membrane-mersen-mv310\/\",\"name\":\"Vanne \u00e0 membrane Mersen MV310 - Radper\",\"isPartOf\":{\"@id\":\"https:\/\/www.radper.com\/fr\/#website\"},\"primaryImageOfPage\":{\"@id\":\"https:\/\/www.radper.com\/fr\/catalogues\/pompes-et-robinneterie\/vanne-a-membrane\/vanne-a-membrane-mersen-mv310\/#primaryimage\"},\"image\":{\"@id\":\"https:\/\/www.radper.com\/fr\/catalogues\/pompes-et-robinneterie\/vanne-a-membrane\/vanne-a-membrane-mersen-mv310\/#primaryimage\"},\"thumbnailUrl\":\"https:\/\/www.radper.com\/wp-content\/uploads\/2022\/07\/MV310.jpg\",\"datePublished\":\"2022-08-03T21:00:21+00:00\",\"dateModified\":\"2022-08-26T10:45:33+00:00\",\"breadcrumb\":{\"@id\":\"https:\/\/www.radper.com\/fr\/catalogues\/pompes-et-robinneterie\/vanne-a-membrane\/vanne-a-membrane-mersen-mv310\/#breadcrumb\"},\"inLanguage\":\"fr-FR\",\"potentialAction\":[{\"@type\":\"ReadAction\",\"target\":[\"https:\/\/www.radper.com\/fr\/catalogues\/pompes-et-robinneterie\/vanne-a-membrane\/vanne-a-membrane-mersen-mv310\/\"]}]},{\"@type\":\"ImageObject\",\"inLanguage\":\"fr-FR\",\"@id\":\"https:\/\/www.radper.com\/fr\/catalogues\/pompes-et-robinneterie\/vanne-a-membrane\/vanne-a-membrane-mersen-mv310\/#primaryimage\",\"url\":\"https:\/\/www.radper.com\/wp-content\/uploads\/2022\/07\/MV310.jpg\",\"contentUrl\":\"https:\/\/www.radper.com\/wp-content\/uploads\/2022\/07\/MV310.jpg\",\"width\":600,\"height\":600},{\"@type\":\"BreadcrumbList\",\"@id\":\"https:\/\/www.radper.com\/fr\/catalogues\/pompes-et-robinneterie\/vanne-a-membrane\/vanne-a-membrane-mersen-mv310\/#breadcrumb\",\"itemListElement\":[{\"@type\":\"ListItem\",\"position\":1,\"name\":\"Accueil\",\"item\":\"https:\/\/www.radper.com\/fr\/\"},{\"@type\":\"ListItem\",\"position\":2,\"name\":\"Catalogue\",\"item\":\"https:\/\/www.radper.com\/fr\/catalogue\/\"},{\"@type\":\"ListItem\",\"position\":3,\"name\":\"Vanne \u00e0 membrane Mersen MV310\"}]},{\"@type\":\"WebSite\",\"@id\":\"https:\/\/www.radper.com\/fr\/#website\",\"url\":\"https:\/\/www.radper.com\/fr\/\",\"name\":\"Radper\",\"description\":\"\",\"publisher\":{\"@id\":\"https:\/\/www.radper.com\/fr\/#organization\"},\"potentialAction\":[{\"@type\":\"SearchAction\",\"target\":{\"@type\":\"EntryPoint\",\"urlTemplate\":\"https:\/\/www.radper.com\/fr\/?s={search_term_string}\"},\"query-input\":{\"@type\":\"PropertyValueSpecification\",\"valueRequired\":true,\"valueName\":\"search_term_string\"}}],\"inLanguage\":\"fr-FR\"},{\"@type\":\"Organization\",\"@id\":\"https:\/\/www.radper.com\/fr\/#organization\",\"name\":\"radper\",\"url\":\"https:\/\/www.radper.com\/fr\/\",\"logo\":{\"@type\":\"ImageObject\",\"inLanguage\":\"fr-FR\",\"@id\":\"https:\/\/www.radper.com\/fr\/#\/schema\/logo\/image\/\",\"url\":\"https:\/\/radper.com\/wp-content\/uploads\/2021\/04\/logo-wide-11.png\",\"contentUrl\":\"https:\/\/radper.com\/wp-content\/uploads\/2021\/04\/logo-wide-11.png\",\"width\":250,\"height\":110,\"caption\":\"radper\"},\"image\":{\"@id\":\"https:\/\/www.radper.com\/fr\/#\/schema\/logo\/image\/\"}}]}<\/script>\n<!-- \/ Yoast SEO plugin. -->","yoast_head_json":{"title":"Vanne \u00e0 membrane Mersen MV310 - Radper","robots":{"index":"index","follow":"follow","max-snippet":"max-snippet:-1","max-image-preview":"max-image-preview:large","max-video-preview":"max-video-preview:-1"},"canonical":"https:\/\/www.radper.com\/fr\/catalogues\/pompes-et-robinneterie\/vanne-a-membrane\/vanne-a-membrane-mersen-mv310\/","og_locale":"fr_FR","og_type":"article","og_title":"Vanne \u00e0 membrane Mersen MV310 - Radper","og_description":"MV310","og_url":"https:\/\/www.radper.com\/fr\/catalogues\/pompes-et-robinneterie\/vanne-a-membrane\/vanne-a-membrane-mersen-mv310\/","og_site_name":"Radper","article_modified_time":"2022-08-26T10:45:33+00:00","og_image":[{"width":600,"height":600,"url":"https:\/\/www.radper.com\/wp-content\/uploads\/2022\/07\/MV310.jpg","type":"image\/jpeg"}],"twitter_card":"summary_large_image","schema":{"@context":"https:\/\/schema.org","@graph":[{"@type":"WebPage","@id":"https:\/\/www.radper.com\/fr\/catalogues\/pompes-et-robinneterie\/vanne-a-membrane\/vanne-a-membrane-mersen-mv310\/","url":"https:\/\/www.radper.com\/fr\/catalogues\/pompes-et-robinneterie\/vanne-a-membrane\/vanne-a-membrane-mersen-mv310\/","name":"Vanne \u00e0 membrane Mersen MV310 - Radper","isPartOf":{"@id":"https:\/\/www.radper.com\/fr\/#website"},"primaryImageOfPage":{"@id":"https:\/\/www.radper.com\/fr\/catalogues\/pompes-et-robinneterie\/vanne-a-membrane\/vanne-a-membrane-mersen-mv310\/#primaryimage"},"image":{"@id":"https:\/\/www.radper.com\/fr\/catalogues\/pompes-et-robinneterie\/vanne-a-membrane\/vanne-a-membrane-mersen-mv310\/#primaryimage"},"thumbnailUrl":"https:\/\/www.radper.com\/wp-content\/uploads\/2022\/07\/MV310.jpg","datePublished":"2022-08-03T21:00:21+00:00","dateModified":"2022-08-26T10:45:33+00:00","breadcrumb":{"@id":"https:\/\/www.radper.com\/fr\/catalogues\/pompes-et-robinneterie\/vanne-a-membrane\/vanne-a-membrane-mersen-mv310\/#breadcrumb"},"inLanguage":"fr-FR","potentialAction":[{"@type":"ReadAction","target":["https:\/\/www.radper.com\/fr\/catalogues\/pompes-et-robinneterie\/vanne-a-membrane\/vanne-a-membrane-mersen-mv310\/"]}]},{"@type":"ImageObject","inLanguage":"fr-FR","@id":"https:\/\/www.radper.com\/fr\/catalogues\/pompes-et-robinneterie\/vanne-a-membrane\/vanne-a-membrane-mersen-mv310\/#primaryimage","url":"https:\/\/www.radper.com\/wp-content\/uploads\/2022\/07\/MV310.jpg","contentUrl":"https:\/\/www.radper.com\/wp-content\/uploads\/2022\/07\/MV310.jpg","width":600,"height":600},{"@type":"BreadcrumbList","@id":"https:\/\/www.radper.com\/fr\/catalogues\/pompes-et-robinneterie\/vanne-a-membrane\/vanne-a-membrane-mersen-mv310\/#breadcrumb","itemListElement":[{"@type":"ListItem","position":1,"name":"Accueil","item":"https:\/\/www.radper.com\/fr\/"},{"@type":"ListItem","position":2,"name":"Catalogue","item":"https:\/\/www.radper.com\/fr\/catalogue\/"},{"@type":"ListItem","position":3,"name":"Vanne \u00e0 membrane Mersen MV310"}]},{"@type":"WebSite","@id":"https:\/\/www.radper.com\/fr\/#website","url":"https:\/\/www.radper.com\/fr\/","name":"Radper","description":"","publisher":{"@id":"https:\/\/www.radper.com\/fr\/#organization"},"potentialAction":[{"@type":"SearchAction","target":{"@type":"EntryPoint","urlTemplate":"https:\/\/www.radper.com\/fr\/?s={search_term_string}"},"query-input":{"@type":"PropertyValueSpecification","valueRequired":true,"valueName":"search_term_string"}}],"inLanguage":"fr-FR"},{"@type":"Organization","@id":"https:\/\/www.radper.com\/fr\/#organization","name":"radper","url":"https:\/\/www.radper.com\/fr\/","logo":{"@type":"ImageObject","inLanguage":"fr-FR","@id":"https:\/\/www.radper.com\/fr\/#\/schema\/logo\/image\/","url":"https:\/\/radper.com\/wp-content\/uploads\/2021\/04\/logo-wide-11.png","contentUrl":"https:\/\/radper.com\/wp-content\/uploads\/2021\/04\/logo-wide-11.png","width":250,"height":110,"caption":"radper"},"image":{"@id":"https:\/\/www.radper.com\/fr\/#\/schema\/logo\/image\/"}}]}},"_links":{"self":[{"href":"https:\/\/www.radper.com\/fr\/wp-json\/wp\/v2\/product\/12953","targetHints":{"allow":["GET"]}}],"collection":[{"href":"https:\/\/www.radper.com\/fr\/wp-json\/wp\/v2\/product"}],"about":[{"href":"https:\/\/www.radper.com\/fr\/wp-json\/wp\/v2\/types\/product"}],"wp:featuredmedia":[{"embeddable":true,"href":"https:\/\/www.radper.com\/fr\/wp-json\/wp\/v2\/media\/12660"}],"wp:attachment":[{"href":"https:\/\/www.radper.com\/fr\/wp-json\/wp\/v2\/media?parent=12953"}],"wp:term":[{"taxonomy":"product_brand","embeddable":true,"href":"https:\/\/www.radper.com\/fr\/wp-json\/wp\/v2\/product_brand?post=12953"},{"taxonomy":"product_cat","embeddable":true,"href":"https:\/\/www.radper.com\/fr\/wp-json\/wp\/v2\/product_cat?post=12953"},{"taxonomy":"product_tag","embeddable":true,"href":"https:\/\/www.radper.com\/fr\/wp-json\/wp\/v2\/product_tag?post=12953"}],"curies":[{"name":"wp","href":"https:\/\/api.w.org\/{rel}","templated":true}]}}