{"id":13597,"date":"2022-08-22T12:26:17","date_gmt":"2022-08-22T12:26:17","guid":{"rendered":"https:\/\/www.radper.com\/produit\/demarrage-manuel-du-moteur-ms325-0-63-2\/"},"modified":"2025-07-29T14:32:03","modified_gmt":"2025-07-29T14:32:03","slug":"demarrage-manuel-du-moteur-ms325-0-63-1sam150000r0004-abb","status":"publish","type":"product","link":"https:\/\/www.radper.com\/fr\/catalogues\/materiel-electrique\/protecteurs-disjoncteurs\/demarrage-manuel-du-moteur-ms325-0-63-1sam150000r0004-abb\/","title":{"rendered":"D\u00e9marrage manuel MS325-0.63 1SAM150000R0004 ABB"},"content":{"rendered":"<h3 data-section-id=\"14h3dtm\" data-start=\"263\" data-end=\"321\">D\u00e9marreur manuel ABB MS325-0.63 \u2013 R\u00e9f. 1SAM150000R0004<\/h3>\n<p data-start=\"323\" data-end=\"655\">Le d\u00e9marreur manuel MS325-0.63 d\u2019ABB est un appareil compact de 54 mm de large con\u00e7u pour la commande et la protection fiable des moteurs \u00e9lectriques, sans fusible. Il permet d\u2019allumer et d\u2019\u00e9teindre manuellement les moteurs tout en assurant une protection efficace contre les courts-circuits, les surcharges et les d\u00e9fauts de phase.<\/p>\n<h3 data-section-id=\"1fyan5p\" data-start=\"1074\" data-end=\"1097\">Fonctions int\u00e9gr\u00e9es<\/h3>\n<ul data-start=\"1099\" data-end=\"1480\">\n<li data-start=\"1099\" data-end=\"1189\">\n<p data-start=\"1101\" data-end=\"1189\"><strong data-start=\"1101\" data-end=\"1128\">Protection sans fusible<\/strong> contre les courts-circuits, surcharges et d\u00e9fauts de phase<\/p>\n<\/li>\n<li data-start=\"1190\" data-end=\"1240\">\n<p data-start=\"1192\" data-end=\"1240\"><strong data-start=\"1192\" data-end=\"1216\">D\u00e9connexion int\u00e9gr\u00e9e<\/strong> pour plus de s\u00e9curit\u00e9<\/p>\n<\/li>\n<li data-start=\"1241\" data-end=\"1341\">\n<p data-start=\"1243\" data-end=\"1341\"><strong data-start=\"1243\" data-end=\"1274\">Compensation de temp\u00e9rature<\/strong> assurant un fonctionnement fiable m\u00eame en environnement variable<\/p>\n<\/li>\n<li data-start=\"1342\" data-end=\"1419\">\n<p data-start=\"1344\" data-end=\"1419\"><strong data-start=\"1344\" data-end=\"1376\">M\u00e9canisme sans d\u00e9clenchement<\/strong> pour \u00e9viter les ouvertures intempestives<\/p>\n<\/li>\n<li data-start=\"1420\" data-end=\"1480\">\n<p data-start=\"1422\" data-end=\"1480\"><strong data-start=\"1422\" data-end=\"1448\">Indicateur de position<\/strong> clair et lisible sur la poign\u00e9e<\/p>\n<\/li>\n<\/ul>\n<h3 data-section-id=\"16y8vfe\" data-start=\"1487\" data-end=\"1500\">Avantages<\/h3>\n<ul data-start=\"1502\" data-end=\"1732\">\n<li data-start=\"1502\" data-end=\"1550\">\n<p data-start=\"1504\" data-end=\"1550\">Fiabilit\u00e9 de la protection moteur sign\u00e9e ABB<\/p>\n<\/li>\n<li data-start=\"1551\" data-end=\"1619\">\n<p data-start=\"1553\" data-end=\"1619\">Solution compacte adapt\u00e9e aux armoires de commande industrielles<\/p>\n<\/li>\n<li data-start=\"1620\" data-end=\"1697\">\n<p data-start=\"1622\" data-end=\"1697\">Id\u00e9al pour les environnements n\u00e9cessitant des d\u00e9marreurs manuels robustes<\/p>\n<\/li>\n<li data-start=\"1698\" data-end=\"1732\">\n<p data-start=\"1700\" data-end=\"1732\">Facile \u00e0 installer et \u00e0 utiliser<\/p>\n<\/li>\n<\/ul>\n","protected":false},"excerpt":{"rendered":"<p>1SAM150000R0004<\/p>\n","protected":false},"featured_media":13213,"template":"","meta":{"_acf_changed":false},"product_brand":[],"product_cat":[716],"product_tag":[],"class_list":{"0":"post-13597","1":"product","2":"type-product","3":"status-publish","4":"has-post-thumbnail","6":"product_cat-protecteurs-disjoncteurs","7":"pa_marque-abb","8":"pa_tension-690-v-ac-440-v-dc-2","10":"first","11":"instock","12":"featured","13":"taxable","14":"shipping-taxable","15":"product-type-simple"},"acf":[],"yoast_head":"<!-- This site is optimized with the Yoast SEO plugin v26.2 - https:\/\/yoast.com\/wordpress\/plugins\/seo\/ -->\n<title>D\u00e9marrage manuel MS325-0.63 1SAM150000R0004 ABB - Radper<\/title>\n<meta name=\"description\" content=\"Commandez et prot\u00e9gez vos moteurs avec le MS325-0.63 ABB. D\u00e9marrage manuel, protection fiable contre les surcharges et courts-circuits. 1SAM150000R0004.\" \/>\n<meta name=\"robots\" content=\"index, follow, max-snippet:-1, max-image-preview:large, max-video-preview:-1\" \/>\n<link rel=\"canonical\" href=\"https:\/\/www.radper.com\/fr\/catalogues\/materiel-electrique\/protecteurs-disjoncteurs\/demarrage-manuel-du-moteur-ms325-0-63-1sam150000r0004-abb\/\" \/>\n<meta property=\"og:locale\" content=\"fr_FR\" \/>\n<meta property=\"og:type\" content=\"article\" \/>\n<meta property=\"og:title\" content=\"D\u00e9marrage manuel MS325-0.63 1SAM150000R0004 ABB - Radper\" \/>\n<meta property=\"og:description\" content=\"Commandez et prot\u00e9gez vos moteurs avec le MS325-0.63 ABB. D\u00e9marrage manuel, protection fiable contre les surcharges et courts-circuits. 1SAM150000R0004.\" \/>\n<meta property=\"og:url\" content=\"https:\/\/www.radper.com\/fr\/catalogues\/materiel-electrique\/protecteurs-disjoncteurs\/demarrage-manuel-du-moteur-ms325-0-63-1sam150000r0004-abb\/\" \/>\n<meta property=\"og:site_name\" content=\"Radper\" \/>\n<meta property=\"article:modified_time\" content=\"2025-07-29T14:32:03+00:00\" \/>\n<meta property=\"og:image\" content=\"https:\/\/www.radper.com\/wp-content\/uploads\/2022\/08\/MS325-0.63.jpg\" \/>\n\t<meta property=\"og:image:width\" content=\"600\" \/>\n\t<meta property=\"og:image:height\" content=\"600\" \/>\n\t<meta property=\"og:image:type\" content=\"image\/jpeg\" \/>\n<meta name=\"twitter:card\" content=\"summary_large_image\" \/>\n<meta name=\"twitter:label1\" content=\"Dur\u00e9e de lecture estim\u00e9e\" \/>\n\t<meta name=\"twitter:data1\" content=\"1 minute\" \/>\n<script type=\"application\/ld+json\" class=\"yoast-schema-graph\">{\"@context\":\"https:\/\/schema.org\",\"@graph\":[{\"@type\":\"WebPage\",\"@id\":\"https:\/\/www.radper.com\/fr\/catalogues\/materiel-electrique\/protecteurs-disjoncteurs\/demarrage-manuel-du-moteur-ms325-0-63-1sam150000r0004-abb\/\",\"url\":\"https:\/\/www.radper.com\/fr\/catalogues\/materiel-electrique\/protecteurs-disjoncteurs\/demarrage-manuel-du-moteur-ms325-0-63-1sam150000r0004-abb\/\",\"name\":\"D\u00e9marrage manuel MS325-0.63 1SAM150000R0004 ABB - Radper\",\"isPartOf\":{\"@id\":\"https:\/\/www.radper.com\/fr\/#website\"},\"primaryImageOfPage\":{\"@id\":\"https:\/\/www.radper.com\/fr\/catalogues\/materiel-electrique\/protecteurs-disjoncteurs\/demarrage-manuel-du-moteur-ms325-0-63-1sam150000r0004-abb\/#primaryimage\"},\"image\":{\"@id\":\"https:\/\/www.radper.com\/fr\/catalogues\/materiel-electrique\/protecteurs-disjoncteurs\/demarrage-manuel-du-moteur-ms325-0-63-1sam150000r0004-abb\/#primaryimage\"},\"thumbnailUrl\":\"https:\/\/www.radper.com\/wp-content\/uploads\/2022\/08\/MS325-0.63.jpg\",\"datePublished\":\"2022-08-22T12:26:17+00:00\",\"dateModified\":\"2025-07-29T14:32:03+00:00\",\"description\":\"Commandez et prot\u00e9gez vos moteurs avec le MS325-0.63 ABB. D\u00e9marrage manuel, protection fiable contre les surcharges et courts-circuits. 1SAM150000R0004.\",\"breadcrumb\":{\"@id\":\"https:\/\/www.radper.com\/fr\/catalogues\/materiel-electrique\/protecteurs-disjoncteurs\/demarrage-manuel-du-moteur-ms325-0-63-1sam150000r0004-abb\/#breadcrumb\"},\"inLanguage\":\"fr-FR\",\"potentialAction\":[{\"@type\":\"ReadAction\",\"target\":[\"https:\/\/www.radper.com\/fr\/catalogues\/materiel-electrique\/protecteurs-disjoncteurs\/demarrage-manuel-du-moteur-ms325-0-63-1sam150000r0004-abb\/\"]}]},{\"@type\":\"ImageObject\",\"inLanguage\":\"fr-FR\",\"@id\":\"https:\/\/www.radper.com\/fr\/catalogues\/materiel-electrique\/protecteurs-disjoncteurs\/demarrage-manuel-du-moteur-ms325-0-63-1sam150000r0004-abb\/#primaryimage\",\"url\":\"https:\/\/www.radper.com\/wp-content\/uploads\/2022\/08\/MS325-0.63.jpg\",\"contentUrl\":\"https:\/\/www.radper.com\/wp-content\/uploads\/2022\/08\/MS325-0.63.jpg\",\"width\":600,\"height\":600},{\"@type\":\"BreadcrumbList\",\"@id\":\"https:\/\/www.radper.com\/fr\/catalogues\/materiel-electrique\/protecteurs-disjoncteurs\/demarrage-manuel-du-moteur-ms325-0-63-1sam150000r0004-abb\/#breadcrumb\",\"itemListElement\":[{\"@type\":\"ListItem\",\"position\":1,\"name\":\"Accueil\",\"item\":\"https:\/\/www.radper.com\/fr\/\"},{\"@type\":\"ListItem\",\"position\":2,\"name\":\"Catalogue\",\"item\":\"https:\/\/www.radper.com\/fr\/catalogue\/\"},{\"@type\":\"ListItem\",\"position\":3,\"name\":\"D\u00e9marrage manuel MS325-0.63 1SAM150000R0004 ABB\"}]},{\"@type\":\"WebSite\",\"@id\":\"https:\/\/www.radper.com\/fr\/#website\",\"url\":\"https:\/\/www.radper.com\/fr\/\",\"name\":\"Radper\",\"description\":\"\",\"publisher\":{\"@id\":\"https:\/\/www.radper.com\/fr\/#organization\"},\"potentialAction\":[{\"@type\":\"SearchAction\",\"target\":{\"@type\":\"EntryPoint\",\"urlTemplate\":\"https:\/\/www.radper.com\/fr\/?s={search_term_string}\"},\"query-input\":{\"@type\":\"PropertyValueSpecification\",\"valueRequired\":true,\"valueName\":\"search_term_string\"}}],\"inLanguage\":\"fr-FR\"},{\"@type\":\"Organization\",\"@id\":\"https:\/\/www.radper.com\/fr\/#organization\",\"name\":\"radper\",\"url\":\"https:\/\/www.radper.com\/fr\/\",\"logo\":{\"@type\":\"ImageObject\",\"inLanguage\":\"fr-FR\",\"@id\":\"https:\/\/www.radper.com\/fr\/#\/schema\/logo\/image\/\",\"url\":\"https:\/\/radper.com\/wp-content\/uploads\/2021\/04\/logo-wide-11.png\",\"contentUrl\":\"https:\/\/radper.com\/wp-content\/uploads\/2021\/04\/logo-wide-11.png\",\"width\":250,\"height\":110,\"caption\":\"radper\"},\"image\":{\"@id\":\"https:\/\/www.radper.com\/fr\/#\/schema\/logo\/image\/\"}}]}<\/script>\n<!-- \/ Yoast SEO plugin. -->","yoast_head_json":{"title":"D\u00e9marrage manuel MS325-0.63 1SAM150000R0004 ABB - Radper","description":"Commandez et prot\u00e9gez vos moteurs avec le MS325-0.63 ABB. D\u00e9marrage manuel, protection fiable contre les surcharges et courts-circuits. 1SAM150000R0004.","robots":{"index":"index","follow":"follow","max-snippet":"max-snippet:-1","max-image-preview":"max-image-preview:large","max-video-preview":"max-video-preview:-1"},"canonical":"https:\/\/www.radper.com\/fr\/catalogues\/materiel-electrique\/protecteurs-disjoncteurs\/demarrage-manuel-du-moteur-ms325-0-63-1sam150000r0004-abb\/","og_locale":"fr_FR","og_type":"article","og_title":"D\u00e9marrage manuel MS325-0.63 1SAM150000R0004 ABB - Radper","og_description":"Commandez et prot\u00e9gez vos moteurs avec le MS325-0.63 ABB. D\u00e9marrage manuel, protection fiable contre les surcharges et courts-circuits. 1SAM150000R0004.","og_url":"https:\/\/www.radper.com\/fr\/catalogues\/materiel-electrique\/protecteurs-disjoncteurs\/demarrage-manuel-du-moteur-ms325-0-63-1sam150000r0004-abb\/","og_site_name":"Radper","article_modified_time":"2025-07-29T14:32:03+00:00","og_image":[{"width":600,"height":600,"url":"https:\/\/www.radper.com\/wp-content\/uploads\/2022\/08\/MS325-0.63.jpg","type":"image\/jpeg"}],"twitter_card":"summary_large_image","twitter_misc":{"Dur\u00e9e de lecture estim\u00e9e":"1 minute"},"schema":{"@context":"https:\/\/schema.org","@graph":[{"@type":"WebPage","@id":"https:\/\/www.radper.com\/fr\/catalogues\/materiel-electrique\/protecteurs-disjoncteurs\/demarrage-manuel-du-moteur-ms325-0-63-1sam150000r0004-abb\/","url":"https:\/\/www.radper.com\/fr\/catalogues\/materiel-electrique\/protecteurs-disjoncteurs\/demarrage-manuel-du-moteur-ms325-0-63-1sam150000r0004-abb\/","name":"D\u00e9marrage manuel MS325-0.63 1SAM150000R0004 ABB - Radper","isPartOf":{"@id":"https:\/\/www.radper.com\/fr\/#website"},"primaryImageOfPage":{"@id":"https:\/\/www.radper.com\/fr\/catalogues\/materiel-electrique\/protecteurs-disjoncteurs\/demarrage-manuel-du-moteur-ms325-0-63-1sam150000r0004-abb\/#primaryimage"},"image":{"@id":"https:\/\/www.radper.com\/fr\/catalogues\/materiel-electrique\/protecteurs-disjoncteurs\/demarrage-manuel-du-moteur-ms325-0-63-1sam150000r0004-abb\/#primaryimage"},"thumbnailUrl":"https:\/\/www.radper.com\/wp-content\/uploads\/2022\/08\/MS325-0.63.jpg","datePublished":"2022-08-22T12:26:17+00:00","dateModified":"2025-07-29T14:32:03+00:00","description":"Commandez et prot\u00e9gez vos moteurs avec le MS325-0.63 ABB. D\u00e9marrage manuel, protection fiable contre les surcharges et courts-circuits. 1SAM150000R0004.","breadcrumb":{"@id":"https:\/\/www.radper.com\/fr\/catalogues\/materiel-electrique\/protecteurs-disjoncteurs\/demarrage-manuel-du-moteur-ms325-0-63-1sam150000r0004-abb\/#breadcrumb"},"inLanguage":"fr-FR","potentialAction":[{"@type":"ReadAction","target":["https:\/\/www.radper.com\/fr\/catalogues\/materiel-electrique\/protecteurs-disjoncteurs\/demarrage-manuel-du-moteur-ms325-0-63-1sam150000r0004-abb\/"]}]},{"@type":"ImageObject","inLanguage":"fr-FR","@id":"https:\/\/www.radper.com\/fr\/catalogues\/materiel-electrique\/protecteurs-disjoncteurs\/demarrage-manuel-du-moteur-ms325-0-63-1sam150000r0004-abb\/#primaryimage","url":"https:\/\/www.radper.com\/wp-content\/uploads\/2022\/08\/MS325-0.63.jpg","contentUrl":"https:\/\/www.radper.com\/wp-content\/uploads\/2022\/08\/MS325-0.63.jpg","width":600,"height":600},{"@type":"BreadcrumbList","@id":"https:\/\/www.radper.com\/fr\/catalogues\/materiel-electrique\/protecteurs-disjoncteurs\/demarrage-manuel-du-moteur-ms325-0-63-1sam150000r0004-abb\/#breadcrumb","itemListElement":[{"@type":"ListItem","position":1,"name":"Accueil","item":"https:\/\/www.radper.com\/fr\/"},{"@type":"ListItem","position":2,"name":"Catalogue","item":"https:\/\/www.radper.com\/fr\/catalogue\/"},{"@type":"ListItem","position":3,"name":"D\u00e9marrage manuel MS325-0.63 1SAM150000R0004 ABB"}]},{"@type":"WebSite","@id":"https:\/\/www.radper.com\/fr\/#website","url":"https:\/\/www.radper.com\/fr\/","name":"Radper","description":"","publisher":{"@id":"https:\/\/www.radper.com\/fr\/#organization"},"potentialAction":[{"@type":"SearchAction","target":{"@type":"EntryPoint","urlTemplate":"https:\/\/www.radper.com\/fr\/?s={search_term_string}"},"query-input":{"@type":"PropertyValueSpecification","valueRequired":true,"valueName":"search_term_string"}}],"inLanguage":"fr-FR"},{"@type":"Organization","@id":"https:\/\/www.radper.com\/fr\/#organization","name":"radper","url":"https:\/\/www.radper.com\/fr\/","logo":{"@type":"ImageObject","inLanguage":"fr-FR","@id":"https:\/\/www.radper.com\/fr\/#\/schema\/logo\/image\/","url":"https:\/\/radper.com\/wp-content\/uploads\/2021\/04\/logo-wide-11.png","contentUrl":"https:\/\/radper.com\/wp-content\/uploads\/2021\/04\/logo-wide-11.png","width":250,"height":110,"caption":"radper"},"image":{"@id":"https:\/\/www.radper.com\/fr\/#\/schema\/logo\/image\/"}}]}},"_links":{"self":[{"href":"https:\/\/www.radper.com\/fr\/wp-json\/wp\/v2\/product\/13597","targetHints":{"allow":["GET"]}}],"collection":[{"href":"https:\/\/www.radper.com\/fr\/wp-json\/wp\/v2\/product"}],"about":[{"href":"https:\/\/www.radper.com\/fr\/wp-json\/wp\/v2\/types\/product"}],"wp:featuredmedia":[{"embeddable":true,"href":"https:\/\/www.radper.com\/fr\/wp-json\/wp\/v2\/media\/13213"}],"wp:attachment":[{"href":"https:\/\/www.radper.com\/fr\/wp-json\/wp\/v2\/media?parent=13597"}],"wp:term":[{"taxonomy":"product_brand","embeddable":true,"href":"https:\/\/www.radper.com\/fr\/wp-json\/wp\/v2\/product_brand?post=13597"},{"taxonomy":"product_cat","embeddable":true,"href":"https:\/\/www.radper.com\/fr\/wp-json\/wp\/v2\/product_cat?post=13597"},{"taxonomy":"product_tag","embeddable":true,"href":"https:\/\/www.radper.com\/fr\/wp-json\/wp\/v2\/product_tag?post=13597"}],"curies":[{"name":"wp","href":"https:\/\/api.w.org\/{rel}","templated":true}]}}