{"id":13619,"date":"2022-08-22T12:26:19","date_gmt":"2022-08-22T12:26:19","guid":{"rendered":"https:\/\/www.radper.com\/produit\/demarreur-de-moteur-manuel-abb-ms495-90\/"},"modified":"2025-03-13T01:47:47","modified_gmt":"2025-03-13T01:47:47","slug":"demarreur-de-moteur-manuel-ms495-90-1sam550000r1009-abb","status":"publish","type":"product","link":"https:\/\/www.radper.com\/fr\/catalogues\/materiel-electrique\/protecteurs-disjoncteurs\/demarreur-de-moteur-manuel-ms495-90-1sam550000r1009-abb\/","title":{"rendered":"D\u00e9marreur de moteur manuel MS495-90 1SAM550000R1009 ABB"},"content":{"rendered":"<p>Le d\u00e9part-moteur manuel MS495-90 est un appareil de 70 mm de largeur avec un courant assign\u00e9 d&#8217;emploi de Ie = 90,0 A. Cet appareil est utilis\u00e9 pour allumer et \u00e9teindre manuellement les moteurs et pour les prot\u00e9ger de mani\u00e8re fiable et sans fusible contre les courts-circuits. circuits, surcharges et d\u00e9fauts de phase. Le d\u00e9part-moteur manuel offre un pouvoir nominal de coupure en court-circuit de service Ics = 25 kA \u00e0 400 VAC et la classe de d\u00e9clenchement 10. Les autres caract\u00e9ristiques sont la fonction de d\u00e9connexion int\u00e9gr\u00e9e, la compensation de temp\u00e9rature, le m\u00e9canisme sans d\u00e9clenchement et une poign\u00e9e rotative avec un clair indication de la position de l&rsquo;interrupteur. Le d\u00e9marreur manuel de moteur convient aux applications triphas\u00e9es et monophas\u00e9es. La poign\u00e9e est verrouillable pour prot\u00e9ger contre les modifications non autoris\u00e9es<\/p>\n","protected":false},"excerpt":{"rendered":"<p>1SAM550000R1009<\/p>\n","protected":false},"featured_media":13231,"template":"","meta":{"_acf_changed":false},"product_brand":[],"product_cat":[716],"product_tag":[],"class_list":{"0":"post-13619","1":"product","2":"type-product","3":"status-publish","4":"has-post-thumbnail","6":"product_cat-protecteurs-disjoncteurs","7":"pa_marque-abb","8":"pa_tension-690-v-ac-450-v-dc","10":"first","11":"instock","12":"featured","13":"taxable","14":"shipping-taxable","15":"purchasable","16":"product-type-simple"},"acf":[],"yoast_head":"<!-- This site is optimized with the Yoast SEO plugin v26.2 - https:\/\/yoast.com\/wordpress\/plugins\/seo\/ -->\n<title>D\u00e9marreur de moteur manuel MS495-90 1SAM550000R1009 ABB - Radper<\/title>\n<meta name=\"robots\" content=\"index, follow, max-snippet:-1, max-image-preview:large, max-video-preview:-1\" \/>\n<link rel=\"canonical\" href=\"https:\/\/www.radper.com\/fr\/catalogues\/materiel-electrique\/protecteurs-disjoncteurs\/demarreur-de-moteur-manuel-ms495-90-1sam550000r1009-abb\/\" \/>\n<meta property=\"og:locale\" content=\"fr_FR\" \/>\n<meta property=\"og:type\" content=\"article\" \/>\n<meta property=\"og:title\" content=\"D\u00e9marreur de moteur manuel MS495-90 1SAM550000R1009 ABB - Radper\" \/>\n<meta property=\"og:description\" content=\"1SAM550000R1009\" \/>\n<meta property=\"og:url\" content=\"https:\/\/www.radper.com\/fr\/catalogues\/materiel-electrique\/protecteurs-disjoncteurs\/demarreur-de-moteur-manuel-ms495-90-1sam550000r1009-abb\/\" \/>\n<meta property=\"og:site_name\" content=\"Radper\" \/>\n<meta property=\"article:modified_time\" content=\"2025-03-13T01:47:47+00:00\" \/>\n<meta property=\"og:image\" content=\"https:\/\/www.radper.com\/wp-content\/uploads\/2022\/08\/MS495-90.jpg\" \/>\n\t<meta property=\"og:image:width\" content=\"600\" \/>\n\t<meta property=\"og:image:height\" content=\"600\" \/>\n\t<meta property=\"og:image:type\" content=\"image\/jpeg\" \/>\n<meta name=\"twitter:card\" content=\"summary_large_image\" \/>\n<meta name=\"twitter:label1\" content=\"Dur\u00e9e de lecture estim\u00e9e\" \/>\n\t<meta name=\"twitter:data1\" content=\"1 minute\" \/>\n<script type=\"application\/ld+json\" class=\"yoast-schema-graph\">{\"@context\":\"https:\/\/schema.org\",\"@graph\":[{\"@type\":\"WebPage\",\"@id\":\"https:\/\/www.radper.com\/fr\/catalogues\/materiel-electrique\/protecteurs-disjoncteurs\/demarreur-de-moteur-manuel-ms495-90-1sam550000r1009-abb\/\",\"url\":\"https:\/\/www.radper.com\/fr\/catalogues\/materiel-electrique\/protecteurs-disjoncteurs\/demarreur-de-moteur-manuel-ms495-90-1sam550000r1009-abb\/\",\"name\":\"D\u00e9marreur de moteur manuel MS495-90 1SAM550000R1009 ABB - Radper\",\"isPartOf\":{\"@id\":\"https:\/\/www.radper.com\/fr\/#website\"},\"primaryImageOfPage\":{\"@id\":\"https:\/\/www.radper.com\/fr\/catalogues\/materiel-electrique\/protecteurs-disjoncteurs\/demarreur-de-moteur-manuel-ms495-90-1sam550000r1009-abb\/#primaryimage\"},\"image\":{\"@id\":\"https:\/\/www.radper.com\/fr\/catalogues\/materiel-electrique\/protecteurs-disjoncteurs\/demarreur-de-moteur-manuel-ms495-90-1sam550000r1009-abb\/#primaryimage\"},\"thumbnailUrl\":\"https:\/\/www.radper.com\/wp-content\/uploads\/2022\/08\/MS495-90.jpg\",\"datePublished\":\"2022-08-22T12:26:19+00:00\",\"dateModified\":\"2025-03-13T01:47:47+00:00\",\"breadcrumb\":{\"@id\":\"https:\/\/www.radper.com\/fr\/catalogues\/materiel-electrique\/protecteurs-disjoncteurs\/demarreur-de-moteur-manuel-ms495-90-1sam550000r1009-abb\/#breadcrumb\"},\"inLanguage\":\"fr-FR\",\"potentialAction\":[{\"@type\":\"ReadAction\",\"target\":[\"https:\/\/www.radper.com\/fr\/catalogues\/materiel-electrique\/protecteurs-disjoncteurs\/demarreur-de-moteur-manuel-ms495-90-1sam550000r1009-abb\/\"]}]},{\"@type\":\"ImageObject\",\"inLanguage\":\"fr-FR\",\"@id\":\"https:\/\/www.radper.com\/fr\/catalogues\/materiel-electrique\/protecteurs-disjoncteurs\/demarreur-de-moteur-manuel-ms495-90-1sam550000r1009-abb\/#primaryimage\",\"url\":\"https:\/\/www.radper.com\/wp-content\/uploads\/2022\/08\/MS495-90.jpg\",\"contentUrl\":\"https:\/\/www.radper.com\/wp-content\/uploads\/2022\/08\/MS495-90.jpg\",\"width\":600,\"height\":600},{\"@type\":\"BreadcrumbList\",\"@id\":\"https:\/\/www.radper.com\/fr\/catalogues\/materiel-electrique\/protecteurs-disjoncteurs\/demarreur-de-moteur-manuel-ms495-90-1sam550000r1009-abb\/#breadcrumb\",\"itemListElement\":[{\"@type\":\"ListItem\",\"position\":1,\"name\":\"Accueil\",\"item\":\"https:\/\/www.radper.com\/fr\/\"},{\"@type\":\"ListItem\",\"position\":2,\"name\":\"Catalogue\",\"item\":\"https:\/\/www.radper.com\/fr\/catalogue\/\"},{\"@type\":\"ListItem\",\"position\":3,\"name\":\"D\u00e9marreur de moteur manuel MS495-90 1SAM550000R1009 ABB\"}]},{\"@type\":\"WebSite\",\"@id\":\"https:\/\/www.radper.com\/fr\/#website\",\"url\":\"https:\/\/www.radper.com\/fr\/\",\"name\":\"Radper\",\"description\":\"\",\"publisher\":{\"@id\":\"https:\/\/www.radper.com\/fr\/#organization\"},\"potentialAction\":[{\"@type\":\"SearchAction\",\"target\":{\"@type\":\"EntryPoint\",\"urlTemplate\":\"https:\/\/www.radper.com\/fr\/?s={search_term_string}\"},\"query-input\":{\"@type\":\"PropertyValueSpecification\",\"valueRequired\":true,\"valueName\":\"search_term_string\"}}],\"inLanguage\":\"fr-FR\"},{\"@type\":\"Organization\",\"@id\":\"https:\/\/www.radper.com\/fr\/#organization\",\"name\":\"radper\",\"url\":\"https:\/\/www.radper.com\/fr\/\",\"logo\":{\"@type\":\"ImageObject\",\"inLanguage\":\"fr-FR\",\"@id\":\"https:\/\/www.radper.com\/fr\/#\/schema\/logo\/image\/\",\"url\":\"https:\/\/radper.com\/wp-content\/uploads\/2021\/04\/logo-wide-11.png\",\"contentUrl\":\"https:\/\/radper.com\/wp-content\/uploads\/2021\/04\/logo-wide-11.png\",\"width\":250,\"height\":110,\"caption\":\"radper\"},\"image\":{\"@id\":\"https:\/\/www.radper.com\/fr\/#\/schema\/logo\/image\/\"}}]}<\/script>\n<!-- \/ Yoast SEO plugin. -->","yoast_head_json":{"title":"D\u00e9marreur de moteur manuel MS495-90 1SAM550000R1009 ABB - Radper","robots":{"index":"index","follow":"follow","max-snippet":"max-snippet:-1","max-image-preview":"max-image-preview:large","max-video-preview":"max-video-preview:-1"},"canonical":"https:\/\/www.radper.com\/fr\/catalogues\/materiel-electrique\/protecteurs-disjoncteurs\/demarreur-de-moteur-manuel-ms495-90-1sam550000r1009-abb\/","og_locale":"fr_FR","og_type":"article","og_title":"D\u00e9marreur de moteur manuel MS495-90 1SAM550000R1009 ABB - Radper","og_description":"1SAM550000R1009","og_url":"https:\/\/www.radper.com\/fr\/catalogues\/materiel-electrique\/protecteurs-disjoncteurs\/demarreur-de-moteur-manuel-ms495-90-1sam550000r1009-abb\/","og_site_name":"Radper","article_modified_time":"2025-03-13T01:47:47+00:00","og_image":[{"width":600,"height":600,"url":"https:\/\/www.radper.com\/wp-content\/uploads\/2022\/08\/MS495-90.jpg","type":"image\/jpeg"}],"twitter_card":"summary_large_image","twitter_misc":{"Dur\u00e9e de lecture estim\u00e9e":"1 minute"},"schema":{"@context":"https:\/\/schema.org","@graph":[{"@type":"WebPage","@id":"https:\/\/www.radper.com\/fr\/catalogues\/materiel-electrique\/protecteurs-disjoncteurs\/demarreur-de-moteur-manuel-ms495-90-1sam550000r1009-abb\/","url":"https:\/\/www.radper.com\/fr\/catalogues\/materiel-electrique\/protecteurs-disjoncteurs\/demarreur-de-moteur-manuel-ms495-90-1sam550000r1009-abb\/","name":"D\u00e9marreur de moteur manuel MS495-90 1SAM550000R1009 ABB - Radper","isPartOf":{"@id":"https:\/\/www.radper.com\/fr\/#website"},"primaryImageOfPage":{"@id":"https:\/\/www.radper.com\/fr\/catalogues\/materiel-electrique\/protecteurs-disjoncteurs\/demarreur-de-moteur-manuel-ms495-90-1sam550000r1009-abb\/#primaryimage"},"image":{"@id":"https:\/\/www.radper.com\/fr\/catalogues\/materiel-electrique\/protecteurs-disjoncteurs\/demarreur-de-moteur-manuel-ms495-90-1sam550000r1009-abb\/#primaryimage"},"thumbnailUrl":"https:\/\/www.radper.com\/wp-content\/uploads\/2022\/08\/MS495-90.jpg","datePublished":"2022-08-22T12:26:19+00:00","dateModified":"2025-03-13T01:47:47+00:00","breadcrumb":{"@id":"https:\/\/www.radper.com\/fr\/catalogues\/materiel-electrique\/protecteurs-disjoncteurs\/demarreur-de-moteur-manuel-ms495-90-1sam550000r1009-abb\/#breadcrumb"},"inLanguage":"fr-FR","potentialAction":[{"@type":"ReadAction","target":["https:\/\/www.radper.com\/fr\/catalogues\/materiel-electrique\/protecteurs-disjoncteurs\/demarreur-de-moteur-manuel-ms495-90-1sam550000r1009-abb\/"]}]},{"@type":"ImageObject","inLanguage":"fr-FR","@id":"https:\/\/www.radper.com\/fr\/catalogues\/materiel-electrique\/protecteurs-disjoncteurs\/demarreur-de-moteur-manuel-ms495-90-1sam550000r1009-abb\/#primaryimage","url":"https:\/\/www.radper.com\/wp-content\/uploads\/2022\/08\/MS495-90.jpg","contentUrl":"https:\/\/www.radper.com\/wp-content\/uploads\/2022\/08\/MS495-90.jpg","width":600,"height":600},{"@type":"BreadcrumbList","@id":"https:\/\/www.radper.com\/fr\/catalogues\/materiel-electrique\/protecteurs-disjoncteurs\/demarreur-de-moteur-manuel-ms495-90-1sam550000r1009-abb\/#breadcrumb","itemListElement":[{"@type":"ListItem","position":1,"name":"Accueil","item":"https:\/\/www.radper.com\/fr\/"},{"@type":"ListItem","position":2,"name":"Catalogue","item":"https:\/\/www.radper.com\/fr\/catalogue\/"},{"@type":"ListItem","position":3,"name":"D\u00e9marreur de moteur manuel MS495-90 1SAM550000R1009 ABB"}]},{"@type":"WebSite","@id":"https:\/\/www.radper.com\/fr\/#website","url":"https:\/\/www.radper.com\/fr\/","name":"Radper","description":"","publisher":{"@id":"https:\/\/www.radper.com\/fr\/#organization"},"potentialAction":[{"@type":"SearchAction","target":{"@type":"EntryPoint","urlTemplate":"https:\/\/www.radper.com\/fr\/?s={search_term_string}"},"query-input":{"@type":"PropertyValueSpecification","valueRequired":true,"valueName":"search_term_string"}}],"inLanguage":"fr-FR"},{"@type":"Organization","@id":"https:\/\/www.radper.com\/fr\/#organization","name":"radper","url":"https:\/\/www.radper.com\/fr\/","logo":{"@type":"ImageObject","inLanguage":"fr-FR","@id":"https:\/\/www.radper.com\/fr\/#\/schema\/logo\/image\/","url":"https:\/\/radper.com\/wp-content\/uploads\/2021\/04\/logo-wide-11.png","contentUrl":"https:\/\/radper.com\/wp-content\/uploads\/2021\/04\/logo-wide-11.png","width":250,"height":110,"caption":"radper"},"image":{"@id":"https:\/\/www.radper.com\/fr\/#\/schema\/logo\/image\/"}}]}},"_links":{"self":[{"href":"https:\/\/www.radper.com\/fr\/wp-json\/wp\/v2\/product\/13619","targetHints":{"allow":["GET"]}}],"collection":[{"href":"https:\/\/www.radper.com\/fr\/wp-json\/wp\/v2\/product"}],"about":[{"href":"https:\/\/www.radper.com\/fr\/wp-json\/wp\/v2\/types\/product"}],"wp:featuredmedia":[{"embeddable":true,"href":"https:\/\/www.radper.com\/fr\/wp-json\/wp\/v2\/media\/13231"}],"wp:attachment":[{"href":"https:\/\/www.radper.com\/fr\/wp-json\/wp\/v2\/media?parent=13619"}],"wp:term":[{"taxonomy":"product_brand","embeddable":true,"href":"https:\/\/www.radper.com\/fr\/wp-json\/wp\/v2\/product_brand?post=13619"},{"taxonomy":"product_cat","embeddable":true,"href":"https:\/\/www.radper.com\/fr\/wp-json\/wp\/v2\/product_cat?post=13619"},{"taxonomy":"product_tag","embeddable":true,"href":"https:\/\/www.radper.com\/fr\/wp-json\/wp\/v2\/product_tag?post=13619"}],"curies":[{"name":"wp","href":"https:\/\/api.w.org\/{rel}","templated":true}]}}