{"id":13640,"date":"2022-08-22T12:26:22","date_gmt":"2022-08-22T12:26:22","guid":{"rendered":"https:\/\/www.radper.com\/produit\/connecteur-industriel-abb-6h-16a-ip44-3pe-415v-332ram6\/"},"modified":"2023-10-25T19:03:09","modified_gmt":"2023-10-25T19:03:09","slug":"connecteur-industriel-abb-6h-16a-ip44-3pe-415v-3-32ram6-2cma170012r1000","status":"publish","type":"product","link":"https:\/\/www.radper.com\/fr\/catalogues\/materiel-electrique\/prises-de-courant-industrielles\/connecteur-industriel-abb-6h-16a-ip44-3pe-415v-3-32ram6-2cma170012r1000\/","title":{"rendered":"Connecteur industriel ABB, 6h, 16A, IP44, 3P+E, 415V, 332RAM6 2CMA170012R1000"},"content":{"rendered":"<p>Prise encastrable, douille de mise \u00e0 la terre position 6h, courant nominal 16A, IP44 \u00e9tanche aux \u00e9claboussures, bride minimis\u00e9e, coud\u00e9e, 3 p\u00f4les+terre, fr\u00e9quence 50-60 Hz, code couleur Rouge<\/p>\n","protected":false},"excerpt":{"rendered":"<p>2CMA170012R1000<\/p>\n","protected":false},"featured_media":13274,"template":"","meta":{"_acf_changed":false},"product_brand":[],"product_cat":[795],"product_tag":[],"class_list":{"0":"post-13640","1":"product","2":"type-product","3":"status-publish","4":"has-post-thumbnail","6":"product_cat-prises-de-courant-industrielles","7":"pa_marque-abb","8":"pa_tension-380-415-v-2","10":"first","11":"instock","12":"featured","13":"taxable","14":"shipping-taxable","15":"purchasable","16":"product-type-simple"},"acf":[],"yoast_head":"<!-- This site is optimized with the Yoast SEO plugin v26.2 - https:\/\/yoast.com\/wordpress\/plugins\/seo\/ -->\n<title>Connecteur industriel ABB, 6h, 16A, IP44, 3P+E, 415V, 332RAM6 2CMA170012R1000 - Radper<\/title>\n<meta name=\"robots\" content=\"index, follow, max-snippet:-1, max-image-preview:large, max-video-preview:-1\" \/>\n<link rel=\"canonical\" href=\"https:\/\/www.radper.com\/fr\/catalogues\/materiel-electrique\/prises-de-courant-industrielles\/connecteur-industriel-abb-6h-16a-ip44-3pe-415v-3-32ram6-2cma170012r1000\/\" \/>\n<meta property=\"og:locale\" content=\"fr_FR\" \/>\n<meta property=\"og:type\" content=\"article\" \/>\n<meta property=\"og:title\" content=\"Connecteur industriel ABB, 6h, 16A, IP44, 3P+E, 415V, 332RAM6 2CMA170012R1000 - Radper\" \/>\n<meta property=\"og:description\" content=\"2CMA170012R1000\" \/>\n<meta property=\"og:url\" content=\"https:\/\/www.radper.com\/fr\/catalogues\/materiel-electrique\/prises-de-courant-industrielles\/connecteur-industriel-abb-6h-16a-ip44-3pe-415v-3-32ram6-2cma170012r1000\/\" \/>\n<meta property=\"og:site_name\" content=\"Radper\" \/>\n<meta property=\"article:modified_time\" content=\"2023-10-25T19:03:09+00:00\" \/>\n<meta property=\"og:image\" content=\"https:\/\/www.radper.com\/wp-content\/uploads\/2022\/08\/316RAM6.jpg\" \/>\n\t<meta property=\"og:image:width\" content=\"600\" \/>\n\t<meta property=\"og:image:height\" content=\"600\" \/>\n\t<meta property=\"og:image:type\" content=\"image\/jpeg\" \/>\n<meta name=\"twitter:card\" content=\"summary_large_image\" \/>\n<script type=\"application\/ld+json\" class=\"yoast-schema-graph\">{\"@context\":\"https:\/\/schema.org\",\"@graph\":[{\"@type\":\"WebPage\",\"@id\":\"https:\/\/www.radper.com\/fr\/catalogues\/materiel-electrique\/prises-de-courant-industrielles\/connecteur-industriel-abb-6h-16a-ip44-3pe-415v-3-32ram6-2cma170012r1000\/\",\"url\":\"https:\/\/www.radper.com\/fr\/catalogues\/materiel-electrique\/prises-de-courant-industrielles\/connecteur-industriel-abb-6h-16a-ip44-3pe-415v-3-32ram6-2cma170012r1000\/\",\"name\":\"Connecteur industriel ABB, 6h, 16A, IP44, 3P+E, 415V, 332RAM6 2CMA170012R1000 - Radper\",\"isPartOf\":{\"@id\":\"https:\/\/www.radper.com\/fr\/#website\"},\"primaryImageOfPage\":{\"@id\":\"https:\/\/www.radper.com\/fr\/catalogues\/materiel-electrique\/prises-de-courant-industrielles\/connecteur-industriel-abb-6h-16a-ip44-3pe-415v-3-32ram6-2cma170012r1000\/#primaryimage\"},\"image\":{\"@id\":\"https:\/\/www.radper.com\/fr\/catalogues\/materiel-electrique\/prises-de-courant-industrielles\/connecteur-industriel-abb-6h-16a-ip44-3pe-415v-3-32ram6-2cma170012r1000\/#primaryimage\"},\"thumbnailUrl\":\"https:\/\/www.radper.com\/wp-content\/uploads\/2022\/08\/316RAM6.jpg\",\"datePublished\":\"2022-08-22T12:26:22+00:00\",\"dateModified\":\"2023-10-25T19:03:09+00:00\",\"breadcrumb\":{\"@id\":\"https:\/\/www.radper.com\/fr\/catalogues\/materiel-electrique\/prises-de-courant-industrielles\/connecteur-industriel-abb-6h-16a-ip44-3pe-415v-3-32ram6-2cma170012r1000\/#breadcrumb\"},\"inLanguage\":\"fr-FR\",\"potentialAction\":[{\"@type\":\"ReadAction\",\"target\":[\"https:\/\/www.radper.com\/fr\/catalogues\/materiel-electrique\/prises-de-courant-industrielles\/connecteur-industriel-abb-6h-16a-ip44-3pe-415v-3-32ram6-2cma170012r1000\/\"]}]},{\"@type\":\"ImageObject\",\"inLanguage\":\"fr-FR\",\"@id\":\"https:\/\/www.radper.com\/fr\/catalogues\/materiel-electrique\/prises-de-courant-industrielles\/connecteur-industriel-abb-6h-16a-ip44-3pe-415v-3-32ram6-2cma170012r1000\/#primaryimage\",\"url\":\"https:\/\/www.radper.com\/wp-content\/uploads\/2022\/08\/316RAM6.jpg\",\"contentUrl\":\"https:\/\/www.radper.com\/wp-content\/uploads\/2022\/08\/316RAM6.jpg\",\"width\":600,\"height\":600},{\"@type\":\"BreadcrumbList\",\"@id\":\"https:\/\/www.radper.com\/fr\/catalogues\/materiel-electrique\/prises-de-courant-industrielles\/connecteur-industriel-abb-6h-16a-ip44-3pe-415v-3-32ram6-2cma170012r1000\/#breadcrumb\",\"itemListElement\":[{\"@type\":\"ListItem\",\"position\":1,\"name\":\"Accueil\",\"item\":\"https:\/\/www.radper.com\/fr\/\"},{\"@type\":\"ListItem\",\"position\":2,\"name\":\"Catalogue\",\"item\":\"https:\/\/www.radper.com\/fr\/catalogue\/\"},{\"@type\":\"ListItem\",\"position\":3,\"name\":\"Connecteur industriel ABB, 6h, 16A, IP44, 3P+E, 415V, 332RAM6 2CMA170012R1000\"}]},{\"@type\":\"WebSite\",\"@id\":\"https:\/\/www.radper.com\/fr\/#website\",\"url\":\"https:\/\/www.radper.com\/fr\/\",\"name\":\"Radper\",\"description\":\"\",\"publisher\":{\"@id\":\"https:\/\/www.radper.com\/fr\/#organization\"},\"potentialAction\":[{\"@type\":\"SearchAction\",\"target\":{\"@type\":\"EntryPoint\",\"urlTemplate\":\"https:\/\/www.radper.com\/fr\/?s={search_term_string}\"},\"query-input\":{\"@type\":\"PropertyValueSpecification\",\"valueRequired\":true,\"valueName\":\"search_term_string\"}}],\"inLanguage\":\"fr-FR\"},{\"@type\":\"Organization\",\"@id\":\"https:\/\/www.radper.com\/fr\/#organization\",\"name\":\"radper\",\"url\":\"https:\/\/www.radper.com\/fr\/\",\"logo\":{\"@type\":\"ImageObject\",\"inLanguage\":\"fr-FR\",\"@id\":\"https:\/\/www.radper.com\/fr\/#\/schema\/logo\/image\/\",\"url\":\"https:\/\/radper.com\/wp-content\/uploads\/2021\/04\/logo-wide-11.png\",\"contentUrl\":\"https:\/\/radper.com\/wp-content\/uploads\/2021\/04\/logo-wide-11.png\",\"width\":250,\"height\":110,\"caption\":\"radper\"},\"image\":{\"@id\":\"https:\/\/www.radper.com\/fr\/#\/schema\/logo\/image\/\"}}]}<\/script>\n<!-- \/ Yoast SEO plugin. -->","yoast_head_json":{"title":"Connecteur industriel ABB, 6h, 16A, IP44, 3P+E, 415V, 332RAM6 2CMA170012R1000 - Radper","robots":{"index":"index","follow":"follow","max-snippet":"max-snippet:-1","max-image-preview":"max-image-preview:large","max-video-preview":"max-video-preview:-1"},"canonical":"https:\/\/www.radper.com\/fr\/catalogues\/materiel-electrique\/prises-de-courant-industrielles\/connecteur-industriel-abb-6h-16a-ip44-3pe-415v-3-32ram6-2cma170012r1000\/","og_locale":"fr_FR","og_type":"article","og_title":"Connecteur industriel ABB, 6h, 16A, IP44, 3P+E, 415V, 332RAM6 2CMA170012R1000 - Radper","og_description":"2CMA170012R1000","og_url":"https:\/\/www.radper.com\/fr\/catalogues\/materiel-electrique\/prises-de-courant-industrielles\/connecteur-industriel-abb-6h-16a-ip44-3pe-415v-3-32ram6-2cma170012r1000\/","og_site_name":"Radper","article_modified_time":"2023-10-25T19:03:09+00:00","og_image":[{"width":600,"height":600,"url":"https:\/\/www.radper.com\/wp-content\/uploads\/2022\/08\/316RAM6.jpg","type":"image\/jpeg"}],"twitter_card":"summary_large_image","schema":{"@context":"https:\/\/schema.org","@graph":[{"@type":"WebPage","@id":"https:\/\/www.radper.com\/fr\/catalogues\/materiel-electrique\/prises-de-courant-industrielles\/connecteur-industriel-abb-6h-16a-ip44-3pe-415v-3-32ram6-2cma170012r1000\/","url":"https:\/\/www.radper.com\/fr\/catalogues\/materiel-electrique\/prises-de-courant-industrielles\/connecteur-industriel-abb-6h-16a-ip44-3pe-415v-3-32ram6-2cma170012r1000\/","name":"Connecteur industriel ABB, 6h, 16A, IP44, 3P+E, 415V, 332RAM6 2CMA170012R1000 - Radper","isPartOf":{"@id":"https:\/\/www.radper.com\/fr\/#website"},"primaryImageOfPage":{"@id":"https:\/\/www.radper.com\/fr\/catalogues\/materiel-electrique\/prises-de-courant-industrielles\/connecteur-industriel-abb-6h-16a-ip44-3pe-415v-3-32ram6-2cma170012r1000\/#primaryimage"},"image":{"@id":"https:\/\/www.radper.com\/fr\/catalogues\/materiel-electrique\/prises-de-courant-industrielles\/connecteur-industriel-abb-6h-16a-ip44-3pe-415v-3-32ram6-2cma170012r1000\/#primaryimage"},"thumbnailUrl":"https:\/\/www.radper.com\/wp-content\/uploads\/2022\/08\/316RAM6.jpg","datePublished":"2022-08-22T12:26:22+00:00","dateModified":"2023-10-25T19:03:09+00:00","breadcrumb":{"@id":"https:\/\/www.radper.com\/fr\/catalogues\/materiel-electrique\/prises-de-courant-industrielles\/connecteur-industriel-abb-6h-16a-ip44-3pe-415v-3-32ram6-2cma170012r1000\/#breadcrumb"},"inLanguage":"fr-FR","potentialAction":[{"@type":"ReadAction","target":["https:\/\/www.radper.com\/fr\/catalogues\/materiel-electrique\/prises-de-courant-industrielles\/connecteur-industriel-abb-6h-16a-ip44-3pe-415v-3-32ram6-2cma170012r1000\/"]}]},{"@type":"ImageObject","inLanguage":"fr-FR","@id":"https:\/\/www.radper.com\/fr\/catalogues\/materiel-electrique\/prises-de-courant-industrielles\/connecteur-industriel-abb-6h-16a-ip44-3pe-415v-3-32ram6-2cma170012r1000\/#primaryimage","url":"https:\/\/www.radper.com\/wp-content\/uploads\/2022\/08\/316RAM6.jpg","contentUrl":"https:\/\/www.radper.com\/wp-content\/uploads\/2022\/08\/316RAM6.jpg","width":600,"height":600},{"@type":"BreadcrumbList","@id":"https:\/\/www.radper.com\/fr\/catalogues\/materiel-electrique\/prises-de-courant-industrielles\/connecteur-industriel-abb-6h-16a-ip44-3pe-415v-3-32ram6-2cma170012r1000\/#breadcrumb","itemListElement":[{"@type":"ListItem","position":1,"name":"Accueil","item":"https:\/\/www.radper.com\/fr\/"},{"@type":"ListItem","position":2,"name":"Catalogue","item":"https:\/\/www.radper.com\/fr\/catalogue\/"},{"@type":"ListItem","position":3,"name":"Connecteur industriel ABB, 6h, 16A, IP44, 3P+E, 415V, 332RAM6 2CMA170012R1000"}]},{"@type":"WebSite","@id":"https:\/\/www.radper.com\/fr\/#website","url":"https:\/\/www.radper.com\/fr\/","name":"Radper","description":"","publisher":{"@id":"https:\/\/www.radper.com\/fr\/#organization"},"potentialAction":[{"@type":"SearchAction","target":{"@type":"EntryPoint","urlTemplate":"https:\/\/www.radper.com\/fr\/?s={search_term_string}"},"query-input":{"@type":"PropertyValueSpecification","valueRequired":true,"valueName":"search_term_string"}}],"inLanguage":"fr-FR"},{"@type":"Organization","@id":"https:\/\/www.radper.com\/fr\/#organization","name":"radper","url":"https:\/\/www.radper.com\/fr\/","logo":{"@type":"ImageObject","inLanguage":"fr-FR","@id":"https:\/\/www.radper.com\/fr\/#\/schema\/logo\/image\/","url":"https:\/\/radper.com\/wp-content\/uploads\/2021\/04\/logo-wide-11.png","contentUrl":"https:\/\/radper.com\/wp-content\/uploads\/2021\/04\/logo-wide-11.png","width":250,"height":110,"caption":"radper"},"image":{"@id":"https:\/\/www.radper.com\/fr\/#\/schema\/logo\/image\/"}}]}},"_links":{"self":[{"href":"https:\/\/www.radper.com\/fr\/wp-json\/wp\/v2\/product\/13640","targetHints":{"allow":["GET"]}}],"collection":[{"href":"https:\/\/www.radper.com\/fr\/wp-json\/wp\/v2\/product"}],"about":[{"href":"https:\/\/www.radper.com\/fr\/wp-json\/wp\/v2\/types\/product"}],"wp:featuredmedia":[{"embeddable":true,"href":"https:\/\/www.radper.com\/fr\/wp-json\/wp\/v2\/media\/13274"}],"wp:attachment":[{"href":"https:\/\/www.radper.com\/fr\/wp-json\/wp\/v2\/media?parent=13640"}],"wp:term":[{"taxonomy":"product_brand","embeddable":true,"href":"https:\/\/www.radper.com\/fr\/wp-json\/wp\/v2\/product_brand?post=13640"},{"taxonomy":"product_cat","embeddable":true,"href":"https:\/\/www.radper.com\/fr\/wp-json\/wp\/v2\/product_cat?post=13640"},{"taxonomy":"product_tag","embeddable":true,"href":"https:\/\/www.radper.com\/fr\/wp-json\/wp\/v2\/product_tag?post=13640"}],"curies":[{"name":"wp","href":"https:\/\/api.w.org\/{rel}","templated":true}]}}