{"id":13692,"date":"2022-08-23T10:28:33","date_gmt":"2022-08-23T10:28:33","guid":{"rendered":"https:\/\/www.radper.com\/produit\/disjoncteur-miniature-chint-nbh8-40-c16-16-a-1p-n-courbe-c\/"},"modified":"2025-08-06T13:42:18","modified_gmt":"2025-08-06T13:42:18","slug":"disjoncteur-miniature-16-a-1p-nbh8-40-190238-chint","status":"publish","type":"product","link":"https:\/\/www.radper.com\/fr\/catalogues\/materiel-electrique\/protecteurs-disjoncteurs\/disjoncteur-miniature-16-a-1p-nbh8-40-190238-chint\/","title":{"rendered":"Disjoncteur NBH8-40 1P+N 25A Courbe C 4.5kA \/ 190238 CHINT"},"content":{"rendered":"<h2 data-start=\"130\" data-end=\"199\">Disjoncteur miniature CHINT NBH8-40\/C25-1PN-4,5<\/h2>\n<h3 data-start=\"201\" data-end=\"266\">Disjoncteur 1P+N 25 A 4.5 kA courbe C \u2013 s\u00e9rie NBH8-40 \u2013 CHINT<\/h3>\n<p data-start=\"268\" data-end=\"615\">Le disjoncteur <strong data-start=\"283\" data-end=\"306\">NBH8-40\/C25-1PN-4,5<\/strong> de <strong data-start=\"310\" data-end=\"319\">CHINT<\/strong> est un disjoncteur miniature compact, con\u00e7u pour s\u2019int\u00e9grer parfaitement dans un seul module DIN (18 mm). Id\u00e9al pour la <strong data-start=\"440\" data-end=\"477\">protection des circuits terminaux<\/strong> dans les installations r\u00e9sidentielles et tertiaires, il offre une s\u00e9curit\u00e9 efficace contre les <strong data-start=\"573\" data-end=\"592\">courts-circuits<\/strong> et les <strong data-start=\"600\" data-end=\"614\">surcharges<\/strong>.<\/p>\n<p data-start=\"617\" data-end=\"933\">Dot\u00e9 d\u2019un <strong data-start=\"627\" data-end=\"659\">pouvoir de coupure de 4,5 kA<\/strong>, ce disjoncteur \u00e0 <strong data-start=\"678\" data-end=\"686\">1P+N<\/strong> est conforme \u00e0 la norme <strong data-start=\"711\" data-end=\"729\">IEC\/EN 60898-1<\/strong>. Il est param\u00e9tr\u00e9 avec une <strong data-start=\"757\" data-end=\"796\">courbe de d\u00e9clenchement C (5\u201310 In)<\/strong>, adapt\u00e9e aux <strong data-start=\"810\" data-end=\"871\">charges r\u00e9sistives ou inductives \u00e0 faible courant d\u2019appel<\/strong>, comme les circuits d\u2019\u00e9clairage, prises, petits moteurs, etc.<\/p>\n<h3 data-start=\"935\" data-end=\"964\">Fonctions principales :<\/h3>\n<ul data-start=\"966\" data-end=\"1293\">\n<li data-start=\"966\" data-end=\"1027\">\n<p data-start=\"968\" data-end=\"1027\">Protection contre les <strong data-start=\"990\" data-end=\"1009\">courts-circuits<\/strong> et <strong data-start=\"1013\" data-end=\"1027\">surcharges<\/strong><\/p>\n<\/li>\n<li data-start=\"1028\" data-end=\"1074\">\n<p data-start=\"1030\" data-end=\"1074\"><strong data-start=\"1030\" data-end=\"1046\">Interrupteur<\/strong> et <strong data-start=\"1050\" data-end=\"1074\">fonction d\u2019isolement<\/strong><\/p>\n<\/li>\n<li data-start=\"1075\" data-end=\"1149\">\n<p data-start=\"1077\" data-end=\"1149\"><strong data-start=\"1077\" data-end=\"1089\">Courbe C<\/strong> : id\u00e9ale pour les charges usuelles \u00e0 faible courant d\u2019appel<\/p>\n<\/li>\n<li data-start=\"1150\" data-end=\"1183\">\n<p data-start=\"1152\" data-end=\"1183\"><strong data-start=\"1152\" data-end=\"1170\">Format compact<\/strong> 1 module DIN<\/p>\n<\/li>\n<li data-start=\"1184\" data-end=\"1293\">\n<p data-start=\"1186\" data-end=\"1293\"><strong data-start=\"1186\" data-end=\"1213\">Accessoires compatibles<\/strong> : contacts auxiliaires, alarme, bobine de d\u00e9clenchement ou \u00e0 minimum de tension<\/p>\n<\/li>\n<\/ul>\n<p class=\"pf0\"><strong><span class=\"cf0\">\u27a1\ufe0f<\/span><span class=\"cf1\">\u00a0Proposez-vous des devis personnalis\u00e9s ?<\/span><\/strong><\/p>\n<p class=\"pf0\"><span class=\"cf2\">Oui, Radper vous offre des devis gratuits sur mesure.<\/span><\/p>\n<p class=\"pf0\"><span class=\"cf3\">\u27a4<\/span><a href=\"https:\/\/www.radper.com\/fr\/demande-de-devis\/\"><span class=\"cf4\">\u00a0Demander un devis ici<\/span><\/a><\/p>\n","protected":false},"excerpt":{"rendered":"<p>NBH8-40 \/ 190238<\/p>\n","protected":false},"featured_media":45031,"template":"","meta":{"_acf_changed":false},"product_brand":[],"product_cat":[716],"product_tag":[],"class_list":{"0":"post-13692","1":"product","2":"type-product","3":"status-publish","4":"has-post-thumbnail","6":"product_cat-protecteurs-disjoncteurs","7":"pa_marque-chint","8":"pa_tension-230v","10":"first","11":"instock","12":"featured","13":"taxable","14":"shipping-taxable","15":"purchasable","16":"product-type-simple"},"acf":[],"yoast_head":"<!-- This site is optimized with the Yoast SEO plugin v26.2 - https:\/\/yoast.com\/wordpress\/plugins\/seo\/ -->\n<title>Disjoncteur NBH8-40 1P+N 25A Courbe C 4.5kA \/ 190238 CHINT - Radper<\/title>\n<meta name=\"description\" content=\"Disjoncteur miniature CHINT NBH8-40\/C25-1PN-4,5 : 25 A, 1P+N, courbe C, 4.5 kA, 230 V. Protection contre surcharge et court-circuit. Format 1 module DIN.\" \/>\n<meta name=\"robots\" content=\"index, follow, max-snippet:-1, max-image-preview:large, max-video-preview:-1\" \/>\n<link rel=\"canonical\" href=\"https:\/\/www.radper.com\/fr\/catalogues\/materiel-electrique\/protecteurs-disjoncteurs\/disjoncteur-miniature-16-a-1p-nbh8-40-190238-chint\/\" \/>\n<meta property=\"og:locale\" content=\"fr_FR\" \/>\n<meta property=\"og:type\" content=\"article\" \/>\n<meta property=\"og:title\" content=\"Disjoncteur NBH8-40 1P+N 25A Courbe C 4.5kA \/ 190238 CHINT - Radper\" \/>\n<meta property=\"og:description\" content=\"Disjoncteur miniature CHINT NBH8-40\/C25-1PN-4,5 : 25 A, 1P+N, courbe C, 4.5 kA, 230 V. Protection contre surcharge et court-circuit. Format 1 module DIN.\" \/>\n<meta property=\"og:url\" content=\"https:\/\/www.radper.com\/fr\/catalogues\/materiel-electrique\/protecteurs-disjoncteurs\/disjoncteur-miniature-16-a-1p-nbh8-40-190238-chint\/\" \/>\n<meta property=\"og:site_name\" content=\"Radper\" \/>\n<meta property=\"article:modified_time\" content=\"2025-08-06T13:42:18+00:00\" \/>\n<meta property=\"og:image\" content=\"https:\/\/www.radper.com\/wp-content\/uploads\/2022\/08\/NBH8-40-190238-CHINT.png\" \/>\n\t<meta property=\"og:image:width\" content=\"600\" \/>\n\t<meta property=\"og:image:height\" content=\"600\" \/>\n\t<meta property=\"og:image:type\" content=\"image\/png\" \/>\n<meta name=\"twitter:card\" content=\"summary_large_image\" \/>\n<meta name=\"twitter:label1\" content=\"Dur\u00e9e de lecture estim\u00e9e\" \/>\n\t<meta name=\"twitter:data1\" content=\"2 minutes\" \/>\n<script type=\"application\/ld+json\" class=\"yoast-schema-graph\">{\"@context\":\"https:\/\/schema.org\",\"@graph\":[{\"@type\":\"WebPage\",\"@id\":\"https:\/\/www.radper.com\/fr\/catalogues\/materiel-electrique\/protecteurs-disjoncteurs\/disjoncteur-miniature-16-a-1p-nbh8-40-190238-chint\/\",\"url\":\"https:\/\/www.radper.com\/fr\/catalogues\/materiel-electrique\/protecteurs-disjoncteurs\/disjoncteur-miniature-16-a-1p-nbh8-40-190238-chint\/\",\"name\":\"Disjoncteur NBH8-40 1P+N 25A Courbe C 4.5kA \/ 190238 CHINT - Radper\",\"isPartOf\":{\"@id\":\"https:\/\/www.radper.com\/fr\/#website\"},\"primaryImageOfPage\":{\"@id\":\"https:\/\/www.radper.com\/fr\/catalogues\/materiel-electrique\/protecteurs-disjoncteurs\/disjoncteur-miniature-16-a-1p-nbh8-40-190238-chint\/#primaryimage\"},\"image\":{\"@id\":\"https:\/\/www.radper.com\/fr\/catalogues\/materiel-electrique\/protecteurs-disjoncteurs\/disjoncteur-miniature-16-a-1p-nbh8-40-190238-chint\/#primaryimage\"},\"thumbnailUrl\":\"https:\/\/www.radper.com\/wp-content\/uploads\/2022\/08\/NBH8-40-190238-CHINT.png\",\"datePublished\":\"2022-08-23T10:28:33+00:00\",\"dateModified\":\"2025-08-06T13:42:18+00:00\",\"description\":\"Disjoncteur miniature CHINT NBH8-40\/C25-1PN-4,5 : 25 A, 1P+N, courbe C, 4.5 kA, 230 V. Protection contre surcharge et court-circuit. Format 1 module DIN.\",\"breadcrumb\":{\"@id\":\"https:\/\/www.radper.com\/fr\/catalogues\/materiel-electrique\/protecteurs-disjoncteurs\/disjoncteur-miniature-16-a-1p-nbh8-40-190238-chint\/#breadcrumb\"},\"inLanguage\":\"fr-FR\",\"potentialAction\":[{\"@type\":\"ReadAction\",\"target\":[\"https:\/\/www.radper.com\/fr\/catalogues\/materiel-electrique\/protecteurs-disjoncteurs\/disjoncteur-miniature-16-a-1p-nbh8-40-190238-chint\/\"]}]},{\"@type\":\"ImageObject\",\"inLanguage\":\"fr-FR\",\"@id\":\"https:\/\/www.radper.com\/fr\/catalogues\/materiel-electrique\/protecteurs-disjoncteurs\/disjoncteur-miniature-16-a-1p-nbh8-40-190238-chint\/#primaryimage\",\"url\":\"https:\/\/www.radper.com\/wp-content\/uploads\/2022\/08\/NBH8-40-190238-CHINT.png\",\"contentUrl\":\"https:\/\/www.radper.com\/wp-content\/uploads\/2022\/08\/NBH8-40-190238-CHINT.png\",\"width\":600,\"height\":600},{\"@type\":\"BreadcrumbList\",\"@id\":\"https:\/\/www.radper.com\/fr\/catalogues\/materiel-electrique\/protecteurs-disjoncteurs\/disjoncteur-miniature-16-a-1p-nbh8-40-190238-chint\/#breadcrumb\",\"itemListElement\":[{\"@type\":\"ListItem\",\"position\":1,\"name\":\"Accueil\",\"item\":\"https:\/\/www.radper.com\/fr\/\"},{\"@type\":\"ListItem\",\"position\":2,\"name\":\"Catalogue\",\"item\":\"https:\/\/www.radper.com\/fr\/catalogue\/\"},{\"@type\":\"ListItem\",\"position\":3,\"name\":\"Disjoncteur NBH8-40 1P+N 25A Courbe C 4.5kA \/ 190238 CHINT\"}]},{\"@type\":\"WebSite\",\"@id\":\"https:\/\/www.radper.com\/fr\/#website\",\"url\":\"https:\/\/www.radper.com\/fr\/\",\"name\":\"Radper\",\"description\":\"\",\"publisher\":{\"@id\":\"https:\/\/www.radper.com\/fr\/#organization\"},\"potentialAction\":[{\"@type\":\"SearchAction\",\"target\":{\"@type\":\"EntryPoint\",\"urlTemplate\":\"https:\/\/www.radper.com\/fr\/?s={search_term_string}\"},\"query-input\":{\"@type\":\"PropertyValueSpecification\",\"valueRequired\":true,\"valueName\":\"search_term_string\"}}],\"inLanguage\":\"fr-FR\"},{\"@type\":\"Organization\",\"@id\":\"https:\/\/www.radper.com\/fr\/#organization\",\"name\":\"radper\",\"url\":\"https:\/\/www.radper.com\/fr\/\",\"logo\":{\"@type\":\"ImageObject\",\"inLanguage\":\"fr-FR\",\"@id\":\"https:\/\/www.radper.com\/fr\/#\/schema\/logo\/image\/\",\"url\":\"https:\/\/radper.com\/wp-content\/uploads\/2021\/04\/logo-wide-11.png\",\"contentUrl\":\"https:\/\/radper.com\/wp-content\/uploads\/2021\/04\/logo-wide-11.png\",\"width\":250,\"height\":110,\"caption\":\"radper\"},\"image\":{\"@id\":\"https:\/\/www.radper.com\/fr\/#\/schema\/logo\/image\/\"}}]}<\/script>\n<!-- \/ Yoast SEO plugin. -->","yoast_head_json":{"title":"Disjoncteur NBH8-40 1P+N 25A Courbe C 4.5kA \/ 190238 CHINT - Radper","description":"Disjoncteur miniature CHINT NBH8-40\/C25-1PN-4,5 : 25 A, 1P+N, courbe C, 4.5 kA, 230 V. Protection contre surcharge et court-circuit. Format 1 module DIN.","robots":{"index":"index","follow":"follow","max-snippet":"max-snippet:-1","max-image-preview":"max-image-preview:large","max-video-preview":"max-video-preview:-1"},"canonical":"https:\/\/www.radper.com\/fr\/catalogues\/materiel-electrique\/protecteurs-disjoncteurs\/disjoncteur-miniature-16-a-1p-nbh8-40-190238-chint\/","og_locale":"fr_FR","og_type":"article","og_title":"Disjoncteur NBH8-40 1P+N 25A Courbe C 4.5kA \/ 190238 CHINT - Radper","og_description":"Disjoncteur miniature CHINT NBH8-40\/C25-1PN-4,5 : 25 A, 1P+N, courbe C, 4.5 kA, 230 V. Protection contre surcharge et court-circuit. Format 1 module DIN.","og_url":"https:\/\/www.radper.com\/fr\/catalogues\/materiel-electrique\/protecteurs-disjoncteurs\/disjoncteur-miniature-16-a-1p-nbh8-40-190238-chint\/","og_site_name":"Radper","article_modified_time":"2025-08-06T13:42:18+00:00","og_image":[{"width":600,"height":600,"url":"https:\/\/www.radper.com\/wp-content\/uploads\/2022\/08\/NBH8-40-190238-CHINT.png","type":"image\/png"}],"twitter_card":"summary_large_image","twitter_misc":{"Dur\u00e9e de lecture estim\u00e9e":"2 minutes"},"schema":{"@context":"https:\/\/schema.org","@graph":[{"@type":"WebPage","@id":"https:\/\/www.radper.com\/fr\/catalogues\/materiel-electrique\/protecteurs-disjoncteurs\/disjoncteur-miniature-16-a-1p-nbh8-40-190238-chint\/","url":"https:\/\/www.radper.com\/fr\/catalogues\/materiel-electrique\/protecteurs-disjoncteurs\/disjoncteur-miniature-16-a-1p-nbh8-40-190238-chint\/","name":"Disjoncteur NBH8-40 1P+N 25A Courbe C 4.5kA \/ 190238 CHINT - Radper","isPartOf":{"@id":"https:\/\/www.radper.com\/fr\/#website"},"primaryImageOfPage":{"@id":"https:\/\/www.radper.com\/fr\/catalogues\/materiel-electrique\/protecteurs-disjoncteurs\/disjoncteur-miniature-16-a-1p-nbh8-40-190238-chint\/#primaryimage"},"image":{"@id":"https:\/\/www.radper.com\/fr\/catalogues\/materiel-electrique\/protecteurs-disjoncteurs\/disjoncteur-miniature-16-a-1p-nbh8-40-190238-chint\/#primaryimage"},"thumbnailUrl":"https:\/\/www.radper.com\/wp-content\/uploads\/2022\/08\/NBH8-40-190238-CHINT.png","datePublished":"2022-08-23T10:28:33+00:00","dateModified":"2025-08-06T13:42:18+00:00","description":"Disjoncteur miniature CHINT NBH8-40\/C25-1PN-4,5 : 25 A, 1P+N, courbe C, 4.5 kA, 230 V. Protection contre surcharge et court-circuit. Format 1 module DIN.","breadcrumb":{"@id":"https:\/\/www.radper.com\/fr\/catalogues\/materiel-electrique\/protecteurs-disjoncteurs\/disjoncteur-miniature-16-a-1p-nbh8-40-190238-chint\/#breadcrumb"},"inLanguage":"fr-FR","potentialAction":[{"@type":"ReadAction","target":["https:\/\/www.radper.com\/fr\/catalogues\/materiel-electrique\/protecteurs-disjoncteurs\/disjoncteur-miniature-16-a-1p-nbh8-40-190238-chint\/"]}]},{"@type":"ImageObject","inLanguage":"fr-FR","@id":"https:\/\/www.radper.com\/fr\/catalogues\/materiel-electrique\/protecteurs-disjoncteurs\/disjoncteur-miniature-16-a-1p-nbh8-40-190238-chint\/#primaryimage","url":"https:\/\/www.radper.com\/wp-content\/uploads\/2022\/08\/NBH8-40-190238-CHINT.png","contentUrl":"https:\/\/www.radper.com\/wp-content\/uploads\/2022\/08\/NBH8-40-190238-CHINT.png","width":600,"height":600},{"@type":"BreadcrumbList","@id":"https:\/\/www.radper.com\/fr\/catalogues\/materiel-electrique\/protecteurs-disjoncteurs\/disjoncteur-miniature-16-a-1p-nbh8-40-190238-chint\/#breadcrumb","itemListElement":[{"@type":"ListItem","position":1,"name":"Accueil","item":"https:\/\/www.radper.com\/fr\/"},{"@type":"ListItem","position":2,"name":"Catalogue","item":"https:\/\/www.radper.com\/fr\/catalogue\/"},{"@type":"ListItem","position":3,"name":"Disjoncteur NBH8-40 1P+N 25A Courbe C 4.5kA \/ 190238 CHINT"}]},{"@type":"WebSite","@id":"https:\/\/www.radper.com\/fr\/#website","url":"https:\/\/www.radper.com\/fr\/","name":"Radper","description":"","publisher":{"@id":"https:\/\/www.radper.com\/fr\/#organization"},"potentialAction":[{"@type":"SearchAction","target":{"@type":"EntryPoint","urlTemplate":"https:\/\/www.radper.com\/fr\/?s={search_term_string}"},"query-input":{"@type":"PropertyValueSpecification","valueRequired":true,"valueName":"search_term_string"}}],"inLanguage":"fr-FR"},{"@type":"Organization","@id":"https:\/\/www.radper.com\/fr\/#organization","name":"radper","url":"https:\/\/www.radper.com\/fr\/","logo":{"@type":"ImageObject","inLanguage":"fr-FR","@id":"https:\/\/www.radper.com\/fr\/#\/schema\/logo\/image\/","url":"https:\/\/radper.com\/wp-content\/uploads\/2021\/04\/logo-wide-11.png","contentUrl":"https:\/\/radper.com\/wp-content\/uploads\/2021\/04\/logo-wide-11.png","width":250,"height":110,"caption":"radper"},"image":{"@id":"https:\/\/www.radper.com\/fr\/#\/schema\/logo\/image\/"}}]}},"_links":{"self":[{"href":"https:\/\/www.radper.com\/fr\/wp-json\/wp\/v2\/product\/13692","targetHints":{"allow":["GET"]}}],"collection":[{"href":"https:\/\/www.radper.com\/fr\/wp-json\/wp\/v2\/product"}],"about":[{"href":"https:\/\/www.radper.com\/fr\/wp-json\/wp\/v2\/types\/product"}],"wp:featuredmedia":[{"embeddable":true,"href":"https:\/\/www.radper.com\/fr\/wp-json\/wp\/v2\/media\/45031"}],"wp:attachment":[{"href":"https:\/\/www.radper.com\/fr\/wp-json\/wp\/v2\/media?parent=13692"}],"wp:term":[{"taxonomy":"product_brand","embeddable":true,"href":"https:\/\/www.radper.com\/fr\/wp-json\/wp\/v2\/product_brand?post=13692"},{"taxonomy":"product_cat","embeddable":true,"href":"https:\/\/www.radper.com\/fr\/wp-json\/wp\/v2\/product_cat?post=13692"},{"taxonomy":"product_tag","embeddable":true,"href":"https:\/\/www.radper.com\/fr\/wp-json\/wp\/v2\/product_tag?post=13692"}],"curies":[{"name":"wp","href":"https:\/\/api.w.org\/{rel}","templated":true}]}}