{"id":13694,"date":"2022-08-23T10:28:34","date_gmt":"2022-08-23T10:28:34","guid":{"rendered":"https:\/\/www.radper.com\/produit\/chnt-chint-jzx-22fd-4z-ac-24v-my4nj-relais-de-puissance-miniature-relais-electromagnetique-miniature-5a\/"},"modified":"2025-08-06T13:17:41","modified_gmt":"2025-08-06T13:17:41","slug":"relais-miniature-4z-24vac-jzx-22f-d-4z-chint","status":"publish","type":"product","link":"https:\/\/www.radper.com\/fr\/catalogues\/materiel-electrique\/contacteur-2\/relais-miniature-4z-24vac-jzx-22f-d-4z-chint\/","title":{"rendered":"Relais miniature JZX-22F (D)\/4Z  24V AC CHINT"},"content":{"rendered":"<h3 data-start=\"202\" data-end=\"257\">Relais miniature 4 contacts 24V AC \u2013 JZX-22F (D)\/4Z<\/h3>\n<p data-start=\"259\" data-end=\"549\">Le relais miniature <strong data-start=\"279\" data-end=\"297\">JZX-22F (D)\/4Z<\/strong> de la marque <strong data-start=\"311\" data-end=\"320\">CHINT<\/strong> est une solution compacte et fiable pour le contr\u00f4le des circuits \u00e9lectriques. Aliment\u00e9 en <strong data-start=\"412\" data-end=\"422\">24V AC<\/strong>, ce relais offre une capacit\u00e9 de commutation de <strong data-start=\"471\" data-end=\"482\">3A \u00e0 5A<\/strong> selon l\u2019application, et dispose de <strong data-start=\"518\" data-end=\"548\">4 contacts inverseurs (4Z)<\/strong>.<\/p>\n<p data-start=\"551\" data-end=\"926\">Con\u00e7u pour s\u2019adapter \u00e0 une grande vari\u00e9t\u00e9 de besoins, il est compatible avec plusieurs types de socles, et certains mod\u00e8les sont disponibles avec <strong data-start=\"697\" data-end=\"728\">voyant d&rsquo;indication int\u00e9gr\u00e9<\/strong>. Ce relais est id\u00e9al pour les environnements industriels ou de commande automatique n\u00e9cessitant un encombrement r\u00e9duit, une r\u00e9ponse rapide et une compatibilit\u00e9 large avec des tensions alternatives.<\/p>\n<p data-start=\"551\" data-end=\"926\"><!--StartFragment --><\/p>\n<p class=\"pf0\"><strong><span class=\"cf0\">\u27a1\ufe0f<\/span><span class=\"cf1\"> Proposez-vous des devis personnalis\u00e9s ?<\/span><\/strong><\/p>\n<p class=\"pf0\"><span class=\"cf2\">Oui, Radper vous offre des devis gratuits sur mesure.<\/span><\/p>\n<p class=\"pf0\"><span class=\"cf3\">\u27a4<\/span><a href=\"https:\/\/www.radper.com\/fr\/demande-de-devis\/\"><span class=\"cf4\"> Demander un devis ici<\/span><\/a><\/p>\n<p data-start=\"551\" data-end=\"926\"><!--EndFragment --><\/p>\n","protected":false},"excerpt":{"rendered":"<p>JZX-22F(D)\/4Z<\/p>\n","protected":false},"featured_media":13093,"template":"","meta":{"_acf_changed":false},"product_brand":[],"product_cat":[784],"product_tag":[],"class_list":{"0":"post-13694","1":"product","2":"type-product","3":"status-publish","4":"has-post-thumbnail","6":"product_cat-contacteur-2","7":"pa_marque-chint","9":"first","10":"instock","11":"featured","12":"taxable","13":"shipping-taxable","14":"purchasable","15":"product-type-simple"},"acf":[],"yoast_head":"<!-- This site is optimized with the Yoast SEO plugin v26.2 - https:\/\/yoast.com\/wordpress\/plugins\/seo\/ -->\n<title>Relais miniature JZX-22F (D)\/4Z 24V AC CHINT - Radper<\/title>\n<meta name=\"description\" content=\"Commandez le relais CHINT JZX-22F (D)\/4Z 24VAC : 4 contacts, 3 \u00e0 5 A, voyant d\u2019indication possible. Compact, fiable et certifi\u00e9 CE &amp; UL.\" \/>\n<meta name=\"robots\" content=\"index, follow, max-snippet:-1, max-image-preview:large, max-video-preview:-1\" \/>\n<link rel=\"canonical\" href=\"https:\/\/www.radper.com\/fr\/catalogues\/materiel-electrique\/contacteur-2\/relais-miniature-4z-24vac-jzx-22f-d-4z-chint\/\" \/>\n<meta property=\"og:locale\" content=\"fr_FR\" \/>\n<meta property=\"og:type\" content=\"article\" \/>\n<meta property=\"og:title\" content=\"Relais miniature JZX-22F (D)\/4Z 24V AC CHINT - Radper\" \/>\n<meta property=\"og:description\" content=\"Commandez le relais CHINT JZX-22F (D)\/4Z 24VAC : 4 contacts, 3 \u00e0 5 A, voyant d\u2019indication possible. Compact, fiable et certifi\u00e9 CE &amp; UL.\" \/>\n<meta property=\"og:url\" content=\"https:\/\/www.radper.com\/fr\/catalogues\/materiel-electrique\/contacteur-2\/relais-miniature-4z-24vac-jzx-22f-d-4z-chint\/\" \/>\n<meta property=\"og:site_name\" content=\"Radper\" \/>\n<meta property=\"article:modified_time\" content=\"2025-08-06T13:17:41+00:00\" \/>\n<meta property=\"og:image\" content=\"https:\/\/www.radper.com\/wp-content\/uploads\/2022\/08\/JZX22FD4Z.jpg\" \/>\n\t<meta property=\"og:image:width\" content=\"600\" \/>\n\t<meta property=\"og:image:height\" content=\"600\" \/>\n\t<meta property=\"og:image:type\" content=\"image\/jpeg\" \/>\n<meta name=\"twitter:card\" content=\"summary_large_image\" \/>\n<meta name=\"twitter:label1\" content=\"Dur\u00e9e de lecture estim\u00e9e\" \/>\n\t<meta name=\"twitter:data1\" content=\"1 minute\" \/>\n<script type=\"application\/ld+json\" class=\"yoast-schema-graph\">{\"@context\":\"https:\/\/schema.org\",\"@graph\":[{\"@type\":\"WebPage\",\"@id\":\"https:\/\/www.radper.com\/fr\/catalogues\/materiel-electrique\/contacteur-2\/relais-miniature-4z-24vac-jzx-22f-d-4z-chint\/\",\"url\":\"https:\/\/www.radper.com\/fr\/catalogues\/materiel-electrique\/contacteur-2\/relais-miniature-4z-24vac-jzx-22f-d-4z-chint\/\",\"name\":\"Relais miniature JZX-22F (D)\/4Z 24V AC CHINT - Radper\",\"isPartOf\":{\"@id\":\"https:\/\/www.radper.com\/fr\/#website\"},\"primaryImageOfPage\":{\"@id\":\"https:\/\/www.radper.com\/fr\/catalogues\/materiel-electrique\/contacteur-2\/relais-miniature-4z-24vac-jzx-22f-d-4z-chint\/#primaryimage\"},\"image\":{\"@id\":\"https:\/\/www.radper.com\/fr\/catalogues\/materiel-electrique\/contacteur-2\/relais-miniature-4z-24vac-jzx-22f-d-4z-chint\/#primaryimage\"},\"thumbnailUrl\":\"https:\/\/www.radper.com\/wp-content\/uploads\/2022\/08\/JZX22FD4Z.jpg\",\"datePublished\":\"2022-08-23T10:28:34+00:00\",\"dateModified\":\"2025-08-06T13:17:41+00:00\",\"description\":\"Commandez le relais CHINT JZX-22F (D)\/4Z 24VAC : 4 contacts, 3 \u00e0 5 A, voyant d\u2019indication possible. Compact, fiable et certifi\u00e9 CE & UL.\",\"breadcrumb\":{\"@id\":\"https:\/\/www.radper.com\/fr\/catalogues\/materiel-electrique\/contacteur-2\/relais-miniature-4z-24vac-jzx-22f-d-4z-chint\/#breadcrumb\"},\"inLanguage\":\"fr-FR\",\"potentialAction\":[{\"@type\":\"ReadAction\",\"target\":[\"https:\/\/www.radper.com\/fr\/catalogues\/materiel-electrique\/contacteur-2\/relais-miniature-4z-24vac-jzx-22f-d-4z-chint\/\"]}]},{\"@type\":\"ImageObject\",\"inLanguage\":\"fr-FR\",\"@id\":\"https:\/\/www.radper.com\/fr\/catalogues\/materiel-electrique\/contacteur-2\/relais-miniature-4z-24vac-jzx-22f-d-4z-chint\/#primaryimage\",\"url\":\"https:\/\/www.radper.com\/wp-content\/uploads\/2022\/08\/JZX22FD4Z.jpg\",\"contentUrl\":\"https:\/\/www.radper.com\/wp-content\/uploads\/2022\/08\/JZX22FD4Z.jpg\",\"width\":600,\"height\":600},{\"@type\":\"BreadcrumbList\",\"@id\":\"https:\/\/www.radper.com\/fr\/catalogues\/materiel-electrique\/contacteur-2\/relais-miniature-4z-24vac-jzx-22f-d-4z-chint\/#breadcrumb\",\"itemListElement\":[{\"@type\":\"ListItem\",\"position\":1,\"name\":\"Accueil\",\"item\":\"https:\/\/www.radper.com\/fr\/\"},{\"@type\":\"ListItem\",\"position\":2,\"name\":\"Catalogue\",\"item\":\"https:\/\/www.radper.com\/fr\/catalogue\/\"},{\"@type\":\"ListItem\",\"position\":3,\"name\":\"Relais miniature JZX-22F (D)\/4Z 24V AC CHINT\"}]},{\"@type\":\"WebSite\",\"@id\":\"https:\/\/www.radper.com\/fr\/#website\",\"url\":\"https:\/\/www.radper.com\/fr\/\",\"name\":\"Radper\",\"description\":\"\",\"publisher\":{\"@id\":\"https:\/\/www.radper.com\/fr\/#organization\"},\"potentialAction\":[{\"@type\":\"SearchAction\",\"target\":{\"@type\":\"EntryPoint\",\"urlTemplate\":\"https:\/\/www.radper.com\/fr\/?s={search_term_string}\"},\"query-input\":{\"@type\":\"PropertyValueSpecification\",\"valueRequired\":true,\"valueName\":\"search_term_string\"}}],\"inLanguage\":\"fr-FR\"},{\"@type\":\"Organization\",\"@id\":\"https:\/\/www.radper.com\/fr\/#organization\",\"name\":\"radper\",\"url\":\"https:\/\/www.radper.com\/fr\/\",\"logo\":{\"@type\":\"ImageObject\",\"inLanguage\":\"fr-FR\",\"@id\":\"https:\/\/www.radper.com\/fr\/#\/schema\/logo\/image\/\",\"url\":\"https:\/\/radper.com\/wp-content\/uploads\/2021\/04\/logo-wide-11.png\",\"contentUrl\":\"https:\/\/radper.com\/wp-content\/uploads\/2021\/04\/logo-wide-11.png\",\"width\":250,\"height\":110,\"caption\":\"radper\"},\"image\":{\"@id\":\"https:\/\/www.radper.com\/fr\/#\/schema\/logo\/image\/\"}}]}<\/script>\n<!-- \/ Yoast SEO plugin. -->","yoast_head_json":{"title":"Relais miniature JZX-22F (D)\/4Z 24V AC CHINT - Radper","description":"Commandez le relais CHINT JZX-22F (D)\/4Z 24VAC : 4 contacts, 3 \u00e0 5 A, voyant d\u2019indication possible. Compact, fiable et certifi\u00e9 CE & UL.","robots":{"index":"index","follow":"follow","max-snippet":"max-snippet:-1","max-image-preview":"max-image-preview:large","max-video-preview":"max-video-preview:-1"},"canonical":"https:\/\/www.radper.com\/fr\/catalogues\/materiel-electrique\/contacteur-2\/relais-miniature-4z-24vac-jzx-22f-d-4z-chint\/","og_locale":"fr_FR","og_type":"article","og_title":"Relais miniature JZX-22F (D)\/4Z 24V AC CHINT - Radper","og_description":"Commandez le relais CHINT JZX-22F (D)\/4Z 24VAC : 4 contacts, 3 \u00e0 5 A, voyant d\u2019indication possible. Compact, fiable et certifi\u00e9 CE & UL.","og_url":"https:\/\/www.radper.com\/fr\/catalogues\/materiel-electrique\/contacteur-2\/relais-miniature-4z-24vac-jzx-22f-d-4z-chint\/","og_site_name":"Radper","article_modified_time":"2025-08-06T13:17:41+00:00","og_image":[{"width":600,"height":600,"url":"https:\/\/www.radper.com\/wp-content\/uploads\/2022\/08\/JZX22FD4Z.jpg","type":"image\/jpeg"}],"twitter_card":"summary_large_image","twitter_misc":{"Dur\u00e9e de lecture estim\u00e9e":"1 minute"},"schema":{"@context":"https:\/\/schema.org","@graph":[{"@type":"WebPage","@id":"https:\/\/www.radper.com\/fr\/catalogues\/materiel-electrique\/contacteur-2\/relais-miniature-4z-24vac-jzx-22f-d-4z-chint\/","url":"https:\/\/www.radper.com\/fr\/catalogues\/materiel-electrique\/contacteur-2\/relais-miniature-4z-24vac-jzx-22f-d-4z-chint\/","name":"Relais miniature JZX-22F (D)\/4Z 24V AC CHINT - Radper","isPartOf":{"@id":"https:\/\/www.radper.com\/fr\/#website"},"primaryImageOfPage":{"@id":"https:\/\/www.radper.com\/fr\/catalogues\/materiel-electrique\/contacteur-2\/relais-miniature-4z-24vac-jzx-22f-d-4z-chint\/#primaryimage"},"image":{"@id":"https:\/\/www.radper.com\/fr\/catalogues\/materiel-electrique\/contacteur-2\/relais-miniature-4z-24vac-jzx-22f-d-4z-chint\/#primaryimage"},"thumbnailUrl":"https:\/\/www.radper.com\/wp-content\/uploads\/2022\/08\/JZX22FD4Z.jpg","datePublished":"2022-08-23T10:28:34+00:00","dateModified":"2025-08-06T13:17:41+00:00","description":"Commandez le relais CHINT JZX-22F (D)\/4Z 24VAC : 4 contacts, 3 \u00e0 5 A, voyant d\u2019indication possible. Compact, fiable et certifi\u00e9 CE & UL.","breadcrumb":{"@id":"https:\/\/www.radper.com\/fr\/catalogues\/materiel-electrique\/contacteur-2\/relais-miniature-4z-24vac-jzx-22f-d-4z-chint\/#breadcrumb"},"inLanguage":"fr-FR","potentialAction":[{"@type":"ReadAction","target":["https:\/\/www.radper.com\/fr\/catalogues\/materiel-electrique\/contacteur-2\/relais-miniature-4z-24vac-jzx-22f-d-4z-chint\/"]}]},{"@type":"ImageObject","inLanguage":"fr-FR","@id":"https:\/\/www.radper.com\/fr\/catalogues\/materiel-electrique\/contacteur-2\/relais-miniature-4z-24vac-jzx-22f-d-4z-chint\/#primaryimage","url":"https:\/\/www.radper.com\/wp-content\/uploads\/2022\/08\/JZX22FD4Z.jpg","contentUrl":"https:\/\/www.radper.com\/wp-content\/uploads\/2022\/08\/JZX22FD4Z.jpg","width":600,"height":600},{"@type":"BreadcrumbList","@id":"https:\/\/www.radper.com\/fr\/catalogues\/materiel-electrique\/contacteur-2\/relais-miniature-4z-24vac-jzx-22f-d-4z-chint\/#breadcrumb","itemListElement":[{"@type":"ListItem","position":1,"name":"Accueil","item":"https:\/\/www.radper.com\/fr\/"},{"@type":"ListItem","position":2,"name":"Catalogue","item":"https:\/\/www.radper.com\/fr\/catalogue\/"},{"@type":"ListItem","position":3,"name":"Relais miniature JZX-22F (D)\/4Z 24V AC CHINT"}]},{"@type":"WebSite","@id":"https:\/\/www.radper.com\/fr\/#website","url":"https:\/\/www.radper.com\/fr\/","name":"Radper","description":"","publisher":{"@id":"https:\/\/www.radper.com\/fr\/#organization"},"potentialAction":[{"@type":"SearchAction","target":{"@type":"EntryPoint","urlTemplate":"https:\/\/www.radper.com\/fr\/?s={search_term_string}"},"query-input":{"@type":"PropertyValueSpecification","valueRequired":true,"valueName":"search_term_string"}}],"inLanguage":"fr-FR"},{"@type":"Organization","@id":"https:\/\/www.radper.com\/fr\/#organization","name":"radper","url":"https:\/\/www.radper.com\/fr\/","logo":{"@type":"ImageObject","inLanguage":"fr-FR","@id":"https:\/\/www.radper.com\/fr\/#\/schema\/logo\/image\/","url":"https:\/\/radper.com\/wp-content\/uploads\/2021\/04\/logo-wide-11.png","contentUrl":"https:\/\/radper.com\/wp-content\/uploads\/2021\/04\/logo-wide-11.png","width":250,"height":110,"caption":"radper"},"image":{"@id":"https:\/\/www.radper.com\/fr\/#\/schema\/logo\/image\/"}}]}},"_links":{"self":[{"href":"https:\/\/www.radper.com\/fr\/wp-json\/wp\/v2\/product\/13694","targetHints":{"allow":["GET"]}}],"collection":[{"href":"https:\/\/www.radper.com\/fr\/wp-json\/wp\/v2\/product"}],"about":[{"href":"https:\/\/www.radper.com\/fr\/wp-json\/wp\/v2\/types\/product"}],"wp:featuredmedia":[{"embeddable":true,"href":"https:\/\/www.radper.com\/fr\/wp-json\/wp\/v2\/media\/13093"}],"wp:attachment":[{"href":"https:\/\/www.radper.com\/fr\/wp-json\/wp\/v2\/media?parent=13694"}],"wp:term":[{"taxonomy":"product_brand","embeddable":true,"href":"https:\/\/www.radper.com\/fr\/wp-json\/wp\/v2\/product_brand?post=13694"},{"taxonomy":"product_cat","embeddable":true,"href":"https:\/\/www.radper.com\/fr\/wp-json\/wp\/v2\/product_cat?post=13694"},{"taxonomy":"product_tag","embeddable":true,"href":"https:\/\/www.radper.com\/fr\/wp-json\/wp\/v2\/product_tag?post=13694"}],"curies":[{"name":"wp","href":"https:\/\/api.w.org\/{rel}","templated":true}]}}