{"id":13697,"date":"2022-08-23T10:28:34","date_gmt":"2022-08-23T10:28:34","guid":{"rendered":"https:\/\/www.radper.com\/produit\/support-de-tete-aux-bloc-1no-1-nc-contacts-ncf6-11-chint\/"},"modified":"2025-08-05T09:16:34","modified_gmt":"2025-08-05T09:16:34","slug":"support-de-tete-aux-bloc-1no-1-nc-contacts-ncf6-11-chint","status":"publish","type":"product","link":"https:\/\/www.radper.com\/fr\/catalogues\/materiel-electrique\/accessoire\/support-de-tete-aux-bloc-1no-1-nc-contacts-ncf6-11-chint\/","title":{"rendered":"Support de t\u00eate aux.bloc 1NO 1 NC contacts NCF6-11 Chint"},"content":{"rendered":"<h3>Bloc auxiliaire NCF6-11 CHINT \u2013 1NO + 1NC pour montage sur t\u00eate<\/h3>\n<p data-start=\"580\" data-end=\"925\">Le bloc auxiliaire NCF6-11 CHINT est un accessoire essentiel con\u00e7u pour \u00eatre mont\u00e9 directement sur la t\u00eate des contacteurs. Il est \u00e9quip\u00e9 de deux contacts auxiliaires \u2014 un normalement ouvert (NO) et un normalement ferm\u00e9 (NC) \u2014 permettant d\u2019\u00e9tendre les fonctions de signalisation ou de commande dans les circuits de puissance ou d\u2019automatisation.<\/p>\n<p data-start=\"927\" data-end=\"1048\">Ce mod\u00e8le est particuli\u00e8rement appr\u00e9ci\u00e9 pour sa robustesse et sa fiabilit\u00e9 dans des environnements industriels standards.<\/p>\n<p data-start=\"1324\" data-end=\"1457\">Ce bloc auxiliaire est id\u00e9al pour les applications de commande dans les environnements industriels, tertiaires ou de contr\u00f4le moteur.<\/p>\n","protected":false},"excerpt":{"rendered":"<p>NCF6-11<\/p>\n","protected":false},"featured_media":13099,"template":"","meta":{"_acf_changed":false},"product_brand":[],"product_cat":[602],"product_tag":[],"class_list":{"0":"post-13697","1":"product","2":"type-product","3":"status-publish","4":"has-post-thumbnail","6":"product_cat-accessoire","7":"pa_marque-chint","9":"first","10":"instock","11":"featured","12":"taxable","13":"shipping-taxable","14":"purchasable","15":"product-type-simple"},"acf":[],"yoast_head":"<!-- This site is optimized with the Yoast SEO plugin v26.2 - https:\/\/yoast.com\/wordpress\/plugins\/seo\/ -->\n<title>Support de t\u00eate aux.bloc 1NO 1 NC contacts NCF6-11 Chint - Radper<\/title>\n<meta name=\"description\" content=\"D\u00e9couvrez le bloc auxiliaire NCF6-11 CHINT avec 1 contact NO et 1 NC, con\u00e7u pour un montage direct sur t\u00eate. Id\u00e9al pour vos applications de commande.\" \/>\n<meta name=\"robots\" content=\"index, follow, max-snippet:-1, max-image-preview:large, max-video-preview:-1\" \/>\n<link rel=\"canonical\" href=\"https:\/\/www.radper.com\/fr\/catalogues\/materiel-electrique\/accessoire\/support-de-tete-aux-bloc-1no-1-nc-contacts-ncf6-11-chint\/\" \/>\n<meta property=\"og:locale\" content=\"fr_FR\" \/>\n<meta property=\"og:type\" content=\"article\" \/>\n<meta property=\"og:title\" content=\"Support de t\u00eate aux.bloc 1NO 1 NC contacts NCF6-11 Chint - Radper\" \/>\n<meta property=\"og:description\" content=\"D\u00e9couvrez le bloc auxiliaire NCF6-11 CHINT avec 1 contact NO et 1 NC, con\u00e7u pour un montage direct sur t\u00eate. Id\u00e9al pour vos applications de commande.\" \/>\n<meta property=\"og:url\" content=\"https:\/\/www.radper.com\/fr\/catalogues\/materiel-electrique\/accessoire\/support-de-tete-aux-bloc-1no-1-nc-contacts-ncf6-11-chint\/\" \/>\n<meta property=\"og:site_name\" content=\"Radper\" \/>\n<meta property=\"article:modified_time\" content=\"2025-08-05T09:16:34+00:00\" \/>\n<meta property=\"og:image\" content=\"https:\/\/www.radper.com\/wp-content\/uploads\/2022\/08\/NCF6-11.jpg\" \/>\n\t<meta property=\"og:image:width\" content=\"600\" \/>\n\t<meta property=\"og:image:height\" content=\"600\" \/>\n\t<meta property=\"og:image:type\" content=\"image\/jpeg\" \/>\n<meta name=\"twitter:card\" content=\"summary_large_image\" \/>\n<meta name=\"twitter:label1\" content=\"Dur\u00e9e de lecture estim\u00e9e\" \/>\n\t<meta name=\"twitter:data1\" content=\"1 minute\" \/>\n<script type=\"application\/ld+json\" class=\"yoast-schema-graph\">{\"@context\":\"https:\/\/schema.org\",\"@graph\":[{\"@type\":\"WebPage\",\"@id\":\"https:\/\/www.radper.com\/fr\/catalogues\/materiel-electrique\/accessoire\/support-de-tete-aux-bloc-1no-1-nc-contacts-ncf6-11-chint\/\",\"url\":\"https:\/\/www.radper.com\/fr\/catalogues\/materiel-electrique\/accessoire\/support-de-tete-aux-bloc-1no-1-nc-contacts-ncf6-11-chint\/\",\"name\":\"Support de t\u00eate aux.bloc 1NO 1 NC contacts NCF6-11 Chint - Radper\",\"isPartOf\":{\"@id\":\"https:\/\/www.radper.com\/fr\/#website\"},\"primaryImageOfPage\":{\"@id\":\"https:\/\/www.radper.com\/fr\/catalogues\/materiel-electrique\/accessoire\/support-de-tete-aux-bloc-1no-1-nc-contacts-ncf6-11-chint\/#primaryimage\"},\"image\":{\"@id\":\"https:\/\/www.radper.com\/fr\/catalogues\/materiel-electrique\/accessoire\/support-de-tete-aux-bloc-1no-1-nc-contacts-ncf6-11-chint\/#primaryimage\"},\"thumbnailUrl\":\"https:\/\/www.radper.com\/wp-content\/uploads\/2022\/08\/NCF6-11.jpg\",\"datePublished\":\"2022-08-23T10:28:34+00:00\",\"dateModified\":\"2025-08-05T09:16:34+00:00\",\"description\":\"D\u00e9couvrez le bloc auxiliaire NCF6-11 CHINT avec 1 contact NO et 1 NC, con\u00e7u pour un montage direct sur t\u00eate. Id\u00e9al pour vos applications de commande.\",\"breadcrumb\":{\"@id\":\"https:\/\/www.radper.com\/fr\/catalogues\/materiel-electrique\/accessoire\/support-de-tete-aux-bloc-1no-1-nc-contacts-ncf6-11-chint\/#breadcrumb\"},\"inLanguage\":\"fr-FR\",\"potentialAction\":[{\"@type\":\"ReadAction\",\"target\":[\"https:\/\/www.radper.com\/fr\/catalogues\/materiel-electrique\/accessoire\/support-de-tete-aux-bloc-1no-1-nc-contacts-ncf6-11-chint\/\"]}]},{\"@type\":\"ImageObject\",\"inLanguage\":\"fr-FR\",\"@id\":\"https:\/\/www.radper.com\/fr\/catalogues\/materiel-electrique\/accessoire\/support-de-tete-aux-bloc-1no-1-nc-contacts-ncf6-11-chint\/#primaryimage\",\"url\":\"https:\/\/www.radper.com\/wp-content\/uploads\/2022\/08\/NCF6-11.jpg\",\"contentUrl\":\"https:\/\/www.radper.com\/wp-content\/uploads\/2022\/08\/NCF6-11.jpg\",\"width\":600,\"height\":600},{\"@type\":\"BreadcrumbList\",\"@id\":\"https:\/\/www.radper.com\/fr\/catalogues\/materiel-electrique\/accessoire\/support-de-tete-aux-bloc-1no-1-nc-contacts-ncf6-11-chint\/#breadcrumb\",\"itemListElement\":[{\"@type\":\"ListItem\",\"position\":1,\"name\":\"Accueil\",\"item\":\"https:\/\/www.radper.com\/fr\/\"},{\"@type\":\"ListItem\",\"position\":2,\"name\":\"Catalogue\",\"item\":\"https:\/\/www.radper.com\/fr\/catalogue\/\"},{\"@type\":\"ListItem\",\"position\":3,\"name\":\"Support de t\u00eate aux.bloc 1NO 1 NC contacts NCF6-11 Chint\"}]},{\"@type\":\"WebSite\",\"@id\":\"https:\/\/www.radper.com\/fr\/#website\",\"url\":\"https:\/\/www.radper.com\/fr\/\",\"name\":\"Radper\",\"description\":\"\",\"publisher\":{\"@id\":\"https:\/\/www.radper.com\/fr\/#organization\"},\"potentialAction\":[{\"@type\":\"SearchAction\",\"target\":{\"@type\":\"EntryPoint\",\"urlTemplate\":\"https:\/\/www.radper.com\/fr\/?s={search_term_string}\"},\"query-input\":{\"@type\":\"PropertyValueSpecification\",\"valueRequired\":true,\"valueName\":\"search_term_string\"}}],\"inLanguage\":\"fr-FR\"},{\"@type\":\"Organization\",\"@id\":\"https:\/\/www.radper.com\/fr\/#organization\",\"name\":\"radper\",\"url\":\"https:\/\/www.radper.com\/fr\/\",\"logo\":{\"@type\":\"ImageObject\",\"inLanguage\":\"fr-FR\",\"@id\":\"https:\/\/www.radper.com\/fr\/#\/schema\/logo\/image\/\",\"url\":\"https:\/\/radper.com\/wp-content\/uploads\/2021\/04\/logo-wide-11.png\",\"contentUrl\":\"https:\/\/radper.com\/wp-content\/uploads\/2021\/04\/logo-wide-11.png\",\"width\":250,\"height\":110,\"caption\":\"radper\"},\"image\":{\"@id\":\"https:\/\/www.radper.com\/fr\/#\/schema\/logo\/image\/\"}}]}<\/script>\n<!-- \/ Yoast SEO plugin. -->","yoast_head_json":{"title":"Support de t\u00eate aux.bloc 1NO 1 NC contacts NCF6-11 Chint - Radper","description":"D\u00e9couvrez le bloc auxiliaire NCF6-11 CHINT avec 1 contact NO et 1 NC, con\u00e7u pour un montage direct sur t\u00eate. Id\u00e9al pour vos applications de commande.","robots":{"index":"index","follow":"follow","max-snippet":"max-snippet:-1","max-image-preview":"max-image-preview:large","max-video-preview":"max-video-preview:-1"},"canonical":"https:\/\/www.radper.com\/fr\/catalogues\/materiel-electrique\/accessoire\/support-de-tete-aux-bloc-1no-1-nc-contacts-ncf6-11-chint\/","og_locale":"fr_FR","og_type":"article","og_title":"Support de t\u00eate aux.bloc 1NO 1 NC contacts NCF6-11 Chint - Radper","og_description":"D\u00e9couvrez le bloc auxiliaire NCF6-11 CHINT avec 1 contact NO et 1 NC, con\u00e7u pour un montage direct sur t\u00eate. Id\u00e9al pour vos applications de commande.","og_url":"https:\/\/www.radper.com\/fr\/catalogues\/materiel-electrique\/accessoire\/support-de-tete-aux-bloc-1no-1-nc-contacts-ncf6-11-chint\/","og_site_name":"Radper","article_modified_time":"2025-08-05T09:16:34+00:00","og_image":[{"width":600,"height":600,"url":"https:\/\/www.radper.com\/wp-content\/uploads\/2022\/08\/NCF6-11.jpg","type":"image\/jpeg"}],"twitter_card":"summary_large_image","twitter_misc":{"Dur\u00e9e de lecture estim\u00e9e":"1 minute"},"schema":{"@context":"https:\/\/schema.org","@graph":[{"@type":"WebPage","@id":"https:\/\/www.radper.com\/fr\/catalogues\/materiel-electrique\/accessoire\/support-de-tete-aux-bloc-1no-1-nc-contacts-ncf6-11-chint\/","url":"https:\/\/www.radper.com\/fr\/catalogues\/materiel-electrique\/accessoire\/support-de-tete-aux-bloc-1no-1-nc-contacts-ncf6-11-chint\/","name":"Support de t\u00eate aux.bloc 1NO 1 NC contacts NCF6-11 Chint - Radper","isPartOf":{"@id":"https:\/\/www.radper.com\/fr\/#website"},"primaryImageOfPage":{"@id":"https:\/\/www.radper.com\/fr\/catalogues\/materiel-electrique\/accessoire\/support-de-tete-aux-bloc-1no-1-nc-contacts-ncf6-11-chint\/#primaryimage"},"image":{"@id":"https:\/\/www.radper.com\/fr\/catalogues\/materiel-electrique\/accessoire\/support-de-tete-aux-bloc-1no-1-nc-contacts-ncf6-11-chint\/#primaryimage"},"thumbnailUrl":"https:\/\/www.radper.com\/wp-content\/uploads\/2022\/08\/NCF6-11.jpg","datePublished":"2022-08-23T10:28:34+00:00","dateModified":"2025-08-05T09:16:34+00:00","description":"D\u00e9couvrez le bloc auxiliaire NCF6-11 CHINT avec 1 contact NO et 1 NC, con\u00e7u pour un montage direct sur t\u00eate. Id\u00e9al pour vos applications de commande.","breadcrumb":{"@id":"https:\/\/www.radper.com\/fr\/catalogues\/materiel-electrique\/accessoire\/support-de-tete-aux-bloc-1no-1-nc-contacts-ncf6-11-chint\/#breadcrumb"},"inLanguage":"fr-FR","potentialAction":[{"@type":"ReadAction","target":["https:\/\/www.radper.com\/fr\/catalogues\/materiel-electrique\/accessoire\/support-de-tete-aux-bloc-1no-1-nc-contacts-ncf6-11-chint\/"]}]},{"@type":"ImageObject","inLanguage":"fr-FR","@id":"https:\/\/www.radper.com\/fr\/catalogues\/materiel-electrique\/accessoire\/support-de-tete-aux-bloc-1no-1-nc-contacts-ncf6-11-chint\/#primaryimage","url":"https:\/\/www.radper.com\/wp-content\/uploads\/2022\/08\/NCF6-11.jpg","contentUrl":"https:\/\/www.radper.com\/wp-content\/uploads\/2022\/08\/NCF6-11.jpg","width":600,"height":600},{"@type":"BreadcrumbList","@id":"https:\/\/www.radper.com\/fr\/catalogues\/materiel-electrique\/accessoire\/support-de-tete-aux-bloc-1no-1-nc-contacts-ncf6-11-chint\/#breadcrumb","itemListElement":[{"@type":"ListItem","position":1,"name":"Accueil","item":"https:\/\/www.radper.com\/fr\/"},{"@type":"ListItem","position":2,"name":"Catalogue","item":"https:\/\/www.radper.com\/fr\/catalogue\/"},{"@type":"ListItem","position":3,"name":"Support de t\u00eate aux.bloc 1NO 1 NC contacts NCF6-11 Chint"}]},{"@type":"WebSite","@id":"https:\/\/www.radper.com\/fr\/#website","url":"https:\/\/www.radper.com\/fr\/","name":"Radper","description":"","publisher":{"@id":"https:\/\/www.radper.com\/fr\/#organization"},"potentialAction":[{"@type":"SearchAction","target":{"@type":"EntryPoint","urlTemplate":"https:\/\/www.radper.com\/fr\/?s={search_term_string}"},"query-input":{"@type":"PropertyValueSpecification","valueRequired":true,"valueName":"search_term_string"}}],"inLanguage":"fr-FR"},{"@type":"Organization","@id":"https:\/\/www.radper.com\/fr\/#organization","name":"radper","url":"https:\/\/www.radper.com\/fr\/","logo":{"@type":"ImageObject","inLanguage":"fr-FR","@id":"https:\/\/www.radper.com\/fr\/#\/schema\/logo\/image\/","url":"https:\/\/radper.com\/wp-content\/uploads\/2021\/04\/logo-wide-11.png","contentUrl":"https:\/\/radper.com\/wp-content\/uploads\/2021\/04\/logo-wide-11.png","width":250,"height":110,"caption":"radper"},"image":{"@id":"https:\/\/www.radper.com\/fr\/#\/schema\/logo\/image\/"}}]}},"_links":{"self":[{"href":"https:\/\/www.radper.com\/fr\/wp-json\/wp\/v2\/product\/13697","targetHints":{"allow":["GET"]}}],"collection":[{"href":"https:\/\/www.radper.com\/fr\/wp-json\/wp\/v2\/product"}],"about":[{"href":"https:\/\/www.radper.com\/fr\/wp-json\/wp\/v2\/types\/product"}],"wp:featuredmedia":[{"embeddable":true,"href":"https:\/\/www.radper.com\/fr\/wp-json\/wp\/v2\/media\/13099"}],"wp:attachment":[{"href":"https:\/\/www.radper.com\/fr\/wp-json\/wp\/v2\/media?parent=13697"}],"wp:term":[{"taxonomy":"product_brand","embeddable":true,"href":"https:\/\/www.radper.com\/fr\/wp-json\/wp\/v2\/product_brand?post=13697"},{"taxonomy":"product_cat","embeddable":true,"href":"https:\/\/www.radper.com\/fr\/wp-json\/wp\/v2\/product_cat?post=13697"},{"taxonomy":"product_tag","embeddable":true,"href":"https:\/\/www.radper.com\/fr\/wp-json\/wp\/v2\/product_tag?post=13697"}],"curies":[{"name":"wp","href":"https:\/\/api.w.org\/{rel}","templated":true}]}}