{"id":13702,"date":"2022-08-23T10:28:35","date_gmt":"2022-08-23T10:28:35","guid":{"rendered":"https:\/\/www.radper.com\/produit\/bloc-de-contact-normalement-ouvert-np2-be101-unite-no-np2-be101-chint\/"},"modified":"2025-08-07T06:45:13","modified_gmt":"2025-08-07T06:45:13","slug":"contact-auxiliaire-np2-be101-576841-1no-10a-chint","status":"publish","type":"product","link":"https:\/\/www.radper.com\/fr\/catalogues\/materiel-electrique\/commande-et-signalisation\/contact-auxiliaire-np2-be101-576841-1no-10a-chint\/","title":{"rendered":"Contact auxiliaire NP2-BE101 \/ 576841 \u2013 1 NO  10A  415V CHINT"},"content":{"rendered":"<h2 data-start=\"128\" data-end=\"206\">Contact auxiliaire CHINT NP2-BE101 \/ 576841 \u2013 1 NO \u2013 10 A \u2013 415 V<\/h2>\n<p data-start=\"208\" data-end=\"472\">Le contact auxiliaire CHINT NP2-BE101 (r\u00e9f. 576841) est un accessoire essentiel pour compl\u00e9ter vos appareillages de commande de la s\u00e9rie NP2. Il dispose d\u2019un contact normalement ouvert (1NO) con\u00e7u pour offrir fiabilit\u00e9 et performance dans les circuits de commande.<\/p>\n<p data-start=\"474\" data-end=\"681\">Id\u00e9al pour les applications industrielles ou tertiaires, ce contact assure une excellente conductivit\u00e9, une installation facile en encastrement et une compatibilit\u00e9 parfaite avec les normes IEC\/EN 60947-5-1.<\/p>\n<h3 data-start=\"683\" data-end=\"712\">Fonctions principales :<\/h3>\n<ul data-start=\"714\" data-end=\"926\">\n<li data-start=\"714\" data-end=\"760\">\n<p data-start=\"716\" data-end=\"760\">Contact auxiliaire normalement ouvert (1 NO)<\/p>\n<\/li>\n<li data-start=\"761\" data-end=\"785\">\n<p data-start=\"763\" data-end=\"785\">Installation encastr\u00e9e<\/p>\n<\/li>\n<li data-start=\"786\" data-end=\"837\">\n<p data-start=\"788\" data-end=\"837\">Compatible avec les appareillages CHINT s\u00e9rie NP2<\/p>\n<\/li>\n<li data-start=\"838\" data-end=\"887\">\n<p data-start=\"840\" data-end=\"887\">Fiabilit\u00e9 \u00e9lectrique pour les circuits AC ou DC<\/p>\n<\/li>\n<li data-start=\"888\" data-end=\"926\">\n<p data-start=\"890\" data-end=\"926\">Conforme \u00e0 la norme IEC\/EN 60947-5-1<\/p>\n<\/li>\n<\/ul>\n<p><strong data-start=\"3720\" data-end=\"3766\">\u27a1\ufe0f Proposez-vous des devis personnalis\u00e9s ?<\/strong><br data-start=\"3766\" data-end=\"3769\" \/>Oui, Radper vous offre des devis gratuits sur mesure.<br data-start=\"3822\" data-end=\"3825\" \/><a class=\"cursor-pointer\" href=\"https:\/\/www.radper.com\/fr\/demande-de-devis\/\" target=\"_new\" rel=\"noopener\" data-start=\"3828\" data-end=\"3881\">\u27a4 Demander un devis ici<\/a><\/p>\n","protected":false},"excerpt":{"rendered":"<p>NP2-BE101 \/ 576841<\/p>\n","protected":false},"featured_media":13107,"template":"","meta":{"_acf_changed":false},"product_brand":[],"product_cat":[793],"product_tag":[],"class_list":{"0":"post-13702","1":"product","2":"type-product","3":"status-publish","4":"has-post-thumbnail","6":"product_cat-commande-et-signalisation","7":"pa_marque-chint","9":"first","10":"instock","11":"featured","12":"taxable","13":"shipping-taxable","14":"purchasable","15":"product-type-simple"},"acf":[],"yoast_head":"<!-- This site is optimized with the Yoast SEO plugin v26.2 - https:\/\/yoast.com\/wordpress\/plugins\/seo\/ -->\n<title>Contact auxiliaire NP2-BE101 \/ 576841 \u2013 1 NO 10A 415V CHINT - Radper<\/title>\n<meta name=\"description\" content=\"Contact normalement ouvert CHINT NP2-BE101 \/ 576841 (1NO) \u2013 10 A \u2013 415 V. Compatible avec la s\u00e9rie NP2. Pour circuits de commande AC\/DC.\" \/>\n<meta name=\"robots\" content=\"index, follow, max-snippet:-1, max-image-preview:large, max-video-preview:-1\" \/>\n<link rel=\"canonical\" href=\"https:\/\/www.radper.com\/fr\/catalogues\/materiel-electrique\/commande-et-signalisation\/contact-auxiliaire-np2-be101-576841-1no-10a-chint\/\" \/>\n<meta property=\"og:locale\" content=\"fr_FR\" \/>\n<meta property=\"og:type\" content=\"article\" \/>\n<meta property=\"og:title\" content=\"Contact auxiliaire NP2-BE101 \/ 576841 \u2013 1 NO 10A 415V CHINT - Radper\" \/>\n<meta property=\"og:description\" content=\"Contact normalement ouvert CHINT NP2-BE101 \/ 576841 (1NO) \u2013 10 A \u2013 415 V. Compatible avec la s\u00e9rie NP2. Pour circuits de commande AC\/DC.\" \/>\n<meta property=\"og:url\" content=\"https:\/\/www.radper.com\/fr\/catalogues\/materiel-electrique\/commande-et-signalisation\/contact-auxiliaire-np2-be101-576841-1no-10a-chint\/\" \/>\n<meta property=\"og:site_name\" content=\"Radper\" \/>\n<meta property=\"article:modified_time\" content=\"2025-08-07T06:45:13+00:00\" \/>\n<meta property=\"og:image\" content=\"https:\/\/www.radper.com\/wp-content\/uploads\/2022\/08\/NP2-BE101.jpg\" \/>\n\t<meta property=\"og:image:width\" content=\"600\" \/>\n\t<meta property=\"og:image:height\" content=\"600\" \/>\n\t<meta property=\"og:image:type\" content=\"image\/jpeg\" \/>\n<meta name=\"twitter:card\" content=\"summary_large_image\" \/>\n<meta name=\"twitter:label1\" content=\"Dur\u00e9e de lecture estim\u00e9e\" \/>\n\t<meta name=\"twitter:data1\" content=\"1 minute\" \/>\n<script type=\"application\/ld+json\" class=\"yoast-schema-graph\">{\"@context\":\"https:\/\/schema.org\",\"@graph\":[{\"@type\":\"WebPage\",\"@id\":\"https:\/\/www.radper.com\/fr\/catalogues\/materiel-electrique\/commande-et-signalisation\/contact-auxiliaire-np2-be101-576841-1no-10a-chint\/\",\"url\":\"https:\/\/www.radper.com\/fr\/catalogues\/materiel-electrique\/commande-et-signalisation\/contact-auxiliaire-np2-be101-576841-1no-10a-chint\/\",\"name\":\"Contact auxiliaire NP2-BE101 \/ 576841 \u2013 1 NO 10A 415V CHINT - Radper\",\"isPartOf\":{\"@id\":\"https:\/\/www.radper.com\/fr\/#website\"},\"primaryImageOfPage\":{\"@id\":\"https:\/\/www.radper.com\/fr\/catalogues\/materiel-electrique\/commande-et-signalisation\/contact-auxiliaire-np2-be101-576841-1no-10a-chint\/#primaryimage\"},\"image\":{\"@id\":\"https:\/\/www.radper.com\/fr\/catalogues\/materiel-electrique\/commande-et-signalisation\/contact-auxiliaire-np2-be101-576841-1no-10a-chint\/#primaryimage\"},\"thumbnailUrl\":\"https:\/\/www.radper.com\/wp-content\/uploads\/2022\/08\/NP2-BE101.jpg\",\"datePublished\":\"2022-08-23T10:28:35+00:00\",\"dateModified\":\"2025-08-07T06:45:13+00:00\",\"description\":\"Contact normalement ouvert CHINT NP2-BE101 \/ 576841 (1NO) \u2013 10 A \u2013 415 V. Compatible avec la s\u00e9rie NP2. Pour circuits de commande AC\/DC.\",\"breadcrumb\":{\"@id\":\"https:\/\/www.radper.com\/fr\/catalogues\/materiel-electrique\/commande-et-signalisation\/contact-auxiliaire-np2-be101-576841-1no-10a-chint\/#breadcrumb\"},\"inLanguage\":\"fr-FR\",\"potentialAction\":[{\"@type\":\"ReadAction\",\"target\":[\"https:\/\/www.radper.com\/fr\/catalogues\/materiel-electrique\/commande-et-signalisation\/contact-auxiliaire-np2-be101-576841-1no-10a-chint\/\"]}]},{\"@type\":\"ImageObject\",\"inLanguage\":\"fr-FR\",\"@id\":\"https:\/\/www.radper.com\/fr\/catalogues\/materiel-electrique\/commande-et-signalisation\/contact-auxiliaire-np2-be101-576841-1no-10a-chint\/#primaryimage\",\"url\":\"https:\/\/www.radper.com\/wp-content\/uploads\/2022\/08\/NP2-BE101.jpg\",\"contentUrl\":\"https:\/\/www.radper.com\/wp-content\/uploads\/2022\/08\/NP2-BE101.jpg\",\"width\":600,\"height\":600},{\"@type\":\"BreadcrumbList\",\"@id\":\"https:\/\/www.radper.com\/fr\/catalogues\/materiel-electrique\/commande-et-signalisation\/contact-auxiliaire-np2-be101-576841-1no-10a-chint\/#breadcrumb\",\"itemListElement\":[{\"@type\":\"ListItem\",\"position\":1,\"name\":\"Accueil\",\"item\":\"https:\/\/www.radper.com\/fr\/\"},{\"@type\":\"ListItem\",\"position\":2,\"name\":\"Catalogue\",\"item\":\"https:\/\/www.radper.com\/fr\/catalogue\/\"},{\"@type\":\"ListItem\",\"position\":3,\"name\":\"Contact auxiliaire NP2-BE101 \/ 576841 \u2013 1 NO 10A 415V CHINT\"}]},{\"@type\":\"WebSite\",\"@id\":\"https:\/\/www.radper.com\/fr\/#website\",\"url\":\"https:\/\/www.radper.com\/fr\/\",\"name\":\"Radper\",\"description\":\"\",\"publisher\":{\"@id\":\"https:\/\/www.radper.com\/fr\/#organization\"},\"potentialAction\":[{\"@type\":\"SearchAction\",\"target\":{\"@type\":\"EntryPoint\",\"urlTemplate\":\"https:\/\/www.radper.com\/fr\/?s={search_term_string}\"},\"query-input\":{\"@type\":\"PropertyValueSpecification\",\"valueRequired\":true,\"valueName\":\"search_term_string\"}}],\"inLanguage\":\"fr-FR\"},{\"@type\":\"Organization\",\"@id\":\"https:\/\/www.radper.com\/fr\/#organization\",\"name\":\"radper\",\"url\":\"https:\/\/www.radper.com\/fr\/\",\"logo\":{\"@type\":\"ImageObject\",\"inLanguage\":\"fr-FR\",\"@id\":\"https:\/\/www.radper.com\/fr\/#\/schema\/logo\/image\/\",\"url\":\"https:\/\/radper.com\/wp-content\/uploads\/2021\/04\/logo-wide-11.png\",\"contentUrl\":\"https:\/\/radper.com\/wp-content\/uploads\/2021\/04\/logo-wide-11.png\",\"width\":250,\"height\":110,\"caption\":\"radper\"},\"image\":{\"@id\":\"https:\/\/www.radper.com\/fr\/#\/schema\/logo\/image\/\"}}]}<\/script>\n<!-- \/ Yoast SEO plugin. -->","yoast_head_json":{"title":"Contact auxiliaire NP2-BE101 \/ 576841 \u2013 1 NO 10A 415V CHINT - Radper","description":"Contact normalement ouvert CHINT NP2-BE101 \/ 576841 (1NO) \u2013 10 A \u2013 415 V. Compatible avec la s\u00e9rie NP2. Pour circuits de commande AC\/DC.","robots":{"index":"index","follow":"follow","max-snippet":"max-snippet:-1","max-image-preview":"max-image-preview:large","max-video-preview":"max-video-preview:-1"},"canonical":"https:\/\/www.radper.com\/fr\/catalogues\/materiel-electrique\/commande-et-signalisation\/contact-auxiliaire-np2-be101-576841-1no-10a-chint\/","og_locale":"fr_FR","og_type":"article","og_title":"Contact auxiliaire NP2-BE101 \/ 576841 \u2013 1 NO 10A 415V CHINT - Radper","og_description":"Contact normalement ouvert CHINT NP2-BE101 \/ 576841 (1NO) \u2013 10 A \u2013 415 V. Compatible avec la s\u00e9rie NP2. Pour circuits de commande AC\/DC.","og_url":"https:\/\/www.radper.com\/fr\/catalogues\/materiel-electrique\/commande-et-signalisation\/contact-auxiliaire-np2-be101-576841-1no-10a-chint\/","og_site_name":"Radper","article_modified_time":"2025-08-07T06:45:13+00:00","og_image":[{"width":600,"height":600,"url":"https:\/\/www.radper.com\/wp-content\/uploads\/2022\/08\/NP2-BE101.jpg","type":"image\/jpeg"}],"twitter_card":"summary_large_image","twitter_misc":{"Dur\u00e9e de lecture estim\u00e9e":"1 minute"},"schema":{"@context":"https:\/\/schema.org","@graph":[{"@type":"WebPage","@id":"https:\/\/www.radper.com\/fr\/catalogues\/materiel-electrique\/commande-et-signalisation\/contact-auxiliaire-np2-be101-576841-1no-10a-chint\/","url":"https:\/\/www.radper.com\/fr\/catalogues\/materiel-electrique\/commande-et-signalisation\/contact-auxiliaire-np2-be101-576841-1no-10a-chint\/","name":"Contact auxiliaire NP2-BE101 \/ 576841 \u2013 1 NO 10A 415V CHINT - Radper","isPartOf":{"@id":"https:\/\/www.radper.com\/fr\/#website"},"primaryImageOfPage":{"@id":"https:\/\/www.radper.com\/fr\/catalogues\/materiel-electrique\/commande-et-signalisation\/contact-auxiliaire-np2-be101-576841-1no-10a-chint\/#primaryimage"},"image":{"@id":"https:\/\/www.radper.com\/fr\/catalogues\/materiel-electrique\/commande-et-signalisation\/contact-auxiliaire-np2-be101-576841-1no-10a-chint\/#primaryimage"},"thumbnailUrl":"https:\/\/www.radper.com\/wp-content\/uploads\/2022\/08\/NP2-BE101.jpg","datePublished":"2022-08-23T10:28:35+00:00","dateModified":"2025-08-07T06:45:13+00:00","description":"Contact normalement ouvert CHINT NP2-BE101 \/ 576841 (1NO) \u2013 10 A \u2013 415 V. Compatible avec la s\u00e9rie NP2. Pour circuits de commande AC\/DC.","breadcrumb":{"@id":"https:\/\/www.radper.com\/fr\/catalogues\/materiel-electrique\/commande-et-signalisation\/contact-auxiliaire-np2-be101-576841-1no-10a-chint\/#breadcrumb"},"inLanguage":"fr-FR","potentialAction":[{"@type":"ReadAction","target":["https:\/\/www.radper.com\/fr\/catalogues\/materiel-electrique\/commande-et-signalisation\/contact-auxiliaire-np2-be101-576841-1no-10a-chint\/"]}]},{"@type":"ImageObject","inLanguage":"fr-FR","@id":"https:\/\/www.radper.com\/fr\/catalogues\/materiel-electrique\/commande-et-signalisation\/contact-auxiliaire-np2-be101-576841-1no-10a-chint\/#primaryimage","url":"https:\/\/www.radper.com\/wp-content\/uploads\/2022\/08\/NP2-BE101.jpg","contentUrl":"https:\/\/www.radper.com\/wp-content\/uploads\/2022\/08\/NP2-BE101.jpg","width":600,"height":600},{"@type":"BreadcrumbList","@id":"https:\/\/www.radper.com\/fr\/catalogues\/materiel-electrique\/commande-et-signalisation\/contact-auxiliaire-np2-be101-576841-1no-10a-chint\/#breadcrumb","itemListElement":[{"@type":"ListItem","position":1,"name":"Accueil","item":"https:\/\/www.radper.com\/fr\/"},{"@type":"ListItem","position":2,"name":"Catalogue","item":"https:\/\/www.radper.com\/fr\/catalogue\/"},{"@type":"ListItem","position":3,"name":"Contact auxiliaire NP2-BE101 \/ 576841 \u2013 1 NO 10A 415V CHINT"}]},{"@type":"WebSite","@id":"https:\/\/www.radper.com\/fr\/#website","url":"https:\/\/www.radper.com\/fr\/","name":"Radper","description":"","publisher":{"@id":"https:\/\/www.radper.com\/fr\/#organization"},"potentialAction":[{"@type":"SearchAction","target":{"@type":"EntryPoint","urlTemplate":"https:\/\/www.radper.com\/fr\/?s={search_term_string}"},"query-input":{"@type":"PropertyValueSpecification","valueRequired":true,"valueName":"search_term_string"}}],"inLanguage":"fr-FR"},{"@type":"Organization","@id":"https:\/\/www.radper.com\/fr\/#organization","name":"radper","url":"https:\/\/www.radper.com\/fr\/","logo":{"@type":"ImageObject","inLanguage":"fr-FR","@id":"https:\/\/www.radper.com\/fr\/#\/schema\/logo\/image\/","url":"https:\/\/radper.com\/wp-content\/uploads\/2021\/04\/logo-wide-11.png","contentUrl":"https:\/\/radper.com\/wp-content\/uploads\/2021\/04\/logo-wide-11.png","width":250,"height":110,"caption":"radper"},"image":{"@id":"https:\/\/www.radper.com\/fr\/#\/schema\/logo\/image\/"}}]}},"_links":{"self":[{"href":"https:\/\/www.radper.com\/fr\/wp-json\/wp\/v2\/product\/13702","targetHints":{"allow":["GET"]}}],"collection":[{"href":"https:\/\/www.radper.com\/fr\/wp-json\/wp\/v2\/product"}],"about":[{"href":"https:\/\/www.radper.com\/fr\/wp-json\/wp\/v2\/types\/product"}],"wp:featuredmedia":[{"embeddable":true,"href":"https:\/\/www.radper.com\/fr\/wp-json\/wp\/v2\/media\/13107"}],"wp:attachment":[{"href":"https:\/\/www.radper.com\/fr\/wp-json\/wp\/v2\/media?parent=13702"}],"wp:term":[{"taxonomy":"product_brand","embeddable":true,"href":"https:\/\/www.radper.com\/fr\/wp-json\/wp\/v2\/product_brand?post=13702"},{"taxonomy":"product_cat","embeddable":true,"href":"https:\/\/www.radper.com\/fr\/wp-json\/wp\/v2\/product_cat?post=13702"},{"taxonomy":"product_tag","embeddable":true,"href":"https:\/\/www.radper.com\/fr\/wp-json\/wp\/v2\/product_tag?post=13702"}],"curies":[{"name":"wp","href":"https:\/\/api.w.org\/{rel}","templated":true}]}}