{"id":13744,"date":"2022-08-23T10:28:47","date_gmt":"2022-08-23T10:28:47","guid":{"rendered":"https:\/\/www.radper.com\/produit\/boutons-poussoirs-chint-np2-ea42-check-couleur\/"},"modified":"2025-08-05T09:36:13","modified_gmt":"2025-08-05T09:36:13","slug":"boutons-poussoirs-check-couleur-np2-ea42-574089-chint","status":"publish","type":"product","link":"https:\/\/www.radper.com\/fr\/catalogues\/materiel-electrique\/commande-et-signalisation\/boutons-poussoirs-check-couleur-np2-ea42-574089-chint\/","title":{"rendered":"Bouton-poussoir 1NC rouge NP2-EA42 \/ 574089 CHINT"},"content":{"rendered":"<p data-start=\"457\" data-end=\"698\">Le bouton-poussoir NP2-EA42 de CHINT est con\u00e7u pour les applications de commande simples et fiables. Dot\u00e9 d\u2019un contact normalement ferm\u00e9 (1NC) et d\u2019une t\u00eate de couleur rouge, ce bouton est souvent utilis\u00e9 comme bouton d&rsquo;arr\u00eat ou de s\u00e9curit\u00e9.<\/p>\n<p data-start=\"700\" data-end=\"864\">Sa conception robuste permet une utilisation dans des environnements industriels standards, avec une plage de temp\u00e9rature de fonctionnement allant de -10\u00b0C \u00e0 +40\u00b0C.<\/p>\n<ul data-start=\"902\" data-end=\"1107\">\n<li data-start=\"1043\" data-end=\"1107\">\n<p data-start=\"1045\" data-end=\"1107\"><strong>Application<\/strong> : Commande \/ Arr\u00eat d\u2019urgence \/ Signalisation<\/p>\n<\/li>\n<\/ul>\n<p data-start=\"1109\" data-end=\"1218\">Compact, fiable et facile \u00e0 int\u00e9grer, le NP2-EA42 s\u2019adapte parfaitement \u00e0 vos besoins en contr\u00f4le industriel.<\/p>\n<p data-start=\"1109\" data-end=\"1218\"><!--StartFragment --><span class=\"cf0\">\u27a1\ufe0f<\/span><span class=\"cf1\"> Proposez-vous des devis personnalis\u00e9s ?<\/span><\/p>\n<p data-start=\"1109\" data-end=\"1218\"><span class=\"cf2\">Oui, Radper vous offre des devis gratuits sur mesure.<\/span><\/p>\n<p data-start=\"1109\" data-end=\"1218\"><span class=\"cf3\">\u27a4<\/span><a href=\"https:\/\/www.radper.com\/fr\/demande-de-devis\/\"><span class=\"cf4\"> Demander un devis ici<\/span><\/a> <!--EndFragment --><\/p>\n","protected":false},"excerpt":{"rendered":"<p>NP2-EA42 \/ 574089<\/p>\n","protected":false},"featured_media":13198,"template":"","meta":{"_acf_changed":false},"product_brand":[],"product_cat":[793],"product_tag":[],"class_list":{"0":"post-13744","1":"product","2":"type-product","3":"status-publish","4":"has-post-thumbnail","6":"product_cat-commande-et-signalisation","7":"pa_marque-chint","9":"first","10":"instock","11":"featured","12":"taxable","13":"shipping-taxable","14":"purchasable","15":"product-type-simple"},"acf":[],"yoast_head":"<!-- This site is optimized with the Yoast SEO plugin v26.2 - https:\/\/yoast.com\/wordpress\/plugins\/seo\/ -->\n<title>Bouton-poussoir 1NC rouge NP2-EA42 \/ 574089 CHINT - Radper<\/title>\n<meta name=\"description\" content=\"D\u00e9couvrez le bouton-poussoir NP2-EA42 \/ 574089 CHINT avec contact 1NC et t\u00eate rouge. Id\u00e9al pour les arr\u00eats d&#039;urgence. Devis personnalis\u00e9 via Radper.\" \/>\n<meta name=\"robots\" content=\"index, follow, max-snippet:-1, max-image-preview:large, max-video-preview:-1\" \/>\n<link rel=\"canonical\" href=\"https:\/\/www.radper.com\/fr\/catalogues\/materiel-electrique\/commande-et-signalisation\/boutons-poussoirs-check-couleur-np2-ea42-574089-chint\/\" \/>\n<meta property=\"og:locale\" content=\"fr_FR\" \/>\n<meta property=\"og:type\" content=\"article\" \/>\n<meta property=\"og:title\" content=\"Bouton-poussoir 1NC rouge NP2-EA42 \/ 574089 CHINT - Radper\" \/>\n<meta property=\"og:description\" content=\"D\u00e9couvrez le bouton-poussoir NP2-EA42 \/ 574089 CHINT avec contact 1NC et t\u00eate rouge. Id\u00e9al pour les arr\u00eats d&#039;urgence. Devis personnalis\u00e9 via Radper.\" \/>\n<meta property=\"og:url\" content=\"https:\/\/www.radper.com\/fr\/catalogues\/materiel-electrique\/commande-et-signalisation\/boutons-poussoirs-check-couleur-np2-ea42-574089-chint\/\" \/>\n<meta property=\"og:site_name\" content=\"Radper\" \/>\n<meta property=\"article:modified_time\" content=\"2025-08-05T09:36:13+00:00\" \/>\n<meta property=\"og:image\" content=\"https:\/\/www.radper.com\/wp-content\/uploads\/2022\/08\/NP2-EA42check_couleur.jpg\" \/>\n\t<meta property=\"og:image:width\" content=\"600\" \/>\n\t<meta property=\"og:image:height\" content=\"600\" \/>\n\t<meta property=\"og:image:type\" content=\"image\/jpeg\" \/>\n<meta name=\"twitter:card\" content=\"summary_large_image\" \/>\n<meta name=\"twitter:label1\" content=\"Dur\u00e9e de lecture estim\u00e9e\" \/>\n\t<meta name=\"twitter:data1\" content=\"1 minute\" \/>\n<script type=\"application\/ld+json\" class=\"yoast-schema-graph\">{\"@context\":\"https:\/\/schema.org\",\"@graph\":[{\"@type\":\"WebPage\",\"@id\":\"https:\/\/www.radper.com\/fr\/catalogues\/materiel-electrique\/commande-et-signalisation\/boutons-poussoirs-check-couleur-np2-ea42-574089-chint\/\",\"url\":\"https:\/\/www.radper.com\/fr\/catalogues\/materiel-electrique\/commande-et-signalisation\/boutons-poussoirs-check-couleur-np2-ea42-574089-chint\/\",\"name\":\"Bouton-poussoir 1NC rouge NP2-EA42 \/ 574089 CHINT - Radper\",\"isPartOf\":{\"@id\":\"https:\/\/www.radper.com\/fr\/#website\"},\"primaryImageOfPage\":{\"@id\":\"https:\/\/www.radper.com\/fr\/catalogues\/materiel-electrique\/commande-et-signalisation\/boutons-poussoirs-check-couleur-np2-ea42-574089-chint\/#primaryimage\"},\"image\":{\"@id\":\"https:\/\/www.radper.com\/fr\/catalogues\/materiel-electrique\/commande-et-signalisation\/boutons-poussoirs-check-couleur-np2-ea42-574089-chint\/#primaryimage\"},\"thumbnailUrl\":\"https:\/\/www.radper.com\/wp-content\/uploads\/2022\/08\/NP2-EA42check_couleur.jpg\",\"datePublished\":\"2022-08-23T10:28:47+00:00\",\"dateModified\":\"2025-08-05T09:36:13+00:00\",\"description\":\"D\u00e9couvrez le bouton-poussoir NP2-EA42 \/ 574089 CHINT avec contact 1NC et t\u00eate rouge. Id\u00e9al pour les arr\u00eats d'urgence. Devis personnalis\u00e9 via Radper.\",\"breadcrumb\":{\"@id\":\"https:\/\/www.radper.com\/fr\/catalogues\/materiel-electrique\/commande-et-signalisation\/boutons-poussoirs-check-couleur-np2-ea42-574089-chint\/#breadcrumb\"},\"inLanguage\":\"fr-FR\",\"potentialAction\":[{\"@type\":\"ReadAction\",\"target\":[\"https:\/\/www.radper.com\/fr\/catalogues\/materiel-electrique\/commande-et-signalisation\/boutons-poussoirs-check-couleur-np2-ea42-574089-chint\/\"]}]},{\"@type\":\"ImageObject\",\"inLanguage\":\"fr-FR\",\"@id\":\"https:\/\/www.radper.com\/fr\/catalogues\/materiel-electrique\/commande-et-signalisation\/boutons-poussoirs-check-couleur-np2-ea42-574089-chint\/#primaryimage\",\"url\":\"https:\/\/www.radper.com\/wp-content\/uploads\/2022\/08\/NP2-EA42check_couleur.jpg\",\"contentUrl\":\"https:\/\/www.radper.com\/wp-content\/uploads\/2022\/08\/NP2-EA42check_couleur.jpg\",\"width\":600,\"height\":600},{\"@type\":\"BreadcrumbList\",\"@id\":\"https:\/\/www.radper.com\/fr\/catalogues\/materiel-electrique\/commande-et-signalisation\/boutons-poussoirs-check-couleur-np2-ea42-574089-chint\/#breadcrumb\",\"itemListElement\":[{\"@type\":\"ListItem\",\"position\":1,\"name\":\"Accueil\",\"item\":\"https:\/\/www.radper.com\/fr\/\"},{\"@type\":\"ListItem\",\"position\":2,\"name\":\"Catalogue\",\"item\":\"https:\/\/www.radper.com\/fr\/catalogue\/\"},{\"@type\":\"ListItem\",\"position\":3,\"name\":\"Bouton-poussoir 1NC rouge NP2-EA42 \/ 574089 CHINT\"}]},{\"@type\":\"WebSite\",\"@id\":\"https:\/\/www.radper.com\/fr\/#website\",\"url\":\"https:\/\/www.radper.com\/fr\/\",\"name\":\"Radper\",\"description\":\"\",\"publisher\":{\"@id\":\"https:\/\/www.radper.com\/fr\/#organization\"},\"potentialAction\":[{\"@type\":\"SearchAction\",\"target\":{\"@type\":\"EntryPoint\",\"urlTemplate\":\"https:\/\/www.radper.com\/fr\/?s={search_term_string}\"},\"query-input\":{\"@type\":\"PropertyValueSpecification\",\"valueRequired\":true,\"valueName\":\"search_term_string\"}}],\"inLanguage\":\"fr-FR\"},{\"@type\":\"Organization\",\"@id\":\"https:\/\/www.radper.com\/fr\/#organization\",\"name\":\"radper\",\"url\":\"https:\/\/www.radper.com\/fr\/\",\"logo\":{\"@type\":\"ImageObject\",\"inLanguage\":\"fr-FR\",\"@id\":\"https:\/\/www.radper.com\/fr\/#\/schema\/logo\/image\/\",\"url\":\"https:\/\/radper.com\/wp-content\/uploads\/2021\/04\/logo-wide-11.png\",\"contentUrl\":\"https:\/\/radper.com\/wp-content\/uploads\/2021\/04\/logo-wide-11.png\",\"width\":250,\"height\":110,\"caption\":\"radper\"},\"image\":{\"@id\":\"https:\/\/www.radper.com\/fr\/#\/schema\/logo\/image\/\"}}]}<\/script>\n<!-- \/ Yoast SEO plugin. -->","yoast_head_json":{"title":"Bouton-poussoir 1NC rouge NP2-EA42 \/ 574089 CHINT - Radper","description":"D\u00e9couvrez le bouton-poussoir NP2-EA42 \/ 574089 CHINT avec contact 1NC et t\u00eate rouge. Id\u00e9al pour les arr\u00eats d'urgence. Devis personnalis\u00e9 via Radper.","robots":{"index":"index","follow":"follow","max-snippet":"max-snippet:-1","max-image-preview":"max-image-preview:large","max-video-preview":"max-video-preview:-1"},"canonical":"https:\/\/www.radper.com\/fr\/catalogues\/materiel-electrique\/commande-et-signalisation\/boutons-poussoirs-check-couleur-np2-ea42-574089-chint\/","og_locale":"fr_FR","og_type":"article","og_title":"Bouton-poussoir 1NC rouge NP2-EA42 \/ 574089 CHINT - Radper","og_description":"D\u00e9couvrez le bouton-poussoir NP2-EA42 \/ 574089 CHINT avec contact 1NC et t\u00eate rouge. Id\u00e9al pour les arr\u00eats d'urgence. Devis personnalis\u00e9 via Radper.","og_url":"https:\/\/www.radper.com\/fr\/catalogues\/materiel-electrique\/commande-et-signalisation\/boutons-poussoirs-check-couleur-np2-ea42-574089-chint\/","og_site_name":"Radper","article_modified_time":"2025-08-05T09:36:13+00:00","og_image":[{"width":600,"height":600,"url":"https:\/\/www.radper.com\/wp-content\/uploads\/2022\/08\/NP2-EA42check_couleur.jpg","type":"image\/jpeg"}],"twitter_card":"summary_large_image","twitter_misc":{"Dur\u00e9e de lecture estim\u00e9e":"1 minute"},"schema":{"@context":"https:\/\/schema.org","@graph":[{"@type":"WebPage","@id":"https:\/\/www.radper.com\/fr\/catalogues\/materiel-electrique\/commande-et-signalisation\/boutons-poussoirs-check-couleur-np2-ea42-574089-chint\/","url":"https:\/\/www.radper.com\/fr\/catalogues\/materiel-electrique\/commande-et-signalisation\/boutons-poussoirs-check-couleur-np2-ea42-574089-chint\/","name":"Bouton-poussoir 1NC rouge NP2-EA42 \/ 574089 CHINT - Radper","isPartOf":{"@id":"https:\/\/www.radper.com\/fr\/#website"},"primaryImageOfPage":{"@id":"https:\/\/www.radper.com\/fr\/catalogues\/materiel-electrique\/commande-et-signalisation\/boutons-poussoirs-check-couleur-np2-ea42-574089-chint\/#primaryimage"},"image":{"@id":"https:\/\/www.radper.com\/fr\/catalogues\/materiel-electrique\/commande-et-signalisation\/boutons-poussoirs-check-couleur-np2-ea42-574089-chint\/#primaryimage"},"thumbnailUrl":"https:\/\/www.radper.com\/wp-content\/uploads\/2022\/08\/NP2-EA42check_couleur.jpg","datePublished":"2022-08-23T10:28:47+00:00","dateModified":"2025-08-05T09:36:13+00:00","description":"D\u00e9couvrez le bouton-poussoir NP2-EA42 \/ 574089 CHINT avec contact 1NC et t\u00eate rouge. Id\u00e9al pour les arr\u00eats d'urgence. Devis personnalis\u00e9 via Radper.","breadcrumb":{"@id":"https:\/\/www.radper.com\/fr\/catalogues\/materiel-electrique\/commande-et-signalisation\/boutons-poussoirs-check-couleur-np2-ea42-574089-chint\/#breadcrumb"},"inLanguage":"fr-FR","potentialAction":[{"@type":"ReadAction","target":["https:\/\/www.radper.com\/fr\/catalogues\/materiel-electrique\/commande-et-signalisation\/boutons-poussoirs-check-couleur-np2-ea42-574089-chint\/"]}]},{"@type":"ImageObject","inLanguage":"fr-FR","@id":"https:\/\/www.radper.com\/fr\/catalogues\/materiel-electrique\/commande-et-signalisation\/boutons-poussoirs-check-couleur-np2-ea42-574089-chint\/#primaryimage","url":"https:\/\/www.radper.com\/wp-content\/uploads\/2022\/08\/NP2-EA42check_couleur.jpg","contentUrl":"https:\/\/www.radper.com\/wp-content\/uploads\/2022\/08\/NP2-EA42check_couleur.jpg","width":600,"height":600},{"@type":"BreadcrumbList","@id":"https:\/\/www.radper.com\/fr\/catalogues\/materiel-electrique\/commande-et-signalisation\/boutons-poussoirs-check-couleur-np2-ea42-574089-chint\/#breadcrumb","itemListElement":[{"@type":"ListItem","position":1,"name":"Accueil","item":"https:\/\/www.radper.com\/fr\/"},{"@type":"ListItem","position":2,"name":"Catalogue","item":"https:\/\/www.radper.com\/fr\/catalogue\/"},{"@type":"ListItem","position":3,"name":"Bouton-poussoir 1NC rouge NP2-EA42 \/ 574089 CHINT"}]},{"@type":"WebSite","@id":"https:\/\/www.radper.com\/fr\/#website","url":"https:\/\/www.radper.com\/fr\/","name":"Radper","description":"","publisher":{"@id":"https:\/\/www.radper.com\/fr\/#organization"},"potentialAction":[{"@type":"SearchAction","target":{"@type":"EntryPoint","urlTemplate":"https:\/\/www.radper.com\/fr\/?s={search_term_string}"},"query-input":{"@type":"PropertyValueSpecification","valueRequired":true,"valueName":"search_term_string"}}],"inLanguage":"fr-FR"},{"@type":"Organization","@id":"https:\/\/www.radper.com\/fr\/#organization","name":"radper","url":"https:\/\/www.radper.com\/fr\/","logo":{"@type":"ImageObject","inLanguage":"fr-FR","@id":"https:\/\/www.radper.com\/fr\/#\/schema\/logo\/image\/","url":"https:\/\/radper.com\/wp-content\/uploads\/2021\/04\/logo-wide-11.png","contentUrl":"https:\/\/radper.com\/wp-content\/uploads\/2021\/04\/logo-wide-11.png","width":250,"height":110,"caption":"radper"},"image":{"@id":"https:\/\/www.radper.com\/fr\/#\/schema\/logo\/image\/"}}]}},"_links":{"self":[{"href":"https:\/\/www.radper.com\/fr\/wp-json\/wp\/v2\/product\/13744","targetHints":{"allow":["GET"]}}],"collection":[{"href":"https:\/\/www.radper.com\/fr\/wp-json\/wp\/v2\/product"}],"about":[{"href":"https:\/\/www.radper.com\/fr\/wp-json\/wp\/v2\/types\/product"}],"wp:featuredmedia":[{"embeddable":true,"href":"https:\/\/www.radper.com\/fr\/wp-json\/wp\/v2\/media\/13198"}],"wp:attachment":[{"href":"https:\/\/www.radper.com\/fr\/wp-json\/wp\/v2\/media?parent=13744"}],"wp:term":[{"taxonomy":"product_brand","embeddable":true,"href":"https:\/\/www.radper.com\/fr\/wp-json\/wp\/v2\/product_brand?post=13744"},{"taxonomy":"product_cat","embeddable":true,"href":"https:\/\/www.radper.com\/fr\/wp-json\/wp\/v2\/product_cat?post=13744"},{"taxonomy":"product_tag","embeddable":true,"href":"https:\/\/www.radper.com\/fr\/wp-json\/wp\/v2\/product_tag?post=13744"}],"curies":[{"name":"wp","href":"https:\/\/api.w.org\/{rel}","templated":true}]}}