{"id":15581,"date":"2022-10-19T08:13:24","date_gmt":"2022-10-19T08:13:24","guid":{"rendered":"https:\/\/www.radper.com\/produit\/detecteur-a-palette-rotative-uwt-rotonivo-rn-6001\/"},"modified":"2026-04-28T16:02:01","modified_gmt":"2026-04-28T16:02:01","slug":"detecteur-a-palette-rotative-rotonivo-rn-6001-uwt","status":"publish","type":"product","link":"https:\/\/www.radper.com\/fr\/catalogues\/instrumentations\/mesure-de-niveau\/detecteur-a-palette-rotative-rotonivo-rn-6001-uwt\/","title":{"rendered":"D\u00e9tecteur \u00e0 palette rotative Rotonivo\u00ae  RN 6001 UWT"},"content":{"rendered":"<p>Le d\u00e9tecteur \u00e0 palette rotative Rotonivo\u00ae RN 6001 est utilis\u00e9 dans les cuves de stockage et de traitement comme d\u00e9tecteur de plein, de demande et de vide dans tous les mat\u00e9riaux en vrac et peut \u00eatre configur\u00e9 pour des temp\u00e9ratures de traitement allant jusqu&rsquo;\u00e0 +1100 \u00b0C et une surpression de traitement allant jusqu&rsquo;\u00e0 10 bar. Le RN 6001 offre plus d&rsquo;espace pour le c\u00e2blage gr\u00e2ce \u00e0 un bo\u00eetier plus grand, des bo\u00eetiers antid\u00e9flagrants pour une utilisation dans les zones GasEx et une certification SIL2.<\/p>\n","protected":false},"excerpt":{"rendered":"<p>RN 6001<\/p>\n","protected":false},"featured_media":15483,"template":"","meta":{"_acf_changed":false},"product_brand":[],"product_cat":[754],"product_tag":[],"class_list":{"0":"post-15581","1":"product","2":"type-product","3":"status-publish","4":"has-post-thumbnail","6":"product_cat-mesure-de-niveau","7":"pa_marque-uwt","9":"first","10":"instock","11":"featured","12":"taxable","13":"shipping-taxable","14":"product-type-simple"},"acf":[],"yoast_head":"<!-- This site is optimized with the Yoast SEO plugin v26.2 - https:\/\/yoast.com\/wordpress\/plugins\/seo\/ -->\n<title>D\u00e9tecteur \u00e0 palette rotative Rotonivo\u00ae RN 6001 UWT - Radper<\/title>\n<meta name=\"robots\" content=\"index, follow, max-snippet:-1, max-image-preview:large, max-video-preview:-1\" \/>\n<link rel=\"canonical\" href=\"https:\/\/www.radper.com\/fr\/catalogues\/instrumentations\/mesure-de-niveau\/detecteur-a-palette-rotative-rotonivo-rn-6001-uwt\/\" \/>\n<meta property=\"og:locale\" content=\"fr_FR\" \/>\n<meta property=\"og:type\" content=\"article\" \/>\n<meta property=\"og:title\" content=\"D\u00e9tecteur \u00e0 palette rotative Rotonivo\u00ae RN 6001 UWT - Radper\" \/>\n<meta property=\"og:description\" content=\"RN 6001\" \/>\n<meta property=\"og:url\" content=\"https:\/\/www.radper.com\/fr\/catalogues\/instrumentations\/mesure-de-niveau\/detecteur-a-palette-rotative-rotonivo-rn-6001-uwt\/\" \/>\n<meta property=\"og:site_name\" content=\"Radper\" \/>\n<meta property=\"article:modified_time\" content=\"2026-04-28T16:02:01+00:00\" \/>\n<meta property=\"og:image\" content=\"https:\/\/www.radper.com\/wp-content\/uploads\/2022\/10\/Rotonivo\u00ae-RN-6001.jpg\" \/>\n\t<meta property=\"og:image:width\" content=\"600\" \/>\n\t<meta property=\"og:image:height\" content=\"600\" \/>\n\t<meta property=\"og:image:type\" content=\"image\/jpeg\" \/>\n<meta name=\"twitter:card\" content=\"summary_large_image\" \/>\n<script type=\"application\/ld+json\" class=\"yoast-schema-graph\">{\"@context\":\"https:\/\/schema.org\",\"@graph\":[{\"@type\":\"WebPage\",\"@id\":\"https:\/\/www.radper.com\/fr\/catalogues\/instrumentations\/mesure-de-niveau\/detecteur-a-palette-rotative-rotonivo-rn-6001-uwt\/\",\"url\":\"https:\/\/www.radper.com\/fr\/catalogues\/instrumentations\/mesure-de-niveau\/detecteur-a-palette-rotative-rotonivo-rn-6001-uwt\/\",\"name\":\"D\u00e9tecteur \u00e0 palette rotative Rotonivo\u00ae RN 6001 UWT - Radper\",\"isPartOf\":{\"@id\":\"https:\/\/www.radper.com\/fr\/#website\"},\"primaryImageOfPage\":{\"@id\":\"https:\/\/www.radper.com\/fr\/catalogues\/instrumentations\/mesure-de-niveau\/detecteur-a-palette-rotative-rotonivo-rn-6001-uwt\/#primaryimage\"},\"image\":{\"@id\":\"https:\/\/www.radper.com\/fr\/catalogues\/instrumentations\/mesure-de-niveau\/detecteur-a-palette-rotative-rotonivo-rn-6001-uwt\/#primaryimage\"},\"thumbnailUrl\":\"https:\/\/www.radper.com\/wp-content\/uploads\/2022\/10\/Rotonivo\u00ae-RN-6001.jpg\",\"datePublished\":\"2022-10-19T08:13:24+00:00\",\"dateModified\":\"2026-04-28T16:02:01+00:00\",\"breadcrumb\":{\"@id\":\"https:\/\/www.radper.com\/fr\/catalogues\/instrumentations\/mesure-de-niveau\/detecteur-a-palette-rotative-rotonivo-rn-6001-uwt\/#breadcrumb\"},\"inLanguage\":\"fr-FR\",\"potentialAction\":[{\"@type\":\"ReadAction\",\"target\":[\"https:\/\/www.radper.com\/fr\/catalogues\/instrumentations\/mesure-de-niveau\/detecteur-a-palette-rotative-rotonivo-rn-6001-uwt\/\"]}]},{\"@type\":\"ImageObject\",\"inLanguage\":\"fr-FR\",\"@id\":\"https:\/\/www.radper.com\/fr\/catalogues\/instrumentations\/mesure-de-niveau\/detecteur-a-palette-rotative-rotonivo-rn-6001-uwt\/#primaryimage\",\"url\":\"https:\/\/www.radper.com\/wp-content\/uploads\/2022\/10\/Rotonivo\u00ae-RN-6001.jpg\",\"contentUrl\":\"https:\/\/www.radper.com\/wp-content\/uploads\/2022\/10\/Rotonivo\u00ae-RN-6001.jpg\",\"width\":600,\"height\":600},{\"@type\":\"BreadcrumbList\",\"@id\":\"https:\/\/www.radper.com\/fr\/catalogues\/instrumentations\/mesure-de-niveau\/detecteur-a-palette-rotative-rotonivo-rn-6001-uwt\/#breadcrumb\",\"itemListElement\":[{\"@type\":\"ListItem\",\"position\":1,\"name\":\"Accueil\",\"item\":\"https:\/\/www.radper.com\/fr\/\"},{\"@type\":\"ListItem\",\"position\":2,\"name\":\"Catalogue\",\"item\":\"https:\/\/www.radper.com\/fr\/catalogue\/\"},{\"@type\":\"ListItem\",\"position\":3,\"name\":\"D\u00e9tecteur \u00e0 palette rotative Rotonivo\u00ae RN 6001 UWT\"}]},{\"@type\":\"WebSite\",\"@id\":\"https:\/\/www.radper.com\/fr\/#website\",\"url\":\"https:\/\/www.radper.com\/fr\/\",\"name\":\"Radper\",\"description\":\"\",\"publisher\":{\"@id\":\"https:\/\/www.radper.com\/fr\/#organization\"},\"potentialAction\":[{\"@type\":\"SearchAction\",\"target\":{\"@type\":\"EntryPoint\",\"urlTemplate\":\"https:\/\/www.radper.com\/fr\/?s={search_term_string}\"},\"query-input\":{\"@type\":\"PropertyValueSpecification\",\"valueRequired\":true,\"valueName\":\"search_term_string\"}}],\"inLanguage\":\"fr-FR\"},{\"@type\":\"Organization\",\"@id\":\"https:\/\/www.radper.com\/fr\/#organization\",\"name\":\"radper\",\"url\":\"https:\/\/www.radper.com\/fr\/\",\"logo\":{\"@type\":\"ImageObject\",\"inLanguage\":\"fr-FR\",\"@id\":\"https:\/\/www.radper.com\/fr\/#\/schema\/logo\/image\/\",\"url\":\"https:\/\/radper.com\/wp-content\/uploads\/2021\/04\/logo-wide-11.png\",\"contentUrl\":\"https:\/\/radper.com\/wp-content\/uploads\/2021\/04\/logo-wide-11.png\",\"width\":250,\"height\":110,\"caption\":\"radper\"},\"image\":{\"@id\":\"https:\/\/www.radper.com\/fr\/#\/schema\/logo\/image\/\"}}]}<\/script>\n<!-- \/ Yoast SEO plugin. -->","yoast_head_json":{"title":"D\u00e9tecteur \u00e0 palette rotative Rotonivo\u00ae RN 6001 UWT - Radper","robots":{"index":"index","follow":"follow","max-snippet":"max-snippet:-1","max-image-preview":"max-image-preview:large","max-video-preview":"max-video-preview:-1"},"canonical":"https:\/\/www.radper.com\/fr\/catalogues\/instrumentations\/mesure-de-niveau\/detecteur-a-palette-rotative-rotonivo-rn-6001-uwt\/","og_locale":"fr_FR","og_type":"article","og_title":"D\u00e9tecteur \u00e0 palette rotative Rotonivo\u00ae RN 6001 UWT - Radper","og_description":"RN 6001","og_url":"https:\/\/www.radper.com\/fr\/catalogues\/instrumentations\/mesure-de-niveau\/detecteur-a-palette-rotative-rotonivo-rn-6001-uwt\/","og_site_name":"Radper","article_modified_time":"2026-04-28T16:02:01+00:00","og_image":[{"width":600,"height":600,"url":"https:\/\/www.radper.com\/wp-content\/uploads\/2022\/10\/Rotonivo\u00ae-RN-6001.jpg","type":"image\/jpeg"}],"twitter_card":"summary_large_image","schema":{"@context":"https:\/\/schema.org","@graph":[{"@type":"WebPage","@id":"https:\/\/www.radper.com\/fr\/catalogues\/instrumentations\/mesure-de-niveau\/detecteur-a-palette-rotative-rotonivo-rn-6001-uwt\/","url":"https:\/\/www.radper.com\/fr\/catalogues\/instrumentations\/mesure-de-niveau\/detecteur-a-palette-rotative-rotonivo-rn-6001-uwt\/","name":"D\u00e9tecteur \u00e0 palette rotative Rotonivo\u00ae RN 6001 UWT - Radper","isPartOf":{"@id":"https:\/\/www.radper.com\/fr\/#website"},"primaryImageOfPage":{"@id":"https:\/\/www.radper.com\/fr\/catalogues\/instrumentations\/mesure-de-niveau\/detecteur-a-palette-rotative-rotonivo-rn-6001-uwt\/#primaryimage"},"image":{"@id":"https:\/\/www.radper.com\/fr\/catalogues\/instrumentations\/mesure-de-niveau\/detecteur-a-palette-rotative-rotonivo-rn-6001-uwt\/#primaryimage"},"thumbnailUrl":"https:\/\/www.radper.com\/wp-content\/uploads\/2022\/10\/Rotonivo\u00ae-RN-6001.jpg","datePublished":"2022-10-19T08:13:24+00:00","dateModified":"2026-04-28T16:02:01+00:00","breadcrumb":{"@id":"https:\/\/www.radper.com\/fr\/catalogues\/instrumentations\/mesure-de-niveau\/detecteur-a-palette-rotative-rotonivo-rn-6001-uwt\/#breadcrumb"},"inLanguage":"fr-FR","potentialAction":[{"@type":"ReadAction","target":["https:\/\/www.radper.com\/fr\/catalogues\/instrumentations\/mesure-de-niveau\/detecteur-a-palette-rotative-rotonivo-rn-6001-uwt\/"]}]},{"@type":"ImageObject","inLanguage":"fr-FR","@id":"https:\/\/www.radper.com\/fr\/catalogues\/instrumentations\/mesure-de-niveau\/detecteur-a-palette-rotative-rotonivo-rn-6001-uwt\/#primaryimage","url":"https:\/\/www.radper.com\/wp-content\/uploads\/2022\/10\/Rotonivo\u00ae-RN-6001.jpg","contentUrl":"https:\/\/www.radper.com\/wp-content\/uploads\/2022\/10\/Rotonivo\u00ae-RN-6001.jpg","width":600,"height":600},{"@type":"BreadcrumbList","@id":"https:\/\/www.radper.com\/fr\/catalogues\/instrumentations\/mesure-de-niveau\/detecteur-a-palette-rotative-rotonivo-rn-6001-uwt\/#breadcrumb","itemListElement":[{"@type":"ListItem","position":1,"name":"Accueil","item":"https:\/\/www.radper.com\/fr\/"},{"@type":"ListItem","position":2,"name":"Catalogue","item":"https:\/\/www.radper.com\/fr\/catalogue\/"},{"@type":"ListItem","position":3,"name":"D\u00e9tecteur \u00e0 palette rotative Rotonivo\u00ae RN 6001 UWT"}]},{"@type":"WebSite","@id":"https:\/\/www.radper.com\/fr\/#website","url":"https:\/\/www.radper.com\/fr\/","name":"Radper","description":"","publisher":{"@id":"https:\/\/www.radper.com\/fr\/#organization"},"potentialAction":[{"@type":"SearchAction","target":{"@type":"EntryPoint","urlTemplate":"https:\/\/www.radper.com\/fr\/?s={search_term_string}"},"query-input":{"@type":"PropertyValueSpecification","valueRequired":true,"valueName":"search_term_string"}}],"inLanguage":"fr-FR"},{"@type":"Organization","@id":"https:\/\/www.radper.com\/fr\/#organization","name":"radper","url":"https:\/\/www.radper.com\/fr\/","logo":{"@type":"ImageObject","inLanguage":"fr-FR","@id":"https:\/\/www.radper.com\/fr\/#\/schema\/logo\/image\/","url":"https:\/\/radper.com\/wp-content\/uploads\/2021\/04\/logo-wide-11.png","contentUrl":"https:\/\/radper.com\/wp-content\/uploads\/2021\/04\/logo-wide-11.png","width":250,"height":110,"caption":"radper"},"image":{"@id":"https:\/\/www.radper.com\/fr\/#\/schema\/logo\/image\/"}}]}},"_links":{"self":[{"href":"https:\/\/www.radper.com\/fr\/wp-json\/wp\/v2\/product\/15581","targetHints":{"allow":["GET"]}}],"collection":[{"href":"https:\/\/www.radper.com\/fr\/wp-json\/wp\/v2\/product"}],"about":[{"href":"https:\/\/www.radper.com\/fr\/wp-json\/wp\/v2\/types\/product"}],"wp:featuredmedia":[{"embeddable":true,"href":"https:\/\/www.radper.com\/fr\/wp-json\/wp\/v2\/media\/15483"}],"wp:attachment":[{"href":"https:\/\/www.radper.com\/fr\/wp-json\/wp\/v2\/media?parent=15581"}],"wp:term":[{"taxonomy":"product_brand","embeddable":true,"href":"https:\/\/www.radper.com\/fr\/wp-json\/wp\/v2\/product_brand?post=15581"},{"taxonomy":"product_cat","embeddable":true,"href":"https:\/\/www.radper.com\/fr\/wp-json\/wp\/v2\/product_cat?post=15581"},{"taxonomy":"product_tag","embeddable":true,"href":"https:\/\/www.radper.com\/fr\/wp-json\/wp\/v2\/product_tag?post=15581"}],"curies":[{"name":"wp","href":"https:\/\/api.w.org\/{rel}","templated":true}]}}