{"id":15583,"date":"2022-10-19T08:13:24","date_gmt":"2022-10-19T08:13:24","guid":{"rendered":"https:\/\/www.radper.com\/produit\/detecteur-a-palette-rotative-uwt-rotonivo-rn-6002-cable\/"},"modified":"2026-05-01T12:56:15","modified_gmt":"2026-05-01T12:56:15","slug":"detecteur-a-palette-rotative-rotonivo-rn-6002-cable-uwt","status":"publish","type":"product","link":"https:\/\/www.radper.com\/fr\/catalogues\/instrumentations\/mesure-de-niveau\/detecteur-a-palette-rotative-rotonivo-rn-6002-cable-uwt\/","title":{"rendered":"D\u00e9tecteur \u00e0 palette rotative Rotonivo  RN 6002 c\u00e2ble UWT"},"content":{"rendered":"<p>Le d\u00e9tecteur \u00e0 palette rotative Rotonivo\u00ae RN 6002 avec rallonge de c\u00e2ble est utilis\u00e9 dans les r\u00e9servoirs de stockage et de process principalement comme d\u00e9tecteur complet dans tous les solides en vrac et peut \u00eatre configur\u00e9 pour des temp\u00e9ratures de process jusqu&rsquo;\u00e0 +600 \u00b0C et une surpression de process jusqu&rsquo;\u00e0 10 bar. Le RN 6002 offre plus d&rsquo;espace pour le c\u00e2blage gr\u00e2ce au bo\u00eetier plus grand, aux bo\u00eetiers antid\u00e9flagrants pour une utilisation dans la zone GasEx et \u00e0 la certification SIL2.<\/p>\n","protected":false},"excerpt":{"rendered":"<p>RN 6002 &#8211; C\u00e2ble<\/p>\n","protected":false},"featured_media":15461,"template":"","meta":{"_acf_changed":false},"product_brand":[],"product_cat":[754],"product_tag":[],"class_list":{"0":"post-15583","1":"product","2":"type-product","3":"status-publish","4":"has-post-thumbnail","6":"product_cat-mesure-de-niveau","7":"pa_marque-uwt","9":"first","10":"instock","11":"featured","12":"taxable","13":"shipping-taxable","14":"product-type-simple"},"acf":[],"yoast_head":"<!-- This site is optimized with the Yoast SEO plugin v26.2 - https:\/\/yoast.com\/wordpress\/plugins\/seo\/ -->\n<title>D\u00e9tecteur \u00e0 palette rotative Rotonivo RN 6002 c\u00e2ble UWT - Radper<\/title>\n<meta name=\"robots\" content=\"index, follow, max-snippet:-1, max-image-preview:large, max-video-preview:-1\" \/>\n<link rel=\"canonical\" href=\"https:\/\/www.radper.com\/fr\/catalogues\/instrumentations\/mesure-de-niveau\/detecteur-a-palette-rotative-rotonivo-rn-6002-cable-uwt\/\" \/>\n<meta property=\"og:locale\" content=\"fr_FR\" \/>\n<meta property=\"og:type\" content=\"article\" \/>\n<meta property=\"og:title\" content=\"D\u00e9tecteur \u00e0 palette rotative Rotonivo RN 6002 c\u00e2ble UWT - Radper\" \/>\n<meta property=\"og:description\" content=\"RN 6002 - C\u00e2ble\" \/>\n<meta property=\"og:url\" content=\"https:\/\/www.radper.com\/fr\/catalogues\/instrumentations\/mesure-de-niveau\/detecteur-a-palette-rotative-rotonivo-rn-6002-cable-uwt\/\" \/>\n<meta property=\"og:site_name\" content=\"Radper\" \/>\n<meta property=\"article:modified_time\" content=\"2026-05-01T12:56:15+00:00\" \/>\n<meta property=\"og:image\" content=\"https:\/\/www.radper.com\/wp-content\/uploads\/2022\/10\/Rotonivo\u00ae-RN-6002-Cable.jpg\" \/>\n\t<meta property=\"og:image:width\" content=\"600\" \/>\n\t<meta property=\"og:image:height\" content=\"600\" \/>\n\t<meta property=\"og:image:type\" content=\"image\/jpeg\" \/>\n<meta name=\"twitter:card\" content=\"summary_large_image\" \/>\n<script type=\"application\/ld+json\" class=\"yoast-schema-graph\">{\"@context\":\"https:\/\/schema.org\",\"@graph\":[{\"@type\":\"WebPage\",\"@id\":\"https:\/\/www.radper.com\/fr\/catalogues\/instrumentations\/mesure-de-niveau\/detecteur-a-palette-rotative-rotonivo-rn-6002-cable-uwt\/\",\"url\":\"https:\/\/www.radper.com\/fr\/catalogues\/instrumentations\/mesure-de-niveau\/detecteur-a-palette-rotative-rotonivo-rn-6002-cable-uwt\/\",\"name\":\"D\u00e9tecteur \u00e0 palette rotative Rotonivo RN 6002 c\u00e2ble UWT - Radper\",\"isPartOf\":{\"@id\":\"https:\/\/www.radper.com\/fr\/#website\"},\"primaryImageOfPage\":{\"@id\":\"https:\/\/www.radper.com\/fr\/catalogues\/instrumentations\/mesure-de-niveau\/detecteur-a-palette-rotative-rotonivo-rn-6002-cable-uwt\/#primaryimage\"},\"image\":{\"@id\":\"https:\/\/www.radper.com\/fr\/catalogues\/instrumentations\/mesure-de-niveau\/detecteur-a-palette-rotative-rotonivo-rn-6002-cable-uwt\/#primaryimage\"},\"thumbnailUrl\":\"https:\/\/www.radper.com\/wp-content\/uploads\/2022\/10\/Rotonivo\u00ae-RN-6002-Cable.jpg\",\"datePublished\":\"2022-10-19T08:13:24+00:00\",\"dateModified\":\"2026-05-01T12:56:15+00:00\",\"breadcrumb\":{\"@id\":\"https:\/\/www.radper.com\/fr\/catalogues\/instrumentations\/mesure-de-niveau\/detecteur-a-palette-rotative-rotonivo-rn-6002-cable-uwt\/#breadcrumb\"},\"inLanguage\":\"fr-FR\",\"potentialAction\":[{\"@type\":\"ReadAction\",\"target\":[\"https:\/\/www.radper.com\/fr\/catalogues\/instrumentations\/mesure-de-niveau\/detecteur-a-palette-rotative-rotonivo-rn-6002-cable-uwt\/\"]}]},{\"@type\":\"ImageObject\",\"inLanguage\":\"fr-FR\",\"@id\":\"https:\/\/www.radper.com\/fr\/catalogues\/instrumentations\/mesure-de-niveau\/detecteur-a-palette-rotative-rotonivo-rn-6002-cable-uwt\/#primaryimage\",\"url\":\"https:\/\/www.radper.com\/wp-content\/uploads\/2022\/10\/Rotonivo\u00ae-RN-6002-Cable.jpg\",\"contentUrl\":\"https:\/\/www.radper.com\/wp-content\/uploads\/2022\/10\/Rotonivo\u00ae-RN-6002-Cable.jpg\",\"width\":600,\"height\":600},{\"@type\":\"BreadcrumbList\",\"@id\":\"https:\/\/www.radper.com\/fr\/catalogues\/instrumentations\/mesure-de-niveau\/detecteur-a-palette-rotative-rotonivo-rn-6002-cable-uwt\/#breadcrumb\",\"itemListElement\":[{\"@type\":\"ListItem\",\"position\":1,\"name\":\"Accueil\",\"item\":\"https:\/\/www.radper.com\/fr\/\"},{\"@type\":\"ListItem\",\"position\":2,\"name\":\"Catalogue\",\"item\":\"https:\/\/www.radper.com\/fr\/catalogue\/\"},{\"@type\":\"ListItem\",\"position\":3,\"name\":\"D\u00e9tecteur \u00e0 palette rotative Rotonivo RN 6002 c\u00e2ble UWT\"}]},{\"@type\":\"WebSite\",\"@id\":\"https:\/\/www.radper.com\/fr\/#website\",\"url\":\"https:\/\/www.radper.com\/fr\/\",\"name\":\"Radper\",\"description\":\"\",\"publisher\":{\"@id\":\"https:\/\/www.radper.com\/fr\/#organization\"},\"potentialAction\":[{\"@type\":\"SearchAction\",\"target\":{\"@type\":\"EntryPoint\",\"urlTemplate\":\"https:\/\/www.radper.com\/fr\/?s={search_term_string}\"},\"query-input\":{\"@type\":\"PropertyValueSpecification\",\"valueRequired\":true,\"valueName\":\"search_term_string\"}}],\"inLanguage\":\"fr-FR\"},{\"@type\":\"Organization\",\"@id\":\"https:\/\/www.radper.com\/fr\/#organization\",\"name\":\"radper\",\"url\":\"https:\/\/www.radper.com\/fr\/\",\"logo\":{\"@type\":\"ImageObject\",\"inLanguage\":\"fr-FR\",\"@id\":\"https:\/\/www.radper.com\/fr\/#\/schema\/logo\/image\/\",\"url\":\"https:\/\/radper.com\/wp-content\/uploads\/2021\/04\/logo-wide-11.png\",\"contentUrl\":\"https:\/\/radper.com\/wp-content\/uploads\/2021\/04\/logo-wide-11.png\",\"width\":250,\"height\":110,\"caption\":\"radper\"},\"image\":{\"@id\":\"https:\/\/www.radper.com\/fr\/#\/schema\/logo\/image\/\"}}]}<\/script>\n<!-- \/ Yoast SEO plugin. -->","yoast_head_json":{"title":"D\u00e9tecteur \u00e0 palette rotative Rotonivo RN 6002 c\u00e2ble UWT - Radper","robots":{"index":"index","follow":"follow","max-snippet":"max-snippet:-1","max-image-preview":"max-image-preview:large","max-video-preview":"max-video-preview:-1"},"canonical":"https:\/\/www.radper.com\/fr\/catalogues\/instrumentations\/mesure-de-niveau\/detecteur-a-palette-rotative-rotonivo-rn-6002-cable-uwt\/","og_locale":"fr_FR","og_type":"article","og_title":"D\u00e9tecteur \u00e0 palette rotative Rotonivo RN 6002 c\u00e2ble UWT - Radper","og_description":"RN 6002 - C\u00e2ble","og_url":"https:\/\/www.radper.com\/fr\/catalogues\/instrumentations\/mesure-de-niveau\/detecteur-a-palette-rotative-rotonivo-rn-6002-cable-uwt\/","og_site_name":"Radper","article_modified_time":"2026-05-01T12:56:15+00:00","og_image":[{"width":600,"height":600,"url":"https:\/\/www.radper.com\/wp-content\/uploads\/2022\/10\/Rotonivo\u00ae-RN-6002-Cable.jpg","type":"image\/jpeg"}],"twitter_card":"summary_large_image","schema":{"@context":"https:\/\/schema.org","@graph":[{"@type":"WebPage","@id":"https:\/\/www.radper.com\/fr\/catalogues\/instrumentations\/mesure-de-niveau\/detecteur-a-palette-rotative-rotonivo-rn-6002-cable-uwt\/","url":"https:\/\/www.radper.com\/fr\/catalogues\/instrumentations\/mesure-de-niveau\/detecteur-a-palette-rotative-rotonivo-rn-6002-cable-uwt\/","name":"D\u00e9tecteur \u00e0 palette rotative Rotonivo RN 6002 c\u00e2ble UWT - Radper","isPartOf":{"@id":"https:\/\/www.radper.com\/fr\/#website"},"primaryImageOfPage":{"@id":"https:\/\/www.radper.com\/fr\/catalogues\/instrumentations\/mesure-de-niveau\/detecteur-a-palette-rotative-rotonivo-rn-6002-cable-uwt\/#primaryimage"},"image":{"@id":"https:\/\/www.radper.com\/fr\/catalogues\/instrumentations\/mesure-de-niveau\/detecteur-a-palette-rotative-rotonivo-rn-6002-cable-uwt\/#primaryimage"},"thumbnailUrl":"https:\/\/www.radper.com\/wp-content\/uploads\/2022\/10\/Rotonivo\u00ae-RN-6002-Cable.jpg","datePublished":"2022-10-19T08:13:24+00:00","dateModified":"2026-05-01T12:56:15+00:00","breadcrumb":{"@id":"https:\/\/www.radper.com\/fr\/catalogues\/instrumentations\/mesure-de-niveau\/detecteur-a-palette-rotative-rotonivo-rn-6002-cable-uwt\/#breadcrumb"},"inLanguage":"fr-FR","potentialAction":[{"@type":"ReadAction","target":["https:\/\/www.radper.com\/fr\/catalogues\/instrumentations\/mesure-de-niveau\/detecteur-a-palette-rotative-rotonivo-rn-6002-cable-uwt\/"]}]},{"@type":"ImageObject","inLanguage":"fr-FR","@id":"https:\/\/www.radper.com\/fr\/catalogues\/instrumentations\/mesure-de-niveau\/detecteur-a-palette-rotative-rotonivo-rn-6002-cable-uwt\/#primaryimage","url":"https:\/\/www.radper.com\/wp-content\/uploads\/2022\/10\/Rotonivo\u00ae-RN-6002-Cable.jpg","contentUrl":"https:\/\/www.radper.com\/wp-content\/uploads\/2022\/10\/Rotonivo\u00ae-RN-6002-Cable.jpg","width":600,"height":600},{"@type":"BreadcrumbList","@id":"https:\/\/www.radper.com\/fr\/catalogues\/instrumentations\/mesure-de-niveau\/detecteur-a-palette-rotative-rotonivo-rn-6002-cable-uwt\/#breadcrumb","itemListElement":[{"@type":"ListItem","position":1,"name":"Accueil","item":"https:\/\/www.radper.com\/fr\/"},{"@type":"ListItem","position":2,"name":"Catalogue","item":"https:\/\/www.radper.com\/fr\/catalogue\/"},{"@type":"ListItem","position":3,"name":"D\u00e9tecteur \u00e0 palette rotative Rotonivo RN 6002 c\u00e2ble UWT"}]},{"@type":"WebSite","@id":"https:\/\/www.radper.com\/fr\/#website","url":"https:\/\/www.radper.com\/fr\/","name":"Radper","description":"","publisher":{"@id":"https:\/\/www.radper.com\/fr\/#organization"},"potentialAction":[{"@type":"SearchAction","target":{"@type":"EntryPoint","urlTemplate":"https:\/\/www.radper.com\/fr\/?s={search_term_string}"},"query-input":{"@type":"PropertyValueSpecification","valueRequired":true,"valueName":"search_term_string"}}],"inLanguage":"fr-FR"},{"@type":"Organization","@id":"https:\/\/www.radper.com\/fr\/#organization","name":"radper","url":"https:\/\/www.radper.com\/fr\/","logo":{"@type":"ImageObject","inLanguage":"fr-FR","@id":"https:\/\/www.radper.com\/fr\/#\/schema\/logo\/image\/","url":"https:\/\/radper.com\/wp-content\/uploads\/2021\/04\/logo-wide-11.png","contentUrl":"https:\/\/radper.com\/wp-content\/uploads\/2021\/04\/logo-wide-11.png","width":250,"height":110,"caption":"radper"},"image":{"@id":"https:\/\/www.radper.com\/fr\/#\/schema\/logo\/image\/"}}]}},"_links":{"self":[{"href":"https:\/\/www.radper.com\/fr\/wp-json\/wp\/v2\/product\/15583","targetHints":{"allow":["GET"]}}],"collection":[{"href":"https:\/\/www.radper.com\/fr\/wp-json\/wp\/v2\/product"}],"about":[{"href":"https:\/\/www.radper.com\/fr\/wp-json\/wp\/v2\/types\/product"}],"wp:featuredmedia":[{"embeddable":true,"href":"https:\/\/www.radper.com\/fr\/wp-json\/wp\/v2\/media\/15461"}],"wp:attachment":[{"href":"https:\/\/www.radper.com\/fr\/wp-json\/wp\/v2\/media?parent=15583"}],"wp:term":[{"taxonomy":"product_brand","embeddable":true,"href":"https:\/\/www.radper.com\/fr\/wp-json\/wp\/v2\/product_brand?post=15583"},{"taxonomy":"product_cat","embeddable":true,"href":"https:\/\/www.radper.com\/fr\/wp-json\/wp\/v2\/product_cat?post=15583"},{"taxonomy":"product_tag","embeddable":true,"href":"https:\/\/www.radper.com\/fr\/wp-json\/wp\/v2\/product_tag?post=15583"}],"curies":[{"name":"wp","href":"https:\/\/api.w.org\/{rel}","templated":true}]}}