{"id":15620,"date":"2022-10-19T08:13:33","date_gmt":"2022-10-19T08:13:33","guid":{"rendered":"https:\/\/www.radper.com\/produit\/capteur-radar-uwt-nivoguide-ng-8200\/"},"modified":"2026-05-05T15:38:09","modified_gmt":"2026-05-05T15:38:09","slug":"capteur-radar-nivoguide-ng-8200-uwt","status":"publish","type":"product","link":"https:\/\/www.radper.com\/fr\/catalogues\/instrumentations\/mesure-de-niveau\/capteur-radar-nivoguide-ng-8200-uwt\/","title":{"rendered":"Capteur radar NivoGuide  NG 8200 UWT"},"content":{"rendered":"<p>Le capteur radar guid\u00e9 NivoGuide\u00ae NG 8200 mesure le niveau des liquides ou des huiles dans des conditions de process extr\u00eames. La conception extr\u00eamement robuste du capteur, les mat\u00e9riaux r\u00e9sistants ainsi qu&rsquo;une section de r\u00e9f\u00e9rence sp\u00e9ciale \u00e9tendent le champ d&rsquo;application des capteurs TDR aux applications haute pression, haute temp\u00e9rature et vapeur satur\u00e9e. Il est possible de couvrir des plages de temp\u00e9rature allant de -196 \u00b0C \u00e0 +450 \u00b0C et des pressions de process allant jusqu&rsquo;\u00e0 400 bar.<\/p>\n","protected":false},"excerpt":{"rendered":"<p> NG 8200<\/p>\n","protected":false},"featured_media":15551,"template":"","meta":{"_acf_changed":false},"product_brand":[],"product_cat":[754],"product_tag":[],"class_list":{"0":"post-15620","1":"product","2":"type-product","3":"status-publish","4":"has-post-thumbnail","6":"product_cat-mesure-de-niveau","7":"pa_marque-uwt","9":"first","10":"instock","11":"featured","12":"taxable","13":"shipping-taxable","14":"product-type-simple"},"acf":[],"yoast_head":"<!-- This site is optimized with the Yoast SEO plugin v26.2 - https:\/\/yoast.com\/wordpress\/plugins\/seo\/ -->\n<title>Capteur radar NivoGuide NG 8200 UWT - Radper<\/title>\n<meta name=\"robots\" content=\"index, follow, max-snippet:-1, max-image-preview:large, max-video-preview:-1\" \/>\n<link rel=\"canonical\" href=\"https:\/\/www.radper.com\/fr\/catalogues\/instrumentations\/mesure-de-niveau\/capteur-radar-nivoguide-ng-8200-uwt\/\" \/>\n<meta property=\"og:locale\" content=\"fr_FR\" \/>\n<meta property=\"og:type\" content=\"article\" \/>\n<meta property=\"og:title\" content=\"Capteur radar NivoGuide NG 8200 UWT - Radper\" \/>\n<meta property=\"og:description\" content=\"NG 8200\" \/>\n<meta property=\"og:url\" content=\"https:\/\/www.radper.com\/fr\/catalogues\/instrumentations\/mesure-de-niveau\/capteur-radar-nivoguide-ng-8200-uwt\/\" \/>\n<meta property=\"og:site_name\" content=\"Radper\" \/>\n<meta property=\"article:modified_time\" content=\"2026-05-05T15:38:09+00:00\" \/>\n<meta property=\"og:image\" content=\"https:\/\/www.radper.com\/wp-content\/uploads\/2022\/10\/ng-8200-nivoguide-guided-wave-radar-sensor-tdr-rod-version.jpg\" \/>\n\t<meta property=\"og:image:width\" content=\"600\" \/>\n\t<meta property=\"og:image:height\" content=\"600\" \/>\n\t<meta property=\"og:image:type\" content=\"image\/jpeg\" \/>\n<meta name=\"twitter:card\" content=\"summary_large_image\" \/>\n<script type=\"application\/ld+json\" class=\"yoast-schema-graph\">{\"@context\":\"https:\/\/schema.org\",\"@graph\":[{\"@type\":\"WebPage\",\"@id\":\"https:\/\/www.radper.com\/fr\/catalogues\/instrumentations\/mesure-de-niveau\/capteur-radar-nivoguide-ng-8200-uwt\/\",\"url\":\"https:\/\/www.radper.com\/fr\/catalogues\/instrumentations\/mesure-de-niveau\/capteur-radar-nivoguide-ng-8200-uwt\/\",\"name\":\"Capteur radar NivoGuide NG 8200 UWT - Radper\",\"isPartOf\":{\"@id\":\"https:\/\/www.radper.com\/fr\/#website\"},\"primaryImageOfPage\":{\"@id\":\"https:\/\/www.radper.com\/fr\/catalogues\/instrumentations\/mesure-de-niveau\/capteur-radar-nivoguide-ng-8200-uwt\/#primaryimage\"},\"image\":{\"@id\":\"https:\/\/www.radper.com\/fr\/catalogues\/instrumentations\/mesure-de-niveau\/capteur-radar-nivoguide-ng-8200-uwt\/#primaryimage\"},\"thumbnailUrl\":\"https:\/\/www.radper.com\/wp-content\/uploads\/2022\/10\/ng-8200-nivoguide-guided-wave-radar-sensor-tdr-rod-version.jpg\",\"datePublished\":\"2022-10-19T08:13:33+00:00\",\"dateModified\":\"2026-05-05T15:38:09+00:00\",\"breadcrumb\":{\"@id\":\"https:\/\/www.radper.com\/fr\/catalogues\/instrumentations\/mesure-de-niveau\/capteur-radar-nivoguide-ng-8200-uwt\/#breadcrumb\"},\"inLanguage\":\"fr-FR\",\"potentialAction\":[{\"@type\":\"ReadAction\",\"target\":[\"https:\/\/www.radper.com\/fr\/catalogues\/instrumentations\/mesure-de-niveau\/capteur-radar-nivoguide-ng-8200-uwt\/\"]}]},{\"@type\":\"ImageObject\",\"inLanguage\":\"fr-FR\",\"@id\":\"https:\/\/www.radper.com\/fr\/catalogues\/instrumentations\/mesure-de-niveau\/capteur-radar-nivoguide-ng-8200-uwt\/#primaryimage\",\"url\":\"https:\/\/www.radper.com\/wp-content\/uploads\/2022\/10\/ng-8200-nivoguide-guided-wave-radar-sensor-tdr-rod-version.jpg\",\"contentUrl\":\"https:\/\/www.radper.com\/wp-content\/uploads\/2022\/10\/ng-8200-nivoguide-guided-wave-radar-sensor-tdr-rod-version.jpg\",\"width\":600,\"height\":600},{\"@type\":\"BreadcrumbList\",\"@id\":\"https:\/\/www.radper.com\/fr\/catalogues\/instrumentations\/mesure-de-niveau\/capteur-radar-nivoguide-ng-8200-uwt\/#breadcrumb\",\"itemListElement\":[{\"@type\":\"ListItem\",\"position\":1,\"name\":\"Accueil\",\"item\":\"https:\/\/www.radper.com\/fr\/\"},{\"@type\":\"ListItem\",\"position\":2,\"name\":\"Catalogue\",\"item\":\"https:\/\/www.radper.com\/fr\/catalogue\/\"},{\"@type\":\"ListItem\",\"position\":3,\"name\":\"Capteur radar NivoGuide NG 8200 UWT\"}]},{\"@type\":\"WebSite\",\"@id\":\"https:\/\/www.radper.com\/fr\/#website\",\"url\":\"https:\/\/www.radper.com\/fr\/\",\"name\":\"Radper\",\"description\":\"\",\"publisher\":{\"@id\":\"https:\/\/www.radper.com\/fr\/#organization\"},\"potentialAction\":[{\"@type\":\"SearchAction\",\"target\":{\"@type\":\"EntryPoint\",\"urlTemplate\":\"https:\/\/www.radper.com\/fr\/?s={search_term_string}\"},\"query-input\":{\"@type\":\"PropertyValueSpecification\",\"valueRequired\":true,\"valueName\":\"search_term_string\"}}],\"inLanguage\":\"fr-FR\"},{\"@type\":\"Organization\",\"@id\":\"https:\/\/www.radper.com\/fr\/#organization\",\"name\":\"radper\",\"url\":\"https:\/\/www.radper.com\/fr\/\",\"logo\":{\"@type\":\"ImageObject\",\"inLanguage\":\"fr-FR\",\"@id\":\"https:\/\/www.radper.com\/fr\/#\/schema\/logo\/image\/\",\"url\":\"https:\/\/radper.com\/wp-content\/uploads\/2021\/04\/logo-wide-11.png\",\"contentUrl\":\"https:\/\/radper.com\/wp-content\/uploads\/2021\/04\/logo-wide-11.png\",\"width\":250,\"height\":110,\"caption\":\"radper\"},\"image\":{\"@id\":\"https:\/\/www.radper.com\/fr\/#\/schema\/logo\/image\/\"}}]}<\/script>\n<!-- \/ Yoast SEO plugin. -->","yoast_head_json":{"title":"Capteur radar NivoGuide NG 8200 UWT - Radper","robots":{"index":"index","follow":"follow","max-snippet":"max-snippet:-1","max-image-preview":"max-image-preview:large","max-video-preview":"max-video-preview:-1"},"canonical":"https:\/\/www.radper.com\/fr\/catalogues\/instrumentations\/mesure-de-niveau\/capteur-radar-nivoguide-ng-8200-uwt\/","og_locale":"fr_FR","og_type":"article","og_title":"Capteur radar NivoGuide NG 8200 UWT - Radper","og_description":"NG 8200","og_url":"https:\/\/www.radper.com\/fr\/catalogues\/instrumentations\/mesure-de-niveau\/capteur-radar-nivoguide-ng-8200-uwt\/","og_site_name":"Radper","article_modified_time":"2026-05-05T15:38:09+00:00","og_image":[{"width":600,"height":600,"url":"https:\/\/www.radper.com\/wp-content\/uploads\/2022\/10\/ng-8200-nivoguide-guided-wave-radar-sensor-tdr-rod-version.jpg","type":"image\/jpeg"}],"twitter_card":"summary_large_image","schema":{"@context":"https:\/\/schema.org","@graph":[{"@type":"WebPage","@id":"https:\/\/www.radper.com\/fr\/catalogues\/instrumentations\/mesure-de-niveau\/capteur-radar-nivoguide-ng-8200-uwt\/","url":"https:\/\/www.radper.com\/fr\/catalogues\/instrumentations\/mesure-de-niveau\/capteur-radar-nivoguide-ng-8200-uwt\/","name":"Capteur radar NivoGuide NG 8200 UWT - Radper","isPartOf":{"@id":"https:\/\/www.radper.com\/fr\/#website"},"primaryImageOfPage":{"@id":"https:\/\/www.radper.com\/fr\/catalogues\/instrumentations\/mesure-de-niveau\/capteur-radar-nivoguide-ng-8200-uwt\/#primaryimage"},"image":{"@id":"https:\/\/www.radper.com\/fr\/catalogues\/instrumentations\/mesure-de-niveau\/capteur-radar-nivoguide-ng-8200-uwt\/#primaryimage"},"thumbnailUrl":"https:\/\/www.radper.com\/wp-content\/uploads\/2022\/10\/ng-8200-nivoguide-guided-wave-radar-sensor-tdr-rod-version.jpg","datePublished":"2022-10-19T08:13:33+00:00","dateModified":"2026-05-05T15:38:09+00:00","breadcrumb":{"@id":"https:\/\/www.radper.com\/fr\/catalogues\/instrumentations\/mesure-de-niveau\/capteur-radar-nivoguide-ng-8200-uwt\/#breadcrumb"},"inLanguage":"fr-FR","potentialAction":[{"@type":"ReadAction","target":["https:\/\/www.radper.com\/fr\/catalogues\/instrumentations\/mesure-de-niveau\/capteur-radar-nivoguide-ng-8200-uwt\/"]}]},{"@type":"ImageObject","inLanguage":"fr-FR","@id":"https:\/\/www.radper.com\/fr\/catalogues\/instrumentations\/mesure-de-niveau\/capteur-radar-nivoguide-ng-8200-uwt\/#primaryimage","url":"https:\/\/www.radper.com\/wp-content\/uploads\/2022\/10\/ng-8200-nivoguide-guided-wave-radar-sensor-tdr-rod-version.jpg","contentUrl":"https:\/\/www.radper.com\/wp-content\/uploads\/2022\/10\/ng-8200-nivoguide-guided-wave-radar-sensor-tdr-rod-version.jpg","width":600,"height":600},{"@type":"BreadcrumbList","@id":"https:\/\/www.radper.com\/fr\/catalogues\/instrumentations\/mesure-de-niveau\/capteur-radar-nivoguide-ng-8200-uwt\/#breadcrumb","itemListElement":[{"@type":"ListItem","position":1,"name":"Accueil","item":"https:\/\/www.radper.com\/fr\/"},{"@type":"ListItem","position":2,"name":"Catalogue","item":"https:\/\/www.radper.com\/fr\/catalogue\/"},{"@type":"ListItem","position":3,"name":"Capteur radar NivoGuide NG 8200 UWT"}]},{"@type":"WebSite","@id":"https:\/\/www.radper.com\/fr\/#website","url":"https:\/\/www.radper.com\/fr\/","name":"Radper","description":"","publisher":{"@id":"https:\/\/www.radper.com\/fr\/#organization"},"potentialAction":[{"@type":"SearchAction","target":{"@type":"EntryPoint","urlTemplate":"https:\/\/www.radper.com\/fr\/?s={search_term_string}"},"query-input":{"@type":"PropertyValueSpecification","valueRequired":true,"valueName":"search_term_string"}}],"inLanguage":"fr-FR"},{"@type":"Organization","@id":"https:\/\/www.radper.com\/fr\/#organization","name":"radper","url":"https:\/\/www.radper.com\/fr\/","logo":{"@type":"ImageObject","inLanguage":"fr-FR","@id":"https:\/\/www.radper.com\/fr\/#\/schema\/logo\/image\/","url":"https:\/\/radper.com\/wp-content\/uploads\/2021\/04\/logo-wide-11.png","contentUrl":"https:\/\/radper.com\/wp-content\/uploads\/2021\/04\/logo-wide-11.png","width":250,"height":110,"caption":"radper"},"image":{"@id":"https:\/\/www.radper.com\/fr\/#\/schema\/logo\/image\/"}}]}},"_links":{"self":[{"href":"https:\/\/www.radper.com\/fr\/wp-json\/wp\/v2\/product\/15620","targetHints":{"allow":["GET"]}}],"collection":[{"href":"https:\/\/www.radper.com\/fr\/wp-json\/wp\/v2\/product"}],"about":[{"href":"https:\/\/www.radper.com\/fr\/wp-json\/wp\/v2\/types\/product"}],"wp:featuredmedia":[{"embeddable":true,"href":"https:\/\/www.radper.com\/fr\/wp-json\/wp\/v2\/media\/15551"}],"wp:attachment":[{"href":"https:\/\/www.radper.com\/fr\/wp-json\/wp\/v2\/media?parent=15620"}],"wp:term":[{"taxonomy":"product_brand","embeddable":true,"href":"https:\/\/www.radper.com\/fr\/wp-json\/wp\/v2\/product_brand?post=15620"},{"taxonomy":"product_cat","embeddable":true,"href":"https:\/\/www.radper.com\/fr\/wp-json\/wp\/v2\/product_cat?post=15620"},{"taxonomy":"product_tag","embeddable":true,"href":"https:\/\/www.radper.com\/fr\/wp-json\/wp\/v2\/product_tag?post=15620"}],"curies":[{"name":"wp","href":"https:\/\/api.w.org\/{rel}","templated":true}]}}