{"id":15690,"date":"2022-10-26T14:19:50","date_gmt":"2022-10-26T14:19:50","guid":{"rendered":"https:\/\/www.radper.com\/produit\/surveillance-du-niveau-nivotec-nt-4700\/"},"modified":"2026-05-05T04:38:17","modified_gmt":"2026-05-05T04:38:17","slug":"surveillance-du-niveau-nivotec-nt-4700","status":"publish","type":"product","link":"https:\/\/www.radper.com\/fr\/catalogues\/instrumentations\/surveillance-du-niveau\/surveillance-du-niveau-nivotec-nt-4700\/","title":{"rendered":"Surveillance du niveau NivoTec NT 4700 UWT"},"content":{"rendered":"<p>Les modules indicateurs de niveau NivoTec NT 4700 sont parfaits pour l&rsquo;indication locale du niveau des capteurs avec un signal 4-20 mA via un affichage num\u00e9rique. Ils sont utilis\u00e9s partout o\u00f9 l&rsquo;on souhaite un affichage peu co\u00fbteux et sur place. Les modules peuvent \u00eatre install\u00e9s de mani\u00e8re flexible gr\u00e2ce \u00e0 leur conception compacte. Ils sont livr\u00e9s pr\u00eats \u00e0 \u00eatre configur\u00e9s et peuvent \u00eatre facilement mis en service.<\/p>\n","protected":false},"excerpt":{"rendered":"<p>NivoTec &#8211; NT 4700<\/p>\n","protected":false},"featured_media":15665,"template":"","meta":{"_acf_changed":false},"product_brand":[],"product_cat":[1509],"product_tag":[],"class_list":{"0":"post-15690","1":"product","2":"type-product","3":"status-publish","4":"has-post-thumbnail","6":"product_cat-surveillance-du-niveau","7":"pa_marque-uwt","9":"first","10":"instock","11":"featured","12":"taxable","13":"shipping-taxable","14":"product-type-simple"},"acf":[],"yoast_head":"<!-- This site is optimized with the Yoast SEO plugin v26.2 - https:\/\/yoast.com\/wordpress\/plugins\/seo\/ -->\n<title>Surveillance du niveau NivoTec NT 4700 UWT - Radper<\/title>\n<meta name=\"description\" content=\"Surveillez vos niveaux de mani\u00e8re fiable avec le NivoTec NT 4700 UWT. Solution performante pour applications industrielles, disponible sur Radper.\" \/>\n<meta name=\"robots\" content=\"index, follow, max-snippet:-1, max-image-preview:large, max-video-preview:-1\" \/>\n<link rel=\"canonical\" href=\"https:\/\/www.radper.com\/fr\/catalogues\/instrumentations\/surveillance-du-niveau\/surveillance-du-niveau-nivotec-nt-4700\/\" \/>\n<meta property=\"og:locale\" content=\"fr_FR\" \/>\n<meta property=\"og:type\" content=\"article\" \/>\n<meta property=\"og:title\" content=\"Surveillance du niveau NivoTec NT 4700 UWT - Radper\" \/>\n<meta property=\"og:description\" content=\"Surveillez vos niveaux de mani\u00e8re fiable avec le NivoTec NT 4700 UWT. Solution performante pour applications industrielles, disponible sur Radper.\" \/>\n<meta property=\"og:url\" content=\"https:\/\/www.radper.com\/fr\/catalogues\/instrumentations\/surveillance-du-niveau\/surveillance-du-niveau-nivotec-nt-4700\/\" \/>\n<meta property=\"og:site_name\" content=\"Radper\" \/>\n<meta property=\"article:modified_time\" content=\"2026-05-05T04:38:17+00:00\" \/>\n<meta property=\"og:image\" content=\"https:\/\/www.radper.com\/wp-content\/uploads\/2022\/10\/nt4700-nivotec-led-level-visualisation-4-digit-display_1_1.jpg\" \/>\n\t<meta property=\"og:image:width\" content=\"600\" \/>\n\t<meta property=\"og:image:height\" content=\"600\" \/>\n\t<meta property=\"og:image:type\" content=\"image\/jpeg\" \/>\n<meta name=\"twitter:card\" content=\"summary_large_image\" \/>\n<meta name=\"twitter:label1\" content=\"Dur\u00e9e de lecture estim\u00e9e\" \/>\n\t<meta name=\"twitter:data1\" content=\"1 minute\" \/>\n<script type=\"application\/ld+json\" class=\"yoast-schema-graph\">{\"@context\":\"https:\/\/schema.org\",\"@graph\":[{\"@type\":\"WebPage\",\"@id\":\"https:\/\/www.radper.com\/fr\/catalogues\/instrumentations\/surveillance-du-niveau\/surveillance-du-niveau-nivotec-nt-4700\/\",\"url\":\"https:\/\/www.radper.com\/fr\/catalogues\/instrumentations\/surveillance-du-niveau\/surveillance-du-niveau-nivotec-nt-4700\/\",\"name\":\"Surveillance du niveau NivoTec NT 4700 UWT - Radper\",\"isPartOf\":{\"@id\":\"https:\/\/www.radper.com\/fr\/#website\"},\"primaryImageOfPage\":{\"@id\":\"https:\/\/www.radper.com\/fr\/catalogues\/instrumentations\/surveillance-du-niveau\/surveillance-du-niveau-nivotec-nt-4700\/#primaryimage\"},\"image\":{\"@id\":\"https:\/\/www.radper.com\/fr\/catalogues\/instrumentations\/surveillance-du-niveau\/surveillance-du-niveau-nivotec-nt-4700\/#primaryimage\"},\"thumbnailUrl\":\"https:\/\/www.radper.com\/wp-content\/uploads\/2022\/10\/nt4700-nivotec-led-level-visualisation-4-digit-display_1_1.jpg\",\"datePublished\":\"2022-10-26T14:19:50+00:00\",\"dateModified\":\"2026-05-05T04:38:17+00:00\",\"description\":\"Surveillez vos niveaux de mani\u00e8re fiable avec le NivoTec NT 4700 UWT. Solution performante pour applications industrielles, disponible sur Radper.\",\"breadcrumb\":{\"@id\":\"https:\/\/www.radper.com\/fr\/catalogues\/instrumentations\/surveillance-du-niveau\/surveillance-du-niveau-nivotec-nt-4700\/#breadcrumb\"},\"inLanguage\":\"fr-FR\",\"potentialAction\":[{\"@type\":\"ReadAction\",\"target\":[\"https:\/\/www.radper.com\/fr\/catalogues\/instrumentations\/surveillance-du-niveau\/surveillance-du-niveau-nivotec-nt-4700\/\"]}]},{\"@type\":\"ImageObject\",\"inLanguage\":\"fr-FR\",\"@id\":\"https:\/\/www.radper.com\/fr\/catalogues\/instrumentations\/surveillance-du-niveau\/surveillance-du-niveau-nivotec-nt-4700\/#primaryimage\",\"url\":\"https:\/\/www.radper.com\/wp-content\/uploads\/2022\/10\/nt4700-nivotec-led-level-visualisation-4-digit-display_1_1.jpg\",\"contentUrl\":\"https:\/\/www.radper.com\/wp-content\/uploads\/2022\/10\/nt4700-nivotec-led-level-visualisation-4-digit-display_1_1.jpg\",\"width\":600,\"height\":600},{\"@type\":\"BreadcrumbList\",\"@id\":\"https:\/\/www.radper.com\/fr\/catalogues\/instrumentations\/surveillance-du-niveau\/surveillance-du-niveau-nivotec-nt-4700\/#breadcrumb\",\"itemListElement\":[{\"@type\":\"ListItem\",\"position\":1,\"name\":\"Accueil\",\"item\":\"https:\/\/www.radper.com\/fr\/\"},{\"@type\":\"ListItem\",\"position\":2,\"name\":\"Catalogue\",\"item\":\"https:\/\/www.radper.com\/fr\/catalogue\/\"},{\"@type\":\"ListItem\",\"position\":3,\"name\":\"Surveillance du niveau NivoTec NT 4700 UWT\"}]},{\"@type\":\"WebSite\",\"@id\":\"https:\/\/www.radper.com\/fr\/#website\",\"url\":\"https:\/\/www.radper.com\/fr\/\",\"name\":\"Radper\",\"description\":\"\",\"publisher\":{\"@id\":\"https:\/\/www.radper.com\/fr\/#organization\"},\"potentialAction\":[{\"@type\":\"SearchAction\",\"target\":{\"@type\":\"EntryPoint\",\"urlTemplate\":\"https:\/\/www.radper.com\/fr\/?s={search_term_string}\"},\"query-input\":{\"@type\":\"PropertyValueSpecification\",\"valueRequired\":true,\"valueName\":\"search_term_string\"}}],\"inLanguage\":\"fr-FR\"},{\"@type\":\"Organization\",\"@id\":\"https:\/\/www.radper.com\/fr\/#organization\",\"name\":\"radper\",\"url\":\"https:\/\/www.radper.com\/fr\/\",\"logo\":{\"@type\":\"ImageObject\",\"inLanguage\":\"fr-FR\",\"@id\":\"https:\/\/www.radper.com\/fr\/#\/schema\/logo\/image\/\",\"url\":\"https:\/\/radper.com\/wp-content\/uploads\/2021\/04\/logo-wide-11.png\",\"contentUrl\":\"https:\/\/radper.com\/wp-content\/uploads\/2021\/04\/logo-wide-11.png\",\"width\":250,\"height\":110,\"caption\":\"radper\"},\"image\":{\"@id\":\"https:\/\/www.radper.com\/fr\/#\/schema\/logo\/image\/\"}}]}<\/script>\n<!-- \/ Yoast SEO plugin. -->","yoast_head_json":{"title":"Surveillance du niveau NivoTec NT 4700 UWT - Radper","description":"Surveillez vos niveaux de mani\u00e8re fiable avec le NivoTec NT 4700 UWT. Solution performante pour applications industrielles, disponible sur Radper.","robots":{"index":"index","follow":"follow","max-snippet":"max-snippet:-1","max-image-preview":"max-image-preview:large","max-video-preview":"max-video-preview:-1"},"canonical":"https:\/\/www.radper.com\/fr\/catalogues\/instrumentations\/surveillance-du-niveau\/surveillance-du-niveau-nivotec-nt-4700\/","og_locale":"fr_FR","og_type":"article","og_title":"Surveillance du niveau NivoTec NT 4700 UWT - Radper","og_description":"Surveillez vos niveaux de mani\u00e8re fiable avec le NivoTec NT 4700 UWT. Solution performante pour applications industrielles, disponible sur Radper.","og_url":"https:\/\/www.radper.com\/fr\/catalogues\/instrumentations\/surveillance-du-niveau\/surveillance-du-niveau-nivotec-nt-4700\/","og_site_name":"Radper","article_modified_time":"2026-05-05T04:38:17+00:00","og_image":[{"width":600,"height":600,"url":"https:\/\/www.radper.com\/wp-content\/uploads\/2022\/10\/nt4700-nivotec-led-level-visualisation-4-digit-display_1_1.jpg","type":"image\/jpeg"}],"twitter_card":"summary_large_image","twitter_misc":{"Dur\u00e9e de lecture estim\u00e9e":"1 minute"},"schema":{"@context":"https:\/\/schema.org","@graph":[{"@type":"WebPage","@id":"https:\/\/www.radper.com\/fr\/catalogues\/instrumentations\/surveillance-du-niveau\/surveillance-du-niveau-nivotec-nt-4700\/","url":"https:\/\/www.radper.com\/fr\/catalogues\/instrumentations\/surveillance-du-niveau\/surveillance-du-niveau-nivotec-nt-4700\/","name":"Surveillance du niveau NivoTec NT 4700 UWT - Radper","isPartOf":{"@id":"https:\/\/www.radper.com\/fr\/#website"},"primaryImageOfPage":{"@id":"https:\/\/www.radper.com\/fr\/catalogues\/instrumentations\/surveillance-du-niveau\/surveillance-du-niveau-nivotec-nt-4700\/#primaryimage"},"image":{"@id":"https:\/\/www.radper.com\/fr\/catalogues\/instrumentations\/surveillance-du-niveau\/surveillance-du-niveau-nivotec-nt-4700\/#primaryimage"},"thumbnailUrl":"https:\/\/www.radper.com\/wp-content\/uploads\/2022\/10\/nt4700-nivotec-led-level-visualisation-4-digit-display_1_1.jpg","datePublished":"2022-10-26T14:19:50+00:00","dateModified":"2026-05-05T04:38:17+00:00","description":"Surveillez vos niveaux de mani\u00e8re fiable avec le NivoTec NT 4700 UWT. Solution performante pour applications industrielles, disponible sur Radper.","breadcrumb":{"@id":"https:\/\/www.radper.com\/fr\/catalogues\/instrumentations\/surveillance-du-niveau\/surveillance-du-niveau-nivotec-nt-4700\/#breadcrumb"},"inLanguage":"fr-FR","potentialAction":[{"@type":"ReadAction","target":["https:\/\/www.radper.com\/fr\/catalogues\/instrumentations\/surveillance-du-niveau\/surveillance-du-niveau-nivotec-nt-4700\/"]}]},{"@type":"ImageObject","inLanguage":"fr-FR","@id":"https:\/\/www.radper.com\/fr\/catalogues\/instrumentations\/surveillance-du-niveau\/surveillance-du-niveau-nivotec-nt-4700\/#primaryimage","url":"https:\/\/www.radper.com\/wp-content\/uploads\/2022\/10\/nt4700-nivotec-led-level-visualisation-4-digit-display_1_1.jpg","contentUrl":"https:\/\/www.radper.com\/wp-content\/uploads\/2022\/10\/nt4700-nivotec-led-level-visualisation-4-digit-display_1_1.jpg","width":600,"height":600},{"@type":"BreadcrumbList","@id":"https:\/\/www.radper.com\/fr\/catalogues\/instrumentations\/surveillance-du-niveau\/surveillance-du-niveau-nivotec-nt-4700\/#breadcrumb","itemListElement":[{"@type":"ListItem","position":1,"name":"Accueil","item":"https:\/\/www.radper.com\/fr\/"},{"@type":"ListItem","position":2,"name":"Catalogue","item":"https:\/\/www.radper.com\/fr\/catalogue\/"},{"@type":"ListItem","position":3,"name":"Surveillance du niveau NivoTec NT 4700 UWT"}]},{"@type":"WebSite","@id":"https:\/\/www.radper.com\/fr\/#website","url":"https:\/\/www.radper.com\/fr\/","name":"Radper","description":"","publisher":{"@id":"https:\/\/www.radper.com\/fr\/#organization"},"potentialAction":[{"@type":"SearchAction","target":{"@type":"EntryPoint","urlTemplate":"https:\/\/www.radper.com\/fr\/?s={search_term_string}"},"query-input":{"@type":"PropertyValueSpecification","valueRequired":true,"valueName":"search_term_string"}}],"inLanguage":"fr-FR"},{"@type":"Organization","@id":"https:\/\/www.radper.com\/fr\/#organization","name":"radper","url":"https:\/\/www.radper.com\/fr\/","logo":{"@type":"ImageObject","inLanguage":"fr-FR","@id":"https:\/\/www.radper.com\/fr\/#\/schema\/logo\/image\/","url":"https:\/\/radper.com\/wp-content\/uploads\/2021\/04\/logo-wide-11.png","contentUrl":"https:\/\/radper.com\/wp-content\/uploads\/2021\/04\/logo-wide-11.png","width":250,"height":110,"caption":"radper"},"image":{"@id":"https:\/\/www.radper.com\/fr\/#\/schema\/logo\/image\/"}}]}},"_links":{"self":[{"href":"https:\/\/www.radper.com\/fr\/wp-json\/wp\/v2\/product\/15690","targetHints":{"allow":["GET"]}}],"collection":[{"href":"https:\/\/www.radper.com\/fr\/wp-json\/wp\/v2\/product"}],"about":[{"href":"https:\/\/www.radper.com\/fr\/wp-json\/wp\/v2\/types\/product"}],"wp:featuredmedia":[{"embeddable":true,"href":"https:\/\/www.radper.com\/fr\/wp-json\/wp\/v2\/media\/15665"}],"wp:attachment":[{"href":"https:\/\/www.radper.com\/fr\/wp-json\/wp\/v2\/media?parent=15690"}],"wp:term":[{"taxonomy":"product_brand","embeddable":true,"href":"https:\/\/www.radper.com\/fr\/wp-json\/wp\/v2\/product_brand?post=15690"},{"taxonomy":"product_cat","embeddable":true,"href":"https:\/\/www.radper.com\/fr\/wp-json\/wp\/v2\/product_cat?post=15690"},{"taxonomy":"product_tag","embeddable":true,"href":"https:\/\/www.radper.com\/fr\/wp-json\/wp\/v2\/product_tag?post=15690"}],"curies":[{"name":"wp","href":"https:\/\/api.w.org\/{rel}","templated":true}]}}