{"id":15967,"date":"2022-11-02T10:01:00","date_gmt":"2022-11-02T10:01:00","guid":{"rendered":"https:\/\/www.radper.com\/produit\/controleur-darret-et-de-sens-de-rotation-kfd2-sr2-ex2-w-sm-pepperlfuchs\/"},"modified":"2026-04-15T04:04:05","modified_gmt":"2026-04-15T04:04:05","slug":"controleur-darret-et-de-sens-de-rotation-kfd2-sr2-ex2-w-sm-pepperlfuchs","status":"publish","type":"product","link":"https:\/\/www.radper.com\/fr\/catalogues\/materiel-electrique\/isolateurs-galvaniques-de-securite-intrinseque-systeme-k\/controleur-darret-et-de-sens-de-rotation-kfd2-sr2-ex2-w-sm-pepperlfuchs\/","title":{"rendered":"Contr\u00f4leur d&rsquo;arr\u00eat et de sens de rotation KFD2-SR2-Ex2.W.SM PEPPERL+FUCHS"},"content":{"rendered":"<p>Barri\u00e8re isol\u00e9e \u00e0 2 voies, Alimentation 24 V CC (Power Rail), Entr\u00e9es pour contact ou NAMUR, Valeurs de d\u00e9clenchement de s\u00e9quence s\u00e9lectionnables, 2 sorties relais, Shunt de d\u00e9marrage, Mode de fonctionnement s\u00e9lectionnable, Surveillance de d\u00e9faut de ligne, Jusqu&rsquo;\u00e0 SIL 2 selon CEI\/EN 61508, Largeur du bo\u00eetier: 20 mm, Nombre de voies: version \u00e0 2 voies, Relais \u00e0 seuil, Shunt de d\u00e9marrage, Contr\u00f4le du sens de rotation, Contr\u00f4le de vitesse de rotation, Niveau d&rsquo;int\u00e9grit\u00e9 de s\u00e9curit\u00e9 (SIL): SIL 2pa<\/p>\n","protected":false},"excerpt":{"rendered":"<p>KFD2-SR2-Ex2.W.SM<\/p>\n","protected":false},"featured_media":15767,"template":"","meta":{"_acf_changed":false},"product_brand":[],"product_cat":[1524],"product_tag":[],"class_list":{"0":"post-15967","1":"product","2":"type-product","3":"status-publish","4":"has-post-thumbnail","6":"product_cat-isolateurs-galvaniques-de-securite-intrinseque-systeme-k","7":"pa_marque-pepperlfuchs","9":"first","10":"instock","11":"featured","12":"taxable","13":"shipping-taxable","14":"product-type-simple"},"acf":[],"yoast_head":"<!-- This site is optimized with the Yoast SEO plugin v26.2 - https:\/\/yoast.com\/wordpress\/plugins\/seo\/ -->\n<title>Contr\u00f4leur d&#039;arr\u00eat et de sens de rotation KFD2-SR2-Ex2.W.SM PEPPERL+FUCHS - Radper<\/title>\n<meta name=\"robots\" content=\"index, follow, max-snippet:-1, max-image-preview:large, max-video-preview:-1\" \/>\n<link rel=\"canonical\" href=\"https:\/\/www.radper.com\/fr\/catalogues\/materiel-electrique\/isolateurs-galvaniques-de-securite-intrinseque-systeme-k\/controleur-darret-et-de-sens-de-rotation-kfd2-sr2-ex2-w-sm-pepperlfuchs\/\" \/>\n<meta property=\"og:locale\" content=\"fr_FR\" \/>\n<meta property=\"og:type\" content=\"article\" \/>\n<meta property=\"og:title\" content=\"Contr\u00f4leur d&#039;arr\u00eat et de sens de rotation KFD2-SR2-Ex2.W.SM PEPPERL+FUCHS - Radper\" \/>\n<meta property=\"og:description\" content=\"KFD2-SR2-Ex2.W.SM\" \/>\n<meta property=\"og:url\" content=\"https:\/\/www.radper.com\/fr\/catalogues\/materiel-electrique\/isolateurs-galvaniques-de-securite-intrinseque-systeme-k\/controleur-darret-et-de-sens-de-rotation-kfd2-sr2-ex2-w-sm-pepperlfuchs\/\" \/>\n<meta property=\"og:site_name\" content=\"Radper\" \/>\n<meta property=\"article:modified_time\" content=\"2026-04-15T04:04:05+00:00\" \/>\n<meta property=\"og:image\" content=\"https:\/\/www.radper.com\/wp-content\/uploads\/2022\/11\/b242753a.png\" \/>\n\t<meta property=\"og:image:width\" content=\"545\" \/>\n\t<meta property=\"og:image:height\" content=\"600\" \/>\n\t<meta property=\"og:image:type\" content=\"image\/png\" \/>\n<meta name=\"twitter:card\" content=\"summary_large_image\" \/>\n<script type=\"application\/ld+json\" class=\"yoast-schema-graph\">{\"@context\":\"https:\/\/schema.org\",\"@graph\":[{\"@type\":\"WebPage\",\"@id\":\"https:\/\/www.radper.com\/fr\/catalogues\/materiel-electrique\/isolateurs-galvaniques-de-securite-intrinseque-systeme-k\/controleur-darret-et-de-sens-de-rotation-kfd2-sr2-ex2-w-sm-pepperlfuchs\/\",\"url\":\"https:\/\/www.radper.com\/fr\/catalogues\/materiel-electrique\/isolateurs-galvaniques-de-securite-intrinseque-systeme-k\/controleur-darret-et-de-sens-de-rotation-kfd2-sr2-ex2-w-sm-pepperlfuchs\/\",\"name\":\"Contr\u00f4leur d'arr\u00eat et de sens de rotation KFD2-SR2-Ex2.W.SM PEPPERL+FUCHS - Radper\",\"isPartOf\":{\"@id\":\"https:\/\/www.radper.com\/fr\/#website\"},\"primaryImageOfPage\":{\"@id\":\"https:\/\/www.radper.com\/fr\/catalogues\/materiel-electrique\/isolateurs-galvaniques-de-securite-intrinseque-systeme-k\/controleur-darret-et-de-sens-de-rotation-kfd2-sr2-ex2-w-sm-pepperlfuchs\/#primaryimage\"},\"image\":{\"@id\":\"https:\/\/www.radper.com\/fr\/catalogues\/materiel-electrique\/isolateurs-galvaniques-de-securite-intrinseque-systeme-k\/controleur-darret-et-de-sens-de-rotation-kfd2-sr2-ex2-w-sm-pepperlfuchs\/#primaryimage\"},\"thumbnailUrl\":\"https:\/\/www.radper.com\/wp-content\/uploads\/2022\/11\/b242753a.png\",\"datePublished\":\"2022-11-02T10:01:00+00:00\",\"dateModified\":\"2026-04-15T04:04:05+00:00\",\"breadcrumb\":{\"@id\":\"https:\/\/www.radper.com\/fr\/catalogues\/materiel-electrique\/isolateurs-galvaniques-de-securite-intrinseque-systeme-k\/controleur-darret-et-de-sens-de-rotation-kfd2-sr2-ex2-w-sm-pepperlfuchs\/#breadcrumb\"},\"inLanguage\":\"fr-FR\",\"potentialAction\":[{\"@type\":\"ReadAction\",\"target\":[\"https:\/\/www.radper.com\/fr\/catalogues\/materiel-electrique\/isolateurs-galvaniques-de-securite-intrinseque-systeme-k\/controleur-darret-et-de-sens-de-rotation-kfd2-sr2-ex2-w-sm-pepperlfuchs\/\"]}]},{\"@type\":\"ImageObject\",\"inLanguage\":\"fr-FR\",\"@id\":\"https:\/\/www.radper.com\/fr\/catalogues\/materiel-electrique\/isolateurs-galvaniques-de-securite-intrinseque-systeme-k\/controleur-darret-et-de-sens-de-rotation-kfd2-sr2-ex2-w-sm-pepperlfuchs\/#primaryimage\",\"url\":\"https:\/\/www.radper.com\/wp-content\/uploads\/2022\/11\/b242753a.png\",\"contentUrl\":\"https:\/\/www.radper.com\/wp-content\/uploads\/2022\/11\/b242753a.png\",\"width\":545,\"height\":600},{\"@type\":\"BreadcrumbList\",\"@id\":\"https:\/\/www.radper.com\/fr\/catalogues\/materiel-electrique\/isolateurs-galvaniques-de-securite-intrinseque-systeme-k\/controleur-darret-et-de-sens-de-rotation-kfd2-sr2-ex2-w-sm-pepperlfuchs\/#breadcrumb\",\"itemListElement\":[{\"@type\":\"ListItem\",\"position\":1,\"name\":\"Accueil\",\"item\":\"https:\/\/www.radper.com\/fr\/\"},{\"@type\":\"ListItem\",\"position\":2,\"name\":\"Catalogue\",\"item\":\"https:\/\/www.radper.com\/fr\/catalogue\/\"},{\"@type\":\"ListItem\",\"position\":3,\"name\":\"Contr\u00f4leur d&rsquo;arr\u00eat et de sens de rotation KFD2-SR2-Ex2.W.SM PEPPERL+FUCHS\"}]},{\"@type\":\"WebSite\",\"@id\":\"https:\/\/www.radper.com\/fr\/#website\",\"url\":\"https:\/\/www.radper.com\/fr\/\",\"name\":\"Radper\",\"description\":\"\",\"publisher\":{\"@id\":\"https:\/\/www.radper.com\/fr\/#organization\"},\"potentialAction\":[{\"@type\":\"SearchAction\",\"target\":{\"@type\":\"EntryPoint\",\"urlTemplate\":\"https:\/\/www.radper.com\/fr\/?s={search_term_string}\"},\"query-input\":{\"@type\":\"PropertyValueSpecification\",\"valueRequired\":true,\"valueName\":\"search_term_string\"}}],\"inLanguage\":\"fr-FR\"},{\"@type\":\"Organization\",\"@id\":\"https:\/\/www.radper.com\/fr\/#organization\",\"name\":\"radper\",\"url\":\"https:\/\/www.radper.com\/fr\/\",\"logo\":{\"@type\":\"ImageObject\",\"inLanguage\":\"fr-FR\",\"@id\":\"https:\/\/www.radper.com\/fr\/#\/schema\/logo\/image\/\",\"url\":\"https:\/\/radper.com\/wp-content\/uploads\/2021\/04\/logo-wide-11.png\",\"contentUrl\":\"https:\/\/radper.com\/wp-content\/uploads\/2021\/04\/logo-wide-11.png\",\"width\":250,\"height\":110,\"caption\":\"radper\"},\"image\":{\"@id\":\"https:\/\/www.radper.com\/fr\/#\/schema\/logo\/image\/\"}}]}<\/script>\n<!-- \/ Yoast SEO plugin. -->","yoast_head_json":{"title":"Contr\u00f4leur d'arr\u00eat et de sens de rotation KFD2-SR2-Ex2.W.SM PEPPERL+FUCHS - Radper","robots":{"index":"index","follow":"follow","max-snippet":"max-snippet:-1","max-image-preview":"max-image-preview:large","max-video-preview":"max-video-preview:-1"},"canonical":"https:\/\/www.radper.com\/fr\/catalogues\/materiel-electrique\/isolateurs-galvaniques-de-securite-intrinseque-systeme-k\/controleur-darret-et-de-sens-de-rotation-kfd2-sr2-ex2-w-sm-pepperlfuchs\/","og_locale":"fr_FR","og_type":"article","og_title":"Contr\u00f4leur d'arr\u00eat et de sens de rotation KFD2-SR2-Ex2.W.SM PEPPERL+FUCHS - Radper","og_description":"KFD2-SR2-Ex2.W.SM","og_url":"https:\/\/www.radper.com\/fr\/catalogues\/materiel-electrique\/isolateurs-galvaniques-de-securite-intrinseque-systeme-k\/controleur-darret-et-de-sens-de-rotation-kfd2-sr2-ex2-w-sm-pepperlfuchs\/","og_site_name":"Radper","article_modified_time":"2026-04-15T04:04:05+00:00","og_image":[{"width":545,"height":600,"url":"https:\/\/www.radper.com\/wp-content\/uploads\/2022\/11\/b242753a.png","type":"image\/png"}],"twitter_card":"summary_large_image","schema":{"@context":"https:\/\/schema.org","@graph":[{"@type":"WebPage","@id":"https:\/\/www.radper.com\/fr\/catalogues\/materiel-electrique\/isolateurs-galvaniques-de-securite-intrinseque-systeme-k\/controleur-darret-et-de-sens-de-rotation-kfd2-sr2-ex2-w-sm-pepperlfuchs\/","url":"https:\/\/www.radper.com\/fr\/catalogues\/materiel-electrique\/isolateurs-galvaniques-de-securite-intrinseque-systeme-k\/controleur-darret-et-de-sens-de-rotation-kfd2-sr2-ex2-w-sm-pepperlfuchs\/","name":"Contr\u00f4leur d'arr\u00eat et de sens de rotation KFD2-SR2-Ex2.W.SM PEPPERL+FUCHS - Radper","isPartOf":{"@id":"https:\/\/www.radper.com\/fr\/#website"},"primaryImageOfPage":{"@id":"https:\/\/www.radper.com\/fr\/catalogues\/materiel-electrique\/isolateurs-galvaniques-de-securite-intrinseque-systeme-k\/controleur-darret-et-de-sens-de-rotation-kfd2-sr2-ex2-w-sm-pepperlfuchs\/#primaryimage"},"image":{"@id":"https:\/\/www.radper.com\/fr\/catalogues\/materiel-electrique\/isolateurs-galvaniques-de-securite-intrinseque-systeme-k\/controleur-darret-et-de-sens-de-rotation-kfd2-sr2-ex2-w-sm-pepperlfuchs\/#primaryimage"},"thumbnailUrl":"https:\/\/www.radper.com\/wp-content\/uploads\/2022\/11\/b242753a.png","datePublished":"2022-11-02T10:01:00+00:00","dateModified":"2026-04-15T04:04:05+00:00","breadcrumb":{"@id":"https:\/\/www.radper.com\/fr\/catalogues\/materiel-electrique\/isolateurs-galvaniques-de-securite-intrinseque-systeme-k\/controleur-darret-et-de-sens-de-rotation-kfd2-sr2-ex2-w-sm-pepperlfuchs\/#breadcrumb"},"inLanguage":"fr-FR","potentialAction":[{"@type":"ReadAction","target":["https:\/\/www.radper.com\/fr\/catalogues\/materiel-electrique\/isolateurs-galvaniques-de-securite-intrinseque-systeme-k\/controleur-darret-et-de-sens-de-rotation-kfd2-sr2-ex2-w-sm-pepperlfuchs\/"]}]},{"@type":"ImageObject","inLanguage":"fr-FR","@id":"https:\/\/www.radper.com\/fr\/catalogues\/materiel-electrique\/isolateurs-galvaniques-de-securite-intrinseque-systeme-k\/controleur-darret-et-de-sens-de-rotation-kfd2-sr2-ex2-w-sm-pepperlfuchs\/#primaryimage","url":"https:\/\/www.radper.com\/wp-content\/uploads\/2022\/11\/b242753a.png","contentUrl":"https:\/\/www.radper.com\/wp-content\/uploads\/2022\/11\/b242753a.png","width":545,"height":600},{"@type":"BreadcrumbList","@id":"https:\/\/www.radper.com\/fr\/catalogues\/materiel-electrique\/isolateurs-galvaniques-de-securite-intrinseque-systeme-k\/controleur-darret-et-de-sens-de-rotation-kfd2-sr2-ex2-w-sm-pepperlfuchs\/#breadcrumb","itemListElement":[{"@type":"ListItem","position":1,"name":"Accueil","item":"https:\/\/www.radper.com\/fr\/"},{"@type":"ListItem","position":2,"name":"Catalogue","item":"https:\/\/www.radper.com\/fr\/catalogue\/"},{"@type":"ListItem","position":3,"name":"Contr\u00f4leur d&rsquo;arr\u00eat et de sens de rotation KFD2-SR2-Ex2.W.SM PEPPERL+FUCHS"}]},{"@type":"WebSite","@id":"https:\/\/www.radper.com\/fr\/#website","url":"https:\/\/www.radper.com\/fr\/","name":"Radper","description":"","publisher":{"@id":"https:\/\/www.radper.com\/fr\/#organization"},"potentialAction":[{"@type":"SearchAction","target":{"@type":"EntryPoint","urlTemplate":"https:\/\/www.radper.com\/fr\/?s={search_term_string}"},"query-input":{"@type":"PropertyValueSpecification","valueRequired":true,"valueName":"search_term_string"}}],"inLanguage":"fr-FR"},{"@type":"Organization","@id":"https:\/\/www.radper.com\/fr\/#organization","name":"radper","url":"https:\/\/www.radper.com\/fr\/","logo":{"@type":"ImageObject","inLanguage":"fr-FR","@id":"https:\/\/www.radper.com\/fr\/#\/schema\/logo\/image\/","url":"https:\/\/radper.com\/wp-content\/uploads\/2021\/04\/logo-wide-11.png","contentUrl":"https:\/\/radper.com\/wp-content\/uploads\/2021\/04\/logo-wide-11.png","width":250,"height":110,"caption":"radper"},"image":{"@id":"https:\/\/www.radper.com\/fr\/#\/schema\/logo\/image\/"}}]}},"_links":{"self":[{"href":"https:\/\/www.radper.com\/fr\/wp-json\/wp\/v2\/product\/15967","targetHints":{"allow":["GET"]}}],"collection":[{"href":"https:\/\/www.radper.com\/fr\/wp-json\/wp\/v2\/product"}],"about":[{"href":"https:\/\/www.radper.com\/fr\/wp-json\/wp\/v2\/types\/product"}],"wp:featuredmedia":[{"embeddable":true,"href":"https:\/\/www.radper.com\/fr\/wp-json\/wp\/v2\/media\/15767"}],"wp:attachment":[{"href":"https:\/\/www.radper.com\/fr\/wp-json\/wp\/v2\/media?parent=15967"}],"wp:term":[{"taxonomy":"product_brand","embeddable":true,"href":"https:\/\/www.radper.com\/fr\/wp-json\/wp\/v2\/product_brand?post=15967"},{"taxonomy":"product_cat","embeddable":true,"href":"https:\/\/www.radper.com\/fr\/wp-json\/wp\/v2\/product_cat?post=15967"},{"taxonomy":"product_tag","embeddable":true,"href":"https:\/\/www.radper.com\/fr\/wp-json\/wp\/v2\/product_tag?post=15967"}],"curies":[{"name":"wp","href":"https:\/\/api.w.org\/{rel}","templated":true}]}}